{"id":70721,"date":"2025-10-02T14:12:51","date_gmt":"2025-10-02T11:12:51","guid":{"rendered":"https:\/\/kidsplay.lt\/produktas\/knyga-su-gyvunu-uodegu-audiniu-2\/"},"modified":"2026-04-07T11:27:11","modified_gmt":"2026-04-07T08:27:11","slug":"knyga-su-gyvunu-uodegu-audiniu-2","status":"publish","type":"product","link":"https:\/\/kidsplay.lt\/lv\/products\/knyga-su-gyvunu-uodegu-audiniu-2\/","title":{"rendered":"Knyga su gyv\u016bn\u0173 uodeg\u0173 audiniu"},"content":{"rendered":"<p>WOOPIE\u00a0prek\u0117s \u017eenklo\u00a0knyga su gyv\u016bn\u0173 uodegomis\u00a0, puikiai tinkanti patiems ma\u017eiausiems vaikams. \u0160iug\u017edantys ir\u00a0labai \u0161veln\u016bs\u00a0liesti puslapiai lavina k\u016bdikio poj\u016b\u010dius, atlikdami\u00a0jutimo funkcij\u0105\u00a0.\u00a0Spalvingos iliustracijos\u00a0lavina reg\u0117jim\u0105 ir suvokim\u0105. Kiekvienoje pus\u0117je ky\u0161o skirting\u0173 gyv\u016bn\u0173 uodegos, kurias gaudydamas ma\u017eylis lavina\u00a0rank\u0173 ir aki\u0173 koordinacij\u0105\u00a0. Knyga gali b\u016bti naudojama kaip\u00a0pakabukas prie ve\u017eim\u0117lio ar vaiki\u0161kos lovyt\u0117s\u00a0, tvirtinamas Velcro lipduku.<\/p>\n<p>Raksturojums:<\/p>\n<p>&#8211; \u017eaislas, skirtas vaikams\u00a0nuo gimimo<br \/>\n&#8211; spalvingos iliustracijos<br \/>\n&#8211; turi \u0161iug\u017edan\u010di\u0173 element\u0173<br \/>\n&#8211; vandeniui atspari ir lengvai valoma knyga<\/p>\n<p>\u017daislas vysto:<\/p>\n<p>&#8211; visi poj\u016b\u010diai nuo gimimo<br \/>\n&#8211; lavina reg\u0117jim\u0105 ir suvokim\u0105<br \/>\n&#8211; lavina aki\u0173-rank\u0173 koordinacij\u0105<\/p>","protected":false},"excerpt":{"rendered":"<p>Knyga su gyv\u016bn\u0173 uodeg\u0173 audiniu<\/p>","protected":false},"featured_media":56318,"template":"","meta":{"_acf_changed":false,"_glsr_average":0,"_glsr_ranking":0,"_glsr_reviews":0},"product_brand":[],"product_cat":[72,396,229],"product_tag":[],"class_list":{"0":"post-70721","1":"product","2":"type-product","3":"status-publish","4":"has-post-thumbnail","6":"product_cat-ispardavimas","7":"product_cat-kudikiu-zaislai-vaikams2","8":"product_cat-zaislai-vaikams","9":"\"style=\"background-color: #2ecc711c;\"","11":"first","12":"instock","13":"sale","14":"purchasable","15":"product-type-simple"},"acf":[],"yoast_head":"<!-- This site is optimized with the Yoast SEO plugin v27.4 - https:\/\/yoast.com\/product\/yoast-seo-wordpress\/ -->\n<title>Knyga su gyv\u016bn\u0173 uodeg\u0173 audiniu<\/title>\n<meta name=\"description\" content=\"Knyga su gyv\u016bn\u0173 uodeg\u0173 audiniu\" \/>\n<meta name=\"robots\" content=\"index, follow, max-snippet:-1, max-image-preview:large, max-video-preview:-1\" \/>\n<link rel=\"canonical\" href=\"https:\/\/kidsplay.lt\/lv\/products\/knyga-su-gyvunu-uodegu-audiniu-2\/\" \/>\n<meta property=\"og:locale\" content=\"lv_LV\" \/>\n<meta property=\"og:type\" content=\"article\" \/>\n<meta property=\"og:title\" content=\"Knyga su gyv\u016bn\u0173 uodeg\u0173 audiniu\" \/>\n<meta property=\"og:description\" content=\"Knyga su gyv\u016bn\u0173 uodeg\u0173 audiniu\" \/>\n<meta property=\"og:url\" content=\"https:\/\/kidsplay.lt\/lv\/products\/knyga-su-gyvunu-uodegu-audiniu-2\/\" \/>\n<meta property=\"og:site_name\" content=\"KidsPlay\" \/>\n<meta property=\"article:publisher\" content=\"https:\/\/www.facebook.com\/www.kidsplay.lt\" \/>\n<meta property=\"article:modified_time\" content=\"2026-04-07T08:27:11+00:00\" \/>\n<meta property=\"og:image\" content=\"https:\/\/kidsplay.lt\/wp-content\/uploads\/2024\/09\/Knyga-su-gyvunu-uodegu-audiniu-800x800.jpg\" \/>\n\t<meta property=\"og:image:width\" content=\"800\" \/>\n\t<meta property=\"og:image:height\" content=\"800\" \/>\n\t<meta property=\"og:image:type\" content=\"image\/png\" \/>\n<meta name=\"twitter:card\" content=\"summary_large_image\" \/>\n<meta name=\"twitter:label1\" content=\"Est. reading time\" \/>\n\t<meta name=\"twitter:data1\" content=\"1 min\u016bte\" \/>\n<script type=\"application\/ld+json\" class=\"yoast-schema-graph\">{\"@context\":\"https:\\\/\\\/schema.org\",\"@graph\":[{\"@type\":\"WebPage\",\"@id\":\"https:\\\/\\\/kidsplay.lt\\\/produktas\\\/knyga-su-gyvunu-uodegu-audiniu-2\\\/\",\"url\":\"https:\\\/\\\/kidsplay.lt\\\/produktas\\\/knyga-su-gyvunu-uodegu-audiniu-2\\\/\",\"name\":\"Knyga su gyv\u016bn\u0173 uodeg\u0173 audiniu\",\"isPartOf\":{\"@id\":\"https:\\\/\\\/kidsplay.lt\\\/#website\"},\"primaryImageOfPage\":{\"@id\":\"https:\\\/\\\/kidsplay.lt\\\/produktas\\\/knyga-su-gyvunu-uodegu-audiniu-2\\\/#primaryimage\"},\"image\":{\"@id\":\"https:\\\/\\\/kidsplay.lt\\\/produktas\\\/knyga-su-gyvunu-uodegu-audiniu-2\\\/#primaryimage\"},\"thumbnailUrl\":\"https:\\\/\\\/kidsplay.lt\\\/wp-content\\\/uploads\\\/2024\\\/09\\\/Knyga-su-gyvunu-uodegu-audiniu.jpg\",\"datePublished\":\"2025-10-02T11:12:51+00:00\",\"dateModified\":\"2026-04-07T08:27:11+00:00\",\"description\":\"Knyga su gyv\u016bn\u0173 uodeg\u0173 audiniu\",\"breadcrumb\":{\"@id\":\"https:\\\/\\\/kidsplay.lt\\\/produktas\\\/knyga-su-gyvunu-uodegu-audiniu-2\\\/#breadcrumb\"},\"inLanguage\":\"lv-LV\",\"potentialAction\":[{\"@type\":\"ReadAction\",\"target\":[\"https:\\\/\\\/kidsplay.lt\\\/produktas\\\/knyga-su-gyvunu-uodegu-audiniu-2\\\/\"]}]},{\"@type\":\"ImageObject\",\"inLanguage\":\"lv-LV\",\"@id\":\"https:\\\/\\\/kidsplay.lt\\\/produktas\\\/knyga-su-gyvunu-uodegu-audiniu-2\\\/#primaryimage\",\"url\":\"https:\\\/\\\/kidsplay.lt\\\/wp-content\\\/uploads\\\/2024\\\/09\\\/Knyga-su-gyvunu-uodegu-audiniu.jpg\",\"contentUrl\":\"https:\\\/\\\/kidsplay.lt\\\/wp-content\\\/uploads\\\/2024\\\/09\\\/Knyga-su-gyvunu-uodegu-audiniu.jpg\",\"width\":2560,\"height\":2560,\"caption\":\"Knyga su gyv\u016bn\u0173 uodeg\u0173 audiniu\"},{\"@type\":\"BreadcrumbList\",\"@id\":\"https:\\\/\\\/kidsplay.lt\\\/produktas\\\/knyga-su-gyvunu-uodegu-audiniu-2\\\/#breadcrumb\",\"itemListElement\":[{\"@type\":\"ListItem\",\"position\":1,\"name\":\"Pagrindinis\",\"item\":\"https:\\\/\\\/kidsplay.lt\\\/\"},{\"@type\":\"ListItem\",\"position\":2,\"name\":\"Parduotuv\u0117\",\"item\":\"https:\\\/\\\/kidsplay.lt\\\/parduotuve\\\/\"},{\"@type\":\"ListItem\",\"position\":3,\"name\":\"Knyga su gyv\u016bn\u0173 uodeg\u0173 audiniu\"}]},{\"@type\":\"WebSite\",\"@id\":\"https:\\\/\\\/kidsplay.lt\\\/#website\",\"url\":\"https:\\\/\\\/kidsplay.lt\\\/\",\"name\":\"Kidsplay.lt\",\"description\":\"\u012evairios prek\u0117s vaikams\",\"publisher\":{\"@id\":\"https:\\\/\\\/kidsplay.lt\\\/#organization\"},\"alternateName\":\"Kidsplay\",\"potentialAction\":[{\"@type\":\"SearchAction\",\"target\":{\"@type\":\"EntryPoint\",\"urlTemplate\":\"https:\\\/\\\/kidsplay.lt\\\/?s={search_term_string}\"},\"query-input\":{\"@type\":\"PropertyValueSpecification\",\"valueRequired\":true,\"valueName\":\"search_term_string\"}}],\"inLanguage\":\"lv-LV\"},{\"@type\":\"Organization\",\"@id\":\"https:\\\/\\\/kidsplay.lt\\\/#organization\",\"name\":\"KidsPlay\",\"url\":\"https:\\\/\\\/kidsplay.lt\\\/\",\"logo\":{\"@type\":\"ImageObject\",\"inLanguage\":\"lv-LV\",\"@id\":\"https:\\\/\\\/kidsplay.lt\\\/#\\\/schema\\\/logo\\\/image\\\/\",\"url\":\"https:\\\/\\\/kidsplay.lt\\\/wp-content\\\/uploads\\\/2023\\\/07\\\/kidsplay-logo.png\",\"contentUrl\":\"https:\\\/\\\/kidsplay.lt\\\/wp-content\\\/uploads\\\/2023\\\/07\\\/kidsplay-logo.png\",\"width\":451,\"height\":98,\"caption\":\"KidsPlay\"},\"image\":{\"@id\":\"https:\\\/\\\/kidsplay.lt\\\/#\\\/schema\\\/logo\\\/image\\\/\"},\"sameAs\":[\"https:\\\/\\\/www.facebook.com\\\/www.kidsplay.lt\"]}]}<\/script>\n<!-- \/ Yoast SEO plugin. -->","yoast_head_json":{"title":"Knyga su gyv\u016bn\u0173 uodeg\u0173 audiniu","description":"Knyga su gyv\u016bn\u0173 uodeg\u0173 audiniu","robots":{"index":"index","follow":"follow","max-snippet":"max-snippet:-1","max-image-preview":"max-image-preview:large","max-video-preview":"max-video-preview:-1"},"canonical":"https:\/\/kidsplay.lt\/lv\/products\/knyga-su-gyvunu-uodegu-audiniu-2\/","og_locale":"lv_LV","og_type":"article","og_title":"Knyga su gyv\u016bn\u0173 uodeg\u0173 audiniu","og_description":"Knyga su gyv\u016bn\u0173 uodeg\u0173 audiniu","og_url":"https:\/\/kidsplay.lt\/lv\/products\/knyga-su-gyvunu-uodegu-audiniu-2\/","og_site_name":"KidsPlay","article_publisher":"https:\/\/www.facebook.com\/www.kidsplay.lt","article_modified_time":"2026-04-07T08:27:11+00:00","og_image":[{"width":800,"height":800,"url":"https:\/\/kidsplay.lt\/wp-content\/uploads\/2024\/09\/Knyga-su-gyvunu-uodegu-audiniu-800x800.jpg","type":"image\/png"}],"twitter_card":"summary_large_image","twitter_misc":{"Est. reading time":"1 min\u016bte"},"schema":{"@context":"https:\/\/schema.org","@graph":[{"@type":"WebPage","@id":"https:\/\/kidsplay.lt\/produktas\/knyga-su-gyvunu-uodegu-audiniu-2\/","url":"https:\/\/kidsplay.lt\/produktas\/knyga-su-gyvunu-uodegu-audiniu-2\/","name":"Knyga su gyv\u016bn\u0173 uodeg\u0173 audiniu","isPartOf":{"@id":"https:\/\/kidsplay.lt\/#website"},"primaryImageOfPage":{"@id":"https:\/\/kidsplay.lt\/produktas\/knyga-su-gyvunu-uodegu-audiniu-2\/#primaryimage"},"image":{"@id":"https:\/\/kidsplay.lt\/produktas\/knyga-su-gyvunu-uodegu-audiniu-2\/#primaryimage"},"thumbnailUrl":"https:\/\/kidsplay.lt\/wp-content\/uploads\/2024\/09\/Knyga-su-gyvunu-uodegu-audiniu.jpg","datePublished":"2025-10-02T11:12:51+00:00","dateModified":"2026-04-07T08:27:11+00:00","description":"Knyga su gyv\u016bn\u0173 uodeg\u0173 audiniu","breadcrumb":{"@id":"https:\/\/kidsplay.lt\/produktas\/knyga-su-gyvunu-uodegu-audiniu-2\/#breadcrumb"},"inLanguage":"lv-LV","potentialAction":[{"@type":"ReadAction","target":["https:\/\/kidsplay.lt\/produktas\/knyga-su-gyvunu-uodegu-audiniu-2\/"]}]},{"@type":"ImageObject","inLanguage":"lv-LV","@id":"https:\/\/kidsplay.lt\/produktas\/knyga-su-gyvunu-uodegu-audiniu-2\/#primaryimage","url":"https:\/\/kidsplay.lt\/wp-content\/uploads\/2024\/09\/Knyga-su-gyvunu-uodegu-audiniu.jpg","contentUrl":"https:\/\/kidsplay.lt\/wp-content\/uploads\/2024\/09\/Knyga-su-gyvunu-uodegu-audiniu.jpg","width":2560,"height":2560,"caption":"Knyga su gyv\u016bn\u0173 uodeg\u0173 audiniu"},{"@type":"BreadcrumbList","@id":"https:\/\/kidsplay.lt\/produktas\/knyga-su-gyvunu-uodegu-audiniu-2\/#breadcrumb","itemListElement":[{"@type":"ListItem","position":1,"name":"Pagrindinis","item":"https:\/\/kidsplay.lt\/"},{"@type":"ListItem","position":2,"name":"Parduotuv\u0117","item":"https:\/\/kidsplay.lt\/parduotuve\/"},{"@type":"ListItem","position":3,"name":"Knyga su gyv\u016bn\u0173 uodeg\u0173 audiniu"}]},{"@type":"WebSite","@id":"https:\/\/kidsplay.lt\/#website","url":"https:\/\/kidsplay.lt\/","name":"B\u0113rnu sp\u0113les.lv","description":"\u012evairios prek\u0117s vaikams","publisher":{"@id":"https:\/\/kidsplay.lt\/#organization"},"alternateName":"Kidsplay","potentialAction":[{"@type":"SearchAction","target":{"@type":"EntryPoint","urlTemplate":"https:\/\/kidsplay.lt\/?s={search_term_string}"},"query-input":{"@type":"PropertyValueSpecification","valueRequired":true,"valueName":"search_term_string"}}],"inLanguage":"lv-LV"},{"@type":"Organization","@id":"https:\/\/kidsplay.lt\/#organization","name":"B\u0113rnu sp\u0113le","url":"https:\/\/kidsplay.lt\/","logo":{"@type":"ImageObject","inLanguage":"lv-LV","@id":"https:\/\/kidsplay.lt\/#\/schema\/logo\/image\/","url":"https:\/\/kidsplay.lt\/wp-content\/uploads\/2023\/07\/kidsplay-logo.png","contentUrl":"https:\/\/kidsplay.lt\/wp-content\/uploads\/2023\/07\/kidsplay-logo.png","width":451,"height":98,"caption":"KidsPlay"},"image":{"@id":"https:\/\/kidsplay.lt\/#\/schema\/logo\/image\/"},"sameAs":["https:\/\/www.facebook.com\/www.kidsplay.lt"]}]}},"_links":{"self":[{"href":"https:\/\/kidsplay.lt\/lv\/wp-json\/wp\/v2\/product\/70721","targetHints":{"allow":["GET"]}}],"collection":[{"href":"https:\/\/kidsplay.lt\/lv\/wp-json\/wp\/v2\/product"}],"about":[{"href":"https:\/\/kidsplay.lt\/lv\/wp-json\/wp\/v2\/types\/product"}],"version-history":[{"count":3,"href":"https:\/\/kidsplay.lt\/lv\/wp-json\/wp\/v2\/product\/70721\/revisions"}],"predecessor-version":[{"id":80688,"href":"https:\/\/kidsplay.lt\/lv\/wp-json\/wp\/v2\/product\/70721\/revisions\/80688"}],"wp:featuredmedia":[{"embeddable":true,"href":"https:\/\/kidsplay.lt\/lv\/wp-json\/wp\/v2\/media\/56318"}],"wp:attachment":[{"href":"https:\/\/kidsplay.lt\/lv\/wp-json\/wp\/v2\/media?parent=70721"}],"wp:term":[{"taxonomy":"product_brand","embeddable":true,"href":"https:\/\/kidsplay.lt\/lv\/wp-json\/wp\/v2\/product_brand?post=70721"},{"taxonomy":"product_cat","embeddable":true,"href":"https:\/\/kidsplay.lt\/lv\/wp-json\/wp\/v2\/product_cat?post=70721"},{"taxonomy":"product_tag","embeddable":true,"href":"https:\/\/kidsplay.lt\/lv\/wp-json\/wp\/v2\/product_tag?post=70721"}],"curies":[{"name":"wp","href":"https:\/\/api.w.org\/{rel}","templated":true}]}}