{"id":70863,"date":"2025-10-02T14:19:04","date_gmt":"2025-10-02T11:19:04","guid":{"rendered":"https:\/\/kidsplay.lt\/produktas\/vaziuojamasis-traktorius-su-priekaba-ir-kausu\/"},"modified":"2026-04-13T14:18:27","modified_gmt":"2026-04-13T11:18:27","slug":"vaziuojamasis-traktorius-su-priekaba-ir-kausu","status":"publish","type":"product","link":"https:\/\/kidsplay.lt\/lv\/products\/vaziuojamasis-traktorius-su-priekaba-ir-kausu\/","title":{"rendered":"Ejo\u0161s traktors ar piekabi un kausu"},"content":{"rendered":"<p>Je\u017adzik klas\u0117s traktorius\u00a0su\u00a0Falk\u00a0priekaba yra daugelio ma\u017e\u0173j\u0173 traktorinink\u0173 svajon\u0117s i\u0161sipildymas. Pagaminta kruop\u0161\u010diai, atkreipiant d\u0117mes\u012f \u012f smulkiausias detales. Joks tikras \u016bkininkas tokio dalyko nepaniekint\u0173. CLAAS\u00a0traktorius\u00a0su kau\u0161u ir priekaba\u00a0pagamintas i\u0161 auk\u0161\u010diausios kokyb\u0117s med\u017eiag\u0173. Transporto priemon\u0117 skirta vaikams nuo 12 m\u0117nesi\u0173 am\u017eiaus. Transporto priemon\u0117je sumontuota\u00a0nuimama priekaba\u00a0su skydais ir\u00a0vairas su garso signalu\u00a0.<\/p>\n<p>Raksturojums:<\/p>\n<p> \t&#8211;\u00a0nuo 12 m\u0117nesi\u0173\u00a0,<br \/>\n \t&#8211;\u00a0maksimali apkrova 25 kg,<br \/>\n \t\u2013 ska\u0146as sign\u0101ls uz st\u016bres,<br \/>\n \t&#8211; nuimama\u00a0priekaba<br \/>\n \t&#8211; kilnojamas \u0161auk\u0161tas<br \/>\n \t&#8211;\u00a0valdoma priekin\u0117 a\u0161is,<br \/>\n \t\u2013 rite\u0146i ir izgatavoti no augstas kvalit\u0101tes plastmasas,<br \/>\n \t&#8211;\u00a0stabilus ir saugus,<br \/>\n \t\u2013 produkts da\u013c\u0113jai mont\u0101\u017eai.<\/p>","protected":false},"excerpt":{"rendered":"<p>Ejo\u0161s traktors ar piekabi un kausu<\/p>","protected":false},"featured_media":56679,"template":"","meta":{"_acf_changed":false,"_glsr_average":0,"_glsr_ranking":0,"_glsr_reviews":0},"product_brand":[],"product_cat":[237,238],"product_tag":[],"class_list":{"0":"post-70863","1":"product","2":"type-product","3":"status-publish","4":"has-post-thumbnail","6":"product_cat-judejimo-priemones","7":"product_cat-stumdomos-masineles","8":"\"style=\"background-color: #2ecc711c;\"","10":"first","11":"instock","12":"purchasable","13":"product-type-simple"},"acf":[],"yoast_head":"<!-- This site is optimized with the Yoast SEO plugin v27.4 - https:\/\/yoast.com\/product\/yoast-seo-wordpress\/ -->\n<title>Va\u017eiuojamasis traktorius su priekaba ir kau\u0161u<\/title>\n<meta name=\"description\" content=\"Va\u017eiuojamasis traktorius su priekaba ir kau\u0161u\" \/>\n<meta name=\"robots\" content=\"index, follow, max-snippet:-1, max-image-preview:large, max-video-preview:-1\" \/>\n<link rel=\"canonical\" href=\"https:\/\/kidsplay.lt\/lv\/products\/vaziuojamasis-traktorius-su-priekaba-ir-kausu\/\" \/>\n<meta property=\"og:locale\" content=\"lv_LV\" \/>\n<meta property=\"og:type\" content=\"article\" \/>\n<meta property=\"og:title\" content=\"Va\u017eiuojamasis traktorius su priekaba ir kau\u0161u\" \/>\n<meta property=\"og:description\" content=\"Va\u017eiuojamasis traktorius su priekaba ir kau\u0161u\" \/>\n<meta property=\"og:url\" content=\"https:\/\/kidsplay.lt\/lv\/products\/vaziuojamasis-traktorius-su-priekaba-ir-kausu\/\" \/>\n<meta property=\"og:site_name\" content=\"KidsPlay\" \/>\n<meta property=\"article:publisher\" content=\"https:\/\/www.facebook.com\/www.kidsplay.lt\" \/>\n<meta property=\"article:modified_time\" content=\"2026-04-13T11:18:27+00:00\" \/>\n<meta property=\"og:image\" content=\"https:\/\/kidsplay.lt\/wp-content\/uploads\/2024\/09\/Vaziuojamasis-traktorius-su-priekaba-ir-kausu.jpg\" \/>\n\t<meta property=\"og:image:width\" content=\"1000\" \/>\n\t<meta property=\"og:image:height\" content=\"1000\" \/>\n\t<meta property=\"og:image:type\" content=\"image\/jpeg\" \/>\n<meta name=\"twitter:card\" content=\"summary_large_image\" \/>\n<meta name=\"twitter:label1\" content=\"Est. reading time\" \/>\n\t<meta name=\"twitter:data1\" content=\"1 min\u016bte\" \/>\n<script type=\"application\/ld+json\" class=\"yoast-schema-graph\">{\"@context\":\"https:\\\/\\\/schema.org\",\"@graph\":[{\"@type\":\"WebPage\",\"@id\":\"https:\\\/\\\/kidsplay.lt\\\/produktas\\\/vaziuojamasis-traktorius-su-priekaba-ir-kausu\\\/\",\"url\":\"https:\\\/\\\/kidsplay.lt\\\/produktas\\\/vaziuojamasis-traktorius-su-priekaba-ir-kausu\\\/\",\"name\":\"Va\u017eiuojamasis traktorius su priekaba ir kau\u0161u\",\"isPartOf\":{\"@id\":\"https:\\\/\\\/kidsplay.lt\\\/#website\"},\"primaryImageOfPage\":{\"@id\":\"https:\\\/\\\/kidsplay.lt\\\/produktas\\\/vaziuojamasis-traktorius-su-priekaba-ir-kausu\\\/#primaryimage\"},\"image\":{\"@id\":\"https:\\\/\\\/kidsplay.lt\\\/produktas\\\/vaziuojamasis-traktorius-su-priekaba-ir-kausu\\\/#primaryimage\"},\"thumbnailUrl\":\"https:\\\/\\\/kidsplay.lt\\\/wp-content\\\/uploads\\\/2024\\\/09\\\/Vaziuojamasis-traktorius-su-priekaba-ir-kausu.jpg\",\"datePublished\":\"2025-10-02T11:19:04+00:00\",\"dateModified\":\"2026-04-13T11:18:27+00:00\",\"description\":\"Va\u017eiuojamasis traktorius su priekaba ir kau\u0161u\",\"breadcrumb\":{\"@id\":\"https:\\\/\\\/kidsplay.lt\\\/produktas\\\/vaziuojamasis-traktorius-su-priekaba-ir-kausu\\\/#breadcrumb\"},\"inLanguage\":\"lv-LV\",\"potentialAction\":[{\"@type\":\"ReadAction\",\"target\":[\"https:\\\/\\\/kidsplay.lt\\\/produktas\\\/vaziuojamasis-traktorius-su-priekaba-ir-kausu\\\/\"]}]},{\"@type\":\"ImageObject\",\"inLanguage\":\"lv-LV\",\"@id\":\"https:\\\/\\\/kidsplay.lt\\\/produktas\\\/vaziuojamasis-traktorius-su-priekaba-ir-kausu\\\/#primaryimage\",\"url\":\"https:\\\/\\\/kidsplay.lt\\\/wp-content\\\/uploads\\\/2024\\\/09\\\/Vaziuojamasis-traktorius-su-priekaba-ir-kausu.jpg\",\"contentUrl\":\"https:\\\/\\\/kidsplay.lt\\\/wp-content\\\/uploads\\\/2024\\\/09\\\/Vaziuojamasis-traktorius-su-priekaba-ir-kausu.jpg\",\"width\":1000,\"height\":1000,\"caption\":\"Va\u017eiuojamasis traktorius su priekaba ir kau\u0161u\"},{\"@type\":\"BreadcrumbList\",\"@id\":\"https:\\\/\\\/kidsplay.lt\\\/produktas\\\/vaziuojamasis-traktorius-su-priekaba-ir-kausu\\\/#breadcrumb\",\"itemListElement\":[{\"@type\":\"ListItem\",\"position\":1,\"name\":\"Pagrindinis\",\"item\":\"https:\\\/\\\/kidsplay.lt\\\/\"},{\"@type\":\"ListItem\",\"position\":2,\"name\":\"Parduotuv\u0117\",\"item\":\"https:\\\/\\\/kidsplay.lt\\\/parduotuve\\\/\"},{\"@type\":\"ListItem\",\"position\":3,\"name\":\"Va\u017eiuojamasis traktorius su priekaba ir kau\u0161u\"}]},{\"@type\":\"WebSite\",\"@id\":\"https:\\\/\\\/kidsplay.lt\\\/#website\",\"url\":\"https:\\\/\\\/kidsplay.lt\\\/\",\"name\":\"Kidsplay.lt\",\"description\":\"\u012evairios prek\u0117s vaikams\",\"publisher\":{\"@id\":\"https:\\\/\\\/kidsplay.lt\\\/#organization\"},\"alternateName\":\"Kidsplay\",\"potentialAction\":[{\"@type\":\"SearchAction\",\"target\":{\"@type\":\"EntryPoint\",\"urlTemplate\":\"https:\\\/\\\/kidsplay.lt\\\/?s={search_term_string}\"},\"query-input\":{\"@type\":\"PropertyValueSpecification\",\"valueRequired\":true,\"valueName\":\"search_term_string\"}}],\"inLanguage\":\"lv-LV\"},{\"@type\":\"Organization\",\"@id\":\"https:\\\/\\\/kidsplay.lt\\\/#organization\",\"name\":\"KidsPlay\",\"url\":\"https:\\\/\\\/kidsplay.lt\\\/\",\"logo\":{\"@type\":\"ImageObject\",\"inLanguage\":\"lv-LV\",\"@id\":\"https:\\\/\\\/kidsplay.lt\\\/#\\\/schema\\\/logo\\\/image\\\/\",\"url\":\"https:\\\/\\\/kidsplay.lt\\\/wp-content\\\/uploads\\\/2023\\\/07\\\/kidsplay-logo.png\",\"contentUrl\":\"https:\\\/\\\/kidsplay.lt\\\/wp-content\\\/uploads\\\/2023\\\/07\\\/kidsplay-logo.png\",\"width\":451,\"height\":98,\"caption\":\"KidsPlay\"},\"image\":{\"@id\":\"https:\\\/\\\/kidsplay.lt\\\/#\\\/schema\\\/logo\\\/image\\\/\"},\"sameAs\":[\"https:\\\/\\\/www.facebook.com\\\/www.kidsplay.lt\"]}]}<\/script>\n<!-- \/ Yoast SEO plugin. -->","yoast_head_json":{"title":"Ejo\u0161s traktors ar piekabi un kausu","description":"Ejo\u0161s traktors ar piekabi un kausu","robots":{"index":"index","follow":"follow","max-snippet":"max-snippet:-1","max-image-preview":"max-image-preview:large","max-video-preview":"max-video-preview:-1"},"canonical":"https:\/\/kidsplay.lt\/lv\/products\/vaziuojamasis-traktorius-su-priekaba-ir-kausu\/","og_locale":"lv_LV","og_type":"article","og_title":"Va\u017eiuojamasis traktorius su priekaba ir kau\u0161u","og_description":"Va\u017eiuojamasis traktorius su priekaba ir kau\u0161u","og_url":"https:\/\/kidsplay.lt\/lv\/products\/vaziuojamasis-traktorius-su-priekaba-ir-kausu\/","og_site_name":"KidsPlay","article_publisher":"https:\/\/www.facebook.com\/www.kidsplay.lt","article_modified_time":"2026-04-13T11:18:27+00:00","og_image":[{"width":1000,"height":1000,"url":"https:\/\/kidsplay.lt\/wp-content\/uploads\/2024\/09\/Vaziuojamasis-traktorius-su-priekaba-ir-kausu.jpg","type":"image\/jpeg"}],"twitter_card":"summary_large_image","twitter_misc":{"Est. reading time":"1 min\u016bte"},"schema":{"@context":"https:\/\/schema.org","@graph":[{"@type":"WebPage","@id":"https:\/\/kidsplay.lt\/produktas\/vaziuojamasis-traktorius-su-priekaba-ir-kausu\/","url":"https:\/\/kidsplay.lt\/produktas\/vaziuojamasis-traktorius-su-priekaba-ir-kausu\/","name":"Ejo\u0161s traktors ar piekabi un kausu","isPartOf":{"@id":"https:\/\/kidsplay.lt\/#website"},"primaryImageOfPage":{"@id":"https:\/\/kidsplay.lt\/produktas\/vaziuojamasis-traktorius-su-priekaba-ir-kausu\/#primaryimage"},"image":{"@id":"https:\/\/kidsplay.lt\/produktas\/vaziuojamasis-traktorius-su-priekaba-ir-kausu\/#primaryimage"},"thumbnailUrl":"https:\/\/kidsplay.lt\/wp-content\/uploads\/2024\/09\/Vaziuojamasis-traktorius-su-priekaba-ir-kausu.jpg","datePublished":"2025-10-02T11:19:04+00:00","dateModified":"2026-04-13T11:18:27+00:00","description":"Ejo\u0161s traktors ar piekabi un kausu","breadcrumb":{"@id":"https:\/\/kidsplay.lt\/produktas\/vaziuojamasis-traktorius-su-priekaba-ir-kausu\/#breadcrumb"},"inLanguage":"lv-LV","potentialAction":[{"@type":"ReadAction","target":["https:\/\/kidsplay.lt\/produktas\/vaziuojamasis-traktorius-su-priekaba-ir-kausu\/"]}]},{"@type":"ImageObject","inLanguage":"lv-LV","@id":"https:\/\/kidsplay.lt\/produktas\/vaziuojamasis-traktorius-su-priekaba-ir-kausu\/#primaryimage","url":"https:\/\/kidsplay.lt\/wp-content\/uploads\/2024\/09\/Vaziuojamasis-traktorius-su-priekaba-ir-kausu.jpg","contentUrl":"https:\/\/kidsplay.lt\/wp-content\/uploads\/2024\/09\/Vaziuojamasis-traktorius-su-priekaba-ir-kausu.jpg","width":1000,"height":1000,"caption":"Va\u017eiuojamasis traktorius su priekaba ir kau\u0161u"},{"@type":"BreadcrumbList","@id":"https:\/\/kidsplay.lt\/produktas\/vaziuojamasis-traktorius-su-priekaba-ir-kausu\/#breadcrumb","itemListElement":[{"@type":"ListItem","position":1,"name":"Pagrindinis","item":"https:\/\/kidsplay.lt\/"},{"@type":"ListItem","position":2,"name":"Parduotuv\u0117","item":"https:\/\/kidsplay.lt\/parduotuve\/"},{"@type":"ListItem","position":3,"name":"Va\u017eiuojamasis traktorius su priekaba ir kau\u0161u"}]},{"@type":"WebSite","@id":"https:\/\/kidsplay.lt\/#website","url":"https:\/\/kidsplay.lt\/","name":"B\u0113rnu sp\u0113les.lv","description":"\u012evairios prek\u0117s vaikams","publisher":{"@id":"https:\/\/kidsplay.lt\/#organization"},"alternateName":"Kidsplay","potentialAction":[{"@type":"SearchAction","target":{"@type":"EntryPoint","urlTemplate":"https:\/\/kidsplay.lt\/?s={search_term_string}"},"query-input":{"@type":"PropertyValueSpecification","valueRequired":true,"valueName":"search_term_string"}}],"inLanguage":"lv-LV"},{"@type":"Organization","@id":"https:\/\/kidsplay.lt\/#organization","name":"B\u0113rnu sp\u0113le","url":"https:\/\/kidsplay.lt\/","logo":{"@type":"ImageObject","inLanguage":"lv-LV","@id":"https:\/\/kidsplay.lt\/#\/schema\/logo\/image\/","url":"https:\/\/kidsplay.lt\/wp-content\/uploads\/2023\/07\/kidsplay-logo.png","contentUrl":"https:\/\/kidsplay.lt\/wp-content\/uploads\/2023\/07\/kidsplay-logo.png","width":451,"height":98,"caption":"KidsPlay"},"image":{"@id":"https:\/\/kidsplay.lt\/#\/schema\/logo\/image\/"},"sameAs":["https:\/\/www.facebook.com\/www.kidsplay.lt"]}]}},"_links":{"self":[{"href":"https:\/\/kidsplay.lt\/lv\/wp-json\/wp\/v2\/product\/70863","targetHints":{"allow":["GET"]}}],"collection":[{"href":"https:\/\/kidsplay.lt\/lv\/wp-json\/wp\/v2\/product"}],"about":[{"href":"https:\/\/kidsplay.lt\/lv\/wp-json\/wp\/v2\/types\/product"}],"version-history":[{"count":2,"href":"https:\/\/kidsplay.lt\/lv\/wp-json\/wp\/v2\/product\/70863\/revisions"}],"predecessor-version":[{"id":72916,"href":"https:\/\/kidsplay.lt\/lv\/wp-json\/wp\/v2\/product\/70863\/revisions\/72916"}],"wp:featuredmedia":[{"embeddable":true,"href":"https:\/\/kidsplay.lt\/lv\/wp-json\/wp\/v2\/media\/56679"}],"wp:attachment":[{"href":"https:\/\/kidsplay.lt\/lv\/wp-json\/wp\/v2\/media?parent=70863"}],"wp:term":[{"taxonomy":"product_brand","embeddable":true,"href":"https:\/\/kidsplay.lt\/lv\/wp-json\/wp\/v2\/product_brand?post=70863"},{"taxonomy":"product_cat","embeddable":true,"href":"https:\/\/kidsplay.lt\/lv\/wp-json\/wp\/v2\/product_cat?post=70863"},{"taxonomy":"product_tag","embeddable":true,"href":"https:\/\/kidsplay.lt\/lv\/wp-json\/wp\/v2\/product_tag?post=70863"}],"curies":[{"name":"wp","href":"https:\/\/api.w.org\/{rel}","templated":true}]}}