{"id":70900,"date":"2025-10-02T14:20:39","date_gmt":"2025-10-02T11:20:39","guid":{"rendered":"https:\/\/kidsplay.lt\/produktas\/dinozauru-surinkimo-rinkinys-3-vnt-statybinis-rinkinys-dezuteje-graztas-ir-atsuktuvas-2\/"},"modified":"2026-04-13T13:53:47","modified_gmt":"2026-04-13T10:53:47","slug":"dinozauru-surinkimo-rinkinys-3-vnt-statybinis-rinkinys-dezuteje-graztas-ir-atsuktuvas-2","status":"publish","type":"product","link":"https:\/\/kidsplay.lt\/lv\/products\/dinozauru-surinkimo-rinkinys-3-vnt-statybinis-rinkinys-dezuteje-graztas-ir-atsuktuvas-2\/","title":{"rendered":"Dinozaur\u0173 surinkimo rinkinys 3 vnt statybinis rinkinys d\u0117\u017eut\u0117je + gr\u0105\u017etas ir atsuktuvas"},"content":{"rendered":"<p>Garsaus prek\u0117s \u017eenklo WOOPIE\u00a0rinkinys Dinosaurs\u00a0yra puikus pasi\u016blymas\u00a0ma\u017eiesiems konstruktoriams\u00a0, nukelsiantis j\u016bs\u0173 vaik\u0105 \u012f \u017eav\u0173 prie\u0161istor\u0117s pasaul\u012f. Rinkinyje yra\u00a03 dinozaurai , kuriuos galite surinkti patys\u00a0, taip pat elementai , leid\u017eiantys surinkti \u0161iuos prie\u0161istorinius padarus naudojant prakti\u0161k\u0105 atsuktuv\u0105 arba gr\u0105\u017et\u0105 su\u00a0kei\u010diamais antgaliais\u00a0. Gr\u0105\u017etas gali suktis \u012f abi puses, tod\u0117l galima pasukti ir atsukti elementus. Po surinkimo dinozaurai turi judan\u010dias dalis: galv\u0105, uodeg\u0105 ir gal\u016bnes, o tai padidina \u017eaidimo galimybes. \u0160is rinkinys puikiai lavina vaiko rankinius \u012fg\u016bd\u017eius, tai yra \u201esmulki\u0105j\u0105 motorik\u0105\u201c. Sukimo ir lankstymo \u017eaidimas nukelia j\u016bs\u0173 ma\u017eyl\u012f \u012f ma\u017eo meistro pasaul\u012f, o dinozaur\u0173 tema, kuri\u0105 m\u0117gsta visi vaikai, daro visk\u0105 dar patrauklesn\u0119. \u0160io \u017eaislo d\u0117ka j\u016bs\u0173 vaikas lavins savo vaizduot\u0119 ir k\u016brybi\u0161kum\u0105, atras prie\u0161istor\u0117s paslaptis.<\/p>\n<p>Raksturojums:<\/p>\n<p>&#8211; \u017daislas nuo 3 met\u0173<br \/>\n&#8211; Po surinkimo dinozaurai turi judan\u010dius elementus: galv\u0105, uodeg\u0105 ir gal\u016bnes<br \/>\n&#8211; Spalvinga pakuot\u0117, puikiai tinka dovanai<br \/>\nReikalingos 2 &#8222;AAA&#8221; baterijos (\u012f komplekt\u0105 ne\u012feina)<\/p>\n<p>\u017daislas vysto:<\/p>\n<p>Rankiniai \u012fg\u016bd\u017eiai<br \/>\nK\u016brybi\u0161kumas<br \/>\nVaizduot\u0117<\/p>\n<p>Komplekt\u0101 ietilpst:<\/p>\n<p>&#8211; Elementai, skirti surinkti 3 dinozaurus<br \/>\n&#8211; Atsuktuvas<br \/>\n&#8211; Gr\u0119\u017etuvas su 2 kei\u010diamais antgaliais<br \/>\n&#8211; Sand\u0117liavimo d\u0117\u017e\u0117<\/p>","protected":false},"excerpt":{"rendered":"<p>Dinozaur\u0173 surinkimo rinkinys 3 vnt statybinis rinkinys d\u0117\u017eut\u0117je + gr\u0105\u017etas ir atsuktuvas<\/p>","protected":false},"featured_media":56801,"template":"","meta":{"_acf_changed":false,"_glsr_average":0,"_glsr_ranking":0,"_glsr_reviews":0},"product_brand":[],"product_cat":[388,72,229],"product_tag":[],"class_list":{"0":"post-70900","1":"product","2":"type-product","3":"status-publish","4":"has-post-thumbnail","6":"product_cat-edukaciniai-lavinamieji-zaislai","7":"product_cat-ispardavimas","8":"product_cat-zaislai-vaikams","9":"\"style=\"background-color: #2ecc711c;\"","11":"first","12":"instock","13":"sale","14":"purchasable","15":"product-type-simple"},"acf":[],"yoast_head":"<!-- This site is optimized with the Yoast SEO plugin v27.3 - https:\/\/yoast.com\/product\/yoast-seo-wordpress\/ -->\n<title>Dinozaur\u0173 surinkimo rinkinys 3 vnt statybinis rinkinys d\u0117\u017eut\u0117je + gr\u0105\u017etas ir atsuktuvas<\/title>\n<meta name=\"description\" content=\"Dinozaur\u0173 surinkimo rinkinys 3 vnt statybinis rinkinys d\u0117\u017eut\u0117je + gr\u0105\u017etas ir atsuktuvas\" \/>\n<meta name=\"robots\" content=\"index, follow, max-snippet:-1, max-image-preview:large, max-video-preview:-1\" \/>\n<link rel=\"canonical\" href=\"https:\/\/kidsplay.lt\/lv\/products\/dinozauru-surinkimo-rinkinys-3-vnt-statybinis-rinkinys-dezuteje-graztas-ir-atsuktuvas-2\/\" \/>\n<meta property=\"og:locale\" content=\"lv_LV\" \/>\n<meta property=\"og:type\" content=\"article\" \/>\n<meta property=\"og:title\" content=\"Dinozaur\u0173 surinkimo rinkinys 3 vnt statybinis rinkinys d\u0117\u017eut\u0117je + gr\u0105\u017etas ir atsuktuvas\" \/>\n<meta property=\"og:description\" content=\"Dinozaur\u0173 surinkimo rinkinys 3 vnt statybinis rinkinys d\u0117\u017eut\u0117je + gr\u0105\u017etas ir atsuktuvas\" \/>\n<meta property=\"og:url\" content=\"https:\/\/kidsplay.lt\/lv\/products\/dinozauru-surinkimo-rinkinys-3-vnt-statybinis-rinkinys-dezuteje-graztas-ir-atsuktuvas-2\/\" \/>\n<meta property=\"og:site_name\" content=\"KidsPlay\" \/>\n<meta property=\"article:publisher\" content=\"https:\/\/www.facebook.com\/www.kidsplay.lt\" \/>\n<meta property=\"article:modified_time\" content=\"2026-04-13T10:53:47+00:00\" \/>\n<meta property=\"og:image\" content=\"https:\/\/kidsplay.lt\/wp-content\/uploads\/2024\/09\/Dinozauru-surinkimo-rinkinys-3-vnt-statybinis-rinkinys-dezuteje-graztas-ir-atsuktuvas.jpg\" \/>\n\t<meta property=\"og:image:width\" content=\"1000\" \/>\n\t<meta property=\"og:image:height\" content=\"1000\" \/>\n\t<meta property=\"og:image:type\" content=\"image\/jpeg\" \/>\n<meta name=\"twitter:card\" content=\"summary_large_image\" \/>\n<meta name=\"twitter:label1\" content=\"Est. reading time\" \/>\n\t<meta name=\"twitter:data1\" content=\"2 min\u016btes\" \/>\n<script type=\"application\/ld+json\" class=\"yoast-schema-graph\">{\"@context\":\"https:\\\/\\\/schema.org\",\"@graph\":[{\"@type\":\"WebPage\",\"@id\":\"https:\\\/\\\/kidsplay.lt\\\/produktas\\\/dinozauru-surinkimo-rinkinys-3-vnt-statybinis-rinkinys-dezuteje-graztas-ir-atsuktuvas-2\\\/\",\"url\":\"https:\\\/\\\/kidsplay.lt\\\/produktas\\\/dinozauru-surinkimo-rinkinys-3-vnt-statybinis-rinkinys-dezuteje-graztas-ir-atsuktuvas-2\\\/\",\"name\":\"Dinozaur\u0173 surinkimo rinkinys 3 vnt statybinis rinkinys d\u0117\u017eut\u0117je + gr\u0105\u017etas ir atsuktuvas\",\"isPartOf\":{\"@id\":\"https:\\\/\\\/kidsplay.lt\\\/#website\"},\"primaryImageOfPage\":{\"@id\":\"https:\\\/\\\/kidsplay.lt\\\/produktas\\\/dinozauru-surinkimo-rinkinys-3-vnt-statybinis-rinkinys-dezuteje-graztas-ir-atsuktuvas-2\\\/#primaryimage\"},\"image\":{\"@id\":\"https:\\\/\\\/kidsplay.lt\\\/produktas\\\/dinozauru-surinkimo-rinkinys-3-vnt-statybinis-rinkinys-dezuteje-graztas-ir-atsuktuvas-2\\\/#primaryimage\"},\"thumbnailUrl\":\"https:\\\/\\\/kidsplay.lt\\\/wp-content\\\/uploads\\\/2024\\\/09\\\/Dinozauru-surinkimo-rinkinys-3-vnt-statybinis-rinkinys-dezuteje-graztas-ir-atsuktuvas.jpg\",\"datePublished\":\"2025-10-02T11:20:39+00:00\",\"dateModified\":\"2026-04-13T10:53:47+00:00\",\"description\":\"Dinozaur\u0173 surinkimo rinkinys 3 vnt statybinis rinkinys d\u0117\u017eut\u0117je + gr\u0105\u017etas ir atsuktuvas\",\"breadcrumb\":{\"@id\":\"https:\\\/\\\/kidsplay.lt\\\/produktas\\\/dinozauru-surinkimo-rinkinys-3-vnt-statybinis-rinkinys-dezuteje-graztas-ir-atsuktuvas-2\\\/#breadcrumb\"},\"inLanguage\":\"lv-LV\",\"potentialAction\":[{\"@type\":\"ReadAction\",\"target\":[\"https:\\\/\\\/kidsplay.lt\\\/produktas\\\/dinozauru-surinkimo-rinkinys-3-vnt-statybinis-rinkinys-dezuteje-graztas-ir-atsuktuvas-2\\\/\"]}]},{\"@type\":\"ImageObject\",\"inLanguage\":\"lv-LV\",\"@id\":\"https:\\\/\\\/kidsplay.lt\\\/produktas\\\/dinozauru-surinkimo-rinkinys-3-vnt-statybinis-rinkinys-dezuteje-graztas-ir-atsuktuvas-2\\\/#primaryimage\",\"url\":\"https:\\\/\\\/kidsplay.lt\\\/wp-content\\\/uploads\\\/2024\\\/09\\\/Dinozauru-surinkimo-rinkinys-3-vnt-statybinis-rinkinys-dezuteje-graztas-ir-atsuktuvas.jpg\",\"contentUrl\":\"https:\\\/\\\/kidsplay.lt\\\/wp-content\\\/uploads\\\/2024\\\/09\\\/Dinozauru-surinkimo-rinkinys-3-vnt-statybinis-rinkinys-dezuteje-graztas-ir-atsuktuvas.jpg\",\"width\":1000,\"height\":1000,\"caption\":\"Dinozaur\u0173 surinkimo rinkinys 3 vnt statybinis rinkinys d\u0117\u017eut\u0117je + gr\u0105\u017etas ir atsuktuvas\"},{\"@type\":\"BreadcrumbList\",\"@id\":\"https:\\\/\\\/kidsplay.lt\\\/produktas\\\/dinozauru-surinkimo-rinkinys-3-vnt-statybinis-rinkinys-dezuteje-graztas-ir-atsuktuvas-2\\\/#breadcrumb\",\"itemListElement\":[{\"@type\":\"ListItem\",\"position\":1,\"name\":\"Pagrindinis\",\"item\":\"https:\\\/\\\/kidsplay.lt\\\/\"},{\"@type\":\"ListItem\",\"position\":2,\"name\":\"Parduotuv\u0117\",\"item\":\"https:\\\/\\\/kidsplay.lt\\\/parduotuve\\\/\"},{\"@type\":\"ListItem\",\"position\":3,\"name\":\"Dinozaur\u0173 surinkimo rinkinys 3 vnt statybinis rinkinys d\u0117\u017eut\u0117je + gr\u0105\u017etas ir atsuktuvas\"}]},{\"@type\":\"WebSite\",\"@id\":\"https:\\\/\\\/kidsplay.lt\\\/#website\",\"url\":\"https:\\\/\\\/kidsplay.lt\\\/\",\"name\":\"Kidsplay.lt\",\"description\":\"\u012evairios prek\u0117s vaikams\",\"publisher\":{\"@id\":\"https:\\\/\\\/kidsplay.lt\\\/#organization\"},\"alternateName\":\"Kidsplay\",\"potentialAction\":[{\"@type\":\"SearchAction\",\"target\":{\"@type\":\"EntryPoint\",\"urlTemplate\":\"https:\\\/\\\/kidsplay.lt\\\/?s={search_term_string}\"},\"query-input\":{\"@type\":\"PropertyValueSpecification\",\"valueRequired\":true,\"valueName\":\"search_term_string\"}}],\"inLanguage\":\"lv-LV\"},{\"@type\":\"Organization\",\"@id\":\"https:\\\/\\\/kidsplay.lt\\\/#organization\",\"name\":\"KidsPlay\",\"url\":\"https:\\\/\\\/kidsplay.lt\\\/\",\"logo\":{\"@type\":\"ImageObject\",\"inLanguage\":\"lv-LV\",\"@id\":\"https:\\\/\\\/kidsplay.lt\\\/#\\\/schema\\\/logo\\\/image\\\/\",\"url\":\"https:\\\/\\\/kidsplay.lt\\\/wp-content\\\/uploads\\\/2023\\\/07\\\/kidsplay-logo.png\",\"contentUrl\":\"https:\\\/\\\/kidsplay.lt\\\/wp-content\\\/uploads\\\/2023\\\/07\\\/kidsplay-logo.png\",\"width\":451,\"height\":98,\"caption\":\"KidsPlay\"},\"image\":{\"@id\":\"https:\\\/\\\/kidsplay.lt\\\/#\\\/schema\\\/logo\\\/image\\\/\"},\"sameAs\":[\"https:\\\/\\\/www.facebook.com\\\/www.kidsplay.lt\"]}]}<\/script>\n<!-- \/ Yoast SEO plugin. -->","yoast_head_json":{"title":"Dinozaur\u0173 surinkimo rinkinys 3 vnt statybinis rinkinys d\u0117\u017eut\u0117je + gr\u0105\u017etas ir atsuktuvas","description":"Dinozaur\u0173 surinkimo rinkinys 3 vnt statybinis rinkinys d\u0117\u017eut\u0117je + gr\u0105\u017etas ir atsuktuvas","robots":{"index":"index","follow":"follow","max-snippet":"max-snippet:-1","max-image-preview":"max-image-preview:large","max-video-preview":"max-video-preview:-1"},"canonical":"https:\/\/kidsplay.lt\/lv\/products\/dinozauru-surinkimo-rinkinys-3-vnt-statybinis-rinkinys-dezuteje-graztas-ir-atsuktuvas-2\/","og_locale":"lv_LV","og_type":"article","og_title":"Dinozaur\u0173 surinkimo rinkinys 3 vnt statybinis rinkinys d\u0117\u017eut\u0117je + gr\u0105\u017etas ir atsuktuvas","og_description":"Dinozaur\u0173 surinkimo rinkinys 3 vnt statybinis rinkinys d\u0117\u017eut\u0117je + gr\u0105\u017etas ir atsuktuvas","og_url":"https:\/\/kidsplay.lt\/lv\/products\/dinozauru-surinkimo-rinkinys-3-vnt-statybinis-rinkinys-dezuteje-graztas-ir-atsuktuvas-2\/","og_site_name":"KidsPlay","article_publisher":"https:\/\/www.facebook.com\/www.kidsplay.lt","article_modified_time":"2026-04-13T10:53:47+00:00","og_image":[{"width":1000,"height":1000,"url":"https:\/\/kidsplay.lt\/wp-content\/uploads\/2024\/09\/Dinozauru-surinkimo-rinkinys-3-vnt-statybinis-rinkinys-dezuteje-graztas-ir-atsuktuvas.jpg","type":"image\/jpeg"}],"twitter_card":"summary_large_image","twitter_misc":{"Est. reading time":"2 min\u016btes"},"schema":{"@context":"https:\/\/schema.org","@graph":[{"@type":"WebPage","@id":"https:\/\/kidsplay.lt\/produktas\/dinozauru-surinkimo-rinkinys-3-vnt-statybinis-rinkinys-dezuteje-graztas-ir-atsuktuvas-2\/","url":"https:\/\/kidsplay.lt\/produktas\/dinozauru-surinkimo-rinkinys-3-vnt-statybinis-rinkinys-dezuteje-graztas-ir-atsuktuvas-2\/","name":"Dinozaur\u0173 surinkimo rinkinys 3 vnt statybinis rinkinys d\u0117\u017eut\u0117je + gr\u0105\u017etas ir atsuktuvas","isPartOf":{"@id":"https:\/\/kidsplay.lt\/#website"},"primaryImageOfPage":{"@id":"https:\/\/kidsplay.lt\/produktas\/dinozauru-surinkimo-rinkinys-3-vnt-statybinis-rinkinys-dezuteje-graztas-ir-atsuktuvas-2\/#primaryimage"},"image":{"@id":"https:\/\/kidsplay.lt\/produktas\/dinozauru-surinkimo-rinkinys-3-vnt-statybinis-rinkinys-dezuteje-graztas-ir-atsuktuvas-2\/#primaryimage"},"thumbnailUrl":"https:\/\/kidsplay.lt\/wp-content\/uploads\/2024\/09\/Dinozauru-surinkimo-rinkinys-3-vnt-statybinis-rinkinys-dezuteje-graztas-ir-atsuktuvas.jpg","datePublished":"2025-10-02T11:20:39+00:00","dateModified":"2026-04-13T10:53:47+00:00","description":"Dinozaur\u0173 surinkimo rinkinys 3 vnt statybinis rinkinys d\u0117\u017eut\u0117je + gr\u0105\u017etas ir atsuktuvas","breadcrumb":{"@id":"https:\/\/kidsplay.lt\/produktas\/dinozauru-surinkimo-rinkinys-3-vnt-statybinis-rinkinys-dezuteje-graztas-ir-atsuktuvas-2\/#breadcrumb"},"inLanguage":"lv-LV","potentialAction":[{"@type":"ReadAction","target":["https:\/\/kidsplay.lt\/produktas\/dinozauru-surinkimo-rinkinys-3-vnt-statybinis-rinkinys-dezuteje-graztas-ir-atsuktuvas-2\/"]}]},{"@type":"ImageObject","inLanguage":"lv-LV","@id":"https:\/\/kidsplay.lt\/produktas\/dinozauru-surinkimo-rinkinys-3-vnt-statybinis-rinkinys-dezuteje-graztas-ir-atsuktuvas-2\/#primaryimage","url":"https:\/\/kidsplay.lt\/wp-content\/uploads\/2024\/09\/Dinozauru-surinkimo-rinkinys-3-vnt-statybinis-rinkinys-dezuteje-graztas-ir-atsuktuvas.jpg","contentUrl":"https:\/\/kidsplay.lt\/wp-content\/uploads\/2024\/09\/Dinozauru-surinkimo-rinkinys-3-vnt-statybinis-rinkinys-dezuteje-graztas-ir-atsuktuvas.jpg","width":1000,"height":1000,"caption":"Dinozaur\u0173 surinkimo rinkinys 3 vnt statybinis rinkinys d\u0117\u017eut\u0117je + gr\u0105\u017etas ir atsuktuvas"},{"@type":"BreadcrumbList","@id":"https:\/\/kidsplay.lt\/produktas\/dinozauru-surinkimo-rinkinys-3-vnt-statybinis-rinkinys-dezuteje-graztas-ir-atsuktuvas-2\/#breadcrumb","itemListElement":[{"@type":"ListItem","position":1,"name":"Pagrindinis","item":"https:\/\/kidsplay.lt\/"},{"@type":"ListItem","position":2,"name":"Parduotuv\u0117","item":"https:\/\/kidsplay.lt\/parduotuve\/"},{"@type":"ListItem","position":3,"name":"Dinozaur\u0173 surinkimo rinkinys 3 vnt statybinis rinkinys d\u0117\u017eut\u0117je + gr\u0105\u017etas ir atsuktuvas"}]},{"@type":"WebSite","@id":"https:\/\/kidsplay.lt\/#website","url":"https:\/\/kidsplay.lt\/","name":"B\u0113rnu sp\u0113les.lv","description":"\u012evairios prek\u0117s vaikams","publisher":{"@id":"https:\/\/kidsplay.lt\/#organization"},"alternateName":"Kidsplay","potentialAction":[{"@type":"SearchAction","target":{"@type":"EntryPoint","urlTemplate":"https:\/\/kidsplay.lt\/?s={search_term_string}"},"query-input":{"@type":"PropertyValueSpecification","valueRequired":true,"valueName":"search_term_string"}}],"inLanguage":"lv-LV"},{"@type":"Organization","@id":"https:\/\/kidsplay.lt\/#organization","name":"B\u0113rnu sp\u0113le","url":"https:\/\/kidsplay.lt\/","logo":{"@type":"ImageObject","inLanguage":"lv-LV","@id":"https:\/\/kidsplay.lt\/#\/schema\/logo\/image\/","url":"https:\/\/kidsplay.lt\/wp-content\/uploads\/2023\/07\/kidsplay-logo.png","contentUrl":"https:\/\/kidsplay.lt\/wp-content\/uploads\/2023\/07\/kidsplay-logo.png","width":451,"height":98,"caption":"KidsPlay"},"image":{"@id":"https:\/\/kidsplay.lt\/#\/schema\/logo\/image\/"},"sameAs":["https:\/\/www.facebook.com\/www.kidsplay.lt"]}]}},"_links":{"self":[{"href":"https:\/\/kidsplay.lt\/lv\/wp-json\/wp\/v2\/product\/70900","targetHints":{"allow":["GET"]}}],"collection":[{"href":"https:\/\/kidsplay.lt\/lv\/wp-json\/wp\/v2\/product"}],"about":[{"href":"https:\/\/kidsplay.lt\/lv\/wp-json\/wp\/v2\/types\/product"}],"version-history":[{"count":3,"href":"https:\/\/kidsplay.lt\/lv\/wp-json\/wp\/v2\/product\/70900\/revisions"}],"predecessor-version":[{"id":80850,"href":"https:\/\/kidsplay.lt\/lv\/wp-json\/wp\/v2\/product\/70900\/revisions\/80850"}],"wp:featuredmedia":[{"embeddable":true,"href":"https:\/\/kidsplay.lt\/lv\/wp-json\/wp\/v2\/media\/56801"}],"wp:attachment":[{"href":"https:\/\/kidsplay.lt\/lv\/wp-json\/wp\/v2\/media?parent=70900"}],"wp:term":[{"taxonomy":"product_brand","embeddable":true,"href":"https:\/\/kidsplay.lt\/lv\/wp-json\/wp\/v2\/product_brand?post=70900"},{"taxonomy":"product_cat","embeddable":true,"href":"https:\/\/kidsplay.lt\/lv\/wp-json\/wp\/v2\/product_cat?post=70900"},{"taxonomy":"product_tag","embeddable":true,"href":"https:\/\/kidsplay.lt\/lv\/wp-json\/wp\/v2\/product_tag?post=70900"}],"curies":[{"name":"wp","href":"https:\/\/api.w.org\/{rel}","templated":true}]}}