{"id":70940,"date":"2025-10-02T14:22:17","date_gmt":"2025-10-02T11:22:17","guid":{"rendered":"https:\/\/kidsplay.lt\/produktas\/zaislinis-zvejybos-zaidimas-tooky-toy-2\/"},"modified":"2026-04-07T11:27:11","modified_gmt":"2026-04-07T08:27:11","slug":"zaislinis-zvejybos-zaidimas-tooky-toy-2","status":"publish","type":"product","link":"https:\/\/kidsplay.lt\/lv\/products\/zaislinis-zvejybos-zaidimas-tooky-toy-2\/","title":{"rendered":"\u017daislinis \u017evejybos \u017eaidimas \u201eTOOKY TOY\u201c"},"content":{"rendered":"<p>\u201eTOOKY TOY\u201c\u00a0\u017evejybos rinkinys\u00a0\u2013\u00a0tai puikus vaiko m\u0117gstamiausio \u017eaislo ir paprasto pirmojo \u017eaidimo derinys. Galite \u017evejoti j\u016broje arba \u017eaisti smag\u0173 bingo \u017eaidim\u0105, kuriame paeiliui ant lentos d\u0117liojate sugautus j\u016bros gyv\u016bnus.<\/p>\n<p>Vaikai gali savaranki\u0161kai m\u0117gautis \u0161iuo \u017eaidimu, lavinti smulki\u0105j\u0105\u00a0motorik\u0105\u00a0gaudydami\u00a0medinius\u00a0j\u016bros gyv\u016bnus. Taip pat gali dalyvauti\u00a0visa \u0161eima\u00a0, \u017eaisdama pagal prid\u0117tas taisykles.<\/p>\n<p>Tai puiki galimyb\u0117 vaikams lavinti smulki\u0105j\u0105 motorik\u0105,\u00a0koordinacij\u0105\u00a0ir kantryb\u0119. Jie\u00a0taip pat palaipsniui\u00a0mokosi stalo \u017eaidim\u0173 taisykli\u0173, toki\u0173 kaip kauliuk\u0173 ridenimas,\u00a0vaidmen\u0173 \u017eaidimai\u00a0, ir kaip susidoroti su laim\u0117jimu bei pralaim\u0117jimu. \u201eTooky Toy\u201c mediniai \u017eaislai gaminami atsi\u017evelgiant \u012f vaik\u0173 saugum\u0105 ir minimal\u0173 poveik\u012f aplinkai, naudojant auk\u0161tos kokyb\u0117s, saugias med\u017eiagas.<\/p>\n<p>Rakstur\u012bgs:<\/p>\n<p>Vaikams\u00a0nuo 18 m\u0117nesi\u0173 am\u017eiaus<br \/>\nRinkin\u012f sudaro\u00a029 elementai<br \/>\nLomu sp\u0113les<br \/>\nSulankstoma \u012f d\u0117\u017e\u0119<br \/>\nSmagaus linksmybi\u0173 ir s\u0117kmingo mokymosi<br \/>\nLavina\u00a0motorin\u0119 koordinacij\u0105\u00a0ir kantryb\u0119<br \/>\nPramogos\u00a0visai \u0161eimai<\/p>\n<p>\u017daidimo taisykl\u0117s:<\/p>\n<p>Sud\u0117kite j\u016bros gyv\u016bnus \u012f d\u0117\u017e\u0119<br \/>\nI\u0161 kartono i\u0161spauskite papl\u016bdimio \u017eaisl\u0173 d\u0117lion\u0117s detales ir pad\u0117kite jas \u0161alia kartonin\u0117s lentos (kiekvienam \u017eaid\u0117jui i\u0161dalinkite po vien\u0105 rinkin\u012f).<br \/>\nJauniausias \u017eaid\u0117jas meta kauliuk\u0105 pirmas \u2013\u00a0kauliuko spalva nurodo, kokios spalvos \u017euv\u012f reikia pagauti.<br \/>\nJei \u017eaid\u0117jas pagauna ger\u0105 \u017euv\u012f, jis gali pad\u0117ti\u00a0atitinkamos spalvos d\u0117lion\u0117s detal\u0119\u00a0ant lentos.<br \/>\nJei \u017eaid\u0117jas pagauna kitos spalvos \u017euv\u012f, d\u0117lion\u0117s detal\u0117s ant lentos nededama.<br \/>\nKai traukiame jau turimos spalvos kort\u0105, d\u0117lion\u0117s detal\u0117 negaunama ir \u0117jimas pereina kitam \u017eaid\u0117jui.<br \/>\nJei \u017eaid\u0117jas kauliuku i\u0161meta balt\u0105 \u017euv\u012f, jis gali pasirinkti bet kuri\u0105 d\u0117lion\u0117s detal\u0119 ir pad\u0117ti j\u0105 ant lentos.<br \/>\n\u017daidimas baigiasi, kai \u017eaid\u0117jai surenka visas lentoje esan\u010dias galvos\u016bkius \u2013 laimi tas, kuris pirmasis jas i\u0161sprend\u017eia.<\/p>\n<p>Komplekt\u0101 ietilpst:<\/p>\n<p>1 me\u0161ker\u0117<br \/>\n1 kubas<br \/>\nJ\u016bros kilim\u0117lis<br \/>\n6 mediniai j\u016bros gyv\u016bnai<br \/>\n4 kartonin\u0117s ta\u0161k\u0173 kortel\u0117s<br \/>\nPridedamas vadovas<\/p>\n<p>Rota\u013clieta att\u012bst\u0101s:<\/p>\n<p>Motorin\u0117 koordinacija<br \/>\nRankiniai \u012fg\u016bd\u017eiai<br \/>\nloginis m\u0105stymas<br \/>\n\u012eg\u016bdis<\/p>","protected":false},"excerpt":{"rendered":"<p>\u017daislinis \u017evejybos \u017eaidimas \u201eTOOKY TOY\u201c<\/p>","protected":false},"featured_media":67432,"template":"","meta":{"_acf_changed":false,"_glsr_average":0,"_glsr_ranking":0,"_glsr_reviews":0},"product_brand":[],"product_cat":[884,72,883],"product_tag":[],"class_list":{"0":"post-70940","1":"product","2":"type-product","3":"status-publish","4":"has-post-thumbnail","6":"product_cat-edukaciniai-lavinamieji-mediniai-zaislai","7":"product_cat-ispardavimas","8":"product_cat-mediniai-zaislai-2","9":"\"style=\"background-color: #2ecc711c;\"","11":"first","12":"instock","13":"sale","14":"purchasable","15":"product-type-simple"},"acf":[],"yoast_head":"<!-- This site is optimized with the Yoast SEO plugin v27.3 - https:\/\/yoast.com\/product\/yoast-seo-wordpress\/ -->\n<title>\u017daislinis \u017evejybos \u017eaidimas \u201eTOOKY TOY\u201c<\/title>\n<meta name=\"description\" content=\"\u017daislinis \u017evejybos \u017eaidimas \u201eTOOKY TOY\u201c\" \/>\n<meta name=\"robots\" content=\"index, follow, max-snippet:-1, max-image-preview:large, max-video-preview:-1\" \/>\n<link rel=\"canonical\" href=\"https:\/\/kidsplay.lt\/lv\/products\/zaislinis-zvejybos-zaidimas-tooky-toy-2\/\" \/>\n<meta property=\"og:locale\" content=\"lv_LV\" \/>\n<meta property=\"og:type\" content=\"article\" \/>\n<meta property=\"og:title\" content=\"\u017daislinis \u017evejybos \u017eaidimas \u201eTOOKY TOY\u201c\" \/>\n<meta property=\"og:description\" content=\"\u017daislinis \u017evejybos \u017eaidimas \u201eTOOKY TOY\u201c\" \/>\n<meta property=\"og:url\" content=\"https:\/\/kidsplay.lt\/lv\/products\/zaislinis-zvejybos-zaidimas-tooky-toy-2\/\" \/>\n<meta property=\"og:site_name\" content=\"KidsPlay\" \/>\n<meta property=\"article:publisher\" content=\"https:\/\/www.facebook.com\/www.kidsplay.lt\" \/>\n<meta property=\"article:modified_time\" content=\"2026-04-07T08:27:11+00:00\" \/>\n<meta property=\"og:image\" content=\"https:\/\/kidsplay.lt\/wp-content\/uploads\/2025\/09\/Zaislinis-zvejybos-zaidimas-\u201eTOOKY-TOY.jpg\" \/>\n\t<meta property=\"og:image:width\" content=\"1000\" \/>\n\t<meta property=\"og:image:height\" content=\"1000\" \/>\n\t<meta property=\"og:image:type\" content=\"image\/jpeg\" \/>\n<meta name=\"twitter:card\" content=\"summary_large_image\" \/>\n<meta name=\"twitter:label1\" content=\"Est. reading time\" \/>\n\t<meta name=\"twitter:data1\" content=\"2 min\u016btes\" \/>\n<script type=\"application\/ld+json\" class=\"yoast-schema-graph\">{\"@context\":\"https:\\\/\\\/schema.org\",\"@graph\":[{\"@type\":\"WebPage\",\"@id\":\"https:\\\/\\\/kidsplay.lt\\\/produktas\\\/zaislinis-zvejybos-zaidimas-tooky-toy-2\\\/\",\"url\":\"https:\\\/\\\/kidsplay.lt\\\/produktas\\\/zaislinis-zvejybos-zaidimas-tooky-toy-2\\\/\",\"name\":\"\u017daislinis \u017evejybos \u017eaidimas \u201eTOOKY TOY\u201c\",\"isPartOf\":{\"@id\":\"https:\\\/\\\/kidsplay.lt\\\/#website\"},\"primaryImageOfPage\":{\"@id\":\"https:\\\/\\\/kidsplay.lt\\\/produktas\\\/zaislinis-zvejybos-zaidimas-tooky-toy-2\\\/#primaryimage\"},\"image\":{\"@id\":\"https:\\\/\\\/kidsplay.lt\\\/produktas\\\/zaislinis-zvejybos-zaidimas-tooky-toy-2\\\/#primaryimage\"},\"thumbnailUrl\":\"https:\\\/\\\/kidsplay.lt\\\/wp-content\\\/uploads\\\/2025\\\/09\\\/Zaislinis-zvejybos-zaidimas-\u201eTOOKY-TOY.jpg\",\"datePublished\":\"2025-10-02T11:22:17+00:00\",\"dateModified\":\"2026-04-07T08:27:11+00:00\",\"description\":\"\u017daislinis \u017evejybos \u017eaidimas \u201eTOOKY TOY\u201c\",\"breadcrumb\":{\"@id\":\"https:\\\/\\\/kidsplay.lt\\\/produktas\\\/zaislinis-zvejybos-zaidimas-tooky-toy-2\\\/#breadcrumb\"},\"inLanguage\":\"lv-LV\",\"potentialAction\":[{\"@type\":\"ReadAction\",\"target\":[\"https:\\\/\\\/kidsplay.lt\\\/produktas\\\/zaislinis-zvejybos-zaidimas-tooky-toy-2\\\/\"]}]},{\"@type\":\"ImageObject\",\"inLanguage\":\"lv-LV\",\"@id\":\"https:\\\/\\\/kidsplay.lt\\\/produktas\\\/zaislinis-zvejybos-zaidimas-tooky-toy-2\\\/#primaryimage\",\"url\":\"https:\\\/\\\/kidsplay.lt\\\/wp-content\\\/uploads\\\/2025\\\/09\\\/Zaislinis-zvejybos-zaidimas-\u201eTOOKY-TOY.jpg\",\"contentUrl\":\"https:\\\/\\\/kidsplay.lt\\\/wp-content\\\/uploads\\\/2025\\\/09\\\/Zaislinis-zvejybos-zaidimas-\u201eTOOKY-TOY.jpg\",\"width\":1000,\"height\":1000,\"caption\":\"\u017daislinis \u017evejybos \u017eaidimas \u201eTOOKY TOY\u201c\"},{\"@type\":\"BreadcrumbList\",\"@id\":\"https:\\\/\\\/kidsplay.lt\\\/produktas\\\/zaislinis-zvejybos-zaidimas-tooky-toy-2\\\/#breadcrumb\",\"itemListElement\":[{\"@type\":\"ListItem\",\"position\":1,\"name\":\"Pagrindinis\",\"item\":\"https:\\\/\\\/kidsplay.lt\\\/\"},{\"@type\":\"ListItem\",\"position\":2,\"name\":\"Parduotuv\u0117\",\"item\":\"https:\\\/\\\/kidsplay.lt\\\/parduotuve\\\/\"},{\"@type\":\"ListItem\",\"position\":3,\"name\":\"\u017daislinis \u017evejybos \u017eaidimas \u201eTOOKY TOY\u201c\"}]},{\"@type\":\"WebSite\",\"@id\":\"https:\\\/\\\/kidsplay.lt\\\/#website\",\"url\":\"https:\\\/\\\/kidsplay.lt\\\/\",\"name\":\"Kidsplay.lt\",\"description\":\"\u012evairios prek\u0117s vaikams\",\"publisher\":{\"@id\":\"https:\\\/\\\/kidsplay.lt\\\/#organization\"},\"alternateName\":\"Kidsplay\",\"potentialAction\":[{\"@type\":\"SearchAction\",\"target\":{\"@type\":\"EntryPoint\",\"urlTemplate\":\"https:\\\/\\\/kidsplay.lt\\\/?s={search_term_string}\"},\"query-input\":{\"@type\":\"PropertyValueSpecification\",\"valueRequired\":true,\"valueName\":\"search_term_string\"}}],\"inLanguage\":\"lv-LV\"},{\"@type\":\"Organization\",\"@id\":\"https:\\\/\\\/kidsplay.lt\\\/#organization\",\"name\":\"KidsPlay\",\"url\":\"https:\\\/\\\/kidsplay.lt\\\/\",\"logo\":{\"@type\":\"ImageObject\",\"inLanguage\":\"lv-LV\",\"@id\":\"https:\\\/\\\/kidsplay.lt\\\/#\\\/schema\\\/logo\\\/image\\\/\",\"url\":\"https:\\\/\\\/kidsplay.lt\\\/wp-content\\\/uploads\\\/2023\\\/07\\\/kidsplay-logo.png\",\"contentUrl\":\"https:\\\/\\\/kidsplay.lt\\\/wp-content\\\/uploads\\\/2023\\\/07\\\/kidsplay-logo.png\",\"width\":451,\"height\":98,\"caption\":\"KidsPlay\"},\"image\":{\"@id\":\"https:\\\/\\\/kidsplay.lt\\\/#\\\/schema\\\/logo\\\/image\\\/\"},\"sameAs\":[\"https:\\\/\\\/www.facebook.com\\\/www.kidsplay.lt\"]}]}<\/script>\n<!-- \/ Yoast SEO plugin. -->","yoast_head_json":{"title":"\u017daislinis \u017evejybos \u017eaidimas \u201eTOOKY TOY\u201c","description":"\u017daislinis \u017evejybos \u017eaidimas \u201eTOOKY TOY\u201c","robots":{"index":"index","follow":"follow","max-snippet":"max-snippet:-1","max-image-preview":"max-image-preview:large","max-video-preview":"max-video-preview:-1"},"canonical":"https:\/\/kidsplay.lt\/lv\/products\/zaislinis-zvejybos-zaidimas-tooky-toy-2\/","og_locale":"lv_LV","og_type":"article","og_title":"\u017daislinis \u017evejybos \u017eaidimas \u201eTOOKY TOY\u201c","og_description":"\u017daislinis \u017evejybos \u017eaidimas \u201eTOOKY TOY\u201c","og_url":"https:\/\/kidsplay.lt\/lv\/products\/zaislinis-zvejybos-zaidimas-tooky-toy-2\/","og_site_name":"KidsPlay","article_publisher":"https:\/\/www.facebook.com\/www.kidsplay.lt","article_modified_time":"2026-04-07T08:27:11+00:00","og_image":[{"width":1000,"height":1000,"url":"https:\/\/kidsplay.lt\/wp-content\/uploads\/2025\/09\/Zaislinis-zvejybos-zaidimas-\u201eTOOKY-TOY.jpg","type":"image\/jpeg"}],"twitter_card":"summary_large_image","twitter_misc":{"Est. reading time":"2 min\u016btes"},"schema":{"@context":"https:\/\/schema.org","@graph":[{"@type":"WebPage","@id":"https:\/\/kidsplay.lt\/produktas\/zaislinis-zvejybos-zaidimas-tooky-toy-2\/","url":"https:\/\/kidsplay.lt\/produktas\/zaislinis-zvejybos-zaidimas-tooky-toy-2\/","name":"\u017daislinis \u017evejybos \u017eaidimas \u201eTOOKY TOY\u201c","isPartOf":{"@id":"https:\/\/kidsplay.lt\/#website"},"primaryImageOfPage":{"@id":"https:\/\/kidsplay.lt\/produktas\/zaislinis-zvejybos-zaidimas-tooky-toy-2\/#primaryimage"},"image":{"@id":"https:\/\/kidsplay.lt\/produktas\/zaislinis-zvejybos-zaidimas-tooky-toy-2\/#primaryimage"},"thumbnailUrl":"https:\/\/kidsplay.lt\/wp-content\/uploads\/2025\/09\/Zaislinis-zvejybos-zaidimas-\u201eTOOKY-TOY.jpg","datePublished":"2025-10-02T11:22:17+00:00","dateModified":"2026-04-07T08:27:11+00:00","description":"\u017daislinis \u017evejybos \u017eaidimas \u201eTOOKY TOY\u201c","breadcrumb":{"@id":"https:\/\/kidsplay.lt\/produktas\/zaislinis-zvejybos-zaidimas-tooky-toy-2\/#breadcrumb"},"inLanguage":"lv-LV","potentialAction":[{"@type":"ReadAction","target":["https:\/\/kidsplay.lt\/produktas\/zaislinis-zvejybos-zaidimas-tooky-toy-2\/"]}]},{"@type":"ImageObject","inLanguage":"lv-LV","@id":"https:\/\/kidsplay.lt\/produktas\/zaislinis-zvejybos-zaidimas-tooky-toy-2\/#primaryimage","url":"https:\/\/kidsplay.lt\/wp-content\/uploads\/2025\/09\/Zaislinis-zvejybos-zaidimas-\u201eTOOKY-TOY.jpg","contentUrl":"https:\/\/kidsplay.lt\/wp-content\/uploads\/2025\/09\/Zaislinis-zvejybos-zaidimas-\u201eTOOKY-TOY.jpg","width":1000,"height":1000,"caption":"\u017daislinis \u017evejybos \u017eaidimas \u201eTOOKY TOY\u201c"},{"@type":"BreadcrumbList","@id":"https:\/\/kidsplay.lt\/produktas\/zaislinis-zvejybos-zaidimas-tooky-toy-2\/#breadcrumb","itemListElement":[{"@type":"ListItem","position":1,"name":"Pagrindinis","item":"https:\/\/kidsplay.lt\/"},{"@type":"ListItem","position":2,"name":"Parduotuv\u0117","item":"https:\/\/kidsplay.lt\/parduotuve\/"},{"@type":"ListItem","position":3,"name":"\u017daislinis \u017evejybos \u017eaidimas \u201eTOOKY TOY\u201c"}]},{"@type":"WebSite","@id":"https:\/\/kidsplay.lt\/#website","url":"https:\/\/kidsplay.lt\/","name":"B\u0113rnu sp\u0113les.lv","description":"\u012evairios prek\u0117s vaikams","publisher":{"@id":"https:\/\/kidsplay.lt\/#organization"},"alternateName":"Kidsplay","potentialAction":[{"@type":"SearchAction","target":{"@type":"EntryPoint","urlTemplate":"https:\/\/kidsplay.lt\/?s={search_term_string}"},"query-input":{"@type":"PropertyValueSpecification","valueRequired":true,"valueName":"search_term_string"}}],"inLanguage":"lv-LV"},{"@type":"Organization","@id":"https:\/\/kidsplay.lt\/#organization","name":"B\u0113rnu sp\u0113le","url":"https:\/\/kidsplay.lt\/","logo":{"@type":"ImageObject","inLanguage":"lv-LV","@id":"https:\/\/kidsplay.lt\/#\/schema\/logo\/image\/","url":"https:\/\/kidsplay.lt\/wp-content\/uploads\/2023\/07\/kidsplay-logo.png","contentUrl":"https:\/\/kidsplay.lt\/wp-content\/uploads\/2023\/07\/kidsplay-logo.png","width":451,"height":98,"caption":"KidsPlay"},"image":{"@id":"https:\/\/kidsplay.lt\/#\/schema\/logo\/image\/"},"sameAs":["https:\/\/www.facebook.com\/www.kidsplay.lt"]}]}},"_links":{"self":[{"href":"https:\/\/kidsplay.lt\/lv\/wp-json\/wp\/v2\/product\/70940","targetHints":{"allow":["GET"]}}],"collection":[{"href":"https:\/\/kidsplay.lt\/lv\/wp-json\/wp\/v2\/product"}],"about":[{"href":"https:\/\/kidsplay.lt\/lv\/wp-json\/wp\/v2\/types\/product"}],"version-history":[{"count":3,"href":"https:\/\/kidsplay.lt\/lv\/wp-json\/wp\/v2\/product\/70940\/revisions"}],"predecessor-version":[{"id":80756,"href":"https:\/\/kidsplay.lt\/lv\/wp-json\/wp\/v2\/product\/70940\/revisions\/80756"}],"wp:featuredmedia":[{"embeddable":true,"href":"https:\/\/kidsplay.lt\/lv\/wp-json\/wp\/v2\/media\/67432"}],"wp:attachment":[{"href":"https:\/\/kidsplay.lt\/lv\/wp-json\/wp\/v2\/media?parent=70940"}],"wp:term":[{"taxonomy":"product_brand","embeddable":true,"href":"https:\/\/kidsplay.lt\/lv\/wp-json\/wp\/v2\/product_brand?post=70940"},{"taxonomy":"product_cat","embeddable":true,"href":"https:\/\/kidsplay.lt\/lv\/wp-json\/wp\/v2\/product_cat?post=70940"},{"taxonomy":"product_tag","embeddable":true,"href":"https:\/\/kidsplay.lt\/lv\/wp-json\/wp\/v2\/product_tag?post=70940"}],"curies":[{"name":"wp","href":"https:\/\/api.w.org\/{rel}","templated":true}]}}