{"id":70968,"date":"2025-10-02T14:23:11","date_gmt":"2025-10-02T11:23:11","guid":{"rendered":"https:\/\/kidsplay.lt\/produktas\/woopie-arkadinis-zaidimas-serso-fun-circle-game-3-2\/"},"modified":"2026-04-07T10:49:19","modified_gmt":"2026-04-07T07:49:19","slug":"woopie-arkadinis-zaidimas-serso-fun-circle-game-3-2","status":"publish","type":"product","link":"https:\/\/kidsplay.lt\/lv\/products\/woopie-arkadinis-zaidimas-serso-fun-circle-game-3-2\/","title":{"rendered":"\ufeffWOOPIE ark\u0101des sp\u0113le SERSO FUN CIRCLE GAME 3+"},"content":{"rendered":"<p>\u201eWOOPIE\u201c\u00a0SERSO FUN CIRCLE GAME\u00a0\u2013 tai \u012fdomus ir dinami\u0161kas \u017eaidimas, kuris \u012ftrauks vis\u0105 \u0161eim\u0105 \u012f\u00a0\u012fg\u016bd\u017ei\u0173 lavinimo\u00a0i\u0161\u0161\u016bk\u012f . Puikiai tinkantis\u00a0leisti\u00a0laik\u0105\u00a0kartu\u00a0lauke ar namuose, \u0161is \u017eaidimas\u00a0lavins\u00a0rankinius\u00a0ir\u00a0protinius\u00a0\u012fg\u016bd\u017eius, tokius kaip refleksai, tikslumas ir susikaupimas.\u00a0Tai nuostabus \u017eaislas, kuris derina fizin\u012f aktyvum\u0105 su pramogomis ir\u00a0mokymusi . Toks \u017eaidimas kaip \u201eSerso\u201c yra puikus b\u016bdas lavinti vaiko \u012fg\u016bd\u017eius ir \u012ftraukti vis\u0105 \u0161eim\u0105 \u012f sveik\u0105 konkurencij\u0105. Padovanokite savo \u0161eimai valand\u0173 valandas linksmybi\u0173 ir\u00a0lavinam\u0173j\u0173\u00a0\u017eaidim\u0173!<br \/>\nRakstur\u012bgs:<\/p>\n<p>&#8211; Nuo\u00a03 met\u0173\u00a0am\u017eiaus<br \/>\n&#8211; Galimyb\u0117 groti\u00a0vienam arba grup\u0117je<br \/>\n&#8211; Pramogos\u00a0viduje ir lauke<br \/>\n&#8211; Patvarus ir\u00a0spalvingas\u00a0plastikas<\/p>\n<p>Komplekt\u0101 ietilpst:<\/p>\n<p>&#8211; 5 m\u0117tymo \u017eiedai<br \/>\n&#8211; 5 skirting\u0173 spalv\u0173 kuolai<br \/>\n&#8211; Pagrindas<\/p>\n<p>Rota\u013clieta att\u012bst\u0101s:<\/p>\n<p>&#8211; Vikrumas<br \/>\n&#8211; Aki\u0173 ir rank\u0173 koordinacija<br \/>\n&#8211; Koncentracija<br \/>\n&#8211; Sveika konkurencija<\/p>","protected":false},"excerpt":{"rendered":"<p>WOOPIE arkadinis \u017eaidimas SERSO FUN CIRCLE GAME 3+<\/p>","protected":false},"featured_media":66398,"template":"","meta":{"_acf_changed":false,"_glsr_average":0,"_glsr_ranking":0,"_glsr_reviews":0},"product_brand":[],"product_cat":[72,233,430],"product_tag":[],"class_list":{"0":"post-70968","1":"product","2":"type-product","3":"status-publish","4":"has-post-thumbnail","6":"product_cat-ispardavimas","7":"product_cat-lauko-pramogos","8":"product_cat-zaidimai-ir-linksmybes","9":"\"style=\"background-color: #2ecc711c;\"","11":"first","12":"instock","13":"sale","14":"purchasable","15":"product-type-simple"},"acf":[],"yoast_head":"<!-- This site is optimized with the Yoast SEO plugin v27.3 - https:\/\/yoast.com\/product\/yoast-seo-wordpress\/ -->\n<title>\ufeff WOOPIE arkadinis \u017eaidimas SERSO FUN CIRCLE GAME 3+<\/title>\n<meta name=\"description\" content=\"\ufeff WOOPIE arkadinis \u017eaidimas SERSO FUN CIRCLE GAME 3+\" \/>\n<meta name=\"robots\" content=\"index, follow, max-snippet:-1, max-image-preview:large, max-video-preview:-1\" \/>\n<link rel=\"canonical\" href=\"https:\/\/kidsplay.lt\/lv\/products\/woopie-arkadinis-zaidimas-serso-fun-circle-game-3-2\/\" \/>\n<meta property=\"og:locale\" content=\"lv_LV\" \/>\n<meta property=\"og:type\" content=\"article\" \/>\n<meta property=\"og:title\" content=\"\ufeff WOOPIE arkadinis \u017eaidimas SERSO FUN CIRCLE GAME 3+\" \/>\n<meta property=\"og:description\" content=\"\ufeff WOOPIE arkadinis \u017eaidimas SERSO FUN CIRCLE GAME 3+\" \/>\n<meta property=\"og:url\" content=\"https:\/\/kidsplay.lt\/lv\/products\/woopie-arkadinis-zaidimas-serso-fun-circle-game-3-2\/\" \/>\n<meta property=\"og:site_name\" content=\"KidsPlay\" \/>\n<meta property=\"article:publisher\" content=\"https:\/\/www.facebook.com\/www.kidsplay.lt\" \/>\n<meta property=\"article:modified_time\" content=\"2026-04-07T07:49:19+00:00\" \/>\n<meta property=\"og:image\" content=\"https:\/\/kidsplay.lt\/wp-content\/uploads\/2025\/09\/\ufeff-WOOPIE-arkadinis-zaidimas-SERSO-FUN-CIRCLE-GAME-3.jpg\" \/>\n\t<meta property=\"og:image:width\" content=\"1000\" \/>\n\t<meta property=\"og:image:height\" content=\"1000\" \/>\n\t<meta property=\"og:image:type\" content=\"image\/jpeg\" \/>\n<meta name=\"twitter:card\" content=\"summary_large_image\" \/>\n<meta name=\"twitter:label1\" content=\"Est. reading time\" \/>\n\t<meta name=\"twitter:data1\" content=\"1 min\u016bte\" \/>\n<script type=\"application\/ld+json\" class=\"yoast-schema-graph\">{\"@context\":\"https:\\\/\\\/schema.org\",\"@graph\":[{\"@type\":\"WebPage\",\"@id\":\"https:\\\/\\\/kidsplay.lt\\\/produktas\\\/woopie-arkadinis-zaidimas-serso-fun-circle-game-3-2\\\/\",\"url\":\"https:\\\/\\\/kidsplay.lt\\\/produktas\\\/woopie-arkadinis-zaidimas-serso-fun-circle-game-3-2\\\/\",\"name\":\"\ufeff WOOPIE arkadinis \u017eaidimas SERSO FUN CIRCLE GAME 3+\",\"isPartOf\":{\"@id\":\"https:\\\/\\\/kidsplay.lt\\\/#website\"},\"primaryImageOfPage\":{\"@id\":\"https:\\\/\\\/kidsplay.lt\\\/produktas\\\/woopie-arkadinis-zaidimas-serso-fun-circle-game-3-2\\\/#primaryimage\"},\"image\":{\"@id\":\"https:\\\/\\\/kidsplay.lt\\\/produktas\\\/woopie-arkadinis-zaidimas-serso-fun-circle-game-3-2\\\/#primaryimage\"},\"thumbnailUrl\":\"https:\\\/\\\/kidsplay.lt\\\/wp-content\\\/uploads\\\/2025\\\/09\\\/\ufeff-WOOPIE-arkadinis-zaidimas-SERSO-FUN-CIRCLE-GAME-3.jpg\",\"datePublished\":\"2025-10-02T11:23:11+00:00\",\"dateModified\":\"2026-04-07T07:49:19+00:00\",\"description\":\"\ufeff WOOPIE arkadinis \u017eaidimas SERSO FUN CIRCLE GAME 3+\",\"breadcrumb\":{\"@id\":\"https:\\\/\\\/kidsplay.lt\\\/produktas\\\/woopie-arkadinis-zaidimas-serso-fun-circle-game-3-2\\\/#breadcrumb\"},\"inLanguage\":\"lv-LV\",\"potentialAction\":[{\"@type\":\"ReadAction\",\"target\":[\"https:\\\/\\\/kidsplay.lt\\\/produktas\\\/woopie-arkadinis-zaidimas-serso-fun-circle-game-3-2\\\/\"]}]},{\"@type\":\"ImageObject\",\"inLanguage\":\"lv-LV\",\"@id\":\"https:\\\/\\\/kidsplay.lt\\\/produktas\\\/woopie-arkadinis-zaidimas-serso-fun-circle-game-3-2\\\/#primaryimage\",\"url\":\"https:\\\/\\\/kidsplay.lt\\\/wp-content\\\/uploads\\\/2025\\\/09\\\/\ufeff-WOOPIE-arkadinis-zaidimas-SERSO-FUN-CIRCLE-GAME-3.jpg\",\"contentUrl\":\"https:\\\/\\\/kidsplay.lt\\\/wp-content\\\/uploads\\\/2025\\\/09\\\/\ufeff-WOOPIE-arkadinis-zaidimas-SERSO-FUN-CIRCLE-GAME-3.jpg\",\"width\":1000,\"height\":1000,\"caption\":\"\ufeff WOOPIE arkadinis \u017eaidimas SERSO FUN CIRCLE GAME 3+\"},{\"@type\":\"BreadcrumbList\",\"@id\":\"https:\\\/\\\/kidsplay.lt\\\/produktas\\\/woopie-arkadinis-zaidimas-serso-fun-circle-game-3-2\\\/#breadcrumb\",\"itemListElement\":[{\"@type\":\"ListItem\",\"position\":1,\"name\":\"Pagrindinis\",\"item\":\"https:\\\/\\\/kidsplay.lt\\\/\"},{\"@type\":\"ListItem\",\"position\":2,\"name\":\"Parduotuv\u0117\",\"item\":\"https:\\\/\\\/kidsplay.lt\\\/parduotuve\\\/\"},{\"@type\":\"ListItem\",\"position\":3,\"name\":\"\ufeff WOOPIE arkadinis \u017eaidimas SERSO FUN CIRCLE GAME 3+\"}]},{\"@type\":\"WebSite\",\"@id\":\"https:\\\/\\\/kidsplay.lt\\\/#website\",\"url\":\"https:\\\/\\\/kidsplay.lt\\\/\",\"name\":\"Kidsplay.lt\",\"description\":\"\u012evairios prek\u0117s vaikams\",\"publisher\":{\"@id\":\"https:\\\/\\\/kidsplay.lt\\\/#organization\"},\"alternateName\":\"Kidsplay\",\"potentialAction\":[{\"@type\":\"SearchAction\",\"target\":{\"@type\":\"EntryPoint\",\"urlTemplate\":\"https:\\\/\\\/kidsplay.lt\\\/?s={search_term_string}\"},\"query-input\":{\"@type\":\"PropertyValueSpecification\",\"valueRequired\":true,\"valueName\":\"search_term_string\"}}],\"inLanguage\":\"lv-LV\"},{\"@type\":\"Organization\",\"@id\":\"https:\\\/\\\/kidsplay.lt\\\/#organization\",\"name\":\"KidsPlay\",\"url\":\"https:\\\/\\\/kidsplay.lt\\\/\",\"logo\":{\"@type\":\"ImageObject\",\"inLanguage\":\"lv-LV\",\"@id\":\"https:\\\/\\\/kidsplay.lt\\\/#\\\/schema\\\/logo\\\/image\\\/\",\"url\":\"https:\\\/\\\/kidsplay.lt\\\/wp-content\\\/uploads\\\/2023\\\/07\\\/kidsplay-logo.png\",\"contentUrl\":\"https:\\\/\\\/kidsplay.lt\\\/wp-content\\\/uploads\\\/2023\\\/07\\\/kidsplay-logo.png\",\"width\":451,\"height\":98,\"caption\":\"KidsPlay\"},\"image\":{\"@id\":\"https:\\\/\\\/kidsplay.lt\\\/#\\\/schema\\\/logo\\\/image\\\/\"},\"sameAs\":[\"https:\\\/\\\/www.facebook.com\\\/www.kidsplay.lt\"]}]}<\/script>\n<!-- \/ Yoast SEO plugin. -->","yoast_head_json":{"title":"\ufeffWOOPIE ark\u0101des sp\u0113le SERSO FUN CIRCLE GAME 3+","description":"\ufeffWOOPIE ark\u0101des sp\u0113le SERSO FUN CIRCLE GAME 3+","robots":{"index":"index","follow":"follow","max-snippet":"max-snippet:-1","max-image-preview":"max-image-preview:large","max-video-preview":"max-video-preview:-1"},"canonical":"https:\/\/kidsplay.lt\/lv\/products\/woopie-arkadinis-zaidimas-serso-fun-circle-game-3-2\/","og_locale":"lv_LV","og_type":"article","og_title":"\ufeff WOOPIE arkadinis \u017eaidimas SERSO FUN CIRCLE GAME 3+","og_description":"\ufeff WOOPIE arkadinis \u017eaidimas SERSO FUN CIRCLE GAME 3+","og_url":"https:\/\/kidsplay.lt\/lv\/products\/woopie-arkadinis-zaidimas-serso-fun-circle-game-3-2\/","og_site_name":"KidsPlay","article_publisher":"https:\/\/www.facebook.com\/www.kidsplay.lt","article_modified_time":"2026-04-07T07:49:19+00:00","og_image":[{"width":1000,"height":1000,"url":"https:\/\/kidsplay.lt\/wp-content\/uploads\/2025\/09\/\ufeff-WOOPIE-arkadinis-zaidimas-SERSO-FUN-CIRCLE-GAME-3.jpg","type":"image\/jpeg"}],"twitter_card":"summary_large_image","twitter_misc":{"Est. reading time":"1 min\u016bte"},"schema":{"@context":"https:\/\/schema.org","@graph":[{"@type":"WebPage","@id":"https:\/\/kidsplay.lt\/produktas\/woopie-arkadinis-zaidimas-serso-fun-circle-game-3-2\/","url":"https:\/\/kidsplay.lt\/produktas\/woopie-arkadinis-zaidimas-serso-fun-circle-game-3-2\/","name":"\ufeffWOOPIE ark\u0101des sp\u0113le SERSO FUN CIRCLE GAME 3+","isPartOf":{"@id":"https:\/\/kidsplay.lt\/#website"},"primaryImageOfPage":{"@id":"https:\/\/kidsplay.lt\/produktas\/woopie-arkadinis-zaidimas-serso-fun-circle-game-3-2\/#primaryimage"},"image":{"@id":"https:\/\/kidsplay.lt\/produktas\/woopie-arkadinis-zaidimas-serso-fun-circle-game-3-2\/#primaryimage"},"thumbnailUrl":"https:\/\/kidsplay.lt\/wp-content\/uploads\/2025\/09\/\ufeff-WOOPIE-arkadinis-zaidimas-SERSO-FUN-CIRCLE-GAME-3.jpg","datePublished":"2025-10-02T11:23:11+00:00","dateModified":"2026-04-07T07:49:19+00:00","description":"\ufeffWOOPIE ark\u0101des sp\u0113le SERSO FUN CIRCLE GAME 3+","breadcrumb":{"@id":"https:\/\/kidsplay.lt\/produktas\/woopie-arkadinis-zaidimas-serso-fun-circle-game-3-2\/#breadcrumb"},"inLanguage":"lv-LV","potentialAction":[{"@type":"ReadAction","target":["https:\/\/kidsplay.lt\/produktas\/woopie-arkadinis-zaidimas-serso-fun-circle-game-3-2\/"]}]},{"@type":"ImageObject","inLanguage":"lv-LV","@id":"https:\/\/kidsplay.lt\/produktas\/woopie-arkadinis-zaidimas-serso-fun-circle-game-3-2\/#primaryimage","url":"https:\/\/kidsplay.lt\/wp-content\/uploads\/2025\/09\/\ufeff-WOOPIE-arkadinis-zaidimas-SERSO-FUN-CIRCLE-GAME-3.jpg","contentUrl":"https:\/\/kidsplay.lt\/wp-content\/uploads\/2025\/09\/\ufeff-WOOPIE-arkadinis-zaidimas-SERSO-FUN-CIRCLE-GAME-3.jpg","width":1000,"height":1000,"caption":"\ufeff WOOPIE arkadinis \u017eaidimas SERSO FUN CIRCLE GAME 3+"},{"@type":"BreadcrumbList","@id":"https:\/\/kidsplay.lt\/produktas\/woopie-arkadinis-zaidimas-serso-fun-circle-game-3-2\/#breadcrumb","itemListElement":[{"@type":"ListItem","position":1,"name":"Pagrindinis","item":"https:\/\/kidsplay.lt\/"},{"@type":"ListItem","position":2,"name":"Parduotuv\u0117","item":"https:\/\/kidsplay.lt\/parduotuve\/"},{"@type":"ListItem","position":3,"name":"\ufeff WOOPIE arkadinis \u017eaidimas SERSO FUN CIRCLE GAME 3+"}]},{"@type":"WebSite","@id":"https:\/\/kidsplay.lt\/#website","url":"https:\/\/kidsplay.lt\/","name":"B\u0113rnu sp\u0113les.lv","description":"\u012evairios prek\u0117s vaikams","publisher":{"@id":"https:\/\/kidsplay.lt\/#organization"},"alternateName":"Kidsplay","potentialAction":[{"@type":"SearchAction","target":{"@type":"EntryPoint","urlTemplate":"https:\/\/kidsplay.lt\/?s={search_term_string}"},"query-input":{"@type":"PropertyValueSpecification","valueRequired":true,"valueName":"search_term_string"}}],"inLanguage":"lv-LV"},{"@type":"Organization","@id":"https:\/\/kidsplay.lt\/#organization","name":"B\u0113rnu sp\u0113le","url":"https:\/\/kidsplay.lt\/","logo":{"@type":"ImageObject","inLanguage":"lv-LV","@id":"https:\/\/kidsplay.lt\/#\/schema\/logo\/image\/","url":"https:\/\/kidsplay.lt\/wp-content\/uploads\/2023\/07\/kidsplay-logo.png","contentUrl":"https:\/\/kidsplay.lt\/wp-content\/uploads\/2023\/07\/kidsplay-logo.png","width":451,"height":98,"caption":"KidsPlay"},"image":{"@id":"https:\/\/kidsplay.lt\/#\/schema\/logo\/image\/"},"sameAs":["https:\/\/www.facebook.com\/www.kidsplay.lt"]}]}},"_links":{"self":[{"href":"https:\/\/kidsplay.lt\/lv\/wp-json\/wp\/v2\/product\/70968","targetHints":{"allow":["GET"]}}],"collection":[{"href":"https:\/\/kidsplay.lt\/lv\/wp-json\/wp\/v2\/product"}],"about":[{"href":"https:\/\/kidsplay.lt\/lv\/wp-json\/wp\/v2\/types\/product"}],"version-history":[{"count":3,"href":"https:\/\/kidsplay.lt\/lv\/wp-json\/wp\/v2\/product\/70968\/revisions"}],"predecessor-version":[{"id":80983,"href":"https:\/\/kidsplay.lt\/lv\/wp-json\/wp\/v2\/product\/70968\/revisions\/80983"}],"wp:featuredmedia":[{"embeddable":true,"href":"https:\/\/kidsplay.lt\/lv\/wp-json\/wp\/v2\/media\/66398"}],"wp:attachment":[{"href":"https:\/\/kidsplay.lt\/lv\/wp-json\/wp\/v2\/media?parent=70968"}],"wp:term":[{"taxonomy":"product_brand","embeddable":true,"href":"https:\/\/kidsplay.lt\/lv\/wp-json\/wp\/v2\/product_brand?post=70968"},{"taxonomy":"product_cat","embeddable":true,"href":"https:\/\/kidsplay.lt\/lv\/wp-json\/wp\/v2\/product_cat?post=70968"},{"taxonomy":"product_tag","embeddable":true,"href":"https:\/\/kidsplay.lt\/lv\/wp-json\/wp\/v2\/product_tag?post=70968"}],"curies":[{"name":"wp","href":"https:\/\/api.w.org\/{rel}","templated":true}]}}