{"id":70984,"date":"2025-10-02T14:24:11","date_gmt":"2025-10-02T11:24:11","guid":{"rendered":"https:\/\/kidsplay.lt\/produktas\/nuotoliniu-budu-valdomas-automobilio-rc-acrobat-360-sukimasis-su-24-ghz-nuotolinio-valdymo-pultu-2\/"},"modified":"2026-04-07T11:27:11","modified_gmt":"2026-04-07T08:27:11","slug":"nuotoliniu-budu-valdomas-automobilio-rc-acrobat-360-sukimasis-su-24-ghz-nuotolinio-valdymo-pultu-2","status":"publish","type":"product","link":"https:\/\/kidsplay.lt\/lv\/products\/nuotoliniu-budu-valdomas-automobilio-rc-acrobat-360-sukimasis-su-24-ghz-nuotolinio-valdymo-pultu-2\/","title":{"rendered":"Nuotoliniu b\u016bdu valdomas automobilio RC Acrobat 360 sukimasis su 2,4 GHz nuotolinio valdymo pultu"},"content":{"rendered":"<p>Nuotoliniu b\u016bdu valdomas\u00a0WOOPIE\u00a0prek\u0117s \u017eenklo kaskadinink\u0173 automobilis\u00a0yra puiki pramoga j\u016bs\u0173 vaikui valand\u0173 valandas! Automobilis, pritaikytas sunkesn\u0117ms lenktyni\u0173 trasoms ir triuk\u0173 pos\u016bkiams.\u00a0Automobilis yra ne tik puikus \u017eaislas\u00a0, bet ir funkcionalumo bei patrauklaus dizaino derinys, patraukiantis tiek vaik\u0173, tiek suaugusi\u0173j\u0173 d\u0117mes\u012f. Suteikia puik\u0173 malonum\u0105.\u00a0Be to,\u00a0modelyje n\u0117ra nelygybi\u0173 ir a\u0161tri\u0173 kra\u0161t\u0173\u00a0, tod\u0117l jis idealiai tinka saugiam vaik\u0173 \u017eaidimui.<\/p>\n<p>Charakteristika:<\/p>\n<p>&#8211; \u017daislas\u00a0nuo 3 met\u0173<br \/>\n&#8211; Nuotoliniu b\u016bdu valdomas \u017eaislas<br \/>\n&#8211;\u00a02,4 GHz si\u0173stuvas u\u017etikrina didesn\u012f atstum\u0105 ir greitesn\u012f atsak\u0105 \u012f komandas<br \/>\n&#8211; Tvirta konstrukcija, be a\u0161tri\u0173 briaun\u0173<br \/>\n&#8211; Ratai dekoruoti\u00a0LED lemput\u0117mis<br \/>\n&#8211;\u00a0Lanks\u010dios kaskadinink\u0173 padangos<\/p>\n<p>&#8211; Dvipusio slinkimo re\u017eimas<\/p>","protected":false},"excerpt":{"rendered":"<p>Nuotoliniu b\u016bdu valdomas automobilio RC Acrobat 360 sukimasis su 2,4 GHz nuotolinio valdymo pultu<\/p>","protected":false},"featured_media":56947,"template":"","meta":{"_acf_changed":false,"_glsr_average":0,"_glsr_ranking":0,"_glsr_reviews":0},"product_brand":[],"product_cat":[72,447,229],"product_tag":[],"class_list":{"0":"post-70984","1":"product","2":"type-product","3":"status-publish","4":"has-post-thumbnail","6":"product_cat-ispardavimas","7":"product_cat-rc-zaislai","8":"product_cat-zaislai-vaikams","9":"\"style=\"background-color: #2ecc711c;\"","11":"first","12":"instock","13":"sale","14":"purchasable","15":"product-type-simple"},"acf":[],"yoast_head":"<!-- This site is optimized with the Yoast SEO plugin v27.3 - https:\/\/yoast.com\/product\/yoast-seo-wordpress\/ -->\n<title>Nuotoliniu b\u016bdu valdomas automobilio RC Acrobat 360 sukimasis su 2,4 GHz nuotolinio valdymo pultu<\/title>\n<meta name=\"description\" content=\"Nuotoliniu b\u016bdu valdomas automobilio RC Acrobat 360 sukimasis su 2,4 GHz nuotolinio valdymo pultu\" \/>\n<meta name=\"robots\" content=\"index, follow, max-snippet:-1, max-image-preview:large, max-video-preview:-1\" \/>\n<link rel=\"canonical\" href=\"https:\/\/kidsplay.lt\/lv\/products\/nuotoliniu-budu-valdomas-automobilio-rc-acrobat-360-sukimasis-su-24-ghz-nuotolinio-valdymo-pultu-2\/\" \/>\n<meta property=\"og:locale\" content=\"lv_LV\" \/>\n<meta property=\"og:type\" content=\"article\" \/>\n<meta property=\"og:title\" content=\"Nuotoliniu b\u016bdu valdomas automobilio RC Acrobat 360 sukimasis su 2,4 GHz nuotolinio valdymo pultu\" \/>\n<meta property=\"og:description\" content=\"Nuotoliniu b\u016bdu valdomas automobilio RC Acrobat 360 sukimasis su 2,4 GHz nuotolinio valdymo pultu\" \/>\n<meta property=\"og:url\" content=\"https:\/\/kidsplay.lt\/lv\/products\/nuotoliniu-budu-valdomas-automobilio-rc-acrobat-360-sukimasis-su-24-ghz-nuotolinio-valdymo-pultu-2\/\" \/>\n<meta property=\"og:site_name\" content=\"KidsPlay\" \/>\n<meta property=\"article:publisher\" content=\"https:\/\/www.facebook.com\/www.kidsplay.lt\" \/>\n<meta property=\"article:modified_time\" content=\"2026-04-07T08:27:11+00:00\" \/>\n<meta property=\"og:image\" content=\"https:\/\/kidsplay.lt\/wp-content\/uploads\/2024\/09\/Nuotoliniu-budu-valdomas-automobilio-RC-Acrobat-360-sukimasis-su-24-GHz-nuotolinio-valdymo-pultu.jpg\" \/>\n\t<meta property=\"og:image:width\" content=\"1000\" \/>\n\t<meta property=\"og:image:height\" content=\"1000\" \/>\n\t<meta property=\"og:image:type\" content=\"image\/jpeg\" \/>\n<meta name=\"twitter:card\" content=\"summary_large_image\" \/>\n<meta name=\"twitter:label1\" content=\"Est. reading time\" \/>\n\t<meta name=\"twitter:data1\" content=\"1 min\u016bte\" \/>\n<script type=\"application\/ld+json\" class=\"yoast-schema-graph\">{\"@context\":\"https:\\\/\\\/schema.org\",\"@graph\":[{\"@type\":\"WebPage\",\"@id\":\"https:\\\/\\\/kidsplay.lt\\\/produktas\\\/nuotoliniu-budu-valdomas-automobilio-rc-acrobat-360-sukimasis-su-24-ghz-nuotolinio-valdymo-pultu-2\\\/\",\"url\":\"https:\\\/\\\/kidsplay.lt\\\/produktas\\\/nuotoliniu-budu-valdomas-automobilio-rc-acrobat-360-sukimasis-su-24-ghz-nuotolinio-valdymo-pultu-2\\\/\",\"name\":\"Nuotoliniu b\u016bdu valdomas automobilio RC Acrobat 360 sukimasis su 2,4 GHz nuotolinio valdymo pultu\",\"isPartOf\":{\"@id\":\"https:\\\/\\\/kidsplay.lt\\\/#website\"},\"primaryImageOfPage\":{\"@id\":\"https:\\\/\\\/kidsplay.lt\\\/produktas\\\/nuotoliniu-budu-valdomas-automobilio-rc-acrobat-360-sukimasis-su-24-ghz-nuotolinio-valdymo-pultu-2\\\/#primaryimage\"},\"image\":{\"@id\":\"https:\\\/\\\/kidsplay.lt\\\/produktas\\\/nuotoliniu-budu-valdomas-automobilio-rc-acrobat-360-sukimasis-su-24-ghz-nuotolinio-valdymo-pultu-2\\\/#primaryimage\"},\"thumbnailUrl\":\"https:\\\/\\\/kidsplay.lt\\\/wp-content\\\/uploads\\\/2024\\\/09\\\/Nuotoliniu-budu-valdomas-automobilio-RC-Acrobat-360-sukimasis-su-24-GHz-nuotolinio-valdymo-pultu.jpg\",\"datePublished\":\"2025-10-02T11:24:11+00:00\",\"dateModified\":\"2026-04-07T08:27:11+00:00\",\"description\":\"Nuotoliniu b\u016bdu valdomas automobilio RC Acrobat 360 sukimasis su 2,4 GHz nuotolinio valdymo pultu\",\"breadcrumb\":{\"@id\":\"https:\\\/\\\/kidsplay.lt\\\/produktas\\\/nuotoliniu-budu-valdomas-automobilio-rc-acrobat-360-sukimasis-su-24-ghz-nuotolinio-valdymo-pultu-2\\\/#breadcrumb\"},\"inLanguage\":\"lv-LV\",\"potentialAction\":[{\"@type\":\"ReadAction\",\"target\":[\"https:\\\/\\\/kidsplay.lt\\\/produktas\\\/nuotoliniu-budu-valdomas-automobilio-rc-acrobat-360-sukimasis-su-24-ghz-nuotolinio-valdymo-pultu-2\\\/\"]}]},{\"@type\":\"ImageObject\",\"inLanguage\":\"lv-LV\",\"@id\":\"https:\\\/\\\/kidsplay.lt\\\/produktas\\\/nuotoliniu-budu-valdomas-automobilio-rc-acrobat-360-sukimasis-su-24-ghz-nuotolinio-valdymo-pultu-2\\\/#primaryimage\",\"url\":\"https:\\\/\\\/kidsplay.lt\\\/wp-content\\\/uploads\\\/2024\\\/09\\\/Nuotoliniu-budu-valdomas-automobilio-RC-Acrobat-360-sukimasis-su-24-GHz-nuotolinio-valdymo-pultu.jpg\",\"contentUrl\":\"https:\\\/\\\/kidsplay.lt\\\/wp-content\\\/uploads\\\/2024\\\/09\\\/Nuotoliniu-budu-valdomas-automobilio-RC-Acrobat-360-sukimasis-su-24-GHz-nuotolinio-valdymo-pultu.jpg\",\"width\":1000,\"height\":1000,\"caption\":\"Nuotoliniu b\u016bdu valdomas automobilio RC Acrobat 360 sukimasis su 2\"},{\"@type\":\"BreadcrumbList\",\"@id\":\"https:\\\/\\\/kidsplay.lt\\\/produktas\\\/nuotoliniu-budu-valdomas-automobilio-rc-acrobat-360-sukimasis-su-24-ghz-nuotolinio-valdymo-pultu-2\\\/#breadcrumb\",\"itemListElement\":[{\"@type\":\"ListItem\",\"position\":1,\"name\":\"Pagrindinis\",\"item\":\"https:\\\/\\\/kidsplay.lt\\\/\"},{\"@type\":\"ListItem\",\"position\":2,\"name\":\"Parduotuv\u0117\",\"item\":\"https:\\\/\\\/kidsplay.lt\\\/parduotuve\\\/\"},{\"@type\":\"ListItem\",\"position\":3,\"name\":\"Nuotoliniu b\u016bdu valdomas automobilio RC Acrobat 360 sukimasis su 2,4 GHz nuotolinio valdymo pultu\"}]},{\"@type\":\"WebSite\",\"@id\":\"https:\\\/\\\/kidsplay.lt\\\/#website\",\"url\":\"https:\\\/\\\/kidsplay.lt\\\/\",\"name\":\"Kidsplay.lt\",\"description\":\"\u012evairios prek\u0117s vaikams\",\"publisher\":{\"@id\":\"https:\\\/\\\/kidsplay.lt\\\/#organization\"},\"alternateName\":\"Kidsplay\",\"potentialAction\":[{\"@type\":\"SearchAction\",\"target\":{\"@type\":\"EntryPoint\",\"urlTemplate\":\"https:\\\/\\\/kidsplay.lt\\\/?s={search_term_string}\"},\"query-input\":{\"@type\":\"PropertyValueSpecification\",\"valueRequired\":true,\"valueName\":\"search_term_string\"}}],\"inLanguage\":\"lv-LV\"},{\"@type\":\"Organization\",\"@id\":\"https:\\\/\\\/kidsplay.lt\\\/#organization\",\"name\":\"KidsPlay\",\"url\":\"https:\\\/\\\/kidsplay.lt\\\/\",\"logo\":{\"@type\":\"ImageObject\",\"inLanguage\":\"lv-LV\",\"@id\":\"https:\\\/\\\/kidsplay.lt\\\/#\\\/schema\\\/logo\\\/image\\\/\",\"url\":\"https:\\\/\\\/kidsplay.lt\\\/wp-content\\\/uploads\\\/2023\\\/07\\\/kidsplay-logo.png\",\"contentUrl\":\"https:\\\/\\\/kidsplay.lt\\\/wp-content\\\/uploads\\\/2023\\\/07\\\/kidsplay-logo.png\",\"width\":451,\"height\":98,\"caption\":\"KidsPlay\"},\"image\":{\"@id\":\"https:\\\/\\\/kidsplay.lt\\\/#\\\/schema\\\/logo\\\/image\\\/\"},\"sameAs\":[\"https:\\\/\\\/www.facebook.com\\\/www.kidsplay.lt\"]}]}<\/script>\n<!-- \/ Yoast SEO plugin. -->","yoast_head_json":{"title":"Nuotoliniu b\u016bdu valdomas automobilio RC Acrobat 360 sukimasis su 2,4 GHz nuotolinio valdymo pultu","description":"Nuotoliniu b\u016bdu valdomas automobilio RC Acrobat 360 sukimasis su 2,4 GHz nuotolinio valdymo pultu","robots":{"index":"index","follow":"follow","max-snippet":"max-snippet:-1","max-image-preview":"max-image-preview:large","max-video-preview":"max-video-preview:-1"},"canonical":"https:\/\/kidsplay.lt\/lv\/products\/nuotoliniu-budu-valdomas-automobilio-rc-acrobat-360-sukimasis-su-24-ghz-nuotolinio-valdymo-pultu-2\/","og_locale":"lv_LV","og_type":"article","og_title":"Nuotoliniu b\u016bdu valdomas automobilio RC Acrobat 360 sukimasis su 2,4 GHz nuotolinio valdymo pultu","og_description":"Nuotoliniu b\u016bdu valdomas automobilio RC Acrobat 360 sukimasis su 2,4 GHz nuotolinio valdymo pultu","og_url":"https:\/\/kidsplay.lt\/lv\/products\/nuotoliniu-budu-valdomas-automobilio-rc-acrobat-360-sukimasis-su-24-ghz-nuotolinio-valdymo-pultu-2\/","og_site_name":"KidsPlay","article_publisher":"https:\/\/www.facebook.com\/www.kidsplay.lt","article_modified_time":"2026-04-07T08:27:11+00:00","og_image":[{"width":1000,"height":1000,"url":"https:\/\/kidsplay.lt\/wp-content\/uploads\/2024\/09\/Nuotoliniu-budu-valdomas-automobilio-RC-Acrobat-360-sukimasis-su-24-GHz-nuotolinio-valdymo-pultu.jpg","type":"image\/jpeg"}],"twitter_card":"summary_large_image","twitter_misc":{"Est. reading time":"1 min\u016bte"},"schema":{"@context":"https:\/\/schema.org","@graph":[{"@type":"WebPage","@id":"https:\/\/kidsplay.lt\/produktas\/nuotoliniu-budu-valdomas-automobilio-rc-acrobat-360-sukimasis-su-24-ghz-nuotolinio-valdymo-pultu-2\/","url":"https:\/\/kidsplay.lt\/produktas\/nuotoliniu-budu-valdomas-automobilio-rc-acrobat-360-sukimasis-su-24-ghz-nuotolinio-valdymo-pultu-2\/","name":"Nuotoliniu b\u016bdu valdomas automobilio RC Acrobat 360 sukimasis su 2,4 GHz nuotolinio valdymo pultu","isPartOf":{"@id":"https:\/\/kidsplay.lt\/#website"},"primaryImageOfPage":{"@id":"https:\/\/kidsplay.lt\/produktas\/nuotoliniu-budu-valdomas-automobilio-rc-acrobat-360-sukimasis-su-24-ghz-nuotolinio-valdymo-pultu-2\/#primaryimage"},"image":{"@id":"https:\/\/kidsplay.lt\/produktas\/nuotoliniu-budu-valdomas-automobilio-rc-acrobat-360-sukimasis-su-24-ghz-nuotolinio-valdymo-pultu-2\/#primaryimage"},"thumbnailUrl":"https:\/\/kidsplay.lt\/wp-content\/uploads\/2024\/09\/Nuotoliniu-budu-valdomas-automobilio-RC-Acrobat-360-sukimasis-su-24-GHz-nuotolinio-valdymo-pultu.jpg","datePublished":"2025-10-02T11:24:11+00:00","dateModified":"2026-04-07T08:27:11+00:00","description":"Nuotoliniu b\u016bdu valdomas automobilio RC Acrobat 360 sukimasis su 2,4 GHz nuotolinio valdymo pultu","breadcrumb":{"@id":"https:\/\/kidsplay.lt\/produktas\/nuotoliniu-budu-valdomas-automobilio-rc-acrobat-360-sukimasis-su-24-ghz-nuotolinio-valdymo-pultu-2\/#breadcrumb"},"inLanguage":"lv-LV","potentialAction":[{"@type":"ReadAction","target":["https:\/\/kidsplay.lt\/produktas\/nuotoliniu-budu-valdomas-automobilio-rc-acrobat-360-sukimasis-su-24-ghz-nuotolinio-valdymo-pultu-2\/"]}]},{"@type":"ImageObject","inLanguage":"lv-LV","@id":"https:\/\/kidsplay.lt\/produktas\/nuotoliniu-budu-valdomas-automobilio-rc-acrobat-360-sukimasis-su-24-ghz-nuotolinio-valdymo-pultu-2\/#primaryimage","url":"https:\/\/kidsplay.lt\/wp-content\/uploads\/2024\/09\/Nuotoliniu-budu-valdomas-automobilio-RC-Acrobat-360-sukimasis-su-24-GHz-nuotolinio-valdymo-pultu.jpg","contentUrl":"https:\/\/kidsplay.lt\/wp-content\/uploads\/2024\/09\/Nuotoliniu-budu-valdomas-automobilio-RC-Acrobat-360-sukimasis-su-24-GHz-nuotolinio-valdymo-pultu.jpg","width":1000,"height":1000,"caption":"Nuotoliniu b\u016bdu valdomas automobilio RC Acrobat 360 sukimasis su 2"},{"@type":"BreadcrumbList","@id":"https:\/\/kidsplay.lt\/produktas\/nuotoliniu-budu-valdomas-automobilio-rc-acrobat-360-sukimasis-su-24-ghz-nuotolinio-valdymo-pultu-2\/#breadcrumb","itemListElement":[{"@type":"ListItem","position":1,"name":"Pagrindinis","item":"https:\/\/kidsplay.lt\/"},{"@type":"ListItem","position":2,"name":"Parduotuv\u0117","item":"https:\/\/kidsplay.lt\/parduotuve\/"},{"@type":"ListItem","position":3,"name":"Nuotoliniu b\u016bdu valdomas automobilio RC Acrobat 360 sukimasis su 2,4 GHz nuotolinio valdymo pultu"}]},{"@type":"WebSite","@id":"https:\/\/kidsplay.lt\/#website","url":"https:\/\/kidsplay.lt\/","name":"B\u0113rnu sp\u0113les.lv","description":"\u012evairios prek\u0117s vaikams","publisher":{"@id":"https:\/\/kidsplay.lt\/#organization"},"alternateName":"Kidsplay","potentialAction":[{"@type":"SearchAction","target":{"@type":"EntryPoint","urlTemplate":"https:\/\/kidsplay.lt\/?s={search_term_string}"},"query-input":{"@type":"PropertyValueSpecification","valueRequired":true,"valueName":"search_term_string"}}],"inLanguage":"lv-LV"},{"@type":"Organization","@id":"https:\/\/kidsplay.lt\/#organization","name":"B\u0113rnu sp\u0113le","url":"https:\/\/kidsplay.lt\/","logo":{"@type":"ImageObject","inLanguage":"lv-LV","@id":"https:\/\/kidsplay.lt\/#\/schema\/logo\/image\/","url":"https:\/\/kidsplay.lt\/wp-content\/uploads\/2023\/07\/kidsplay-logo.png","contentUrl":"https:\/\/kidsplay.lt\/wp-content\/uploads\/2023\/07\/kidsplay-logo.png","width":451,"height":98,"caption":"KidsPlay"},"image":{"@id":"https:\/\/kidsplay.lt\/#\/schema\/logo\/image\/"},"sameAs":["https:\/\/www.facebook.com\/www.kidsplay.lt"]}]}},"_links":{"self":[{"href":"https:\/\/kidsplay.lt\/lv\/wp-json\/wp\/v2\/product\/70984","targetHints":{"allow":["GET"]}}],"collection":[{"href":"https:\/\/kidsplay.lt\/lv\/wp-json\/wp\/v2\/product"}],"about":[{"href":"https:\/\/kidsplay.lt\/lv\/wp-json\/wp\/v2\/types\/product"}],"version-history":[{"count":4,"href":"https:\/\/kidsplay.lt\/lv\/wp-json\/wp\/v2\/product\/70984\/revisions"}],"predecessor-version":[{"id":81713,"href":"https:\/\/kidsplay.lt\/lv\/wp-json\/wp\/v2\/product\/70984\/revisions\/81713"}],"wp:featuredmedia":[{"embeddable":true,"href":"https:\/\/kidsplay.lt\/lv\/wp-json\/wp\/v2\/media\/56947"}],"wp:attachment":[{"href":"https:\/\/kidsplay.lt\/lv\/wp-json\/wp\/v2\/media?parent=70984"}],"wp:term":[{"taxonomy":"product_brand","embeddable":true,"href":"https:\/\/kidsplay.lt\/lv\/wp-json\/wp\/v2\/product_brand?post=70984"},{"taxonomy":"product_cat","embeddable":true,"href":"https:\/\/kidsplay.lt\/lv\/wp-json\/wp\/v2\/product_cat?post=70984"},{"taxonomy":"product_tag","embeddable":true,"href":"https:\/\/kidsplay.lt\/lv\/wp-json\/wp\/v2\/product_tag?post=70984"}],"curies":[{"name":"wp","href":"https:\/\/api.w.org\/{rel}","templated":true}]}}