{"id":71026,"date":"2025-10-02T14:26:27","date_gmt":"2025-10-02T11:26:27","guid":{"rendered":"https:\/\/kidsplay.lt\/produktas\/tooky-toy-medinis-variklio-kilpos-misko-labirintas-2\/"},"modified":"2026-04-07T10:49:58","modified_gmt":"2026-04-07T07:49:58","slug":"tooky-toy-medinis-variklio-kilpos-misko-labirintas-2","status":"publish","type":"product","link":"https:\/\/kidsplay.lt\/lv\/products\/tooky-toy-medinis-variklio-kilpos-misko-labirintas-2\/","title":{"rendered":"TOOKY TOY koka motora cilpas me\u017ea labirints"},"content":{"rendered":"<p>\u201e TOOKY\u00a0\u00a0TOY\u201c\u00a0\u00a0mi\u0161ko motorin\u0117s kilpos labirintas\u00a0yra puiki priemon\u0117\u00a0tiksliems rank\u0173 ir pir\u0161t\u0173 judesiams lavinti\u00a0. Gra\u017eiai pagaminta medin\u0117 lenta ir karoliukai, vaizduojantys \u017eavingus gyv\u016bnus, traukia ak\u012f savo spalvomis ir meistri\u0161kumu. Net i\u0161 pirmo \u017evilgsnio pasteb\u0117site, kad \u012fveikti net vien\u0105 karoliuk\u0105 ar gyv\u016bn\u0105 vienu\u00a0i\u0161 trij\u0173 mar\u0161rut\u0173\u00a0\u00a0bus nemenkas i\u0161\u0161\u016bkis. Trasos \u012fveikimas ambicingesniems ma\u017eiesiems tikrai suteiks pasiekimo jausm\u0105.<\/p>\n<p>Rakstur\u012bgs:<\/p>\n<p>&#8211; \u017eaislas\u00a0\u00a0nuo 24 m\u0117nesi\u0173 am\u017eiaus<br \/>\n&#8211; 3 variklio kilpos su spalvingais karoliukais ir ant j\u0173 suvertais gyv\u016bn\u0173 \u017eetonais<br \/>\n&#8211; pagaminta i\u0161 med\u017eio, saugiu vaikams b\u016bdu<br \/>\n&#8211; da\u017eyta netoksi\u0161kais da\u017eais<\/p>\n<p>Rota\u013clieta att\u012bst\u0101s:<\/p>\n<p>&#8211;\u00a0\u00a0smulkiosios motorikos \u012fg\u016bd\u017eiai<br \/>\n&#8211; aki\u0173-rank\u0173 koordinacija<br \/>\n&#8211; loginis m\u0105stymas<br \/>\n&#8211; koncentracija<\/p>","protected":false},"excerpt":{"rendered":"<p>TOOKY TOY koka motora cilpas me\u017ea labirints<\/p>","protected":false},"featured_media":66495,"template":"","meta":{"_acf_changed":false,"_glsr_average":0,"_glsr_ranking":0,"_glsr_reviews":0},"product_brand":[],"product_cat":[72,396,229],"product_tag":[],"class_list":{"0":"post-71026","1":"product","2":"type-product","3":"status-publish","4":"has-post-thumbnail","6":"product_cat-ispardavimas","7":"product_cat-kudikiu-zaislai-vaikams2","8":"product_cat-zaislai-vaikams","9":"\"style=\"background-color: #2ecc711c;\"","11":"first","12":"instock","13":"sale","14":"purchasable","15":"product-type-simple"},"acf":[],"yoast_head":"<!-- This site is optimized with the Yoast SEO plugin v27.3 - https:\/\/yoast.com\/product\/yoast-seo-wordpress\/ -->\n<title>TOOKY TOY medinis variklio kilpos mi\u0161ko labirintas<\/title>\n<meta name=\"description\" content=\"TOOKY TOY medinis variklio kilpos mi\u0161ko labirintas\" \/>\n<meta name=\"robots\" content=\"index, follow, max-snippet:-1, max-image-preview:large, max-video-preview:-1\" \/>\n<link rel=\"canonical\" href=\"https:\/\/kidsplay.lt\/lv\/products\/tooky-toy-medinis-variklio-kilpos-misko-labirintas-2\/\" \/>\n<meta property=\"og:locale\" content=\"lv_LV\" \/>\n<meta property=\"og:type\" content=\"article\" \/>\n<meta property=\"og:title\" content=\"TOOKY TOY medinis variklio kilpos mi\u0161ko labirintas\" \/>\n<meta property=\"og:description\" content=\"TOOKY TOY medinis variklio kilpos mi\u0161ko labirintas\" \/>\n<meta property=\"og:url\" content=\"https:\/\/kidsplay.lt\/lv\/products\/tooky-toy-medinis-variklio-kilpos-misko-labirintas-2\/\" \/>\n<meta property=\"og:site_name\" content=\"KidsPlay\" \/>\n<meta property=\"article:publisher\" content=\"https:\/\/www.facebook.com\/www.kidsplay.lt\" \/>\n<meta property=\"article:modified_time\" content=\"2026-04-07T07:49:58+00:00\" \/>\n<meta property=\"og:image\" content=\"https:\/\/kidsplay.lt\/wp-content\/uploads\/2025\/09\/TOOKY-TOY-medinis-variklio-kilpos-misko-labirintas.jpg\" \/>\n\t<meta property=\"og:image:width\" content=\"1000\" \/>\n\t<meta property=\"og:image:height\" content=\"1000\" \/>\n\t<meta property=\"og:image:type\" content=\"image\/jpeg\" \/>\n<meta name=\"twitter:card\" content=\"summary_large_image\" \/>\n<meta name=\"twitter:label1\" content=\"Est. reading time\" \/>\n\t<meta name=\"twitter:data1\" content=\"1 min\u016bte\" \/>\n<script type=\"application\/ld+json\" class=\"yoast-schema-graph\">{\"@context\":\"https:\\\/\\\/schema.org\",\"@graph\":[{\"@type\":\"WebPage\",\"@id\":\"https:\\\/\\\/kidsplay.lt\\\/produktas\\\/tooky-toy-medinis-variklio-kilpos-misko-labirintas-2\\\/\",\"url\":\"https:\\\/\\\/kidsplay.lt\\\/produktas\\\/tooky-toy-medinis-variklio-kilpos-misko-labirintas-2\\\/\",\"name\":\"TOOKY TOY medinis variklio kilpos mi\u0161ko labirintas\",\"isPartOf\":{\"@id\":\"https:\\\/\\\/kidsplay.lt\\\/#website\"},\"primaryImageOfPage\":{\"@id\":\"https:\\\/\\\/kidsplay.lt\\\/produktas\\\/tooky-toy-medinis-variklio-kilpos-misko-labirintas-2\\\/#primaryimage\"},\"image\":{\"@id\":\"https:\\\/\\\/kidsplay.lt\\\/produktas\\\/tooky-toy-medinis-variklio-kilpos-misko-labirintas-2\\\/#primaryimage\"},\"thumbnailUrl\":\"https:\\\/\\\/kidsplay.lt\\\/wp-content\\\/uploads\\\/2025\\\/09\\\/TOOKY-TOY-medinis-variklio-kilpos-misko-labirintas.jpg\",\"datePublished\":\"2025-10-02T11:26:27+00:00\",\"dateModified\":\"2026-04-07T07:49:58+00:00\",\"description\":\"TOOKY TOY medinis variklio kilpos mi\u0161ko labirintas\",\"breadcrumb\":{\"@id\":\"https:\\\/\\\/kidsplay.lt\\\/produktas\\\/tooky-toy-medinis-variklio-kilpos-misko-labirintas-2\\\/#breadcrumb\"},\"inLanguage\":\"lv-LV\",\"potentialAction\":[{\"@type\":\"ReadAction\",\"target\":[\"https:\\\/\\\/kidsplay.lt\\\/produktas\\\/tooky-toy-medinis-variklio-kilpos-misko-labirintas-2\\\/\"]}]},{\"@type\":\"ImageObject\",\"inLanguage\":\"lv-LV\",\"@id\":\"https:\\\/\\\/kidsplay.lt\\\/produktas\\\/tooky-toy-medinis-variklio-kilpos-misko-labirintas-2\\\/#primaryimage\",\"url\":\"https:\\\/\\\/kidsplay.lt\\\/wp-content\\\/uploads\\\/2025\\\/09\\\/TOOKY-TOY-medinis-variklio-kilpos-misko-labirintas.jpg\",\"contentUrl\":\"https:\\\/\\\/kidsplay.lt\\\/wp-content\\\/uploads\\\/2025\\\/09\\\/TOOKY-TOY-medinis-variklio-kilpos-misko-labirintas.jpg\",\"width\":1000,\"height\":1000,\"caption\":\"TOOKY TOY medinis variklio kilpos mi\u0161ko labirintas\"},{\"@type\":\"BreadcrumbList\",\"@id\":\"https:\\\/\\\/kidsplay.lt\\\/produktas\\\/tooky-toy-medinis-variklio-kilpos-misko-labirintas-2\\\/#breadcrumb\",\"itemListElement\":[{\"@type\":\"ListItem\",\"position\":1,\"name\":\"Pagrindinis\",\"item\":\"https:\\\/\\\/kidsplay.lt\\\/\"},{\"@type\":\"ListItem\",\"position\":2,\"name\":\"Parduotuv\u0117\",\"item\":\"https:\\\/\\\/kidsplay.lt\\\/parduotuve\\\/\"},{\"@type\":\"ListItem\",\"position\":3,\"name\":\"TOOKY TOY medinis variklio kilpos mi\u0161ko labirintas\"}]},{\"@type\":\"WebSite\",\"@id\":\"https:\\\/\\\/kidsplay.lt\\\/#website\",\"url\":\"https:\\\/\\\/kidsplay.lt\\\/\",\"name\":\"Kidsplay.lt\",\"description\":\"\u012evairios prek\u0117s vaikams\",\"publisher\":{\"@id\":\"https:\\\/\\\/kidsplay.lt\\\/#organization\"},\"alternateName\":\"Kidsplay\",\"potentialAction\":[{\"@type\":\"SearchAction\",\"target\":{\"@type\":\"EntryPoint\",\"urlTemplate\":\"https:\\\/\\\/kidsplay.lt\\\/?s={search_term_string}\"},\"query-input\":{\"@type\":\"PropertyValueSpecification\",\"valueRequired\":true,\"valueName\":\"search_term_string\"}}],\"inLanguage\":\"lv-LV\"},{\"@type\":\"Organization\",\"@id\":\"https:\\\/\\\/kidsplay.lt\\\/#organization\",\"name\":\"KidsPlay\",\"url\":\"https:\\\/\\\/kidsplay.lt\\\/\",\"logo\":{\"@type\":\"ImageObject\",\"inLanguage\":\"lv-LV\",\"@id\":\"https:\\\/\\\/kidsplay.lt\\\/#\\\/schema\\\/logo\\\/image\\\/\",\"url\":\"https:\\\/\\\/kidsplay.lt\\\/wp-content\\\/uploads\\\/2023\\\/07\\\/kidsplay-logo.png\",\"contentUrl\":\"https:\\\/\\\/kidsplay.lt\\\/wp-content\\\/uploads\\\/2023\\\/07\\\/kidsplay-logo.png\",\"width\":451,\"height\":98,\"caption\":\"KidsPlay\"},\"image\":{\"@id\":\"https:\\\/\\\/kidsplay.lt\\\/#\\\/schema\\\/logo\\\/image\\\/\"},\"sameAs\":[\"https:\\\/\\\/www.facebook.com\\\/www.kidsplay.lt\"]}]}<\/script>\n<!-- \/ Yoast SEO plugin. -->","yoast_head_json":{"title":"TOOKY TOY koka motora cilpas me\u017ea labirints","description":"TOOKY TOY koka motora cilpas me\u017ea labirints","robots":{"index":"index","follow":"follow","max-snippet":"max-snippet:-1","max-image-preview":"max-image-preview:large","max-video-preview":"max-video-preview:-1"},"canonical":"https:\/\/kidsplay.lt\/lv\/products\/tooky-toy-medinis-variklio-kilpos-misko-labirintas-2\/","og_locale":"lv_LV","og_type":"article","og_title":"TOOKY TOY medinis variklio kilpos mi\u0161ko labirintas","og_description":"TOOKY TOY medinis variklio kilpos mi\u0161ko labirintas","og_url":"https:\/\/kidsplay.lt\/lv\/products\/tooky-toy-medinis-variklio-kilpos-misko-labirintas-2\/","og_site_name":"KidsPlay","article_publisher":"https:\/\/www.facebook.com\/www.kidsplay.lt","article_modified_time":"2026-04-07T07:49:58+00:00","og_image":[{"width":1000,"height":1000,"url":"https:\/\/kidsplay.lt\/wp-content\/uploads\/2025\/09\/TOOKY-TOY-medinis-variklio-kilpos-misko-labirintas.jpg","type":"image\/jpeg"}],"twitter_card":"summary_large_image","twitter_misc":{"Est. reading time":"1 min\u016bte"},"schema":{"@context":"https:\/\/schema.org","@graph":[{"@type":"WebPage","@id":"https:\/\/kidsplay.lt\/produktas\/tooky-toy-medinis-variklio-kilpos-misko-labirintas-2\/","url":"https:\/\/kidsplay.lt\/produktas\/tooky-toy-medinis-variklio-kilpos-misko-labirintas-2\/","name":"TOOKY TOY koka motora cilpas me\u017ea labirints","isPartOf":{"@id":"https:\/\/kidsplay.lt\/#website"},"primaryImageOfPage":{"@id":"https:\/\/kidsplay.lt\/produktas\/tooky-toy-medinis-variklio-kilpos-misko-labirintas-2\/#primaryimage"},"image":{"@id":"https:\/\/kidsplay.lt\/produktas\/tooky-toy-medinis-variklio-kilpos-misko-labirintas-2\/#primaryimage"},"thumbnailUrl":"https:\/\/kidsplay.lt\/wp-content\/uploads\/2025\/09\/TOOKY-TOY-medinis-variklio-kilpos-misko-labirintas.jpg","datePublished":"2025-10-02T11:26:27+00:00","dateModified":"2026-04-07T07:49:58+00:00","description":"TOOKY TOY koka motora cilpas me\u017ea labirints","breadcrumb":{"@id":"https:\/\/kidsplay.lt\/produktas\/tooky-toy-medinis-variklio-kilpos-misko-labirintas-2\/#breadcrumb"},"inLanguage":"lv-LV","potentialAction":[{"@type":"ReadAction","target":["https:\/\/kidsplay.lt\/produktas\/tooky-toy-medinis-variklio-kilpos-misko-labirintas-2\/"]}]},{"@type":"ImageObject","inLanguage":"lv-LV","@id":"https:\/\/kidsplay.lt\/produktas\/tooky-toy-medinis-variklio-kilpos-misko-labirintas-2\/#primaryimage","url":"https:\/\/kidsplay.lt\/wp-content\/uploads\/2025\/09\/TOOKY-TOY-medinis-variklio-kilpos-misko-labirintas.jpg","contentUrl":"https:\/\/kidsplay.lt\/wp-content\/uploads\/2025\/09\/TOOKY-TOY-medinis-variklio-kilpos-misko-labirintas.jpg","width":1000,"height":1000,"caption":"TOOKY TOY medinis variklio kilpos mi\u0161ko labirintas"},{"@type":"BreadcrumbList","@id":"https:\/\/kidsplay.lt\/produktas\/tooky-toy-medinis-variklio-kilpos-misko-labirintas-2\/#breadcrumb","itemListElement":[{"@type":"ListItem","position":1,"name":"Pagrindinis","item":"https:\/\/kidsplay.lt\/"},{"@type":"ListItem","position":2,"name":"Parduotuv\u0117","item":"https:\/\/kidsplay.lt\/parduotuve\/"},{"@type":"ListItem","position":3,"name":"TOOKY TOY medinis variklio kilpos mi\u0161ko labirintas"}]},{"@type":"WebSite","@id":"https:\/\/kidsplay.lt\/#website","url":"https:\/\/kidsplay.lt\/","name":"B\u0113rnu sp\u0113les.lv","description":"\u012evairios prek\u0117s vaikams","publisher":{"@id":"https:\/\/kidsplay.lt\/#organization"},"alternateName":"Kidsplay","potentialAction":[{"@type":"SearchAction","target":{"@type":"EntryPoint","urlTemplate":"https:\/\/kidsplay.lt\/?s={search_term_string}"},"query-input":{"@type":"PropertyValueSpecification","valueRequired":true,"valueName":"search_term_string"}}],"inLanguage":"lv-LV"},{"@type":"Organization","@id":"https:\/\/kidsplay.lt\/#organization","name":"B\u0113rnu sp\u0113le","url":"https:\/\/kidsplay.lt\/","logo":{"@type":"ImageObject","inLanguage":"lv-LV","@id":"https:\/\/kidsplay.lt\/#\/schema\/logo\/image\/","url":"https:\/\/kidsplay.lt\/wp-content\/uploads\/2023\/07\/kidsplay-logo.png","contentUrl":"https:\/\/kidsplay.lt\/wp-content\/uploads\/2023\/07\/kidsplay-logo.png","width":451,"height":98,"caption":"KidsPlay"},"image":{"@id":"https:\/\/kidsplay.lt\/#\/schema\/logo\/image\/"},"sameAs":["https:\/\/www.facebook.com\/www.kidsplay.lt"]}]}},"_links":{"self":[{"href":"https:\/\/kidsplay.lt\/lv\/wp-json\/wp\/v2\/product\/71026","targetHints":{"allow":["GET"]}}],"collection":[{"href":"https:\/\/kidsplay.lt\/lv\/wp-json\/wp\/v2\/product"}],"about":[{"href":"https:\/\/kidsplay.lt\/lv\/wp-json\/wp\/v2\/types\/product"}],"version-history":[{"count":3,"href":"https:\/\/kidsplay.lt\/lv\/wp-json\/wp\/v2\/product\/71026\/revisions"}],"predecessor-version":[{"id":80750,"href":"https:\/\/kidsplay.lt\/lv\/wp-json\/wp\/v2\/product\/71026\/revisions\/80750"}],"wp:featuredmedia":[{"embeddable":true,"href":"https:\/\/kidsplay.lt\/lv\/wp-json\/wp\/v2\/media\/66495"}],"wp:attachment":[{"href":"https:\/\/kidsplay.lt\/lv\/wp-json\/wp\/v2\/media?parent=71026"}],"wp:term":[{"taxonomy":"product_brand","embeddable":true,"href":"https:\/\/kidsplay.lt\/lv\/wp-json\/wp\/v2\/product_brand?post=71026"},{"taxonomy":"product_cat","embeddable":true,"href":"https:\/\/kidsplay.lt\/lv\/wp-json\/wp\/v2\/product_cat?post=71026"},{"taxonomy":"product_tag","embeddable":true,"href":"https:\/\/kidsplay.lt\/lv\/wp-json\/wp\/v2\/product_tag?post=71026"}],"curies":[{"name":"wp","href":"https:\/\/api.w.org\/{rel}","templated":true}]}}