{"id":71138,"date":"2025-10-02T14:32:49","date_gmt":"2025-10-02T11:32:49","guid":{"rendered":"https:\/\/kidsplay.lt\/produktas\/tooky-toy-manipuliavimo-lenta-spynos-krumpliaraciai-rusiavimo-laikrodis-2\/"},"modified":"2026-04-13T15:14:12","modified_gmt":"2026-04-13T12:14:12","slug":"tooky-toy-manipuliavimo-lenta-spynos-krumpliaraciai-rusiavimo-laikrodis-2","status":"publish","type":"product","link":"https:\/\/kidsplay.lt\/lv\/products\/tooky-toy-manipuliavimo-lenta-spynos-krumpliaraciai-rusiavimo-laikrodis-2\/","title":{"rendered":"TOOKY TOY manipulat\u012bvais d\u0113lis, sl\u0113dzenes, zobrati, \u0161\u0137iro\u0161anas pulkstenis"},"content":{"rendered":"<p>U\u017etrauktuk\u0173 ir u\u017esegim\u0173 paslap\u010di\u0173 atradimas tampa d\u017eiaugsmingu nuotykiu su fantasti\u0161ka\u00a0\u201eTooky\u201c \u017eaisline\u00a0lenta ! \u0160i lavinamoji lenta skirta k\u016brybi\u0161kai ir \u012ftraukian\u010diai lavinti j\u016bs\u0173 vaiko \u012fg\u016bd\u017eius.<\/p>\n<p>Lenta susideda i\u0161 tvirtos medin\u0117s lentos su\u00a0trimis skirtingais u\u017eraktais.\u00a0U\u017e j\u0173 yra \u017eav\u016bs gyv\u016bn\u0173 paveiksl\u0117liai, kurie dar labiau \u012fkvepia j\u016bs\u0173 ma\u017eylio vaizduot\u0119. Lentoje taip pat yra\u00a0interaktyvi\u0173 krumpliara\u010di\u0173,\u00a0kad b\u016bt\u0173 dar smagiau. Vaikai gali jas laisvai sukti, lavindami smulki\u0105j\u0105 motorik\u0105 ir \u0161viesos bei \u0161e\u0161\u0117lio suvokim\u0105.<\/p>\n<p>Siekiant sustiprinti lentos edukacin\u012f pob\u016bd\u012f, joje taip pat yra\u00a0d\u0117lion\u0117 su \u012fvairi\u0173 form\u0173 ir spalv\u0173 smeigtukais\u00a0. Kiekvienas smeigtukas po apa\u010dia slepia nuostab\u0173 paveiksl\u0117l\u012f, kuris ne tik lavina form\u0173 atpa\u017einimo \u012fg\u016bd\u017eius, bet ir skatina tyrin\u0117jim\u0105 bei login\u012f m\u0105stym\u0105.<\/p>\n<p>Ir tai dar ne viskas! \u017daislin\u0117je lentoje \u201eTooky\u201c taip pat yra \u017eavus laikrodis su judan\u010diomis rodykl\u0117mis, leid\u017eiantis ma\u017eyliams mokytis laiko ir lavinti laiko skai\u010diavimo \u012fg\u016bd\u017eius. Tai i\u0161samus edukacinis sprendimas, lavinantis tiek smulki\u0105j\u0105 motorik\u0105, tiek login\u012f m\u0105stym\u0105.<\/p>\n<p>Rakstur\u012bgs:<\/p>\n<p>&#8211; \u017eaislas, skirtas vaikams nuo 3 met\u0173 am\u017eiaus<br \/>\n&#8211; \u017eaislas turi daug veikl\u0173: spynos, langai, krumpliara\u010diai, d\u0117lion\u0117, laikrodis<br \/>\n&#8211; pagaminta i\u0161 med\u017eio, da\u017eyta saugiais ir patvariais da\u017eais<\/p>\n<p>Rota\u013clieta att\u012bst\u0101s:<\/p>\n<p>&#8211; smulkiosios motorikos \u012fg\u016bd\u017eiai<br \/>\n&#8211; rankiniai \u012fg\u016bd\u017eiai<br \/>\n&#8211; koordinavimas<br \/>\n\u2013 rado\u0161ums<br \/>\n\u2013 izt\u0113le<\/p>","protected":false},"excerpt":{"rendered":"<p>TOOKY TOY manipulat\u012bvais d\u0113lis, sl\u0113dzenes, zobrati, \u0161\u0137iro\u0161anas pulkstenis<\/p>","protected":false},"featured_media":62010,"template":"","meta":{"_acf_changed":false,"_glsr_average":0,"_glsr_ranking":0,"_glsr_reviews":0},"product_brand":[],"product_cat":[72,549,229],"product_tag":[],"class_list":{"0":"post-71138","1":"product","2":"type-product","3":"status-publish","4":"has-post-thumbnail","6":"product_cat-ispardavimas","7":"product_cat-manipuliacines-lentos","8":"product_cat-zaislai-vaikams","9":"\"style=\"background-color: #2ecc711c;\"","11":"first","12":"instock","13":"sale","14":"purchasable","15":"product-type-simple"},"acf":[],"yoast_head":"<!-- This site is optimized with the Yoast SEO plugin v27.4 - https:\/\/yoast.com\/product\/yoast-seo-wordpress\/ -->\n<title>TOOKY TOY manipuliavimo lenta, spynos, krumpliara\u010diai, r\u016b\u0161iavimo laikrodis<\/title>\n<meta name=\"description\" content=\"TOOKY TOY manipuliavimo lenta, spynos, krumpliara\u010diai, r\u016b\u0161iavimo laikrodis\" \/>\n<meta name=\"robots\" content=\"index, follow, max-snippet:-1, max-image-preview:large, max-video-preview:-1\" \/>\n<link rel=\"canonical\" href=\"https:\/\/kidsplay.lt\/lv\/products\/tooky-toy-manipuliavimo-lenta-spynos-krumpliaraciai-rusiavimo-laikrodis-2\/\" \/>\n<meta property=\"og:locale\" content=\"lv_LV\" \/>\n<meta property=\"og:type\" content=\"article\" \/>\n<meta property=\"og:title\" content=\"TOOKY TOY manipuliavimo lenta, spynos, krumpliara\u010diai, r\u016b\u0161iavimo laikrodis\" \/>\n<meta property=\"og:description\" content=\"TOOKY TOY manipuliavimo lenta, spynos, krumpliara\u010diai, r\u016b\u0161iavimo laikrodis\" \/>\n<meta property=\"og:url\" content=\"https:\/\/kidsplay.lt\/lv\/products\/tooky-toy-manipuliavimo-lenta-spynos-krumpliaraciai-rusiavimo-laikrodis-2\/\" \/>\n<meta property=\"og:site_name\" content=\"KidsPlay\" \/>\n<meta property=\"article:publisher\" content=\"https:\/\/www.facebook.com\/www.kidsplay.lt\" \/>\n<meta property=\"article:modified_time\" content=\"2026-04-13T12:14:12+00:00\" \/>\n<meta property=\"og:image\" content=\"https:\/\/kidsplay.lt\/wp-content\/uploads\/2025\/09\/TOOKY-TOY-manipuliavimo-lenta-spynos-krumpliaraciai-rusiavimo-laikrodis.jpg\" \/>\n\t<meta property=\"og:image:width\" content=\"1000\" \/>\n\t<meta property=\"og:image:height\" content=\"1000\" \/>\n\t<meta property=\"og:image:type\" content=\"image\/jpeg\" \/>\n<meta name=\"twitter:card\" content=\"summary_large_image\" \/>\n<meta name=\"twitter:label1\" content=\"Est. reading time\" \/>\n\t<meta name=\"twitter:data1\" content=\"2 min\u016btes\" \/>\n<script type=\"application\/ld+json\" class=\"yoast-schema-graph\">{\"@context\":\"https:\\\/\\\/schema.org\",\"@graph\":[{\"@type\":\"WebPage\",\"@id\":\"https:\\\/\\\/kidsplay.lt\\\/produktas\\\/tooky-toy-manipuliavimo-lenta-spynos-krumpliaraciai-rusiavimo-laikrodis-2\\\/\",\"url\":\"https:\\\/\\\/kidsplay.lt\\\/produktas\\\/tooky-toy-manipuliavimo-lenta-spynos-krumpliaraciai-rusiavimo-laikrodis-2\\\/\",\"name\":\"TOOKY TOY manipuliavimo lenta, spynos, krumpliara\u010diai, r\u016b\u0161iavimo laikrodis\",\"isPartOf\":{\"@id\":\"https:\\\/\\\/kidsplay.lt\\\/#website\"},\"primaryImageOfPage\":{\"@id\":\"https:\\\/\\\/kidsplay.lt\\\/produktas\\\/tooky-toy-manipuliavimo-lenta-spynos-krumpliaraciai-rusiavimo-laikrodis-2\\\/#primaryimage\"},\"image\":{\"@id\":\"https:\\\/\\\/kidsplay.lt\\\/produktas\\\/tooky-toy-manipuliavimo-lenta-spynos-krumpliaraciai-rusiavimo-laikrodis-2\\\/#primaryimage\"},\"thumbnailUrl\":\"https:\\\/\\\/kidsplay.lt\\\/wp-content\\\/uploads\\\/2025\\\/09\\\/TOOKY-TOY-manipuliavimo-lenta-spynos-krumpliaraciai-rusiavimo-laikrodis.jpg\",\"datePublished\":\"2025-10-02T11:32:49+00:00\",\"dateModified\":\"2026-04-13T12:14:12+00:00\",\"description\":\"TOOKY TOY manipuliavimo lenta, spynos, krumpliara\u010diai, r\u016b\u0161iavimo laikrodis\",\"breadcrumb\":{\"@id\":\"https:\\\/\\\/kidsplay.lt\\\/produktas\\\/tooky-toy-manipuliavimo-lenta-spynos-krumpliaraciai-rusiavimo-laikrodis-2\\\/#breadcrumb\"},\"inLanguage\":\"lv-LV\",\"potentialAction\":[{\"@type\":\"ReadAction\",\"target\":[\"https:\\\/\\\/kidsplay.lt\\\/produktas\\\/tooky-toy-manipuliavimo-lenta-spynos-krumpliaraciai-rusiavimo-laikrodis-2\\\/\"]}]},{\"@type\":\"ImageObject\",\"inLanguage\":\"lv-LV\",\"@id\":\"https:\\\/\\\/kidsplay.lt\\\/produktas\\\/tooky-toy-manipuliavimo-lenta-spynos-krumpliaraciai-rusiavimo-laikrodis-2\\\/#primaryimage\",\"url\":\"https:\\\/\\\/kidsplay.lt\\\/wp-content\\\/uploads\\\/2025\\\/09\\\/TOOKY-TOY-manipuliavimo-lenta-spynos-krumpliaraciai-rusiavimo-laikrodis.jpg\",\"contentUrl\":\"https:\\\/\\\/kidsplay.lt\\\/wp-content\\\/uploads\\\/2025\\\/09\\\/TOOKY-TOY-manipuliavimo-lenta-spynos-krumpliaraciai-rusiavimo-laikrodis.jpg\",\"width\":1000,\"height\":1000,\"caption\":\"TOOKY TOY manipuliavimo lenta\"},{\"@type\":\"BreadcrumbList\",\"@id\":\"https:\\\/\\\/kidsplay.lt\\\/produktas\\\/tooky-toy-manipuliavimo-lenta-spynos-krumpliaraciai-rusiavimo-laikrodis-2\\\/#breadcrumb\",\"itemListElement\":[{\"@type\":\"ListItem\",\"position\":1,\"name\":\"Pagrindinis\",\"item\":\"https:\\\/\\\/kidsplay.lt\\\/\"},{\"@type\":\"ListItem\",\"position\":2,\"name\":\"Parduotuv\u0117\",\"item\":\"https:\\\/\\\/kidsplay.lt\\\/parduotuve\\\/\"},{\"@type\":\"ListItem\",\"position\":3,\"name\":\"TOOKY TOY manipuliavimo lenta, spynos, krumpliara\u010diai, r\u016b\u0161iavimo laikrodis\"}]},{\"@type\":\"WebSite\",\"@id\":\"https:\\\/\\\/kidsplay.lt\\\/#website\",\"url\":\"https:\\\/\\\/kidsplay.lt\\\/\",\"name\":\"Kidsplay.lt\",\"description\":\"\u012evairios prek\u0117s vaikams\",\"publisher\":{\"@id\":\"https:\\\/\\\/kidsplay.lt\\\/#organization\"},\"alternateName\":\"Kidsplay\",\"potentialAction\":[{\"@type\":\"SearchAction\",\"target\":{\"@type\":\"EntryPoint\",\"urlTemplate\":\"https:\\\/\\\/kidsplay.lt\\\/?s={search_term_string}\"},\"query-input\":{\"@type\":\"PropertyValueSpecification\",\"valueRequired\":true,\"valueName\":\"search_term_string\"}}],\"inLanguage\":\"lv-LV\"},{\"@type\":\"Organization\",\"@id\":\"https:\\\/\\\/kidsplay.lt\\\/#organization\",\"name\":\"KidsPlay\",\"url\":\"https:\\\/\\\/kidsplay.lt\\\/\",\"logo\":{\"@type\":\"ImageObject\",\"inLanguage\":\"lv-LV\",\"@id\":\"https:\\\/\\\/kidsplay.lt\\\/#\\\/schema\\\/logo\\\/image\\\/\",\"url\":\"https:\\\/\\\/kidsplay.lt\\\/wp-content\\\/uploads\\\/2023\\\/07\\\/kidsplay-logo.png\",\"contentUrl\":\"https:\\\/\\\/kidsplay.lt\\\/wp-content\\\/uploads\\\/2023\\\/07\\\/kidsplay-logo.png\",\"width\":451,\"height\":98,\"caption\":\"KidsPlay\"},\"image\":{\"@id\":\"https:\\\/\\\/kidsplay.lt\\\/#\\\/schema\\\/logo\\\/image\\\/\"},\"sameAs\":[\"https:\\\/\\\/www.facebook.com\\\/www.kidsplay.lt\"]}]}<\/script>\n<!-- \/ Yoast SEO plugin. -->","yoast_head_json":{"title":"TOOKY TOY manipulat\u012bvais d\u0113lis, sl\u0113dzenes, zobrati, \u0161\u0137iro\u0161anas pulkstenis","description":"TOOKY TOY manipulat\u012bvais d\u0113lis, sl\u0113dzenes, zobrati, \u0161\u0137iro\u0161anas pulkstenis","robots":{"index":"index","follow":"follow","max-snippet":"max-snippet:-1","max-image-preview":"max-image-preview:large","max-video-preview":"max-video-preview:-1"},"canonical":"https:\/\/kidsplay.lt\/lv\/products\/tooky-toy-manipuliavimo-lenta-spynos-krumpliaraciai-rusiavimo-laikrodis-2\/","og_locale":"lv_LV","og_type":"article","og_title":"TOOKY TOY manipuliavimo lenta, spynos, krumpliara\u010diai, r\u016b\u0161iavimo laikrodis","og_description":"TOOKY TOY manipuliavimo lenta, spynos, krumpliara\u010diai, r\u016b\u0161iavimo laikrodis","og_url":"https:\/\/kidsplay.lt\/lv\/products\/tooky-toy-manipuliavimo-lenta-spynos-krumpliaraciai-rusiavimo-laikrodis-2\/","og_site_name":"KidsPlay","article_publisher":"https:\/\/www.facebook.com\/www.kidsplay.lt","article_modified_time":"2026-04-13T12:14:12+00:00","og_image":[{"width":1000,"height":1000,"url":"https:\/\/kidsplay.lt\/wp-content\/uploads\/2025\/09\/TOOKY-TOY-manipuliavimo-lenta-spynos-krumpliaraciai-rusiavimo-laikrodis.jpg","type":"image\/jpeg"}],"twitter_card":"summary_large_image","twitter_misc":{"Est. reading time":"2 min\u016btes"},"schema":{"@context":"https:\/\/schema.org","@graph":[{"@type":"WebPage","@id":"https:\/\/kidsplay.lt\/produktas\/tooky-toy-manipuliavimo-lenta-spynos-krumpliaraciai-rusiavimo-laikrodis-2\/","url":"https:\/\/kidsplay.lt\/produktas\/tooky-toy-manipuliavimo-lenta-spynos-krumpliaraciai-rusiavimo-laikrodis-2\/","name":"TOOKY TOY manipulat\u012bvais d\u0113lis, sl\u0113dzenes, zobrati, \u0161\u0137iro\u0161anas pulkstenis","isPartOf":{"@id":"https:\/\/kidsplay.lt\/#website"},"primaryImageOfPage":{"@id":"https:\/\/kidsplay.lt\/produktas\/tooky-toy-manipuliavimo-lenta-spynos-krumpliaraciai-rusiavimo-laikrodis-2\/#primaryimage"},"image":{"@id":"https:\/\/kidsplay.lt\/produktas\/tooky-toy-manipuliavimo-lenta-spynos-krumpliaraciai-rusiavimo-laikrodis-2\/#primaryimage"},"thumbnailUrl":"https:\/\/kidsplay.lt\/wp-content\/uploads\/2025\/09\/TOOKY-TOY-manipuliavimo-lenta-spynos-krumpliaraciai-rusiavimo-laikrodis.jpg","datePublished":"2025-10-02T11:32:49+00:00","dateModified":"2026-04-13T12:14:12+00:00","description":"TOOKY TOY manipulat\u012bvais d\u0113lis, sl\u0113dzenes, zobrati, \u0161\u0137iro\u0161anas pulkstenis","breadcrumb":{"@id":"https:\/\/kidsplay.lt\/produktas\/tooky-toy-manipuliavimo-lenta-spynos-krumpliaraciai-rusiavimo-laikrodis-2\/#breadcrumb"},"inLanguage":"lv-LV","potentialAction":[{"@type":"ReadAction","target":["https:\/\/kidsplay.lt\/produktas\/tooky-toy-manipuliavimo-lenta-spynos-krumpliaraciai-rusiavimo-laikrodis-2\/"]}]},{"@type":"ImageObject","inLanguage":"lv-LV","@id":"https:\/\/kidsplay.lt\/produktas\/tooky-toy-manipuliavimo-lenta-spynos-krumpliaraciai-rusiavimo-laikrodis-2\/#primaryimage","url":"https:\/\/kidsplay.lt\/wp-content\/uploads\/2025\/09\/TOOKY-TOY-manipuliavimo-lenta-spynos-krumpliaraciai-rusiavimo-laikrodis.jpg","contentUrl":"https:\/\/kidsplay.lt\/wp-content\/uploads\/2025\/09\/TOOKY-TOY-manipuliavimo-lenta-spynos-krumpliaraciai-rusiavimo-laikrodis.jpg","width":1000,"height":1000,"caption":"TOOKY TOY manipuliavimo lenta"},{"@type":"BreadcrumbList","@id":"https:\/\/kidsplay.lt\/produktas\/tooky-toy-manipuliavimo-lenta-spynos-krumpliaraciai-rusiavimo-laikrodis-2\/#breadcrumb","itemListElement":[{"@type":"ListItem","position":1,"name":"Pagrindinis","item":"https:\/\/kidsplay.lt\/"},{"@type":"ListItem","position":2,"name":"Parduotuv\u0117","item":"https:\/\/kidsplay.lt\/parduotuve\/"},{"@type":"ListItem","position":3,"name":"TOOKY TOY manipuliavimo lenta, spynos, krumpliara\u010diai, r\u016b\u0161iavimo laikrodis"}]},{"@type":"WebSite","@id":"https:\/\/kidsplay.lt\/#website","url":"https:\/\/kidsplay.lt\/","name":"B\u0113rnu sp\u0113les.lv","description":"\u012evairios prek\u0117s vaikams","publisher":{"@id":"https:\/\/kidsplay.lt\/#organization"},"alternateName":"Kidsplay","potentialAction":[{"@type":"SearchAction","target":{"@type":"EntryPoint","urlTemplate":"https:\/\/kidsplay.lt\/?s={search_term_string}"},"query-input":{"@type":"PropertyValueSpecification","valueRequired":true,"valueName":"search_term_string"}}],"inLanguage":"lv-LV"},{"@type":"Organization","@id":"https:\/\/kidsplay.lt\/#organization","name":"B\u0113rnu sp\u0113le","url":"https:\/\/kidsplay.lt\/","logo":{"@type":"ImageObject","inLanguage":"lv-LV","@id":"https:\/\/kidsplay.lt\/#\/schema\/logo\/image\/","url":"https:\/\/kidsplay.lt\/wp-content\/uploads\/2023\/07\/kidsplay-logo.png","contentUrl":"https:\/\/kidsplay.lt\/wp-content\/uploads\/2023\/07\/kidsplay-logo.png","width":451,"height":98,"caption":"KidsPlay"},"image":{"@id":"https:\/\/kidsplay.lt\/#\/schema\/logo\/image\/"},"sameAs":["https:\/\/www.facebook.com\/www.kidsplay.lt"]}]}},"_links":{"self":[{"href":"https:\/\/kidsplay.lt\/lv\/wp-json\/wp\/v2\/product\/71138","targetHints":{"allow":["GET"]}}],"collection":[{"href":"https:\/\/kidsplay.lt\/lv\/wp-json\/wp\/v2\/product"}],"about":[{"href":"https:\/\/kidsplay.lt\/lv\/wp-json\/wp\/v2\/types\/product"}],"version-history":[{"count":3,"href":"https:\/\/kidsplay.lt\/lv\/wp-json\/wp\/v2\/product\/71138\/revisions"}],"predecessor-version":[{"id":80752,"href":"https:\/\/kidsplay.lt\/lv\/wp-json\/wp\/v2\/product\/71138\/revisions\/80752"}],"wp:featuredmedia":[{"embeddable":true,"href":"https:\/\/kidsplay.lt\/lv\/wp-json\/wp\/v2\/media\/62010"}],"wp:attachment":[{"href":"https:\/\/kidsplay.lt\/lv\/wp-json\/wp\/v2\/media?parent=71138"}],"wp:term":[{"taxonomy":"product_brand","embeddable":true,"href":"https:\/\/kidsplay.lt\/lv\/wp-json\/wp\/v2\/product_brand?post=71138"},{"taxonomy":"product_cat","embeddable":true,"href":"https:\/\/kidsplay.lt\/lv\/wp-json\/wp\/v2\/product_cat?post=71138"},{"taxonomy":"product_tag","embeddable":true,"href":"https:\/\/kidsplay.lt\/lv\/wp-json\/wp\/v2\/product_tag?post=71138"}],"curies":[{"name":"wp","href":"https:\/\/api.w.org\/{rel}","templated":true}]}}