{"id":71204,"date":"2025-10-02T14:36:45","date_gmt":"2025-10-02T11:36:45","guid":{"rendered":"https:\/\/kidsplay.lt\/produktas\/woopie-2in1-dinozauru-delioniu-rinkinys-ir-stalo-zaidimas-kauliukai-46-vnt\/"},"modified":"2026-03-25T10:31:01","modified_gmt":"2026-03-25T08:31:01","slug":"woopie-2in1-dinozauru-delioniu-rinkinys-ir-stalo-zaidimas","status":"publish","type":"product","link":"https:\/\/kidsplay.lt\/lv\/products\/woopie-2in1-dinozauru-delioniu-rinkinys-ir-stalo-zaidimas\/","title":{"rendered":"WOOPIE 2in1 dinozauru puzles komplekts un galda sp\u0113le"},"content":{"rendered":"<p data-start=\"59\" data-end=\"447\">WOOPIE prek\u0117s \u017eenklo stalo \u017eaidim\u0173 konstravimo rinkinys <strong data-start=\"115\" data-end=\"135\">\u201eDinosaurs 2in1\u201c<\/strong> \u2013 idealus \u017eaislas ma\u017eiesiems dinozaur\u0173 myl\u0117tojams. D\u0117\u017eut\u0117je rasite <strong data-start=\"203\" data-end=\"245\">6 skirting\u0173 spalv\u0173 dinozaur\u0173 fig\u016br\u0117les<\/strong>, kurios <strong data-start=\"254\" data-end=\"292\">labai lengvai susijungia paspaudus<\/strong>, o papildomai jas galima <strong data-start=\"318\" data-end=\"340\">papuo\u0161ti lipdukais<\/strong> i\u0161 komplekto. Tai puiki priemon\u0117 lavinti <strong data-start=\"382\" data-end=\"444\">smulki\u0105j\u0105 motorik\u0105, aki\u0173-rank\u0173 koordinacij\u0105 ir susikaupim\u0105<\/strong>.<\/p>\n<p data-start=\"449\" data-end=\"811\">Be surinkimo ir dekoravimo, rinkinyje yra ir <strong data-start=\"494\" data-end=\"512\">stalo \u017eaidimas<\/strong>. Paruo\u0161ti \u017eaidim\u0105 itin paprasta: tereikia i\u0161traukti lent\u0105 ir kauliukus, o fig\u016br\u0117l\u0117s jau paruo\u0161tos \u017eaidimui. \u017daidimo tikslas \u2013 kuo grei\u010diau \u012fveikti mar\u0161rut\u0105, judant tiek lauk\u0173, kiek rodo i\u0161mesti kauliuko ta\u0161kai. Kai kuriuose laukuose yra <strong data-start=\"750\" data-end=\"771\">special\u016bs efektai<\/strong>, kurie dar labiau pa\u012fvairina \u017eaidim\u0105.<\/p>\n<p data-start=\"813\" data-end=\"1255\"><strong data-start=\"813\" data-end=\"834\">Raksturojums:<\/strong><br data-start=\"834\" data-end=\"837\" \/>\u2013 Skirtas vaikams nuo 3 met\u0173<br data-start=\"865\" data-end=\"868\" \/>\u2013 Rinkin\u012f sudaro <strong data-start=\"885\" data-end=\"901\">46 elementai<\/strong><br data-start=\"901\" data-end=\"904\" \/>\u2013 <strong data-start=\"906\" data-end=\"931\">6 dinozaur\u0173 fig\u016br\u0117l\u0117s<\/strong>, kurias reikia surinkti ir dekoruoti<br data-start=\"968\" data-end=\"971\" \/>\u2013 Fig\u016br\u0117l\u0117s surenkamos <strong data-start=\"994\" data-end=\"1010\">paspaud\u017eiant<\/strong><br data-start=\"1010\" data-end=\"1013\" \/>\u2013 <strong data-start=\"1015\" data-end=\"1045\">Stalo \u017eaidimas 6 \u017eaid\u0117jams<\/strong><br data-start=\"1045\" data-end=\"1048\" \/>\u2013 \u017daidimo tikslas \u2013 pasiekti paskutin\u012f lauk\u0105<br data-start=\"1092\" data-end=\"1095\" \/>\u2013 Lentoje yra laukai, kurie gali <strong data-start=\"1128\" data-end=\"1169\">palengvinti arba apsunkinti lenktynes<\/strong><br data-start=\"1169\" data-end=\"1172\" \/>\u2013 Elementai turi <strong data-start=\"1189\" data-end=\"1226\">u\u017eapvalintus ir poliruotus kampus<\/strong>, u\u017etikrinant saug\u0173 \u017eaidim\u0105<\/p>\n<p data-start=\"1257\" data-end=\"1398\"><strong data-start=\"1257\" data-end=\"1276\">Rinkin\u012f sudaro:<\/strong><br data-start=\"1276\" data-end=\"1279\" \/>\u2013 6 spalvingos dinozaur\u0173 fig\u016br\u0117l\u0117s (42 dalys)<br data-start=\"1324\" data-end=\"1327\" \/>\u2013 \u017daidimo lenta<br data-start=\"1342\" data-end=\"1345\" \/>\u2013 Kauliukas<br data-start=\"1356\" data-end=\"1359\" \/>\u2013 Klijavimo lapas<br data-start=\"1376\" data-end=\"1379\" \/>\u2013 D\u0117\u017e\u0117s\/lagaminai<\/p>","protected":false},"excerpt":{"rendered":"<p>WOOPIE 2in1 Dinozaur\u0173 d\u0117lioni\u0173 rinkinys ir stalo \u017eaidimas+ kauliukai 46 vnt.<\/p>","protected":false},"featured_media":51386,"template":"","meta":{"_acf_changed":false,"_glsr_average":0,"_glsr_ranking":0,"_glsr_reviews":0},"product_brand":[],"product_cat":[445,229],"product_tag":[],"class_list":{"0":"post-71204","1":"product","2":"type-product","3":"status-publish","4":"has-post-thumbnail","6":"product_cat-stalo-zaidimai","7":"product_cat-zaislai-vaikams","8":"\"style=\"background-color: #2ecc711c;\"","10":"first","11":"outofstock","12":"purchasable","13":"product-type-simple"},"acf":[],"yoast_head":"<!-- This site is optimized with the Yoast SEO plugin v27.3 - https:\/\/yoast.com\/product\/yoast-seo-wordpress\/ -->\n<title>WOOPIE 2in1 Dinozaur\u0173 d\u0117lioni\u0173 rinkinys ir stalo \u017eaidimas+ kauliukai 46 vnt.<\/title>\n<meta name=\"description\" content=\"WOOPIE 2in1 Dinozaur\u0173 d\u0117lioni\u0173 rinkinys ir stalo \u017eaidimas+ kauliukai 46 vnt.\" \/>\n<meta name=\"robots\" content=\"index, follow, max-snippet:-1, max-image-preview:large, max-video-preview:-1\" \/>\n<link rel=\"canonical\" href=\"https:\/\/kidsplay.lt\/lv\/products\/woopie-2in1-dinozauru-delioniu-rinkinys-ir-stalo-zaidimas\/\" \/>\n<meta property=\"og:locale\" content=\"lv_LV\" \/>\n<meta property=\"og:type\" content=\"article\" \/>\n<meta property=\"og:title\" content=\"WOOPIE 2in1 Dinozaur\u0173 d\u0117lioni\u0173 rinkinys ir stalo \u017eaidimas+ kauliukai 46 vnt.\" \/>\n<meta property=\"og:description\" content=\"WOOPIE 2in1 Dinozaur\u0173 d\u0117lioni\u0173 rinkinys ir stalo \u017eaidimas+ kauliukai 46 vnt.\" \/>\n<meta property=\"og:url\" content=\"https:\/\/kidsplay.lt\/lv\/products\/woopie-2in1-dinozauru-delioniu-rinkinys-ir-stalo-zaidimas\/\" \/>\n<meta property=\"og:site_name\" content=\"KidsPlay\" \/>\n<meta property=\"article:publisher\" content=\"https:\/\/www.facebook.com\/www.kidsplay.lt\" \/>\n<meta property=\"article:modified_time\" content=\"2026-03-25T08:31:01+00:00\" \/>\n<meta property=\"og:image\" content=\"https:\/\/kidsplay.lt\/wp-content\/uploads\/2024\/09\/WOOPIE-2in1-Dinozauru-delioniu-rinkinys-ir-stalo-zaidimas-kauliukai-46-vnt-6.jpg\" \/>\n\t<meta property=\"og:image:width\" content=\"1000\" \/>\n\t<meta property=\"og:image:height\" content=\"1000\" \/>\n\t<meta property=\"og:image:type\" content=\"image\/jpeg\" \/>\n<meta name=\"twitter:card\" content=\"summary_large_image\" \/>\n<meta name=\"twitter:label1\" content=\"Est. reading time\" \/>\n\t<meta name=\"twitter:data1\" content=\"2 min\u016btes\" \/>\n<script type=\"application\/ld+json\" class=\"yoast-schema-graph\">{\"@context\":\"https:\\\/\\\/schema.org\",\"@graph\":[{\"@type\":\"WebPage\",\"@id\":\"https:\\\/\\\/kidsplay.lt\\\/produktas\\\/woopie-2in1-dinozauru-delioniu-rinkinys-ir-stalo-zaidimas\\\/\",\"url\":\"https:\\\/\\\/kidsplay.lt\\\/produktas\\\/woopie-2in1-dinozauru-delioniu-rinkinys-ir-stalo-zaidimas\\\/\",\"name\":\"WOOPIE 2in1 Dinozaur\u0173 d\u0117lioni\u0173 rinkinys ir stalo \u017eaidimas+ kauliukai 46 vnt.\",\"isPartOf\":{\"@id\":\"https:\\\/\\\/kidsplay.lt\\\/#website\"},\"primaryImageOfPage\":{\"@id\":\"https:\\\/\\\/kidsplay.lt\\\/produktas\\\/woopie-2in1-dinozauru-delioniu-rinkinys-ir-stalo-zaidimas\\\/#primaryimage\"},\"image\":{\"@id\":\"https:\\\/\\\/kidsplay.lt\\\/produktas\\\/woopie-2in1-dinozauru-delioniu-rinkinys-ir-stalo-zaidimas\\\/#primaryimage\"},\"thumbnailUrl\":\"https:\\\/\\\/kidsplay.lt\\\/wp-content\\\/uploads\\\/2024\\\/09\\\/WOOPIE-2in1-Dinozauru-delioniu-rinkinys-ir-stalo-zaidimas-kauliukai-46-vnt-6.jpg\",\"datePublished\":\"2025-10-02T11:36:45+00:00\",\"dateModified\":\"2026-03-25T08:31:01+00:00\",\"description\":\"WOOPIE 2in1 Dinozaur\u0173 d\u0117lioni\u0173 rinkinys ir stalo \u017eaidimas+ kauliukai 46 vnt.\",\"breadcrumb\":{\"@id\":\"https:\\\/\\\/kidsplay.lt\\\/produktas\\\/woopie-2in1-dinozauru-delioniu-rinkinys-ir-stalo-zaidimas\\\/#breadcrumb\"},\"inLanguage\":\"lv-LV\",\"potentialAction\":[{\"@type\":\"ReadAction\",\"target\":[\"https:\\\/\\\/kidsplay.lt\\\/produktas\\\/woopie-2in1-dinozauru-delioniu-rinkinys-ir-stalo-zaidimas\\\/\"]}]},{\"@type\":\"ImageObject\",\"inLanguage\":\"lv-LV\",\"@id\":\"https:\\\/\\\/kidsplay.lt\\\/produktas\\\/woopie-2in1-dinozauru-delioniu-rinkinys-ir-stalo-zaidimas\\\/#primaryimage\",\"url\":\"https:\\\/\\\/kidsplay.lt\\\/wp-content\\\/uploads\\\/2024\\\/09\\\/WOOPIE-2in1-Dinozauru-delioniu-rinkinys-ir-stalo-zaidimas-kauliukai-46-vnt-6.jpg\",\"contentUrl\":\"https:\\\/\\\/kidsplay.lt\\\/wp-content\\\/uploads\\\/2024\\\/09\\\/WOOPIE-2in1-Dinozauru-delioniu-rinkinys-ir-stalo-zaidimas-kauliukai-46-vnt-6.jpg\",\"width\":1000,\"height\":1000,\"caption\":\"WOOPIE 2in1 Dinozaur\u0173 d\u0117lioni\u0173 rinkinys ir stalo \u017eaidimas+ kauliukai 46 vnt.\"},{\"@type\":\"BreadcrumbList\",\"@id\":\"https:\\\/\\\/kidsplay.lt\\\/produktas\\\/woopie-2in1-dinozauru-delioniu-rinkinys-ir-stalo-zaidimas\\\/#breadcrumb\",\"itemListElement\":[{\"@type\":\"ListItem\",\"position\":1,\"name\":\"Pagrindinis\",\"item\":\"https:\\\/\\\/kidsplay.lt\\\/\"},{\"@type\":\"ListItem\",\"position\":2,\"name\":\"Parduotuv\u0117\",\"item\":\"https:\\\/\\\/kidsplay.lt\\\/parduotuve\\\/\"},{\"@type\":\"ListItem\",\"position\":3,\"name\":\"WOOPIE 2in1 Dinozaur\u0173 d\u0117lioni\u0173 rinkinys ir stalo \u017eaidimas\"}]},{\"@type\":\"WebSite\",\"@id\":\"https:\\\/\\\/kidsplay.lt\\\/#website\",\"url\":\"https:\\\/\\\/kidsplay.lt\\\/\",\"name\":\"Kidsplay.lt\",\"description\":\"\u012evairios prek\u0117s vaikams\",\"publisher\":{\"@id\":\"https:\\\/\\\/kidsplay.lt\\\/#organization\"},\"alternateName\":\"Kidsplay\",\"potentialAction\":[{\"@type\":\"SearchAction\",\"target\":{\"@type\":\"EntryPoint\",\"urlTemplate\":\"https:\\\/\\\/kidsplay.lt\\\/?s={search_term_string}\"},\"query-input\":{\"@type\":\"PropertyValueSpecification\",\"valueRequired\":true,\"valueName\":\"search_term_string\"}}],\"inLanguage\":\"lv-LV\"},{\"@type\":\"Organization\",\"@id\":\"https:\\\/\\\/kidsplay.lt\\\/#organization\",\"name\":\"KidsPlay\",\"url\":\"https:\\\/\\\/kidsplay.lt\\\/\",\"logo\":{\"@type\":\"ImageObject\",\"inLanguage\":\"lv-LV\",\"@id\":\"https:\\\/\\\/kidsplay.lt\\\/#\\\/schema\\\/logo\\\/image\\\/\",\"url\":\"https:\\\/\\\/kidsplay.lt\\\/wp-content\\\/uploads\\\/2023\\\/07\\\/kidsplay-logo.png\",\"contentUrl\":\"https:\\\/\\\/kidsplay.lt\\\/wp-content\\\/uploads\\\/2023\\\/07\\\/kidsplay-logo.png\",\"width\":451,\"height\":98,\"caption\":\"KidsPlay\"},\"image\":{\"@id\":\"https:\\\/\\\/kidsplay.lt\\\/#\\\/schema\\\/logo\\\/image\\\/\"},\"sameAs\":[\"https:\\\/\\\/www.facebook.com\\\/www.kidsplay.lt\"]}]}<\/script>\n<!-- \/ Yoast SEO plugin. -->","yoast_head_json":{"title":"WOOPIE 2in1 Dinozaur\u0173 d\u0117lioni\u0173 rinkinys ir stalo \u017eaidimas+ kauliukai 46 vnt.","description":"WOOPIE 2in1 Dinozaur\u0173 d\u0117lioni\u0173 rinkinys ir stalo \u017eaidimas+ kauliukai 46 vnt.","robots":{"index":"index","follow":"follow","max-snippet":"max-snippet:-1","max-image-preview":"max-image-preview:large","max-video-preview":"max-video-preview:-1"},"canonical":"https:\/\/kidsplay.lt\/lv\/products\/woopie-2in1-dinozauru-delioniu-rinkinys-ir-stalo-zaidimas\/","og_locale":"lv_LV","og_type":"article","og_title":"WOOPIE 2in1 Dinozaur\u0173 d\u0117lioni\u0173 rinkinys ir stalo \u017eaidimas+ kauliukai 46 vnt.","og_description":"WOOPIE 2in1 Dinozaur\u0173 d\u0117lioni\u0173 rinkinys ir stalo \u017eaidimas+ kauliukai 46 vnt.","og_url":"https:\/\/kidsplay.lt\/lv\/products\/woopie-2in1-dinozauru-delioniu-rinkinys-ir-stalo-zaidimas\/","og_site_name":"KidsPlay","article_publisher":"https:\/\/www.facebook.com\/www.kidsplay.lt","article_modified_time":"2026-03-25T08:31:01+00:00","og_image":[{"width":1000,"height":1000,"url":"https:\/\/kidsplay.lt\/wp-content\/uploads\/2024\/09\/WOOPIE-2in1-Dinozauru-delioniu-rinkinys-ir-stalo-zaidimas-kauliukai-46-vnt-6.jpg","type":"image\/jpeg"}],"twitter_card":"summary_large_image","twitter_misc":{"Est. reading time":"2 min\u016btes"},"schema":{"@context":"https:\/\/schema.org","@graph":[{"@type":"WebPage","@id":"https:\/\/kidsplay.lt\/produktas\/woopie-2in1-dinozauru-delioniu-rinkinys-ir-stalo-zaidimas\/","url":"https:\/\/kidsplay.lt\/produktas\/woopie-2in1-dinozauru-delioniu-rinkinys-ir-stalo-zaidimas\/","name":"WOOPIE 2in1 Dinozaur\u0173 d\u0117lioni\u0173 rinkinys ir stalo \u017eaidimas+ kauliukai 46 vnt.","isPartOf":{"@id":"https:\/\/kidsplay.lt\/#website"},"primaryImageOfPage":{"@id":"https:\/\/kidsplay.lt\/produktas\/woopie-2in1-dinozauru-delioniu-rinkinys-ir-stalo-zaidimas\/#primaryimage"},"image":{"@id":"https:\/\/kidsplay.lt\/produktas\/woopie-2in1-dinozauru-delioniu-rinkinys-ir-stalo-zaidimas\/#primaryimage"},"thumbnailUrl":"https:\/\/kidsplay.lt\/wp-content\/uploads\/2024\/09\/WOOPIE-2in1-Dinozauru-delioniu-rinkinys-ir-stalo-zaidimas-kauliukai-46-vnt-6.jpg","datePublished":"2025-10-02T11:36:45+00:00","dateModified":"2026-03-25T08:31:01+00:00","description":"WOOPIE 2in1 Dinozaur\u0173 d\u0117lioni\u0173 rinkinys ir stalo \u017eaidimas+ kauliukai 46 vnt.","breadcrumb":{"@id":"https:\/\/kidsplay.lt\/produktas\/woopie-2in1-dinozauru-delioniu-rinkinys-ir-stalo-zaidimas\/#breadcrumb"},"inLanguage":"lv-LV","potentialAction":[{"@type":"ReadAction","target":["https:\/\/kidsplay.lt\/produktas\/woopie-2in1-dinozauru-delioniu-rinkinys-ir-stalo-zaidimas\/"]}]},{"@type":"ImageObject","inLanguage":"lv-LV","@id":"https:\/\/kidsplay.lt\/produktas\/woopie-2in1-dinozauru-delioniu-rinkinys-ir-stalo-zaidimas\/#primaryimage","url":"https:\/\/kidsplay.lt\/wp-content\/uploads\/2024\/09\/WOOPIE-2in1-Dinozauru-delioniu-rinkinys-ir-stalo-zaidimas-kauliukai-46-vnt-6.jpg","contentUrl":"https:\/\/kidsplay.lt\/wp-content\/uploads\/2024\/09\/WOOPIE-2in1-Dinozauru-delioniu-rinkinys-ir-stalo-zaidimas-kauliukai-46-vnt-6.jpg","width":1000,"height":1000,"caption":"WOOPIE 2in1 Dinozaur\u0173 d\u0117lioni\u0173 rinkinys ir stalo \u017eaidimas+ kauliukai 46 vnt."},{"@type":"BreadcrumbList","@id":"https:\/\/kidsplay.lt\/produktas\/woopie-2in1-dinozauru-delioniu-rinkinys-ir-stalo-zaidimas\/#breadcrumb","itemListElement":[{"@type":"ListItem","position":1,"name":"Pagrindinis","item":"https:\/\/kidsplay.lt\/"},{"@type":"ListItem","position":2,"name":"Parduotuv\u0117","item":"https:\/\/kidsplay.lt\/parduotuve\/"},{"@type":"ListItem","position":3,"name":"WOOPIE 2in1 Dinozaur\u0173 d\u0117lioni\u0173 rinkinys ir stalo \u017eaidimas"}]},{"@type":"WebSite","@id":"https:\/\/kidsplay.lt\/#website","url":"https:\/\/kidsplay.lt\/","name":"B\u0113rnu sp\u0113les.lv","description":"\u012evairios prek\u0117s vaikams","publisher":{"@id":"https:\/\/kidsplay.lt\/#organization"},"alternateName":"Kidsplay","potentialAction":[{"@type":"SearchAction","target":{"@type":"EntryPoint","urlTemplate":"https:\/\/kidsplay.lt\/?s={search_term_string}"},"query-input":{"@type":"PropertyValueSpecification","valueRequired":true,"valueName":"search_term_string"}}],"inLanguage":"lv-LV"},{"@type":"Organization","@id":"https:\/\/kidsplay.lt\/#organization","name":"B\u0113rnu sp\u0113le","url":"https:\/\/kidsplay.lt\/","logo":{"@type":"ImageObject","inLanguage":"lv-LV","@id":"https:\/\/kidsplay.lt\/#\/schema\/logo\/image\/","url":"https:\/\/kidsplay.lt\/wp-content\/uploads\/2023\/07\/kidsplay-logo.png","contentUrl":"https:\/\/kidsplay.lt\/wp-content\/uploads\/2023\/07\/kidsplay-logo.png","width":451,"height":98,"caption":"KidsPlay"},"image":{"@id":"https:\/\/kidsplay.lt\/#\/schema\/logo\/image\/"},"sameAs":["https:\/\/www.facebook.com\/www.kidsplay.lt"]}]}},"_links":{"self":[{"href":"https:\/\/kidsplay.lt\/lv\/wp-json\/wp\/v2\/product\/71204","targetHints":{"allow":["GET"]}}],"collection":[{"href":"https:\/\/kidsplay.lt\/lv\/wp-json\/wp\/v2\/product"}],"about":[{"href":"https:\/\/kidsplay.lt\/lv\/wp-json\/wp\/v2\/types\/product"}],"version-history":[{"count":5,"href":"https:\/\/kidsplay.lt\/lv\/wp-json\/wp\/v2\/product\/71204\/revisions"}],"predecessor-version":[{"id":96312,"href":"https:\/\/kidsplay.lt\/lv\/wp-json\/wp\/v2\/product\/71204\/revisions\/96312"}],"wp:featuredmedia":[{"embeddable":true,"href":"https:\/\/kidsplay.lt\/lv\/wp-json\/wp\/v2\/media\/51386"}],"wp:attachment":[{"href":"https:\/\/kidsplay.lt\/lv\/wp-json\/wp\/v2\/media?parent=71204"}],"wp:term":[{"taxonomy":"product_brand","embeddable":true,"href":"https:\/\/kidsplay.lt\/lv\/wp-json\/wp\/v2\/product_brand?post=71204"},{"taxonomy":"product_cat","embeddable":true,"href":"https:\/\/kidsplay.lt\/lv\/wp-json\/wp\/v2\/product_cat?post=71204"},{"taxonomy":"product_tag","embeddable":true,"href":"https:\/\/kidsplay.lt\/lv\/wp-json\/wp\/v2\/product_tag?post=71204"}],"curies":[{"name":"wp","href":"https:\/\/api.w.org\/{rel}","templated":true}]}}