{"id":71230,"date":"2025-10-02T14:37:54","date_gmt":"2025-10-02T11:37:54","guid":{"rendered":"https:\/\/kidsplay.lt\/produktas\/woopie-spalvotu-kamuoliuku-montessori-deliones-mozaikos-rusiavimo-rinkinys-2\/"},"modified":"2026-04-07T11:27:11","modified_gmt":"2026-04-07T08:27:11","slug":"woopie-spalvotu-kamuoliuku-montessori-deliones-mozaikos-rusiavimo-rinkinys-2","status":"publish","type":"product","link":"https:\/\/kidsplay.lt\/lv\/product\/woopie-spalvotu-kamuoliuku-montessori-deliones-mozaikos-rusiavimo-rinkinys-2\/","title":{"rendered":"WOOPIE kr\u0101saino bumbi\u0146u Montessori puzles moza\u012bkas \u0161\u0137iro\u0161anas komplekts"},"content":{"rendered":"<p>Spalvingi \u201e\u00a0Woopie \u201c\u00a0kamuoliukai\u00a0\u2013 tai \u017eaislas, kuris suteiks valand\u0173 valandas pramog\u0173.\u00a0Medin\u012f rinkin\u012f sudaro lenta\u00a0ir\u00a0\u0161ablonai su pie\u0161iniais,\u00a0ant kuri\u0173 vaikai gali priderinti kamuoliukus prie pie\u0161inio arba kurti savo ra\u0161tus.\u00a0Spalvingos formel\u0117s,\u00a0atitinkan\u010dios kamuoliuk\u0173 spalvas, palengvina r\u016b\u0161iavim\u0105. Vaikai gali semti kamuoliukus\u00a0\u0161auk\u0161tu, \u017enypl\u0117mis ar lazdel\u0117mis\u00a0,\u00a0lavindami susikaupim\u0105 ir aki\u0173 bei rank\u0173 koordinacij\u0105.\u00a0\u00a0Ra\u0161t\u0173 \u012fvairov\u0117 ir galimyb\u0117 kurti savo dizainus garantuoja valand\u0173 valandas pramog\u0173 ir \u017eaidimo be nuobodulio.<\/p>\n<p>Rakstur\u012bgs:<\/p>\n<p>&#8211; vaikams\u00a0nuo 3 met\u0173 am\u017eiaus<br \/>\n&#8211; rinkin\u012f sudaro: medin\u0117 lenta,\u00a077 spalvoti kamuoliukai, 8 \u0161ablonai su ra\u0161tais, 7 spalvot\u0173 kamuoliuk\u0173 formel\u0117s, \u0161auk\u0161tas, \u017enypl\u0117s ir lazdel\u0117s.<br \/>\n&#8211; spalvingi kamuoliukai pritraukia vaiko d\u0117mes\u012f<br \/>\n&#8211; supakuota spalvingoje d\u0117\u017eut\u0117je, puikiai tinka dovanai<\/p>\n<p>Spalvingi \u201eWoopie\u201c prek\u0117s \u017eenklo kamuoliukai suteikia daug naudos ma\u017eyli\u0173 raidai:<\/p>\n<p>&#8211; Rankini\u0173 \u012fg\u016bd\u017ei\u0173 lavinimas:\u00a0\u017eaidimas \u0161auk\u0161tu, \u017enypl\u0117mis ar lazdel\u0117mis leid\u017eia vaikui lavinti rank\u0173 judesi\u0173 tikslum\u0105, o tai daro \u012ftak\u0105 rankini\u0173 \u012fg\u016bd\u017ei\u0173 raidai.<br \/>\n&#8211;\u00a0\u00a0Susikaupimo pratimai:\u00a0kamuoliuk\u0173 derinimas prie pie\u0161ini\u0173 arba savo ra\u0161t\u0173 k\u016brimas reikalauja sutelkto d\u0117mesio, kuris lavina vaiko geb\u0117jim\u0105 susikaupti.<br \/>\n&#8211;\u00a0\u00a0Rank\u0173 ir aki\u0173 koordinacijos lavinimas:\u00a0Kamuoli\u0173 valdymas \u012fvairiais \u012frankiais padeda lavinti judesi\u0173 tikslum\u0105 ir rank\u0173 bei aki\u0173 koordinacij\u0105.<br \/>\n&#8211;\u00a0\u00a0Spalv\u0173 atpa\u017einimas:\u00a0\u017eaidimas su spalvotais kamuoliukais ir formel\u0117mis padeda lavinti spalv\u0173 atpa\u017einimo \u012fg\u016bd\u017eius.<br \/>\n&#8211;\u00a0\u00a0K\u016brybi\u0161kumas:\u00a0Kurdami savo ra\u0161tus lentoje, j\u016bs\u0173 vaikas gali lavinti savo k\u016brybi\u0161kum\u0105 ir vaizduot\u0119.<br \/>\n&#8211;\u00a0\u00a0R\u016b\u0161iavimas:\u00a0kamuoliuk\u0173 derinimas su spalvotomis formomis moko vaik\u0105 r\u016b\u0161iavimo ir klasifikavimo \u012fg\u016bd\u017ei\u0173.<br \/>\n&#8211;\u00a0\u00a0\u017daidimas kartu:\u00a0\u017eaislas taip pat gali b\u016bti puiki proga \u017eaisti kartu, o tai gali sustiprinti ry\u0161\u012f tarp vaiko ir t\u0117v\u0173 ar glob\u0117j\u0173.<\/p>","protected":false},"excerpt":{"rendered":"<p>WOOPIE kr\u0101saino bumbi\u0146u Montessori puzles moza\u012bkas \u0161\u0137iro\u0161anas komplekts<\/p>","protected":false},"featured_media":66742,"template":"","meta":{"_acf_changed":false,"_glsr_average":0,"_glsr_ranking":0,"_glsr_reviews":0},"product_brand":[],"product_cat":[388,72,229],"product_tag":[],"class_list":{"0":"post-71230","1":"product","2":"type-product","3":"status-publish","4":"has-post-thumbnail","6":"product_cat-edukaciniai-lavinamieji-zaislai","7":"product_cat-ispardavimas","8":"product_cat-zaislai-vaikams","9":"\"style=\"background-color: #2ecc711c;\"","11":"first","12":"instock","13":"sale","14":"purchasable","15":"product-type-simple"},"acf":[],"yoast_head":"<!-- This site is optimized with the Yoast SEO plugin v27.3 - https:\/\/yoast.com\/product\/yoast-seo-wordpress\/ -->\n<title>WOOPIE spalvot\u0173 kamuoliuk\u0173 Montessori d\u0117lion\u0117s mozaikos r\u016b\u0161iavimo rinkinys<\/title>\n<meta name=\"description\" content=\"WOOPIE spalvot\u0173 kamuoliuk\u0173 Montessori d\u0117lion\u0117s mozaikos r\u016b\u0161iavimo rinkinys\" \/>\n<meta name=\"robots\" content=\"index, follow, max-snippet:-1, max-image-preview:large, max-video-preview:-1\" \/>\n<link rel=\"canonical\" href=\"https:\/\/kidsplay.lt\/lv\/product\/woopie-spalvotu-kamuoliuku-montessori-deliones-mozaikos-rusiavimo-rinkinys-2\/\" \/>\n<meta property=\"og:locale\" content=\"lv_LV\" \/>\n<meta property=\"og:type\" content=\"article\" \/>\n<meta property=\"og:title\" content=\"WOOPIE spalvot\u0173 kamuoliuk\u0173 Montessori d\u0117lion\u0117s mozaikos r\u016b\u0161iavimo rinkinys\" \/>\n<meta property=\"og:description\" content=\"WOOPIE spalvot\u0173 kamuoliuk\u0173 Montessori d\u0117lion\u0117s mozaikos r\u016b\u0161iavimo rinkinys\" \/>\n<meta property=\"og:url\" content=\"https:\/\/kidsplay.lt\/lv\/product\/woopie-spalvotu-kamuoliuku-montessori-deliones-mozaikos-rusiavimo-rinkinys-2\/\" \/>\n<meta property=\"og:site_name\" content=\"KidsPlay\" \/>\n<meta property=\"article:publisher\" content=\"https:\/\/www.facebook.com\/www.kidsplay.lt\" \/>\n<meta property=\"article:modified_time\" content=\"2026-04-07T08:27:11+00:00\" \/>\n<meta property=\"og:image\" content=\"https:\/\/kidsplay.lt\/wp-content\/uploads\/2025\/09\/WOOPIE-spalvotu-kamuoliuku-Montessori-deliones-mozaikos-rusiavimo-rinkinys.jpg\" \/>\n\t<meta property=\"og:image:width\" content=\"1000\" \/>\n\t<meta property=\"og:image:height\" content=\"1000\" \/>\n\t<meta property=\"og:image:type\" content=\"image\/jpeg\" \/>\n<meta name=\"twitter:card\" content=\"summary_large_image\" \/>\n<meta name=\"twitter:label1\" content=\"Est. reading time\" \/>\n\t<meta name=\"twitter:data1\" content=\"2 min\u016btes\" \/>\n<script type=\"application\/ld+json\" class=\"yoast-schema-graph\">{\"@context\":\"https:\\\/\\\/schema.org\",\"@graph\":[{\"@type\":\"WebPage\",\"@id\":\"https:\\\/\\\/kidsplay.lt\\\/produktas\\\/woopie-spalvotu-kamuoliuku-montessori-deliones-mozaikos-rusiavimo-rinkinys-2\\\/\",\"url\":\"https:\\\/\\\/kidsplay.lt\\\/produktas\\\/woopie-spalvotu-kamuoliuku-montessori-deliones-mozaikos-rusiavimo-rinkinys-2\\\/\",\"name\":\"WOOPIE spalvot\u0173 kamuoliuk\u0173 Montessori d\u0117lion\u0117s mozaikos r\u016b\u0161iavimo rinkinys\",\"isPartOf\":{\"@id\":\"https:\\\/\\\/kidsplay.lt\\\/#website\"},\"primaryImageOfPage\":{\"@id\":\"https:\\\/\\\/kidsplay.lt\\\/produktas\\\/woopie-spalvotu-kamuoliuku-montessori-deliones-mozaikos-rusiavimo-rinkinys-2\\\/#primaryimage\"},\"image\":{\"@id\":\"https:\\\/\\\/kidsplay.lt\\\/produktas\\\/woopie-spalvotu-kamuoliuku-montessori-deliones-mozaikos-rusiavimo-rinkinys-2\\\/#primaryimage\"},\"thumbnailUrl\":\"https:\\\/\\\/kidsplay.lt\\\/wp-content\\\/uploads\\\/2025\\\/09\\\/WOOPIE-spalvotu-kamuoliuku-Montessori-deliones-mozaikos-rusiavimo-rinkinys.jpg\",\"datePublished\":\"2025-10-02T11:37:54+00:00\",\"dateModified\":\"2026-04-07T08:27:11+00:00\",\"description\":\"WOOPIE spalvot\u0173 kamuoliuk\u0173 Montessori d\u0117lion\u0117s mozaikos r\u016b\u0161iavimo rinkinys\",\"breadcrumb\":{\"@id\":\"https:\\\/\\\/kidsplay.lt\\\/produktas\\\/woopie-spalvotu-kamuoliuku-montessori-deliones-mozaikos-rusiavimo-rinkinys-2\\\/#breadcrumb\"},\"inLanguage\":\"lv-LV\",\"potentialAction\":[{\"@type\":\"ReadAction\",\"target\":[\"https:\\\/\\\/kidsplay.lt\\\/produktas\\\/woopie-spalvotu-kamuoliuku-montessori-deliones-mozaikos-rusiavimo-rinkinys-2\\\/\"]}]},{\"@type\":\"ImageObject\",\"inLanguage\":\"lv-LV\",\"@id\":\"https:\\\/\\\/kidsplay.lt\\\/produktas\\\/woopie-spalvotu-kamuoliuku-montessori-deliones-mozaikos-rusiavimo-rinkinys-2\\\/#primaryimage\",\"url\":\"https:\\\/\\\/kidsplay.lt\\\/wp-content\\\/uploads\\\/2025\\\/09\\\/WOOPIE-spalvotu-kamuoliuku-Montessori-deliones-mozaikos-rusiavimo-rinkinys.jpg\",\"contentUrl\":\"https:\\\/\\\/kidsplay.lt\\\/wp-content\\\/uploads\\\/2025\\\/09\\\/WOOPIE-spalvotu-kamuoliuku-Montessori-deliones-mozaikos-rusiavimo-rinkinys.jpg\",\"width\":1000,\"height\":1000,\"caption\":\"WOOPIE spalvot\u0173 kamuoliuk\u0173 Montessori d\u0117lion\u0117s mozaikos r\u016b\u0161iavimo rinkinys\"},{\"@type\":\"BreadcrumbList\",\"@id\":\"https:\\\/\\\/kidsplay.lt\\\/produktas\\\/woopie-spalvotu-kamuoliuku-montessori-deliones-mozaikos-rusiavimo-rinkinys-2\\\/#breadcrumb\",\"itemListElement\":[{\"@type\":\"ListItem\",\"position\":1,\"name\":\"Pagrindinis\",\"item\":\"https:\\\/\\\/kidsplay.lt\\\/\"},{\"@type\":\"ListItem\",\"position\":2,\"name\":\"Parduotuv\u0117\",\"item\":\"https:\\\/\\\/kidsplay.lt\\\/parduotuve\\\/\"},{\"@type\":\"ListItem\",\"position\":3,\"name\":\"WOOPIE spalvot\u0173 kamuoliuk\u0173 Montessori d\u0117lion\u0117s mozaikos r\u016b\u0161iavimo rinkinys\"}]},{\"@type\":\"WebSite\",\"@id\":\"https:\\\/\\\/kidsplay.lt\\\/#website\",\"url\":\"https:\\\/\\\/kidsplay.lt\\\/\",\"name\":\"Kidsplay.lt\",\"description\":\"\u012evairios prek\u0117s vaikams\",\"publisher\":{\"@id\":\"https:\\\/\\\/kidsplay.lt\\\/#organization\"},\"alternateName\":\"Kidsplay\",\"potentialAction\":[{\"@type\":\"SearchAction\",\"target\":{\"@type\":\"EntryPoint\",\"urlTemplate\":\"https:\\\/\\\/kidsplay.lt\\\/?s={search_term_string}\"},\"query-input\":{\"@type\":\"PropertyValueSpecification\",\"valueRequired\":true,\"valueName\":\"search_term_string\"}}],\"inLanguage\":\"lv-LV\"},{\"@type\":\"Organization\",\"@id\":\"https:\\\/\\\/kidsplay.lt\\\/#organization\",\"name\":\"KidsPlay\",\"url\":\"https:\\\/\\\/kidsplay.lt\\\/\",\"logo\":{\"@type\":\"ImageObject\",\"inLanguage\":\"lv-LV\",\"@id\":\"https:\\\/\\\/kidsplay.lt\\\/#\\\/schema\\\/logo\\\/image\\\/\",\"url\":\"https:\\\/\\\/kidsplay.lt\\\/wp-content\\\/uploads\\\/2023\\\/07\\\/kidsplay-logo.png\",\"contentUrl\":\"https:\\\/\\\/kidsplay.lt\\\/wp-content\\\/uploads\\\/2023\\\/07\\\/kidsplay-logo.png\",\"width\":451,\"height\":98,\"caption\":\"KidsPlay\"},\"image\":{\"@id\":\"https:\\\/\\\/kidsplay.lt\\\/#\\\/schema\\\/logo\\\/image\\\/\"},\"sameAs\":[\"https:\\\/\\\/www.facebook.com\\\/www.kidsplay.lt\"]}]}<\/script>\n<!-- \/ Yoast SEO plugin. -->","yoast_head_json":{"title":"WOOPIE kr\u0101saino bumbi\u0146u Montessori puzles moza\u012bkas \u0161\u0137iro\u0161anas komplekts","description":"WOOPIE kr\u0101saino bumbi\u0146u Montessori puzles moza\u012bkas \u0161\u0137iro\u0161anas komplekts","robots":{"index":"index","follow":"follow","max-snippet":"max-snippet:-1","max-image-preview":"max-image-preview:large","max-video-preview":"max-video-preview:-1"},"canonical":"https:\/\/kidsplay.lt\/lv\/product\/woopie-spalvotu-kamuoliuku-montessori-deliones-mozaikos-rusiavimo-rinkinys-2\/","og_locale":"lv_LV","og_type":"article","og_title":"WOOPIE spalvot\u0173 kamuoliuk\u0173 Montessori d\u0117lion\u0117s mozaikos r\u016b\u0161iavimo rinkinys","og_description":"WOOPIE spalvot\u0173 kamuoliuk\u0173 Montessori d\u0117lion\u0117s mozaikos r\u016b\u0161iavimo rinkinys","og_url":"https:\/\/kidsplay.lt\/lv\/product\/woopie-spalvotu-kamuoliuku-montessori-deliones-mozaikos-rusiavimo-rinkinys-2\/","og_site_name":"KidsPlay","article_publisher":"https:\/\/www.facebook.com\/www.kidsplay.lt","article_modified_time":"2026-04-07T08:27:11+00:00","og_image":[{"width":1000,"height":1000,"url":"https:\/\/kidsplay.lt\/wp-content\/uploads\/2025\/09\/WOOPIE-spalvotu-kamuoliuku-Montessori-deliones-mozaikos-rusiavimo-rinkinys.jpg","type":"image\/jpeg"}],"twitter_card":"summary_large_image","twitter_misc":{"Est. reading time":"2 min\u016btes"},"schema":{"@context":"https:\/\/schema.org","@graph":[{"@type":"WebPage","@id":"https:\/\/kidsplay.lt\/produktas\/woopie-spalvotu-kamuoliuku-montessori-deliones-mozaikos-rusiavimo-rinkinys-2\/","url":"https:\/\/kidsplay.lt\/produktas\/woopie-spalvotu-kamuoliuku-montessori-deliones-mozaikos-rusiavimo-rinkinys-2\/","name":"WOOPIE kr\u0101saino bumbi\u0146u Montessori puzles moza\u012bkas \u0161\u0137iro\u0161anas komplekts","isPartOf":{"@id":"https:\/\/kidsplay.lt\/#website"},"primaryImageOfPage":{"@id":"https:\/\/kidsplay.lt\/produktas\/woopie-spalvotu-kamuoliuku-montessori-deliones-mozaikos-rusiavimo-rinkinys-2\/#primaryimage"},"image":{"@id":"https:\/\/kidsplay.lt\/produktas\/woopie-spalvotu-kamuoliuku-montessori-deliones-mozaikos-rusiavimo-rinkinys-2\/#primaryimage"},"thumbnailUrl":"https:\/\/kidsplay.lt\/wp-content\/uploads\/2025\/09\/WOOPIE-spalvotu-kamuoliuku-Montessori-deliones-mozaikos-rusiavimo-rinkinys.jpg","datePublished":"2025-10-02T11:37:54+00:00","dateModified":"2026-04-07T08:27:11+00:00","description":"WOOPIE kr\u0101saino bumbi\u0146u Montessori puzles moza\u012bkas \u0161\u0137iro\u0161anas komplekts","breadcrumb":{"@id":"https:\/\/kidsplay.lt\/produktas\/woopie-spalvotu-kamuoliuku-montessori-deliones-mozaikos-rusiavimo-rinkinys-2\/#breadcrumb"},"inLanguage":"lv-LV","potentialAction":[{"@type":"ReadAction","target":["https:\/\/kidsplay.lt\/produktas\/woopie-spalvotu-kamuoliuku-montessori-deliones-mozaikos-rusiavimo-rinkinys-2\/"]}]},{"@type":"ImageObject","inLanguage":"lv-LV","@id":"https:\/\/kidsplay.lt\/produktas\/woopie-spalvotu-kamuoliuku-montessori-deliones-mozaikos-rusiavimo-rinkinys-2\/#primaryimage","url":"https:\/\/kidsplay.lt\/wp-content\/uploads\/2025\/09\/WOOPIE-spalvotu-kamuoliuku-Montessori-deliones-mozaikos-rusiavimo-rinkinys.jpg","contentUrl":"https:\/\/kidsplay.lt\/wp-content\/uploads\/2025\/09\/WOOPIE-spalvotu-kamuoliuku-Montessori-deliones-mozaikos-rusiavimo-rinkinys.jpg","width":1000,"height":1000,"caption":"WOOPIE spalvot\u0173 kamuoliuk\u0173 Montessori d\u0117lion\u0117s mozaikos r\u016b\u0161iavimo rinkinys"},{"@type":"BreadcrumbList","@id":"https:\/\/kidsplay.lt\/produktas\/woopie-spalvotu-kamuoliuku-montessori-deliones-mozaikos-rusiavimo-rinkinys-2\/#breadcrumb","itemListElement":[{"@type":"ListItem","position":1,"name":"Pagrindinis","item":"https:\/\/kidsplay.lt\/"},{"@type":"ListItem","position":2,"name":"Parduotuv\u0117","item":"https:\/\/kidsplay.lt\/parduotuve\/"},{"@type":"ListItem","position":3,"name":"WOOPIE spalvot\u0173 kamuoliuk\u0173 Montessori d\u0117lion\u0117s mozaikos r\u016b\u0161iavimo rinkinys"}]},{"@type":"WebSite","@id":"https:\/\/kidsplay.lt\/#website","url":"https:\/\/kidsplay.lt\/","name":"B\u0113rnu sp\u0113les.lv","description":"\u012evairios prek\u0117s vaikams","publisher":{"@id":"https:\/\/kidsplay.lt\/#organization"},"alternateName":"Kidsplay","potentialAction":[{"@type":"SearchAction","target":{"@type":"EntryPoint","urlTemplate":"https:\/\/kidsplay.lt\/?s={search_term_string}"},"query-input":{"@type":"PropertyValueSpecification","valueRequired":true,"valueName":"search_term_string"}}],"inLanguage":"lv-LV"},{"@type":"Organization","@id":"https:\/\/kidsplay.lt\/#organization","name":"B\u0113rnu sp\u0113le","url":"https:\/\/kidsplay.lt\/","logo":{"@type":"ImageObject","inLanguage":"lv-LV","@id":"https:\/\/kidsplay.lt\/#\/schema\/logo\/image\/","url":"https:\/\/kidsplay.lt\/wp-content\/uploads\/2023\/07\/kidsplay-logo.png","contentUrl":"https:\/\/kidsplay.lt\/wp-content\/uploads\/2023\/07\/kidsplay-logo.png","width":451,"height":98,"caption":"KidsPlay"},"image":{"@id":"https:\/\/kidsplay.lt\/#\/schema\/logo\/image\/"},"sameAs":["https:\/\/www.facebook.com\/www.kidsplay.lt"]}]}},"_links":{"self":[{"href":"https:\/\/kidsplay.lt\/lv\/wp-json\/wp\/v2\/product\/71230","targetHints":{"allow":["GET"]}}],"collection":[{"href":"https:\/\/kidsplay.lt\/lv\/wp-json\/wp\/v2\/product"}],"about":[{"href":"https:\/\/kidsplay.lt\/lv\/wp-json\/wp\/v2\/types\/product"}],"version-history":[{"count":3,"href":"https:\/\/kidsplay.lt\/lv\/wp-json\/wp\/v2\/product\/71230\/revisions"}],"predecessor-version":[{"id":80728,"href":"https:\/\/kidsplay.lt\/lv\/wp-json\/wp\/v2\/product\/71230\/revisions\/80728"}],"wp:featuredmedia":[{"embeddable":true,"href":"https:\/\/kidsplay.lt\/lv\/wp-json\/wp\/v2\/media\/66742"}],"wp:attachment":[{"href":"https:\/\/kidsplay.lt\/lv\/wp-json\/wp\/v2\/media?parent=71230"}],"wp:term":[{"taxonomy":"product_brand","embeddable":true,"href":"https:\/\/kidsplay.lt\/lv\/wp-json\/wp\/v2\/product_brand?post=71230"},{"taxonomy":"product_cat","embeddable":true,"href":"https:\/\/kidsplay.lt\/lv\/wp-json\/wp\/v2\/product_cat?post=71230"},{"taxonomy":"product_tag","embeddable":true,"href":"https:\/\/kidsplay.lt\/lv\/wp-json\/wp\/v2\/product_tag?post=71230"}],"curies":[{"name":"wp","href":"https:\/\/api.w.org\/{rel}","templated":true}]}}