{"id":71272,"date":"2025-10-02T14:40:20","date_gmt":"2025-10-02T11:40:20","guid":{"rendered":"https:\/\/kidsplay.lt\/produktas\/viga-polarb-rinkinys-medine-lapes-piramide-lape-traukimui-2\/"},"modified":"2026-04-07T09:26:21","modified_gmt":"2026-04-07T06:26:21","slug":"viga-polarb-rinkinys-medine-lapes-piramide-lape-traukimui-2","status":"publish","type":"product","link":"https:\/\/kidsplay.lt\/lv\/products\/viga-polarb-rinkinys-medine-lapes-piramide-lape-traukimui-2\/","title":{"rendered":"VIGA PolarB komplekts, koka lapsas piram\u012bda + lapsa vilk\u0161anai"},"content":{"rendered":"<p>\u0160is\u00a0\u201eViga\u201c\u00a0prek\u0117s \u017eenklo , priklausan\u010dio\u00a0\u201ePolarB\u201c\u00a0kolekcijai , rinkinys apima du pastelini\u0173 spalv\u0173 medinius \u017eaislus:\u00a0lavinam\u0105j\u0105 piramid\u0119 \u201eFox\u201c\u00a0ir\u00a0tempiam\u0105 \u201eFox\u201c \u017eaisl\u0105 . Abu \u017eaislai ne tik\u00a0linksmins\u00a0j\u016bs\u0173 vaik\u0105,\u00a0bet ir pad\u0117s\u00a0lavinti smulki\u0105j\u0105 motorik\u0105\u00a0,\u00a0login\u012f m\u0105stym\u0105\u00a0ir\u00a0spalv\u0173 poj\u016bt\u012f.<\/p>\n<p>Rakstur\u012bgs:<\/p>\n<p>&#8211; nustatytas\u00a0nuo 18 m\u0117nesi\u0173 am\u017eiaus<br \/>\n&#8211; abu \u017eaislai vaizduoja miel\u0105 lap\u0119<br \/>\n&#8211; \u017daid\u017eiant su piramid\u0117s lape, reikia i\u0161d\u0117styti spalvotus kalad\u0117les teisinga tvarka<br \/>\nPiramid\u0117 palaiko pusiausvyr\u0105<br \/>\n&#8211; \u017eaidimas su lape, kuri\u0105 reikia traukti, skatina vaikus da\u017eniau vaik\u0161\u010dioti, lavina j\u0173 motorinius \u012fg\u016bd\u017eius<\/p>\n<p>Rota\u013clieta att\u012bst\u0101s:<\/p>\n<p>&#8211; rank\u0173 ir aki\u0173 koordinacija<br \/>\n&#8211; rank\u0173 miklumas<br \/>\n&#8211; vaizduot\u0117<br \/>\n&#8211; loginis m\u0105stymas<br \/>\n&#8211; spalv\u0173 atpa\u017einimas<\/p>","protected":false},"excerpt":{"rendered":"<p>VIGA PolarB komplekts, koka lapsas piram\u012bda + lapsa vilk\u0161anai<\/p>","protected":false},"featured_media":66833,"template":"","meta":{"_acf_changed":false,"_glsr_average":0,"_glsr_ranking":0,"_glsr_reviews":0},"product_brand":[],"product_cat":[72,396,229],"product_tag":[],"class_list":{"0":"post-71272","1":"product","2":"type-product","3":"status-publish","4":"has-post-thumbnail","6":"product_cat-ispardavimas","7":"product_cat-kudikiu-zaislai-vaikams2","8":"product_cat-zaislai-vaikams","9":"\"style=\"background-color: #2ecc711c;\"","11":"first","12":"instock","13":"sale","14":"purchasable","15":"product-type-simple"},"acf":[],"yoast_head":"<!-- This site is optimized with the Yoast SEO plugin v27.3 - https:\/\/yoast.com\/product\/yoast-seo-wordpress\/ -->\n<title>VIGA PolarB rinkinys, medin\u0117 lap\u0117s piramid\u0117 + lap\u0117 traukimui<\/title>\n<meta name=\"description\" content=\"VIGA PolarB rinkinys, medin\u0117 lap\u0117s piramid\u0117 + lap\u0117 traukimui\" \/>\n<meta name=\"robots\" content=\"index, follow, max-snippet:-1, max-image-preview:large, max-video-preview:-1\" \/>\n<link rel=\"canonical\" href=\"https:\/\/kidsplay.lt\/lv\/products\/viga-polarb-rinkinys-medine-lapes-piramide-lape-traukimui-2\/\" \/>\n<meta property=\"og:locale\" content=\"lv_LV\" \/>\n<meta property=\"og:type\" content=\"article\" \/>\n<meta property=\"og:title\" content=\"VIGA PolarB rinkinys, medin\u0117 lap\u0117s piramid\u0117 + lap\u0117 traukimui\" \/>\n<meta property=\"og:description\" content=\"VIGA PolarB rinkinys, medin\u0117 lap\u0117s piramid\u0117 + lap\u0117 traukimui\" \/>\n<meta property=\"og:url\" content=\"https:\/\/kidsplay.lt\/lv\/products\/viga-polarb-rinkinys-medine-lapes-piramide-lape-traukimui-2\/\" \/>\n<meta property=\"og:site_name\" content=\"KidsPlay\" \/>\n<meta property=\"article:publisher\" content=\"https:\/\/www.facebook.com\/www.kidsplay.lt\" \/>\n<meta property=\"article:modified_time\" content=\"2026-04-07T06:26:21+00:00\" \/>\n<meta property=\"og:image\" content=\"https:\/\/kidsplay.lt\/wp-content\/uploads\/2025\/09\/VIGA-PolarB-rinkinys-medine-lapes-piramide-lape-traukimui.jpg\" \/>\n\t<meta property=\"og:image:width\" content=\"1000\" \/>\n\t<meta property=\"og:image:height\" content=\"1000\" \/>\n\t<meta property=\"og:image:type\" content=\"image\/jpeg\" \/>\n<meta name=\"twitter:card\" content=\"summary_large_image\" \/>\n<meta name=\"twitter:label1\" content=\"Est. reading time\" \/>\n\t<meta name=\"twitter:data1\" content=\"1 min\u016bte\" \/>\n<script type=\"application\/ld+json\" class=\"yoast-schema-graph\">{\"@context\":\"https:\\\/\\\/schema.org\",\"@graph\":[{\"@type\":\"WebPage\",\"@id\":\"https:\\\/\\\/kidsplay.lt\\\/produktas\\\/viga-polarb-rinkinys-medine-lapes-piramide-lape-traukimui-2\\\/\",\"url\":\"https:\\\/\\\/kidsplay.lt\\\/produktas\\\/viga-polarb-rinkinys-medine-lapes-piramide-lape-traukimui-2\\\/\",\"name\":\"VIGA PolarB rinkinys, medin\u0117 lap\u0117s piramid\u0117 + lap\u0117 traukimui\",\"isPartOf\":{\"@id\":\"https:\\\/\\\/kidsplay.lt\\\/#website\"},\"primaryImageOfPage\":{\"@id\":\"https:\\\/\\\/kidsplay.lt\\\/produktas\\\/viga-polarb-rinkinys-medine-lapes-piramide-lape-traukimui-2\\\/#primaryimage\"},\"image\":{\"@id\":\"https:\\\/\\\/kidsplay.lt\\\/produktas\\\/viga-polarb-rinkinys-medine-lapes-piramide-lape-traukimui-2\\\/#primaryimage\"},\"thumbnailUrl\":\"https:\\\/\\\/kidsplay.lt\\\/wp-content\\\/uploads\\\/2025\\\/09\\\/VIGA-PolarB-rinkinys-medine-lapes-piramide-lape-traukimui.jpg\",\"datePublished\":\"2025-10-02T11:40:20+00:00\",\"dateModified\":\"2026-04-07T06:26:21+00:00\",\"description\":\"VIGA PolarB rinkinys, medin\u0117 lap\u0117s piramid\u0117 + lap\u0117 traukimui\",\"breadcrumb\":{\"@id\":\"https:\\\/\\\/kidsplay.lt\\\/produktas\\\/viga-polarb-rinkinys-medine-lapes-piramide-lape-traukimui-2\\\/#breadcrumb\"},\"inLanguage\":\"lv-LV\",\"potentialAction\":[{\"@type\":\"ReadAction\",\"target\":[\"https:\\\/\\\/kidsplay.lt\\\/produktas\\\/viga-polarb-rinkinys-medine-lapes-piramide-lape-traukimui-2\\\/\"]}]},{\"@type\":\"ImageObject\",\"inLanguage\":\"lv-LV\",\"@id\":\"https:\\\/\\\/kidsplay.lt\\\/produktas\\\/viga-polarb-rinkinys-medine-lapes-piramide-lape-traukimui-2\\\/#primaryimage\",\"url\":\"https:\\\/\\\/kidsplay.lt\\\/wp-content\\\/uploads\\\/2025\\\/09\\\/VIGA-PolarB-rinkinys-medine-lapes-piramide-lape-traukimui.jpg\",\"contentUrl\":\"https:\\\/\\\/kidsplay.lt\\\/wp-content\\\/uploads\\\/2025\\\/09\\\/VIGA-PolarB-rinkinys-medine-lapes-piramide-lape-traukimui.jpg\",\"width\":1000,\"height\":1000,\"caption\":\"VIGA PolarB rinkinys\"},{\"@type\":\"BreadcrumbList\",\"@id\":\"https:\\\/\\\/kidsplay.lt\\\/produktas\\\/viga-polarb-rinkinys-medine-lapes-piramide-lape-traukimui-2\\\/#breadcrumb\",\"itemListElement\":[{\"@type\":\"ListItem\",\"position\":1,\"name\":\"Pagrindinis\",\"item\":\"https:\\\/\\\/kidsplay.lt\\\/\"},{\"@type\":\"ListItem\",\"position\":2,\"name\":\"Parduotuv\u0117\",\"item\":\"https:\\\/\\\/kidsplay.lt\\\/parduotuve\\\/\"},{\"@type\":\"ListItem\",\"position\":3,\"name\":\"VIGA PolarB rinkinys, medin\u0117 lap\u0117s piramid\u0117 + lap\u0117 traukimui\"}]},{\"@type\":\"WebSite\",\"@id\":\"https:\\\/\\\/kidsplay.lt\\\/#website\",\"url\":\"https:\\\/\\\/kidsplay.lt\\\/\",\"name\":\"Kidsplay.lt\",\"description\":\"\u012evairios prek\u0117s vaikams\",\"publisher\":{\"@id\":\"https:\\\/\\\/kidsplay.lt\\\/#organization\"},\"alternateName\":\"Kidsplay\",\"potentialAction\":[{\"@type\":\"SearchAction\",\"target\":{\"@type\":\"EntryPoint\",\"urlTemplate\":\"https:\\\/\\\/kidsplay.lt\\\/?s={search_term_string}\"},\"query-input\":{\"@type\":\"PropertyValueSpecification\",\"valueRequired\":true,\"valueName\":\"search_term_string\"}}],\"inLanguage\":\"lv-LV\"},{\"@type\":\"Organization\",\"@id\":\"https:\\\/\\\/kidsplay.lt\\\/#organization\",\"name\":\"KidsPlay\",\"url\":\"https:\\\/\\\/kidsplay.lt\\\/\",\"logo\":{\"@type\":\"ImageObject\",\"inLanguage\":\"lv-LV\",\"@id\":\"https:\\\/\\\/kidsplay.lt\\\/#\\\/schema\\\/logo\\\/image\\\/\",\"url\":\"https:\\\/\\\/kidsplay.lt\\\/wp-content\\\/uploads\\\/2023\\\/07\\\/kidsplay-logo.png\",\"contentUrl\":\"https:\\\/\\\/kidsplay.lt\\\/wp-content\\\/uploads\\\/2023\\\/07\\\/kidsplay-logo.png\",\"width\":451,\"height\":98,\"caption\":\"KidsPlay\"},\"image\":{\"@id\":\"https:\\\/\\\/kidsplay.lt\\\/#\\\/schema\\\/logo\\\/image\\\/\"},\"sameAs\":[\"https:\\\/\\\/www.facebook.com\\\/www.kidsplay.lt\"]}]}<\/script>\n<!-- \/ Yoast SEO plugin. -->","yoast_head_json":{"title":"VIGA PolarB komplekts, koka lapsas piram\u012bda + lapsa vilk\u0161anai","description":"VIGA PolarB komplekts, koka lapsas piram\u012bda + lapsa vilk\u0161anai","robots":{"index":"index","follow":"follow","max-snippet":"max-snippet:-1","max-image-preview":"max-image-preview:large","max-video-preview":"max-video-preview:-1"},"canonical":"https:\/\/kidsplay.lt\/lv\/products\/viga-polarb-rinkinys-medine-lapes-piramide-lape-traukimui-2\/","og_locale":"lv_LV","og_type":"article","og_title":"VIGA PolarB rinkinys, medin\u0117 lap\u0117s piramid\u0117 + lap\u0117 traukimui","og_description":"VIGA PolarB rinkinys, medin\u0117 lap\u0117s piramid\u0117 + lap\u0117 traukimui","og_url":"https:\/\/kidsplay.lt\/lv\/products\/viga-polarb-rinkinys-medine-lapes-piramide-lape-traukimui-2\/","og_site_name":"KidsPlay","article_publisher":"https:\/\/www.facebook.com\/www.kidsplay.lt","article_modified_time":"2026-04-07T06:26:21+00:00","og_image":[{"width":1000,"height":1000,"url":"https:\/\/kidsplay.lt\/wp-content\/uploads\/2025\/09\/VIGA-PolarB-rinkinys-medine-lapes-piramide-lape-traukimui.jpg","type":"image\/jpeg"}],"twitter_card":"summary_large_image","twitter_misc":{"Est. reading time":"1 min\u016bte"},"schema":{"@context":"https:\/\/schema.org","@graph":[{"@type":"WebPage","@id":"https:\/\/kidsplay.lt\/produktas\/viga-polarb-rinkinys-medine-lapes-piramide-lape-traukimui-2\/","url":"https:\/\/kidsplay.lt\/produktas\/viga-polarb-rinkinys-medine-lapes-piramide-lape-traukimui-2\/","name":"VIGA PolarB komplekts, koka lapsas piram\u012bda + lapsa vilk\u0161anai","isPartOf":{"@id":"https:\/\/kidsplay.lt\/#website"},"primaryImageOfPage":{"@id":"https:\/\/kidsplay.lt\/produktas\/viga-polarb-rinkinys-medine-lapes-piramide-lape-traukimui-2\/#primaryimage"},"image":{"@id":"https:\/\/kidsplay.lt\/produktas\/viga-polarb-rinkinys-medine-lapes-piramide-lape-traukimui-2\/#primaryimage"},"thumbnailUrl":"https:\/\/kidsplay.lt\/wp-content\/uploads\/2025\/09\/VIGA-PolarB-rinkinys-medine-lapes-piramide-lape-traukimui.jpg","datePublished":"2025-10-02T11:40:20+00:00","dateModified":"2026-04-07T06:26:21+00:00","description":"VIGA PolarB komplekts, koka lapsas piram\u012bda + lapsa vilk\u0161anai","breadcrumb":{"@id":"https:\/\/kidsplay.lt\/produktas\/viga-polarb-rinkinys-medine-lapes-piramide-lape-traukimui-2\/#breadcrumb"},"inLanguage":"lv-LV","potentialAction":[{"@type":"ReadAction","target":["https:\/\/kidsplay.lt\/produktas\/viga-polarb-rinkinys-medine-lapes-piramide-lape-traukimui-2\/"]}]},{"@type":"ImageObject","inLanguage":"lv-LV","@id":"https:\/\/kidsplay.lt\/produktas\/viga-polarb-rinkinys-medine-lapes-piramide-lape-traukimui-2\/#primaryimage","url":"https:\/\/kidsplay.lt\/wp-content\/uploads\/2025\/09\/VIGA-PolarB-rinkinys-medine-lapes-piramide-lape-traukimui.jpg","contentUrl":"https:\/\/kidsplay.lt\/wp-content\/uploads\/2025\/09\/VIGA-PolarB-rinkinys-medine-lapes-piramide-lape-traukimui.jpg","width":1000,"height":1000,"caption":"VIGA PolarB rinkinys"},{"@type":"BreadcrumbList","@id":"https:\/\/kidsplay.lt\/produktas\/viga-polarb-rinkinys-medine-lapes-piramide-lape-traukimui-2\/#breadcrumb","itemListElement":[{"@type":"ListItem","position":1,"name":"Pagrindinis","item":"https:\/\/kidsplay.lt\/"},{"@type":"ListItem","position":2,"name":"Parduotuv\u0117","item":"https:\/\/kidsplay.lt\/parduotuve\/"},{"@type":"ListItem","position":3,"name":"VIGA PolarB rinkinys, medin\u0117 lap\u0117s piramid\u0117 + lap\u0117 traukimui"}]},{"@type":"WebSite","@id":"https:\/\/kidsplay.lt\/#website","url":"https:\/\/kidsplay.lt\/","name":"B\u0113rnu sp\u0113les.lv","description":"\u012evairios prek\u0117s vaikams","publisher":{"@id":"https:\/\/kidsplay.lt\/#organization"},"alternateName":"Kidsplay","potentialAction":[{"@type":"SearchAction","target":{"@type":"EntryPoint","urlTemplate":"https:\/\/kidsplay.lt\/?s={search_term_string}"},"query-input":{"@type":"PropertyValueSpecification","valueRequired":true,"valueName":"search_term_string"}}],"inLanguage":"lv-LV"},{"@type":"Organization","@id":"https:\/\/kidsplay.lt\/#organization","name":"B\u0113rnu sp\u0113le","url":"https:\/\/kidsplay.lt\/","logo":{"@type":"ImageObject","inLanguage":"lv-LV","@id":"https:\/\/kidsplay.lt\/#\/schema\/logo\/image\/","url":"https:\/\/kidsplay.lt\/wp-content\/uploads\/2023\/07\/kidsplay-logo.png","contentUrl":"https:\/\/kidsplay.lt\/wp-content\/uploads\/2023\/07\/kidsplay-logo.png","width":451,"height":98,"caption":"KidsPlay"},"image":{"@id":"https:\/\/kidsplay.lt\/#\/schema\/logo\/image\/"},"sameAs":["https:\/\/www.facebook.com\/www.kidsplay.lt"]}]}},"_links":{"self":[{"href":"https:\/\/kidsplay.lt\/lv\/wp-json\/wp\/v2\/product\/71272","targetHints":{"allow":["GET"]}}],"collection":[{"href":"https:\/\/kidsplay.lt\/lv\/wp-json\/wp\/v2\/product"}],"about":[{"href":"https:\/\/kidsplay.lt\/lv\/wp-json\/wp\/v2\/types\/product"}],"version-history":[{"count":3,"href":"https:\/\/kidsplay.lt\/lv\/wp-json\/wp\/v2\/product\/71272\/revisions"}],"predecessor-version":[{"id":80767,"href":"https:\/\/kidsplay.lt\/lv\/wp-json\/wp\/v2\/product\/71272\/revisions\/80767"}],"wp:featuredmedia":[{"embeddable":true,"href":"https:\/\/kidsplay.lt\/lv\/wp-json\/wp\/v2\/media\/66833"}],"wp:attachment":[{"href":"https:\/\/kidsplay.lt\/lv\/wp-json\/wp\/v2\/media?parent=71272"}],"wp:term":[{"taxonomy":"product_brand","embeddable":true,"href":"https:\/\/kidsplay.lt\/lv\/wp-json\/wp\/v2\/product_brand?post=71272"},{"taxonomy":"product_cat","embeddable":true,"href":"https:\/\/kidsplay.lt\/lv\/wp-json\/wp\/v2\/product_cat?post=71272"},{"taxonomy":"product_tag","embeddable":true,"href":"https:\/\/kidsplay.lt\/lv\/wp-json\/wp\/v2\/product_tag?post=71272"}],"curies":[{"name":"wp","href":"https:\/\/api.w.org\/{rel}","templated":true}]}}