{"id":71276,"date":"2025-10-02T14:40:32","date_gmt":"2025-10-02T11:40:32","guid":{"rendered":"https:\/\/kidsplay.lt\/produktas\/woopie-baby-audinio-knyga-su-juros-gyvunu-uodegomis-2\/"},"modified":"2026-04-07T11:27:11","modified_gmt":"2026-04-07T08:27:11","slug":"woopie-baby-audinio-knyga-su-juros-gyvunu-uodegomis-2","status":"publish","type":"product","link":"https:\/\/kidsplay.lt\/lv\/products\/woopie-baby-audinio-knyga-su-juros-gyvunu-uodegomis-2\/","title":{"rendered":"WOOPIE BABY auduma gr\u0101mata ar j\u016bras dz\u012bvnieku ast\u0113m"},"content":{"rendered":"<p>\u0160i \u201eWoopie\u00a0\u201c prek\u0117s \u017eenklo\u00a0knygel\u0117 su j\u016bros gyv\u016bn\u0173 uodegomis\u00a0puikiai tinka jauniausiems vaikams.\u00a0\u010ciurlenantys\u00a0,\u00a0mink\u0161ti\u00a0puslapiai lavina k\u016bdikio poj\u016b\u010dius, suteikdami\u00a0sensorin\u0119 patirt\u012f\u00a0.\u00a0Spalvingos iliustracijos\u00a0lavina reg\u0117jimo ir suvokimo \u012fg\u016bd\u017eius. Kiekviename puslapyje yra skirtinga gyv\u016bno uodega, kuri\u0105 su\u0117mus, lavinamas k\u016bdikio\u00a0aki\u0173 ir rank\u0173 koordinacija\u00a0. Knygel\u0117 gali b\u016bti naudojama kaip\u00a0ve\u017eim\u0117lio ar lovel\u0117s pakabukas\u00a0, ji tvirtinama lipnia juosta.<\/p>\n<p>Rakstur\u012bgs:<\/p>\n<p>&#8211; \u017eaislas, skirtas vaikams nuo\u00a0gimimo<br \/>\n&#8211; spalvingos iliustracijos<br \/>\n&#8211; turi \u010de\u017e\u0117jimo element\u0173<br \/>\n&#8211; vandeniui atspari ir lengvai valoma knygel\u0117<\/p>\n<p>Rota\u013clieta att\u012bst\u0101s:<\/p>\n<p>&#8211; visi poj\u016b\u010diai nuo gimimo<br \/>\n&#8211; lavina reg\u0117jim\u0105 ir steb\u0117jimo \u012fg\u016bd\u017eius<br \/>\n&#8211; lavina aki\u0173-rank\u0173 koordinacij\u0105<\/p>","protected":false},"excerpt":{"rendered":"<p>WOOPIE BABY auduma gr\u0101mata ar j\u016bras dz\u012bvnieku ast\u0113m<\/p>","protected":false},"featured_media":66846,"template":"","meta":{"_acf_changed":false,"_glsr_average":0,"_glsr_ranking":0,"_glsr_reviews":0},"product_brand":[],"product_cat":[72,396,229],"product_tag":[],"class_list":{"0":"post-71276","1":"product","2":"type-product","3":"status-publish","4":"has-post-thumbnail","6":"product_cat-ispardavimas","7":"product_cat-kudikiu-zaislai-vaikams2","8":"product_cat-zaislai-vaikams","9":"\"style=\"background-color: #2ecc711c;\"","11":"first","12":"instock","13":"sale","14":"purchasable","15":"product-type-simple"},"acf":[],"yoast_head":"<!-- This site is optimized with the Yoast SEO plugin v27.4 - https:\/\/yoast.com\/product\/yoast-seo-wordpress\/ -->\n<title>WOOPIE BABY Audinio Knyga su J\u016bros Gyv\u016bn\u0173 Uodegomis<\/title>\n<meta name=\"description\" content=\"WOOPIE BABY Audinio Knyga su J\u016bros Gyv\u016bn\u0173 Uodegomis\" \/>\n<meta name=\"robots\" content=\"index, follow, max-snippet:-1, max-image-preview:large, max-video-preview:-1\" \/>\n<link rel=\"canonical\" href=\"https:\/\/kidsplay.lt\/lv\/products\/woopie-baby-audinio-knyga-su-juros-gyvunu-uodegomis-2\/\" \/>\n<meta property=\"og:locale\" content=\"lv_LV\" \/>\n<meta property=\"og:type\" content=\"article\" \/>\n<meta property=\"og:title\" content=\"WOOPIE BABY Audinio Knyga su J\u016bros Gyv\u016bn\u0173 Uodegomis\" \/>\n<meta property=\"og:description\" content=\"WOOPIE BABY Audinio Knyga su J\u016bros Gyv\u016bn\u0173 Uodegomis\" \/>\n<meta property=\"og:url\" content=\"https:\/\/kidsplay.lt\/lv\/products\/woopie-baby-audinio-knyga-su-juros-gyvunu-uodegomis-2\/\" \/>\n<meta property=\"og:site_name\" content=\"KidsPlay\" \/>\n<meta property=\"article:publisher\" content=\"https:\/\/www.facebook.com\/www.kidsplay.lt\" \/>\n<meta property=\"article:modified_time\" content=\"2026-04-07T08:27:11+00:00\" \/>\n<meta property=\"og:image\" content=\"https:\/\/kidsplay.lt\/wp-content\/uploads\/2025\/09\/WOOPIE-BABY-Audinio-Knyga-su-Juros-Gyvunu-Uodegomis.jpg\" \/>\n\t<meta property=\"og:image:width\" content=\"1000\" \/>\n\t<meta property=\"og:image:height\" content=\"1000\" \/>\n\t<meta property=\"og:image:type\" content=\"image\/jpeg\" \/>\n<meta name=\"twitter:card\" content=\"summary_large_image\" \/>\n<meta name=\"twitter:label1\" content=\"Est. reading time\" \/>\n\t<meta name=\"twitter:data1\" content=\"1 min\u016bte\" \/>\n<script type=\"application\/ld+json\" class=\"yoast-schema-graph\">{\"@context\":\"https:\\\/\\\/schema.org\",\"@graph\":[{\"@type\":\"WebPage\",\"@id\":\"https:\\\/\\\/kidsplay.lt\\\/produktas\\\/woopie-baby-audinio-knyga-su-juros-gyvunu-uodegomis-2\\\/\",\"url\":\"https:\\\/\\\/kidsplay.lt\\\/produktas\\\/woopie-baby-audinio-knyga-su-juros-gyvunu-uodegomis-2\\\/\",\"name\":\"WOOPIE BABY Audinio Knyga su J\u016bros Gyv\u016bn\u0173 Uodegomis\",\"isPartOf\":{\"@id\":\"https:\\\/\\\/kidsplay.lt\\\/#website\"},\"primaryImageOfPage\":{\"@id\":\"https:\\\/\\\/kidsplay.lt\\\/produktas\\\/woopie-baby-audinio-knyga-su-juros-gyvunu-uodegomis-2\\\/#primaryimage\"},\"image\":{\"@id\":\"https:\\\/\\\/kidsplay.lt\\\/produktas\\\/woopie-baby-audinio-knyga-su-juros-gyvunu-uodegomis-2\\\/#primaryimage\"},\"thumbnailUrl\":\"https:\\\/\\\/kidsplay.lt\\\/wp-content\\\/uploads\\\/2025\\\/09\\\/WOOPIE-BABY-Audinio-Knyga-su-Juros-Gyvunu-Uodegomis.jpg\",\"datePublished\":\"2025-10-02T11:40:32+00:00\",\"dateModified\":\"2026-04-07T08:27:11+00:00\",\"description\":\"WOOPIE BABY Audinio Knyga su J\u016bros Gyv\u016bn\u0173 Uodegomis\",\"breadcrumb\":{\"@id\":\"https:\\\/\\\/kidsplay.lt\\\/produktas\\\/woopie-baby-audinio-knyga-su-juros-gyvunu-uodegomis-2\\\/#breadcrumb\"},\"inLanguage\":\"lv-LV\",\"potentialAction\":[{\"@type\":\"ReadAction\",\"target\":[\"https:\\\/\\\/kidsplay.lt\\\/produktas\\\/woopie-baby-audinio-knyga-su-juros-gyvunu-uodegomis-2\\\/\"]}]},{\"@type\":\"ImageObject\",\"inLanguage\":\"lv-LV\",\"@id\":\"https:\\\/\\\/kidsplay.lt\\\/produktas\\\/woopie-baby-audinio-knyga-su-juros-gyvunu-uodegomis-2\\\/#primaryimage\",\"url\":\"https:\\\/\\\/kidsplay.lt\\\/wp-content\\\/uploads\\\/2025\\\/09\\\/WOOPIE-BABY-Audinio-Knyga-su-Juros-Gyvunu-Uodegomis.jpg\",\"contentUrl\":\"https:\\\/\\\/kidsplay.lt\\\/wp-content\\\/uploads\\\/2025\\\/09\\\/WOOPIE-BABY-Audinio-Knyga-su-Juros-Gyvunu-Uodegomis.jpg\",\"width\":1000,\"height\":1000,\"caption\":\"WOOPIE BABY Audinio Knyga su J\u016bros Gyv\u016bn\u0173 Uodegomis\"},{\"@type\":\"BreadcrumbList\",\"@id\":\"https:\\\/\\\/kidsplay.lt\\\/produktas\\\/woopie-baby-audinio-knyga-su-juros-gyvunu-uodegomis-2\\\/#breadcrumb\",\"itemListElement\":[{\"@type\":\"ListItem\",\"position\":1,\"name\":\"Pagrindinis\",\"item\":\"https:\\\/\\\/kidsplay.lt\\\/\"},{\"@type\":\"ListItem\",\"position\":2,\"name\":\"Parduotuv\u0117\",\"item\":\"https:\\\/\\\/kidsplay.lt\\\/parduotuve\\\/\"},{\"@type\":\"ListItem\",\"position\":3,\"name\":\"WOOPIE BABY Audinio Knyga su J\u016bros Gyv\u016bn\u0173 Uodegomis\"}]},{\"@type\":\"WebSite\",\"@id\":\"https:\\\/\\\/kidsplay.lt\\\/#website\",\"url\":\"https:\\\/\\\/kidsplay.lt\\\/\",\"name\":\"Kidsplay.lt\",\"description\":\"\u012evairios prek\u0117s vaikams\",\"publisher\":{\"@id\":\"https:\\\/\\\/kidsplay.lt\\\/#organization\"},\"alternateName\":\"Kidsplay\",\"potentialAction\":[{\"@type\":\"SearchAction\",\"target\":{\"@type\":\"EntryPoint\",\"urlTemplate\":\"https:\\\/\\\/kidsplay.lt\\\/?s={search_term_string}\"},\"query-input\":{\"@type\":\"PropertyValueSpecification\",\"valueRequired\":true,\"valueName\":\"search_term_string\"}}],\"inLanguage\":\"lv-LV\"},{\"@type\":\"Organization\",\"@id\":\"https:\\\/\\\/kidsplay.lt\\\/#organization\",\"name\":\"KidsPlay\",\"url\":\"https:\\\/\\\/kidsplay.lt\\\/\",\"logo\":{\"@type\":\"ImageObject\",\"inLanguage\":\"lv-LV\",\"@id\":\"https:\\\/\\\/kidsplay.lt\\\/#\\\/schema\\\/logo\\\/image\\\/\",\"url\":\"https:\\\/\\\/kidsplay.lt\\\/wp-content\\\/uploads\\\/2023\\\/07\\\/kidsplay-logo.png\",\"contentUrl\":\"https:\\\/\\\/kidsplay.lt\\\/wp-content\\\/uploads\\\/2023\\\/07\\\/kidsplay-logo.png\",\"width\":451,\"height\":98,\"caption\":\"KidsPlay\"},\"image\":{\"@id\":\"https:\\\/\\\/kidsplay.lt\\\/#\\\/schema\\\/logo\\\/image\\\/\"},\"sameAs\":[\"https:\\\/\\\/www.facebook.com\\\/www.kidsplay.lt\"]}]}<\/script>\n<!-- \/ Yoast SEO plugin. -->","yoast_head_json":{"title":"WOOPIE BABY auduma gr\u0101mata ar j\u016bras dz\u012bvnieku ast\u0113m","description":"WOOPIE BABY auduma gr\u0101mata ar j\u016bras dz\u012bvnieku ast\u0113m","robots":{"index":"index","follow":"follow","max-snippet":"max-snippet:-1","max-image-preview":"max-image-preview:large","max-video-preview":"max-video-preview:-1"},"canonical":"https:\/\/kidsplay.lt\/lv\/products\/woopie-baby-audinio-knyga-su-juros-gyvunu-uodegomis-2\/","og_locale":"lv_LV","og_type":"article","og_title":"WOOPIE BABY Audinio Knyga su J\u016bros Gyv\u016bn\u0173 Uodegomis","og_description":"WOOPIE BABY Audinio Knyga su J\u016bros Gyv\u016bn\u0173 Uodegomis","og_url":"https:\/\/kidsplay.lt\/lv\/products\/woopie-baby-audinio-knyga-su-juros-gyvunu-uodegomis-2\/","og_site_name":"KidsPlay","article_publisher":"https:\/\/www.facebook.com\/www.kidsplay.lt","article_modified_time":"2026-04-07T08:27:11+00:00","og_image":[{"width":1000,"height":1000,"url":"https:\/\/kidsplay.lt\/wp-content\/uploads\/2025\/09\/WOOPIE-BABY-Audinio-Knyga-su-Juros-Gyvunu-Uodegomis.jpg","type":"image\/jpeg"}],"twitter_card":"summary_large_image","twitter_misc":{"Est. reading time":"1 min\u016bte"},"schema":{"@context":"https:\/\/schema.org","@graph":[{"@type":"WebPage","@id":"https:\/\/kidsplay.lt\/produktas\/woopie-baby-audinio-knyga-su-juros-gyvunu-uodegomis-2\/","url":"https:\/\/kidsplay.lt\/produktas\/woopie-baby-audinio-knyga-su-juros-gyvunu-uodegomis-2\/","name":"WOOPIE BABY auduma gr\u0101mata ar j\u016bras dz\u012bvnieku ast\u0113m","isPartOf":{"@id":"https:\/\/kidsplay.lt\/#website"},"primaryImageOfPage":{"@id":"https:\/\/kidsplay.lt\/produktas\/woopie-baby-audinio-knyga-su-juros-gyvunu-uodegomis-2\/#primaryimage"},"image":{"@id":"https:\/\/kidsplay.lt\/produktas\/woopie-baby-audinio-knyga-su-juros-gyvunu-uodegomis-2\/#primaryimage"},"thumbnailUrl":"https:\/\/kidsplay.lt\/wp-content\/uploads\/2025\/09\/WOOPIE-BABY-Audinio-Knyga-su-Juros-Gyvunu-Uodegomis.jpg","datePublished":"2025-10-02T11:40:32+00:00","dateModified":"2026-04-07T08:27:11+00:00","description":"WOOPIE BABY auduma gr\u0101mata ar j\u016bras dz\u012bvnieku ast\u0113m","breadcrumb":{"@id":"https:\/\/kidsplay.lt\/produktas\/woopie-baby-audinio-knyga-su-juros-gyvunu-uodegomis-2\/#breadcrumb"},"inLanguage":"lv-LV","potentialAction":[{"@type":"ReadAction","target":["https:\/\/kidsplay.lt\/produktas\/woopie-baby-audinio-knyga-su-juros-gyvunu-uodegomis-2\/"]}]},{"@type":"ImageObject","inLanguage":"lv-LV","@id":"https:\/\/kidsplay.lt\/produktas\/woopie-baby-audinio-knyga-su-juros-gyvunu-uodegomis-2\/#primaryimage","url":"https:\/\/kidsplay.lt\/wp-content\/uploads\/2025\/09\/WOOPIE-BABY-Audinio-Knyga-su-Juros-Gyvunu-Uodegomis.jpg","contentUrl":"https:\/\/kidsplay.lt\/wp-content\/uploads\/2025\/09\/WOOPIE-BABY-Audinio-Knyga-su-Juros-Gyvunu-Uodegomis.jpg","width":1000,"height":1000,"caption":"WOOPIE BABY Audinio Knyga su J\u016bros Gyv\u016bn\u0173 Uodegomis"},{"@type":"BreadcrumbList","@id":"https:\/\/kidsplay.lt\/produktas\/woopie-baby-audinio-knyga-su-juros-gyvunu-uodegomis-2\/#breadcrumb","itemListElement":[{"@type":"ListItem","position":1,"name":"Pagrindinis","item":"https:\/\/kidsplay.lt\/"},{"@type":"ListItem","position":2,"name":"Parduotuv\u0117","item":"https:\/\/kidsplay.lt\/parduotuve\/"},{"@type":"ListItem","position":3,"name":"WOOPIE BABY Audinio Knyga su J\u016bros Gyv\u016bn\u0173 Uodegomis"}]},{"@type":"WebSite","@id":"https:\/\/kidsplay.lt\/#website","url":"https:\/\/kidsplay.lt\/","name":"B\u0113rnu sp\u0113les.lv","description":"\u012evairios prek\u0117s vaikams","publisher":{"@id":"https:\/\/kidsplay.lt\/#organization"},"alternateName":"Kidsplay","potentialAction":[{"@type":"SearchAction","target":{"@type":"EntryPoint","urlTemplate":"https:\/\/kidsplay.lt\/?s={search_term_string}"},"query-input":{"@type":"PropertyValueSpecification","valueRequired":true,"valueName":"search_term_string"}}],"inLanguage":"lv-LV"},{"@type":"Organization","@id":"https:\/\/kidsplay.lt\/#organization","name":"B\u0113rnu sp\u0113le","url":"https:\/\/kidsplay.lt\/","logo":{"@type":"ImageObject","inLanguage":"lv-LV","@id":"https:\/\/kidsplay.lt\/#\/schema\/logo\/image\/","url":"https:\/\/kidsplay.lt\/wp-content\/uploads\/2023\/07\/kidsplay-logo.png","contentUrl":"https:\/\/kidsplay.lt\/wp-content\/uploads\/2023\/07\/kidsplay-logo.png","width":451,"height":98,"caption":"KidsPlay"},"image":{"@id":"https:\/\/kidsplay.lt\/#\/schema\/logo\/image\/"},"sameAs":["https:\/\/www.facebook.com\/www.kidsplay.lt"]}]}},"_links":{"self":[{"href":"https:\/\/kidsplay.lt\/lv\/wp-json\/wp\/v2\/product\/71276","targetHints":{"allow":["GET"]}}],"collection":[{"href":"https:\/\/kidsplay.lt\/lv\/wp-json\/wp\/v2\/product"}],"about":[{"href":"https:\/\/kidsplay.lt\/lv\/wp-json\/wp\/v2\/types\/product"}],"version-history":[{"count":3,"href":"https:\/\/kidsplay.lt\/lv\/wp-json\/wp\/v2\/product\/71276\/revisions"}],"predecessor-version":[{"id":80690,"href":"https:\/\/kidsplay.lt\/lv\/wp-json\/wp\/v2\/product\/71276\/revisions\/80690"}],"wp:featuredmedia":[{"embeddable":true,"href":"https:\/\/kidsplay.lt\/lv\/wp-json\/wp\/v2\/media\/66846"}],"wp:attachment":[{"href":"https:\/\/kidsplay.lt\/lv\/wp-json\/wp\/v2\/media?parent=71276"}],"wp:term":[{"taxonomy":"product_brand","embeddable":true,"href":"https:\/\/kidsplay.lt\/lv\/wp-json\/wp\/v2\/product_brand?post=71276"},{"taxonomy":"product_cat","embeddable":true,"href":"https:\/\/kidsplay.lt\/lv\/wp-json\/wp\/v2\/product_cat?post=71276"},{"taxonomy":"product_tag","embeddable":true,"href":"https:\/\/kidsplay.lt\/lv\/wp-json\/wp\/v2\/product_tag?post=71276"}],"curies":[{"name":"wp","href":"https:\/\/api.w.org\/{rel}","templated":true}]}}