{"id":71409,"date":"2025-10-02T14:47:31","date_gmt":"2025-10-02T11:47:31","guid":{"rendered":"https:\/\/kidsplay.lt\/produktas\/woopie-baby-muzikine-dezute-su-karuseliniais-gyvunais-lavinamasis-zaislas-2\/"},"modified":"2026-04-07T11:27:10","modified_gmt":"2026-04-07T08:27:10","slug":"woopie-baby-muzikine-dezute-su-karuseliniais-gyvunais-lavinamasis-zaislas-2","status":"publish","type":"product","link":"https:\/\/kidsplay.lt\/lv\/products\/woopie-baby-muzikine-dezute-su-karuseliniais-gyvunais-lavinamasis-zaislas-2\/","title":{"rendered":"WOOPIE BABY m\u016bzikas l\u0101d\u012bte ar karuse\u013ca dz\u012bvniekiem, izgl\u012btojo\u0161a rota\u013clieta"},"content":{"rendered":"<p>WOOPIE\u00a0muzikin\u0117 karusel\u0117\u00a0yra b\u016btinas \u017eaislas kiekvienam vaikui. Jos pagrindin\u0117 paskirtis \u2013\u00a0lavinti\u00a0poj\u016b\u010dius\u00a0, be to, ji gali b\u016bti naudojama kaip\u00a0migdomoji\u00a0priemon\u0117\u00a0. Ji taip pat atlieka\u00a0muzikin\u0117s d\u0117\u017eut\u0117s\u00a0su besisukan\u010diais gyv\u016bnais funkcij\u0105. Nugar\u0117l\u0117je yra\u00a0skai\u010diai\u00a0, imituojantys senovini\u0173 telefon\u0173 su alk\u016bn\u0117mis rinkim\u0105. Gaminys taip pat turi\u00a0siurbtuk\u0105\u00a0, kuris efektyviai stabilizuoja \u017eaisl\u0105 ir apsaugo j\u012f nuo kritimo. \u0160is \u017eaislas labai lavina vaiko poj\u016b\u010dius ir padeda ilgam i\u0161laikyti koncentracij\u0105.<\/p>\n<p>Produkto charakteristikos:<\/p>\n<p>&#8211; \u017eaislas\u00a0nuo 18 m\u0117nesi\u0173 am\u017eiaus<br \/>\n&#8211; muzikin\u0117 karusel\u0117\u00a0su besisukan\u010diais gyv\u016bnais<br \/>\n&#8211;\u00a0muzikin\u0117s d\u0117\u017eut\u0117s funkcija\u00a0, padeda u\u017emigti<br \/>\n&#8211; alk\u016bninio telefono imitacija<br \/>\n&#8211;\u00a0turi siurbtuk\u0105\u00a0stabilizavimui<\/p>\n<p>Rota\u013clieta att\u012bst\u0101s:<\/p>\n<p>&#8211; klausos poj\u016btis<br \/>\n&#8211; reg\u0117jimo poj\u016btis<br \/>\n&#8211; aki\u0173-rank\u0173 koordinacija<br \/>\n&#8211; geb\u0117jimas susikaupti<\/p>","protected":false},"excerpt":{"rendered":"<p>WOOPIE BABY m\u016bzikas l\u0101d\u012bte ar karuse\u013ca dz\u012bvniekiem, izgl\u012btojo\u0161a rota\u013clieta<\/p>","protected":false},"featured_media":66978,"template":"","meta":{"_acf_changed":false,"_glsr_average":0,"_glsr_ranking":0,"_glsr_reviews":0},"product_brand":[],"product_cat":[72,396,229],"product_tag":[],"class_list":{"0":"post-71409","1":"product","2":"type-product","3":"status-publish","4":"has-post-thumbnail","6":"product_cat-ispardavimas","7":"product_cat-kudikiu-zaislai-vaikams2","8":"product_cat-zaislai-vaikams","9":"\"style=\"background-color: #2ecc711c;\"","11":"first","12":"instock","13":"sale","14":"purchasable","15":"product-type-simple"},"acf":[],"yoast_head":"<!-- This site is optimized with the Yoast SEO plugin v27.4 - https:\/\/yoast.com\/product\/yoast-seo-wordpress\/ -->\n<title>WOOPIE BABY muzikin\u0117 d\u0117\u017eut\u0117 su karuseliniais gyv\u016bnais, lavinamasis \u017eaislas<\/title>\n<meta name=\"description\" content=\"WOOPIE BABY muzikin\u0117 d\u0117\u017eut\u0117 su karuseliniais gyv\u016bnais, lavinamasis \u017eaislas\" \/>\n<meta name=\"robots\" content=\"index, follow, max-snippet:-1, max-image-preview:large, max-video-preview:-1\" \/>\n<link rel=\"canonical\" href=\"https:\/\/kidsplay.lt\/lv\/products\/woopie-baby-muzikine-dezute-su-karuseliniais-gyvunais-lavinamasis-zaislas-2\/\" \/>\n<meta property=\"og:locale\" content=\"lv_LV\" \/>\n<meta property=\"og:type\" content=\"article\" \/>\n<meta property=\"og:title\" content=\"WOOPIE BABY muzikin\u0117 d\u0117\u017eut\u0117 su karuseliniais gyv\u016bnais, lavinamasis \u017eaislas\" \/>\n<meta property=\"og:description\" content=\"WOOPIE BABY muzikin\u0117 d\u0117\u017eut\u0117 su karuseliniais gyv\u016bnais, lavinamasis \u017eaislas\" \/>\n<meta property=\"og:url\" content=\"https:\/\/kidsplay.lt\/lv\/products\/woopie-baby-muzikine-dezute-su-karuseliniais-gyvunais-lavinamasis-zaislas-2\/\" \/>\n<meta property=\"og:site_name\" content=\"KidsPlay\" \/>\n<meta property=\"article:publisher\" content=\"https:\/\/www.facebook.com\/www.kidsplay.lt\" \/>\n<meta property=\"article:modified_time\" content=\"2026-04-07T08:27:10+00:00\" \/>\n<meta property=\"og:image\" content=\"https:\/\/kidsplay.lt\/wp-content\/uploads\/2025\/09\/WOOPIE-BABY-muzikine-dezute-su-karuseliniais-gyvunais-lavinamasis-zaislas.jpg\" \/>\n\t<meta property=\"og:image:width\" content=\"1000\" \/>\n\t<meta property=\"og:image:height\" content=\"1000\" \/>\n\t<meta property=\"og:image:type\" content=\"image\/jpeg\" \/>\n<meta name=\"twitter:card\" content=\"summary_large_image\" \/>\n<meta name=\"twitter:label1\" content=\"Est. reading time\" \/>\n\t<meta name=\"twitter:data1\" content=\"1 min\u016bte\" \/>\n<script type=\"application\/ld+json\" class=\"yoast-schema-graph\">{\"@context\":\"https:\\\/\\\/schema.org\",\"@graph\":[{\"@type\":\"WebPage\",\"@id\":\"https:\\\/\\\/kidsplay.lt\\\/produktas\\\/woopie-baby-muzikine-dezute-su-karuseliniais-gyvunais-lavinamasis-zaislas-2\\\/\",\"url\":\"https:\\\/\\\/kidsplay.lt\\\/produktas\\\/woopie-baby-muzikine-dezute-su-karuseliniais-gyvunais-lavinamasis-zaislas-2\\\/\",\"name\":\"WOOPIE BABY muzikin\u0117 d\u0117\u017eut\u0117 su karuseliniais gyv\u016bnais, lavinamasis \u017eaislas\",\"isPartOf\":{\"@id\":\"https:\\\/\\\/kidsplay.lt\\\/#website\"},\"primaryImageOfPage\":{\"@id\":\"https:\\\/\\\/kidsplay.lt\\\/produktas\\\/woopie-baby-muzikine-dezute-su-karuseliniais-gyvunais-lavinamasis-zaislas-2\\\/#primaryimage\"},\"image\":{\"@id\":\"https:\\\/\\\/kidsplay.lt\\\/produktas\\\/woopie-baby-muzikine-dezute-su-karuseliniais-gyvunais-lavinamasis-zaislas-2\\\/#primaryimage\"},\"thumbnailUrl\":\"https:\\\/\\\/kidsplay.lt\\\/wp-content\\\/uploads\\\/2025\\\/09\\\/WOOPIE-BABY-muzikine-dezute-su-karuseliniais-gyvunais-lavinamasis-zaislas.jpg\",\"datePublished\":\"2025-10-02T11:47:31+00:00\",\"dateModified\":\"2026-04-07T08:27:10+00:00\",\"description\":\"WOOPIE BABY muzikin\u0117 d\u0117\u017eut\u0117 su karuseliniais gyv\u016bnais, lavinamasis \u017eaislas\",\"breadcrumb\":{\"@id\":\"https:\\\/\\\/kidsplay.lt\\\/produktas\\\/woopie-baby-muzikine-dezute-su-karuseliniais-gyvunais-lavinamasis-zaislas-2\\\/#breadcrumb\"},\"inLanguage\":\"lv-LV\",\"potentialAction\":[{\"@type\":\"ReadAction\",\"target\":[\"https:\\\/\\\/kidsplay.lt\\\/produktas\\\/woopie-baby-muzikine-dezute-su-karuseliniais-gyvunais-lavinamasis-zaislas-2\\\/\"]}]},{\"@type\":\"ImageObject\",\"inLanguage\":\"lv-LV\",\"@id\":\"https:\\\/\\\/kidsplay.lt\\\/produktas\\\/woopie-baby-muzikine-dezute-su-karuseliniais-gyvunais-lavinamasis-zaislas-2\\\/#primaryimage\",\"url\":\"https:\\\/\\\/kidsplay.lt\\\/wp-content\\\/uploads\\\/2025\\\/09\\\/WOOPIE-BABY-muzikine-dezute-su-karuseliniais-gyvunais-lavinamasis-zaislas.jpg\",\"contentUrl\":\"https:\\\/\\\/kidsplay.lt\\\/wp-content\\\/uploads\\\/2025\\\/09\\\/WOOPIE-BABY-muzikine-dezute-su-karuseliniais-gyvunais-lavinamasis-zaislas.jpg\",\"width\":1000,\"height\":1000,\"caption\":\"WOOPIE BABY muzikin\u0117 d\u0117\u017eut\u0117 su karuseliniais gyv\u016bnais\"},{\"@type\":\"BreadcrumbList\",\"@id\":\"https:\\\/\\\/kidsplay.lt\\\/produktas\\\/woopie-baby-muzikine-dezute-su-karuseliniais-gyvunais-lavinamasis-zaislas-2\\\/#breadcrumb\",\"itemListElement\":[{\"@type\":\"ListItem\",\"position\":1,\"name\":\"Pagrindinis\",\"item\":\"https:\\\/\\\/kidsplay.lt\\\/\"},{\"@type\":\"ListItem\",\"position\":2,\"name\":\"Parduotuv\u0117\",\"item\":\"https:\\\/\\\/kidsplay.lt\\\/parduotuve\\\/\"},{\"@type\":\"ListItem\",\"position\":3,\"name\":\"WOOPIE BABY muzikin\u0117 d\u0117\u017eut\u0117 su karuseliniais gyv\u016bnais, lavinamasis \u017eaislas\"}]},{\"@type\":\"WebSite\",\"@id\":\"https:\\\/\\\/kidsplay.lt\\\/#website\",\"url\":\"https:\\\/\\\/kidsplay.lt\\\/\",\"name\":\"Kidsplay.lt\",\"description\":\"\u012evairios prek\u0117s vaikams\",\"publisher\":{\"@id\":\"https:\\\/\\\/kidsplay.lt\\\/#organization\"},\"alternateName\":\"Kidsplay\",\"potentialAction\":[{\"@type\":\"SearchAction\",\"target\":{\"@type\":\"EntryPoint\",\"urlTemplate\":\"https:\\\/\\\/kidsplay.lt\\\/?s={search_term_string}\"},\"query-input\":{\"@type\":\"PropertyValueSpecification\",\"valueRequired\":true,\"valueName\":\"search_term_string\"}}],\"inLanguage\":\"lv-LV\"},{\"@type\":\"Organization\",\"@id\":\"https:\\\/\\\/kidsplay.lt\\\/#organization\",\"name\":\"KidsPlay\",\"url\":\"https:\\\/\\\/kidsplay.lt\\\/\",\"logo\":{\"@type\":\"ImageObject\",\"inLanguage\":\"lv-LV\",\"@id\":\"https:\\\/\\\/kidsplay.lt\\\/#\\\/schema\\\/logo\\\/image\\\/\",\"url\":\"https:\\\/\\\/kidsplay.lt\\\/wp-content\\\/uploads\\\/2023\\\/07\\\/kidsplay-logo.png\",\"contentUrl\":\"https:\\\/\\\/kidsplay.lt\\\/wp-content\\\/uploads\\\/2023\\\/07\\\/kidsplay-logo.png\",\"width\":451,\"height\":98,\"caption\":\"KidsPlay\"},\"image\":{\"@id\":\"https:\\\/\\\/kidsplay.lt\\\/#\\\/schema\\\/logo\\\/image\\\/\"},\"sameAs\":[\"https:\\\/\\\/www.facebook.com\\\/www.kidsplay.lt\"]}]}<\/script>\n<!-- \/ Yoast SEO plugin. -->","yoast_head_json":{"title":"WOOPIE BABY m\u016bzikas l\u0101d\u012bte ar karuse\u013ca dz\u012bvniekiem, izgl\u012btojo\u0161a rota\u013clieta","description":"WOOPIE BABY m\u016bzikas l\u0101d\u012bte ar karuse\u013ca dz\u012bvniekiem, izgl\u012btojo\u0161a rota\u013clieta","robots":{"index":"index","follow":"follow","max-snippet":"max-snippet:-1","max-image-preview":"max-image-preview:large","max-video-preview":"max-video-preview:-1"},"canonical":"https:\/\/kidsplay.lt\/lv\/products\/woopie-baby-muzikine-dezute-su-karuseliniais-gyvunais-lavinamasis-zaislas-2\/","og_locale":"lv_LV","og_type":"article","og_title":"WOOPIE BABY muzikin\u0117 d\u0117\u017eut\u0117 su karuseliniais gyv\u016bnais, lavinamasis \u017eaislas","og_description":"WOOPIE BABY muzikin\u0117 d\u0117\u017eut\u0117 su karuseliniais gyv\u016bnais, lavinamasis \u017eaislas","og_url":"https:\/\/kidsplay.lt\/lv\/products\/woopie-baby-muzikine-dezute-su-karuseliniais-gyvunais-lavinamasis-zaislas-2\/","og_site_name":"KidsPlay","article_publisher":"https:\/\/www.facebook.com\/www.kidsplay.lt","article_modified_time":"2026-04-07T08:27:10+00:00","og_image":[{"width":1000,"height":1000,"url":"https:\/\/kidsplay.lt\/wp-content\/uploads\/2025\/09\/WOOPIE-BABY-muzikine-dezute-su-karuseliniais-gyvunais-lavinamasis-zaislas.jpg","type":"image\/jpeg"}],"twitter_card":"summary_large_image","twitter_misc":{"Est. reading time":"1 min\u016bte"},"schema":{"@context":"https:\/\/schema.org","@graph":[{"@type":"WebPage","@id":"https:\/\/kidsplay.lt\/produktas\/woopie-baby-muzikine-dezute-su-karuseliniais-gyvunais-lavinamasis-zaislas-2\/","url":"https:\/\/kidsplay.lt\/produktas\/woopie-baby-muzikine-dezute-su-karuseliniais-gyvunais-lavinamasis-zaislas-2\/","name":"WOOPIE BABY m\u016bzikas l\u0101d\u012bte ar karuse\u013ca dz\u012bvniekiem, izgl\u012btojo\u0161a rota\u013clieta","isPartOf":{"@id":"https:\/\/kidsplay.lt\/#website"},"primaryImageOfPage":{"@id":"https:\/\/kidsplay.lt\/produktas\/woopie-baby-muzikine-dezute-su-karuseliniais-gyvunais-lavinamasis-zaislas-2\/#primaryimage"},"image":{"@id":"https:\/\/kidsplay.lt\/produktas\/woopie-baby-muzikine-dezute-su-karuseliniais-gyvunais-lavinamasis-zaislas-2\/#primaryimage"},"thumbnailUrl":"https:\/\/kidsplay.lt\/wp-content\/uploads\/2025\/09\/WOOPIE-BABY-muzikine-dezute-su-karuseliniais-gyvunais-lavinamasis-zaislas.jpg","datePublished":"2025-10-02T11:47:31+00:00","dateModified":"2026-04-07T08:27:10+00:00","description":"WOOPIE BABY m\u016bzikas l\u0101d\u012bte ar karuse\u013ca dz\u012bvniekiem, izgl\u012btojo\u0161a rota\u013clieta","breadcrumb":{"@id":"https:\/\/kidsplay.lt\/produktas\/woopie-baby-muzikine-dezute-su-karuseliniais-gyvunais-lavinamasis-zaislas-2\/#breadcrumb"},"inLanguage":"lv-LV","potentialAction":[{"@type":"ReadAction","target":["https:\/\/kidsplay.lt\/produktas\/woopie-baby-muzikine-dezute-su-karuseliniais-gyvunais-lavinamasis-zaislas-2\/"]}]},{"@type":"ImageObject","inLanguage":"lv-LV","@id":"https:\/\/kidsplay.lt\/produktas\/woopie-baby-muzikine-dezute-su-karuseliniais-gyvunais-lavinamasis-zaislas-2\/#primaryimage","url":"https:\/\/kidsplay.lt\/wp-content\/uploads\/2025\/09\/WOOPIE-BABY-muzikine-dezute-su-karuseliniais-gyvunais-lavinamasis-zaislas.jpg","contentUrl":"https:\/\/kidsplay.lt\/wp-content\/uploads\/2025\/09\/WOOPIE-BABY-muzikine-dezute-su-karuseliniais-gyvunais-lavinamasis-zaislas.jpg","width":1000,"height":1000,"caption":"WOOPIE BABY muzikin\u0117 d\u0117\u017eut\u0117 su karuseliniais gyv\u016bnais"},{"@type":"BreadcrumbList","@id":"https:\/\/kidsplay.lt\/produktas\/woopie-baby-muzikine-dezute-su-karuseliniais-gyvunais-lavinamasis-zaislas-2\/#breadcrumb","itemListElement":[{"@type":"ListItem","position":1,"name":"Pagrindinis","item":"https:\/\/kidsplay.lt\/"},{"@type":"ListItem","position":2,"name":"Parduotuv\u0117","item":"https:\/\/kidsplay.lt\/parduotuve\/"},{"@type":"ListItem","position":3,"name":"WOOPIE BABY muzikin\u0117 d\u0117\u017eut\u0117 su karuseliniais gyv\u016bnais, lavinamasis \u017eaislas"}]},{"@type":"WebSite","@id":"https:\/\/kidsplay.lt\/#website","url":"https:\/\/kidsplay.lt\/","name":"B\u0113rnu sp\u0113les.lv","description":"\u012evairios prek\u0117s vaikams","publisher":{"@id":"https:\/\/kidsplay.lt\/#organization"},"alternateName":"Kidsplay","potentialAction":[{"@type":"SearchAction","target":{"@type":"EntryPoint","urlTemplate":"https:\/\/kidsplay.lt\/?s={search_term_string}"},"query-input":{"@type":"PropertyValueSpecification","valueRequired":true,"valueName":"search_term_string"}}],"inLanguage":"lv-LV"},{"@type":"Organization","@id":"https:\/\/kidsplay.lt\/#organization","name":"B\u0113rnu sp\u0113le","url":"https:\/\/kidsplay.lt\/","logo":{"@type":"ImageObject","inLanguage":"lv-LV","@id":"https:\/\/kidsplay.lt\/#\/schema\/logo\/image\/","url":"https:\/\/kidsplay.lt\/wp-content\/uploads\/2023\/07\/kidsplay-logo.png","contentUrl":"https:\/\/kidsplay.lt\/wp-content\/uploads\/2023\/07\/kidsplay-logo.png","width":451,"height":98,"caption":"KidsPlay"},"image":{"@id":"https:\/\/kidsplay.lt\/#\/schema\/logo\/image\/"},"sameAs":["https:\/\/www.facebook.com\/www.kidsplay.lt"]}]}},"_links":{"self":[{"href":"https:\/\/kidsplay.lt\/lv\/wp-json\/wp\/v2\/product\/71409","targetHints":{"allow":["GET"]}}],"collection":[{"href":"https:\/\/kidsplay.lt\/lv\/wp-json\/wp\/v2\/product"}],"about":[{"href":"https:\/\/kidsplay.lt\/lv\/wp-json\/wp\/v2\/types\/product"}],"version-history":[{"count":3,"href":"https:\/\/kidsplay.lt\/lv\/wp-json\/wp\/v2\/product\/71409\/revisions"}],"predecessor-version":[{"id":80994,"href":"https:\/\/kidsplay.lt\/lv\/wp-json\/wp\/v2\/product\/71409\/revisions\/80994"}],"wp:featuredmedia":[{"embeddable":true,"href":"https:\/\/kidsplay.lt\/lv\/wp-json\/wp\/v2\/media\/66978"}],"wp:attachment":[{"href":"https:\/\/kidsplay.lt\/lv\/wp-json\/wp\/v2\/media?parent=71409"}],"wp:term":[{"taxonomy":"product_brand","embeddable":true,"href":"https:\/\/kidsplay.lt\/lv\/wp-json\/wp\/v2\/product_brand?post=71409"},{"taxonomy":"product_cat","embeddable":true,"href":"https:\/\/kidsplay.lt\/lv\/wp-json\/wp\/v2\/product_cat?post=71409"},{"taxonomy":"product_tag","embeddable":true,"href":"https:\/\/kidsplay.lt\/lv\/wp-json\/wp\/v2\/product_tag?post=71409"}],"curies":[{"name":"wp","href":"https:\/\/api.w.org\/{rel}","templated":true}]}}