{"id":71488,"date":"2025-10-02T14:51:15","date_gmt":"2025-10-02T11:51:15","guid":{"rendered":"https:\/\/kidsplay.lt\/produktas\/mediniai-krumpliaraciai-su-gyvunais\/"},"modified":"2026-04-07T11:27:10","modified_gmt":"2026-04-07T08:27:10","slug":"mediniai-krumpliaraciai-su-gyvunais","status":"publish","type":"product","link":"https:\/\/kidsplay.lt\/lv\/products\/mediniai-krumpliaraciai-su-gyvunais\/","title":{"rendered":"Mediniai krumpliara\u010diai su gyv\u016bnais"},"content":{"rendered":"<p>Mediniai krumpliara\u010diai su gyv\u016bnais i\u0161 \u017einomo prek\u0117s \u017eenklo Viga yra idealus \u017eaislas vaikams, norintiems atrasti juos supant\u012f pasaul\u012f. Tiksliai pagaminti elementai leis prisiliesti prie kiekvienos gyv\u016bn\u0173 fig\u016br\u0173 \u2013 pagrindini\u0173 PolarB serijos veik\u0117j\u0173 \u2013 detal\u0117s. \u017daislas pad\u0117s i\u0161mokti pagrindini\u0173 fizikos d\u0117sni\u0173 \u2013 kaip veikia krumpliaratis. Sukant pirm\u0105j\u012f rat\u0105, pajudinami kiti elementai, o galia perduodama kitoms pavaroms.<\/p>\n<p>B\u016bdingas<\/p>\n<p>&#8211; rinkin\u012f sudaro 7 spalvingi pavar\u0173 elementai, 3 mieli gyv\u016bn\u0173 kalad\u0117l\u0117s, jungiamasis velenas, pagrindas,<br \/>\n&#8211; krumpliara\u010dius dedame ant apvalios lentos su kai\u0161\u010diais taip, kad pasukus vien\u0105 i\u0161 keturi\u0173 pavar\u0173, pajud\u0117t\u0173 likusios,<br \/>\n&#8211; re\u017eim\u0173 kont\u016brai nupie\u0161ti ant pagrindo, sukuriant puiki\u0105 alternatyv\u0105 klasikiniams galvos\u016bkiams,<br \/>\n&#8211; krumpliara\u010dius galima i\u0161d\u0117styti \u012fvairiais b\u016bdais, suteikiant vaikui daug linksmybi\u0173 ir pasitenkinimo,<br \/>\n&#8211; judantys elementai patrauks vaiko d\u0117mes\u012f,<br \/>\n&#8211; idealus b\u016bdas supa\u017eindinti ma\u017eiausius vaikus su mechanika ir fizikos d\u0117sniais,<br \/>\n&#8211; visa med\u017eiaga pagaminta i\u0161 lakuoto med\u017eio ir nuda\u017eyta netoksi\u0161kais da\u017eais ry\u0161kiomis spalvomis, kurios patenkins kiekvien\u0105 vartotoj\u0105 ir suteiks daug malonumo.<\/p>\n<p>\u017daislas vystosi<\/p>\n<p>&#8211; aki\u0173-rank\u0173 koordinacija,<br \/>\n&#8211; vaizduot\u0117,<br \/>\n&#8211; motoriniai \u012fg\u016bd\u017eiai,<br \/>\n&#8211; spalv\u0173 atpa\u017einimas,<br \/>\n&#8211; formos derinimas,<br \/>\n&#8211; loginis m\u0105stymas.<\/p>","protected":false},"excerpt":{"rendered":"<p>Mediniai krumpliara\u010diai su gyv\u016bnais<\/p>","protected":false},"featured_media":71490,"template":"","meta":{"_acf_changed":false,"_glsr_average":0,"_glsr_ranking":0,"_glsr_reviews":0},"product_brand":[],"product_cat":[72,396,229],"product_tag":[],"class_list":{"0":"post-71488","1":"product","2":"type-product","3":"status-publish","4":"has-post-thumbnail","6":"product_cat-ispardavimas","7":"product_cat-kudikiu-zaislai-vaikams2","8":"product_cat-zaislai-vaikams","9":"\"style=\"background-color: #2ecc711c;\"","11":"first","12":"instock","13":"sale","14":"purchasable","15":"product-type-simple"},"acf":[],"yoast_head":"<!-- This site is optimized with the Yoast SEO plugin v27.3 - https:\/\/yoast.com\/product\/yoast-seo-wordpress\/ -->\n<title>Mediniai krumpliara\u010diai su gyv\u016bnais<\/title>\n<meta name=\"description\" content=\"Mediniai krumpliara\u010diai su gyv\u016bnais\" \/>\n<meta name=\"robots\" content=\"index, follow, max-snippet:-1, max-image-preview:large, max-video-preview:-1\" \/>\n<link rel=\"canonical\" href=\"https:\/\/kidsplay.lt\/lv\/products\/mediniai-krumpliaraciai-su-gyvunais\/\" \/>\n<meta property=\"og:locale\" content=\"lv_LV\" \/>\n<meta property=\"og:type\" content=\"article\" \/>\n<meta property=\"og:title\" content=\"Mediniai krumpliara\u010diai su gyv\u016bnais\" \/>\n<meta property=\"og:description\" content=\"Mediniai krumpliara\u010diai su gyv\u016bnais\" \/>\n<meta property=\"og:url\" content=\"https:\/\/kidsplay.lt\/lv\/products\/mediniai-krumpliaraciai-su-gyvunais\/\" \/>\n<meta property=\"og:site_name\" content=\"KidsPlay\" \/>\n<meta property=\"article:publisher\" content=\"https:\/\/www.facebook.com\/www.kidsplay.lt\" \/>\n<meta property=\"article:modified_time\" content=\"2026-04-07T08:27:10+00:00\" \/>\n<meta property=\"og:image\" content=\"https:\/\/kidsplay.lt\/wp-content\/uploads\/2025\/10\/Mediniai-krumpliaraciai-su-gyvunais.jpg\" \/>\n\t<meta property=\"og:image:width\" content=\"1000\" \/>\n\t<meta property=\"og:image:height\" content=\"1000\" \/>\n\t<meta property=\"og:image:type\" content=\"image\/jpeg\" \/>\n<meta name=\"twitter:card\" content=\"summary_large_image\" \/>\n<meta name=\"twitter:label1\" content=\"Est. reading time\" \/>\n\t<meta name=\"twitter:data1\" content=\"2 min\u016btes\" \/>\n<script type=\"application\/ld+json\" class=\"yoast-schema-graph\">{\"@context\":\"https:\\\/\\\/schema.org\",\"@graph\":[{\"@type\":\"WebPage\",\"@id\":\"https:\\\/\\\/kidsplay.lt\\\/produktas\\\/mediniai-krumpliaraciai-su-gyvunais\\\/\",\"url\":\"https:\\\/\\\/kidsplay.lt\\\/produktas\\\/mediniai-krumpliaraciai-su-gyvunais\\\/\",\"name\":\"Mediniai krumpliara\u010diai su gyv\u016bnais\",\"isPartOf\":{\"@id\":\"https:\\\/\\\/kidsplay.lt\\\/#website\"},\"primaryImageOfPage\":{\"@id\":\"https:\\\/\\\/kidsplay.lt\\\/produktas\\\/mediniai-krumpliaraciai-su-gyvunais\\\/#primaryimage\"},\"image\":{\"@id\":\"https:\\\/\\\/kidsplay.lt\\\/produktas\\\/mediniai-krumpliaraciai-su-gyvunais\\\/#primaryimage\"},\"thumbnailUrl\":\"https:\\\/\\\/kidsplay.lt\\\/wp-content\\\/uploads\\\/2025\\\/10\\\/Mediniai-krumpliaraciai-su-gyvunais.jpg\",\"datePublished\":\"2025-10-02T11:51:15+00:00\",\"dateModified\":\"2026-04-07T08:27:10+00:00\",\"description\":\"Mediniai krumpliara\u010diai su gyv\u016bnais\",\"breadcrumb\":{\"@id\":\"https:\\\/\\\/kidsplay.lt\\\/produktas\\\/mediniai-krumpliaraciai-su-gyvunais\\\/#breadcrumb\"},\"inLanguage\":\"lv-LV\",\"potentialAction\":[{\"@type\":\"ReadAction\",\"target\":[\"https:\\\/\\\/kidsplay.lt\\\/produktas\\\/mediniai-krumpliaraciai-su-gyvunais\\\/\"]}]},{\"@type\":\"ImageObject\",\"inLanguage\":\"lv-LV\",\"@id\":\"https:\\\/\\\/kidsplay.lt\\\/produktas\\\/mediniai-krumpliaraciai-su-gyvunais\\\/#primaryimage\",\"url\":\"https:\\\/\\\/kidsplay.lt\\\/wp-content\\\/uploads\\\/2025\\\/10\\\/Mediniai-krumpliaraciai-su-gyvunais.jpg\",\"contentUrl\":\"https:\\\/\\\/kidsplay.lt\\\/wp-content\\\/uploads\\\/2025\\\/10\\\/Mediniai-krumpliaraciai-su-gyvunais.jpg\",\"width\":1000,\"height\":1000,\"caption\":\"Mediniai krumpliara\u010diai su gyv\u016bnais\"},{\"@type\":\"BreadcrumbList\",\"@id\":\"https:\\\/\\\/kidsplay.lt\\\/produktas\\\/mediniai-krumpliaraciai-su-gyvunais\\\/#breadcrumb\",\"itemListElement\":[{\"@type\":\"ListItem\",\"position\":1,\"name\":\"Pagrindinis\",\"item\":\"https:\\\/\\\/kidsplay.lt\\\/\"},{\"@type\":\"ListItem\",\"position\":2,\"name\":\"Parduotuv\u0117\",\"item\":\"https:\\\/\\\/kidsplay.lt\\\/parduotuve\\\/\"},{\"@type\":\"ListItem\",\"position\":3,\"name\":\"Mediniai krumpliara\u010diai su gyv\u016bnais\"}]},{\"@type\":\"WebSite\",\"@id\":\"https:\\\/\\\/kidsplay.lt\\\/#website\",\"url\":\"https:\\\/\\\/kidsplay.lt\\\/\",\"name\":\"Kidsplay.lt\",\"description\":\"\u012evairios prek\u0117s vaikams\",\"publisher\":{\"@id\":\"https:\\\/\\\/kidsplay.lt\\\/#organization\"},\"alternateName\":\"Kidsplay\",\"potentialAction\":[{\"@type\":\"SearchAction\",\"target\":{\"@type\":\"EntryPoint\",\"urlTemplate\":\"https:\\\/\\\/kidsplay.lt\\\/?s={search_term_string}\"},\"query-input\":{\"@type\":\"PropertyValueSpecification\",\"valueRequired\":true,\"valueName\":\"search_term_string\"}}],\"inLanguage\":\"lv-LV\"},{\"@type\":\"Organization\",\"@id\":\"https:\\\/\\\/kidsplay.lt\\\/#organization\",\"name\":\"KidsPlay\",\"url\":\"https:\\\/\\\/kidsplay.lt\\\/\",\"logo\":{\"@type\":\"ImageObject\",\"inLanguage\":\"lv-LV\",\"@id\":\"https:\\\/\\\/kidsplay.lt\\\/#\\\/schema\\\/logo\\\/image\\\/\",\"url\":\"https:\\\/\\\/kidsplay.lt\\\/wp-content\\\/uploads\\\/2023\\\/07\\\/kidsplay-logo.png\",\"contentUrl\":\"https:\\\/\\\/kidsplay.lt\\\/wp-content\\\/uploads\\\/2023\\\/07\\\/kidsplay-logo.png\",\"width\":451,\"height\":98,\"caption\":\"KidsPlay\"},\"image\":{\"@id\":\"https:\\\/\\\/kidsplay.lt\\\/#\\\/schema\\\/logo\\\/image\\\/\"},\"sameAs\":[\"https:\\\/\\\/www.facebook.com\\\/www.kidsplay.lt\"]}]}<\/script>\n<!-- \/ Yoast SEO plugin. -->","yoast_head_json":{"title":"Mediniai krumpliara\u010diai su gyv\u016bnais","description":"Mediniai krumpliara\u010diai su gyv\u016bnais","robots":{"index":"index","follow":"follow","max-snippet":"max-snippet:-1","max-image-preview":"max-image-preview:large","max-video-preview":"max-video-preview:-1"},"canonical":"https:\/\/kidsplay.lt\/lv\/products\/mediniai-krumpliaraciai-su-gyvunais\/","og_locale":"lv_LV","og_type":"article","og_title":"Mediniai krumpliara\u010diai su gyv\u016bnais","og_description":"Mediniai krumpliara\u010diai su gyv\u016bnais","og_url":"https:\/\/kidsplay.lt\/lv\/products\/mediniai-krumpliaraciai-su-gyvunais\/","og_site_name":"KidsPlay","article_publisher":"https:\/\/www.facebook.com\/www.kidsplay.lt","article_modified_time":"2026-04-07T08:27:10+00:00","og_image":[{"width":1000,"height":1000,"url":"https:\/\/kidsplay.lt\/wp-content\/uploads\/2025\/10\/Mediniai-krumpliaraciai-su-gyvunais.jpg","type":"image\/jpeg"}],"twitter_card":"summary_large_image","twitter_misc":{"Est. reading time":"2 min\u016btes"},"schema":{"@context":"https:\/\/schema.org","@graph":[{"@type":"WebPage","@id":"https:\/\/kidsplay.lt\/produktas\/mediniai-krumpliaraciai-su-gyvunais\/","url":"https:\/\/kidsplay.lt\/produktas\/mediniai-krumpliaraciai-su-gyvunais\/","name":"Mediniai krumpliara\u010diai su gyv\u016bnais","isPartOf":{"@id":"https:\/\/kidsplay.lt\/#website"},"primaryImageOfPage":{"@id":"https:\/\/kidsplay.lt\/produktas\/mediniai-krumpliaraciai-su-gyvunais\/#primaryimage"},"image":{"@id":"https:\/\/kidsplay.lt\/produktas\/mediniai-krumpliaraciai-su-gyvunais\/#primaryimage"},"thumbnailUrl":"https:\/\/kidsplay.lt\/wp-content\/uploads\/2025\/10\/Mediniai-krumpliaraciai-su-gyvunais.jpg","datePublished":"2025-10-02T11:51:15+00:00","dateModified":"2026-04-07T08:27:10+00:00","description":"Mediniai krumpliara\u010diai su gyv\u016bnais","breadcrumb":{"@id":"https:\/\/kidsplay.lt\/produktas\/mediniai-krumpliaraciai-su-gyvunais\/#breadcrumb"},"inLanguage":"lv-LV","potentialAction":[{"@type":"ReadAction","target":["https:\/\/kidsplay.lt\/produktas\/mediniai-krumpliaraciai-su-gyvunais\/"]}]},{"@type":"ImageObject","inLanguage":"lv-LV","@id":"https:\/\/kidsplay.lt\/produktas\/mediniai-krumpliaraciai-su-gyvunais\/#primaryimage","url":"https:\/\/kidsplay.lt\/wp-content\/uploads\/2025\/10\/Mediniai-krumpliaraciai-su-gyvunais.jpg","contentUrl":"https:\/\/kidsplay.lt\/wp-content\/uploads\/2025\/10\/Mediniai-krumpliaraciai-su-gyvunais.jpg","width":1000,"height":1000,"caption":"Mediniai krumpliara\u010diai su gyv\u016bnais"},{"@type":"BreadcrumbList","@id":"https:\/\/kidsplay.lt\/produktas\/mediniai-krumpliaraciai-su-gyvunais\/#breadcrumb","itemListElement":[{"@type":"ListItem","position":1,"name":"Pagrindinis","item":"https:\/\/kidsplay.lt\/"},{"@type":"ListItem","position":2,"name":"Parduotuv\u0117","item":"https:\/\/kidsplay.lt\/parduotuve\/"},{"@type":"ListItem","position":3,"name":"Mediniai krumpliara\u010diai su gyv\u016bnais"}]},{"@type":"WebSite","@id":"https:\/\/kidsplay.lt\/#website","url":"https:\/\/kidsplay.lt\/","name":"B\u0113rnu sp\u0113les.lv","description":"\u012evairios prek\u0117s vaikams","publisher":{"@id":"https:\/\/kidsplay.lt\/#organization"},"alternateName":"Kidsplay","potentialAction":[{"@type":"SearchAction","target":{"@type":"EntryPoint","urlTemplate":"https:\/\/kidsplay.lt\/?s={search_term_string}"},"query-input":{"@type":"PropertyValueSpecification","valueRequired":true,"valueName":"search_term_string"}}],"inLanguage":"lv-LV"},{"@type":"Organization","@id":"https:\/\/kidsplay.lt\/#organization","name":"B\u0113rnu sp\u0113le","url":"https:\/\/kidsplay.lt\/","logo":{"@type":"ImageObject","inLanguage":"lv-LV","@id":"https:\/\/kidsplay.lt\/#\/schema\/logo\/image\/","url":"https:\/\/kidsplay.lt\/wp-content\/uploads\/2023\/07\/kidsplay-logo.png","contentUrl":"https:\/\/kidsplay.lt\/wp-content\/uploads\/2023\/07\/kidsplay-logo.png","width":451,"height":98,"caption":"KidsPlay"},"image":{"@id":"https:\/\/kidsplay.lt\/#\/schema\/logo\/image\/"},"sameAs":["https:\/\/www.facebook.com\/www.kidsplay.lt"]}]}},"_links":{"self":[{"href":"https:\/\/kidsplay.lt\/lv\/wp-json\/wp\/v2\/product\/71488","targetHints":{"allow":["GET"]}}],"collection":[{"href":"https:\/\/kidsplay.lt\/lv\/wp-json\/wp\/v2\/product"}],"about":[{"href":"https:\/\/kidsplay.lt\/lv\/wp-json\/wp\/v2\/types\/product"}],"version-history":[{"count":3,"href":"https:\/\/kidsplay.lt\/lv\/wp-json\/wp\/v2\/product\/71488\/revisions"}],"predecessor-version":[{"id":80776,"href":"https:\/\/kidsplay.lt\/lv\/wp-json\/wp\/v2\/product\/71488\/revisions\/80776"}],"wp:featuredmedia":[{"embeddable":true,"href":"https:\/\/kidsplay.lt\/lv\/wp-json\/wp\/v2\/media\/71490"}],"wp:attachment":[{"href":"https:\/\/kidsplay.lt\/lv\/wp-json\/wp\/v2\/media?parent=71488"}],"wp:term":[{"taxonomy":"product_brand","embeddable":true,"href":"https:\/\/kidsplay.lt\/lv\/wp-json\/wp\/v2\/product_brand?post=71488"},{"taxonomy":"product_cat","embeddable":true,"href":"https:\/\/kidsplay.lt\/lv\/wp-json\/wp\/v2\/product_cat?post=71488"},{"taxonomy":"product_tag","embeddable":true,"href":"https:\/\/kidsplay.lt\/lv\/wp-json\/wp\/v2\/product_tag?post=71488"}],"curies":[{"name":"wp","href":"https:\/\/api.w.org\/{rel}","templated":true}]}}