{"id":71719,"date":"2025-10-02T15:04:31","date_gmt":"2025-10-02T12:04:31","guid":{"rendered":"https:\/\/kidsplay.lt\/produktas\/dinozauru-skeleto-archeologiniai-kasinejimai-dinozauras\/"},"modified":"2026-04-13T15:24:23","modified_gmt":"2026-04-13T12:24:23","slug":"dinozauru-skeleto-archeologiniai-kasinejimai-dinozauras","status":"publish","type":"product","link":"https:\/\/kidsplay.lt\/lv\/products\/dinozauru-skeleto-archeologiniai-kasinejimai-dinozauras\/","title":{"rendered":"Dinozaura skeleta arheolo\u0123iskie izrakumi \u2013 dinozaurs"},"content":{"rendered":"<p>\u0160is WOOPIE prek\u0117s \u017eenklo dinozauro fosilij\u0173 kasimo rinkinys yra fantasti\u0161ka dovana vaikams, kurie domisi dinozauras. Smagu kasti fosilijas ir i\u0161 j\u0173 surinkti dinozaur\u0105. Rinkinys leid\u017eia pasijusti tikru paleontologu, kasan\u010diu fosilijas ir atrandan\u010diu dinozaur\u0173 kaulus.<\/p>\n<p>Su komplekte esan\u010diais \u012frankiais, skirtais kasti, stuksenti, \u0161ukuoti ir surinkti, vaikai gali praleisti valand\u0173 valandas \u017eaisdami edukacinius \u017eaidimus, \u012fkv\u0117pti gamtos moksl\u0173 ir lavinti savo praktinius \u012fg\u016bd\u017eius bei m\u0105stym\u0105.<\/p>\n<p>Puiki dovana ir berniukams, ir mergait\u0117ms.<\/p>\n<p>\u017daislas skirtas vaikams nuo 6 met\u0173 am\u017eiaus.<\/p>\n<p>Suradus skelet\u0105, i\u0161 jo galima surinkti dinozaur\u0105.<\/p>\n<p>Puiki dovana vaikams,<\/p>","protected":false},"excerpt":{"rendered":"<p>Dinozaura skeleta arheolo\u0123iskie izrakumi \u2013 dinozaurs<\/p>","protected":false},"featured_media":52370,"template":"","meta":{"_acf_changed":false,"_glsr_average":0,"_glsr_ranking":0,"_glsr_reviews":0},"product_brand":[],"product_cat":[388,72,229],"product_tag":[],"class_list":{"0":"post-71719","1":"product","2":"type-product","3":"status-publish","4":"has-post-thumbnail","6":"product_cat-edukaciniai-lavinamieji-zaislai","7":"product_cat-ispardavimas","8":"product_cat-zaislai-vaikams","9":"\"style=\"background-color: #2ecc711c;\"","11":"first","12":"instock","13":"sale","14":"purchasable","15":"product-type-simple"},"acf":[],"yoast_head":"<!-- This site is optimized with the Yoast SEO plugin v27.4 - https:\/\/yoast.com\/product\/yoast-seo-wordpress\/ -->\n<title>Dinozaur\u0173 skeleto archeologiniai kasin\u0117jimai \u2013 dinozauras<\/title>\n<meta name=\"description\" content=\"dinozauro fosilij\u0173 kasimo rinkinys yra fantasti\u0161ka dovana vaikams, kurie domisi dinozauras. Smagu kasti fosilijas ir i\u0161 j\u0173 surinkti dinozaur\u0105.\" \/>\n<meta name=\"robots\" content=\"index, follow, max-snippet:-1, max-image-preview:large, max-video-preview:-1\" \/>\n<link rel=\"canonical\" href=\"https:\/\/kidsplay.lt\/lv\/products\/dinozauru-skeleto-archeologiniai-kasinejimai-dinozauras\/\" \/>\n<meta property=\"og:locale\" content=\"lv_LV\" \/>\n<meta property=\"og:type\" content=\"article\" \/>\n<meta property=\"og:title\" content=\"Dinozaur\u0173 skeleto archeologiniai kasin\u0117jimai \u2013 dinozauras\" \/>\n<meta property=\"og:description\" content=\"dinozauro fosilij\u0173 kasimo rinkinys yra fantasti\u0161ka dovana vaikams, kurie domisi dinozauras. Smagu kasti fosilijas ir i\u0161 j\u0173 surinkti dinozaur\u0105.\" \/>\n<meta property=\"og:url\" content=\"https:\/\/kidsplay.lt\/lv\/products\/dinozauru-skeleto-archeologiniai-kasinejimai-dinozauras\/\" \/>\n<meta property=\"og:site_name\" content=\"KidsPlay\" \/>\n<meta property=\"article:publisher\" content=\"https:\/\/www.facebook.com\/www.kidsplay.lt\" \/>\n<meta property=\"article:modified_time\" content=\"2026-04-13T12:24:23+00:00\" \/>\n<meta property=\"og:image\" content=\"https:\/\/kidsplay.lt\/wp-content\/uploads\/2024\/09\/Dinozauru-skeleto-archeologiniai-kasinejimai-\u2013-dinozauras.jpg\" \/>\n\t<meta property=\"og:image:width\" content=\"1000\" \/>\n\t<meta property=\"og:image:height\" content=\"1000\" \/>\n\t<meta property=\"og:image:type\" content=\"image\/jpeg\" \/>\n<meta name=\"twitter:card\" content=\"summary_large_image\" \/>\n<meta name=\"twitter:label1\" content=\"Est. reading time\" \/>\n\t<meta name=\"twitter:data1\" content=\"1 min\u016bte\" \/>\n<script type=\"application\/ld+json\" class=\"yoast-schema-graph\">{\"@context\":\"https:\\\/\\\/schema.org\",\"@graph\":[{\"@type\":\"WebPage\",\"@id\":\"https:\\\/\\\/kidsplay.lt\\\/produktas\\\/dinozauru-skeleto-archeologiniai-kasinejimai-dinozauras\\\/\",\"url\":\"https:\\\/\\\/kidsplay.lt\\\/produktas\\\/dinozauru-skeleto-archeologiniai-kasinejimai-dinozauras\\\/\",\"name\":\"Dinozaur\u0173 skeleto archeologiniai kasin\u0117jimai \u2013 dinozauras\",\"isPartOf\":{\"@id\":\"https:\\\/\\\/kidsplay.lt\\\/#website\"},\"primaryImageOfPage\":{\"@id\":\"https:\\\/\\\/kidsplay.lt\\\/produktas\\\/dinozauru-skeleto-archeologiniai-kasinejimai-dinozauras\\\/#primaryimage\"},\"image\":{\"@id\":\"https:\\\/\\\/kidsplay.lt\\\/produktas\\\/dinozauru-skeleto-archeologiniai-kasinejimai-dinozauras\\\/#primaryimage\"},\"thumbnailUrl\":\"https:\\\/\\\/kidsplay.lt\\\/wp-content\\\/uploads\\\/2024\\\/09\\\/Dinozauru-skeleto-archeologiniai-kasinejimai-\u2013-dinozauras.jpg\",\"datePublished\":\"2025-10-02T12:04:31+00:00\",\"dateModified\":\"2026-04-13T12:24:23+00:00\",\"description\":\"dinozauro fosilij\u0173 kasimo rinkinys yra fantasti\u0161ka dovana vaikams, kurie domisi dinozauras. Smagu kasti fosilijas ir i\u0161 j\u0173 surinkti dinozaur\u0105.\",\"breadcrumb\":{\"@id\":\"https:\\\/\\\/kidsplay.lt\\\/produktas\\\/dinozauru-skeleto-archeologiniai-kasinejimai-dinozauras\\\/#breadcrumb\"},\"inLanguage\":\"lv-LV\",\"potentialAction\":[{\"@type\":\"ReadAction\",\"target\":[\"https:\\\/\\\/kidsplay.lt\\\/produktas\\\/dinozauru-skeleto-archeologiniai-kasinejimai-dinozauras\\\/\"]}]},{\"@type\":\"ImageObject\",\"inLanguage\":\"lv-LV\",\"@id\":\"https:\\\/\\\/kidsplay.lt\\\/produktas\\\/dinozauru-skeleto-archeologiniai-kasinejimai-dinozauras\\\/#primaryimage\",\"url\":\"https:\\\/\\\/kidsplay.lt\\\/wp-content\\\/uploads\\\/2024\\\/09\\\/Dinozauru-skeleto-archeologiniai-kasinejimai-\u2013-dinozauras.jpg\",\"contentUrl\":\"https:\\\/\\\/kidsplay.lt\\\/wp-content\\\/uploads\\\/2024\\\/09\\\/Dinozauru-skeleto-archeologiniai-kasinejimai-\u2013-dinozauras.jpg\",\"width\":1000,\"height\":1000,\"caption\":\"Dinozaur\u0173 skeleto archeologiniai kasin\u0117jimai &#8211; dinozauras\"},{\"@type\":\"BreadcrumbList\",\"@id\":\"https:\\\/\\\/kidsplay.lt\\\/produktas\\\/dinozauru-skeleto-archeologiniai-kasinejimai-dinozauras\\\/#breadcrumb\",\"itemListElement\":[{\"@type\":\"ListItem\",\"position\":1,\"name\":\"Pagrindinis\",\"item\":\"https:\\\/\\\/kidsplay.lt\\\/\"},{\"@type\":\"ListItem\",\"position\":2,\"name\":\"Parduotuv\u0117\",\"item\":\"https:\\\/\\\/kidsplay.lt\\\/parduotuve\\\/\"},{\"@type\":\"ListItem\",\"position\":3,\"name\":\"Dinozaur\u0173 skeleto archeologiniai kasin\u0117jimai \u2013 dinozauras\"}]},{\"@type\":\"WebSite\",\"@id\":\"https:\\\/\\\/kidsplay.lt\\\/#website\",\"url\":\"https:\\\/\\\/kidsplay.lt\\\/\",\"name\":\"Kidsplay.lt\",\"description\":\"\u012evairios prek\u0117s vaikams\",\"publisher\":{\"@id\":\"https:\\\/\\\/kidsplay.lt\\\/#organization\"},\"alternateName\":\"Kidsplay\",\"potentialAction\":[{\"@type\":\"SearchAction\",\"target\":{\"@type\":\"EntryPoint\",\"urlTemplate\":\"https:\\\/\\\/kidsplay.lt\\\/?s={search_term_string}\"},\"query-input\":{\"@type\":\"PropertyValueSpecification\",\"valueRequired\":true,\"valueName\":\"search_term_string\"}}],\"inLanguage\":\"lv-LV\"},{\"@type\":\"Organization\",\"@id\":\"https:\\\/\\\/kidsplay.lt\\\/#organization\",\"name\":\"KidsPlay\",\"url\":\"https:\\\/\\\/kidsplay.lt\\\/\",\"logo\":{\"@type\":\"ImageObject\",\"inLanguage\":\"lv-LV\",\"@id\":\"https:\\\/\\\/kidsplay.lt\\\/#\\\/schema\\\/logo\\\/image\\\/\",\"url\":\"https:\\\/\\\/kidsplay.lt\\\/wp-content\\\/uploads\\\/2023\\\/07\\\/kidsplay-logo.png\",\"contentUrl\":\"https:\\\/\\\/kidsplay.lt\\\/wp-content\\\/uploads\\\/2023\\\/07\\\/kidsplay-logo.png\",\"width\":451,\"height\":98,\"caption\":\"KidsPlay\"},\"image\":{\"@id\":\"https:\\\/\\\/kidsplay.lt\\\/#\\\/schema\\\/logo\\\/image\\\/\"},\"sameAs\":[\"https:\\\/\\\/www.facebook.com\\\/www.kidsplay.lt\"]}]}<\/script>\n<!-- \/ Yoast SEO plugin. -->","yoast_head_json":{"title":"Dinozaura skeleta arheolo\u0123iskie izrakumi \u2013 dinozaurs","description":"dinozauro fosilij\u0173 kasimo rinkinys yra fantasti\u0161ka dovana vaikams, kurie domisi dinozauras. Smagu kasti fosilijas ir i\u0161 j\u0173 surinkti dinozaur\u0105.","robots":{"index":"index","follow":"follow","max-snippet":"max-snippet:-1","max-image-preview":"max-image-preview:large","max-video-preview":"max-video-preview:-1"},"canonical":"https:\/\/kidsplay.lt\/lv\/products\/dinozauru-skeleto-archeologiniai-kasinejimai-dinozauras\/","og_locale":"lv_LV","og_type":"article","og_title":"Dinozaur\u0173 skeleto archeologiniai kasin\u0117jimai \u2013 dinozauras","og_description":"dinozauro fosilij\u0173 kasimo rinkinys yra fantasti\u0161ka dovana vaikams, kurie domisi dinozauras. Smagu kasti fosilijas ir i\u0161 j\u0173 surinkti dinozaur\u0105.","og_url":"https:\/\/kidsplay.lt\/lv\/products\/dinozauru-skeleto-archeologiniai-kasinejimai-dinozauras\/","og_site_name":"KidsPlay","article_publisher":"https:\/\/www.facebook.com\/www.kidsplay.lt","article_modified_time":"2026-04-13T12:24:23+00:00","og_image":[{"width":1000,"height":1000,"url":"https:\/\/kidsplay.lt\/wp-content\/uploads\/2024\/09\/Dinozauru-skeleto-archeologiniai-kasinejimai-\u2013-dinozauras.jpg","type":"image\/jpeg"}],"twitter_card":"summary_large_image","twitter_misc":{"Est. reading time":"1 min\u016bte"},"schema":{"@context":"https:\/\/schema.org","@graph":[{"@type":"WebPage","@id":"https:\/\/kidsplay.lt\/produktas\/dinozauru-skeleto-archeologiniai-kasinejimai-dinozauras\/","url":"https:\/\/kidsplay.lt\/produktas\/dinozauru-skeleto-archeologiniai-kasinejimai-dinozauras\/","name":"Dinozaura skeleta arheolo\u0123iskie izrakumi \u2013 dinozaurs","isPartOf":{"@id":"https:\/\/kidsplay.lt\/#website"},"primaryImageOfPage":{"@id":"https:\/\/kidsplay.lt\/produktas\/dinozauru-skeleto-archeologiniai-kasinejimai-dinozauras\/#primaryimage"},"image":{"@id":"https:\/\/kidsplay.lt\/produktas\/dinozauru-skeleto-archeologiniai-kasinejimai-dinozauras\/#primaryimage"},"thumbnailUrl":"https:\/\/kidsplay.lt\/wp-content\/uploads\/2024\/09\/Dinozauru-skeleto-archeologiniai-kasinejimai-\u2013-dinozauras.jpg","datePublished":"2025-10-02T12:04:31+00:00","dateModified":"2026-04-13T12:24:23+00:00","description":"dinozauro fosilij\u0173 kasimo rinkinys yra fantasti\u0161ka dovana vaikams, kurie domisi dinozauras. Smagu kasti fosilijas ir i\u0161 j\u0173 surinkti dinozaur\u0105.","breadcrumb":{"@id":"https:\/\/kidsplay.lt\/produktas\/dinozauru-skeleto-archeologiniai-kasinejimai-dinozauras\/#breadcrumb"},"inLanguage":"lv-LV","potentialAction":[{"@type":"ReadAction","target":["https:\/\/kidsplay.lt\/produktas\/dinozauru-skeleto-archeologiniai-kasinejimai-dinozauras\/"]}]},{"@type":"ImageObject","inLanguage":"lv-LV","@id":"https:\/\/kidsplay.lt\/produktas\/dinozauru-skeleto-archeologiniai-kasinejimai-dinozauras\/#primaryimage","url":"https:\/\/kidsplay.lt\/wp-content\/uploads\/2024\/09\/Dinozauru-skeleto-archeologiniai-kasinejimai-\u2013-dinozauras.jpg","contentUrl":"https:\/\/kidsplay.lt\/wp-content\/uploads\/2024\/09\/Dinozauru-skeleto-archeologiniai-kasinejimai-\u2013-dinozauras.jpg","width":1000,"height":1000,"caption":"Dinozaur\u0173 skeleto archeologiniai kasin\u0117jimai &#8211; dinozauras"},{"@type":"BreadcrumbList","@id":"https:\/\/kidsplay.lt\/produktas\/dinozauru-skeleto-archeologiniai-kasinejimai-dinozauras\/#breadcrumb","itemListElement":[{"@type":"ListItem","position":1,"name":"Pagrindinis","item":"https:\/\/kidsplay.lt\/"},{"@type":"ListItem","position":2,"name":"Parduotuv\u0117","item":"https:\/\/kidsplay.lt\/parduotuve\/"},{"@type":"ListItem","position":3,"name":"Dinozaur\u0173 skeleto archeologiniai kasin\u0117jimai \u2013 dinozauras"}]},{"@type":"WebSite","@id":"https:\/\/kidsplay.lt\/#website","url":"https:\/\/kidsplay.lt\/","name":"B\u0113rnu sp\u0113les.lv","description":"\u012evairios prek\u0117s vaikams","publisher":{"@id":"https:\/\/kidsplay.lt\/#organization"},"alternateName":"Kidsplay","potentialAction":[{"@type":"SearchAction","target":{"@type":"EntryPoint","urlTemplate":"https:\/\/kidsplay.lt\/?s={search_term_string}"},"query-input":{"@type":"PropertyValueSpecification","valueRequired":true,"valueName":"search_term_string"}}],"inLanguage":"lv-LV"},{"@type":"Organization","@id":"https:\/\/kidsplay.lt\/#organization","name":"B\u0113rnu sp\u0113le","url":"https:\/\/kidsplay.lt\/","logo":{"@type":"ImageObject","inLanguage":"lv-LV","@id":"https:\/\/kidsplay.lt\/#\/schema\/logo\/image\/","url":"https:\/\/kidsplay.lt\/wp-content\/uploads\/2023\/07\/kidsplay-logo.png","contentUrl":"https:\/\/kidsplay.lt\/wp-content\/uploads\/2023\/07\/kidsplay-logo.png","width":451,"height":98,"caption":"KidsPlay"},"image":{"@id":"https:\/\/kidsplay.lt\/#\/schema\/logo\/image\/"},"sameAs":["https:\/\/www.facebook.com\/www.kidsplay.lt"]}]}},"_links":{"self":[{"href":"https:\/\/kidsplay.lt\/lv\/wp-json\/wp\/v2\/product\/71719","targetHints":{"allow":["GET"]}}],"collection":[{"href":"https:\/\/kidsplay.lt\/lv\/wp-json\/wp\/v2\/product"}],"about":[{"href":"https:\/\/kidsplay.lt\/lv\/wp-json\/wp\/v2\/types\/product"}],"version-history":[{"count":3,"href":"https:\/\/kidsplay.lt\/lv\/wp-json\/wp\/v2\/product\/71719\/revisions"}],"predecessor-version":[{"id":80989,"href":"https:\/\/kidsplay.lt\/lv\/wp-json\/wp\/v2\/product\/71719\/revisions\/80989"}],"wp:featuredmedia":[{"embeddable":true,"href":"https:\/\/kidsplay.lt\/lv\/wp-json\/wp\/v2\/media\/52370"}],"wp:attachment":[{"href":"https:\/\/kidsplay.lt\/lv\/wp-json\/wp\/v2\/media?parent=71719"}],"wp:term":[{"taxonomy":"product_brand","embeddable":true,"href":"https:\/\/kidsplay.lt\/lv\/wp-json\/wp\/v2\/product_brand?post=71719"},{"taxonomy":"product_cat","embeddable":true,"href":"https:\/\/kidsplay.lt\/lv\/wp-json\/wp\/v2\/product_cat?post=71719"},{"taxonomy":"product_tag","embeddable":true,"href":"https:\/\/kidsplay.lt\/lv\/wp-json\/wp\/v2\/product_tag?post=71719"}],"curies":[{"name":"wp","href":"https:\/\/api.w.org\/{rel}","templated":true}]}}