{"id":71752,"date":"2025-10-02T15:06:16","date_gmt":"2025-10-02T12:06:16","guid":{"rendered":"https:\/\/kidsplay.lt\/produktas\/smeigtuku-deliones\/"},"modified":"2026-04-07T11:27:09","modified_gmt":"2026-04-07T08:27:09","slug":"smeigtuku-deliones","status":"publish","type":"product","link":"https:\/\/kidsplay.lt\/lv\/products\/smeigtuku-deliones\/","title":{"rendered":"Piespraudes m\u012bklas"},"content":{"rendered":"<p>D\u0117lion\u0117 ma\u017eiausiems vaikams pad\u0117s skatinti j\u0173 k\u016brybi\u0161kum\u0105. Spalvotose paveiksl\u0117li\u0173 lentose yra vietos \u012fvairiaspalviams smeigtukams, kuriais galima papuo\u0161ti k\u016brin\u012f ir u\u017ebaigti paveiksl\u0105. Sukurkite gra\u017e\u0173 sraig\u0117s kiaut\u0105 ar spalvingus \u017euvies \u017evynus, kartu mokydamiesi tikslumo ir kantryb\u0117s.<\/p>\n<p>&#8211; Tinka\u00a0vaikams nuo 3\u00a0met\u0173<br \/>\n&#8211; Rinkin\u012f sudaro:\u00a010 skirting\u0173 lenteli\u0173 su \u0161ablonais kalad\u0117l\u0117ms\u00a0kalti,\u00a0222 vienetai spalvot\u0173 kalad\u0117li\u0173\u00a0ir\u00a0med\u017eiaginis mai\u0161elis\u00a0kalad\u0117l\u0117ms.<br \/>\n&#8211; Gaminys pagamintas i\u0161 auk\u0161\u010diausios kokyb\u0117s med\u017eiag\u0173, saugi\u0173 j\u016bs\u0173 vaikui<br \/>\n&#8211; D\u0117l korteli\u0173 ir kalad\u0117li\u0173 skai\u010diaus vienu metu gali \u017eaisti\u00a0daugiau nei vienas vaikas<br \/>\n&#8211; D\u0117l spalv\u0173 \u012fvairov\u0117s jos padeda mokytis ir lengvai \u012fsisavinti- Spalvingi paveiksl\u0117liai ant medini\u0173 lenteli\u0173 skatina ma\u017eojo tyrin\u0117tojo vaizduot\u0119<\/p>","protected":false},"excerpt":{"rendered":"<p>Piespraudes m\u012bklas<\/p>","protected":false},"featured_media":52537,"template":"","meta":{"_acf_changed":false,"_glsr_average":0,"_glsr_ranking":0,"_glsr_reviews":0},"product_brand":[],"product_cat":[388,72],"product_tag":[],"class_list":{"0":"post-71752","1":"product","2":"type-product","3":"status-publish","4":"has-post-thumbnail","6":"product_cat-edukaciniai-lavinamieji-zaislai","7":"product_cat-ispardavimas","8":"\"style=\"background-color: #2ecc711c;\"","10":"first","11":"instock","12":"sale","13":"purchasable","14":"product-type-simple"},"acf":[],"yoast_head":"<!-- This site is optimized with the Yoast SEO plugin v27.3 - https:\/\/yoast.com\/product\/yoast-seo-wordpress\/ -->\n<title>Smeigtuk\u0173 d\u0117lion\u0117s<\/title>\n<meta name=\"description\" content=\"D\u0117lion\u0117 vaikams pad\u0117s skatinti j\u0173 k\u016brybi\u0161kum\u0105. Spalvotose paveiksl\u0117li\u0173 yra vietos \u012fvairiaspalviams smeigtukams, kuriais galima papuo\u0161ti k\u016brin\u012f.\" \/>\n<meta name=\"robots\" content=\"index, follow, max-snippet:-1, max-image-preview:large, max-video-preview:-1\" \/>\n<link rel=\"canonical\" href=\"https:\/\/kidsplay.lt\/lv\/products\/smeigtuku-deliones\/\" \/>\n<meta property=\"og:locale\" content=\"lv_LV\" \/>\n<meta property=\"og:type\" content=\"article\" \/>\n<meta property=\"og:title\" content=\"Smeigtuk\u0173 d\u0117lion\u0117s\" \/>\n<meta property=\"og:description\" content=\"D\u0117lion\u0117 vaikams pad\u0117s skatinti j\u0173 k\u016brybi\u0161kum\u0105. Spalvotose paveiksl\u0117li\u0173 yra vietos \u012fvairiaspalviams smeigtukams, kuriais galima papuo\u0161ti k\u016brin\u012f.\" \/>\n<meta property=\"og:url\" content=\"https:\/\/kidsplay.lt\/lv\/products\/smeigtuku-deliones\/\" \/>\n<meta property=\"og:site_name\" content=\"KidsPlay\" \/>\n<meta property=\"article:publisher\" content=\"https:\/\/www.facebook.com\/www.kidsplay.lt\" \/>\n<meta property=\"article:modified_time\" content=\"2026-04-07T08:27:09+00:00\" \/>\n<meta property=\"og:image\" content=\"https:\/\/kidsplay.lt\/wp-content\/uploads\/2024\/09\/Smeigtuku-deliones.jpg\" \/>\n\t<meta property=\"og:image:width\" content=\"1000\" \/>\n\t<meta property=\"og:image:height\" content=\"1000\" \/>\n\t<meta property=\"og:image:type\" content=\"image\/jpeg\" \/>\n<meta name=\"twitter:card\" content=\"summary_large_image\" \/>\n<meta name=\"twitter:label1\" content=\"Est. reading time\" \/>\n\t<meta name=\"twitter:data1\" content=\"1 min\u016bte\" \/>\n<script type=\"application\/ld+json\" class=\"yoast-schema-graph\">{\"@context\":\"https:\\\/\\\/schema.org\",\"@graph\":[{\"@type\":\"WebPage\",\"@id\":\"https:\\\/\\\/kidsplay.lt\\\/produktas\\\/smeigtuku-deliones\\\/\",\"url\":\"https:\\\/\\\/kidsplay.lt\\\/produktas\\\/smeigtuku-deliones\\\/\",\"name\":\"Smeigtuk\u0173 d\u0117lion\u0117s\",\"isPartOf\":{\"@id\":\"https:\\\/\\\/kidsplay.lt\\\/#website\"},\"primaryImageOfPage\":{\"@id\":\"https:\\\/\\\/kidsplay.lt\\\/produktas\\\/smeigtuku-deliones\\\/#primaryimage\"},\"image\":{\"@id\":\"https:\\\/\\\/kidsplay.lt\\\/produktas\\\/smeigtuku-deliones\\\/#primaryimage\"},\"thumbnailUrl\":\"https:\\\/\\\/kidsplay.lt\\\/wp-content\\\/uploads\\\/2024\\\/09\\\/Smeigtuku-deliones.jpg\",\"datePublished\":\"2025-10-02T12:06:16+00:00\",\"dateModified\":\"2026-04-07T08:27:09+00:00\",\"description\":\"D\u0117lion\u0117 vaikams pad\u0117s skatinti j\u0173 k\u016brybi\u0161kum\u0105. Spalvotose paveiksl\u0117li\u0173 yra vietos \u012fvairiaspalviams smeigtukams, kuriais galima papuo\u0161ti k\u016brin\u012f.\",\"breadcrumb\":{\"@id\":\"https:\\\/\\\/kidsplay.lt\\\/produktas\\\/smeigtuku-deliones\\\/#breadcrumb\"},\"inLanguage\":\"lv-LV\",\"potentialAction\":[{\"@type\":\"ReadAction\",\"target\":[\"https:\\\/\\\/kidsplay.lt\\\/produktas\\\/smeigtuku-deliones\\\/\"]}]},{\"@type\":\"ImageObject\",\"inLanguage\":\"lv-LV\",\"@id\":\"https:\\\/\\\/kidsplay.lt\\\/produktas\\\/smeigtuku-deliones\\\/#primaryimage\",\"url\":\"https:\\\/\\\/kidsplay.lt\\\/wp-content\\\/uploads\\\/2024\\\/09\\\/Smeigtuku-deliones.jpg\",\"contentUrl\":\"https:\\\/\\\/kidsplay.lt\\\/wp-content\\\/uploads\\\/2024\\\/09\\\/Smeigtuku-deliones.jpg\",\"width\":1000,\"height\":1000,\"caption\":\"Smeigtuk\u0173 d\u0117lion\u0117s\"},{\"@type\":\"BreadcrumbList\",\"@id\":\"https:\\\/\\\/kidsplay.lt\\\/produktas\\\/smeigtuku-deliones\\\/#breadcrumb\",\"itemListElement\":[{\"@type\":\"ListItem\",\"position\":1,\"name\":\"Pagrindinis\",\"item\":\"https:\\\/\\\/kidsplay.lt\\\/\"},{\"@type\":\"ListItem\",\"position\":2,\"name\":\"Parduotuv\u0117\",\"item\":\"https:\\\/\\\/kidsplay.lt\\\/parduotuve\\\/\"},{\"@type\":\"ListItem\",\"position\":3,\"name\":\"Smeigtuk\u0173 d\u0117lion\u0117s\"}]},{\"@type\":\"WebSite\",\"@id\":\"https:\\\/\\\/kidsplay.lt\\\/#website\",\"url\":\"https:\\\/\\\/kidsplay.lt\\\/\",\"name\":\"Kidsplay.lt\",\"description\":\"\u012evairios prek\u0117s vaikams\",\"publisher\":{\"@id\":\"https:\\\/\\\/kidsplay.lt\\\/#organization\"},\"alternateName\":\"Kidsplay\",\"potentialAction\":[{\"@type\":\"SearchAction\",\"target\":{\"@type\":\"EntryPoint\",\"urlTemplate\":\"https:\\\/\\\/kidsplay.lt\\\/?s={search_term_string}\"},\"query-input\":{\"@type\":\"PropertyValueSpecification\",\"valueRequired\":true,\"valueName\":\"search_term_string\"}}],\"inLanguage\":\"lv-LV\"},{\"@type\":\"Organization\",\"@id\":\"https:\\\/\\\/kidsplay.lt\\\/#organization\",\"name\":\"KidsPlay\",\"url\":\"https:\\\/\\\/kidsplay.lt\\\/\",\"logo\":{\"@type\":\"ImageObject\",\"inLanguage\":\"lv-LV\",\"@id\":\"https:\\\/\\\/kidsplay.lt\\\/#\\\/schema\\\/logo\\\/image\\\/\",\"url\":\"https:\\\/\\\/kidsplay.lt\\\/wp-content\\\/uploads\\\/2023\\\/07\\\/kidsplay-logo.png\",\"contentUrl\":\"https:\\\/\\\/kidsplay.lt\\\/wp-content\\\/uploads\\\/2023\\\/07\\\/kidsplay-logo.png\",\"width\":451,\"height\":98,\"caption\":\"KidsPlay\"},\"image\":{\"@id\":\"https:\\\/\\\/kidsplay.lt\\\/#\\\/schema\\\/logo\\\/image\\\/\"},\"sameAs\":[\"https:\\\/\\\/www.facebook.com\\\/www.kidsplay.lt\"]}]}<\/script>\n<!-- \/ Yoast SEO plugin. -->","yoast_head_json":{"title":"Piespraudes m\u012bklas","description":"D\u0117lion\u0117 vaikams pad\u0117s skatinti j\u0173 k\u016brybi\u0161kum\u0105. Spalvotose paveiksl\u0117li\u0173 yra vietos \u012fvairiaspalviams smeigtukams, kuriais galima papuo\u0161ti k\u016brin\u012f.","robots":{"index":"index","follow":"follow","max-snippet":"max-snippet:-1","max-image-preview":"max-image-preview:large","max-video-preview":"max-video-preview:-1"},"canonical":"https:\/\/kidsplay.lt\/lv\/products\/smeigtuku-deliones\/","og_locale":"lv_LV","og_type":"article","og_title":"Smeigtuk\u0173 d\u0117lion\u0117s","og_description":"D\u0117lion\u0117 vaikams pad\u0117s skatinti j\u0173 k\u016brybi\u0161kum\u0105. Spalvotose paveiksl\u0117li\u0173 yra vietos \u012fvairiaspalviams smeigtukams, kuriais galima papuo\u0161ti k\u016brin\u012f.","og_url":"https:\/\/kidsplay.lt\/lv\/products\/smeigtuku-deliones\/","og_site_name":"KidsPlay","article_publisher":"https:\/\/www.facebook.com\/www.kidsplay.lt","article_modified_time":"2026-04-07T08:27:09+00:00","og_image":[{"width":1000,"height":1000,"url":"https:\/\/kidsplay.lt\/wp-content\/uploads\/2024\/09\/Smeigtuku-deliones.jpg","type":"image\/jpeg"}],"twitter_card":"summary_large_image","twitter_misc":{"Est. reading time":"1 min\u016bte"},"schema":{"@context":"https:\/\/schema.org","@graph":[{"@type":"WebPage","@id":"https:\/\/kidsplay.lt\/produktas\/smeigtuku-deliones\/","url":"https:\/\/kidsplay.lt\/produktas\/smeigtuku-deliones\/","name":"Piespraudes m\u012bklas","isPartOf":{"@id":"https:\/\/kidsplay.lt\/#website"},"primaryImageOfPage":{"@id":"https:\/\/kidsplay.lt\/produktas\/smeigtuku-deliones\/#primaryimage"},"image":{"@id":"https:\/\/kidsplay.lt\/produktas\/smeigtuku-deliones\/#primaryimage"},"thumbnailUrl":"https:\/\/kidsplay.lt\/wp-content\/uploads\/2024\/09\/Smeigtuku-deliones.jpg","datePublished":"2025-10-02T12:06:16+00:00","dateModified":"2026-04-07T08:27:09+00:00","description":"D\u0117lion\u0117 vaikams pad\u0117s skatinti j\u0173 k\u016brybi\u0161kum\u0105. Spalvotose paveiksl\u0117li\u0173 yra vietos \u012fvairiaspalviams smeigtukams, kuriais galima papuo\u0161ti k\u016brin\u012f.","breadcrumb":{"@id":"https:\/\/kidsplay.lt\/produktas\/smeigtuku-deliones\/#breadcrumb"},"inLanguage":"lv-LV","potentialAction":[{"@type":"ReadAction","target":["https:\/\/kidsplay.lt\/produktas\/smeigtuku-deliones\/"]}]},{"@type":"ImageObject","inLanguage":"lv-LV","@id":"https:\/\/kidsplay.lt\/produktas\/smeigtuku-deliones\/#primaryimage","url":"https:\/\/kidsplay.lt\/wp-content\/uploads\/2024\/09\/Smeigtuku-deliones.jpg","contentUrl":"https:\/\/kidsplay.lt\/wp-content\/uploads\/2024\/09\/Smeigtuku-deliones.jpg","width":1000,"height":1000,"caption":"Smeigtuk\u0173 d\u0117lion\u0117s"},{"@type":"BreadcrumbList","@id":"https:\/\/kidsplay.lt\/produktas\/smeigtuku-deliones\/#breadcrumb","itemListElement":[{"@type":"ListItem","position":1,"name":"Pagrindinis","item":"https:\/\/kidsplay.lt\/"},{"@type":"ListItem","position":2,"name":"Parduotuv\u0117","item":"https:\/\/kidsplay.lt\/parduotuve\/"},{"@type":"ListItem","position":3,"name":"Smeigtuk\u0173 d\u0117lion\u0117s"}]},{"@type":"WebSite","@id":"https:\/\/kidsplay.lt\/#website","url":"https:\/\/kidsplay.lt\/","name":"B\u0113rnu sp\u0113les.lv","description":"\u012evairios prek\u0117s vaikams","publisher":{"@id":"https:\/\/kidsplay.lt\/#organization"},"alternateName":"Kidsplay","potentialAction":[{"@type":"SearchAction","target":{"@type":"EntryPoint","urlTemplate":"https:\/\/kidsplay.lt\/?s={search_term_string}"},"query-input":{"@type":"PropertyValueSpecification","valueRequired":true,"valueName":"search_term_string"}}],"inLanguage":"lv-LV"},{"@type":"Organization","@id":"https:\/\/kidsplay.lt\/#organization","name":"B\u0113rnu sp\u0113le","url":"https:\/\/kidsplay.lt\/","logo":{"@type":"ImageObject","inLanguage":"lv-LV","@id":"https:\/\/kidsplay.lt\/#\/schema\/logo\/image\/","url":"https:\/\/kidsplay.lt\/wp-content\/uploads\/2023\/07\/kidsplay-logo.png","contentUrl":"https:\/\/kidsplay.lt\/wp-content\/uploads\/2023\/07\/kidsplay-logo.png","width":451,"height":98,"caption":"KidsPlay"},"image":{"@id":"https:\/\/kidsplay.lt\/#\/schema\/logo\/image\/"},"sameAs":["https:\/\/www.facebook.com\/www.kidsplay.lt"]}]}},"_links":{"self":[{"href":"https:\/\/kidsplay.lt\/lv\/wp-json\/wp\/v2\/product\/71752","targetHints":{"allow":["GET"]}}],"collection":[{"href":"https:\/\/kidsplay.lt\/lv\/wp-json\/wp\/v2\/product"}],"about":[{"href":"https:\/\/kidsplay.lt\/lv\/wp-json\/wp\/v2\/types\/product"}],"version-history":[{"count":3,"href":"https:\/\/kidsplay.lt\/lv\/wp-json\/wp\/v2\/product\/71752\/revisions"}],"predecessor-version":[{"id":80739,"href":"https:\/\/kidsplay.lt\/lv\/wp-json\/wp\/v2\/product\/71752\/revisions\/80739"}],"wp:featuredmedia":[{"embeddable":true,"href":"https:\/\/kidsplay.lt\/lv\/wp-json\/wp\/v2\/media\/52537"}],"wp:attachment":[{"href":"https:\/\/kidsplay.lt\/lv\/wp-json\/wp\/v2\/media?parent=71752"}],"wp:term":[{"taxonomy":"product_brand","embeddable":true,"href":"https:\/\/kidsplay.lt\/lv\/wp-json\/wp\/v2\/product_brand?post=71752"},{"taxonomy":"product_cat","embeddable":true,"href":"https:\/\/kidsplay.lt\/lv\/wp-json\/wp\/v2\/product_cat?post=71752"},{"taxonomy":"product_tag","embeddable":true,"href":"https:\/\/kidsplay.lt\/lv\/wp-json\/wp\/v2\/product_tag?post=71752"}],"curies":[{"name":"wp","href":"https:\/\/api.w.org\/{rel}","templated":true}]}}