{"id":72054,"date":"2025-10-02T15:21:37","date_gmt":"2025-10-02T12:21:37","guid":{"rendered":"https:\/\/kidsplay.lt\/produktas\/kurybinis-braizymo-lentos-rinkinys-vaikams\/"},"modified":"2026-04-13T15:28:50","modified_gmt":"2026-04-13T12:28:50","slug":"kurybinis-braizymo-lentos-rinkinys-vaikams","status":"publish","type":"product","link":"https:\/\/kidsplay.lt\/lv\/products\/kurybinis-braizymo-lentos-rinkinys-vaikams\/","title":{"rendered":"Rado\u0161s z\u012bm\u0113\u0161anas t\u0101feles komplekts b\u0113rniem"},"content":{"rendered":"<p>Naudodamas medin\u012f plunksnakot\u012f, vaikas gali\u00a0brai\u017eyti\u00a0naujas formas ir (arba) ra\u0161tus, padengtus ant lentos, o tada steb\u0117ti, kaip spalvos suformuoja ne\u012fprast\u0105, vientis\u0105 vaizd\u0105 su\u00a0gyv\u016bno motyvu! Rinkin\u012f sudaro\u00a07 dalys\u00a0, \u012fskaitant 6 brai\u017eymo lenteles ir ra\u0161ikl\u012f. Lentel\u0117se yra paveiksl\u0117li\u0173 su\u00a0kat\u0117s,\u00a0\u0161uns,\u00a0sraig\u0117s,\u00a0triu\u0161io,\u00a0\u017euvies\u00a0ir\u00a0pap\u016bgos\u00a0atvaizdais. D\u0117l patogios u\u017edaromos pakuot\u0117s rinkin\u012f galima\u00a0pasiimti\u00a0bet kur\u00a0su vaiku. \u017daislas lavina vaiko\u00a0motorinius \u012fg\u016bd\u017eius\u00a0ir skatina\u00a0k\u016brybi\u0161kum\u0105\u00a0bei\u00a0vaizduot\u0119!<\/p>\n<p>\u2013 Rota\u013clieta no 3 gadu vecuma<br \/>\n&#8211; rinkin\u012f sudaro\u00a07 elementai: 6 lentel\u0117s, kurias galima brai\u017eyti, ir ra\u0161iklis<br \/>\n&#8211; \u017eaid\u017eiant\u00a0reikia\u00a0ra\u0161ikliu\u00a0i\u0161brai\u017eyti\u00a0elementus\u00a0i\u0161\u00a0popieriaus lapo<br \/>\n&#8211; rinkin\u012f galima\u00a0pasiimti bet kur\u00a0d\u0117l patogios u\u017edaromos pakuot\u0117s<br \/>\n&#8211; skatina\u00a0k\u016brybi\u0161kum\u0105, vaizduot\u0119\u00a0ir lavina\u00a0rank\u0173 darbo \u012fg\u016bd\u017eius<\/p>","protected":false},"excerpt":{"rendered":"<p>Rado\u0161s z\u012bm\u0113\u0161anas t\u0101feles komplekts b\u0113rniem<\/p>","protected":false},"featured_media":54159,"template":"","meta":{"_acf_changed":false,"_glsr_average":0,"_glsr_ranking":0,"_glsr_reviews":0},"product_brand":[],"product_cat":[388,72,229],"product_tag":[],"class_list":{"0":"post-72054","1":"product","2":"type-product","3":"status-publish","4":"has-post-thumbnail","6":"product_cat-edukaciniai-lavinamieji-zaislai","7":"product_cat-ispardavimas","8":"product_cat-zaislai-vaikams","9":"\"style=\"background-color: #2ecc711c;\"","11":"first","12":"instock","13":"sale","14":"purchasable","15":"product-type-simple"},"acf":[],"yoast_head":"<!-- This site is optimized with the Yoast SEO plugin v27.3 - https:\/\/yoast.com\/product\/yoast-seo-wordpress\/ -->\n<title>K\u016brybinis brai\u017eymo lentos rinkinys vaikams<\/title>\n<meta name=\"description\" content=\"Naudodamas medin\u012f plunksnakot\u012f, vaikas gali\u00a0brai\u017eyti\u00a0naujas formas ir ra\u0161tus, padengtus ant lentos, o tada steb\u0117ti, kaip spalvos suformuoja ne\u012fprast\u0105.\" \/>\n<meta name=\"robots\" content=\"index, follow, max-snippet:-1, max-image-preview:large, max-video-preview:-1\" \/>\n<link rel=\"canonical\" href=\"https:\/\/kidsplay.lt\/lv\/products\/kurybinis-braizymo-lentos-rinkinys-vaikams\/\" \/>\n<meta property=\"og:locale\" content=\"lv_LV\" \/>\n<meta property=\"og:type\" content=\"article\" \/>\n<meta property=\"og:title\" content=\"K\u016brybinis brai\u017eymo lentos rinkinys vaikams\" \/>\n<meta property=\"og:description\" content=\"Naudodamas medin\u012f plunksnakot\u012f, vaikas gali\u00a0brai\u017eyti\u00a0naujas formas ir ra\u0161tus, padengtus ant lentos, o tada steb\u0117ti, kaip spalvos suformuoja ne\u012fprast\u0105.\" \/>\n<meta property=\"og:url\" content=\"https:\/\/kidsplay.lt\/lv\/products\/kurybinis-braizymo-lentos-rinkinys-vaikams\/\" \/>\n<meta property=\"og:site_name\" content=\"KidsPlay\" \/>\n<meta property=\"article:publisher\" content=\"https:\/\/www.facebook.com\/www.kidsplay.lt\" \/>\n<meta property=\"article:modified_time\" content=\"2026-04-13T12:28:50+00:00\" \/>\n<meta property=\"og:image\" content=\"https:\/\/kidsplay.lt\/wp-content\/uploads\/2024\/09\/Kurybinis-braizymo-lentos-rinkinys-vaikams.jpg\" \/>\n\t<meta property=\"og:image:width\" content=\"1000\" \/>\n\t<meta property=\"og:image:height\" content=\"1000\" \/>\n\t<meta property=\"og:image:type\" content=\"image\/jpeg\" \/>\n<meta name=\"twitter:card\" content=\"summary_large_image\" \/>\n<meta name=\"twitter:label1\" content=\"Est. reading time\" \/>\n\t<meta name=\"twitter:data1\" content=\"1 min\u016bte\" \/>\n<script type=\"application\/ld+json\" class=\"yoast-schema-graph\">{\"@context\":\"https:\\\/\\\/schema.org\",\"@graph\":[{\"@type\":\"WebPage\",\"@id\":\"https:\\\/\\\/kidsplay.lt\\\/produktas\\\/kurybinis-braizymo-lentos-rinkinys-vaikams\\\/\",\"url\":\"https:\\\/\\\/kidsplay.lt\\\/produktas\\\/kurybinis-braizymo-lentos-rinkinys-vaikams\\\/\",\"name\":\"K\u016brybinis brai\u017eymo lentos rinkinys vaikams\",\"isPartOf\":{\"@id\":\"https:\\\/\\\/kidsplay.lt\\\/#website\"},\"primaryImageOfPage\":{\"@id\":\"https:\\\/\\\/kidsplay.lt\\\/produktas\\\/kurybinis-braizymo-lentos-rinkinys-vaikams\\\/#primaryimage\"},\"image\":{\"@id\":\"https:\\\/\\\/kidsplay.lt\\\/produktas\\\/kurybinis-braizymo-lentos-rinkinys-vaikams\\\/#primaryimage\"},\"thumbnailUrl\":\"https:\\\/\\\/kidsplay.lt\\\/wp-content\\\/uploads\\\/2024\\\/09\\\/Kurybinis-braizymo-lentos-rinkinys-vaikams.jpg\",\"datePublished\":\"2025-10-02T12:21:37+00:00\",\"dateModified\":\"2026-04-13T12:28:50+00:00\",\"description\":\"Naudodamas medin\u012f plunksnakot\u012f, vaikas gali\u00a0brai\u017eyti\u00a0naujas formas ir ra\u0161tus, padengtus ant lentos, o tada steb\u0117ti, kaip spalvos suformuoja ne\u012fprast\u0105.\",\"breadcrumb\":{\"@id\":\"https:\\\/\\\/kidsplay.lt\\\/produktas\\\/kurybinis-braizymo-lentos-rinkinys-vaikams\\\/#breadcrumb\"},\"inLanguage\":\"lv-LV\",\"potentialAction\":[{\"@type\":\"ReadAction\",\"target\":[\"https:\\\/\\\/kidsplay.lt\\\/produktas\\\/kurybinis-braizymo-lentos-rinkinys-vaikams\\\/\"]}]},{\"@type\":\"ImageObject\",\"inLanguage\":\"lv-LV\",\"@id\":\"https:\\\/\\\/kidsplay.lt\\\/produktas\\\/kurybinis-braizymo-lentos-rinkinys-vaikams\\\/#primaryimage\",\"url\":\"https:\\\/\\\/kidsplay.lt\\\/wp-content\\\/uploads\\\/2024\\\/09\\\/Kurybinis-braizymo-lentos-rinkinys-vaikams.jpg\",\"contentUrl\":\"https:\\\/\\\/kidsplay.lt\\\/wp-content\\\/uploads\\\/2024\\\/09\\\/Kurybinis-braizymo-lentos-rinkinys-vaikams.jpg\",\"width\":1000,\"height\":1000,\"caption\":\"K\u016brybinis brai\u017eymo lentos rinkinys vaikams\"},{\"@type\":\"BreadcrumbList\",\"@id\":\"https:\\\/\\\/kidsplay.lt\\\/produktas\\\/kurybinis-braizymo-lentos-rinkinys-vaikams\\\/#breadcrumb\",\"itemListElement\":[{\"@type\":\"ListItem\",\"position\":1,\"name\":\"Pagrindinis\",\"item\":\"https:\\\/\\\/kidsplay.lt\\\/\"},{\"@type\":\"ListItem\",\"position\":2,\"name\":\"Parduotuv\u0117\",\"item\":\"https:\\\/\\\/kidsplay.lt\\\/parduotuve\\\/\"},{\"@type\":\"ListItem\",\"position\":3,\"name\":\"K\u016brybinis brai\u017eymo lentos rinkinys vaikams\"}]},{\"@type\":\"WebSite\",\"@id\":\"https:\\\/\\\/kidsplay.lt\\\/#website\",\"url\":\"https:\\\/\\\/kidsplay.lt\\\/\",\"name\":\"Kidsplay.lt\",\"description\":\"\u012evairios prek\u0117s vaikams\",\"publisher\":{\"@id\":\"https:\\\/\\\/kidsplay.lt\\\/#organization\"},\"alternateName\":\"Kidsplay\",\"potentialAction\":[{\"@type\":\"SearchAction\",\"target\":{\"@type\":\"EntryPoint\",\"urlTemplate\":\"https:\\\/\\\/kidsplay.lt\\\/?s={search_term_string}\"},\"query-input\":{\"@type\":\"PropertyValueSpecification\",\"valueRequired\":true,\"valueName\":\"search_term_string\"}}],\"inLanguage\":\"lv-LV\"},{\"@type\":\"Organization\",\"@id\":\"https:\\\/\\\/kidsplay.lt\\\/#organization\",\"name\":\"KidsPlay\",\"url\":\"https:\\\/\\\/kidsplay.lt\\\/\",\"logo\":{\"@type\":\"ImageObject\",\"inLanguage\":\"lv-LV\",\"@id\":\"https:\\\/\\\/kidsplay.lt\\\/#\\\/schema\\\/logo\\\/image\\\/\",\"url\":\"https:\\\/\\\/kidsplay.lt\\\/wp-content\\\/uploads\\\/2023\\\/07\\\/kidsplay-logo.png\",\"contentUrl\":\"https:\\\/\\\/kidsplay.lt\\\/wp-content\\\/uploads\\\/2023\\\/07\\\/kidsplay-logo.png\",\"width\":451,\"height\":98,\"caption\":\"KidsPlay\"},\"image\":{\"@id\":\"https:\\\/\\\/kidsplay.lt\\\/#\\\/schema\\\/logo\\\/image\\\/\"},\"sameAs\":[\"https:\\\/\\\/www.facebook.com\\\/www.kidsplay.lt\"]}]}<\/script>\n<!-- \/ Yoast SEO plugin. -->","yoast_head_json":{"title":"Rado\u0161s z\u012bm\u0113\u0161anas t\u0101feles komplekts b\u0113rniem","description":"Naudodamas medin\u012f plunksnakot\u012f, vaikas gali\u00a0brai\u017eyti\u00a0naujas formas ir ra\u0161tus, padengtus ant lentos, o tada steb\u0117ti, kaip spalvos suformuoja ne\u012fprast\u0105.","robots":{"index":"index","follow":"follow","max-snippet":"max-snippet:-1","max-image-preview":"max-image-preview:large","max-video-preview":"max-video-preview:-1"},"canonical":"https:\/\/kidsplay.lt\/lv\/products\/kurybinis-braizymo-lentos-rinkinys-vaikams\/","og_locale":"lv_LV","og_type":"article","og_title":"K\u016brybinis brai\u017eymo lentos rinkinys vaikams","og_description":"Naudodamas medin\u012f plunksnakot\u012f, vaikas gali\u00a0brai\u017eyti\u00a0naujas formas ir ra\u0161tus, padengtus ant lentos, o tada steb\u0117ti, kaip spalvos suformuoja ne\u012fprast\u0105.","og_url":"https:\/\/kidsplay.lt\/lv\/products\/kurybinis-braizymo-lentos-rinkinys-vaikams\/","og_site_name":"KidsPlay","article_publisher":"https:\/\/www.facebook.com\/www.kidsplay.lt","article_modified_time":"2026-04-13T12:28:50+00:00","og_image":[{"width":1000,"height":1000,"url":"https:\/\/kidsplay.lt\/wp-content\/uploads\/2024\/09\/Kurybinis-braizymo-lentos-rinkinys-vaikams.jpg","type":"image\/jpeg"}],"twitter_card":"summary_large_image","twitter_misc":{"Est. reading time":"1 min\u016bte"},"schema":{"@context":"https:\/\/schema.org","@graph":[{"@type":"WebPage","@id":"https:\/\/kidsplay.lt\/produktas\/kurybinis-braizymo-lentos-rinkinys-vaikams\/","url":"https:\/\/kidsplay.lt\/produktas\/kurybinis-braizymo-lentos-rinkinys-vaikams\/","name":"Rado\u0161s z\u012bm\u0113\u0161anas t\u0101feles komplekts b\u0113rniem","isPartOf":{"@id":"https:\/\/kidsplay.lt\/#website"},"primaryImageOfPage":{"@id":"https:\/\/kidsplay.lt\/produktas\/kurybinis-braizymo-lentos-rinkinys-vaikams\/#primaryimage"},"image":{"@id":"https:\/\/kidsplay.lt\/produktas\/kurybinis-braizymo-lentos-rinkinys-vaikams\/#primaryimage"},"thumbnailUrl":"https:\/\/kidsplay.lt\/wp-content\/uploads\/2024\/09\/Kurybinis-braizymo-lentos-rinkinys-vaikams.jpg","datePublished":"2025-10-02T12:21:37+00:00","dateModified":"2026-04-13T12:28:50+00:00","description":"Naudodamas medin\u012f plunksnakot\u012f, vaikas gali\u00a0brai\u017eyti\u00a0naujas formas ir ra\u0161tus, padengtus ant lentos, o tada steb\u0117ti, kaip spalvos suformuoja ne\u012fprast\u0105.","breadcrumb":{"@id":"https:\/\/kidsplay.lt\/produktas\/kurybinis-braizymo-lentos-rinkinys-vaikams\/#breadcrumb"},"inLanguage":"lv-LV","potentialAction":[{"@type":"ReadAction","target":["https:\/\/kidsplay.lt\/produktas\/kurybinis-braizymo-lentos-rinkinys-vaikams\/"]}]},{"@type":"ImageObject","inLanguage":"lv-LV","@id":"https:\/\/kidsplay.lt\/produktas\/kurybinis-braizymo-lentos-rinkinys-vaikams\/#primaryimage","url":"https:\/\/kidsplay.lt\/wp-content\/uploads\/2024\/09\/Kurybinis-braizymo-lentos-rinkinys-vaikams.jpg","contentUrl":"https:\/\/kidsplay.lt\/wp-content\/uploads\/2024\/09\/Kurybinis-braizymo-lentos-rinkinys-vaikams.jpg","width":1000,"height":1000,"caption":"K\u016brybinis brai\u017eymo lentos rinkinys vaikams"},{"@type":"BreadcrumbList","@id":"https:\/\/kidsplay.lt\/produktas\/kurybinis-braizymo-lentos-rinkinys-vaikams\/#breadcrumb","itemListElement":[{"@type":"ListItem","position":1,"name":"Pagrindinis","item":"https:\/\/kidsplay.lt\/"},{"@type":"ListItem","position":2,"name":"Parduotuv\u0117","item":"https:\/\/kidsplay.lt\/parduotuve\/"},{"@type":"ListItem","position":3,"name":"K\u016brybinis brai\u017eymo lentos rinkinys vaikams"}]},{"@type":"WebSite","@id":"https:\/\/kidsplay.lt\/#website","url":"https:\/\/kidsplay.lt\/","name":"B\u0113rnu sp\u0113les.lv","description":"\u012evairios prek\u0117s vaikams","publisher":{"@id":"https:\/\/kidsplay.lt\/#organization"},"alternateName":"Kidsplay","potentialAction":[{"@type":"SearchAction","target":{"@type":"EntryPoint","urlTemplate":"https:\/\/kidsplay.lt\/?s={search_term_string}"},"query-input":{"@type":"PropertyValueSpecification","valueRequired":true,"valueName":"search_term_string"}}],"inLanguage":"lv-LV"},{"@type":"Organization","@id":"https:\/\/kidsplay.lt\/#organization","name":"B\u0113rnu sp\u0113le","url":"https:\/\/kidsplay.lt\/","logo":{"@type":"ImageObject","inLanguage":"lv-LV","@id":"https:\/\/kidsplay.lt\/#\/schema\/logo\/image\/","url":"https:\/\/kidsplay.lt\/wp-content\/uploads\/2023\/07\/kidsplay-logo.png","contentUrl":"https:\/\/kidsplay.lt\/wp-content\/uploads\/2023\/07\/kidsplay-logo.png","width":451,"height":98,"caption":"KidsPlay"},"image":{"@id":"https:\/\/kidsplay.lt\/#\/schema\/logo\/image\/"},"sameAs":["https:\/\/www.facebook.com\/www.kidsplay.lt"]}]}},"_links":{"self":[{"href":"https:\/\/kidsplay.lt\/lv\/wp-json\/wp\/v2\/product\/72054","targetHints":{"allow":["GET"]}}],"collection":[{"href":"https:\/\/kidsplay.lt\/lv\/wp-json\/wp\/v2\/product"}],"about":[{"href":"https:\/\/kidsplay.lt\/lv\/wp-json\/wp\/v2\/types\/product"}],"version-history":[{"count":3,"href":"https:\/\/kidsplay.lt\/lv\/wp-json\/wp\/v2\/product\/72054\/revisions"}],"predecessor-version":[{"id":80980,"href":"https:\/\/kidsplay.lt\/lv\/wp-json\/wp\/v2\/product\/72054\/revisions\/80980"}],"wp:featuredmedia":[{"embeddable":true,"href":"https:\/\/kidsplay.lt\/lv\/wp-json\/wp\/v2\/media\/54159"}],"wp:attachment":[{"href":"https:\/\/kidsplay.lt\/lv\/wp-json\/wp\/v2\/media?parent=72054"}],"wp:term":[{"taxonomy":"product_brand","embeddable":true,"href":"https:\/\/kidsplay.lt\/lv\/wp-json\/wp\/v2\/product_brand?post=72054"},{"taxonomy":"product_cat","embeddable":true,"href":"https:\/\/kidsplay.lt\/lv\/wp-json\/wp\/v2\/product_cat?post=72054"},{"taxonomy":"product_tag","embeddable":true,"href":"https:\/\/kidsplay.lt\/lv\/wp-json\/wp\/v2\/product_tag?post=72054"}],"curies":[{"name":"wp","href":"https:\/\/api.w.org\/{rel}","templated":true}]}}