{"id":72066,"date":"2025-10-02T15:22:06","date_gmt":"2025-10-02T12:22:06","guid":{"rendered":"https:\/\/kidsplay.lt\/produktas\/konstrukcines-ploksteles-eziukai-vamzdelyje-208vnt\/"},"modified":"2026-04-13T15:29:01","modified_gmt":"2026-04-13T12:29:01","slug":"konstrukcines-ploksteles-eziukai-vamzdelyje-208vnt","status":"publish","type":"product","link":"https:\/\/kidsplay.lt\/lv\/products\/konstrukcines-ploksteles-eziukai-vamzdelyje-208vnt\/","title":{"rendered":"Konstrukcijas pl\u0101ksn\u012btes \u2013 e\u017ei caurul\u0113 208 gab."},"content":{"rendered":"<p>Konstrukt\u012bvie vafe\u013cu kluc\u012b\u0161i piesaist\u012bs uzman\u012bbu un aizraus j\u016bsu b\u0113rnu. Kr\u0101sainas deta\u013cas p\u0113c izskata atg\u0101dina sniegp\u0101rslas. Kluc\u012b\u0161us ir \u013coti viegli savienot vienu ar otru, un, pateicoties to strukt\u016brai un savieno\u0161anas metodei, no tiem var izveidot interesantas tr\u012bsdimensiju strukt\u016bras. Pateicoties sniegp\u0101rslu caurumiem, t\u0101s var savienot ne tikai perpendikul\u0101ri, bet ar\u012b pa diagon\u0101li. Komplekt\u0101 ir 208 elementi, kas ievietoti caurul\u0113. Vienk\u0101r\u0161i veidojot konstrukcijas, b\u0113rns att\u012bst\u012bs lo\u0123isko dom\u0101\u0161anu, izt\u0113li, rado\u0161umu un koncentr\u0113\u0161an\u0101s sp\u0113jas rad\u012b\u0161anas laik\u0101. Novietojot kluc\u012b\u0161us, b\u0113rns iepaz\u012bstas ar form\u0101m un kr\u0101s\u0101m, att\u012bsta roku prasmes, t\u0101 saukto smalko motoriku.<\/p>\n<p>\u2013 Rota\u013clieta no 3 gadu vecuma<br \/>\n\u2013 komplekts sast\u0101v no 208 deta\u013c\u0101m, kas iepakotas t\u016bbi\u0146\u0101<br \/>\n\u2013 no komplekta var uzb\u016bv\u0113t daudzas da\u017e\u0101das konstrukcijas<br \/>\n\u2013 blokus var viegli savienot vienu ar otru<\/p>","protected":false},"excerpt":{"rendered":"<p>Konstrukcijas pl\u0101ksn\u012btes \u2013 e\u017ei caurul\u0113 208 gab.<\/p>","protected":false},"featured_media":54210,"template":"","meta":{"_acf_changed":false,"_glsr_average":0,"_glsr_ranking":0,"_glsr_reviews":0},"product_brand":[],"product_cat":[72,446,229],"product_tag":[],"class_list":{"0":"post-72066","1":"product","2":"type-product","3":"status-publish","4":"has-post-thumbnail","6":"product_cat-ispardavimas","7":"product_cat-konstruktoriai","8":"product_cat-zaislai-vaikams","9":"\"style=\"background-color: #2ecc711c;\"","11":"first","12":"instock","13":"sale","14":"purchasable","15":"product-type-simple"},"acf":[],"yoast_head":"<!-- This site is optimized with the Yoast SEO plugin v27.3 - https:\/\/yoast.com\/product\/yoast-seo-wordpress\/ -->\n<title>Konstrukcin\u0117s plok\u0161tel\u0117s \u2013 e\u017eiukai vamzdelyje 208vnt<\/title>\n<meta name=\"description\" content=\"Konstruktyvios vaflin\u0117s plytos\u00a0pritrauks d\u0117mes\u012f ir su\u017eav\u0117s j\u016bs\u0173 vaik\u0105.\u00a0Spalvingos\u00a0detal\u0117s savo i\u0161vaizda primena snaiges. Greitas pristatymas!\" \/>\n<meta name=\"robots\" content=\"index, follow, max-snippet:-1, max-image-preview:large, max-video-preview:-1\" \/>\n<link rel=\"canonical\" href=\"https:\/\/kidsplay.lt\/lv\/products\/konstrukcines-ploksteles-eziukai-vamzdelyje-208vnt\/\" \/>\n<meta property=\"og:locale\" content=\"lv_LV\" \/>\n<meta property=\"og:type\" content=\"article\" \/>\n<meta property=\"og:title\" content=\"Konstrukcin\u0117s plok\u0161tel\u0117s \u2013 e\u017eiukai vamzdelyje 208vnt\" \/>\n<meta property=\"og:description\" content=\"Konstruktyvios vaflin\u0117s plytos\u00a0pritrauks d\u0117mes\u012f ir su\u017eav\u0117s j\u016bs\u0173 vaik\u0105.\u00a0Spalvingos\u00a0detal\u0117s savo i\u0161vaizda primena snaiges. Greitas pristatymas!\" \/>\n<meta property=\"og:url\" content=\"https:\/\/kidsplay.lt\/lv\/products\/konstrukcines-ploksteles-eziukai-vamzdelyje-208vnt\/\" \/>\n<meta property=\"og:site_name\" content=\"KidsPlay\" \/>\n<meta property=\"article:publisher\" content=\"https:\/\/www.facebook.com\/www.kidsplay.lt\" \/>\n<meta property=\"article:modified_time\" content=\"2026-04-13T12:29:01+00:00\" \/>\n<meta property=\"og:image\" content=\"https:\/\/kidsplay.lt\/wp-content\/uploads\/2024\/09\/Konstrukcines-ploksteles-\u2013-eziukai-vamzdelyje-208vnt.jpg\" \/>\n\t<meta property=\"og:image:width\" content=\"1000\" \/>\n\t<meta property=\"og:image:height\" content=\"1000\" \/>\n\t<meta property=\"og:image:type\" content=\"image\/jpeg\" \/>\n<meta name=\"twitter:card\" content=\"summary_large_image\" \/>\n<meta name=\"twitter:label1\" content=\"Est. reading time\" \/>\n\t<meta name=\"twitter:data1\" content=\"1 min\u016bte\" \/>\n<script type=\"application\/ld+json\" class=\"yoast-schema-graph\">{\"@context\":\"https:\\\/\\\/schema.org\",\"@graph\":[{\"@type\":\"WebPage\",\"@id\":\"https:\\\/\\\/kidsplay.lt\\\/produktas\\\/konstrukcines-ploksteles-eziukai-vamzdelyje-208vnt\\\/\",\"url\":\"https:\\\/\\\/kidsplay.lt\\\/produktas\\\/konstrukcines-ploksteles-eziukai-vamzdelyje-208vnt\\\/\",\"name\":\"Konstrukcin\u0117s plok\u0161tel\u0117s \u2013 e\u017eiukai vamzdelyje 208vnt\",\"isPartOf\":{\"@id\":\"https:\\\/\\\/kidsplay.lt\\\/#website\"},\"primaryImageOfPage\":{\"@id\":\"https:\\\/\\\/kidsplay.lt\\\/produktas\\\/konstrukcines-ploksteles-eziukai-vamzdelyje-208vnt\\\/#primaryimage\"},\"image\":{\"@id\":\"https:\\\/\\\/kidsplay.lt\\\/produktas\\\/konstrukcines-ploksteles-eziukai-vamzdelyje-208vnt\\\/#primaryimage\"},\"thumbnailUrl\":\"https:\\\/\\\/kidsplay.lt\\\/wp-content\\\/uploads\\\/2024\\\/09\\\/Konstrukcines-ploksteles-\u2013-eziukai-vamzdelyje-208vnt.jpg\",\"datePublished\":\"2025-10-02T12:22:06+00:00\",\"dateModified\":\"2026-04-13T12:29:01+00:00\",\"description\":\"Konstruktyvios vaflin\u0117s plytos\u00a0pritrauks d\u0117mes\u012f ir su\u017eav\u0117s j\u016bs\u0173 vaik\u0105.\u00a0Spalvingos\u00a0detal\u0117s savo i\u0161vaizda primena snaiges. Greitas pristatymas!\",\"breadcrumb\":{\"@id\":\"https:\\\/\\\/kidsplay.lt\\\/produktas\\\/konstrukcines-ploksteles-eziukai-vamzdelyje-208vnt\\\/#breadcrumb\"},\"inLanguage\":\"lv-LV\",\"potentialAction\":[{\"@type\":\"ReadAction\",\"target\":[\"https:\\\/\\\/kidsplay.lt\\\/produktas\\\/konstrukcines-ploksteles-eziukai-vamzdelyje-208vnt\\\/\"]}]},{\"@type\":\"ImageObject\",\"inLanguage\":\"lv-LV\",\"@id\":\"https:\\\/\\\/kidsplay.lt\\\/produktas\\\/konstrukcines-ploksteles-eziukai-vamzdelyje-208vnt\\\/#primaryimage\",\"url\":\"https:\\\/\\\/kidsplay.lt\\\/wp-content\\\/uploads\\\/2024\\\/09\\\/Konstrukcines-ploksteles-\u2013-eziukai-vamzdelyje-208vnt.jpg\",\"contentUrl\":\"https:\\\/\\\/kidsplay.lt\\\/wp-content\\\/uploads\\\/2024\\\/09\\\/Konstrukcines-ploksteles-\u2013-eziukai-vamzdelyje-208vnt.jpg\",\"width\":1000,\"height\":1000,\"caption\":\"Konstrukcin\u0117s plok\u0161tel\u0117s &#8211; e\u017eiukai vamzdelyje 208vnt\"},{\"@type\":\"BreadcrumbList\",\"@id\":\"https:\\\/\\\/kidsplay.lt\\\/produktas\\\/konstrukcines-ploksteles-eziukai-vamzdelyje-208vnt\\\/#breadcrumb\",\"itemListElement\":[{\"@type\":\"ListItem\",\"position\":1,\"name\":\"Pagrindinis\",\"item\":\"https:\\\/\\\/kidsplay.lt\\\/\"},{\"@type\":\"ListItem\",\"position\":2,\"name\":\"Parduotuv\u0117\",\"item\":\"https:\\\/\\\/kidsplay.lt\\\/parduotuve\\\/\"},{\"@type\":\"ListItem\",\"position\":3,\"name\":\"Konstrukcin\u0117s plok\u0161tel\u0117s \u2013 e\u017eiukai vamzdelyje 208vnt\"}]},{\"@type\":\"WebSite\",\"@id\":\"https:\\\/\\\/kidsplay.lt\\\/#website\",\"url\":\"https:\\\/\\\/kidsplay.lt\\\/\",\"name\":\"Kidsplay.lt\",\"description\":\"\u012evairios prek\u0117s vaikams\",\"publisher\":{\"@id\":\"https:\\\/\\\/kidsplay.lt\\\/#organization\"},\"alternateName\":\"Kidsplay\",\"potentialAction\":[{\"@type\":\"SearchAction\",\"target\":{\"@type\":\"EntryPoint\",\"urlTemplate\":\"https:\\\/\\\/kidsplay.lt\\\/?s={search_term_string}\"},\"query-input\":{\"@type\":\"PropertyValueSpecification\",\"valueRequired\":true,\"valueName\":\"search_term_string\"}}],\"inLanguage\":\"lv-LV\"},{\"@type\":\"Organization\",\"@id\":\"https:\\\/\\\/kidsplay.lt\\\/#organization\",\"name\":\"KidsPlay\",\"url\":\"https:\\\/\\\/kidsplay.lt\\\/\",\"logo\":{\"@type\":\"ImageObject\",\"inLanguage\":\"lv-LV\",\"@id\":\"https:\\\/\\\/kidsplay.lt\\\/#\\\/schema\\\/logo\\\/image\\\/\",\"url\":\"https:\\\/\\\/kidsplay.lt\\\/wp-content\\\/uploads\\\/2023\\\/07\\\/kidsplay-logo.png\",\"contentUrl\":\"https:\\\/\\\/kidsplay.lt\\\/wp-content\\\/uploads\\\/2023\\\/07\\\/kidsplay-logo.png\",\"width\":451,\"height\":98,\"caption\":\"KidsPlay\"},\"image\":{\"@id\":\"https:\\\/\\\/kidsplay.lt\\\/#\\\/schema\\\/logo\\\/image\\\/\"},\"sameAs\":[\"https:\\\/\\\/www.facebook.com\\\/www.kidsplay.lt\"]}]}<\/script>\n<!-- \/ Yoast SEO plugin. -->","yoast_head_json":{"title":"Konstrukcijas pl\u0101ksn\u012btes \u2013 e\u017ei caurul\u0113 208 gab.","description":"Konstruktyvios vaflin\u0117s plytos\u00a0pritrauks d\u0117mes\u012f ir su\u017eav\u0117s j\u016bs\u0173 vaik\u0105.\u00a0Spalvingos\u00a0detal\u0117s savo i\u0161vaizda primena snaiges. Greitas pristatymas!","robots":{"index":"index","follow":"follow","max-snippet":"max-snippet:-1","max-image-preview":"max-image-preview:large","max-video-preview":"max-video-preview:-1"},"canonical":"https:\/\/kidsplay.lt\/lv\/products\/konstrukcines-ploksteles-eziukai-vamzdelyje-208vnt\/","og_locale":"lv_LV","og_type":"article","og_title":"Konstrukcin\u0117s plok\u0161tel\u0117s \u2013 e\u017eiukai vamzdelyje 208vnt","og_description":"Konstruktyvios vaflin\u0117s plytos\u00a0pritrauks d\u0117mes\u012f ir su\u017eav\u0117s j\u016bs\u0173 vaik\u0105.\u00a0Spalvingos\u00a0detal\u0117s savo i\u0161vaizda primena snaiges. Greitas pristatymas!","og_url":"https:\/\/kidsplay.lt\/lv\/products\/konstrukcines-ploksteles-eziukai-vamzdelyje-208vnt\/","og_site_name":"KidsPlay","article_publisher":"https:\/\/www.facebook.com\/www.kidsplay.lt","article_modified_time":"2026-04-13T12:29:01+00:00","og_image":[{"width":1000,"height":1000,"url":"https:\/\/kidsplay.lt\/wp-content\/uploads\/2024\/09\/Konstrukcines-ploksteles-\u2013-eziukai-vamzdelyje-208vnt.jpg","type":"image\/jpeg"}],"twitter_card":"summary_large_image","twitter_misc":{"Est. reading time":"1 min\u016bte"},"schema":{"@context":"https:\/\/schema.org","@graph":[{"@type":"WebPage","@id":"https:\/\/kidsplay.lt\/produktas\/konstrukcines-ploksteles-eziukai-vamzdelyje-208vnt\/","url":"https:\/\/kidsplay.lt\/produktas\/konstrukcines-ploksteles-eziukai-vamzdelyje-208vnt\/","name":"Konstrukcijas pl\u0101ksn\u012btes \u2013 e\u017ei caurul\u0113 208 gab.","isPartOf":{"@id":"https:\/\/kidsplay.lt\/#website"},"primaryImageOfPage":{"@id":"https:\/\/kidsplay.lt\/produktas\/konstrukcines-ploksteles-eziukai-vamzdelyje-208vnt\/#primaryimage"},"image":{"@id":"https:\/\/kidsplay.lt\/produktas\/konstrukcines-ploksteles-eziukai-vamzdelyje-208vnt\/#primaryimage"},"thumbnailUrl":"https:\/\/kidsplay.lt\/wp-content\/uploads\/2024\/09\/Konstrukcines-ploksteles-\u2013-eziukai-vamzdelyje-208vnt.jpg","datePublished":"2025-10-02T12:22:06+00:00","dateModified":"2026-04-13T12:29:01+00:00","description":"Konstruktyvios vaflin\u0117s plytos\u00a0pritrauks d\u0117mes\u012f ir su\u017eav\u0117s j\u016bs\u0173 vaik\u0105.\u00a0Spalvingos\u00a0detal\u0117s savo i\u0161vaizda primena snaiges. Greitas pristatymas!","breadcrumb":{"@id":"https:\/\/kidsplay.lt\/produktas\/konstrukcines-ploksteles-eziukai-vamzdelyje-208vnt\/#breadcrumb"},"inLanguage":"lv-LV","potentialAction":[{"@type":"ReadAction","target":["https:\/\/kidsplay.lt\/produktas\/konstrukcines-ploksteles-eziukai-vamzdelyje-208vnt\/"]}]},{"@type":"ImageObject","inLanguage":"lv-LV","@id":"https:\/\/kidsplay.lt\/produktas\/konstrukcines-ploksteles-eziukai-vamzdelyje-208vnt\/#primaryimage","url":"https:\/\/kidsplay.lt\/wp-content\/uploads\/2024\/09\/Konstrukcines-ploksteles-\u2013-eziukai-vamzdelyje-208vnt.jpg","contentUrl":"https:\/\/kidsplay.lt\/wp-content\/uploads\/2024\/09\/Konstrukcines-ploksteles-\u2013-eziukai-vamzdelyje-208vnt.jpg","width":1000,"height":1000,"caption":"Konstrukcin\u0117s plok\u0161tel\u0117s &#8211; e\u017eiukai vamzdelyje 208vnt"},{"@type":"BreadcrumbList","@id":"https:\/\/kidsplay.lt\/produktas\/konstrukcines-ploksteles-eziukai-vamzdelyje-208vnt\/#breadcrumb","itemListElement":[{"@type":"ListItem","position":1,"name":"Pagrindinis","item":"https:\/\/kidsplay.lt\/"},{"@type":"ListItem","position":2,"name":"Parduotuv\u0117","item":"https:\/\/kidsplay.lt\/parduotuve\/"},{"@type":"ListItem","position":3,"name":"Konstrukcin\u0117s plok\u0161tel\u0117s \u2013 e\u017eiukai vamzdelyje 208vnt"}]},{"@type":"WebSite","@id":"https:\/\/kidsplay.lt\/#website","url":"https:\/\/kidsplay.lt\/","name":"B\u0113rnu sp\u0113les.lv","description":"\u012evairios prek\u0117s vaikams","publisher":{"@id":"https:\/\/kidsplay.lt\/#organization"},"alternateName":"Kidsplay","potentialAction":[{"@type":"SearchAction","target":{"@type":"EntryPoint","urlTemplate":"https:\/\/kidsplay.lt\/?s={search_term_string}"},"query-input":{"@type":"PropertyValueSpecification","valueRequired":true,"valueName":"search_term_string"}}],"inLanguage":"lv-LV"},{"@type":"Organization","@id":"https:\/\/kidsplay.lt\/#organization","name":"B\u0113rnu sp\u0113le","url":"https:\/\/kidsplay.lt\/","logo":{"@type":"ImageObject","inLanguage":"lv-LV","@id":"https:\/\/kidsplay.lt\/#\/schema\/logo\/image\/","url":"https:\/\/kidsplay.lt\/wp-content\/uploads\/2023\/07\/kidsplay-logo.png","contentUrl":"https:\/\/kidsplay.lt\/wp-content\/uploads\/2023\/07\/kidsplay-logo.png","width":451,"height":98,"caption":"KidsPlay"},"image":{"@id":"https:\/\/kidsplay.lt\/#\/schema\/logo\/image\/"},"sameAs":["https:\/\/www.facebook.com\/www.kidsplay.lt"]}]}},"_links":{"self":[{"href":"https:\/\/kidsplay.lt\/lv\/wp-json\/wp\/v2\/product\/72066","targetHints":{"allow":["GET"]}}],"collection":[{"href":"https:\/\/kidsplay.lt\/lv\/wp-json\/wp\/v2\/product"}],"about":[{"href":"https:\/\/kidsplay.lt\/lv\/wp-json\/wp\/v2\/types\/product"}],"version-history":[{"count":3,"href":"https:\/\/kidsplay.lt\/lv\/wp-json\/wp\/v2\/product\/72066\/revisions"}],"predecessor-version":[{"id":80840,"href":"https:\/\/kidsplay.lt\/lv\/wp-json\/wp\/v2\/product\/72066\/revisions\/80840"}],"wp:featuredmedia":[{"embeddable":true,"href":"https:\/\/kidsplay.lt\/lv\/wp-json\/wp\/v2\/media\/54210"}],"wp:attachment":[{"href":"https:\/\/kidsplay.lt\/lv\/wp-json\/wp\/v2\/media?parent=72066"}],"wp:term":[{"taxonomy":"product_brand","embeddable":true,"href":"https:\/\/kidsplay.lt\/lv\/wp-json\/wp\/v2\/product_brand?post=72066"},{"taxonomy":"product_cat","embeddable":true,"href":"https:\/\/kidsplay.lt\/lv\/wp-json\/wp\/v2\/product_cat?post=72066"},{"taxonomy":"product_tag","embeddable":true,"href":"https:\/\/kidsplay.lt\/lv\/wp-json\/wp\/v2\/product_tag?post=72066"}],"curies":[{"name":"wp","href":"https:\/\/api.w.org\/{rel}","templated":true}]}}