{"id":72070,"date":"2025-10-02T15:22:15","date_gmt":"2025-10-02T12:22:15","guid":{"rendered":"https:\/\/kidsplay.lt\/produktas\/konstrukcines-ploksteles-eziukai-52vnt\/"},"modified":"2026-04-07T11:27:09","modified_gmt":"2026-04-07T08:27:09","slug":"konstrukcines-ploksteles-eziukai-52vnt","status":"publish","type":"product","link":"https:\/\/kidsplay.lt\/lv\/products\/konstrukcines-ploksteles-eziukai-52vnt\/","title":{"rendered":"Konstrukcin\u0117s plok\u0161tel\u0117s \u2013 e\u017eiukai 52vnt"},"content":{"rendered":"<p>Konstruktyvios vaflin\u0117s plytos\u00a0pritrauks d\u0117mes\u012f ir su\u017eav\u0117s j\u016bs\u0173 vaik\u0105.\u00a0Spalvingos\u00a0detal\u0117s savo i\u0161vaizda primena snaiges. Blokelius labai\u00a0lengva sujungti\u00a0tarpusavyje, o d\u0117l j\u0173 strukt\u016bros ir sujungimo b\u016bdo i\u0161 j\u0173 galima kurti\u00a0\u012fdomias\u00a0trimates\u00a0konstrukcijas. D\u0117l snaig\u0117se esan\u010di\u0173 skylu\u010di\u0173\u00a0jas\u00a0galima\u00a0sujungti\u00a0ne tik statmenai, bet ir kampu. Rinkin\u012f sudaro\u00a052 elementai\u00a0:\u00a018 dideli\u0173 ir 34 ma\u017eos\u00a0plytos. Statant pa\u010di\u0105 konstrukcij\u0105 bus lavinamas vaiko\u00a0loginis\u00a0m\u0105stymas,\u00a0vaizduot\u0117,\u00a0k\u016brybi\u0161kumas\u00a0ir\u00a0koncentracija\u00a0kuriant . D\u0117liodamas kalad\u0117les vaikas susipa\u017e\u012fsta su formomis ir spalvomis bei lavina rank\u0173 darbo \u012fg\u016bd\u017eius, vadinam\u0105j\u0105\u00a0smulki\u0105j\u0105 motorik\u0105.<\/p>\n<p>\u2013 Rota\u013clieta no 3 gadu vecuma<br \/>\n&#8211; rinkin\u012f sudaro\u00a052 dalys\u00a0,\u00a018 dideli\u0173 ir 34 ma\u017eos\u00a0plytos<br \/>\n&#8211; ma\u017eosios kalad\u0117l\u0117s turi 6, o did\u017eiosios &#8211; 8 skylutes joms sujungti<br \/>\n&#8211;\u00a0galimyb\u0117 kurti dvispalvius elementus\u00a0sujungiant ma\u017eas ir dideles snaiges<br \/>\n&#8211; kalad\u0117les galima\u00a0lengvai\u00a0sujungti tarpus\u00a0avyje<\/p>","protected":false},"excerpt":{"rendered":"<p>Konstrukcin\u0117s plok\u0161tel\u0117s \u2013 e\u017eiukai 52vnt<\/p>","protected":false},"featured_media":54217,"template":"","meta":{"_acf_changed":false,"_glsr_average":0,"_glsr_ranking":0,"_glsr_reviews":0},"product_brand":[],"product_cat":[72,446,229],"product_tag":[],"class_list":{"0":"post-72070","1":"product","2":"type-product","3":"status-publish","4":"has-post-thumbnail","6":"product_cat-ispardavimas","7":"product_cat-konstruktoriai","8":"product_cat-zaislai-vaikams","9":"\"style=\"background-color: #2ecc711c;\"","11":"first","12":"instock","13":"sale","14":"purchasable","15":"product-type-simple"},"acf":[],"yoast_head":"<!-- This site is optimized with the Yoast SEO plugin v27.3 - https:\/\/yoast.com\/product\/yoast-seo-wordpress\/ -->\n<title>Konstrukcin\u0117s plok\u0161tel\u0117s \u2013 e\u017eiukai 52vnt<\/title>\n<meta name=\"description\" content=\"Konstruktyvios vaflin\u0117s plytos\u00a0pritrauks d\u0117mes\u012f ir su\u017eav\u0117s j\u016bs\u0173 vaik\u0105.\u00a0Spalvingos\u00a0detal\u0117s savo i\u0161vaizda primena snaiges. Greitas pristatymas!\" \/>\n<meta name=\"robots\" content=\"index, follow, max-snippet:-1, max-image-preview:large, max-video-preview:-1\" \/>\n<link rel=\"canonical\" href=\"https:\/\/kidsplay.lt\/lv\/products\/konstrukcines-ploksteles-eziukai-52vnt\/\" \/>\n<meta property=\"og:locale\" content=\"lv_LV\" \/>\n<meta property=\"og:type\" content=\"article\" \/>\n<meta property=\"og:title\" content=\"Konstrukcin\u0117s plok\u0161tel\u0117s \u2013 e\u017eiukai 52vnt\" \/>\n<meta property=\"og:description\" content=\"Konstruktyvios vaflin\u0117s plytos\u00a0pritrauks d\u0117mes\u012f ir su\u017eav\u0117s j\u016bs\u0173 vaik\u0105.\u00a0Spalvingos\u00a0detal\u0117s savo i\u0161vaizda primena snaiges. Greitas pristatymas!\" \/>\n<meta property=\"og:url\" content=\"https:\/\/kidsplay.lt\/lv\/products\/konstrukcines-ploksteles-eziukai-52vnt\/\" \/>\n<meta property=\"og:site_name\" content=\"KidsPlay\" \/>\n<meta property=\"article:publisher\" content=\"https:\/\/www.facebook.com\/www.kidsplay.lt\" \/>\n<meta property=\"article:modified_time\" content=\"2026-04-07T08:27:09+00:00\" \/>\n<meta property=\"og:image\" content=\"https:\/\/kidsplay.lt\/wp-content\/uploads\/2024\/09\/Konstrukcines-ploksteles-\u2013-eziukai-52vnt.jpg\" \/>\n\t<meta property=\"og:image:width\" content=\"1000\" \/>\n\t<meta property=\"og:image:height\" content=\"1000\" \/>\n\t<meta property=\"og:image:type\" content=\"image\/jpeg\" \/>\n<meta name=\"twitter:card\" content=\"summary_large_image\" \/>\n<meta name=\"twitter:label1\" content=\"Est. reading time\" \/>\n\t<meta name=\"twitter:data1\" content=\"1 min\u016bte\" \/>\n<script type=\"application\/ld+json\" class=\"yoast-schema-graph\">{\"@context\":\"https:\\\/\\\/schema.org\",\"@graph\":[{\"@type\":\"WebPage\",\"@id\":\"https:\\\/\\\/kidsplay.lt\\\/produktas\\\/konstrukcines-ploksteles-eziukai-52vnt\\\/\",\"url\":\"https:\\\/\\\/kidsplay.lt\\\/produktas\\\/konstrukcines-ploksteles-eziukai-52vnt\\\/\",\"name\":\"Konstrukcin\u0117s plok\u0161tel\u0117s \u2013 e\u017eiukai 52vnt\",\"isPartOf\":{\"@id\":\"https:\\\/\\\/kidsplay.lt\\\/#website\"},\"primaryImageOfPage\":{\"@id\":\"https:\\\/\\\/kidsplay.lt\\\/produktas\\\/konstrukcines-ploksteles-eziukai-52vnt\\\/#primaryimage\"},\"image\":{\"@id\":\"https:\\\/\\\/kidsplay.lt\\\/produktas\\\/konstrukcines-ploksteles-eziukai-52vnt\\\/#primaryimage\"},\"thumbnailUrl\":\"https:\\\/\\\/kidsplay.lt\\\/wp-content\\\/uploads\\\/2024\\\/09\\\/Konstrukcines-ploksteles-\u2013-eziukai-52vnt.jpg\",\"datePublished\":\"2025-10-02T12:22:15+00:00\",\"dateModified\":\"2026-04-07T08:27:09+00:00\",\"description\":\"Konstruktyvios vaflin\u0117s plytos\u00a0pritrauks d\u0117mes\u012f ir su\u017eav\u0117s j\u016bs\u0173 vaik\u0105.\u00a0Spalvingos\u00a0detal\u0117s savo i\u0161vaizda primena snaiges. Greitas pristatymas!\",\"breadcrumb\":{\"@id\":\"https:\\\/\\\/kidsplay.lt\\\/produktas\\\/konstrukcines-ploksteles-eziukai-52vnt\\\/#breadcrumb\"},\"inLanguage\":\"lv-LV\",\"potentialAction\":[{\"@type\":\"ReadAction\",\"target\":[\"https:\\\/\\\/kidsplay.lt\\\/produktas\\\/konstrukcines-ploksteles-eziukai-52vnt\\\/\"]}]},{\"@type\":\"ImageObject\",\"inLanguage\":\"lv-LV\",\"@id\":\"https:\\\/\\\/kidsplay.lt\\\/produktas\\\/konstrukcines-ploksteles-eziukai-52vnt\\\/#primaryimage\",\"url\":\"https:\\\/\\\/kidsplay.lt\\\/wp-content\\\/uploads\\\/2024\\\/09\\\/Konstrukcines-ploksteles-\u2013-eziukai-52vnt.jpg\",\"contentUrl\":\"https:\\\/\\\/kidsplay.lt\\\/wp-content\\\/uploads\\\/2024\\\/09\\\/Konstrukcines-ploksteles-\u2013-eziukai-52vnt.jpg\",\"width\":1000,\"height\":1000,\"caption\":\"Konstrukcin\u0117s plok\u0161tel\u0117s \u2013 e\u017eiukai 52vnt\"},{\"@type\":\"BreadcrumbList\",\"@id\":\"https:\\\/\\\/kidsplay.lt\\\/produktas\\\/konstrukcines-ploksteles-eziukai-52vnt\\\/#breadcrumb\",\"itemListElement\":[{\"@type\":\"ListItem\",\"position\":1,\"name\":\"Pagrindinis\",\"item\":\"https:\\\/\\\/kidsplay.lt\\\/\"},{\"@type\":\"ListItem\",\"position\":2,\"name\":\"Parduotuv\u0117\",\"item\":\"https:\\\/\\\/kidsplay.lt\\\/parduotuve\\\/\"},{\"@type\":\"ListItem\",\"position\":3,\"name\":\"Konstrukcin\u0117s plok\u0161tel\u0117s \u2013 e\u017eiukai 52vnt\"}]},{\"@type\":\"WebSite\",\"@id\":\"https:\\\/\\\/kidsplay.lt\\\/#website\",\"url\":\"https:\\\/\\\/kidsplay.lt\\\/\",\"name\":\"Kidsplay.lt\",\"description\":\"\u012evairios prek\u0117s vaikams\",\"publisher\":{\"@id\":\"https:\\\/\\\/kidsplay.lt\\\/#organization\"},\"alternateName\":\"Kidsplay\",\"potentialAction\":[{\"@type\":\"SearchAction\",\"target\":{\"@type\":\"EntryPoint\",\"urlTemplate\":\"https:\\\/\\\/kidsplay.lt\\\/?s={search_term_string}\"},\"query-input\":{\"@type\":\"PropertyValueSpecification\",\"valueRequired\":true,\"valueName\":\"search_term_string\"}}],\"inLanguage\":\"lv-LV\"},{\"@type\":\"Organization\",\"@id\":\"https:\\\/\\\/kidsplay.lt\\\/#organization\",\"name\":\"KidsPlay\",\"url\":\"https:\\\/\\\/kidsplay.lt\\\/\",\"logo\":{\"@type\":\"ImageObject\",\"inLanguage\":\"lv-LV\",\"@id\":\"https:\\\/\\\/kidsplay.lt\\\/#\\\/schema\\\/logo\\\/image\\\/\",\"url\":\"https:\\\/\\\/kidsplay.lt\\\/wp-content\\\/uploads\\\/2023\\\/07\\\/kidsplay-logo.png\",\"contentUrl\":\"https:\\\/\\\/kidsplay.lt\\\/wp-content\\\/uploads\\\/2023\\\/07\\\/kidsplay-logo.png\",\"width\":451,\"height\":98,\"caption\":\"KidsPlay\"},\"image\":{\"@id\":\"https:\\\/\\\/kidsplay.lt\\\/#\\\/schema\\\/logo\\\/image\\\/\"},\"sameAs\":[\"https:\\\/\\\/www.facebook.com\\\/www.kidsplay.lt\"]}]}<\/script>\n<!-- \/ Yoast SEO plugin. -->","yoast_head_json":{"title":"Konstrukcin\u0117s plok\u0161tel\u0117s \u2013 e\u017eiukai 52vnt","description":"Konstruktyvios vaflin\u0117s plytos\u00a0pritrauks d\u0117mes\u012f ir su\u017eav\u0117s j\u016bs\u0173 vaik\u0105.\u00a0Spalvingos\u00a0detal\u0117s savo i\u0161vaizda primena snaiges. Greitas pristatymas!","robots":{"index":"index","follow":"follow","max-snippet":"max-snippet:-1","max-image-preview":"max-image-preview:large","max-video-preview":"max-video-preview:-1"},"canonical":"https:\/\/kidsplay.lt\/lv\/products\/konstrukcines-ploksteles-eziukai-52vnt\/","og_locale":"lv_LV","og_type":"article","og_title":"Konstrukcin\u0117s plok\u0161tel\u0117s \u2013 e\u017eiukai 52vnt","og_description":"Konstruktyvios vaflin\u0117s plytos\u00a0pritrauks d\u0117mes\u012f ir su\u017eav\u0117s j\u016bs\u0173 vaik\u0105.\u00a0Spalvingos\u00a0detal\u0117s savo i\u0161vaizda primena snaiges. Greitas pristatymas!","og_url":"https:\/\/kidsplay.lt\/lv\/products\/konstrukcines-ploksteles-eziukai-52vnt\/","og_site_name":"KidsPlay","article_publisher":"https:\/\/www.facebook.com\/www.kidsplay.lt","article_modified_time":"2026-04-07T08:27:09+00:00","og_image":[{"width":1000,"height":1000,"url":"https:\/\/kidsplay.lt\/wp-content\/uploads\/2024\/09\/Konstrukcines-ploksteles-\u2013-eziukai-52vnt.jpg","type":"image\/jpeg"}],"twitter_card":"summary_large_image","twitter_misc":{"Est. reading time":"1 min\u016bte"},"schema":{"@context":"https:\/\/schema.org","@graph":[{"@type":"WebPage","@id":"https:\/\/kidsplay.lt\/produktas\/konstrukcines-ploksteles-eziukai-52vnt\/","url":"https:\/\/kidsplay.lt\/produktas\/konstrukcines-ploksteles-eziukai-52vnt\/","name":"Konstrukcin\u0117s plok\u0161tel\u0117s \u2013 e\u017eiukai 52vnt","isPartOf":{"@id":"https:\/\/kidsplay.lt\/#website"},"primaryImageOfPage":{"@id":"https:\/\/kidsplay.lt\/produktas\/konstrukcines-ploksteles-eziukai-52vnt\/#primaryimage"},"image":{"@id":"https:\/\/kidsplay.lt\/produktas\/konstrukcines-ploksteles-eziukai-52vnt\/#primaryimage"},"thumbnailUrl":"https:\/\/kidsplay.lt\/wp-content\/uploads\/2024\/09\/Konstrukcines-ploksteles-\u2013-eziukai-52vnt.jpg","datePublished":"2025-10-02T12:22:15+00:00","dateModified":"2026-04-07T08:27:09+00:00","description":"Konstruktyvios vaflin\u0117s plytos\u00a0pritrauks d\u0117mes\u012f ir su\u017eav\u0117s j\u016bs\u0173 vaik\u0105.\u00a0Spalvingos\u00a0detal\u0117s savo i\u0161vaizda primena snaiges. Greitas pristatymas!","breadcrumb":{"@id":"https:\/\/kidsplay.lt\/produktas\/konstrukcines-ploksteles-eziukai-52vnt\/#breadcrumb"},"inLanguage":"lv-LV","potentialAction":[{"@type":"ReadAction","target":["https:\/\/kidsplay.lt\/produktas\/konstrukcines-ploksteles-eziukai-52vnt\/"]}]},{"@type":"ImageObject","inLanguage":"lv-LV","@id":"https:\/\/kidsplay.lt\/produktas\/konstrukcines-ploksteles-eziukai-52vnt\/#primaryimage","url":"https:\/\/kidsplay.lt\/wp-content\/uploads\/2024\/09\/Konstrukcines-ploksteles-\u2013-eziukai-52vnt.jpg","contentUrl":"https:\/\/kidsplay.lt\/wp-content\/uploads\/2024\/09\/Konstrukcines-ploksteles-\u2013-eziukai-52vnt.jpg","width":1000,"height":1000,"caption":"Konstrukcin\u0117s plok\u0161tel\u0117s \u2013 e\u017eiukai 52vnt"},{"@type":"BreadcrumbList","@id":"https:\/\/kidsplay.lt\/produktas\/konstrukcines-ploksteles-eziukai-52vnt\/#breadcrumb","itemListElement":[{"@type":"ListItem","position":1,"name":"Pagrindinis","item":"https:\/\/kidsplay.lt\/"},{"@type":"ListItem","position":2,"name":"Parduotuv\u0117","item":"https:\/\/kidsplay.lt\/parduotuve\/"},{"@type":"ListItem","position":3,"name":"Konstrukcin\u0117s plok\u0161tel\u0117s \u2013 e\u017eiukai 52vnt"}]},{"@type":"WebSite","@id":"https:\/\/kidsplay.lt\/#website","url":"https:\/\/kidsplay.lt\/","name":"B\u0113rnu sp\u0113les.lv","description":"\u012evairios prek\u0117s vaikams","publisher":{"@id":"https:\/\/kidsplay.lt\/#organization"},"alternateName":"Kidsplay","potentialAction":[{"@type":"SearchAction","target":{"@type":"EntryPoint","urlTemplate":"https:\/\/kidsplay.lt\/?s={search_term_string}"},"query-input":{"@type":"PropertyValueSpecification","valueRequired":true,"valueName":"search_term_string"}}],"inLanguage":"lv-LV"},{"@type":"Organization","@id":"https:\/\/kidsplay.lt\/#organization","name":"B\u0113rnu sp\u0113le","url":"https:\/\/kidsplay.lt\/","logo":{"@type":"ImageObject","inLanguage":"lv-LV","@id":"https:\/\/kidsplay.lt\/#\/schema\/logo\/image\/","url":"https:\/\/kidsplay.lt\/wp-content\/uploads\/2023\/07\/kidsplay-logo.png","contentUrl":"https:\/\/kidsplay.lt\/wp-content\/uploads\/2023\/07\/kidsplay-logo.png","width":451,"height":98,"caption":"KidsPlay"},"image":{"@id":"https:\/\/kidsplay.lt\/#\/schema\/logo\/image\/"},"sameAs":["https:\/\/www.facebook.com\/www.kidsplay.lt"]}]}},"_links":{"self":[{"href":"https:\/\/kidsplay.lt\/lv\/wp-json\/wp\/v2\/product\/72070","targetHints":{"allow":["GET"]}}],"collection":[{"href":"https:\/\/kidsplay.lt\/lv\/wp-json\/wp\/v2\/product"}],"about":[{"href":"https:\/\/kidsplay.lt\/lv\/wp-json\/wp\/v2\/types\/product"}],"version-history":[{"count":3,"href":"https:\/\/kidsplay.lt\/lv\/wp-json\/wp\/v2\/product\/72070\/revisions"}],"predecessor-version":[{"id":80843,"href":"https:\/\/kidsplay.lt\/lv\/wp-json\/wp\/v2\/product\/72070\/revisions\/80843"}],"wp:featuredmedia":[{"embeddable":true,"href":"https:\/\/kidsplay.lt\/lv\/wp-json\/wp\/v2\/media\/54217"}],"wp:attachment":[{"href":"https:\/\/kidsplay.lt\/lv\/wp-json\/wp\/v2\/media?parent=72070"}],"wp:term":[{"taxonomy":"product_brand","embeddable":true,"href":"https:\/\/kidsplay.lt\/lv\/wp-json\/wp\/v2\/product_brand?post=72070"},{"taxonomy":"product_cat","embeddable":true,"href":"https:\/\/kidsplay.lt\/lv\/wp-json\/wp\/v2\/product_cat?post=72070"},{"taxonomy":"product_tag","embeddable":true,"href":"https:\/\/kidsplay.lt\/lv\/wp-json\/wp\/v2\/product_tag?post=72070"}],"curies":[{"name":"wp","href":"https:\/\/api.w.org\/{rel}","templated":true}]}}