{"id":72084,"date":"2025-10-02T15:22:52","date_gmt":"2025-10-02T12:22:52","guid":{"rendered":"https:\/\/kidsplay.lt\/produktas\/konstrukciniu-blokeliu-rinkinys-320vnt\/"},"modified":"2026-04-20T08:54:33","modified_gmt":"2026-04-20T05:54:33","slug":"konstrukciniu-blokeliu-rinkinys-320vnt","status":"publish","type":"product","link":"https:\/\/kidsplay.lt\/lv\/products\/konstrukciniu-blokeliu-rinkinys-320vnt\/","title":{"rendered":"B\u016bvkluc\u012b\u0161u komplekts 320 gab."},"content":{"rendered":"<p>Statybini\u0173 kalad\u0117li\u0173 rinkinys\u00a0patogiame\u00a0d\u0117kle\u00a0&#8211; tai viskas, ko reikia vaik\u0173\u00a0protiniams geb\u0117jimams\u00a0lavinti ir kartu\u00a0smagiai praleisti laik\u0105. Rinkinyje yra\u00a0320\u00a0plyt\u0173, pagamint\u0173 i\u0161\u00a0draugi\u0161kos\u00a0med\u017eiagos. Plytos yra\u00a0\u012fvairiaspalv\u0117s\u00a0ir\u00a0pilkos, \u012fvairi\u0173 form\u0173:\u00a0sta\u010diakampio,\u00a0kvadrato\u00a0ir\u00a0apskritimo\u00a0su galimybe suformuoti\u00a0rat\u0105. Elementai suteikia galimyb\u0119 surinkti \u012fvairias\u00a0erdvines\u00a0konstrukcijas\u00a0(\u012fskaitant:\u00a0sraigtasparn\u012f, motocikl\u0105, arkl\u012f, kamuol\u012f, robot\u0105, laiv\u0105, formul\u0119 ir v\u0117jo mal\u016bn\u0105\u00a0). D\u0117liojant kalad\u0117les bus labai\u00a0smagu\u00a0ir tai puiki\u00a0pagalbin\u0117\u00a0priemon\u0117 j\u016bs\u0173 ma\u017eylio\u00a0intelektui lavinti. \u017daislas lavina j\u016bs\u0173 vaiko\u00a0motorinius \u012fg\u016bd\u017eius\u00a0per\u00a0rank\u0173 judesius.<\/p>\n<p>&#8211; pagaminta i\u0161 spalvingos ir\u00a0vaikui draugi\u0161kos med\u017eiagos<br \/>\n&#8211; daug\u00a0d\u017eiaugsmo\u00a0ir\u00a0ugdomosios\u00a0vert\u0117s<br \/>\n&#8211; daug skirting\u0173 element\u0173:\u00a0kvadrato, sta\u010diakampio\u00a0ir\u00a0apskritimo formos\u00a0su galimybe i\u0161d\u0117styti\u00a0apskritimus<br \/>\n&#8211; galimos \u012fvairios spalvingos\u00a0erdvin\u0117s\u00a0konstrukcijos\u00a0(\u012fskaitant\u00a0sraigtasparn\u012f, motocikl\u0105, arkl\u012f, kamuol\u012f, robot\u0105, laiv\u0105, formul\u0119 ir traukin\u012f)<br \/>\n&#8211;\u00a0patogi pakuot\u0117\u00a0&#8211; d\u0117\u017eut\u0117<br \/>\n&#8211; idealiai tinka kaip dovana<\/p>","protected":false},"excerpt":{"rendered":"<p>B\u016bvkluc\u012b\u0161u komplekts 320 gab.<\/p>","protected":false},"featured_media":50612,"template":"","meta":{"_acf_changed":false,"_glsr_average":0,"_glsr_ranking":0,"_glsr_reviews":0},"product_brand":[],"product_cat":[72,446,229],"product_tag":[],"class_list":{"0":"post-72084","1":"product","2":"type-product","3":"status-publish","4":"has-post-thumbnail","6":"product_cat-ispardavimas","7":"product_cat-konstruktoriai","8":"product_cat-zaislai-vaikams","9":"\"style=\"background-color: #2ecc711c;\"","11":"first","12":"instock","13":"sale","14":"purchasable","15":"product-type-simple"},"acf":[],"yoast_head":"<!-- This site is optimized with the Yoast SEO plugin v27.4 - https:\/\/yoast.com\/product\/yoast-seo-wordpress\/ -->\n<title>Konstrukcini\u0173 blokeli\u0173 rinkinys 320vnt<\/title>\n<meta name=\"description\" content=\"Statybini\u0173 kalad\u0117li\u0173 rinkinys\u00a0patogiame\u00a0d\u0117kle\u00a0- tai viskas, ko reikia vaik\u0173\u00a0protiniams geb\u0117jimams\u00a0lavinti ir kartu\u00a0smagiai praleisti laik\u0105.\" \/>\n<meta name=\"robots\" content=\"index, follow, max-snippet:-1, max-image-preview:large, max-video-preview:-1\" \/>\n<link rel=\"canonical\" href=\"https:\/\/kidsplay.lt\/lv\/products\/konstrukciniu-blokeliu-rinkinys-320vnt\/\" \/>\n<meta property=\"og:locale\" content=\"lv_LV\" \/>\n<meta property=\"og:type\" content=\"article\" \/>\n<meta property=\"og:title\" content=\"Konstrukcini\u0173 blokeli\u0173 rinkinys 320vnt\" \/>\n<meta property=\"og:description\" content=\"Statybini\u0173 kalad\u0117li\u0173 rinkinys\u00a0patogiame\u00a0d\u0117kle\u00a0- tai viskas, ko reikia vaik\u0173\u00a0protiniams geb\u0117jimams\u00a0lavinti ir kartu\u00a0smagiai praleisti laik\u0105.\" \/>\n<meta property=\"og:url\" content=\"https:\/\/kidsplay.lt\/lv\/products\/konstrukciniu-blokeliu-rinkinys-320vnt\/\" \/>\n<meta property=\"og:site_name\" content=\"KidsPlay\" \/>\n<meta property=\"article:publisher\" content=\"https:\/\/www.facebook.com\/www.kidsplay.lt\" \/>\n<meta property=\"article:modified_time\" content=\"2026-04-20T05:54:33+00:00\" \/>\n<meta property=\"og:image\" content=\"https:\/\/kidsplay.lt\/wp-content\/uploads\/2024\/09\/Konstrukciniu-blokeliu-rinkinys-320vnt.jpg\" \/>\n\t<meta property=\"og:image:width\" content=\"1000\" \/>\n\t<meta property=\"og:image:height\" content=\"1000\" \/>\n\t<meta property=\"og:image:type\" content=\"image\/jpeg\" \/>\n<meta name=\"twitter:card\" content=\"summary_large_image\" \/>\n<meta name=\"twitter:label1\" content=\"Est. reading time\" \/>\n\t<meta name=\"twitter:data1\" content=\"1 min\u016bte\" \/>\n<script type=\"application\/ld+json\" class=\"yoast-schema-graph\">{\"@context\":\"https:\\\/\\\/schema.org\",\"@graph\":[{\"@type\":\"WebPage\",\"@id\":\"https:\\\/\\\/kidsplay.lt\\\/produktas\\\/konstrukciniu-blokeliu-rinkinys-320vnt\\\/\",\"url\":\"https:\\\/\\\/kidsplay.lt\\\/produktas\\\/konstrukciniu-blokeliu-rinkinys-320vnt\\\/\",\"name\":\"Konstrukcini\u0173 blokeli\u0173 rinkinys 320vnt\",\"isPartOf\":{\"@id\":\"https:\\\/\\\/kidsplay.lt\\\/#website\"},\"primaryImageOfPage\":{\"@id\":\"https:\\\/\\\/kidsplay.lt\\\/produktas\\\/konstrukciniu-blokeliu-rinkinys-320vnt\\\/#primaryimage\"},\"image\":{\"@id\":\"https:\\\/\\\/kidsplay.lt\\\/produktas\\\/konstrukciniu-blokeliu-rinkinys-320vnt\\\/#primaryimage\"},\"thumbnailUrl\":\"https:\\\/\\\/kidsplay.lt\\\/wp-content\\\/uploads\\\/2024\\\/09\\\/Konstrukciniu-blokeliu-rinkinys-320vnt.jpg\",\"datePublished\":\"2025-10-02T12:22:52+00:00\",\"dateModified\":\"2026-04-20T05:54:33+00:00\",\"description\":\"Statybini\u0173 kalad\u0117li\u0173 rinkinys\u00a0patogiame\u00a0d\u0117kle\u00a0- tai viskas, ko reikia vaik\u0173\u00a0protiniams geb\u0117jimams\u00a0lavinti ir kartu\u00a0smagiai praleisti laik\u0105.\",\"breadcrumb\":{\"@id\":\"https:\\\/\\\/kidsplay.lt\\\/produktas\\\/konstrukciniu-blokeliu-rinkinys-320vnt\\\/#breadcrumb\"},\"inLanguage\":\"lv-LV\",\"potentialAction\":[{\"@type\":\"ReadAction\",\"target\":[\"https:\\\/\\\/kidsplay.lt\\\/produktas\\\/konstrukciniu-blokeliu-rinkinys-320vnt\\\/\"]}]},{\"@type\":\"ImageObject\",\"inLanguage\":\"lv-LV\",\"@id\":\"https:\\\/\\\/kidsplay.lt\\\/produktas\\\/konstrukciniu-blokeliu-rinkinys-320vnt\\\/#primaryimage\",\"url\":\"https:\\\/\\\/kidsplay.lt\\\/wp-content\\\/uploads\\\/2024\\\/09\\\/Konstrukciniu-blokeliu-rinkinys-320vnt.jpg\",\"contentUrl\":\"https:\\\/\\\/kidsplay.lt\\\/wp-content\\\/uploads\\\/2024\\\/09\\\/Konstrukciniu-blokeliu-rinkinys-320vnt.jpg\",\"width\":1000,\"height\":1000,\"caption\":\"Konstrukcini\u0173 blokeli\u0173 rinkinys 320vnt\"},{\"@type\":\"BreadcrumbList\",\"@id\":\"https:\\\/\\\/kidsplay.lt\\\/produktas\\\/konstrukciniu-blokeliu-rinkinys-320vnt\\\/#breadcrumb\",\"itemListElement\":[{\"@type\":\"ListItem\",\"position\":1,\"name\":\"Pagrindinis\",\"item\":\"https:\\\/\\\/kidsplay.lt\\\/\"},{\"@type\":\"ListItem\",\"position\":2,\"name\":\"Parduotuv\u0117\",\"item\":\"https:\\\/\\\/kidsplay.lt\\\/parduotuve\\\/\"},{\"@type\":\"ListItem\",\"position\":3,\"name\":\"Konstrukcini\u0173 blokeli\u0173 rinkinys 320vnt\"}]},{\"@type\":\"WebSite\",\"@id\":\"https:\\\/\\\/kidsplay.lt\\\/#website\",\"url\":\"https:\\\/\\\/kidsplay.lt\\\/\",\"name\":\"Kidsplay.lt\",\"description\":\"\u012evairios prek\u0117s vaikams\",\"publisher\":{\"@id\":\"https:\\\/\\\/kidsplay.lt\\\/#organization\"},\"alternateName\":\"Kidsplay\",\"potentialAction\":[{\"@type\":\"SearchAction\",\"target\":{\"@type\":\"EntryPoint\",\"urlTemplate\":\"https:\\\/\\\/kidsplay.lt\\\/?s={search_term_string}\"},\"query-input\":{\"@type\":\"PropertyValueSpecification\",\"valueRequired\":true,\"valueName\":\"search_term_string\"}}],\"inLanguage\":\"lv-LV\"},{\"@type\":\"Organization\",\"@id\":\"https:\\\/\\\/kidsplay.lt\\\/#organization\",\"name\":\"KidsPlay\",\"url\":\"https:\\\/\\\/kidsplay.lt\\\/\",\"logo\":{\"@type\":\"ImageObject\",\"inLanguage\":\"lv-LV\",\"@id\":\"https:\\\/\\\/kidsplay.lt\\\/#\\\/schema\\\/logo\\\/image\\\/\",\"url\":\"https:\\\/\\\/kidsplay.lt\\\/wp-content\\\/uploads\\\/2023\\\/07\\\/kidsplay-logo.png\",\"contentUrl\":\"https:\\\/\\\/kidsplay.lt\\\/wp-content\\\/uploads\\\/2023\\\/07\\\/kidsplay-logo.png\",\"width\":451,\"height\":98,\"caption\":\"KidsPlay\"},\"image\":{\"@id\":\"https:\\\/\\\/kidsplay.lt\\\/#\\\/schema\\\/logo\\\/image\\\/\"},\"sameAs\":[\"https:\\\/\\\/www.facebook.com\\\/www.kidsplay.lt\"]}]}<\/script>\n<!-- \/ Yoast SEO plugin. -->","yoast_head_json":{"title":"B\u016bvkluc\u012b\u0161u komplekts 320 gab.","description":"Statybini\u0173 kalad\u0117li\u0173 rinkinys\u00a0patogiame\u00a0d\u0117kle\u00a0- tai viskas, ko reikia vaik\u0173\u00a0protiniams geb\u0117jimams\u00a0lavinti ir kartu\u00a0smagiai praleisti laik\u0105.","robots":{"index":"index","follow":"follow","max-snippet":"max-snippet:-1","max-image-preview":"max-image-preview:large","max-video-preview":"max-video-preview:-1"},"canonical":"https:\/\/kidsplay.lt\/lv\/products\/konstrukciniu-blokeliu-rinkinys-320vnt\/","og_locale":"lv_LV","og_type":"article","og_title":"Konstrukcini\u0173 blokeli\u0173 rinkinys 320vnt","og_description":"Statybini\u0173 kalad\u0117li\u0173 rinkinys\u00a0patogiame\u00a0d\u0117kle\u00a0- tai viskas, ko reikia vaik\u0173\u00a0protiniams geb\u0117jimams\u00a0lavinti ir kartu\u00a0smagiai praleisti laik\u0105.","og_url":"https:\/\/kidsplay.lt\/lv\/products\/konstrukciniu-blokeliu-rinkinys-320vnt\/","og_site_name":"KidsPlay","article_publisher":"https:\/\/www.facebook.com\/www.kidsplay.lt","article_modified_time":"2026-04-20T05:54:33+00:00","og_image":[{"width":1000,"height":1000,"url":"https:\/\/kidsplay.lt\/wp-content\/uploads\/2024\/09\/Konstrukciniu-blokeliu-rinkinys-320vnt.jpg","type":"image\/jpeg"}],"twitter_card":"summary_large_image","twitter_misc":{"Est. reading time":"1 min\u016bte"},"schema":{"@context":"https:\/\/schema.org","@graph":[{"@type":"WebPage","@id":"https:\/\/kidsplay.lt\/produktas\/konstrukciniu-blokeliu-rinkinys-320vnt\/","url":"https:\/\/kidsplay.lt\/produktas\/konstrukciniu-blokeliu-rinkinys-320vnt\/","name":"B\u016bvkluc\u012b\u0161u komplekts 320 gab.","isPartOf":{"@id":"https:\/\/kidsplay.lt\/#website"},"primaryImageOfPage":{"@id":"https:\/\/kidsplay.lt\/produktas\/konstrukciniu-blokeliu-rinkinys-320vnt\/#primaryimage"},"image":{"@id":"https:\/\/kidsplay.lt\/produktas\/konstrukciniu-blokeliu-rinkinys-320vnt\/#primaryimage"},"thumbnailUrl":"https:\/\/kidsplay.lt\/wp-content\/uploads\/2024\/09\/Konstrukciniu-blokeliu-rinkinys-320vnt.jpg","datePublished":"2025-10-02T12:22:52+00:00","dateModified":"2026-04-20T05:54:33+00:00","description":"Statybini\u0173 kalad\u0117li\u0173 rinkinys\u00a0patogiame\u00a0d\u0117kle\u00a0- tai viskas, ko reikia vaik\u0173\u00a0protiniams geb\u0117jimams\u00a0lavinti ir kartu\u00a0smagiai praleisti laik\u0105.","breadcrumb":{"@id":"https:\/\/kidsplay.lt\/produktas\/konstrukciniu-blokeliu-rinkinys-320vnt\/#breadcrumb"},"inLanguage":"lv-LV","potentialAction":[{"@type":"ReadAction","target":["https:\/\/kidsplay.lt\/produktas\/konstrukciniu-blokeliu-rinkinys-320vnt\/"]}]},{"@type":"ImageObject","inLanguage":"lv-LV","@id":"https:\/\/kidsplay.lt\/produktas\/konstrukciniu-blokeliu-rinkinys-320vnt\/#primaryimage","url":"https:\/\/kidsplay.lt\/wp-content\/uploads\/2024\/09\/Konstrukciniu-blokeliu-rinkinys-320vnt.jpg","contentUrl":"https:\/\/kidsplay.lt\/wp-content\/uploads\/2024\/09\/Konstrukciniu-blokeliu-rinkinys-320vnt.jpg","width":1000,"height":1000,"caption":"Konstrukcini\u0173 blokeli\u0173 rinkinys 320vnt"},{"@type":"BreadcrumbList","@id":"https:\/\/kidsplay.lt\/produktas\/konstrukciniu-blokeliu-rinkinys-320vnt\/#breadcrumb","itemListElement":[{"@type":"ListItem","position":1,"name":"Pagrindinis","item":"https:\/\/kidsplay.lt\/"},{"@type":"ListItem","position":2,"name":"Parduotuv\u0117","item":"https:\/\/kidsplay.lt\/parduotuve\/"},{"@type":"ListItem","position":3,"name":"Konstrukcini\u0173 blokeli\u0173 rinkinys 320vnt"}]},{"@type":"WebSite","@id":"https:\/\/kidsplay.lt\/#website","url":"https:\/\/kidsplay.lt\/","name":"B\u0113rnu sp\u0113les.lv","description":"\u012evairios prek\u0117s vaikams","publisher":{"@id":"https:\/\/kidsplay.lt\/#organization"},"alternateName":"Kidsplay","potentialAction":[{"@type":"SearchAction","target":{"@type":"EntryPoint","urlTemplate":"https:\/\/kidsplay.lt\/?s={search_term_string}"},"query-input":{"@type":"PropertyValueSpecification","valueRequired":true,"valueName":"search_term_string"}}],"inLanguage":"lv-LV"},{"@type":"Organization","@id":"https:\/\/kidsplay.lt\/#organization","name":"B\u0113rnu sp\u0113le","url":"https:\/\/kidsplay.lt\/","logo":{"@type":"ImageObject","inLanguage":"lv-LV","@id":"https:\/\/kidsplay.lt\/#\/schema\/logo\/image\/","url":"https:\/\/kidsplay.lt\/wp-content\/uploads\/2023\/07\/kidsplay-logo.png","contentUrl":"https:\/\/kidsplay.lt\/wp-content\/uploads\/2023\/07\/kidsplay-logo.png","width":451,"height":98,"caption":"KidsPlay"},"image":{"@id":"https:\/\/kidsplay.lt\/#\/schema\/logo\/image\/"},"sameAs":["https:\/\/www.facebook.com\/www.kidsplay.lt"]}]}},"_links":{"self":[{"href":"https:\/\/kidsplay.lt\/lv\/wp-json\/wp\/v2\/product\/72084","targetHints":{"allow":["GET"]}}],"collection":[{"href":"https:\/\/kidsplay.lt\/lv\/wp-json\/wp\/v2\/product"}],"about":[{"href":"https:\/\/kidsplay.lt\/lv\/wp-json\/wp\/v2\/types\/product"}],"version-history":[{"count":3,"href":"https:\/\/kidsplay.lt\/lv\/wp-json\/wp\/v2\/product\/72084\/revisions"}],"predecessor-version":[{"id":80845,"href":"https:\/\/kidsplay.lt\/lv\/wp-json\/wp\/v2\/product\/72084\/revisions\/80845"}],"wp:featuredmedia":[{"embeddable":true,"href":"https:\/\/kidsplay.lt\/lv\/wp-json\/wp\/v2\/media\/50612"}],"wp:attachment":[{"href":"https:\/\/kidsplay.lt\/lv\/wp-json\/wp\/v2\/media?parent=72084"}],"wp:term":[{"taxonomy":"product_brand","embeddable":true,"href":"https:\/\/kidsplay.lt\/lv\/wp-json\/wp\/v2\/product_brand?post=72084"},{"taxonomy":"product_cat","embeddable":true,"href":"https:\/\/kidsplay.lt\/lv\/wp-json\/wp\/v2\/product_cat?post=72084"},{"taxonomy":"product_tag","embeddable":true,"href":"https:\/\/kidsplay.lt\/lv\/wp-json\/wp\/v2\/product_tag?post=72084"}],"curies":[{"name":"wp","href":"https:\/\/api.w.org\/{rel}","templated":true}]}}