{"id":72221,"date":"2025-10-02T19:43:39","date_gmt":"2025-10-02T16:43:39","guid":{"rendered":"https:\/\/kidsplay.lt\/produktas\/masterkidz-lauko-stem-lenta-vandens-kamuoliu-takelis\/"},"modified":"2026-04-07T10:06:59","modified_gmt":"2026-04-07T07:06:59","slug":"masterkidz-lauko-stem-lenta-vandens-kamuoliu-takelis","status":"publish","type":"product","link":"https:\/\/kidsplay.lt\/lv\/products\/masterkidz-lauko-stem-lenta-vandens-kamuoliu-takelis\/","title":{"rendered":"MASTERKIDZ lauko STEM lenta + vandens\/kamuoli\u0173 takelis"},"content":{"rendered":"<p>STEM siena yra novatori\u0161ka edukacin\u0117 lenta, suteikianti atvir\u0105 erdv\u0119 k\u016brybi\u0161kam \u017eaidimui ir mokymuisi. Vaikai gali kurti paveiksl\u0117lius, mozaikas, sekas, kamuoliuk\u0173 b\u0117gimus, krumpliara\u010di\u0173 mechanizmus ir net vandens \u010diuo\u017eyklas. Dvipusis dizainas leid\u017eia vienu metu vykdyti veikl\u0105 abiejose lentos pus\u0117se, skatinant grupin\u012f bendradarbiavim\u0105. STEM siena yra puikus b\u016bdas paskatinti vaikus kurti, konstruoti ir spr\u0119sti problemas lauke.<br \/>\nRAT\u0172 NE\u012eSKAI\u010cIUOTA<br \/>\nRakstur\u012bgs:<\/p>\n<p>&#8211; Laisvai pastatomas dizainas u\u017etikrina maksimal\u0173 lankstum\u0105 \u2013 lent\u0105 galima pastatyti bet kur ir perkelti \u012f lauk\u0105<br \/>\n&#8211; Dvipusis pavir\u0161ius leid\u017eia vienu metu vykdyti \u012fvairias edukacines veiklas ir dirbti ma\u017eose grup\u0117se, skatinant bendravim\u0105<br \/>\n&#8211; Pavir\u0161ius padengtas laku, atspariu UV spinduliams, dr\u0117gmei ir pel\u0117siui<br \/>\n&#8211; Suderinamas su visais STEM plok\u0161\u010di\u0173 priedais: krumpliara\u010diais, ratukais, skriemuliais, var\u017etais, kai\u0161\u010diais ir kt.<\/p>\n<p>Lenta ple\u010diasi:<\/p>\n<p>&#8211; Socialiniai \u012fg\u016bd\u017eiai<br \/>\n&#8211; K\u016brybi\u0161kumas<br \/>\n&#8211; Vaizduot\u0117<br \/>\n&#8211; Smulk\u016bs motoriniai \u012fg\u016bd\u017eiai<\/p>\n<p>Rinkinio komponentai:<\/p>\n<p>&#8211; ME29348<br \/>\n&#8211; ME31365<br \/>\n&#8211; ME32058<\/p>\n<p>Su plok\u0161te suderinami komponentai (parduodami atskirai):<\/p>\n<p>&#8211; Spalvoti kai\u0161\u010diai\u00a0\u00a0ME12746\u00a0ME14450\u00a0ME21113\u00a0ME21137\u00a0ME21120\u00a0ME21144<br \/>\n&#8211; Spalvingi kristalai\u00a0ME13989<br \/>\n&#8211; Spalvingos virvel\u0117s sujungimui su kai\u0161\u010diais\u00a0ME14467<br \/>\n&#8211; Spalvoti var\u017etai\u00a0\u00a0ME20963\u00a0ME29911<br \/>\n&#8211; Konstrukciniai blokeliai\u00a0ME29027\u00a0ME29010\u00a0ME29089<br \/>\n&#8211; Geometrin\u0117s fig\u016bros\u00a0ME14696\u00a0ME14702\u00a0ME14818\u00a0ME14825\u00a0ME31181<br \/>\n&#8211; \u017dvaig\u017edut\u0117s ir grandin\u0117s\u00a0ME13460\u00a0ME24343\u00a0ME31204<br \/>\n&#8211; Kamuoliuk\u0173 ir vandens trasos\u00a0\u00a0ME14788\u00a0ME14870\u00a0ME14665\u00a0ME15143\u00a0ME25043<br \/>\n&#8211; Rinkinys su siurbliu pastat\u0173 vamzdyn\u0173 sistemoms\u00a0ME13149<br \/>\n&#8211; Raid\u017ei\u0173 ir skai\u010di\u0173 rinkinys\u00a0\u00a0ME30412\u00a0ME30429<br \/>\n&#8211; Konteineriai ir priedai\u00a0\u00a0ME12845\u00a0ME16560\u00a0ME14672<br \/>\n&#8211;\u00a0Blokuojami ratukai\u00a0ME32539<\/p>","protected":false},"excerpt":{"rendered":"<p>MASTERKIDZ lauko STEM lenta + vandens\/kamuoli\u0173 takelis<\/p>","protected":false},"featured_media":72223,"template":"","meta":{"_acf_changed":false,"_glsr_average":0,"_glsr_ranking":0,"_glsr_reviews":0},"product_brand":[],"product_cat":[673,229],"product_tag":[],"class_list":{"0":"post-72221","1":"product","2":"type-product","3":"status-publish","4":"has-post-thumbnail","6":"product_cat-ugdomosios-priemones","7":"product_cat-zaislai-vaikams","8":"\"style=\"background-color: #2ecc711c;\"","10":"first","11":"instock","12":"purchasable","13":"product-type-simple"},"acf":[],"yoast_head":"<!-- This site is optimized with the Yoast SEO plugin v27.3 - https:\/\/yoast.com\/product\/yoast-seo-wordpress\/ -->\n<title>MASTERKIDZ lauko STEM lenta + vandens\/kamuoli\u0173 takelis - KidsPlay<\/title>\n<meta name=\"description\" content=\"MASTERKIDZ lauko STEM lenta + vandens\/kamuoli\u0173 takelis - KidsPlay. Did\u017eiausias vaik\u0173 \u017eaisl\u0173 pasirinkimas.\" \/>\n<meta name=\"robots\" content=\"index, follow, max-snippet:-1, max-image-preview:large, max-video-preview:-1\" \/>\n<link rel=\"canonical\" href=\"https:\/\/kidsplay.lt\/lv\/products\/masterkidz-lauko-stem-lenta-vandens-kamuoliu-takelis\/\" \/>\n<meta property=\"og:locale\" content=\"lv_LV\" \/>\n<meta property=\"og:type\" content=\"article\" \/>\n<meta property=\"og:title\" content=\"MASTERKIDZ lauko STEM lenta + vandens\/kamuoli\u0173 takelis - KidsPlay\" \/>\n<meta property=\"og:description\" content=\"MASTERKIDZ lauko STEM lenta + vandens\/kamuoli\u0173 takelis - KidsPlay. Did\u017eiausias vaik\u0173 \u017eaisl\u0173 pasirinkimas.\" \/>\n<meta property=\"og:url\" content=\"https:\/\/kidsplay.lt\/lv\/products\/masterkidz-lauko-stem-lenta-vandens-kamuoliu-takelis\/\" \/>\n<meta property=\"og:site_name\" content=\"KidsPlay\" \/>\n<meta property=\"article:publisher\" content=\"https:\/\/www.facebook.com\/www.kidsplay.lt\" \/>\n<meta property=\"article:modified_time\" content=\"2026-04-07T07:06:59+00:00\" \/>\n<meta property=\"og:image\" content=\"https:\/\/kidsplay.lt\/wp-content\/uploads\/2025\/10\/MASTERKIDZ-lauko-STEM-lenta-vandenskamuoliu-takelis.jpg\" \/>\n\t<meta property=\"og:image:width\" content=\"1000\" \/>\n\t<meta property=\"og:image:height\" content=\"1000\" \/>\n\t<meta property=\"og:image:type\" content=\"image\/jpeg\" \/>\n<meta name=\"twitter:card\" content=\"summary_large_image\" \/>\n<meta name=\"twitter:label1\" content=\"Est. reading time\" \/>\n\t<meta name=\"twitter:data1\" content=\"2 min\u016btes\" \/>\n<script type=\"application\/ld+json\" class=\"yoast-schema-graph\">{\"@context\":\"https:\\\/\\\/schema.org\",\"@graph\":[{\"@type\":\"WebPage\",\"@id\":\"https:\\\/\\\/kidsplay.lt\\\/produktas\\\/masterkidz-lauko-stem-lenta-vandens-kamuoliu-takelis\\\/\",\"url\":\"https:\\\/\\\/kidsplay.lt\\\/produktas\\\/masterkidz-lauko-stem-lenta-vandens-kamuoliu-takelis\\\/\",\"name\":\"MASTERKIDZ lauko STEM lenta + vandens\\\/kamuoli\u0173 takelis - KidsPlay\",\"isPartOf\":{\"@id\":\"https:\\\/\\\/kidsplay.lt\\\/#website\"},\"primaryImageOfPage\":{\"@id\":\"https:\\\/\\\/kidsplay.lt\\\/produktas\\\/masterkidz-lauko-stem-lenta-vandens-kamuoliu-takelis\\\/#primaryimage\"},\"image\":{\"@id\":\"https:\\\/\\\/kidsplay.lt\\\/produktas\\\/masterkidz-lauko-stem-lenta-vandens-kamuoliu-takelis\\\/#primaryimage\"},\"thumbnailUrl\":\"https:\\\/\\\/kidsplay.lt\\\/wp-content\\\/uploads\\\/2025\\\/10\\\/MASTERKIDZ-lauko-STEM-lenta-vandenskamuoliu-takelis.jpg\",\"datePublished\":\"2025-10-02T16:43:39+00:00\",\"dateModified\":\"2026-04-07T07:06:59+00:00\",\"description\":\"MASTERKIDZ lauko STEM lenta + vandens\\\/kamuoli\u0173 takelis - KidsPlay. Did\u017eiausias vaik\u0173 \u017eaisl\u0173 pasirinkimas.\",\"breadcrumb\":{\"@id\":\"https:\\\/\\\/kidsplay.lt\\\/produktas\\\/masterkidz-lauko-stem-lenta-vandens-kamuoliu-takelis\\\/#breadcrumb\"},\"inLanguage\":\"lv-LV\",\"potentialAction\":[{\"@type\":\"ReadAction\",\"target\":[\"https:\\\/\\\/kidsplay.lt\\\/produktas\\\/masterkidz-lauko-stem-lenta-vandens-kamuoliu-takelis\\\/\"]}]},{\"@type\":\"ImageObject\",\"inLanguage\":\"lv-LV\",\"@id\":\"https:\\\/\\\/kidsplay.lt\\\/produktas\\\/masterkidz-lauko-stem-lenta-vandens-kamuoliu-takelis\\\/#primaryimage\",\"url\":\"https:\\\/\\\/kidsplay.lt\\\/wp-content\\\/uploads\\\/2025\\\/10\\\/MASTERKIDZ-lauko-STEM-lenta-vandenskamuoliu-takelis.jpg\",\"contentUrl\":\"https:\\\/\\\/kidsplay.lt\\\/wp-content\\\/uploads\\\/2025\\\/10\\\/MASTERKIDZ-lauko-STEM-lenta-vandenskamuoliu-takelis.jpg\",\"width\":1000,\"height\":1000,\"caption\":\"MASTERKIDZ lauko STEM lenta + vandens\\\/kamuoli\u0173 takelis\"},{\"@type\":\"BreadcrumbList\",\"@id\":\"https:\\\/\\\/kidsplay.lt\\\/produktas\\\/masterkidz-lauko-stem-lenta-vandens-kamuoliu-takelis\\\/#breadcrumb\",\"itemListElement\":[{\"@type\":\"ListItem\",\"position\":1,\"name\":\"Pagrindinis\",\"item\":\"https:\\\/\\\/kidsplay.lt\\\/\"},{\"@type\":\"ListItem\",\"position\":2,\"name\":\"Parduotuv\u0117\",\"item\":\"https:\\\/\\\/kidsplay.lt\\\/parduotuve\\\/\"},{\"@type\":\"ListItem\",\"position\":3,\"name\":\"MASTERKIDZ lauko STEM lenta + vandens\\\/kamuoli\u0173 takelis\"}]},{\"@type\":\"WebSite\",\"@id\":\"https:\\\/\\\/kidsplay.lt\\\/#website\",\"url\":\"https:\\\/\\\/kidsplay.lt\\\/\",\"name\":\"Kidsplay.lt\",\"description\":\"\u012evairios prek\u0117s vaikams\",\"publisher\":{\"@id\":\"https:\\\/\\\/kidsplay.lt\\\/#organization\"},\"alternateName\":\"Kidsplay\",\"potentialAction\":[{\"@type\":\"SearchAction\",\"target\":{\"@type\":\"EntryPoint\",\"urlTemplate\":\"https:\\\/\\\/kidsplay.lt\\\/?s={search_term_string}\"},\"query-input\":{\"@type\":\"PropertyValueSpecification\",\"valueRequired\":true,\"valueName\":\"search_term_string\"}}],\"inLanguage\":\"lv-LV\"},{\"@type\":\"Organization\",\"@id\":\"https:\\\/\\\/kidsplay.lt\\\/#organization\",\"name\":\"KidsPlay\",\"url\":\"https:\\\/\\\/kidsplay.lt\\\/\",\"logo\":{\"@type\":\"ImageObject\",\"inLanguage\":\"lv-LV\",\"@id\":\"https:\\\/\\\/kidsplay.lt\\\/#\\\/schema\\\/logo\\\/image\\\/\",\"url\":\"https:\\\/\\\/kidsplay.lt\\\/wp-content\\\/uploads\\\/2023\\\/07\\\/kidsplay-logo.png\",\"contentUrl\":\"https:\\\/\\\/kidsplay.lt\\\/wp-content\\\/uploads\\\/2023\\\/07\\\/kidsplay-logo.png\",\"width\":451,\"height\":98,\"caption\":\"KidsPlay\"},\"image\":{\"@id\":\"https:\\\/\\\/kidsplay.lt\\\/#\\\/schema\\\/logo\\\/image\\\/\"},\"sameAs\":[\"https:\\\/\\\/www.facebook.com\\\/www.kidsplay.lt\"]}]}<\/script>\n<!-- \/ Yoast SEO plugin. -->","yoast_head_json":{"title":"MASTERKIDZ lauko STEM lenta + vandens\/kamuoli\u0173 takelis - KidsPlay","description":"MASTERKIDZ lauko STEM lenta + vandens\/kamuoli\u0173 takelis - KidsPlay. Did\u017eiausias vaik\u0173 \u017eaisl\u0173 pasirinkimas.","robots":{"index":"index","follow":"follow","max-snippet":"max-snippet:-1","max-image-preview":"max-image-preview:large","max-video-preview":"max-video-preview:-1"},"canonical":"https:\/\/kidsplay.lt\/lv\/products\/masterkidz-lauko-stem-lenta-vandens-kamuoliu-takelis\/","og_locale":"lv_LV","og_type":"article","og_title":"MASTERKIDZ lauko STEM lenta + vandens\/kamuoli\u0173 takelis - KidsPlay","og_description":"MASTERKIDZ lauko STEM lenta + vandens\/kamuoli\u0173 takelis - KidsPlay. Did\u017eiausias vaik\u0173 \u017eaisl\u0173 pasirinkimas.","og_url":"https:\/\/kidsplay.lt\/lv\/products\/masterkidz-lauko-stem-lenta-vandens-kamuoliu-takelis\/","og_site_name":"KidsPlay","article_publisher":"https:\/\/www.facebook.com\/www.kidsplay.lt","article_modified_time":"2026-04-07T07:06:59+00:00","og_image":[{"width":1000,"height":1000,"url":"https:\/\/kidsplay.lt\/wp-content\/uploads\/2025\/10\/MASTERKIDZ-lauko-STEM-lenta-vandenskamuoliu-takelis.jpg","type":"image\/jpeg"}],"twitter_card":"summary_large_image","twitter_misc":{"Est. reading time":"2 min\u016btes"},"schema":{"@context":"https:\/\/schema.org","@graph":[{"@type":"WebPage","@id":"https:\/\/kidsplay.lt\/produktas\/masterkidz-lauko-stem-lenta-vandens-kamuoliu-takelis\/","url":"https:\/\/kidsplay.lt\/produktas\/masterkidz-lauko-stem-lenta-vandens-kamuoliu-takelis\/","name":"MASTERKIDZ lauko STEM lenta + vandens\/kamuoli\u0173 takelis - KidsPlay","isPartOf":{"@id":"https:\/\/kidsplay.lt\/#website"},"primaryImageOfPage":{"@id":"https:\/\/kidsplay.lt\/produktas\/masterkidz-lauko-stem-lenta-vandens-kamuoliu-takelis\/#primaryimage"},"image":{"@id":"https:\/\/kidsplay.lt\/produktas\/masterkidz-lauko-stem-lenta-vandens-kamuoliu-takelis\/#primaryimage"},"thumbnailUrl":"https:\/\/kidsplay.lt\/wp-content\/uploads\/2025\/10\/MASTERKIDZ-lauko-STEM-lenta-vandenskamuoliu-takelis.jpg","datePublished":"2025-10-02T16:43:39+00:00","dateModified":"2026-04-07T07:06:59+00:00","description":"MASTERKIDZ lauko STEM lenta + vandens\/kamuoli\u0173 takelis - KidsPlay. Did\u017eiausias vaik\u0173 \u017eaisl\u0173 pasirinkimas.","breadcrumb":{"@id":"https:\/\/kidsplay.lt\/produktas\/masterkidz-lauko-stem-lenta-vandens-kamuoliu-takelis\/#breadcrumb"},"inLanguage":"lv-LV","potentialAction":[{"@type":"ReadAction","target":["https:\/\/kidsplay.lt\/produktas\/masterkidz-lauko-stem-lenta-vandens-kamuoliu-takelis\/"]}]},{"@type":"ImageObject","inLanguage":"lv-LV","@id":"https:\/\/kidsplay.lt\/produktas\/masterkidz-lauko-stem-lenta-vandens-kamuoliu-takelis\/#primaryimage","url":"https:\/\/kidsplay.lt\/wp-content\/uploads\/2025\/10\/MASTERKIDZ-lauko-STEM-lenta-vandenskamuoliu-takelis.jpg","contentUrl":"https:\/\/kidsplay.lt\/wp-content\/uploads\/2025\/10\/MASTERKIDZ-lauko-STEM-lenta-vandenskamuoliu-takelis.jpg","width":1000,"height":1000,"caption":"MASTERKIDZ lauko STEM lenta + vandens\/kamuoli\u0173 takelis"},{"@type":"BreadcrumbList","@id":"https:\/\/kidsplay.lt\/produktas\/masterkidz-lauko-stem-lenta-vandens-kamuoliu-takelis\/#breadcrumb","itemListElement":[{"@type":"ListItem","position":1,"name":"Pagrindinis","item":"https:\/\/kidsplay.lt\/"},{"@type":"ListItem","position":2,"name":"Parduotuv\u0117","item":"https:\/\/kidsplay.lt\/parduotuve\/"},{"@type":"ListItem","position":3,"name":"MASTERKIDZ lauko STEM lenta + vandens\/kamuoli\u0173 takelis"}]},{"@type":"WebSite","@id":"https:\/\/kidsplay.lt\/#website","url":"https:\/\/kidsplay.lt\/","name":"B\u0113rnu sp\u0113les.lv","description":"\u012evairios prek\u0117s vaikams","publisher":{"@id":"https:\/\/kidsplay.lt\/#organization"},"alternateName":"Kidsplay","potentialAction":[{"@type":"SearchAction","target":{"@type":"EntryPoint","urlTemplate":"https:\/\/kidsplay.lt\/?s={search_term_string}"},"query-input":{"@type":"PropertyValueSpecification","valueRequired":true,"valueName":"search_term_string"}}],"inLanguage":"lv-LV"},{"@type":"Organization","@id":"https:\/\/kidsplay.lt\/#organization","name":"B\u0113rnu sp\u0113le","url":"https:\/\/kidsplay.lt\/","logo":{"@type":"ImageObject","inLanguage":"lv-LV","@id":"https:\/\/kidsplay.lt\/#\/schema\/logo\/image\/","url":"https:\/\/kidsplay.lt\/wp-content\/uploads\/2023\/07\/kidsplay-logo.png","contentUrl":"https:\/\/kidsplay.lt\/wp-content\/uploads\/2023\/07\/kidsplay-logo.png","width":451,"height":98,"caption":"KidsPlay"},"image":{"@id":"https:\/\/kidsplay.lt\/#\/schema\/logo\/image\/"},"sameAs":["https:\/\/www.facebook.com\/www.kidsplay.lt"]}]}},"_links":{"self":[{"href":"https:\/\/kidsplay.lt\/lv\/wp-json\/wp\/v2\/product\/72221","targetHints":{"allow":["GET"]}}],"collection":[{"href":"https:\/\/kidsplay.lt\/lv\/wp-json\/wp\/v2\/product"}],"about":[{"href":"https:\/\/kidsplay.lt\/lv\/wp-json\/wp\/v2\/types\/product"}],"version-history":[{"count":4,"href":"https:\/\/kidsplay.lt\/lv\/wp-json\/wp\/v2\/product\/72221\/revisions"}],"predecessor-version":[{"id":74335,"href":"https:\/\/kidsplay.lt\/lv\/wp-json\/wp\/v2\/product\/72221\/revisions\/74335"}],"wp:featuredmedia":[{"embeddable":true,"href":"https:\/\/kidsplay.lt\/lv\/wp-json\/wp\/v2\/media\/72223"}],"wp:attachment":[{"href":"https:\/\/kidsplay.lt\/lv\/wp-json\/wp\/v2\/media?parent=72221"}],"wp:term":[{"taxonomy":"product_brand","embeddable":true,"href":"https:\/\/kidsplay.lt\/lv\/wp-json\/wp\/v2\/product_brand?post=72221"},{"taxonomy":"product_cat","embeddable":true,"href":"https:\/\/kidsplay.lt\/lv\/wp-json\/wp\/v2\/product_cat?post=72221"},{"taxonomy":"product_tag","embeddable":true,"href":"https:\/\/kidsplay.lt\/lv\/wp-json\/wp\/v2\/product_tag?post=72221"}],"curies":[{"name":"wp","href":"https:\/\/api.w.org\/{rel}","templated":true}]}}