{"id":74513,"date":"2025-10-05T14:26:18","date_gmt":"2025-10-05T11:26:18","guid":{"rendered":"https:\/\/kidsplay.lt\/?post_type=product&#038;p=74513"},"modified":"2026-02-10T11:28:58","modified_gmt":"2026-02-10T09:28:58","slug":"lego-hario-potero-advento-kalendorius","status":"publish","type":"product","link":"https:\/\/kidsplay.lt\/lv\/products\/lego-hario-potero-advento-kalendorius\/","title":{"rendered":"LEGO Hario Potero advento kalendorius"},"content":{"rendered":"<h1>\ud83c\udf84 LEGO\u00ae Harry Potter\u2122\u00a0 Advento kalendorius \u2013 magi\u0161kas pasiruo\u0161imas \u0161vent\u0117ms<\/h1>\n<p><strong>LEGO\u00ae Harry Potter\u2122\u00a0 Advento kalendorius (76456)<\/strong> kvie\u010dia vaikus ir visus burtinink\u0173 pasaulio gerb\u0117jus leistis \u012f kasdien\u012f \u0161ventin\u012f nuotyk\u012f. U\u017e kiekvien\u0173 dureli\u0173 slepiasi nauja staigmena, kuri padeda kurti savo magi\u0161kas istorijas i\u0161 Hogvartso\u2122. Tai ne tik kalendorius, bet ir \u017eaidim\u0173 rinkinys, kupinas fantazijos, k\u016brybos ir \u0161ventin\u0117s nuotaikos.<\/p>\n<div><\/div>\n<h2>\ud83e\uddd9\u200d\u2642\ufe0f 8 minifig\u016br\u0117l\u0117s su \u0161ventiniais Hogvartso megztiniais<\/h2>\n<p>Kiekvien\u0105 dien\u0105 atrasite vis nauj\u0105 LEGO\u00ae Harry Potter\u2122 persona\u017e\u0105. Rinkinyje yra <strong>8 minifig\u016br\u0117l\u0117s<\/strong>, tarp j\u0173:<\/p>\n<ul>\n<li>Haris Poteris\u2122<\/li>\n<li>\u010co \u010cangas\u2122<\/li>\n<li>Drakas Malfojus\u2122<\/li>\n<li>Luna Lovegood\u2122<\/li>\n<li>Hana Abot<\/li>\n<li>And\u017eelina D\u017eonson<\/li>\n<li>Blezas Zabini<\/li>\n<li>Sedrikas Digoris<\/li>\n<\/ul>\n<p>Visi jie vilki <strong>Hogvartso kal\u0117dinius megztinius<\/strong> ir laiko savo burt\u0173 lazdeles. Tai suteikia rinkiniui \u0161venti\u0161kumo ir kolekcin\u0117s vert\u0117s.<\/p>\n<div><\/div>\n<h2>\ud83d\udc3e Magi\u0161kos b\u016btyb\u0117s ir legendiniai daiktai<\/h2>\n<p>Kalendoriuje rasite <strong>6 konstruojamas magi\u0161kas b\u016btybes<\/strong>, tarp j\u0173:<\/p>\n<ul>\n<li>Hedvig\u2122<\/li>\n<li>Kietasnapis\u2122 su lanks\u010diais sparnais<\/li>\n<li>Aragogas su judan\u010diomis kojomis<\/li>\n<li>Testralis<\/li>\n<li>Mandragora<\/li>\n<li>Patronus elnio pavidalu<\/li>\n<\/ul>\n<p>Be to, yra <strong>9 mini modeliai<\/strong>, \u012fskaitant:<\/p>\n<ul>\n<li>lai\u0161k\u0105 i\u0161 Hogvartso\u2122<\/li>\n<li>\u0161okoladin\u0119 varl\u0119<\/li>\n<li>Bertie Bott vis\u0173 skoni\u0173 pupeles<\/li>\n<li>R\u016b\u0161iavimo skryb\u0117l\u0119<\/li>\n<li>eliksyrus<\/li>\n<li>Pabais\u0173 knyg\u0105<\/li>\n<li>du galeonus<\/li>\n<\/ul>\n<p>Kiekviena detal\u0117 praple\u010dia \u017eaidimo galimybes ir leid\u017eia kurti vis naujas scenas.<\/p>\n<div><\/div>\n<h2>\ud83c\udf81 Puiki \u0161ventin\u0117 dovana vaikams ir gerb\u0117jams<\/h2>\n<p>\u0160is Advento kalendorius yra puikus pasirinkimas vaikams nuo <strong>7 met\u0173<\/strong>. Jis skatina k\u016brybi\u0161kum\u0105, vaizduot\u0119 ir suteikia kasdien\u012f atradimo d\u017eiaugsm\u0105. Rinkinyje yra <strong>278 detal\u0117s<\/strong>, tod\u0117l \u017eaidimo galimyb\u0117s tikrai pla\u010dios.<\/p>\n<p>LEGO\u00ae Builder program\u0117l\u0117 ir iliustruotos instrukcijos padeda lengvai sukonstruoti kiekvien\u0105 model\u012f. Tai dovana, kuri d\u017eiugins vis\u0105 gruod\u012f ir taps nuostabia \u0161ventine tradicija.<\/p>","protected":false},"excerpt":{"rendered":"<p><strong>LEGO\u00ae Harry Potter\u2122 2025 Advento kalendorius<\/strong> \u2013 magi\u0161ka \u0161ventin\u0117 dovana su 24 kasdien laukian\u010diomis staigmenomis. Viduje rasite <strong>8 minifig\u016br\u0117les<\/strong> su kal\u0117diniais Hogvartso megztiniais, <strong>6 konstruojamas magi\u0161kas b\u016btybes<\/strong> un <strong>9 legendinius mini modelius<\/strong>, tokius kaip lai\u0161kas i\u0161 Hogvartso, R\u016b\u0161iavimo skryb\u0117l\u0117 ar Bertie Bott vis\u0173 skoni\u0173 pupel\u0117s. 278 detali\u0173 rinkinys leid\u017eia kurti savo \u0161ventines Hario Poterio istorijas ir atrasti nauj\u0105 nuotyk\u012f kiekvien\u0105 dien\u0105. Puikus pasirinkimas vaikams ir visiems burtinink\u0173 pasaulio gerb\u0117jams nuo 7 met\u0173.<\/p>","protected":false},"featured_media":74514,"template":"","meta":{"_acf_changed":false,"_glsr_average":0,"_glsr_ranking":0,"_glsr_reviews":0},"product_brand":[],"product_cat":[360,372],"product_tag":[],"class_list":{"0":"post-74513","1":"product","2":"type-product","3":"status-publish","4":"has-post-thumbnail","6":"product_cat-advento-kalendoriai","7":"product_cat-vaiku-sventems","8":"\"style=\"background-color: #2ecc711c;\"","10":"first","11":"instock","12":"sale","13":"shipping-taxable","14":"purchasable","15":"product-type-simple"},"acf":[],"yoast_head":"<!-- This site is optimized with the Yoast SEO plugin v27.3 - https:\/\/yoast.com\/product\/yoast-seo-wordpress\/ -->\n<title>LEGO Hario Potero advento kalendorius - KidsPlay<\/title>\n<meta name=\"description\" content=\"LEGO\u00ae Harry Potter\u2122 Advento kalendorius su 24 magi\u0161komis staigmenomis: 8 minifig\u016br\u0117l\u0117s, 6 konstruojamos b\u016btyb\u0117s ir 9 legendiniai mini modeliai.\" \/>\n<meta name=\"robots\" content=\"index, follow, max-snippet:-1, max-image-preview:large, max-video-preview:-1\" \/>\n<link rel=\"canonical\" href=\"https:\/\/kidsplay.lt\/lv\/products\/lego-hario-potero-advento-kalendorius\/\" \/>\n<meta property=\"og:locale\" content=\"lv_LV\" \/>\n<meta property=\"og:type\" content=\"article\" \/>\n<meta property=\"og:title\" content=\"LEGO Hario Potero advento kalendorius - KidsPlay\" \/>\n<meta property=\"og:description\" content=\"LEGO\u00ae Harry Potter\u2122 Advento kalendorius su 24 magi\u0161komis staigmenomis: 8 minifig\u016br\u0117l\u0117s, 6 konstruojamos b\u016btyb\u0117s ir 9 legendiniai mini modeliai.\" \/>\n<meta property=\"og:url\" content=\"https:\/\/kidsplay.lt\/lv\/products\/lego-hario-potero-advento-kalendorius\/\" \/>\n<meta property=\"og:site_name\" content=\"KidsPlay\" \/>\n<meta property=\"article:publisher\" content=\"https:\/\/www.facebook.com\/www.kidsplay.lt\" \/>\n<meta property=\"article:modified_time\" content=\"2026-02-10T09:28:58+00:00\" \/>\n<meta property=\"og:image\" content=\"https:\/\/kidsplay.lt\/wp-content\/uploads\/2025\/10\/Screenshot_381.png\" \/>\n\t<meta property=\"og:image:width\" content=\"501\" \/>\n\t<meta property=\"og:image:height\" content=\"364\" \/>\n\t<meta property=\"og:image:type\" content=\"image\/png\" \/>\n<meta name=\"twitter:card\" content=\"summary_large_image\" \/>\n<meta name=\"twitter:label1\" content=\"Est. reading time\" \/>\n\t<meta name=\"twitter:data1\" content=\"2 min\u016btes\" \/>\n<script type=\"application\/ld+json\" class=\"yoast-schema-graph\">{\"@context\":\"https:\\\/\\\/schema.org\",\"@graph\":[{\"@type\":\"WebPage\",\"@id\":\"https:\\\/\\\/kidsplay.lt\\\/produktas\\\/lego-hario-potero-advento-kalendorius\\\/\",\"url\":\"https:\\\/\\\/kidsplay.lt\\\/produktas\\\/lego-hario-potero-advento-kalendorius\\\/\",\"name\":\"LEGO Hario Potero advento kalendorius - KidsPlay\",\"isPartOf\":{\"@id\":\"https:\\\/\\\/kidsplay.lt\\\/#website\"},\"primaryImageOfPage\":{\"@id\":\"https:\\\/\\\/kidsplay.lt\\\/produktas\\\/lego-hario-potero-advento-kalendorius\\\/#primaryimage\"},\"image\":{\"@id\":\"https:\\\/\\\/kidsplay.lt\\\/produktas\\\/lego-hario-potero-advento-kalendorius\\\/#primaryimage\"},\"thumbnailUrl\":\"https:\\\/\\\/kidsplay.lt\\\/wp-content\\\/uploads\\\/2025\\\/10\\\/Screenshot_381.png\",\"datePublished\":\"2025-10-05T11:26:18+00:00\",\"dateModified\":\"2026-02-10T09:28:58+00:00\",\"description\":\"LEGO\u00ae Harry Potter\u2122 Advento kalendorius su 24 magi\u0161komis staigmenomis: 8 minifig\u016br\u0117l\u0117s, 6 konstruojamos b\u016btyb\u0117s ir 9 legendiniai mini modeliai.\",\"breadcrumb\":{\"@id\":\"https:\\\/\\\/kidsplay.lt\\\/produktas\\\/lego-hario-potero-advento-kalendorius\\\/#breadcrumb\"},\"inLanguage\":\"lv-LV\",\"potentialAction\":[{\"@type\":\"ReadAction\",\"target\":[\"https:\\\/\\\/kidsplay.lt\\\/produktas\\\/lego-hario-potero-advento-kalendorius\\\/\"]}]},{\"@type\":\"ImageObject\",\"inLanguage\":\"lv-LV\",\"@id\":\"https:\\\/\\\/kidsplay.lt\\\/produktas\\\/lego-hario-potero-advento-kalendorius\\\/#primaryimage\",\"url\":\"https:\\\/\\\/kidsplay.lt\\\/wp-content\\\/uploads\\\/2025\\\/10\\\/Screenshot_381.png\",\"contentUrl\":\"https:\\\/\\\/kidsplay.lt\\\/wp-content\\\/uploads\\\/2025\\\/10\\\/Screenshot_381.png\",\"width\":501,\"height\":364,\"caption\":\"LEGO Hario Potero advento kalendorius\"},{\"@type\":\"BreadcrumbList\",\"@id\":\"https:\\\/\\\/kidsplay.lt\\\/produktas\\\/lego-hario-potero-advento-kalendorius\\\/#breadcrumb\",\"itemListElement\":[{\"@type\":\"ListItem\",\"position\":1,\"name\":\"Pagrindinis\",\"item\":\"https:\\\/\\\/kidsplay.lt\\\/\"},{\"@type\":\"ListItem\",\"position\":2,\"name\":\"Parduotuv\u0117\",\"item\":\"https:\\\/\\\/kidsplay.lt\\\/parduotuve\\\/\"},{\"@type\":\"ListItem\",\"position\":3,\"name\":\"LEGO Hario Potero advento kalendorius\"}]},{\"@type\":\"WebSite\",\"@id\":\"https:\\\/\\\/kidsplay.lt\\\/#website\",\"url\":\"https:\\\/\\\/kidsplay.lt\\\/\",\"name\":\"Kidsplay.lt\",\"description\":\"\u012evairios prek\u0117s vaikams\",\"publisher\":{\"@id\":\"https:\\\/\\\/kidsplay.lt\\\/#organization\"},\"alternateName\":\"Kidsplay\",\"potentialAction\":[{\"@type\":\"SearchAction\",\"target\":{\"@type\":\"EntryPoint\",\"urlTemplate\":\"https:\\\/\\\/kidsplay.lt\\\/?s={search_term_string}\"},\"query-input\":{\"@type\":\"PropertyValueSpecification\",\"valueRequired\":true,\"valueName\":\"search_term_string\"}}],\"inLanguage\":\"lv-LV\"},{\"@type\":\"Organization\",\"@id\":\"https:\\\/\\\/kidsplay.lt\\\/#organization\",\"name\":\"KidsPlay\",\"url\":\"https:\\\/\\\/kidsplay.lt\\\/\",\"logo\":{\"@type\":\"ImageObject\",\"inLanguage\":\"lv-LV\",\"@id\":\"https:\\\/\\\/kidsplay.lt\\\/#\\\/schema\\\/logo\\\/image\\\/\",\"url\":\"https:\\\/\\\/kidsplay.lt\\\/wp-content\\\/uploads\\\/2023\\\/07\\\/kidsplay-logo.png\",\"contentUrl\":\"https:\\\/\\\/kidsplay.lt\\\/wp-content\\\/uploads\\\/2023\\\/07\\\/kidsplay-logo.png\",\"width\":451,\"height\":98,\"caption\":\"KidsPlay\"},\"image\":{\"@id\":\"https:\\\/\\\/kidsplay.lt\\\/#\\\/schema\\\/logo\\\/image\\\/\"},\"sameAs\":[\"https:\\\/\\\/www.facebook.com\\\/www.kidsplay.lt\"]}]}<\/script>\n<!-- \/ Yoast SEO plugin. -->","yoast_head_json":{"title":"LEGO Hario Potero advento kalendorius - KidsPlay","description":"LEGO\u00ae Harry Potter\u2122 Advento kalendorius su 24 magi\u0161komis staigmenomis: 8 minifig\u016br\u0117l\u0117s, 6 konstruojamos b\u016btyb\u0117s ir 9 legendiniai mini modeliai.","robots":{"index":"index","follow":"follow","max-snippet":"max-snippet:-1","max-image-preview":"max-image-preview:large","max-video-preview":"max-video-preview:-1"},"canonical":"https:\/\/kidsplay.lt\/lv\/products\/lego-hario-potero-advento-kalendorius\/","og_locale":"lv_LV","og_type":"article","og_title":"LEGO Hario Potero advento kalendorius - KidsPlay","og_description":"LEGO\u00ae Harry Potter\u2122 Advento kalendorius su 24 magi\u0161komis staigmenomis: 8 minifig\u016br\u0117l\u0117s, 6 konstruojamos b\u016btyb\u0117s ir 9 legendiniai mini modeliai.","og_url":"https:\/\/kidsplay.lt\/lv\/products\/lego-hario-potero-advento-kalendorius\/","og_site_name":"KidsPlay","article_publisher":"https:\/\/www.facebook.com\/www.kidsplay.lt","article_modified_time":"2026-02-10T09:28:58+00:00","og_image":[{"width":501,"height":364,"url":"https:\/\/kidsplay.lt\/wp-content\/uploads\/2025\/10\/Screenshot_381.png","type":"image\/png"}],"twitter_card":"summary_large_image","twitter_misc":{"Est. reading time":"2 min\u016btes"},"schema":{"@context":"https:\/\/schema.org","@graph":[{"@type":"WebPage","@id":"https:\/\/kidsplay.lt\/produktas\/lego-hario-potero-advento-kalendorius\/","url":"https:\/\/kidsplay.lt\/produktas\/lego-hario-potero-advento-kalendorius\/","name":"LEGO Hario Potero advento kalendorius - KidsPlay","isPartOf":{"@id":"https:\/\/kidsplay.lt\/#website"},"primaryImageOfPage":{"@id":"https:\/\/kidsplay.lt\/produktas\/lego-hario-potero-advento-kalendorius\/#primaryimage"},"image":{"@id":"https:\/\/kidsplay.lt\/produktas\/lego-hario-potero-advento-kalendorius\/#primaryimage"},"thumbnailUrl":"https:\/\/kidsplay.lt\/wp-content\/uploads\/2025\/10\/Screenshot_381.png","datePublished":"2025-10-05T11:26:18+00:00","dateModified":"2026-02-10T09:28:58+00:00","description":"LEGO\u00ae Harry Potter\u2122 Advento kalendorius su 24 magi\u0161komis staigmenomis: 8 minifig\u016br\u0117l\u0117s, 6 konstruojamos b\u016btyb\u0117s ir 9 legendiniai mini modeliai.","breadcrumb":{"@id":"https:\/\/kidsplay.lt\/produktas\/lego-hario-potero-advento-kalendorius\/#breadcrumb"},"inLanguage":"lv-LV","potentialAction":[{"@type":"ReadAction","target":["https:\/\/kidsplay.lt\/produktas\/lego-hario-potero-advento-kalendorius\/"]}]},{"@type":"ImageObject","inLanguage":"lv-LV","@id":"https:\/\/kidsplay.lt\/produktas\/lego-hario-potero-advento-kalendorius\/#primaryimage","url":"https:\/\/kidsplay.lt\/wp-content\/uploads\/2025\/10\/Screenshot_381.png","contentUrl":"https:\/\/kidsplay.lt\/wp-content\/uploads\/2025\/10\/Screenshot_381.png","width":501,"height":364,"caption":"LEGO Hario Potero advento kalendorius"},{"@type":"BreadcrumbList","@id":"https:\/\/kidsplay.lt\/produktas\/lego-hario-potero-advento-kalendorius\/#breadcrumb","itemListElement":[{"@type":"ListItem","position":1,"name":"Pagrindinis","item":"https:\/\/kidsplay.lt\/"},{"@type":"ListItem","position":2,"name":"Parduotuv\u0117","item":"https:\/\/kidsplay.lt\/parduotuve\/"},{"@type":"ListItem","position":3,"name":"LEGO Hario Potero advento kalendorius"}]},{"@type":"WebSite","@id":"https:\/\/kidsplay.lt\/#website","url":"https:\/\/kidsplay.lt\/","name":"B\u0113rnu sp\u0113les.lv","description":"\u012evairios prek\u0117s vaikams","publisher":{"@id":"https:\/\/kidsplay.lt\/#organization"},"alternateName":"Kidsplay","potentialAction":[{"@type":"SearchAction","target":{"@type":"EntryPoint","urlTemplate":"https:\/\/kidsplay.lt\/?s={search_term_string}"},"query-input":{"@type":"PropertyValueSpecification","valueRequired":true,"valueName":"search_term_string"}}],"inLanguage":"lv-LV"},{"@type":"Organization","@id":"https:\/\/kidsplay.lt\/#organization","name":"B\u0113rnu sp\u0113le","url":"https:\/\/kidsplay.lt\/","logo":{"@type":"ImageObject","inLanguage":"lv-LV","@id":"https:\/\/kidsplay.lt\/#\/schema\/logo\/image\/","url":"https:\/\/kidsplay.lt\/wp-content\/uploads\/2023\/07\/kidsplay-logo.png","contentUrl":"https:\/\/kidsplay.lt\/wp-content\/uploads\/2023\/07\/kidsplay-logo.png","width":451,"height":98,"caption":"KidsPlay"},"image":{"@id":"https:\/\/kidsplay.lt\/#\/schema\/logo\/image\/"},"sameAs":["https:\/\/www.facebook.com\/www.kidsplay.lt"]}]}},"_links":{"self":[{"href":"https:\/\/kidsplay.lt\/lv\/wp-json\/wp\/v2\/product\/74513","targetHints":{"allow":["GET"]}}],"collection":[{"href":"https:\/\/kidsplay.lt\/lv\/wp-json\/wp\/v2\/product"}],"about":[{"href":"https:\/\/kidsplay.lt\/lv\/wp-json\/wp\/v2\/types\/product"}],"version-history":[{"count":4,"href":"https:\/\/kidsplay.lt\/lv\/wp-json\/wp\/v2\/product\/74513\/revisions"}],"predecessor-version":[{"id":83408,"href":"https:\/\/kidsplay.lt\/lv\/wp-json\/wp\/v2\/product\/74513\/revisions\/83408"}],"wp:featuredmedia":[{"embeddable":true,"href":"https:\/\/kidsplay.lt\/lv\/wp-json\/wp\/v2\/media\/74514"}],"wp:attachment":[{"href":"https:\/\/kidsplay.lt\/lv\/wp-json\/wp\/v2\/media?parent=74513"}],"wp:term":[{"taxonomy":"product_brand","embeddable":true,"href":"https:\/\/kidsplay.lt\/lv\/wp-json\/wp\/v2\/product_brand?post=74513"},{"taxonomy":"product_cat","embeddable":true,"href":"https:\/\/kidsplay.lt\/lv\/wp-json\/wp\/v2\/product_cat?post=74513"},{"taxonomy":"product_tag","embeddable":true,"href":"https:\/\/kidsplay.lt\/lv\/wp-json\/wp\/v2\/product_tag?post=74513"}],"curies":[{"name":"wp","href":"https:\/\/api.w.org\/{rel}","templated":true}]}}