{"id":74518,"date":"2025-10-05T14:28:40","date_gmt":"2025-10-05T11:28:40","guid":{"rendered":"https:\/\/kidsplay.lt\/?post_type=product&#038;p=74518"},"modified":"2026-01-21T22:22:17","modified_gmt":"2026-01-21T20:22:17","slug":"lego-marvel-zmogaus-voro-advento-kalendorius","status":"publish","type":"product","link":"https:\/\/kidsplay.lt\/lv\/products\/lego-marvel-zmogaus-voro-advento-kalendorius\/","title":{"rendered":"Lego Marvel Zirnek\u013ccilv\u0113ka Adventes kalend\u0101rs"},"content":{"rendered":"<div class=\"mpof_ki myre_zn myre_8v_l m389_6m_l\">\n<div class=\"mp4t_16_s mryx_16_s mr3m_1 mli2_1 mh85_56 mh85_0_l\">\n<div class=\"mg9e_8 mj7a_8 mg9e_0_s mvrt_0_s mj7a_0_s mh36_0_s mzmg_6m munh_16_l m3h2_16_l\">\n<div class=\"mp4t_0 mryx_0 munh_56 m3h2_56\">\n<div class=\"mp7g_oh\"><button class=\"mg9e_0 mvrt_0 mj7a_0 mh36_0 mp4t_0 m3h2_0 mryx_0 munh_0 mqen_m6 mpof_z0 mx7m_0 m7er_k4 mse2_k4 msts_pt\" data-analytics-interaction=\"true\" data-analytics-interaction-label=\"zoomable-image-open\" aria-disabled=\"true\"><img decoding=\"async\" class=\"msub_k4 mupj_5k mjru_k4 mse2_k4 mp7g_f6 mq1m_0 mj7u_0 m7er_k4 mqen_m6 m31c_d8 m0ux_fp lazyloaded\" src=\"https:\/\/a.allegroimg.com\/original\/114ec6\/3768c4eb40789e99d61140abfce7\/LEGO-76293-Marvel-Spider-Man-Kalendarz-adwentowy-2024\" sizes=\"(min-width: 1200px) 560px, (min-width: 992px) 50vw, 100vw\" srcset=\"https:\/\/a.allegroimg.com\/s360\/114ec6\/3768c4eb40789e99d61140abfce7\/LEGO-76293-Marvel-Spider-Man-Kalendarz-adwentowy-2024 360w,https:\/\/a.allegroimg.com\/s720\/114ec6\/3768c4eb40789e99d61140abfce7\/LEGO-76293-Marvel-Spider-Man-Kalendarz-adwentowy-2024 720w,https:\/\/a.allegroimg.com\/s1024\/114ec6\/3768c4eb40789e99d61140abfce7\/LEGO-76293-Marvel-Spider-Man-Kalendarz-adwentowy-2024 1024w,https:\/\/a.allegroimg.com\/s1440\/114ec6\/3768c4eb40789e99d61140abfce7\/LEGO-76293-Marvel-Spider-Man-Kalendarz-adwentowy-2024 1440w,https:\/\/a.allegroimg.com\/original\/114ec6\/3768c4eb40789e99d61140abfce7\/LEGO-76293-Marvel-Spider-Man-Kalendarz-adwentowy-2024 2560w\" alt=\"LEGO 76293 Marvel \u017dmogaus-voro advento kalendorius 2024\" width=\"2560px\" data-srcset=\"\" \/><\/button><\/div>\n<\/div>\n<\/div>\n<\/div>\n<div class=\"mp4t_16_s mryx_16_s mr3m_1 mli2_1 mh85_56 mh85_0_l\">\n<div class=\"mgn2_16 _0d3bd_am0a-\">\n<p><b><span dir=\"auto\">LEGO 76293 Marvel \u017dmogaus-voro advento kalendorius 2024<\/span><\/b><\/p>\n<p><span dir=\"auto\">Jaunieji \u201eMarvel\u201c gerb\u0117jai gali stilingai prad\u0117ti \u0161ven\u010di\u0173 laukim\u0105 su \u201eLEGO\u00ae Spider-Man 2024 Advento kalendoriumi\u201c (76293). \u0160is rinkinys, kuriame gausu \u0161auni\u0173 sukonstruojam\u0173 superheroj\u0173 modeli\u0173 ir \u201eLEGO\u00ae Marvel Spider-Man\u201c minifig\u016br\u0117li\u0173, yra ideali \u0161ventin\u0117 dovana berniukams ir mergait\u0117ms nuo septyneri\u0173 met\u0173.\u00a0<\/span><\/p>\n<p><b><span dir=\"auto\">Linksmyb\u0117s prasid\u0117s gruod\u017eio 1 d. ir t\u0119sis ilgai po to, kai atsidarys paskutin\u0117s durys!<\/span><\/b><\/p>\n<\/div>\n<\/div>\n<\/div>\n<div class=\"mpof_ki myre_zn myre_8v_l m389_6m_l\">\n<div class=\"mp4t_16_s mryx_16_s mr3m_1 mli2_1 mh85_56 mh85_0_l\">\n<div class=\"mg9e_8 mj7a_8 mg9e_0_s mvrt_0_s mj7a_0_s mh36_0_s mzmg_6m munh_16_l m3h2_16_l\">\n<div class=\"mp4t_0 mryx_0 munh_56 m3h2_56\">\n<div class=\"mp7g_oh\"><button class=\"mg9e_0 mvrt_0 mj7a_0 mh36_0 mp4t_0 m3h2_0 mryx_0 munh_0 mqen_m6 mpof_z0 mx7m_0 m7er_k4 mse2_k4 msts_pt\" data-analytics-interaction=\"true\" data-analytics-interaction-label=\"zoomable-image-open\" aria-disabled=\"true\"><img decoding=\"async\" class=\"msub_k4 mupj_5k mjru_k4 mse2_k4 mp7g_f6 mq1m_0 mj7u_0 m7er_k4 mqen_m6 m31c_d8 m0ux_fp lazyloaded\" src=\"https:\/\/a.allegroimg.com\/original\/115937\/8ee03c534077970aec4f5dd1896d\/LEGO-76293-Marvel-Spider-Man-Kalendarz-adwentowy-2024-Marka-LEGO\" sizes=\"(min-width: 1200px) 560px, (min-width: 992px) 50vw, 100vw\" srcset=\"https:\/\/a.allegroimg.com\/s360\/115937\/8ee03c534077970aec4f5dd1896d\/LEGO-76293-Marvel-Spider-Man-Kalendarz-adwentowy-2024-Marka-LEGO 360w,https:\/\/a.allegroimg.com\/s720\/115937\/8ee03c534077970aec4f5dd1896d\/LEGO-76293-Marvel-Spider-Man-Kalendarz-adwentowy-2024-Marka-LEGO 720w,https:\/\/a.allegroimg.com\/s1024\/115937\/8ee03c534077970aec4f5dd1896d\/LEGO-76293-Marvel-Spider-Man-Kalendarz-adwentowy-2024-Marka-LEGO 1024w,https:\/\/a.allegroimg.com\/s1440\/115937\/8ee03c534077970aec4f5dd1896d\/LEGO-76293-Marvel-Spider-Man-Kalendarz-adwentowy-2024-Marka-LEGO 1440w,https:\/\/a.allegroimg.com\/original\/115937\/8ee03c534077970aec4f5dd1896d\/LEGO-76293-Marvel-Spider-Man-Kalendarz-adwentowy-2024-Marka-LEGO 2549w\" alt=\"LEGO 76293 Marvel \u017dmogaus-voro Advento kalendorius 2024 LEGO Brand\" width=\"2549px\" data-srcset=\"\" \/><\/button><\/div>\n<\/div>\n<\/div>\n<\/div>\n<div class=\"mp4t_16_s mryx_16_s mr3m_1 mli2_1 mh85_56 mh85_0_l\">\n<div class=\"mgn2_16 _0d3bd_am0a-\">\n<p><span dir=\"auto\">U\u017e kiekvien\u0173 i\u0161 24 dureli\u0173 slypi pasl\u0117pta dovana, kuri\u0105 vaikai gali atrasti ruo\u0161damiesi \u0161vent\u0117ms. Rinkin\u012f sudaro penkios minifig\u016br\u0117l\u0117s \u2013 \u017dmogus-voras, \u017daliasis Goblinas, Milesas Moralesas, Vaiduoklis-voras ir Venomas \u2013 kartu su minifig\u016br\u0117l\u0117mis ir aksesuarais, kuriuos vaikai atpa\u017e\u012fsta i\u0161 scen\u0173 i\u0161 \u201e\u017dmogaus-voro\u201c film\u0173, vykstan\u010di\u0173 Niujorko gatv\u0117se. Tai \u017eieminis kumpis-voras, Peterio Parkerio stalas ir Electro kal\u0117din\u0117 eglut\u0117.<\/span><\/p>\n<\/div>\n<\/div>\n<\/div>\n<div class=\"mpof_ki myre_zn myre_8v_l m389_6m_l\">\n<div class=\"mp4t_16_s mryx_16_s mr3m_1 mli2_1 mh85_56 mh85_0_l\">\n<div class=\"mg9e_8 mj7a_8 mg9e_0_s mvrt_0_s mj7a_0_s mh36_0_s mzmg_6m munh_16_l m3h2_16_l\">\n<div class=\"mp4t_0 mryx_0 munh_56 m3h2_56\">\n<div class=\"mp7g_oh\"><button class=\"mg9e_0 mvrt_0 mj7a_0 mh36_0 mp4t_0 m3h2_0 mryx_0 munh_0 mqen_m6 mpof_z0 mx7m_0 m7er_k4 mse2_k4 msts_pt\" data-analytics-interaction=\"true\" data-analytics-interaction-label=\"zoomable-image-open\" aria-disabled=\"true\"><img decoding=\"async\" class=\"msub_k4 mupj_5k mjru_k4 mse2_k4 mp7g_f6 mq1m_0 mj7u_0 m7er_k4 mqen_m6 m31c_d8 m0ux_fp lazyloaded\" src=\"https:\/\/a.allegroimg.com\/original\/114ead\/1a5c877141649563ca22e02684af\/LEGO-76293-Marvel-Spider-Man-Kalendarz-adwentowy-2024-Numer-produktu-76293\" sizes=\"(min-width: 1200px) 560px, (min-width: 992px) 50vw, 100vw\" srcset=\"https:\/\/a.allegroimg.com\/s360\/114ead\/1a5c877141649563ca22e02684af\/LEGO-76293-Marvel-Spider-Man-Kalendarz-adwentowy-2024-Numer-produktu-76293 360w,https:\/\/a.allegroimg.com\/s720\/114ead\/1a5c877141649563ca22e02684af\/LEGO-76293-Marvel-Spider-Man-Kalendarz-adwentowy-2024-Numer-produktu-76293 720w,https:\/\/a.allegroimg.com\/s1024\/114ead\/1a5c877141649563ca22e02684af\/LEGO-76293-Marvel-Spider-Man-Kalendarz-adwentowy-2024-Numer-produktu-76293 1024w,https:\/\/a.allegroimg.com\/s1440\/114ead\/1a5c877141649563ca22e02684af\/LEGO-76293-Marvel-Spider-Man-Kalendarz-adwentowy-2024-Numer-produktu-76293 1440w,https:\/\/a.allegroimg.com\/original\/114ead\/1a5c877141649563ca22e02684af\/LEGO-76293-Marvel-Spider-Man-Kalendarz-adwentowy-2024-Numer-produktu-76293 2560w\" alt=\"LEGO 76293 Marvel \u017dmogaus-voro Advento kalendorius 2024 m. Produkto numeris 76293\" width=\"2560px\" data-srcset=\"\" \/><\/button><\/div>\n<\/div>\n<\/div>\n<\/div>\n<div class=\"mp4t_16_s mryx_16_s mr3m_1 mli2_1 mh85_56 mh85_0_l\">\n<div class=\"mgn2_16 _0d3bd_am0a-\">\n<p><span dir=\"auto\">Rinkinyje taip pat yra du ma\u017ei automobiliai lenktyn\u0117ms vienas su kitu ir Sm\u0117lio \u017emogaus katapulta, \u0161audanti dovanas! At\u0117jus did\u017eiajai dienai, vaikai gali sujungti visas dovanas ir \u017eaisti savo nesibaigian\u010dius nuotykius.<\/span><\/p>\n<\/div>\n<\/div>\n<\/div>\n<div class=\"mpof_ki myre_zn myre_8v_l m389_6m_l\">\n<div class=\"mp4t_16_s mryx_16_s mr3m_1 mli2_1 mh85_56 mh85_0_l\">\n<div class=\"mg9e_8 mj7a_8 mg9e_0_s mvrt_0_s mj7a_0_s mh36_0_s mzmg_6m munh_16_l m3h2_16_l\">\n<div class=\"mp4t_0 mryx_0 munh_56 m3h2_56\">\n<div class=\"mp7g_oh\"><button class=\"mg9e_0 mvrt_0 mj7a_0 mh36_0 mp4t_0 m3h2_0 mryx_0 munh_0 mqen_m6 mpof_z0 mx7m_0 m7er_k4 mse2_k4 msts_pt\" data-analytics-interaction=\"true\" data-analytics-interaction-label=\"zoomable-image-open\" aria-disabled=\"true\"><img decoding=\"async\" class=\"msub_k4 mupj_5k mjru_k4 mse2_k4 mp7g_f6 mq1m_0 mj7u_0 m7er_k4 mqen_m6 m31c_d8 m0ux_fp lazyloaded\" src=\"https:\/\/a.allegroimg.com\/original\/119907\/12d18f974949a1a55b35548b8908\/LEGO-76293-Marvel-Spider-Man-Kalendarz-adwentowy-2024-Wiek-dziecka-7-lat\" sizes=\"(min-width: 1200px) 560px, (min-width: 992px) 50vw, 100vw\" srcset=\"https:\/\/a.allegroimg.com\/s360\/119907\/12d18f974949a1a55b35548b8908\/LEGO-76293-Marvel-Spider-Man-Kalendarz-adwentowy-2024-Wiek-dziecka-7-lat 360w,https:\/\/a.allegroimg.com\/s720\/119907\/12d18f974949a1a55b35548b8908\/LEGO-76293-Marvel-Spider-Man-Kalendarz-adwentowy-2024-Wiek-dziecka-7-lat 720w,https:\/\/a.allegroimg.com\/s1024\/119907\/12d18f974949a1a55b35548b8908\/LEGO-76293-Marvel-Spider-Man-Kalendarz-adwentowy-2024-Wiek-dziecka-7-lat 1024w,https:\/\/a.allegroimg.com\/s1440\/119907\/12d18f974949a1a55b35548b8908\/LEGO-76293-Marvel-Spider-Man-Kalendarz-adwentowy-2024-Wiek-dziecka-7-lat 1440w,https:\/\/a.allegroimg.com\/original\/119907\/12d18f974949a1a55b35548b8908\/LEGO-76293-Marvel-Spider-Man-Kalendarz-adwentowy-2024-Wiek-dziecka-7-lat 2560w\" alt=\"LEGO 76293 Marvel \u017dmogaus-voro Advento kalendorius 2024 Vaikams nuo 7 met\u0173 am\u017eiaus\" width=\"2560px\" data-srcset=\"\" \/><\/button><\/div>\n<\/div>\n<\/div>\n<\/div>\n<div class=\"mp4t_16_s mryx_16_s mr3m_1 mli2_1 mh85_56 mh85_0_l\">\n<div class=\"mgn2_16 _0d3bd_am0a-\">\n<p><span dir=\"auto\">Vaik\u0173 superheroj\u0173 Advento kalendorius \u2013 LEGO\u00ae \u017dmogaus-voro 2024 m. Advento kalendorius su 24 staigmenomis berniukams ir mergait\u0117ms nuo septyneri\u0173 met\u0173 am\u017eiaus<\/span><\/p>\n<p><span dir=\"auto\">Ma\u017ei konstruojami \u017eaislai \u2013 konstruojami modeliai i\u0161 Niujorko scen\u0173 i\u0161 film\u0173 \u201e\u017dmogus-voras\u201c, \u012fskaitant \u017eiemin\u012f kump\u012f-vor\u0105, de\u0161raini\u0173 ve\u017eim\u0117l\u012f ir elektronin\u0119 Kal\u0117d\u0173 eglut\u0119.<\/span><\/p>\n<p><span dir=\"auto\">Minifig\u016br\u0117l\u0117s ir daugiau \u2013 Rinkinyje yra \u017dmogaus-voro, \u017daliojo Goblino, Mileso Moraleso ir Venomo minifig\u016br\u0117l\u0117s, du ma\u017ei automobiliai, Sm\u0117lio \u017emogaus katapulta ir kitos \u0161aunios dovanos.<\/span><\/p>\n<p><span dir=\"auto\">Lavinantys vaidmen\u0173 \u017eaidimai \u2013 at\u0117jus did\u017eiajai dienai, vaikai gali sujungti dovanas, kad atkurt\u0173 scenas i\u0161 film\u0173 \u201e\u017dmogus-voras\u201c ir sukurt\u0173 savo superheroj\u0173 nuotykius.<\/span><\/p>\n<\/div>\n<\/div>\n<\/div>\n<div class=\"mpof_ki myre_zn myre_8v_l m389_6m_l\">\n<div class=\"mp4t_16_s mryx_16_s mr3m_1 mli2_1 mh85_56 mh85_0_l\">\n<div class=\"mg9e_8 mj7a_8 mg9e_0_s mvrt_0_s mj7a_0_s mh36_0_s mzmg_6m munh_16_l m3h2_16_l\">\n<div class=\"mp4t_0 mryx_0 munh_56 m3h2_56\">\n<div class=\"mp7g_oh\"><button class=\"mg9e_0 mvrt_0 mj7a_0 mh36_0 mp4t_0 m3h2_0 mryx_0 munh_0 mqen_m6 mpof_z0 mx7m_0 m7er_k4 mse2_k4 msts_pt\" data-analytics-interaction=\"true\" data-analytics-interaction-label=\"zoomable-image-open\" aria-disabled=\"true\"><img decoding=\"async\" class=\"msub_k4 mupj_5k mjru_k4 mse2_k4 mp7g_f6 mq1m_0 mj7u_0 m7er_k4 mqen_m6 m31c_d8 m0ux_fp lazyloaded\" src=\"https:\/\/a.allegroimg.com\/original\/11448a\/5c0ee2da4646b848be04bbc29340\/LEGO-76293-Marvel-Spider-Man-Kalendarz-adwentowy-2024-Bohater-Bajka-Spiderman\" sizes=\"(min-width: 1200px) 560px, (min-width: 992px) 50vw, 100vw\" srcset=\"https:\/\/a.allegroimg.com\/s360\/11448a\/5c0ee2da4646b848be04bbc29340\/LEGO-76293-Marvel-Spider-Man-Kalendarz-adwentowy-2024-Bohater-Bajka-Spiderman 360w,https:\/\/a.allegroimg.com\/s720\/11448a\/5c0ee2da4646b848be04bbc29340\/LEGO-76293-Marvel-Spider-Man-Kalendarz-adwentowy-2024-Bohater-Bajka-Spiderman 720w,https:\/\/a.allegroimg.com\/s1024\/11448a\/5c0ee2da4646b848be04bbc29340\/LEGO-76293-Marvel-Spider-Man-Kalendarz-adwentowy-2024-Bohater-Bajka-Spiderman 1023w,https:\/\/a.allegroimg.com\/s1440\/11448a\/5c0ee2da4646b848be04bbc29340\/LEGO-76293-Marvel-Spider-Man-Kalendarz-adwentowy-2024-Bohater-Bajka-Spiderman 1440w,https:\/\/a.allegroimg.com\/original\/11448a\/5c0ee2da4646b848be04bbc29340\/LEGO-76293-Marvel-Spider-Man-Kalendarz-adwentowy-2024-Bohater-Bajka-Spiderman 1469w\" alt=\"LEGO 76293 Marvel \u017dmogaus-voro advento kalendorius 2024 m. herojus \/ pasakos \u017emogus-voras\" width=\"1469px\" data-srcset=\"\" \/><\/button><\/div>\n<\/div>\n<\/div>\n<\/div>\n<div class=\"mp4t_16_s mryx_16_s mr3m_1 mli2_1 mh85_56 mh85_0_l\">\n<div class=\"mgn2_16 _0d3bd_am0a-\">\n<p><span dir=\"auto\">\u0160ventin\u0117s dovanos id\u0117ja \u2013 LEGO\u00ae Marvel \u017dmogaus-voro 2024 m. Advento kalendoriuje yra 24 staigmenos ir jis skatina superheroj\u0173 pramogas, kurios t\u0119sis ilgai po to, kai bus atidarytos paskutin\u0117s durel\u0117s.<\/span><\/p>\n<p><span dir=\"auto\">Suderinamas su kitais LEGO\u00ae rinkiniais \u2013 kalendoriaus dovanas galima derinti su kitais LEGO Marvel \u017eaislais<\/span><\/p>\n<p><span dir=\"auto\">LEGO\u00ae Marvel \u2013 platus LEGO\u00ae Marvel konstravimo \u017eaisl\u0173 ir fig\u016br\u0117li\u0173 asortimentas suteikia vaikams begales \u017eaidimo galimybi\u0173.<\/span><\/p>\n<p><span dir=\"auto\">24 dienos, kupinos staigmen\u0173 \u2013 skai\u010diuokite Kal\u0117das voratinkliniu stiliumi su \u0161iuo 246 detali\u0173 Advento kalendoriumi.<\/span><\/p>\n<\/div>\n<\/div>\n<\/div>","protected":false},"excerpt":{"rendered":"<p>LEGO 76293 Marvel \u017dmogaus-voro advento kalendorius 2024 Jaunieji \u201eMarvel\u201c gerb\u0117jai gali stilingai prad\u0117ti \u0161ven\u010di\u0173 laukim\u0105 su \u201eLEGO\u00ae Spider-Man 2024 Advento<\/p>","protected":false},"featured_media":74519,"template":"","meta":{"_acf_changed":false,"_glsr_average":0,"_glsr_ranking":0,"_glsr_reviews":0},"product_brand":[],"product_cat":[360,372],"product_tag":[],"class_list":{"0":"post-74518","1":"product","2":"type-product","3":"status-publish","4":"has-post-thumbnail","6":"product_cat-advento-kalendoriai","7":"product_cat-vaiku-sventems","8":"\"style=\"background-color: #2ecc711c;\"","10":"first","11":"instock","12":"shipping-taxable","13":"purchasable","14":"product-type-simple"},"acf":[],"yoast_head":"<!-- This site is optimized with the Yoast SEO plugin v27.4 - https:\/\/yoast.com\/product\/yoast-seo-wordpress\/ -->\n<title>Lego Marvel \u017emogaus voro advento kalendorius - KidsPlay<\/title>\n<meta name=\"description\" content=\"Lego Marvel \u017emogaus voro advento kalendorius - KidsPlay. Did\u017eiausias vaik\u0173 \u017eaisl\u0173 pasirinkimas.\" \/>\n<meta name=\"robots\" content=\"index, follow, max-snippet:-1, max-image-preview:large, max-video-preview:-1\" \/>\n<link rel=\"canonical\" href=\"https:\/\/kidsplay.lt\/lv\/products\/lego-marvel-zmogaus-voro-advento-kalendorius\/\" \/>\n<meta property=\"og:locale\" content=\"lv_LV\" \/>\n<meta property=\"og:type\" content=\"article\" \/>\n<meta property=\"og:title\" content=\"Lego Marvel \u017emogaus voro advento kalendorius - KidsPlay\" \/>\n<meta property=\"og:description\" content=\"Lego Marvel \u017emogaus voro advento kalendorius - KidsPlay. Did\u017eiausias vaik\u0173 \u017eaisl\u0173 pasirinkimas.\" \/>\n<meta property=\"og:url\" content=\"https:\/\/kidsplay.lt\/lv\/products\/lego-marvel-zmogaus-voro-advento-kalendorius\/\" \/>\n<meta property=\"og:site_name\" content=\"KidsPlay\" \/>\n<meta property=\"article:publisher\" content=\"https:\/\/www.facebook.com\/www.kidsplay.lt\" \/>\n<meta property=\"article:modified_time\" content=\"2026-01-21T20:22:17+00:00\" \/>\n<meta property=\"og:image\" content=\"https:\/\/kidsplay.lt\/wp-content\/uploads\/2025\/10\/Screenshot_384.png\" \/>\n\t<meta property=\"og:image:width\" content=\"505\" \/>\n\t<meta property=\"og:image:height\" content=\"381\" \/>\n\t<meta property=\"og:image:type\" content=\"image\/png\" \/>\n<meta name=\"twitter:card\" content=\"summary_large_image\" \/>\n<meta name=\"twitter:label1\" content=\"Est. reading time\" \/>\n\t<meta name=\"twitter:data1\" content=\"3 min\u016btes\" \/>\n<script type=\"application\/ld+json\" class=\"yoast-schema-graph\">{\"@context\":\"https:\\\/\\\/schema.org\",\"@graph\":[{\"@type\":\"WebPage\",\"@id\":\"https:\\\/\\\/kidsplay.lt\\\/produktas\\\/lego-marvel-zmogaus-voro-advento-kalendorius\\\/\",\"url\":\"https:\\\/\\\/kidsplay.lt\\\/produktas\\\/lego-marvel-zmogaus-voro-advento-kalendorius\\\/\",\"name\":\"Lego Marvel \u017emogaus voro advento kalendorius - KidsPlay\",\"isPartOf\":{\"@id\":\"https:\\\/\\\/kidsplay.lt\\\/#website\"},\"primaryImageOfPage\":{\"@id\":\"https:\\\/\\\/kidsplay.lt\\\/produktas\\\/lego-marvel-zmogaus-voro-advento-kalendorius\\\/#primaryimage\"},\"image\":{\"@id\":\"https:\\\/\\\/kidsplay.lt\\\/produktas\\\/lego-marvel-zmogaus-voro-advento-kalendorius\\\/#primaryimage\"},\"thumbnailUrl\":\"https:\\\/\\\/kidsplay.lt\\\/wp-content\\\/uploads\\\/2025\\\/10\\\/Screenshot_384.png\",\"datePublished\":\"2025-10-05T11:28:40+00:00\",\"dateModified\":\"2026-01-21T20:22:17+00:00\",\"description\":\"Lego Marvel \u017emogaus voro advento kalendorius - KidsPlay. Did\u017eiausias vaik\u0173 \u017eaisl\u0173 pasirinkimas.\",\"breadcrumb\":{\"@id\":\"https:\\\/\\\/kidsplay.lt\\\/produktas\\\/lego-marvel-zmogaus-voro-advento-kalendorius\\\/#breadcrumb\"},\"inLanguage\":\"lv-LV\",\"potentialAction\":[{\"@type\":\"ReadAction\",\"target\":[\"https:\\\/\\\/kidsplay.lt\\\/produktas\\\/lego-marvel-zmogaus-voro-advento-kalendorius\\\/\"]}]},{\"@type\":\"ImageObject\",\"inLanguage\":\"lv-LV\",\"@id\":\"https:\\\/\\\/kidsplay.lt\\\/produktas\\\/lego-marvel-zmogaus-voro-advento-kalendorius\\\/#primaryimage\",\"url\":\"https:\\\/\\\/kidsplay.lt\\\/wp-content\\\/uploads\\\/2025\\\/10\\\/Screenshot_384.png\",\"contentUrl\":\"https:\\\/\\\/kidsplay.lt\\\/wp-content\\\/uploads\\\/2025\\\/10\\\/Screenshot_384.png\",\"width\":505,\"height\":381},{\"@type\":\"BreadcrumbList\",\"@id\":\"https:\\\/\\\/kidsplay.lt\\\/produktas\\\/lego-marvel-zmogaus-voro-advento-kalendorius\\\/#breadcrumb\",\"itemListElement\":[{\"@type\":\"ListItem\",\"position\":1,\"name\":\"Pagrindinis\",\"item\":\"https:\\\/\\\/kidsplay.lt\\\/\"},{\"@type\":\"ListItem\",\"position\":2,\"name\":\"Parduotuv\u0117\",\"item\":\"https:\\\/\\\/kidsplay.lt\\\/parduotuve\\\/\"},{\"@type\":\"ListItem\",\"position\":3,\"name\":\"Lego Marvel \u017emogaus voro advento kalendorius\"}]},{\"@type\":\"WebSite\",\"@id\":\"https:\\\/\\\/kidsplay.lt\\\/#website\",\"url\":\"https:\\\/\\\/kidsplay.lt\\\/\",\"name\":\"Kidsplay.lt\",\"description\":\"\u012evairios prek\u0117s vaikams\",\"publisher\":{\"@id\":\"https:\\\/\\\/kidsplay.lt\\\/#organization\"},\"alternateName\":\"Kidsplay\",\"potentialAction\":[{\"@type\":\"SearchAction\",\"target\":{\"@type\":\"EntryPoint\",\"urlTemplate\":\"https:\\\/\\\/kidsplay.lt\\\/?s={search_term_string}\"},\"query-input\":{\"@type\":\"PropertyValueSpecification\",\"valueRequired\":true,\"valueName\":\"search_term_string\"}}],\"inLanguage\":\"lv-LV\"},{\"@type\":\"Organization\",\"@id\":\"https:\\\/\\\/kidsplay.lt\\\/#organization\",\"name\":\"KidsPlay\",\"url\":\"https:\\\/\\\/kidsplay.lt\\\/\",\"logo\":{\"@type\":\"ImageObject\",\"inLanguage\":\"lv-LV\",\"@id\":\"https:\\\/\\\/kidsplay.lt\\\/#\\\/schema\\\/logo\\\/image\\\/\",\"url\":\"https:\\\/\\\/kidsplay.lt\\\/wp-content\\\/uploads\\\/2023\\\/07\\\/kidsplay-logo.png\",\"contentUrl\":\"https:\\\/\\\/kidsplay.lt\\\/wp-content\\\/uploads\\\/2023\\\/07\\\/kidsplay-logo.png\",\"width\":451,\"height\":98,\"caption\":\"KidsPlay\"},\"image\":{\"@id\":\"https:\\\/\\\/kidsplay.lt\\\/#\\\/schema\\\/logo\\\/image\\\/\"},\"sameAs\":[\"https:\\\/\\\/www.facebook.com\\\/www.kidsplay.lt\"]}]}<\/script>\n<!-- \/ Yoast SEO plugin. -->","yoast_head_json":{"title":"Lego Marvel \u017emogaus voro advento kalendorius - KidsPlay","description":"Lego Marvel \u017emogaus voro advento kalendorius - KidsPlay. Did\u017eiausias vaik\u0173 \u017eaisl\u0173 pasirinkimas.","robots":{"index":"index","follow":"follow","max-snippet":"max-snippet:-1","max-image-preview":"max-image-preview:large","max-video-preview":"max-video-preview:-1"},"canonical":"https:\/\/kidsplay.lt\/lv\/products\/lego-marvel-zmogaus-voro-advento-kalendorius\/","og_locale":"lv_LV","og_type":"article","og_title":"Lego Marvel \u017emogaus voro advento kalendorius - KidsPlay","og_description":"Lego Marvel \u017emogaus voro advento kalendorius - KidsPlay. Did\u017eiausias vaik\u0173 \u017eaisl\u0173 pasirinkimas.","og_url":"https:\/\/kidsplay.lt\/lv\/products\/lego-marvel-zmogaus-voro-advento-kalendorius\/","og_site_name":"KidsPlay","article_publisher":"https:\/\/www.facebook.com\/www.kidsplay.lt","article_modified_time":"2026-01-21T20:22:17+00:00","og_image":[{"width":505,"height":381,"url":"https:\/\/kidsplay.lt\/wp-content\/uploads\/2025\/10\/Screenshot_384.png","type":"image\/png"}],"twitter_card":"summary_large_image","twitter_misc":{"Est. reading time":"3 min\u016btes"},"schema":{"@context":"https:\/\/schema.org","@graph":[{"@type":"WebPage","@id":"https:\/\/kidsplay.lt\/produktas\/lego-marvel-zmogaus-voro-advento-kalendorius\/","url":"https:\/\/kidsplay.lt\/produktas\/lego-marvel-zmogaus-voro-advento-kalendorius\/","name":"Lego Marvel \u017emogaus voro advento kalendorius - KidsPlay","isPartOf":{"@id":"https:\/\/kidsplay.lt\/#website"},"primaryImageOfPage":{"@id":"https:\/\/kidsplay.lt\/produktas\/lego-marvel-zmogaus-voro-advento-kalendorius\/#primaryimage"},"image":{"@id":"https:\/\/kidsplay.lt\/produktas\/lego-marvel-zmogaus-voro-advento-kalendorius\/#primaryimage"},"thumbnailUrl":"https:\/\/kidsplay.lt\/wp-content\/uploads\/2025\/10\/Screenshot_384.png","datePublished":"2025-10-05T11:28:40+00:00","dateModified":"2026-01-21T20:22:17+00:00","description":"Lego Marvel \u017emogaus voro advento kalendorius - KidsPlay. Did\u017eiausias vaik\u0173 \u017eaisl\u0173 pasirinkimas.","breadcrumb":{"@id":"https:\/\/kidsplay.lt\/produktas\/lego-marvel-zmogaus-voro-advento-kalendorius\/#breadcrumb"},"inLanguage":"lv-LV","potentialAction":[{"@type":"ReadAction","target":["https:\/\/kidsplay.lt\/produktas\/lego-marvel-zmogaus-voro-advento-kalendorius\/"]}]},{"@type":"ImageObject","inLanguage":"lv-LV","@id":"https:\/\/kidsplay.lt\/produktas\/lego-marvel-zmogaus-voro-advento-kalendorius\/#primaryimage","url":"https:\/\/kidsplay.lt\/wp-content\/uploads\/2025\/10\/Screenshot_384.png","contentUrl":"https:\/\/kidsplay.lt\/wp-content\/uploads\/2025\/10\/Screenshot_384.png","width":505,"height":381},{"@type":"BreadcrumbList","@id":"https:\/\/kidsplay.lt\/produktas\/lego-marvel-zmogaus-voro-advento-kalendorius\/#breadcrumb","itemListElement":[{"@type":"ListItem","position":1,"name":"Pagrindinis","item":"https:\/\/kidsplay.lt\/"},{"@type":"ListItem","position":2,"name":"Parduotuv\u0117","item":"https:\/\/kidsplay.lt\/parduotuve\/"},{"@type":"ListItem","position":3,"name":"Lego Marvel \u017emogaus voro advento kalendorius"}]},{"@type":"WebSite","@id":"https:\/\/kidsplay.lt\/#website","url":"https:\/\/kidsplay.lt\/","name":"B\u0113rnu sp\u0113les.lv","description":"\u012evairios prek\u0117s vaikams","publisher":{"@id":"https:\/\/kidsplay.lt\/#organization"},"alternateName":"Kidsplay","potentialAction":[{"@type":"SearchAction","target":{"@type":"EntryPoint","urlTemplate":"https:\/\/kidsplay.lt\/?s={search_term_string}"},"query-input":{"@type":"PropertyValueSpecification","valueRequired":true,"valueName":"search_term_string"}}],"inLanguage":"lv-LV"},{"@type":"Organization","@id":"https:\/\/kidsplay.lt\/#organization","name":"B\u0113rnu sp\u0113le","url":"https:\/\/kidsplay.lt\/","logo":{"@type":"ImageObject","inLanguage":"lv-LV","@id":"https:\/\/kidsplay.lt\/#\/schema\/logo\/image\/","url":"https:\/\/kidsplay.lt\/wp-content\/uploads\/2023\/07\/kidsplay-logo.png","contentUrl":"https:\/\/kidsplay.lt\/wp-content\/uploads\/2023\/07\/kidsplay-logo.png","width":451,"height":98,"caption":"KidsPlay"},"image":{"@id":"https:\/\/kidsplay.lt\/#\/schema\/logo\/image\/"},"sameAs":["https:\/\/www.facebook.com\/www.kidsplay.lt"]}]}},"_links":{"self":[{"href":"https:\/\/kidsplay.lt\/lv\/wp-json\/wp\/v2\/product\/74518","targetHints":{"allow":["GET"]}}],"collection":[{"href":"https:\/\/kidsplay.lt\/lv\/wp-json\/wp\/v2\/product"}],"about":[{"href":"https:\/\/kidsplay.lt\/lv\/wp-json\/wp\/v2\/types\/product"}],"version-history":[{"count":1,"href":"https:\/\/kidsplay.lt\/lv\/wp-json\/wp\/v2\/product\/74518\/revisions"}],"predecessor-version":[{"id":74524,"href":"https:\/\/kidsplay.lt\/lv\/wp-json\/wp\/v2\/product\/74518\/revisions\/74524"}],"wp:featuredmedia":[{"embeddable":true,"href":"https:\/\/kidsplay.lt\/lv\/wp-json\/wp\/v2\/media\/74519"}],"wp:attachment":[{"href":"https:\/\/kidsplay.lt\/lv\/wp-json\/wp\/v2\/media?parent=74518"}],"wp:term":[{"taxonomy":"product_brand","embeddable":true,"href":"https:\/\/kidsplay.lt\/lv\/wp-json\/wp\/v2\/product_brand?post=74518"},{"taxonomy":"product_cat","embeddable":true,"href":"https:\/\/kidsplay.lt\/lv\/wp-json\/wp\/v2\/product_cat?post=74518"},{"taxonomy":"product_tag","embeddable":true,"href":"https:\/\/kidsplay.lt\/lv\/wp-json\/wp\/v2\/product_tag?post=74518"}],"curies":[{"name":"wp","href":"https:\/\/api.w.org\/{rel}","templated":true}]}}