{"id":74652,"date":"2025-10-05T16:26:21","date_gmt":"2025-10-05T13:26:21","guid":{"rendered":"https:\/\/kidsplay.lt\/?post_type=product&#038;p=74652"},"modified":"2025-10-05T16:26:21","modified_gmt":"2025-10-05T13:26:21","slug":"advento-kalendorius-planetos-saules-sistemos","status":"publish","type":"product","link":"https:\/\/kidsplay.lt\/lv\/products\/advento-kalendorius-planetos-saules-sistemos\/","title":{"rendered":"Advento kalendorius planetos, saul\u0117s sistemos"},"content":{"rendered":"<h2><span dir=\"auto\">\u2728MOKYTIS NETURI TURI B\u016aTI NUOBODUS!<\/span><\/h2>\n<p><b><span dir=\"auto\">Atraskite magi\u0161k\u0105 kosmoso pasaul\u012f kartu su savo vaiku su m\u016bs\u0173 Advento kalendoriumi!<\/span><\/b><span dir=\"auto\">\u00a0Tai ne \u0161iaip eilinis kalendorius, o tikras\u00a0<\/span><b><span dir=\"auto\">\u017eini\u0173 ir pramog\u0173 lobynas<\/span><\/b><span dir=\"auto\">\u00a0. Kiekvien\u0105 dien\u0105 j\u016bs\u0173 vaikas atidaro lang\u0105, atrasdamas\u00a0<\/span><b><span dir=\"auto\">nauj\u0105 planetos rakt\u0173 pakabuk\u0105<\/span><\/b><span dir=\"auto\">\u00a0.\u00a0<\/span><b><span dir=\"auto\">Tai<\/span><\/b><span dir=\"auto\">\u00a0\u00a0puikus b\u016bdas suderinti\u00a0<\/span><b><span dir=\"auto\">mokym\u0105si su pramogomis,<\/span><\/b><span dir=\"auto\">\u00a0ugdant vaiko susidom\u0117jim\u0105\u00a0<\/span><b><span dir=\"auto\">astronomija ir mokslu.<\/span><\/b><span dir=\"auto\">\u00a0D\u0117l auk\u0161tos\u00a0<\/span><b><span dir=\"auto\">kokyb\u0117s gamybos<\/span><\/b><span dir=\"auto\">\u00a0m\u016bs\u0173 kalendorius\u00a0<\/span><b><span dir=\"auto\">tarnaus ilgus metus<\/span><\/b><span dir=\"auto\">\u00a0, o patrauklus dizainas pavers j\u012f\u00a0<\/span><b><span dir=\"auto\">puo\u0161niu bet kurio vaiko kambario akcentu.\u00a0<\/span><\/b><\/p>\n<h2><span dir=\"auto\">\u2728 TOBULA DOVANA<\/span><\/h2>\n<p><span dir=\"auto\">Advento kalendorius su planetomis yra\u00a0<\/span><b><span dir=\"auto\">originali ir unikali dovana vaikams, smalsiems pasauliui<\/span><\/b><span dir=\"auto\">\u00a0. Jis teiks d\u017eiaugsmo kiekvien\u0105 dien\u0105 ir pa\u017eadins aistr\u0105 kosmosui.\u00a0<\/span><b><span dir=\"auto\">Tai dovana, kurioje dera linksmyb\u0117s, edukacija ir \u0161ven\u010di\u0173 magija.<\/span><\/b><\/p>\n<h2><span dir=\"auto\">\u2728M\u016aS\u0172 PRODUKTO PRIVALUMAI<\/span><\/h2>\n<ul>\n<li><b><span dir=\"auto\">edukacinis\u00a0<\/span><\/b><span dir=\"auto\">\u00a0\u2013 Advento kalendorius, kuris ne tik maloniau leid\u017eia laukti Kal\u0117d\u0173, bet ir moko apie visat\u0105 bei planetas.<\/span><\/li>\n<li><b><span dir=\"auto\">k\u016brybin\u0117s pramogos<\/span><\/b><span dir=\"auto\">\u00a0\u2013 24 skirtingi rakt\u0173 pakabukai, vaizduojantys planetas, kurias galima rinkti ir naudoti \u012fvairiais b\u016bdais.<\/span><\/li>\n<li><b><span dir=\"auto\">auk\u0161tos kokyb\u0117s gamyba<\/span><\/b><span dir=\"auto\">\u00a0\u2013 tvirtos ir patvarios med\u017eiagos, u\u017etikrinan\u010dios ilgalaik\u012f naudojim\u0105.<\/span><\/li>\n<li><b><span dir=\"auto\">vizualiai patrauklios<\/span><\/b><span dir=\"auto\">\u00a0\u2013 spalvingos ir detalios iliustracijos, kurios traukia ak\u012f ir skatina vaizduot\u0119.<\/span><\/li>\n<li><b><span dir=\"auto\">\u012fvair\u016bs panaudojimo b\u016bdai<\/span><\/b><span dir=\"auto\">\u00a0\u2013 rakt\u0173 pakabukai gali b\u016bti naudojami kaip Kal\u0117d\u0173 eglut\u0117s papuo\u0161alai, rakt\u0173 pakabukai arba kuprin\u0117s pakabukai.<\/span><\/li>\n<\/ul>\n<h2><span dir=\"auto\">\u2728 MA\u017dIESIEMS TYRIN\u0116TOJAMS\u00a0<\/span><\/h2>\n<p><b><span dir=\"auto\">\u0160is rinkinys puikiai tinka ma\u017eiesiems tyrin\u0117tojams<\/span><\/b><span dir=\"auto\">\u00a0, m\u0117gstantiems mokslinius nuotykius ir k\u016brybinius \u017eaidimus. Rakt\u0173 pakabuk\u0173 ir pakabuk\u0173 d\u0117ka vaikai gali pasijusti tikrais kosmoso tyrin\u0117tojais, o kalendorius taps nepamir\u0161tama j\u0173 prie\u0161kal\u0117din\u0117s tradicijos dalimi.<\/span><\/p>\n<h2><span dir=\"auto\">SPECIFIKACIJA<\/span><\/h2>\n<ul>\n<li><b><span dir=\"auto\">Pakuot\u0117je:<\/span><\/b><span dir=\"auto\">\u00a020 rakt\u0173 pakabuk\u0173, v\u0117rinys, auskarai, krep\u0161ys<\/span><\/li>\n<li><b><span dir=\"auto\">rakt\u0173 pakabuko med\u017eiaga:<\/span><\/b><span dir=\"auto\">\u00a0plastikas<\/span><\/li>\n<li><b><span dir=\"auto\">pakuot\u0117:<\/span><\/b><span dir=\"auto\">\u00a0popierin\u0117 d\u0117\u017eut\u0117 su langeliais<\/span><\/li>\n<li><b><span dir=\"auto\">D\u0117\u017eut\u0117s matmenys<\/span><\/b><span dir=\"auto\">\u00a0: 21 x 16 x 5 cm<\/span><\/li>\n<li><b><span dir=\"auto\">Rakt\u0173 pakabuko su rankena matmenys:<\/span><\/b><span dir=\"auto\">\u00a02,3 cm<\/span><\/li>\n<li><b><span dir=\"auto\">pa\u010dios planetos matmenys:<\/span><\/b><span dir=\"auto\">\u00a01,5 c<\/span><\/li>\n<\/ul>","protected":false},"excerpt":{"rendered":"<p>\u2728MOKYTIS NETURI TURI B\u016aTI NUOBODUS! Atraskite magi\u0161k\u0105 kosmoso pasaul\u012f kartu su savo vaiku su m\u016bs\u0173 Advento kalendoriumi!\u00a0Tai ne \u0161iaip eilinis<\/p>","protected":false},"featured_media":74653,"template":"","meta":{"_acf_changed":false,"_glsr_average":0,"_glsr_ranking":0,"_glsr_reviews":0},"product_brand":[],"product_cat":[360,372],"product_tag":[],"class_list":{"0":"post-74652","1":"product","2":"type-product","3":"status-publish","4":"has-post-thumbnail","6":"product_cat-advento-kalendoriai","7":"product_cat-vaiku-sventems","8":"\"style=\"background-color: #2ecc711c;\"","10":"first","11":"instock","12":"shipping-taxable","13":"purchasable","14":"product-type-simple"},"acf":[],"yoast_head":"<!-- This site is optimized with the Yoast SEO plugin v27.3 - https:\/\/yoast.com\/product\/yoast-seo-wordpress\/ -->\n<title>Advento kalendorius planetos, saul\u0117s sistemos - KidsPlay<\/title>\n<meta name=\"description\" content=\"Advento kalendorius planetos, saul\u0117s sistemos - KidsPlay. Did\u017eiausias vaik\u0173 \u017eaisl\u0173 pasirinkimas.\" \/>\n<meta name=\"robots\" content=\"index, follow, max-snippet:-1, max-image-preview:large, max-video-preview:-1\" \/>\n<link rel=\"canonical\" href=\"https:\/\/kidsplay.lt\/lv\/products\/advento-kalendorius-planetos-saules-sistemos\/\" \/>\n<meta property=\"og:locale\" content=\"lv_LV\" \/>\n<meta property=\"og:type\" content=\"article\" \/>\n<meta property=\"og:title\" content=\"Advento kalendorius planetos, saul\u0117s sistemos - KidsPlay\" \/>\n<meta property=\"og:description\" content=\"Advento kalendorius planetos, saul\u0117s sistemos - KidsPlay. Did\u017eiausias vaik\u0173 \u017eaisl\u0173 pasirinkimas.\" \/>\n<meta property=\"og:url\" content=\"https:\/\/kidsplay.lt\/lv\/products\/advento-kalendorius-planetos-saules-sistemos\/\" \/>\n<meta property=\"og:site_name\" content=\"KidsPlay\" \/>\n<meta property=\"article:publisher\" content=\"https:\/\/www.facebook.com\/www.kidsplay.lt\" \/>\n<meta property=\"og:image\" content=\"https:\/\/kidsplay.lt\/wp-content\/uploads\/2025\/10\/Screenshot_477.png\" \/>\n\t<meta property=\"og:image:width\" content=\"479\" \/>\n\t<meta property=\"og:image:height\" content=\"451\" \/>\n\t<meta property=\"og:image:type\" content=\"image\/png\" \/>\n<meta name=\"twitter:card\" content=\"summary_large_image\" \/>\n<meta name=\"twitter:label1\" content=\"Est. reading time\" \/>\n\t<meta name=\"twitter:data1\" content=\"2 min\u016btes\" \/>\n<script type=\"application\/ld+json\" class=\"yoast-schema-graph\">{\"@context\":\"https:\\\/\\\/schema.org\",\"@graph\":[{\"@type\":\"WebPage\",\"@id\":\"https:\\\/\\\/kidsplay.lt\\\/produktas\\\/advento-kalendorius-planetos-saules-sistemos\\\/\",\"url\":\"https:\\\/\\\/kidsplay.lt\\\/produktas\\\/advento-kalendorius-planetos-saules-sistemos\\\/\",\"name\":\"Advento kalendorius planetos, saul\u0117s sistemos - KidsPlay\",\"isPartOf\":{\"@id\":\"https:\\\/\\\/kidsplay.lt\\\/#website\"},\"primaryImageOfPage\":{\"@id\":\"https:\\\/\\\/kidsplay.lt\\\/produktas\\\/advento-kalendorius-planetos-saules-sistemos\\\/#primaryimage\"},\"image\":{\"@id\":\"https:\\\/\\\/kidsplay.lt\\\/produktas\\\/advento-kalendorius-planetos-saules-sistemos\\\/#primaryimage\"},\"thumbnailUrl\":\"https:\\\/\\\/kidsplay.lt\\\/wp-content\\\/uploads\\\/2025\\\/10\\\/Screenshot_477.png\",\"datePublished\":\"2025-10-05T13:26:21+00:00\",\"description\":\"Advento kalendorius planetos, saul\u0117s sistemos - KidsPlay. Did\u017eiausias vaik\u0173 \u017eaisl\u0173 pasirinkimas.\",\"breadcrumb\":{\"@id\":\"https:\\\/\\\/kidsplay.lt\\\/produktas\\\/advento-kalendorius-planetos-saules-sistemos\\\/#breadcrumb\"},\"inLanguage\":\"lv-LV\",\"potentialAction\":[{\"@type\":\"ReadAction\",\"target\":[\"https:\\\/\\\/kidsplay.lt\\\/produktas\\\/advento-kalendorius-planetos-saules-sistemos\\\/\"]}]},{\"@type\":\"ImageObject\",\"inLanguage\":\"lv-LV\",\"@id\":\"https:\\\/\\\/kidsplay.lt\\\/produktas\\\/advento-kalendorius-planetos-saules-sistemos\\\/#primaryimage\",\"url\":\"https:\\\/\\\/kidsplay.lt\\\/wp-content\\\/uploads\\\/2025\\\/10\\\/Screenshot_477.png\",\"contentUrl\":\"https:\\\/\\\/kidsplay.lt\\\/wp-content\\\/uploads\\\/2025\\\/10\\\/Screenshot_477.png\",\"width\":479,\"height\":451},{\"@type\":\"BreadcrumbList\",\"@id\":\"https:\\\/\\\/kidsplay.lt\\\/produktas\\\/advento-kalendorius-planetos-saules-sistemos\\\/#breadcrumb\",\"itemListElement\":[{\"@type\":\"ListItem\",\"position\":1,\"name\":\"Pagrindinis\",\"item\":\"https:\\\/\\\/kidsplay.lt\\\/\"},{\"@type\":\"ListItem\",\"position\":2,\"name\":\"Parduotuv\u0117\",\"item\":\"https:\\\/\\\/kidsplay.lt\\\/parduotuve\\\/\"},{\"@type\":\"ListItem\",\"position\":3,\"name\":\"Advento kalendorius planetos, saul\u0117s sistemos\"}]},{\"@type\":\"WebSite\",\"@id\":\"https:\\\/\\\/kidsplay.lt\\\/#website\",\"url\":\"https:\\\/\\\/kidsplay.lt\\\/\",\"name\":\"Kidsplay.lt\",\"description\":\"\u012evairios prek\u0117s vaikams\",\"publisher\":{\"@id\":\"https:\\\/\\\/kidsplay.lt\\\/#organization\"},\"alternateName\":\"Kidsplay\",\"potentialAction\":[{\"@type\":\"SearchAction\",\"target\":{\"@type\":\"EntryPoint\",\"urlTemplate\":\"https:\\\/\\\/kidsplay.lt\\\/?s={search_term_string}\"},\"query-input\":{\"@type\":\"PropertyValueSpecification\",\"valueRequired\":true,\"valueName\":\"search_term_string\"}}],\"inLanguage\":\"lv-LV\"},{\"@type\":\"Organization\",\"@id\":\"https:\\\/\\\/kidsplay.lt\\\/#organization\",\"name\":\"KidsPlay\",\"url\":\"https:\\\/\\\/kidsplay.lt\\\/\",\"logo\":{\"@type\":\"ImageObject\",\"inLanguage\":\"lv-LV\",\"@id\":\"https:\\\/\\\/kidsplay.lt\\\/#\\\/schema\\\/logo\\\/image\\\/\",\"url\":\"https:\\\/\\\/kidsplay.lt\\\/wp-content\\\/uploads\\\/2023\\\/07\\\/kidsplay-logo.png\",\"contentUrl\":\"https:\\\/\\\/kidsplay.lt\\\/wp-content\\\/uploads\\\/2023\\\/07\\\/kidsplay-logo.png\",\"width\":451,\"height\":98,\"caption\":\"KidsPlay\"},\"image\":{\"@id\":\"https:\\\/\\\/kidsplay.lt\\\/#\\\/schema\\\/logo\\\/image\\\/\"},\"sameAs\":[\"https:\\\/\\\/www.facebook.com\\\/www.kidsplay.lt\"]}]}<\/script>\n<!-- \/ Yoast SEO plugin. -->","yoast_head_json":{"title":"Advento kalendorius planetos, saul\u0117s sistemos - KidsPlay","description":"Advento kalendorius planetos, saul\u0117s sistemos - KidsPlay. Did\u017eiausias vaik\u0173 \u017eaisl\u0173 pasirinkimas.","robots":{"index":"index","follow":"follow","max-snippet":"max-snippet:-1","max-image-preview":"max-image-preview:large","max-video-preview":"max-video-preview:-1"},"canonical":"https:\/\/kidsplay.lt\/lv\/products\/advento-kalendorius-planetos-saules-sistemos\/","og_locale":"lv_LV","og_type":"article","og_title":"Advento kalendorius planetos, saul\u0117s sistemos - KidsPlay","og_description":"Advento kalendorius planetos, saul\u0117s sistemos - KidsPlay. Did\u017eiausias vaik\u0173 \u017eaisl\u0173 pasirinkimas.","og_url":"https:\/\/kidsplay.lt\/lv\/products\/advento-kalendorius-planetos-saules-sistemos\/","og_site_name":"KidsPlay","article_publisher":"https:\/\/www.facebook.com\/www.kidsplay.lt","og_image":[{"width":479,"height":451,"url":"https:\/\/kidsplay.lt\/wp-content\/uploads\/2025\/10\/Screenshot_477.png","type":"image\/png"}],"twitter_card":"summary_large_image","twitter_misc":{"Est. reading time":"2 min\u016btes"},"schema":{"@context":"https:\/\/schema.org","@graph":[{"@type":"WebPage","@id":"https:\/\/kidsplay.lt\/produktas\/advento-kalendorius-planetos-saules-sistemos\/","url":"https:\/\/kidsplay.lt\/produktas\/advento-kalendorius-planetos-saules-sistemos\/","name":"Advento kalendorius planetos, saul\u0117s sistemos - KidsPlay","isPartOf":{"@id":"https:\/\/kidsplay.lt\/#website"},"primaryImageOfPage":{"@id":"https:\/\/kidsplay.lt\/produktas\/advento-kalendorius-planetos-saules-sistemos\/#primaryimage"},"image":{"@id":"https:\/\/kidsplay.lt\/produktas\/advento-kalendorius-planetos-saules-sistemos\/#primaryimage"},"thumbnailUrl":"https:\/\/kidsplay.lt\/wp-content\/uploads\/2025\/10\/Screenshot_477.png","datePublished":"2025-10-05T13:26:21+00:00","description":"Advento kalendorius planetos, saul\u0117s sistemos - KidsPlay. Did\u017eiausias vaik\u0173 \u017eaisl\u0173 pasirinkimas.","breadcrumb":{"@id":"https:\/\/kidsplay.lt\/produktas\/advento-kalendorius-planetos-saules-sistemos\/#breadcrumb"},"inLanguage":"lv-LV","potentialAction":[{"@type":"ReadAction","target":["https:\/\/kidsplay.lt\/produktas\/advento-kalendorius-planetos-saules-sistemos\/"]}]},{"@type":"ImageObject","inLanguage":"lv-LV","@id":"https:\/\/kidsplay.lt\/produktas\/advento-kalendorius-planetos-saules-sistemos\/#primaryimage","url":"https:\/\/kidsplay.lt\/wp-content\/uploads\/2025\/10\/Screenshot_477.png","contentUrl":"https:\/\/kidsplay.lt\/wp-content\/uploads\/2025\/10\/Screenshot_477.png","width":479,"height":451},{"@type":"BreadcrumbList","@id":"https:\/\/kidsplay.lt\/produktas\/advento-kalendorius-planetos-saules-sistemos\/#breadcrumb","itemListElement":[{"@type":"ListItem","position":1,"name":"Pagrindinis","item":"https:\/\/kidsplay.lt\/"},{"@type":"ListItem","position":2,"name":"Parduotuv\u0117","item":"https:\/\/kidsplay.lt\/parduotuve\/"},{"@type":"ListItem","position":3,"name":"Advento kalendorius planetos, saul\u0117s sistemos"}]},{"@type":"WebSite","@id":"https:\/\/kidsplay.lt\/#website","url":"https:\/\/kidsplay.lt\/","name":"B\u0113rnu sp\u0113les.lv","description":"\u012evairios prek\u0117s vaikams","publisher":{"@id":"https:\/\/kidsplay.lt\/#organization"},"alternateName":"Kidsplay","potentialAction":[{"@type":"SearchAction","target":{"@type":"EntryPoint","urlTemplate":"https:\/\/kidsplay.lt\/?s={search_term_string}"},"query-input":{"@type":"PropertyValueSpecification","valueRequired":true,"valueName":"search_term_string"}}],"inLanguage":"lv-LV"},{"@type":"Organization","@id":"https:\/\/kidsplay.lt\/#organization","name":"B\u0113rnu sp\u0113le","url":"https:\/\/kidsplay.lt\/","logo":{"@type":"ImageObject","inLanguage":"lv-LV","@id":"https:\/\/kidsplay.lt\/#\/schema\/logo\/image\/","url":"https:\/\/kidsplay.lt\/wp-content\/uploads\/2023\/07\/kidsplay-logo.png","contentUrl":"https:\/\/kidsplay.lt\/wp-content\/uploads\/2023\/07\/kidsplay-logo.png","width":451,"height":98,"caption":"KidsPlay"},"image":{"@id":"https:\/\/kidsplay.lt\/#\/schema\/logo\/image\/"},"sameAs":["https:\/\/www.facebook.com\/www.kidsplay.lt"]}]}},"_links":{"self":[{"href":"https:\/\/kidsplay.lt\/lv\/wp-json\/wp\/v2\/product\/74652","targetHints":{"allow":["GET"]}}],"collection":[{"href":"https:\/\/kidsplay.lt\/lv\/wp-json\/wp\/v2\/product"}],"about":[{"href":"https:\/\/kidsplay.lt\/lv\/wp-json\/wp\/v2\/types\/product"}],"version-history":[{"count":1,"href":"https:\/\/kidsplay.lt\/lv\/wp-json\/wp\/v2\/product\/74652\/revisions"}],"predecessor-version":[{"id":74657,"href":"https:\/\/kidsplay.lt\/lv\/wp-json\/wp\/v2\/product\/74652\/revisions\/74657"}],"wp:featuredmedia":[{"embeddable":true,"href":"https:\/\/kidsplay.lt\/lv\/wp-json\/wp\/v2\/media\/74653"}],"wp:attachment":[{"href":"https:\/\/kidsplay.lt\/lv\/wp-json\/wp\/v2\/media?parent=74652"}],"wp:term":[{"taxonomy":"product_brand","embeddable":true,"href":"https:\/\/kidsplay.lt\/lv\/wp-json\/wp\/v2\/product_brand?post=74652"},{"taxonomy":"product_cat","embeddable":true,"href":"https:\/\/kidsplay.lt\/lv\/wp-json\/wp\/v2\/product_cat?post=74652"},{"taxonomy":"product_tag","embeddable":true,"href":"https:\/\/kidsplay.lt\/lv\/wp-json\/wp\/v2\/product_tag?post=74652"}],"curies":[{"name":"wp","href":"https:\/\/api.w.org\/{rel}","templated":true}]}}