{"id":74693,"date":"2025-10-05T16:41:53","date_gmt":"2025-10-05T13:41:53","guid":{"rendered":"https:\/\/kidsplay.lt\/?post_type=product&#038;p=74693"},"modified":"2025-10-05T16:41:53","modified_gmt":"2025-10-05T13:41:53","slug":"pop-it-advento-kalendorius","status":"publish","type":"product","link":"https:\/\/kidsplay.lt\/lv\/products\/pop-it-advento-kalendorius\/","title":{"rendered":"Pop It Adventes kalend\u0101rs"},"content":{"rendered":"<div class=\"mpof_ki myre_zn myre_8v_l m389_6m_l\">\n<div class=\"mp4t_16_s mryx_16_s mr3m_1 mli2_1 mh85_56 mh85_0_l\">\n<div class=\"mgn2_16 _0d3bd_am0a-\">\n<h1><span dir=\"auto\">\u2b50 Produkto privalumai:<\/span><\/h1>\n<p><span dir=\"auto\">\u2705\u017daislai pagaminti\u00a0<\/span><b><span dir=\"auto\">i\u0161 auk\u0161tos kokyb\u0117s, netoksi\u0161ko plastiko<\/span><\/b><span dir=\"auto\">\u00a0. Tinka suaugusiesiems ir vyresniems nei 3 met\u0173 vaikams.<\/span><\/p>\n<p><b><span dir=\"auto\">\u2705\u017eaisl\u0173 populiarumas<\/span><\/b><span dir=\"auto\">\u00a0\u00a0\u2013 m\u016bs\u0173 rinkinyje yra madingiausi \u017eaislai rinkoje \u2013 nuo \u200b\u200b\u200b\u200bpopituk\u0173 iki mink\u0161t\u0173 \u017eaisl\u0173 ir sensorini\u0173 vamzdeli\u0173.<\/span><\/p>\n<p><b><span dir=\"auto\">\u2705puikiai tinka dovanai<\/span><\/b><span dir=\"auto\">\u00a0\u00a0\u2013 d\u0117l \u0161ventinio dizaino ir pripildyto \u012fdomiausi\u0173 \u017eaisliuk\u0173 kalendorius yra puikus pasirinkimas \u0160v. Nikolajaus ar Kal\u0117d\u0173 dovanai.<\/span><\/p>\n<p><b><span dir=\"auto\">\u2705\u017eaisl\u0173 \u012fvairov\u0117<\/span><\/b><span dir=\"auto\">\u00a0\u00a0\u2013 m\u016bs\u0173 kalendoriuje rasite net 24 skirtingus \u017eaislus, kurie ne tik teikia pramog\u0105, bet ir skatina vaiko sensorin\u012f vystym\u0105si.<\/span><\/p>\n<\/div>\n<\/div>\n<div class=\"mp4t_16_s mryx_16_s mr3m_1 mli2_1 mh85_56 mh85_0_l\">\n<div class=\"mg9e_8 mj7a_8 mg9e_0_s mvrt_0_s mj7a_0_s mh36_0_s mzmg_6m munh_16_l m3h2_16_l\">\n<div class=\"mp4t_0 mryx_0 munh_56 m3h2_56\">\n<div class=\"mp7g_oh\"><button class=\"mg9e_0 mvrt_0 mj7a_0 mh36_0 mp4t_0 m3h2_0 mryx_0 munh_0 mqen_m6 mpof_z0 mx7m_0 m7er_k4 mse2_k4 msts_pt\" data-analytics-interaction=\"true\" data-analytics-interaction-label=\"zoomable-image-open\" aria-disabled=\"true\"><img decoding=\"async\" class=\"msub_k4 mupj_5k mjru_k4 mse2_k4 mp7g_f6 mq1m_0 mj7u_0 m7er_k4 mqen_m6 m31c_d8 m0ux_fp lazyloaded\" src=\"https:\/\/a.allegroimg.com\/original\/11dec0\/3e9ce2324aca97e8483d3cfdf9e4\/KALENDARZ-ADWENTOWY-POP-IT-FIDGET-TOY-ZABAWKI-ANTYSTRESOWE-GNIOTKI-MIKOLAJ-Certyfikaty-opinie-atesty-CE-EN-71\" sizes=\"(min-width: 1200px) 560px, (min-width: 992px) 50vw, 100vw\" srcset=\"https:\/\/a.allegroimg.com\/s360\/11dec0\/3e9ce2324aca97e8483d3cfdf9e4\/KALENDARZ-ADWENTOWY-POP-IT-FIDGET-TOY-ZABAWKI-ANTYSTRESOWE-GNIOTKI-MIKOLAJ-Certyfikaty-opinie-atesty-CE-EN-71 360w,https:\/\/a.allegroimg.com\/s720\/11dec0\/3e9ce2324aca97e8483d3cfdf9e4\/KALENDARZ-ADWENTOWY-POP-IT-FIDGET-TOY-ZABAWKI-ANTYSTRESOWE-GNIOTKI-MIKOLAJ-Certyfikaty-opinie-atesty-CE-EN-71 720w,https:\/\/a.allegroimg.com\/original\/11dec0\/3e9ce2324aca97e8483d3cfdf9e4\/KALENDARZ-ADWENTOWY-POP-IT-FIDGET-TOY-ZABAWKI-ANTYSTRESOWE-GNIOTKI-MIKOLAJ-Certyfikaty-opinie-atesty-CE-EN-71 720w\" alt=\"ADVENTO KALENDORIUS \u201ePOP IT\u201c \u017dAISLAI SU NE\u012eTIK\u0116TINAIS STRESAIS, \u017dAISLAI SU SPAUD\u017dIAIS, KAL\u0116D\u0172 SENELIU, Sertifikatai, nuomon\u0117s, patvirtinimai CE EN 71\" width=\"720px\" data-srcset=\"\" \/><\/button><\/div>\n<\/div>\n<\/div>\n<\/div>\n<\/div>\n<div class=\"mpof_ki myre_zn myre_8v_l m389_6m_l\">\n<div class=\"mp4t_16_s mryx_16_s mr3m_1 mli2_1 mh85_56 mh85_0_l\">\n<div class=\"mg9e_8 mj7a_8 mg9e_0_s mvrt_0_s mj7a_0_s mh36_0_s mzmg_6m munh_16_l m3h2_16_l\">\n<div class=\"mp4t_0 mryx_0 munh_56 m3h2_56\">\n<div class=\"mp7g_oh\"><button class=\"mg9e_0 mvrt_0 mj7a_0 mh36_0 mp4t_0 m3h2_0 mryx_0 munh_0 mqen_m6 mpof_z0 mx7m_0 m7er_k4 mse2_k4 msts_pt\" data-analytics-interaction=\"true\" data-analytics-interaction-label=\"zoomable-image-open\" aria-disabled=\"true\"><img decoding=\"async\" class=\"msub_k4 mupj_5k mjru_k4 mse2_k4 mp7g_f6 mq1m_0 mj7u_0 m7er_k4 mqen_m6 m31c_d8 m0ux_fp lazyloaded\" src=\"https:\/\/a.allegroimg.com\/original\/1156a8\/97cf3a6b4065b21c222c0be5eda7\/KALENDARZ-ADWENTOWY-POP-IT-FIDGET-TOY-ZABAWKI-ANTYSTRESOWE-GNIOTKI-MIKOLAJ\" sizes=\"(min-width: 1200px) 560px, (min-width: 992px) 50vw, 100vw\" srcset=\"https:\/\/a.allegroimg.com\/s360\/1156a8\/97cf3a6b4065b21c222c0be5eda7\/KALENDARZ-ADWENTOWY-POP-IT-FIDGET-TOY-ZABAWKI-ANTYSTRESOWE-GNIOTKI-MIKOLAJ 360w,https:\/\/a.allegroimg.com\/s720\/1156a8\/97cf3a6b4065b21c222c0be5eda7\/KALENDARZ-ADWENTOWY-POP-IT-FIDGET-TOY-ZABAWKI-ANTYSTRESOWE-GNIOTKI-MIKOLAJ 720w,https:\/\/a.allegroimg.com\/s1024\/1156a8\/97cf3a6b4065b21c222c0be5eda7\/KALENDARZ-ADWENTOWY-POP-IT-FIDGET-TOY-ZABAWKI-ANTYSTRESOWE-GNIOTKI-MIKOLAJ 1024w,https:\/\/a.allegroimg.com\/original\/1156a8\/97cf3a6b4065b21c222c0be5eda7\/KALENDARZ-ADWENTOWY-POP-IT-FIDGET-TOY-ZABAWKI-ANTYSTRESOWE-GNIOTKI-MIKOLAJ 1024w\" alt=\"POP IT ADVENTO KALENDORIUS NE\u012eTIK\u0116TINASIS \u017dAISLAI NUO STRESO VOVAR\u0116 KAL\u0116D\u0172 SENELIS\" width=\"1024px\" data-srcset=\"\" \/><\/button><\/div>\n<\/div>\n<\/div>\n<\/div>\n<div class=\"mp4t_16_s mryx_16_s mr3m_1 mli2_1 mh85_56 mh85_0_l\">\n<div class=\"mgn2_16 _0d3bd_am0a-\">\n<p><span dir=\"auto\">Vaikai visada labai anksti laukia Kal\u0117d\u0173. \u0160is rinkinys leid\u017eia vaikams dalyvauti Kal\u0117d\u0173 atgaliniame skai\u010diavime. Jie gali pa\u017evelgti \u012f dat\u0105 ant d\u0117\u017eut\u0117s, pradedant nuo 1 iki 24, kiekvien\u0105 dien\u0105 atidengdami datos langel\u012f ir pasiimdami ma\u017e\u0105 \u017eaisliuk\u0105. Leiskite jiems d\u017eiaugsmingai laukti Kal\u0117d\u0173 at\u0117jimo.<\/span><\/p>\n<p><span dir=\"auto\">D\u0117\u017eut\u0117je yra \u012fvairi\u0173 \u017eaisl\u0173, kurie padeda suma\u017einti stres\u0105 ir nerim\u0105. Tai burbulin\u0117 \u201ePop-It\u201c kal\u0117din\u0117 eglut\u0117, sensoriniai rakt\u0173 pakabukai, suktukas, d\u0117lion\u0117s, gyvat\u0117s formos kauliukai ir daugyb\u0117 kit\u0173 pried\u0173. \u017daislai gali kartotis, ta\u010diau jie skirsis forma ir spalva.<\/span><\/p>\n<p><span dir=\"auto\">\u0160ios dovanos skatina vaiko vystym\u0105si priimant ir interpretuojant aplinkos dirgiklius. Jos skirtos stimuliuoti poj\u016b\u010dius, pirmiausia reg\u0117jim\u0105, klaus\u0105 ir lyt\u0117jim\u0105, taip pat lavinti login\u012f m\u0105stym\u0105.<\/span><\/p>\n<p><span dir=\"auto\">\u0160is kalendorius neb\u016btinai turi b\u016bti Advento dovana. J\u012f taip pat galima padovanoti vaikui kita proga. Jis tikrai suteiks d\u017eiaugsmo ir u\u017eims j\u012f valand\u0173 valandas. Tai puiki dovana ne tik vaikams, bet ir paaugliams bei suaugusiems.<\/span><\/p>\n<\/div>\n<\/div>\n<\/div>","protected":false},"excerpt":{"rendered":"<p>\u2b50 Produkto privalumai: \u2705\u017daislai pagaminti\u00a0i\u0161 auk\u0161tos kokyb\u0117s, netoksi\u0161ko plastiko\u00a0. Tinka suaugusiesiems ir vyresniems nei 3 met\u0173 vaikams. \u2705\u017eaisl\u0173 populiarumas\u00a0\u00a0\u2013 m\u016bs\u0173<\/p>","protected":false},"featured_media":74694,"template":"","meta":{"_acf_changed":false,"_glsr_average":0,"_glsr_ranking":0,"_glsr_reviews":0},"product_brand":[],"product_cat":[360,372],"product_tag":[],"class_list":{"0":"post-74693","1":"product","2":"type-product","3":"status-publish","4":"has-post-thumbnail","6":"product_cat-advento-kalendoriai","7":"product_cat-vaiku-sventems","8":"\"style=\"background-color: #2ecc711c;\"","10":"first","11":"instock","12":"shipping-taxable","13":"purchasable","14":"product-type-simple"},"acf":[],"yoast_head":"<!-- This site is optimized with the Yoast SEO plugin v27.4 - https:\/\/yoast.com\/product\/yoast-seo-wordpress\/ -->\n<title>Pop It advento kalendorius - KidsPlay<\/title>\n<meta name=\"description\" content=\"Pop It advento kalendorius - KidsPlay. Did\u017eiausias vaik\u0173 \u017eaisl\u0173 pasirinkimas.\" \/>\n<meta name=\"robots\" content=\"index, follow, max-snippet:-1, max-image-preview:large, max-video-preview:-1\" \/>\n<link rel=\"canonical\" href=\"https:\/\/kidsplay.lt\/lv\/products\/pop-it-advento-kalendorius\/\" \/>\n<meta property=\"og:locale\" content=\"lv_LV\" \/>\n<meta property=\"og:type\" content=\"article\" \/>\n<meta property=\"og:title\" content=\"Pop It advento kalendorius - KidsPlay\" \/>\n<meta property=\"og:description\" content=\"Pop It advento kalendorius - KidsPlay. Did\u017eiausias vaik\u0173 \u017eaisl\u0173 pasirinkimas.\" \/>\n<meta property=\"og:url\" content=\"https:\/\/kidsplay.lt\/lv\/products\/pop-it-advento-kalendorius\/\" \/>\n<meta property=\"og:site_name\" content=\"KidsPlay\" \/>\n<meta property=\"article:publisher\" content=\"https:\/\/www.facebook.com\/www.kidsplay.lt\" \/>\n<meta property=\"og:image\" content=\"https:\/\/kidsplay.lt\/wp-content\/uploads\/2025\/10\/Screenshot_505.png\" \/>\n\t<meta property=\"og:image:width\" content=\"483\" \/>\n\t<meta property=\"og:image:height\" content=\"467\" \/>\n\t<meta property=\"og:image:type\" content=\"image\/png\" \/>\n<meta name=\"twitter:card\" content=\"summary_large_image\" \/>\n<meta name=\"twitter:label1\" content=\"Est. reading time\" \/>\n\t<meta name=\"twitter:data1\" content=\"2 min\u016btes\" \/>\n<script type=\"application\/ld+json\" class=\"yoast-schema-graph\">{\"@context\":\"https:\\\/\\\/schema.org\",\"@graph\":[{\"@type\":\"WebPage\",\"@id\":\"https:\\\/\\\/kidsplay.lt\\\/produktas\\\/pop-it-advento-kalendorius\\\/\",\"url\":\"https:\\\/\\\/kidsplay.lt\\\/produktas\\\/pop-it-advento-kalendorius\\\/\",\"name\":\"Pop It advento kalendorius - KidsPlay\",\"isPartOf\":{\"@id\":\"https:\\\/\\\/kidsplay.lt\\\/#website\"},\"primaryImageOfPage\":{\"@id\":\"https:\\\/\\\/kidsplay.lt\\\/produktas\\\/pop-it-advento-kalendorius\\\/#primaryimage\"},\"image\":{\"@id\":\"https:\\\/\\\/kidsplay.lt\\\/produktas\\\/pop-it-advento-kalendorius\\\/#primaryimage\"},\"thumbnailUrl\":\"https:\\\/\\\/kidsplay.lt\\\/wp-content\\\/uploads\\\/2025\\\/10\\\/Screenshot_505.png\",\"datePublished\":\"2025-10-05T13:41:53+00:00\",\"description\":\"Pop It advento kalendorius - KidsPlay. Did\u017eiausias vaik\u0173 \u017eaisl\u0173 pasirinkimas.\",\"breadcrumb\":{\"@id\":\"https:\\\/\\\/kidsplay.lt\\\/produktas\\\/pop-it-advento-kalendorius\\\/#breadcrumb\"},\"inLanguage\":\"lv-LV\",\"potentialAction\":[{\"@type\":\"ReadAction\",\"target\":[\"https:\\\/\\\/kidsplay.lt\\\/produktas\\\/pop-it-advento-kalendorius\\\/\"]}]},{\"@type\":\"ImageObject\",\"inLanguage\":\"lv-LV\",\"@id\":\"https:\\\/\\\/kidsplay.lt\\\/produktas\\\/pop-it-advento-kalendorius\\\/#primaryimage\",\"url\":\"https:\\\/\\\/kidsplay.lt\\\/wp-content\\\/uploads\\\/2025\\\/10\\\/Screenshot_505.png\",\"contentUrl\":\"https:\\\/\\\/kidsplay.lt\\\/wp-content\\\/uploads\\\/2025\\\/10\\\/Screenshot_505.png\",\"width\":483,\"height\":467},{\"@type\":\"BreadcrumbList\",\"@id\":\"https:\\\/\\\/kidsplay.lt\\\/produktas\\\/pop-it-advento-kalendorius\\\/#breadcrumb\",\"itemListElement\":[{\"@type\":\"ListItem\",\"position\":1,\"name\":\"Pagrindinis\",\"item\":\"https:\\\/\\\/kidsplay.lt\\\/\"},{\"@type\":\"ListItem\",\"position\":2,\"name\":\"Parduotuv\u0117\",\"item\":\"https:\\\/\\\/kidsplay.lt\\\/parduotuve\\\/\"},{\"@type\":\"ListItem\",\"position\":3,\"name\":\"Pop It advento kalendorius\"}]},{\"@type\":\"WebSite\",\"@id\":\"https:\\\/\\\/kidsplay.lt\\\/#website\",\"url\":\"https:\\\/\\\/kidsplay.lt\\\/\",\"name\":\"Kidsplay.lt\",\"description\":\"\u012evairios prek\u0117s vaikams\",\"publisher\":{\"@id\":\"https:\\\/\\\/kidsplay.lt\\\/#organization\"},\"alternateName\":\"Kidsplay\",\"potentialAction\":[{\"@type\":\"SearchAction\",\"target\":{\"@type\":\"EntryPoint\",\"urlTemplate\":\"https:\\\/\\\/kidsplay.lt\\\/?s={search_term_string}\"},\"query-input\":{\"@type\":\"PropertyValueSpecification\",\"valueRequired\":true,\"valueName\":\"search_term_string\"}}],\"inLanguage\":\"lv-LV\"},{\"@type\":\"Organization\",\"@id\":\"https:\\\/\\\/kidsplay.lt\\\/#organization\",\"name\":\"KidsPlay\",\"url\":\"https:\\\/\\\/kidsplay.lt\\\/\",\"logo\":{\"@type\":\"ImageObject\",\"inLanguage\":\"lv-LV\",\"@id\":\"https:\\\/\\\/kidsplay.lt\\\/#\\\/schema\\\/logo\\\/image\\\/\",\"url\":\"https:\\\/\\\/kidsplay.lt\\\/wp-content\\\/uploads\\\/2023\\\/07\\\/kidsplay-logo.png\",\"contentUrl\":\"https:\\\/\\\/kidsplay.lt\\\/wp-content\\\/uploads\\\/2023\\\/07\\\/kidsplay-logo.png\",\"width\":451,\"height\":98,\"caption\":\"KidsPlay\"},\"image\":{\"@id\":\"https:\\\/\\\/kidsplay.lt\\\/#\\\/schema\\\/logo\\\/image\\\/\"},\"sameAs\":[\"https:\\\/\\\/www.facebook.com\\\/www.kidsplay.lt\"]}]}<\/script>\n<!-- \/ Yoast SEO plugin. -->","yoast_head_json":{"title":"Pop It advento kalendorius - KidsPlay","description":"Pop It advento kalendorius - KidsPlay. Did\u017eiausias vaik\u0173 \u017eaisl\u0173 pasirinkimas.","robots":{"index":"index","follow":"follow","max-snippet":"max-snippet:-1","max-image-preview":"max-image-preview:large","max-video-preview":"max-video-preview:-1"},"canonical":"https:\/\/kidsplay.lt\/lv\/products\/pop-it-advento-kalendorius\/","og_locale":"lv_LV","og_type":"article","og_title":"Pop It advento kalendorius - KidsPlay","og_description":"Pop It advento kalendorius - KidsPlay. Did\u017eiausias vaik\u0173 \u017eaisl\u0173 pasirinkimas.","og_url":"https:\/\/kidsplay.lt\/lv\/products\/pop-it-advento-kalendorius\/","og_site_name":"KidsPlay","article_publisher":"https:\/\/www.facebook.com\/www.kidsplay.lt","og_image":[{"width":483,"height":467,"url":"https:\/\/kidsplay.lt\/wp-content\/uploads\/2025\/10\/Screenshot_505.png","type":"image\/png"}],"twitter_card":"summary_large_image","twitter_misc":{"Est. reading time":"2 min\u016btes"},"schema":{"@context":"https:\/\/schema.org","@graph":[{"@type":"WebPage","@id":"https:\/\/kidsplay.lt\/produktas\/pop-it-advento-kalendorius\/","url":"https:\/\/kidsplay.lt\/produktas\/pop-it-advento-kalendorius\/","name":"Pop It advento kalendorius - KidsPlay","isPartOf":{"@id":"https:\/\/kidsplay.lt\/#website"},"primaryImageOfPage":{"@id":"https:\/\/kidsplay.lt\/produktas\/pop-it-advento-kalendorius\/#primaryimage"},"image":{"@id":"https:\/\/kidsplay.lt\/produktas\/pop-it-advento-kalendorius\/#primaryimage"},"thumbnailUrl":"https:\/\/kidsplay.lt\/wp-content\/uploads\/2025\/10\/Screenshot_505.png","datePublished":"2025-10-05T13:41:53+00:00","description":"Pop It advento kalendorius - KidsPlay. Did\u017eiausias vaik\u0173 \u017eaisl\u0173 pasirinkimas.","breadcrumb":{"@id":"https:\/\/kidsplay.lt\/produktas\/pop-it-advento-kalendorius\/#breadcrumb"},"inLanguage":"lv-LV","potentialAction":[{"@type":"ReadAction","target":["https:\/\/kidsplay.lt\/produktas\/pop-it-advento-kalendorius\/"]}]},{"@type":"ImageObject","inLanguage":"lv-LV","@id":"https:\/\/kidsplay.lt\/produktas\/pop-it-advento-kalendorius\/#primaryimage","url":"https:\/\/kidsplay.lt\/wp-content\/uploads\/2025\/10\/Screenshot_505.png","contentUrl":"https:\/\/kidsplay.lt\/wp-content\/uploads\/2025\/10\/Screenshot_505.png","width":483,"height":467},{"@type":"BreadcrumbList","@id":"https:\/\/kidsplay.lt\/produktas\/pop-it-advento-kalendorius\/#breadcrumb","itemListElement":[{"@type":"ListItem","position":1,"name":"Pagrindinis","item":"https:\/\/kidsplay.lt\/"},{"@type":"ListItem","position":2,"name":"Parduotuv\u0117","item":"https:\/\/kidsplay.lt\/parduotuve\/"},{"@type":"ListItem","position":3,"name":"Pop It advento kalendorius"}]},{"@type":"WebSite","@id":"https:\/\/kidsplay.lt\/#website","url":"https:\/\/kidsplay.lt\/","name":"B\u0113rnu sp\u0113les.lv","description":"\u012evairios prek\u0117s vaikams","publisher":{"@id":"https:\/\/kidsplay.lt\/#organization"},"alternateName":"Kidsplay","potentialAction":[{"@type":"SearchAction","target":{"@type":"EntryPoint","urlTemplate":"https:\/\/kidsplay.lt\/?s={search_term_string}"},"query-input":{"@type":"PropertyValueSpecification","valueRequired":true,"valueName":"search_term_string"}}],"inLanguage":"lv-LV"},{"@type":"Organization","@id":"https:\/\/kidsplay.lt\/#organization","name":"B\u0113rnu sp\u0113le","url":"https:\/\/kidsplay.lt\/","logo":{"@type":"ImageObject","inLanguage":"lv-LV","@id":"https:\/\/kidsplay.lt\/#\/schema\/logo\/image\/","url":"https:\/\/kidsplay.lt\/wp-content\/uploads\/2023\/07\/kidsplay-logo.png","contentUrl":"https:\/\/kidsplay.lt\/wp-content\/uploads\/2023\/07\/kidsplay-logo.png","width":451,"height":98,"caption":"KidsPlay"},"image":{"@id":"https:\/\/kidsplay.lt\/#\/schema\/logo\/image\/"},"sameAs":["https:\/\/www.facebook.com\/www.kidsplay.lt"]}]}},"_links":{"self":[{"href":"https:\/\/kidsplay.lt\/lv\/wp-json\/wp\/v2\/product\/74693","targetHints":{"allow":["GET"]}}],"collection":[{"href":"https:\/\/kidsplay.lt\/lv\/wp-json\/wp\/v2\/product"}],"about":[{"href":"https:\/\/kidsplay.lt\/lv\/wp-json\/wp\/v2\/types\/product"}],"version-history":[{"count":1,"href":"https:\/\/kidsplay.lt\/lv\/wp-json\/wp\/v2\/product\/74693\/revisions"}],"predecessor-version":[{"id":74696,"href":"https:\/\/kidsplay.lt\/lv\/wp-json\/wp\/v2\/product\/74693\/revisions\/74696"}],"wp:featuredmedia":[{"embeddable":true,"href":"https:\/\/kidsplay.lt\/lv\/wp-json\/wp\/v2\/media\/74694"}],"wp:attachment":[{"href":"https:\/\/kidsplay.lt\/lv\/wp-json\/wp\/v2\/media?parent=74693"}],"wp:term":[{"taxonomy":"product_brand","embeddable":true,"href":"https:\/\/kidsplay.lt\/lv\/wp-json\/wp\/v2\/product_brand?post=74693"},{"taxonomy":"product_cat","embeddable":true,"href":"https:\/\/kidsplay.lt\/lv\/wp-json\/wp\/v2\/product_cat?post=74693"},{"taxonomy":"product_tag","embeddable":true,"href":"https:\/\/kidsplay.lt\/lv\/wp-json\/wp\/v2\/product_tag?post=74693"}],"curies":[{"name":"wp","href":"https:\/\/api.w.org\/{rel}","templated":true}]}}