{"id":74709,"date":"2025-10-05T19:00:28","date_gmt":"2025-10-05T16:00:28","guid":{"rendered":"https:\/\/kidsplay.lt\/?post_type=product&#038;p=74709"},"modified":"2026-04-19T09:57:13","modified_gmt":"2026-04-19T06:57:13","slug":"zieminis-kombinezonas-ortalionas","status":"publish","type":"product","link":"https:\/\/kidsplay.lt\/lv\/products\/zieminis-kombinezonas-ortalionas\/","title":{"rendered":"Ziemas kombinezons Ortalion"},"content":{"rendered":"<p><b><span dir=\"auto\">Asortimentas<\/span><\/b><span dir=\"auto\">\u00a0: Kombinezonai<\/span><\/p>\n<p><b><span dir=\"auto\">Sud\u0117tis<\/span><\/b><span dir=\"auto\">\u00a0: viduje 100% medviln\u0117, i\u0161or\u0117je 100% poliesteris<\/span><\/p>\n<p><b><span dir=\"auto\">Kr\u0101sa<\/span><\/b><span dir=\"auto\">\u00a0: pilka<\/span><\/p>\n<p><b><span dir=\"auto\">Med\u017eiagos savyb\u0117s<\/span><\/b><span dir=\"auto\">\u00a0: mink\u0161tas, storas, dygsniuotas nailonas i\u0161or\u0117je, medviln\u0117 viduje ir tarpuose<\/span><\/p>\n<p><b><span dir=\"auto\">Kirpimas<\/span><\/b><span dir=\"auto\">\u00a0: kombinezonas, u\u017esegamas \u012fstri\u017eai u\u017etrauktuku, sutvirtintas audiniu ties kaklu, kad nedirgint\u0173 vaiko odos, rankogaliai ir nuimamos pir\u0161tin\u0117s.<\/span><\/p>\n<p><span dir=\"auto\">Gobtuvas dekoruotas mink\u0161tu kailiu.<\/span><\/p>\n<p><span dir=\"auto\">AUK\u0160\u010cIAUSIA KOKYB\u0116!\u00a0<\/span><\/p>\n<p>Izm\u0113ri<br \/>\n74dydis:<\/p>\n<p><b><span dir=\"auto\">Izm\u0113ri<\/span><\/b><span dir=\"auto\">\u00a0-\/apytiksliai\/<\/span><\/p>\n<p><span dir=\"auto\">Ilgis (be gobtuvo): 55 cm<\/span><\/p>\n<p><span dir=\"auto\">plotis po pa\u017eastimis: 30 cm<\/span><\/p>\n<p><span dir=\"auto\">rankov\u0117 nuo pa\u017easties: 19 cm<\/span><\/p>\n<p><span dir=\"auto\">Kojos ilgis nuo tarpkojo: 22 cm\u00a0<\/span><\/p>\n<p>68dydis:<\/p>\n<p><b><span dir=\"auto\">Izm\u0113ri<\/span><\/b><span dir=\"auto\">\u00a0-\/apytiksliai\/<\/span><\/p>\n<p><span dir=\"auto\">Ilgis (be gobtuvo): 52 cm<\/span><\/p>\n<p><span dir=\"auto\">plotis po pa\u017eastimis: 25 cm<\/span><\/p>\n<p><span dir=\"auto\">rankov\u0117 nuo pa\u017easties: 18 cm<\/span><\/p>\n<p><span dir=\"auto\">Kojos ilgis nuo tarpkojo: 20 cm<\/span><\/p>\n<p>62dydis:<\/p>\n<p><b><span dir=\"auto\">Izm\u0113ri<\/span><\/b><span dir=\"auto\">\u00a0-\/apytiksliai\/<\/span><\/p>\n<p><span dir=\"auto\">Ilgis (be gobtuvo): 50 cm<\/span><\/p>\n<p><span dir=\"auto\">plotis po pa\u017eastimis: 25 cm<\/span><\/p>\n<p><span dir=\"auto\">rankov\u0117 nuo pa\u017easties: 17 cm<\/span><\/p>\n<p><span dir=\"auto\">Kojos ilgis nuo tarpkojo: 18 cm<\/span><\/p>","protected":false},"excerpt":{"rendered":"<p>Asortimentas\u00a0: Kombinezonai Sud\u0117tis\u00a0: viduje 100% medviln\u0117, i\u0161or\u0117je 100% poliesteris Spalva\u00a0: pilka Med\u017eiagos savyb\u0117s\u00a0: mink\u0161tas, storas, dygsniuotas nailonas i\u0161or\u0117je, medviln\u0117 viduje<\/p>","protected":false},"featured_media":74710,"template":"","meta":{"_acf_changed":false,"_glsr_average":0,"_glsr_ranking":0,"_glsr_reviews":0},"product_brand":[],"product_cat":[676],"product_tag":[],"class_list":{"0":"post-74709","1":"product","2":"type-product","3":"status-publish","4":"has-post-thumbnail","6":"product_cat-kombinezonai","7":"\"style=\"background-color: #2ecc711c;\"","9":"first","10":"instock","11":"shipping-taxable","12":"purchasable","13":"product-type-variable"},"acf":[],"yoast_head":"<!-- This site is optimized with the Yoast SEO plugin v27.4 - https:\/\/yoast.com\/product\/yoast-seo-wordpress\/ -->\n<title>\u017dieminis kombinezonas ortalionas - KidsPlay<\/title>\n<meta name=\"description\" content=\"\u017dieminis kombinezonas ortalionas - KidsPlay. Did\u017eiausias vaik\u0173 \u017eaisl\u0173 pasirinkimas.\" \/>\n<meta name=\"robots\" content=\"index, follow, max-snippet:-1, max-image-preview:large, max-video-preview:-1\" \/>\n<link rel=\"canonical\" href=\"https:\/\/kidsplay.lt\/lv\/products\/zieminis-kombinezonas-ortalionas\/\" \/>\n<meta property=\"og:locale\" content=\"lv_LV\" \/>\n<meta property=\"og:type\" content=\"article\" \/>\n<meta property=\"og:title\" content=\"\u017dieminis kombinezonas ortalionas - KidsPlay\" \/>\n<meta property=\"og:description\" content=\"\u017dieminis kombinezonas ortalionas - KidsPlay. Did\u017eiausias vaik\u0173 \u017eaisl\u0173 pasirinkimas.\" \/>\n<meta property=\"og:url\" content=\"https:\/\/kidsplay.lt\/lv\/products\/zieminis-kombinezonas-ortalionas\/\" \/>\n<meta property=\"og:site_name\" content=\"KidsPlay\" \/>\n<meta property=\"article:publisher\" content=\"https:\/\/www.facebook.com\/www.kidsplay.lt\" \/>\n<meta property=\"article:modified_time\" content=\"2026-04-19T06:57:13+00:00\" \/>\n<meta property=\"og:image\" content=\"https:\/\/kidsplay.lt\/wp-content\/uploads\/2025\/10\/Screenshot_516.png\" \/>\n\t<meta property=\"og:image:width\" content=\"543\" \/>\n\t<meta property=\"og:image:height\" content=\"380\" \/>\n\t<meta property=\"og:image:type\" content=\"image\/png\" \/>\n<meta name=\"twitter:card\" content=\"summary_large_image\" \/>\n<meta name=\"twitter:label1\" content=\"Est. reading time\" \/>\n\t<meta name=\"twitter:data1\" content=\"1 min\u016bte\" \/>\n<script type=\"application\/ld+json\" class=\"yoast-schema-graph\">{\"@context\":\"https:\\\/\\\/schema.org\",\"@graph\":[{\"@type\":\"WebPage\",\"@id\":\"https:\\\/\\\/kidsplay.lt\\\/produktas\\\/zieminis-kombinezonas-ortalionas\\\/\",\"url\":\"https:\\\/\\\/kidsplay.lt\\\/produktas\\\/zieminis-kombinezonas-ortalionas\\\/\",\"name\":\"\u017dieminis kombinezonas ortalionas - KidsPlay\",\"isPartOf\":{\"@id\":\"https:\\\/\\\/kidsplay.lt\\\/#website\"},\"primaryImageOfPage\":{\"@id\":\"https:\\\/\\\/kidsplay.lt\\\/produktas\\\/zieminis-kombinezonas-ortalionas\\\/#primaryimage\"},\"image\":{\"@id\":\"https:\\\/\\\/kidsplay.lt\\\/produktas\\\/zieminis-kombinezonas-ortalionas\\\/#primaryimage\"},\"thumbnailUrl\":\"https:\\\/\\\/kidsplay.lt\\\/wp-content\\\/uploads\\\/2025\\\/10\\\/Screenshot_516.png\",\"datePublished\":\"2025-10-05T16:00:28+00:00\",\"dateModified\":\"2026-04-19T06:57:13+00:00\",\"description\":\"\u017dieminis kombinezonas ortalionas - KidsPlay. Did\u017eiausias vaik\u0173 \u017eaisl\u0173 pasirinkimas.\",\"breadcrumb\":{\"@id\":\"https:\\\/\\\/kidsplay.lt\\\/produktas\\\/zieminis-kombinezonas-ortalionas\\\/#breadcrumb\"},\"inLanguage\":\"lv-LV\",\"potentialAction\":[{\"@type\":\"ReadAction\",\"target\":[\"https:\\\/\\\/kidsplay.lt\\\/produktas\\\/zieminis-kombinezonas-ortalionas\\\/\"]}]},{\"@type\":\"ImageObject\",\"inLanguage\":\"lv-LV\",\"@id\":\"https:\\\/\\\/kidsplay.lt\\\/produktas\\\/zieminis-kombinezonas-ortalionas\\\/#primaryimage\",\"url\":\"https:\\\/\\\/kidsplay.lt\\\/wp-content\\\/uploads\\\/2025\\\/10\\\/Screenshot_516.png\",\"contentUrl\":\"https:\\\/\\\/kidsplay.lt\\\/wp-content\\\/uploads\\\/2025\\\/10\\\/Screenshot_516.png\",\"width\":543,\"height\":380},{\"@type\":\"BreadcrumbList\",\"@id\":\"https:\\\/\\\/kidsplay.lt\\\/produktas\\\/zieminis-kombinezonas-ortalionas\\\/#breadcrumb\",\"itemListElement\":[{\"@type\":\"ListItem\",\"position\":1,\"name\":\"Pagrindinis\",\"item\":\"https:\\\/\\\/kidsplay.lt\\\/\"},{\"@type\":\"ListItem\",\"position\":2,\"name\":\"Parduotuv\u0117\",\"item\":\"https:\\\/\\\/kidsplay.lt\\\/parduotuve\\\/\"},{\"@type\":\"ListItem\",\"position\":3,\"name\":\"\u017dieminis kombinezonas ortalionas\"}]},{\"@type\":\"WebSite\",\"@id\":\"https:\\\/\\\/kidsplay.lt\\\/#website\",\"url\":\"https:\\\/\\\/kidsplay.lt\\\/\",\"name\":\"Kidsplay.lt\",\"description\":\"\u012evairios prek\u0117s vaikams\",\"publisher\":{\"@id\":\"https:\\\/\\\/kidsplay.lt\\\/#organization\"},\"alternateName\":\"Kidsplay\",\"potentialAction\":[{\"@type\":\"SearchAction\",\"target\":{\"@type\":\"EntryPoint\",\"urlTemplate\":\"https:\\\/\\\/kidsplay.lt\\\/?s={search_term_string}\"},\"query-input\":{\"@type\":\"PropertyValueSpecification\",\"valueRequired\":true,\"valueName\":\"search_term_string\"}}],\"inLanguage\":\"lv-LV\"},{\"@type\":\"Organization\",\"@id\":\"https:\\\/\\\/kidsplay.lt\\\/#organization\",\"name\":\"KidsPlay\",\"url\":\"https:\\\/\\\/kidsplay.lt\\\/\",\"logo\":{\"@type\":\"ImageObject\",\"inLanguage\":\"lv-LV\",\"@id\":\"https:\\\/\\\/kidsplay.lt\\\/#\\\/schema\\\/logo\\\/image\\\/\",\"url\":\"https:\\\/\\\/kidsplay.lt\\\/wp-content\\\/uploads\\\/2023\\\/07\\\/kidsplay-logo.png\",\"contentUrl\":\"https:\\\/\\\/kidsplay.lt\\\/wp-content\\\/uploads\\\/2023\\\/07\\\/kidsplay-logo.png\",\"width\":451,\"height\":98,\"caption\":\"KidsPlay\"},\"image\":{\"@id\":\"https:\\\/\\\/kidsplay.lt\\\/#\\\/schema\\\/logo\\\/image\\\/\"},\"sameAs\":[\"https:\\\/\\\/www.facebook.com\\\/www.kidsplay.lt\"]}]}<\/script>\n<!-- \/ Yoast SEO plugin. -->","yoast_head_json":{"title":"\u017dieminis kombinezonas ortalionas - KidsPlay","description":"\u017dieminis kombinezonas ortalionas - KidsPlay. Did\u017eiausias vaik\u0173 \u017eaisl\u0173 pasirinkimas.","robots":{"index":"index","follow":"follow","max-snippet":"max-snippet:-1","max-image-preview":"max-image-preview:large","max-video-preview":"max-video-preview:-1"},"canonical":"https:\/\/kidsplay.lt\/lv\/products\/zieminis-kombinezonas-ortalionas\/","og_locale":"lv_LV","og_type":"article","og_title":"\u017dieminis kombinezonas ortalionas - KidsPlay","og_description":"\u017dieminis kombinezonas ortalionas - KidsPlay. Did\u017eiausias vaik\u0173 \u017eaisl\u0173 pasirinkimas.","og_url":"https:\/\/kidsplay.lt\/lv\/products\/zieminis-kombinezonas-ortalionas\/","og_site_name":"KidsPlay","article_publisher":"https:\/\/www.facebook.com\/www.kidsplay.lt","article_modified_time":"2026-04-19T06:57:13+00:00","og_image":[{"width":543,"height":380,"url":"https:\/\/kidsplay.lt\/wp-content\/uploads\/2025\/10\/Screenshot_516.png","type":"image\/png"}],"twitter_card":"summary_large_image","twitter_misc":{"Est. reading time":"1 min\u016bte"},"schema":{"@context":"https:\/\/schema.org","@graph":[{"@type":"WebPage","@id":"https:\/\/kidsplay.lt\/produktas\/zieminis-kombinezonas-ortalionas\/","url":"https:\/\/kidsplay.lt\/produktas\/zieminis-kombinezonas-ortalionas\/","name":"\u017dieminis kombinezonas ortalionas - KidsPlay","isPartOf":{"@id":"https:\/\/kidsplay.lt\/#website"},"primaryImageOfPage":{"@id":"https:\/\/kidsplay.lt\/produktas\/zieminis-kombinezonas-ortalionas\/#primaryimage"},"image":{"@id":"https:\/\/kidsplay.lt\/produktas\/zieminis-kombinezonas-ortalionas\/#primaryimage"},"thumbnailUrl":"https:\/\/kidsplay.lt\/wp-content\/uploads\/2025\/10\/Screenshot_516.png","datePublished":"2025-10-05T16:00:28+00:00","dateModified":"2026-04-19T06:57:13+00:00","description":"\u017dieminis kombinezonas ortalionas - KidsPlay. Did\u017eiausias vaik\u0173 \u017eaisl\u0173 pasirinkimas.","breadcrumb":{"@id":"https:\/\/kidsplay.lt\/produktas\/zieminis-kombinezonas-ortalionas\/#breadcrumb"},"inLanguage":"lv-LV","potentialAction":[{"@type":"ReadAction","target":["https:\/\/kidsplay.lt\/produktas\/zieminis-kombinezonas-ortalionas\/"]}]},{"@type":"ImageObject","inLanguage":"lv-LV","@id":"https:\/\/kidsplay.lt\/produktas\/zieminis-kombinezonas-ortalionas\/#primaryimage","url":"https:\/\/kidsplay.lt\/wp-content\/uploads\/2025\/10\/Screenshot_516.png","contentUrl":"https:\/\/kidsplay.lt\/wp-content\/uploads\/2025\/10\/Screenshot_516.png","width":543,"height":380},{"@type":"BreadcrumbList","@id":"https:\/\/kidsplay.lt\/produktas\/zieminis-kombinezonas-ortalionas\/#breadcrumb","itemListElement":[{"@type":"ListItem","position":1,"name":"Pagrindinis","item":"https:\/\/kidsplay.lt\/"},{"@type":"ListItem","position":2,"name":"Parduotuv\u0117","item":"https:\/\/kidsplay.lt\/parduotuve\/"},{"@type":"ListItem","position":3,"name":"\u017dieminis kombinezonas ortalionas"}]},{"@type":"WebSite","@id":"https:\/\/kidsplay.lt\/#website","url":"https:\/\/kidsplay.lt\/","name":"B\u0113rnu sp\u0113les.lv","description":"\u012evairios prek\u0117s vaikams","publisher":{"@id":"https:\/\/kidsplay.lt\/#organization"},"alternateName":"Kidsplay","potentialAction":[{"@type":"SearchAction","target":{"@type":"EntryPoint","urlTemplate":"https:\/\/kidsplay.lt\/?s={search_term_string}"},"query-input":{"@type":"PropertyValueSpecification","valueRequired":true,"valueName":"search_term_string"}}],"inLanguage":"lv-LV"},{"@type":"Organization","@id":"https:\/\/kidsplay.lt\/#organization","name":"B\u0113rnu sp\u0113le","url":"https:\/\/kidsplay.lt\/","logo":{"@type":"ImageObject","inLanguage":"lv-LV","@id":"https:\/\/kidsplay.lt\/#\/schema\/logo\/image\/","url":"https:\/\/kidsplay.lt\/wp-content\/uploads\/2023\/07\/kidsplay-logo.png","contentUrl":"https:\/\/kidsplay.lt\/wp-content\/uploads\/2023\/07\/kidsplay-logo.png","width":451,"height":98,"caption":"KidsPlay"},"image":{"@id":"https:\/\/kidsplay.lt\/#\/schema\/logo\/image\/"},"sameAs":["https:\/\/www.facebook.com\/www.kidsplay.lt"]}]}},"_links":{"self":[{"href":"https:\/\/kidsplay.lt\/lv\/wp-json\/wp\/v2\/product\/74709","targetHints":{"allow":["GET"]}}],"collection":[{"href":"https:\/\/kidsplay.lt\/lv\/wp-json\/wp\/v2\/product"}],"about":[{"href":"https:\/\/kidsplay.lt\/lv\/wp-json\/wp\/v2\/types\/product"}],"version-history":[{"count":1,"href":"https:\/\/kidsplay.lt\/lv\/wp-json\/wp\/v2\/product\/74709\/revisions"}],"predecessor-version":[{"id":74718,"href":"https:\/\/kidsplay.lt\/lv\/wp-json\/wp\/v2\/product\/74709\/revisions\/74718"}],"wp:featuredmedia":[{"embeddable":true,"href":"https:\/\/kidsplay.lt\/lv\/wp-json\/wp\/v2\/media\/74710"}],"wp:attachment":[{"href":"https:\/\/kidsplay.lt\/lv\/wp-json\/wp\/v2\/media?parent=74709"}],"wp:term":[{"taxonomy":"product_brand","embeddable":true,"href":"https:\/\/kidsplay.lt\/lv\/wp-json\/wp\/v2\/product_brand?post=74709"},{"taxonomy":"product_cat","embeddable":true,"href":"https:\/\/kidsplay.lt\/lv\/wp-json\/wp\/v2\/product_cat?post=74709"},{"taxonomy":"product_tag","embeddable":true,"href":"https:\/\/kidsplay.lt\/lv\/wp-json\/wp\/v2\/product_tag?post=74709"}],"curies":[{"name":"wp","href":"https:\/\/api.w.org\/{rel}","templated":true}]}}