{"id":74767,"date":"2025-10-05T20:47:12","date_gmt":"2025-10-05T17:47:12","guid":{"rendered":"https:\/\/kidsplay.lt\/?post_type=product&#038;p=74767"},"modified":"2025-10-05T20:47:12","modified_gmt":"2025-10-05T17:47:12","slug":"helovino-kostiumas-raganos-siksnosparnis","status":"publish","type":"product","link":"https:\/\/kidsplay.lt\/lv\/products\/helovino-kostiumas-raganos-siksnosparnis\/","title":{"rendered":"Helov\u012bna kost\u012bms ragana siksp\u0101rnis"},"content":{"rendered":"<div class=\"mpof_ki myre_zn myre_8v_l m389_6m_l\">\n<div class=\"mp4t_16_s mryx_16_s mr3m_1 mli2_1 mh85_56 mh85_0_l\">\n<div class=\"mgn2_16 _0d3bd_am0a-\">\n<h1><span dir=\"auto\">\u2b50 6 dali\u0173 rinkin\u012f sudaro:<\/span><\/h1>\n<ol>\n<li><b><span dir=\"auto\">galvos juosta su \u0161ik\u0161nosparniais<\/span><\/b><\/li>\n<li><b><span dir=\"auto\">baleto sijonas su violetiniais \u017evilgan\u010diais voratinkliais ir vorais<\/span><\/b><\/li>\n<li><b><span dir=\"auto\">\u0161ik\u0161nosparni\u0173 sparnai ant gumini\u0173 juost\u0173<\/span><\/b><\/li>\n<li><b><span dir=\"auto\">\u0161ik\u0161nosparnio lazdel\u0117<\/span><\/b><\/li>\n<li><b><span dir=\"auto\">saldaini\u0173 krep\u0161elis<\/span><\/b><\/li>\n<li><b><span dir=\"auto\">violetin\u0117 skryb\u0117l\u0117s segtukas<\/span><\/b><\/li>\n<\/ol>\n<h2><span dir=\"auto\">Puikus kostiumas vakar\u0117liams, Helovinui, karnavalo baliams, pasirodymams, moli\u016bg\u0173 festivaliams, teminiams gimtadieniams ir kasdien\u0117ms pramogoms.<\/span><\/h2>\n<h2><span dir=\"auto\">Rinkinys taip pat puikiai tinka kaip dovana.<\/span><\/h2>\n<h2><span dir=\"auto\">6 dali\u0173 rinkin\u012f sudaro 2 sluoksni\u0173 sijonas-balta suknel\u0117 + galvos juosta + lazdel\u0117 + sparnai + krep\u0161elis + plauk\u0173 segtukas<\/span><\/h2>\n<p><b><span dir=\"auto\">\u2705 Kostiumas turi CE \u017eenkl\u0105 \u2013 saugos sertifikat\u0105.<\/span><\/b><\/p>\n<\/div>\n<\/div>\n<\/div>\n<div class=\"mpof_ki myre_zn myre_8v_l m389_6m_l\">\n<div class=\"mp4t_16_s mryx_16_s mr3m_1 mli2_1 mh85_56 mh85_0_l\">\n<div class=\"mg9e_8 mj7a_8 mg9e_0_s mvrt_0_s mj7a_0_s mh36_0_s mzmg_6m munh_16_l m3h2_16_l\">\n<div class=\"mp4t_0 mryx_0 munh_56 m3h2_56\">\n<div class=\"mp7g_oh\"><button class=\"mg9e_0 mvrt_0 mj7a_0 mh36_0 mp4t_0 m3h2_0 mryx_0 munh_0 mqen_m6 mpof_z0 mx7m_0 m7er_k4 mse2_k4 msts_pt\" data-analytics-interaction=\"true\" data-analytics-interaction-label=\"zoomable-image-open\" aria-disabled=\"true\"><img decoding=\"async\" class=\"msub_k4 mupj_5k mjru_k4 mse2_k4 mp7g_f6 mq1m_0 mj7u_0 m7er_k4 mqen_m6 m31c_d8 m0ux_fp lazyloaded\" src=\"https:\/\/a.allegroimg.com\/original\/11e5c1\/53b43266498a8aa1974108f18353\/HALLOWEEN-STROJ-CZAROWNICY-NIETOPERZ-PAJECZARKA-DYNI-NA-BAL-KOSTIUM-KOSZYK-EAN-GTIN-5906468995962\" sizes=\"(min-width: 1200px) 560px, (min-width: 992px) 50vw, 100vw\" srcset=\"https:\/\/a.allegroimg.com\/s360\/11e5c1\/53b43266498a8aa1974108f18353\/HALLOWEEN-STROJ-CZAROWNICY-NIETOPERZ-PAJECZARKA-DYNI-NA-BAL-KOSTIUM-KOSZYK-EAN-GTIN-5906468995962 360w,https:\/\/a.allegroimg.com\/s720\/11e5c1\/53b43266498a8aa1974108f18353\/HALLOWEEN-STROJ-CZAROWNICY-NIETOPERZ-PAJECZARKA-DYNI-NA-BAL-KOSTIUM-KOSZYK-EAN-GTIN-5906468995962 720w,https:\/\/a.allegroimg.com\/s1024\/11e5c1\/53b43266498a8aa1974108f18353\/HALLOWEEN-STROJ-CZAROWNICY-NIETOPERZ-PAJECZARKA-DYNI-NA-BAL-KOSTIUM-KOSZYK-EAN-GTIN-5906468995962 1024w,https:\/\/a.allegroimg.com\/s1440\/11e5c1\/53b43266498a8aa1974108f18353\/HALLOWEEN-STROJ-CZAROWNICY-NIETOPERZ-PAJECZARKA-DYNI-NA-BAL-KOSTIUM-KOSZYK-EAN-GTIN-5906468995962 1440w,https:\/\/a.allegroimg.com\/original\/11e5c1\/53b43266498a8aa1974108f18353\/HALLOWEEN-STROJ-CZAROWNICY-NIETOPERZ-PAJECZARKA-DYNI-NA-BAL-KOSTIUM-KOSZYK-EAN-GTIN-5906468995962 2560w\" alt=\"Helovino kostiumas: Raganos, \u0161ik\u0161nosparnio, voro, moli\u016bgo kostiumas + krep\u0161elis. EAN (GTIN) 5906468995962\" width=\"2560px\" data-srcset=\"\" \/><\/button><\/div>\n<\/div>\n<\/div>\n<\/div>\n<div class=\"mp4t_16_s mryx_16_s mr3m_1 mli2_1 mh85_56 mh85_0_l\">\n<div class=\"mgn2_16 _0d3bd_am0a-\">\n<h1><span dir=\"auto\">LABAI DIDELIS 6 DALI\u0172 RINKINYS<\/span><\/h1>\n<p><b><span dir=\"auto\">\u2705Sijonas:<\/span><\/b><span dir=\"auto\">\u00a0sijon\u0117lis, dvisluoksnis sijon\u0117lis, platus, gra\u017eiai i\u0161d\u0117liotas, \u017e\u0117rintis violetiniais voratinkliais, apsi\u016btas violetine atlasine juostele.<\/span><\/p>\n<ul>\n<li><span dir=\"auto\">Ilgis: 33 cm, juosmens plotis: 21 cm, tampri sijono juosta tempiasi nuo 36 cm iki 98 cm<\/span><\/li>\n<\/ul>\n<p><b><span dir=\"auto\">\u2705Sparnai:<\/span><\/b><span dir=\"auto\">\u00a0plat\u016bs \u0161ik\u0161nosparnio sparnai, \u017e\u0117rintys violetiniais blizgu\u010diais, pritvirtinti prie patogi\u0173 gumy\u010di\u0173, vieno dyd\u017eio, tinka visiems<\/span><\/p>\n<ul>\n<li><span dir=\"auto\">Bendras ilgis 61 cm, plotis 22 cm.<\/span><\/li>\n<\/ul>\n<p><b><span dir=\"auto\">\u2705Galvos juosta<\/span><\/b><span dir=\"auto\">\u00a0: papuo\u0161ta dviem \u0161ik\u0161nosparniais, \u017evilgan\u010diomis ir p\u016bkuotomis plunksnomis, vienas dydis tinka visiems.<\/span><\/p>\n<p><b><span dir=\"auto\">\u2705Lazdel\u0117:<\/span><\/b><span dir=\"auto\">\u00a0papuo\u0161ta \u017evilgan\u010diu \u0161ik\u0161nosparniu ir dviem juostel\u0117mis,<\/span><\/p>\n<ul>\n<li><span dir=\"auto\">ilgis apie 35 cm.<\/span><\/li>\n<\/ul>\n<p><b><span dir=\"auto\">\u2705 Saldaini\u0173 krep\u0161elis<\/span><\/b><\/p>\n<ul>\n<li><span dir=\"auto\">bendras ilgis 28 cm, plotis 20 cm, paties krep\u0161io ilgis 13 cm<\/span><\/li>\n<\/ul>\n<p><b><span dir=\"auto\">\u2705 Spicenczka: dekoratyvin\u0117 m\u0117lyn\u0117 raganos skryb\u0117l\u0117s formos<\/span><\/b><\/p>\n<p><b><span dir=\"auto\">Puikus kostiumas Helovinui, taip pat teminiams vakar\u0117liams, kostium\u0173 vakar\u0117liams, gimtadieniams, teminiams vakar\u0117liams ir karnavalams.<\/span><\/b><\/p>\n<\/div>\n<\/div>\n<\/div>\n<div class=\"mpof_ki myre_zn myre_8v_l m389_6m_l\">\n<div class=\"mp4t_16_s mryx_16_s mr3m_1 mli2_1 mh85_56 mh85_0_l\">\n<div class=\"mg9e_8 mj7a_8 mg9e_0_s mvrt_0_s mj7a_0_s mh36_0_s mzmg_6m munh_16_l m3h2_16_l\">\n<div class=\"mp4t_0 mryx_0 munh_56 m3h2_56\">\n<div class=\"mp7g_oh\"><button class=\"mg9e_0 mvrt_0 mj7a_0 mh36_0 mp4t_0 m3h2_0 mryx_0 munh_0 mqen_m6 mpof_z0 mx7m_0 m7er_k4 mse2_k4 msts_pt\" data-analytics-interaction=\"true\" data-analytics-interaction-label=\"zoomable-image-open\" aria-disabled=\"true\"><img decoding=\"async\" class=\"msub_k4 mupj_5k mjru_k4 mse2_k4 mp7g_f6 mq1m_0 mj7u_0 m7er_k4 mqen_m6 m31c_d8 m0ux_fp lazyloaded\" src=\"https:\/\/a.allegroimg.com\/original\/11db62\/5ae07041445681f63a34e4dac721\/HALLOWEEN-STROJ-CZAROWNICY-NIETOPERZ-PAJECZARKA-DYNI-NA-BAL-KOSTIUM-KOSZYK-Kolor-fioletowy\" sizes=\"(min-width: 1200px) 560px, (min-width: 992px) 50vw, 100vw\" srcset=\"https:\/\/a.allegroimg.com\/s360\/11db62\/5ae07041445681f63a34e4dac721\/HALLOWEEN-STROJ-CZAROWNICY-NIETOPERZ-PAJECZARKA-DYNI-NA-BAL-KOSTIUM-KOSZYK-Kolor-fioletowy 360w,https:\/\/a.allegroimg.com\/s720\/11db62\/5ae07041445681f63a34e4dac721\/HALLOWEEN-STROJ-CZAROWNICY-NIETOPERZ-PAJECZARKA-DYNI-NA-BAL-KOSTIUM-KOSZYK-Kolor-fioletowy 720w,https:\/\/a.allegroimg.com\/s1024\/11db62\/5ae07041445681f63a34e4dac721\/HALLOWEEN-STROJ-CZAROWNICY-NIETOPERZ-PAJECZARKA-DYNI-NA-BAL-KOSTIUM-KOSZYK-Kolor-fioletowy 1024w,https:\/\/a.allegroimg.com\/s1440\/11db62\/5ae07041445681f63a34e4dac721\/HALLOWEEN-STROJ-CZAROWNICY-NIETOPERZ-PAJECZARKA-DYNI-NA-BAL-KOSTIUM-KOSZYK-Kolor-fioletowy 1440w,https:\/\/a.allegroimg.com\/original\/11db62\/5ae07041445681f63a34e4dac721\/HALLOWEEN-STROJ-CZAROWNICY-NIETOPERZ-PAJECZARKA-DYNI-NA-BAL-KOSTIUM-KOSZYK-Kolor-fioletowy 2560w\" alt=\"HALLOWEEN STR\u00d3J CZAROWNICY NIETOPERZ PAJ\u0118CZARKA DYNI NA BAL KOSTIUM+ KOSZYK Kolor fioletowy\" width=\"2560px\" data-srcset=\"\" \/><\/button><\/div>\n<\/div>\n<\/div>\n<\/div>\n<div class=\"mp4t_16_s mryx_16_s mr3m_1 mli2_1 mh85_56 mh85_0_l\">\n<div class=\"mgn2_16 _0d3bd_am0a-\">\n<h1><span dir=\"auto\">\u2b50 Moli\u016bgo \/ Raganos \/ Burtininko \/ Voro kostiumas<\/span><\/h1>\n<p><b><span dir=\"auto\">\u2705\u00a0<\/span><\/b><span dir=\"auto\">\u00a0Ry\u0161kios spalvos, labai patogus drabu\u017eis, nevar\u017eo judesi\u0173.<\/span><\/p>\n<p><b><span dir=\"auto\">\u2705<\/span><\/b><span dir=\"auto\">\u00a06 dali\u0173 rinkinys leid\u017eia transformuotis \u012f vor\u0105\/\u0161ik\u0161nosparn\u012f\/ragan\u0105\/ragan\u0105.<\/span><\/p>\n<p><b><span dir=\"auto\">\u2705<\/span><\/b><span dir=\"auto\">\u00a0Komplekt\u0105 sudaro sijonas, dera galvos juosta, sparnai, burt\u0173 lazdel\u0117, krep\u0161elis ir plauk\u0173 segtukas.<\/span><\/p>\n<\/div>\n<\/div>\n<\/div>","protected":false},"excerpt":{"rendered":"<p>\u2b50 6 dali\u0173 rinkin\u012f sudaro: galvos juosta su \u0161ik\u0161nosparniais baleto sijonas su violetiniais \u017evilgan\u010diais voratinkliais ir vorais \u0161ik\u0161nosparni\u0173 sparnai ant<\/p>","protected":false},"featured_media":74768,"template":"","meta":{"_acf_changed":false,"_glsr_average":0,"_glsr_ranking":0,"_glsr_reviews":0},"product_brand":[],"product_cat":[687,372],"product_tag":[],"class_list":{"0":"post-74767","1":"product","2":"type-product","3":"status-publish","4":"has-post-thumbnail","6":"product_cat-svenciu-kostiumai","7":"product_cat-vaiku-sventems","8":"\"style=\"background-color: #2ecc711c;\"","10":"first","11":"instock","12":"shipping-taxable","13":"purchasable","14":"product-type-variable"},"acf":[],"yoast_head":"<!-- This site is optimized with the Yoast SEO plugin v27.4 - https:\/\/yoast.com\/product\/yoast-seo-wordpress\/ -->\n<title>Helovino kostiumas raganos \u0161ik\u0161nosparnis - KidsPlay<\/title>\n<meta name=\"description\" content=\"Helovino kostiumas raganos \u0161ik\u0161nosparnis - KidsPlay. Did\u017eiausias vaik\u0173 \u017eaisl\u0173 pasirinkimas.\" \/>\n<meta name=\"robots\" content=\"index, follow, max-snippet:-1, max-image-preview:large, max-video-preview:-1\" \/>\n<link rel=\"canonical\" href=\"https:\/\/kidsplay.lt\/lv\/products\/helovino-kostiumas-raganos-siksnosparnis\/\" \/>\n<meta property=\"og:locale\" content=\"lv_LV\" \/>\n<meta property=\"og:type\" content=\"article\" \/>\n<meta property=\"og:title\" content=\"Helovino kostiumas raganos \u0161ik\u0161nosparnis - KidsPlay\" \/>\n<meta property=\"og:description\" content=\"Helovino kostiumas raganos \u0161ik\u0161nosparnis - KidsPlay. Did\u017eiausias vaik\u0173 \u017eaisl\u0173 pasirinkimas.\" \/>\n<meta property=\"og:url\" content=\"https:\/\/kidsplay.lt\/lv\/products\/helovino-kostiumas-raganos-siksnosparnis\/\" \/>\n<meta property=\"og:site_name\" content=\"KidsPlay\" \/>\n<meta property=\"article:publisher\" content=\"https:\/\/www.facebook.com\/www.kidsplay.lt\" \/>\n<meta property=\"og:image\" content=\"https:\/\/kidsplay.lt\/wp-content\/uploads\/2025\/10\/Screenshot_545.png\" \/>\n\t<meta property=\"og:image:width\" content=\"551\" \/>\n\t<meta property=\"og:image:height\" content=\"454\" \/>\n\t<meta property=\"og:image:type\" content=\"image\/png\" \/>\n<meta name=\"twitter:card\" content=\"summary_large_image\" \/>\n<meta name=\"twitter:label1\" content=\"Est. reading time\" \/>\n\t<meta name=\"twitter:data1\" content=\"2 min\u016btes\" \/>\n<script type=\"application\/ld+json\" class=\"yoast-schema-graph\">{\"@context\":\"https:\\\/\\\/schema.org\",\"@graph\":[{\"@type\":\"WebPage\",\"@id\":\"https:\\\/\\\/kidsplay.lt\\\/produktas\\\/helovino-kostiumas-raganos-siksnosparnis\\\/\",\"url\":\"https:\\\/\\\/kidsplay.lt\\\/produktas\\\/helovino-kostiumas-raganos-siksnosparnis\\\/\",\"name\":\"Helovino kostiumas raganos \u0161ik\u0161nosparnis - KidsPlay\",\"isPartOf\":{\"@id\":\"https:\\\/\\\/kidsplay.lt\\\/#website\"},\"primaryImageOfPage\":{\"@id\":\"https:\\\/\\\/kidsplay.lt\\\/produktas\\\/helovino-kostiumas-raganos-siksnosparnis\\\/#primaryimage\"},\"image\":{\"@id\":\"https:\\\/\\\/kidsplay.lt\\\/produktas\\\/helovino-kostiumas-raganos-siksnosparnis\\\/#primaryimage\"},\"thumbnailUrl\":\"https:\\\/\\\/kidsplay.lt\\\/wp-content\\\/uploads\\\/2025\\\/10\\\/Screenshot_545.png\",\"datePublished\":\"2025-10-05T17:47:12+00:00\",\"description\":\"Helovino kostiumas raganos \u0161ik\u0161nosparnis - KidsPlay. Did\u017eiausias vaik\u0173 \u017eaisl\u0173 pasirinkimas.\",\"breadcrumb\":{\"@id\":\"https:\\\/\\\/kidsplay.lt\\\/produktas\\\/helovino-kostiumas-raganos-siksnosparnis\\\/#breadcrumb\"},\"inLanguage\":\"lv-LV\",\"potentialAction\":[{\"@type\":\"ReadAction\",\"target\":[\"https:\\\/\\\/kidsplay.lt\\\/produktas\\\/helovino-kostiumas-raganos-siksnosparnis\\\/\"]}]},{\"@type\":\"ImageObject\",\"inLanguage\":\"lv-LV\",\"@id\":\"https:\\\/\\\/kidsplay.lt\\\/produktas\\\/helovino-kostiumas-raganos-siksnosparnis\\\/#primaryimage\",\"url\":\"https:\\\/\\\/kidsplay.lt\\\/wp-content\\\/uploads\\\/2025\\\/10\\\/Screenshot_545.png\",\"contentUrl\":\"https:\\\/\\\/kidsplay.lt\\\/wp-content\\\/uploads\\\/2025\\\/10\\\/Screenshot_545.png\",\"width\":551,\"height\":454},{\"@type\":\"BreadcrumbList\",\"@id\":\"https:\\\/\\\/kidsplay.lt\\\/produktas\\\/helovino-kostiumas-raganos-siksnosparnis\\\/#breadcrumb\",\"itemListElement\":[{\"@type\":\"ListItem\",\"position\":1,\"name\":\"Pagrindinis\",\"item\":\"https:\\\/\\\/kidsplay.lt\\\/\"},{\"@type\":\"ListItem\",\"position\":2,\"name\":\"Parduotuv\u0117\",\"item\":\"https:\\\/\\\/kidsplay.lt\\\/parduotuve\\\/\"},{\"@type\":\"ListItem\",\"position\":3,\"name\":\"Helovino kostiumas raganos \u0161ik\u0161nosparnis\"}]},{\"@type\":\"WebSite\",\"@id\":\"https:\\\/\\\/kidsplay.lt\\\/#website\",\"url\":\"https:\\\/\\\/kidsplay.lt\\\/\",\"name\":\"Kidsplay.lt\",\"description\":\"\u012evairios prek\u0117s vaikams\",\"publisher\":{\"@id\":\"https:\\\/\\\/kidsplay.lt\\\/#organization\"},\"alternateName\":\"Kidsplay\",\"potentialAction\":[{\"@type\":\"SearchAction\",\"target\":{\"@type\":\"EntryPoint\",\"urlTemplate\":\"https:\\\/\\\/kidsplay.lt\\\/?s={search_term_string}\"},\"query-input\":{\"@type\":\"PropertyValueSpecification\",\"valueRequired\":true,\"valueName\":\"search_term_string\"}}],\"inLanguage\":\"lv-LV\"},{\"@type\":\"Organization\",\"@id\":\"https:\\\/\\\/kidsplay.lt\\\/#organization\",\"name\":\"KidsPlay\",\"url\":\"https:\\\/\\\/kidsplay.lt\\\/\",\"logo\":{\"@type\":\"ImageObject\",\"inLanguage\":\"lv-LV\",\"@id\":\"https:\\\/\\\/kidsplay.lt\\\/#\\\/schema\\\/logo\\\/image\\\/\",\"url\":\"https:\\\/\\\/kidsplay.lt\\\/wp-content\\\/uploads\\\/2023\\\/07\\\/kidsplay-logo.png\",\"contentUrl\":\"https:\\\/\\\/kidsplay.lt\\\/wp-content\\\/uploads\\\/2023\\\/07\\\/kidsplay-logo.png\",\"width\":451,\"height\":98,\"caption\":\"KidsPlay\"},\"image\":{\"@id\":\"https:\\\/\\\/kidsplay.lt\\\/#\\\/schema\\\/logo\\\/image\\\/\"},\"sameAs\":[\"https:\\\/\\\/www.facebook.com\\\/www.kidsplay.lt\"]}]}<\/script>\n<!-- \/ Yoast SEO plugin. -->","yoast_head_json":{"title":"Helovino kostiumas raganos \u0161ik\u0161nosparnis - KidsPlay","description":"Helovino kostiumas raganos \u0161ik\u0161nosparnis - KidsPlay. Did\u017eiausias vaik\u0173 \u017eaisl\u0173 pasirinkimas.","robots":{"index":"index","follow":"follow","max-snippet":"max-snippet:-1","max-image-preview":"max-image-preview:large","max-video-preview":"max-video-preview:-1"},"canonical":"https:\/\/kidsplay.lt\/lv\/products\/helovino-kostiumas-raganos-siksnosparnis\/","og_locale":"lv_LV","og_type":"article","og_title":"Helovino kostiumas raganos \u0161ik\u0161nosparnis - KidsPlay","og_description":"Helovino kostiumas raganos \u0161ik\u0161nosparnis - KidsPlay. Did\u017eiausias vaik\u0173 \u017eaisl\u0173 pasirinkimas.","og_url":"https:\/\/kidsplay.lt\/lv\/products\/helovino-kostiumas-raganos-siksnosparnis\/","og_site_name":"KidsPlay","article_publisher":"https:\/\/www.facebook.com\/www.kidsplay.lt","og_image":[{"width":551,"height":454,"url":"https:\/\/kidsplay.lt\/wp-content\/uploads\/2025\/10\/Screenshot_545.png","type":"image\/png"}],"twitter_card":"summary_large_image","twitter_misc":{"Est. reading time":"2 min\u016btes"},"schema":{"@context":"https:\/\/schema.org","@graph":[{"@type":"WebPage","@id":"https:\/\/kidsplay.lt\/produktas\/helovino-kostiumas-raganos-siksnosparnis\/","url":"https:\/\/kidsplay.lt\/produktas\/helovino-kostiumas-raganos-siksnosparnis\/","name":"Helovino kostiumas raganos \u0161ik\u0161nosparnis - KidsPlay","isPartOf":{"@id":"https:\/\/kidsplay.lt\/#website"},"primaryImageOfPage":{"@id":"https:\/\/kidsplay.lt\/produktas\/helovino-kostiumas-raganos-siksnosparnis\/#primaryimage"},"image":{"@id":"https:\/\/kidsplay.lt\/produktas\/helovino-kostiumas-raganos-siksnosparnis\/#primaryimage"},"thumbnailUrl":"https:\/\/kidsplay.lt\/wp-content\/uploads\/2025\/10\/Screenshot_545.png","datePublished":"2025-10-05T17:47:12+00:00","description":"Helovino kostiumas raganos \u0161ik\u0161nosparnis - KidsPlay. Did\u017eiausias vaik\u0173 \u017eaisl\u0173 pasirinkimas.","breadcrumb":{"@id":"https:\/\/kidsplay.lt\/produktas\/helovino-kostiumas-raganos-siksnosparnis\/#breadcrumb"},"inLanguage":"lv-LV","potentialAction":[{"@type":"ReadAction","target":["https:\/\/kidsplay.lt\/produktas\/helovino-kostiumas-raganos-siksnosparnis\/"]}]},{"@type":"ImageObject","inLanguage":"lv-LV","@id":"https:\/\/kidsplay.lt\/produktas\/helovino-kostiumas-raganos-siksnosparnis\/#primaryimage","url":"https:\/\/kidsplay.lt\/wp-content\/uploads\/2025\/10\/Screenshot_545.png","contentUrl":"https:\/\/kidsplay.lt\/wp-content\/uploads\/2025\/10\/Screenshot_545.png","width":551,"height":454},{"@type":"BreadcrumbList","@id":"https:\/\/kidsplay.lt\/produktas\/helovino-kostiumas-raganos-siksnosparnis\/#breadcrumb","itemListElement":[{"@type":"ListItem","position":1,"name":"Pagrindinis","item":"https:\/\/kidsplay.lt\/"},{"@type":"ListItem","position":2,"name":"Parduotuv\u0117","item":"https:\/\/kidsplay.lt\/parduotuve\/"},{"@type":"ListItem","position":3,"name":"Helovino kostiumas raganos \u0161ik\u0161nosparnis"}]},{"@type":"WebSite","@id":"https:\/\/kidsplay.lt\/#website","url":"https:\/\/kidsplay.lt\/","name":"B\u0113rnu sp\u0113les.lv","description":"\u012evairios prek\u0117s vaikams","publisher":{"@id":"https:\/\/kidsplay.lt\/#organization"},"alternateName":"Kidsplay","potentialAction":[{"@type":"SearchAction","target":{"@type":"EntryPoint","urlTemplate":"https:\/\/kidsplay.lt\/?s={search_term_string}"},"query-input":{"@type":"PropertyValueSpecification","valueRequired":true,"valueName":"search_term_string"}}],"inLanguage":"lv-LV"},{"@type":"Organization","@id":"https:\/\/kidsplay.lt\/#organization","name":"B\u0113rnu sp\u0113le","url":"https:\/\/kidsplay.lt\/","logo":{"@type":"ImageObject","inLanguage":"lv-LV","@id":"https:\/\/kidsplay.lt\/#\/schema\/logo\/image\/","url":"https:\/\/kidsplay.lt\/wp-content\/uploads\/2023\/07\/kidsplay-logo.png","contentUrl":"https:\/\/kidsplay.lt\/wp-content\/uploads\/2023\/07\/kidsplay-logo.png","width":451,"height":98,"caption":"KidsPlay"},"image":{"@id":"https:\/\/kidsplay.lt\/#\/schema\/logo\/image\/"},"sameAs":["https:\/\/www.facebook.com\/www.kidsplay.lt"]}]}},"_links":{"self":[{"href":"https:\/\/kidsplay.lt\/lv\/wp-json\/wp\/v2\/product\/74767","targetHints":{"allow":["GET"]}}],"collection":[{"href":"https:\/\/kidsplay.lt\/lv\/wp-json\/wp\/v2\/product"}],"about":[{"href":"https:\/\/kidsplay.lt\/lv\/wp-json\/wp\/v2\/types\/product"}],"version-history":[{"count":1,"href":"https:\/\/kidsplay.lt\/lv\/wp-json\/wp\/v2\/product\/74767\/revisions"}],"predecessor-version":[{"id":74776,"href":"https:\/\/kidsplay.lt\/lv\/wp-json\/wp\/v2\/product\/74767\/revisions\/74776"}],"wp:featuredmedia":[{"embeddable":true,"href":"https:\/\/kidsplay.lt\/lv\/wp-json\/wp\/v2\/media\/74768"}],"wp:attachment":[{"href":"https:\/\/kidsplay.lt\/lv\/wp-json\/wp\/v2\/media?parent=74767"}],"wp:term":[{"taxonomy":"product_brand","embeddable":true,"href":"https:\/\/kidsplay.lt\/lv\/wp-json\/wp\/v2\/product_brand?post=74767"},{"taxonomy":"product_cat","embeddable":true,"href":"https:\/\/kidsplay.lt\/lv\/wp-json\/wp\/v2\/product_cat?post=74767"},{"taxonomy":"product_tag","embeddable":true,"href":"https:\/\/kidsplay.lt\/lv\/wp-json\/wp\/v2\/product_tag?post=74767"}],"curies":[{"name":"wp","href":"https:\/\/api.w.org\/{rel}","templated":true}]}}