{"id":74777,"date":"2025-10-05T20:54:21","date_gmt":"2025-10-05T17:54:21","guid":{"rendered":"https:\/\/kidsplay.lt\/?post_type=product&#038;p=74777"},"modified":"2025-10-05T20:54:21","modified_gmt":"2025-10-05T17:54:21","slug":"zombio-skeleto-maluno-kostiumas","status":"publish","type":"product","link":"https:\/\/kidsplay.lt\/lv\/product\/zombio-skeleto-maluno-kostiumas\/","title":{"rendered":"Zombio skeleto mal\u016bno kostiumas"},"content":{"rendered":"<div class=\"mpof_ki myre_zn myre_8v_l m389_6m_l\">\n<div class=\"mp4t_16_s mryx_16_s mr3m_1 mli2_1 mh85_56 mh85_0_l\">\n<div class=\"mgn2_16 _0d3bd_am0a-\">\n<h2><span dir=\"auto\">\u2620\ud83d\udc80MIRTIS SU DALIUMI \/ PJOV\u0116JA \/ PJOV\u0116JA \/ ZOMBIO \/ BAISIOJO SKELETO KOSTIUMAS \u2013 TAMSOJE \u0160VIE\u010cIANTIS HELOVYNO KOSTIUMAS SUAUGUSIESIEMS \ud83d\udda4<\/span><\/h2>\n<h2><span dir=\"auto\">\u27a1\ufe0f Siaubingas Mirties su dalgiu kostiumas leis j\u016bs\u0173 vaikui \u012fsijausti \u012f Ni\u016briojo Pjov\u0117jo, Vaiduokli\u0161ko Skeleto ar Zombio vaidmen\u012f \u2013 jis i\u0161tikimai perteikia tamsi\u0105j\u0105 ir paslapting\u0105 persona\u017eo prigimt\u012f, garantuodamas nepamir\u0161tam\u0105 \u012fsp\u016bd\u012f bet kuriame kostium\u0173 vakar\u0117lyje.<\/span><\/h2>\n<h2><span dir=\"auto\">\ud83d\udc80\ud83d\udc80 RINKIN\u012e \u012eSKAI\u010cIUOTA:<\/span><\/h2>\n<p><span dir=\"auto\">\u2714\ufe0f\u00a0<\/span><b><span dir=\"auto\">Ilgas juodas chalatas<\/span><\/b><span dir=\"auto\">\u00a0su pritvirtintu gobtuvu ir kauke<\/span><\/p>\n<p><span dir=\"auto\">\u2714\ufe0f\u00a0Skeleto ra\u0161to\u00a0<\/span><b><span dir=\"auto\">pir\u0161tin\u0117s<\/span><\/b><\/p>\n<p><span dir=\"auto\">\u2714\ufe0f\u00a0<\/span><b><span dir=\"auto\">Sulankstomas dalgis<\/span><\/b><span dir=\"auto\">\u00a0\u00a0\u2013 lengvas, lengvai surenkamas<\/span><\/p>\n<p><b><span dir=\"auto\">\u2705 Kostiumas turi CE \u017eenkl\u0105 \u2013 saugos sertifikat\u0105.<\/span><\/b><\/p>\n<p><b><span dir=\"auto\">\u2764\ufe0f Tinka \u016bgiui nuo 164 iki 170 cm (155 pagal etiket\u0119)<\/span><\/b><\/p>\n<\/div>\n<\/div>\n<\/div>\n<div class=\"mpof_ki myre_zn myre_8v_l m389_6m_l\">\n<div class=\"mp4t_16_s mryx_16_s mr3m_1 mli2_1 mh85_56 mh85_0_l\">\n<div class=\"mg9e_8 mj7a_8 mg9e_0_s mvrt_0_s mj7a_0_s mh36_0_s mzmg_6m munh_16_l m3h2_16_l\">\n<div class=\"mp4t_0 mryx_0 munh_56 m3h2_56\">\n<div class=\"mp7g_oh\"><button class=\"mg9e_0 mvrt_0 mj7a_0 mh36_0 mp4t_0 m3h2_0 mryx_0 munh_0 mqen_m6 mpof_z0 mx7m_0 m7er_k4 mse2_k4 msts_pt\" data-analytics-interaction=\"true\" data-analytics-interaction-label=\"zoomable-image-open\" aria-disabled=\"true\"><img decoding=\"async\" class=\"msub_k4 mupj_5k mjru_k4 mse2_k4 mp7g_f6 mq1m_0 mj7u_0 m7er_k4 mqen_m6 m31c_d8 m0ux_fp lazyloaded\" src=\"https:\/\/a.allegroimg.com\/original\/11a3c4\/8f4b7fa5467caf964a517800e545\/STROJ-SMIERCI-Z-KOSA-NA-HALLOWEEN-KOSTIUM-ZOMBIE-SZKIELET-KOSTUCHA-164-170-Marka-Bergens\" sizes=\"(min-width: 1200px) 560px, (min-width: 992px) 50vw, 100vw\" srcset=\"https:\/\/a.allegroimg.com\/s360\/11a3c4\/8f4b7fa5467caf964a517800e545\/STROJ-SMIERCI-Z-KOSA-NA-HALLOWEEN-KOSTIUM-ZOMBIE-SZKIELET-KOSTUCHA-164-170-Marka-Bergens 360w,https:\/\/a.allegroimg.com\/s720\/11a3c4\/8f4b7fa5467caf964a517800e545\/STROJ-SMIERCI-Z-KOSA-NA-HALLOWEEN-KOSTIUM-ZOMBIE-SZKIELET-KOSTUCHA-164-170-Marka-Bergens 720w,https:\/\/a.allegroimg.com\/s1024\/11a3c4\/8f4b7fa5467caf964a517800e545\/STROJ-SMIERCI-Z-KOSA-NA-HALLOWEEN-KOSTIUM-ZOMBIE-SZKIELET-KOSTUCHA-164-170-Marka-Bergens 1024w,https:\/\/a.allegroimg.com\/s1440\/11a3c4\/8f4b7fa5467caf964a517800e545\/STROJ-SMIERCI-Z-KOSA-NA-HALLOWEEN-KOSTIUM-ZOMBIE-SZKIELET-KOSTUCHA-164-170-Marka-Bergens 1440w,https:\/\/a.allegroimg.com\/original\/11a3c4\/8f4b7fa5467caf964a517800e545\/STROJ-SMIERCI-Z-KOSA-NA-HALLOWEEN-KOSTIUM-ZOMBIE-SZKIELET-KOSTUCHA-164-170-Marka-Bergens 2560w\" alt=\"STR\u00d3J \u015aMIERCI Z KOS\u0104 NA HALLOWEEN KOSTIUM ZOMBIE SZKIELET KOSTUCHA 164-170 Marka Bergens\" width=\"2560px\" data-srcset=\"\" \/><\/button><\/div>\n<\/div>\n<\/div>\n<\/div>\n<div class=\"mp4t_16_s mryx_16_s mr3m_1 mli2_1 mh85_56 mh85_0_l\">\n<div class=\"mgn2_16 _0d3bd_am0a-\">\n<h1><span dir=\"auto\">Komplekt\u0101 ietilpst:<\/span><\/h1>\n<p><span dir=\"auto\">\u2705\u00a0<\/span><b><span dir=\"auto\">Chalatas su gobtuvu ir kauke \u2013<\/span><\/b><span dir=\"auto\">\u00a0ilgas juodas chalatas su pritvirtintu\u00a0<\/span><b><span dir=\"auto\">gobtuvu ir kauke dengia vis\u0105 k\u016bn\u0105<\/span><\/b><span dir=\"auto\">\u00a0, galv\u0105 ir veid\u0105, sukurdamas visi\u0161kai \u0161iurp\u0173 vaizd\u0105. Akys yra\u00a0<\/span><b><span dir=\"auto\">i\u0161kirptos,<\/span><\/b><span dir=\"auto\">\u00a0kad b\u016bt\u0173 galima ai\u0161kiai matyti. Priklausomai nuo versijos, kauk\u0117\u00a0<\/span><b><span dir=\"auto\">tamsoje \u0161vie\u010dia fluorescencine \u017ealia spalva<\/span><\/b><span dir=\"auto\">\u00a0arba vaizduoja\u00a0<\/span><b><span dir=\"auto\">juodai balt\u0105 kaukol\u0119.<\/span><\/b><span dir=\"auto\">\u00a0Chalato apa\u010dia papuo\u0161ta pilkos spalvos ra\u0161tu, primenan\u010diu i\u0161 \u017eem\u0117s ky\u0161an\u010dias rankas ir antkapius, kurie sustiprina \u0161iurp\u0173 efekt\u0105.<\/span><\/p>\n<p><b><span dir=\"auto\">\u2705 Pir\u0161tin\u0117s \u2013<\/span><\/b><span dir=\"auto\">\u00a0juodos pir\u0161tin\u0117s u\u017ebaigia vis\u0105 aprangos \u012fvaizd\u012f. Tampri med\u017eiaga tvirtai priglunda prie vaiko rankos, o\u00a0<\/span><b><span dir=\"auto\">fluorescencinis kaulo ra\u0161tas,<\/span><\/b><span dir=\"auto\">\u00a0\u0161vie\u010diantis tamsoje, sustiprina tikro skeleto iliuzij\u0105. Tai vienas ry\u0161kiausi\u0173 rinkinio element\u0173, paliekantis didel\u012f \u012fsp\u016bd\u012f sutemus.<\/span><\/p>\n<p><span dir=\"auto\">\u2705\u00a0<\/span><b><span dir=\"auto\">Didelis dalgis<\/span><\/b><span dir=\"auto\">\u00a0\u00a0\u2013 sulankstomas dalgis yra esminis \u201eGrim Reaper\u201c atributas. Pagamintas i\u0161 lengvo ir saugaus plastiko, jis\u00a0<\/span><b><span dir=\"auto\">lengvai sulankstomas ir patogus laikyti.<\/span><\/b><\/p>\n<\/div>\n<\/div>\n<\/div>\n<div class=\"mpof_ki myre_zn myre_8v_l m389_6m_l\">\n<div class=\"mp4t_16_s mryx_16_s mr3m_1 mli2_1 mh85_56 mh85_0_l\">\n<div class=\"mg9e_8 mj7a_8 mg9e_0_s mvrt_0_s mj7a_0_s mh36_0_s mzmg_6m munh_16_l m3h2_16_l\">\n<div class=\"mp4t_0 mryx_0 munh_56 m3h2_56\">\n<div class=\"mp7g_oh\"><button class=\"mg9e_0 mvrt_0 mj7a_0 mh36_0 mp4t_0 m3h2_0 mryx_0 munh_0 mqen_m6 mpof_z0 mx7m_0 m7er_k4 mse2_k4 msts_pt\" data-analytics-interaction=\"true\" data-analytics-interaction-label=\"zoomable-image-open\" aria-disabled=\"true\"><img decoding=\"async\" class=\"msub_k4 mupj_5k mjru_k4 mse2_k4 mp7g_f6 mq1m_0 mj7u_0 m7er_k4 mqen_m6 m31c_d8 m0ux_fp lazyloaded\" src=\"https:\/\/a.allegroimg.com\/original\/116dee\/c1d751da4b92aacf4aa4520b4ffa\/STROJ-SMIERCI-Z-KOSA-NA-HALLOWEEN-KOSTIUM-ZOMBIE-SZKIELET-KOSTUCHA-164-170-EAN-GTIN-5904811720933\" sizes=\"(min-width: 1200px) 560px, (min-width: 992px) 50vw, 100vw\" srcset=\"https:\/\/a.allegroimg.com\/s360\/116dee\/c1d751da4b92aacf4aa4520b4ffa\/STROJ-SMIERCI-Z-KOSA-NA-HALLOWEEN-KOSTIUM-ZOMBIE-SZKIELET-KOSTUCHA-164-170-EAN-GTIN-5904811720933 360w,https:\/\/a.allegroimg.com\/s720\/116dee\/c1d751da4b92aacf4aa4520b4ffa\/STROJ-SMIERCI-Z-KOSA-NA-HALLOWEEN-KOSTIUM-ZOMBIE-SZKIELET-KOSTUCHA-164-170-EAN-GTIN-5904811720933 720w,https:\/\/a.allegroimg.com\/s1024\/116dee\/c1d751da4b92aacf4aa4520b4ffa\/STROJ-SMIERCI-Z-KOSA-NA-HALLOWEEN-KOSTIUM-ZOMBIE-SZKIELET-KOSTUCHA-164-170-EAN-GTIN-5904811720933 1024w,https:\/\/a.allegroimg.com\/s1440\/116dee\/c1d751da4b92aacf4aa4520b4ffa\/STROJ-SMIERCI-Z-KOSA-NA-HALLOWEEN-KOSTIUM-ZOMBIE-SZKIELET-KOSTUCHA-164-170-EAN-GTIN-5904811720933 1440w,https:\/\/a.allegroimg.com\/original\/116dee\/c1d751da4b92aacf4aa4520b4ffa\/STROJ-SMIERCI-Z-KOSA-NA-HALLOWEEN-KOSTIUM-ZOMBIE-SZKIELET-KOSTUCHA-164-170-EAN-GTIN-5904811720933 2560w\" alt=\"STR\u00d3J \u015aMIERCI Z KOS\u0104 NA HALLOWEEN KOSTIUM ZOMBIE SZKIELET KOSTUCHA 164-170 EAN (GTIN) 5904811720933\" width=\"2560px\" data-srcset=\"\" \/><\/button><\/div>\n<\/div>\n<\/div>\n<\/div>\n<div class=\"mp4t_16_s mryx_16_s mr3m_1 mli2_1 mh85_56 mh85_0_l\">\n<div class=\"mgn2_16 _0d3bd_am0a-\">\n<p><span dir=\"auto\">\u2728\u00a0<\/span><b><span dir=\"auto\">Fluorescencinis efektas \u2013 \u0161vie\u010dia tamsoje!<\/span><\/b><span dir=\"auto\">\u00a0\u2728<\/span><\/p>\n<p><span dir=\"auto\">\u2705 Kostiumas apr\u016bpintas\u00a0<\/span><b><span dir=\"auto\">fluorescenciniais ra\u0161tais<\/span><\/b><span dir=\"auto\">\u00a0ir kauk\u0117s bei pir\u0161tini\u0173 elementais, kurie, veikiami \u0161viesos, pradeda \u0161vyt\u0117ti tamsoje.<\/span><\/p>\n<p><span dir=\"auto\">\u2705 Vos keli\u0173 minu\u010di\u0173 \u0161viesiame kambaryje arba saul\u0117je pakanka, kad med\u017eiaga \u201e\u012fsikraut\u0173\u201c, o tada, sutemus,\u00a0<\/span><b><span dir=\"auto\">ji efektyviai ap\u0161vies \u017ealsvu \u0161vyt\u0117jimu.<\/span><\/b><\/p>\n<p><span dir=\"auto\">\u2705 D\u0117l to kostiumas \u012fgauna i\u0161skirtinai\u00a0<\/span><b><span dir=\"auto\">tikrovi\u0161k\u0105 ir tams\u0173<\/span><\/b><span dir=\"auto\">\u00a0charakter\u012f \u2013 puikiai pabr\u0117\u017eia Helovino, temini\u0173 vakar\u0117li\u0173 ar naktini\u0173 rengini\u0173 atmosfer\u0105 ir i\u0161skiria jus i\u0161 minios.<\/span><\/p>\n<\/div>\n<\/div>\n<\/div>\n<div class=\"mpof_ki myre_zn myre_8v_l m389_6m_l\">\n<div class=\"mp4t_16_s mryx_16_s mr3m_1 mli2_1 mh85_56 mh85_0_l\">\n<div class=\"mg9e_8 mj7a_8 mg9e_0_s mvrt_0_s mj7a_0_s mh36_0_s mzmg_6m munh_16_l m3h2_16_l\">\n<div class=\"mp4t_0 mryx_0 munh_56 m3h2_56\">\n<div class=\"mp7g_oh\"><button class=\"mg9e_0 mvrt_0 mj7a_0 mh36_0 mp4t_0 m3h2_0 mryx_0 munh_0 mqen_m6 mpof_z0 mx7m_0 m7er_k4 mse2_k4 msts_pt\" data-analytics-interaction=\"true\" data-analytics-interaction-label=\"zoomable-image-open\" aria-disabled=\"true\"><img decoding=\"async\" class=\"msub_k4 mupj_5k mjru_k4 mse2_k4 mp7g_f6 mq1m_0 mj7u_0 m7er_k4 mqen_m6 m31c_d8 m0ux_fp lazyloaded\" src=\"https:\/\/a.allegroimg.com\/original\/1156a0\/69f78f9b474fb88d5b31859c1752\/STROJ-SMIERCI-Z-KOSA-NA-HALLOWEEN-KOSTIUM-ZOMBIE-SZKIELET-KOSTUCHA-164-170-Postac-temat-zombie\" sizes=\"(min-width: 1200px) 560px, (min-width: 992px) 50vw, 100vw\" srcset=\"https:\/\/a.allegroimg.com\/s360\/1156a0\/69f78f9b474fb88d5b31859c1752\/STROJ-SMIERCI-Z-KOSA-NA-HALLOWEEN-KOSTIUM-ZOMBIE-SZKIELET-KOSTUCHA-164-170-Postac-temat-zombie 360w,https:\/\/a.allegroimg.com\/s720\/1156a0\/69f78f9b474fb88d5b31859c1752\/STROJ-SMIERCI-Z-KOSA-NA-HALLOWEEN-KOSTIUM-ZOMBIE-SZKIELET-KOSTUCHA-164-170-Postac-temat-zombie 720w,https:\/\/a.allegroimg.com\/s1024\/1156a0\/69f78f9b474fb88d5b31859c1752\/STROJ-SMIERCI-Z-KOSA-NA-HALLOWEEN-KOSTIUM-ZOMBIE-SZKIELET-KOSTUCHA-164-170-Postac-temat-zombie 1024w,https:\/\/a.allegroimg.com\/s1440\/1156a0\/69f78f9b474fb88d5b31859c1752\/STROJ-SMIERCI-Z-KOSA-NA-HALLOWEEN-KOSTIUM-ZOMBIE-SZKIELET-KOSTUCHA-164-170-Postac-temat-zombie 1440w,https:\/\/a.allegroimg.com\/original\/1156a0\/69f78f9b474fb88d5b31859c1752\/STROJ-SMIERCI-Z-KOSA-NA-HALLOWEEN-KOSTIUM-ZOMBIE-SZKIELET-KOSTUCHA-164-170-Postac-temat-zombie 1818w\" alt=\"STR\u00d3J \u015aMIERCI Z KOS\u0104 NA HALLOWEEN KOSTIUM ZOMBIE SZKIELET KOSTUCHA 164-170 Posta\u0107\/temat zombie\" width=\"1818px\" data-srcset=\"\" \/><\/button><\/div>\n<\/div>\n<\/div>\n<\/div>\n<div class=\"mp4t_16_s mryx_16_s mr3m_1 mli2_1 mh85_56 mh85_0_l\">\n<div class=\"mgn2_16 _0d3bd_am0a-\">\n<p><span dir=\"auto\">\u2694\ufe0f\u00a0<\/span><b><span dir=\"auto\">Ni\u016briojo Pjov\u0117jo Dalgis &#8211; Mirties atributas<\/span><\/b><span dir=\"auto\">\u00a0\u2694\ufe0f<\/span><\/p>\n<p><span dir=\"auto\">Dalgis yra b\u016btinas\u00a0<\/span><b><span dir=\"auto\">Mirties, Tamsos Princo arba Ni\u016briojo Pjov\u0117jo kostiumo atributas<\/span><\/b><span dir=\"auto\">\u00a0. Jis suteikia visam kostiumui dar tikrovi\u0161kesn\u012f ir tamsesn\u012f atspalv\u012f.<\/span><\/p>\n<p><span dir=\"auto\">\u2694\u2694\u00a0\u00a0\u00a0<\/span><b><span dir=\"auto\">Dalgio parametrai:<\/span><\/b><\/p>\n<ul>\n<li><span dir=\"auto\">bendras ilgis sulanks\u010dius: apie\u00a0<\/span><b><span dir=\"auto\">78,5 cm<\/span><\/b><\/li>\n<li><span dir=\"auto\">peilio ilgis: apie\u00a0<\/span><b><span dir=\"auto\">34 cm<\/span><\/b><\/li>\n<li><span dir=\"auto\">svoris: tik\u00a0<\/span><b><span dir=\"auto\">114 g<\/span><\/b><span dir=\"auto\">\u00a0\u2013 lengvas ir patogus naudoti<\/span><\/li>\n<\/ul>\n<p><span dir=\"auto\">\ufe0f\u00a0<\/span><b><span dir=\"auto\">Konstrukcija ir privalumai:<\/span><\/b><\/p>\n<ul>\n<li><span dir=\"auto\">Dalgis susideda i\u0161 keli\u0173 element\u0173, kuriuos galima greitai ir lengvai sujungti.<\/span><\/li>\n<li><span dir=\"auto\">Gele\u017et\u0117 sukurta taip, kad primint\u0173 sendint\u0105 metal\u0105, tod\u0117l atrodo realisti\u0161kai ir i\u0161lieka visi\u0161kai saugi.<\/span><\/li>\n<\/ul>\n<p><span dir=\"auto\">\u2705\u00a0\u00a0<\/span><b><span dir=\"auto\">Puikus papildymas Grim Reaper, Mirties ar kito \u0161iurpaus persona\u017eo kostiumui Helovinui ir kostium\u0173 vakar\u0117liams.<\/span><\/b><\/p>\n<\/div>\n<\/div>\n<\/div>","protected":false},"excerpt":{"rendered":"<p>\u2620\ud83d\udc80MIRTIS SU DALIUMI \/ PJOV\u0116JA \/ PJOV\u0116JA \/ ZOMBIO \/ BAISIOJO SKELETO KOSTIUMAS \u2013 TAMSOJE \u0160VIE\u010cIANTIS HELOVYNO KOSTIUMAS SUAUGUSIESIEMS \ud83d\udda4<\/p>","protected":false},"featured_media":74778,"template":"","meta":{"_acf_changed":false,"_glsr_average":0,"_glsr_ranking":0,"_glsr_reviews":0},"product_brand":[],"product_cat":[687,372],"product_tag":[],"class_list":{"0":"post-74777","1":"product","2":"type-product","3":"status-publish","4":"has-post-thumbnail","6":"product_cat-svenciu-kostiumai","7":"product_cat-vaiku-sventems","8":"\"style=\"background-color: #2ecc711c;\"","10":"first","11":"instock","12":"shipping-taxable","13":"purchasable","14":"product-type-variable"},"acf":[],"yoast_head":"<!-- This site is optimized with the Yoast SEO plugin v27.3 - https:\/\/yoast.com\/product\/yoast-seo-wordpress\/ -->\n<title>Zombio skeleto mal\u016bno kostiumas - KidsPlay<\/title>\n<meta name=\"description\" content=\"Zombio skeleto mal\u016bno kostiumas - KidsPlay. Did\u017eiausias vaik\u0173 \u017eaisl\u0173 pasirinkimas.\" \/>\n<meta name=\"robots\" content=\"index, follow, max-snippet:-1, max-image-preview:large, max-video-preview:-1\" \/>\n<link rel=\"canonical\" href=\"https:\/\/kidsplay.lt\/lv\/product\/zombio-skeleto-maluno-kostiumas\/\" \/>\n<meta property=\"og:locale\" content=\"lv_LV\" \/>\n<meta property=\"og:type\" content=\"article\" \/>\n<meta property=\"og:title\" content=\"Zombio skeleto mal\u016bno kostiumas - KidsPlay\" \/>\n<meta property=\"og:description\" content=\"Zombio skeleto mal\u016bno kostiumas - KidsPlay. Did\u017eiausias vaik\u0173 \u017eaisl\u0173 pasirinkimas.\" \/>\n<meta property=\"og:url\" content=\"https:\/\/kidsplay.lt\/lv\/product\/zombio-skeleto-maluno-kostiumas\/\" \/>\n<meta property=\"og:site_name\" content=\"KidsPlay\" \/>\n<meta property=\"article:publisher\" content=\"https:\/\/www.facebook.com\/www.kidsplay.lt\" \/>\n<meta property=\"og:image\" content=\"https:\/\/kidsplay.lt\/wp-content\/uploads\/2025\/10\/Screenshot_549.png\" \/>\n\t<meta property=\"og:image:width\" content=\"538\" \/>\n\t<meta property=\"og:image:height\" content=\"467\" \/>\n\t<meta property=\"og:image:type\" content=\"image\/png\" \/>\n<meta name=\"twitter:card\" content=\"summary_large_image\" \/>\n<meta name=\"twitter:label1\" content=\"Est. reading time\" \/>\n\t<meta name=\"twitter:data1\" content=\"3 min\u016btes\" \/>\n<script type=\"application\/ld+json\" class=\"yoast-schema-graph\">{\"@context\":\"https:\\\/\\\/schema.org\",\"@graph\":[{\"@type\":\"WebPage\",\"@id\":\"https:\\\/\\\/kidsplay.lt\\\/produktas\\\/zombio-skeleto-maluno-kostiumas\\\/\",\"url\":\"https:\\\/\\\/kidsplay.lt\\\/produktas\\\/zombio-skeleto-maluno-kostiumas\\\/\",\"name\":\"Zombio skeleto mal\u016bno kostiumas - KidsPlay\",\"isPartOf\":{\"@id\":\"https:\\\/\\\/kidsplay.lt\\\/#website\"},\"primaryImageOfPage\":{\"@id\":\"https:\\\/\\\/kidsplay.lt\\\/produktas\\\/zombio-skeleto-maluno-kostiumas\\\/#primaryimage\"},\"image\":{\"@id\":\"https:\\\/\\\/kidsplay.lt\\\/produktas\\\/zombio-skeleto-maluno-kostiumas\\\/#primaryimage\"},\"thumbnailUrl\":\"https:\\\/\\\/kidsplay.lt\\\/wp-content\\\/uploads\\\/2025\\\/10\\\/Screenshot_549.png\",\"datePublished\":\"2025-10-05T17:54:21+00:00\",\"description\":\"Zombio skeleto mal\u016bno kostiumas - KidsPlay. Did\u017eiausias vaik\u0173 \u017eaisl\u0173 pasirinkimas.\",\"breadcrumb\":{\"@id\":\"https:\\\/\\\/kidsplay.lt\\\/produktas\\\/zombio-skeleto-maluno-kostiumas\\\/#breadcrumb\"},\"inLanguage\":\"lv-LV\",\"potentialAction\":[{\"@type\":\"ReadAction\",\"target\":[\"https:\\\/\\\/kidsplay.lt\\\/produktas\\\/zombio-skeleto-maluno-kostiumas\\\/\"]}]},{\"@type\":\"ImageObject\",\"inLanguage\":\"lv-LV\",\"@id\":\"https:\\\/\\\/kidsplay.lt\\\/produktas\\\/zombio-skeleto-maluno-kostiumas\\\/#primaryimage\",\"url\":\"https:\\\/\\\/kidsplay.lt\\\/wp-content\\\/uploads\\\/2025\\\/10\\\/Screenshot_549.png\",\"contentUrl\":\"https:\\\/\\\/kidsplay.lt\\\/wp-content\\\/uploads\\\/2025\\\/10\\\/Screenshot_549.png\",\"width\":538,\"height\":467},{\"@type\":\"BreadcrumbList\",\"@id\":\"https:\\\/\\\/kidsplay.lt\\\/produktas\\\/zombio-skeleto-maluno-kostiumas\\\/#breadcrumb\",\"itemListElement\":[{\"@type\":\"ListItem\",\"position\":1,\"name\":\"Pagrindinis\",\"item\":\"https:\\\/\\\/kidsplay.lt\\\/\"},{\"@type\":\"ListItem\",\"position\":2,\"name\":\"Parduotuv\u0117\",\"item\":\"https:\\\/\\\/kidsplay.lt\\\/parduotuve\\\/\"},{\"@type\":\"ListItem\",\"position\":3,\"name\":\"Zombio skeleto mal\u016bno kostiumas\"}]},{\"@type\":\"WebSite\",\"@id\":\"https:\\\/\\\/kidsplay.lt\\\/#website\",\"url\":\"https:\\\/\\\/kidsplay.lt\\\/\",\"name\":\"Kidsplay.lt\",\"description\":\"\u012evairios prek\u0117s vaikams\",\"publisher\":{\"@id\":\"https:\\\/\\\/kidsplay.lt\\\/#organization\"},\"alternateName\":\"Kidsplay\",\"potentialAction\":[{\"@type\":\"SearchAction\",\"target\":{\"@type\":\"EntryPoint\",\"urlTemplate\":\"https:\\\/\\\/kidsplay.lt\\\/?s={search_term_string}\"},\"query-input\":{\"@type\":\"PropertyValueSpecification\",\"valueRequired\":true,\"valueName\":\"search_term_string\"}}],\"inLanguage\":\"lv-LV\"},{\"@type\":\"Organization\",\"@id\":\"https:\\\/\\\/kidsplay.lt\\\/#organization\",\"name\":\"KidsPlay\",\"url\":\"https:\\\/\\\/kidsplay.lt\\\/\",\"logo\":{\"@type\":\"ImageObject\",\"inLanguage\":\"lv-LV\",\"@id\":\"https:\\\/\\\/kidsplay.lt\\\/#\\\/schema\\\/logo\\\/image\\\/\",\"url\":\"https:\\\/\\\/kidsplay.lt\\\/wp-content\\\/uploads\\\/2023\\\/07\\\/kidsplay-logo.png\",\"contentUrl\":\"https:\\\/\\\/kidsplay.lt\\\/wp-content\\\/uploads\\\/2023\\\/07\\\/kidsplay-logo.png\",\"width\":451,\"height\":98,\"caption\":\"KidsPlay\"},\"image\":{\"@id\":\"https:\\\/\\\/kidsplay.lt\\\/#\\\/schema\\\/logo\\\/image\\\/\"},\"sameAs\":[\"https:\\\/\\\/www.facebook.com\\\/www.kidsplay.lt\"]}]}<\/script>\n<!-- \/ Yoast SEO plugin. -->","yoast_head_json":{"title":"Zombio skeleto mal\u016bno kostiumas - KidsPlay","description":"Zombio skeleto mal\u016bno kostiumas - KidsPlay. Did\u017eiausias vaik\u0173 \u017eaisl\u0173 pasirinkimas.","robots":{"index":"index","follow":"follow","max-snippet":"max-snippet:-1","max-image-preview":"max-image-preview:large","max-video-preview":"max-video-preview:-1"},"canonical":"https:\/\/kidsplay.lt\/lv\/product\/zombio-skeleto-maluno-kostiumas\/","og_locale":"lv_LV","og_type":"article","og_title":"Zombio skeleto mal\u016bno kostiumas - KidsPlay","og_description":"Zombio skeleto mal\u016bno kostiumas - KidsPlay. Did\u017eiausias vaik\u0173 \u017eaisl\u0173 pasirinkimas.","og_url":"https:\/\/kidsplay.lt\/lv\/product\/zombio-skeleto-maluno-kostiumas\/","og_site_name":"KidsPlay","article_publisher":"https:\/\/www.facebook.com\/www.kidsplay.lt","og_image":[{"width":538,"height":467,"url":"https:\/\/kidsplay.lt\/wp-content\/uploads\/2025\/10\/Screenshot_549.png","type":"image\/png"}],"twitter_card":"summary_large_image","twitter_misc":{"Est. reading time":"3 min\u016btes"},"schema":{"@context":"https:\/\/schema.org","@graph":[{"@type":"WebPage","@id":"https:\/\/kidsplay.lt\/produktas\/zombio-skeleto-maluno-kostiumas\/","url":"https:\/\/kidsplay.lt\/produktas\/zombio-skeleto-maluno-kostiumas\/","name":"Zombio skeleto mal\u016bno kostiumas - KidsPlay","isPartOf":{"@id":"https:\/\/kidsplay.lt\/#website"},"primaryImageOfPage":{"@id":"https:\/\/kidsplay.lt\/produktas\/zombio-skeleto-maluno-kostiumas\/#primaryimage"},"image":{"@id":"https:\/\/kidsplay.lt\/produktas\/zombio-skeleto-maluno-kostiumas\/#primaryimage"},"thumbnailUrl":"https:\/\/kidsplay.lt\/wp-content\/uploads\/2025\/10\/Screenshot_549.png","datePublished":"2025-10-05T17:54:21+00:00","description":"Zombio skeleto mal\u016bno kostiumas - KidsPlay. Did\u017eiausias vaik\u0173 \u017eaisl\u0173 pasirinkimas.","breadcrumb":{"@id":"https:\/\/kidsplay.lt\/produktas\/zombio-skeleto-maluno-kostiumas\/#breadcrumb"},"inLanguage":"lv-LV","potentialAction":[{"@type":"ReadAction","target":["https:\/\/kidsplay.lt\/produktas\/zombio-skeleto-maluno-kostiumas\/"]}]},{"@type":"ImageObject","inLanguage":"lv-LV","@id":"https:\/\/kidsplay.lt\/produktas\/zombio-skeleto-maluno-kostiumas\/#primaryimage","url":"https:\/\/kidsplay.lt\/wp-content\/uploads\/2025\/10\/Screenshot_549.png","contentUrl":"https:\/\/kidsplay.lt\/wp-content\/uploads\/2025\/10\/Screenshot_549.png","width":538,"height":467},{"@type":"BreadcrumbList","@id":"https:\/\/kidsplay.lt\/produktas\/zombio-skeleto-maluno-kostiumas\/#breadcrumb","itemListElement":[{"@type":"ListItem","position":1,"name":"Pagrindinis","item":"https:\/\/kidsplay.lt\/"},{"@type":"ListItem","position":2,"name":"Parduotuv\u0117","item":"https:\/\/kidsplay.lt\/parduotuve\/"},{"@type":"ListItem","position":3,"name":"Zombio skeleto mal\u016bno kostiumas"}]},{"@type":"WebSite","@id":"https:\/\/kidsplay.lt\/#website","url":"https:\/\/kidsplay.lt\/","name":"B\u0113rnu sp\u0113les.lv","description":"\u012evairios prek\u0117s vaikams","publisher":{"@id":"https:\/\/kidsplay.lt\/#organization"},"alternateName":"Kidsplay","potentialAction":[{"@type":"SearchAction","target":{"@type":"EntryPoint","urlTemplate":"https:\/\/kidsplay.lt\/?s={search_term_string}"},"query-input":{"@type":"PropertyValueSpecification","valueRequired":true,"valueName":"search_term_string"}}],"inLanguage":"lv-LV"},{"@type":"Organization","@id":"https:\/\/kidsplay.lt\/#organization","name":"B\u0113rnu sp\u0113le","url":"https:\/\/kidsplay.lt\/","logo":{"@type":"ImageObject","inLanguage":"lv-LV","@id":"https:\/\/kidsplay.lt\/#\/schema\/logo\/image\/","url":"https:\/\/kidsplay.lt\/wp-content\/uploads\/2023\/07\/kidsplay-logo.png","contentUrl":"https:\/\/kidsplay.lt\/wp-content\/uploads\/2023\/07\/kidsplay-logo.png","width":451,"height":98,"caption":"KidsPlay"},"image":{"@id":"https:\/\/kidsplay.lt\/#\/schema\/logo\/image\/"},"sameAs":["https:\/\/www.facebook.com\/www.kidsplay.lt"]}]}},"_links":{"self":[{"href":"https:\/\/kidsplay.lt\/lv\/wp-json\/wp\/v2\/product\/74777","targetHints":{"allow":["GET"]}}],"collection":[{"href":"https:\/\/kidsplay.lt\/lv\/wp-json\/wp\/v2\/product"}],"about":[{"href":"https:\/\/kidsplay.lt\/lv\/wp-json\/wp\/v2\/types\/product"}],"version-history":[{"count":1,"href":"https:\/\/kidsplay.lt\/lv\/wp-json\/wp\/v2\/product\/74777\/revisions"}],"predecessor-version":[{"id":74785,"href":"https:\/\/kidsplay.lt\/lv\/wp-json\/wp\/v2\/product\/74777\/revisions\/74785"}],"wp:featuredmedia":[{"embeddable":true,"href":"https:\/\/kidsplay.lt\/lv\/wp-json\/wp\/v2\/media\/74778"}],"wp:attachment":[{"href":"https:\/\/kidsplay.lt\/lv\/wp-json\/wp\/v2\/media?parent=74777"}],"wp:term":[{"taxonomy":"product_brand","embeddable":true,"href":"https:\/\/kidsplay.lt\/lv\/wp-json\/wp\/v2\/product_brand?post=74777"},{"taxonomy":"product_cat","embeddable":true,"href":"https:\/\/kidsplay.lt\/lv\/wp-json\/wp\/v2\/product_cat?post=74777"},{"taxonomy":"product_tag","embeddable":true,"href":"https:\/\/kidsplay.lt\/lv\/wp-json\/wp\/v2\/product_tag?post=74777"}],"curies":[{"name":"wp","href":"https:\/\/api.w.org\/{rel}","templated":true}]}}