{"id":74791,"date":"2025-10-05T21:01:14","date_gmt":"2025-10-05T18:01:14","guid":{"rendered":"https:\/\/kidsplay.lt\/?post_type=product&#038;p=74791"},"modified":"2025-12-29T20:46:40","modified_gmt":"2025-12-29T18:46:40","slug":"helovino-raganos-kostiumas","status":"publish","type":"product","link":"https:\/\/kidsplay.lt\/lv\/products\/helovino-raganos-kostiumas\/","title":{"rendered":"Helovino raganos kostiumas"},"content":{"rendered":"<div class=\"mpof_ki myre_zn myre_8v_l m389_6m_l\">\n<div class=\"mp4t_16_s mryx_16_s mr3m_1 mli2_1 mh85_56 mh85_0_l\">\n<div class=\"mgn2_16 _0d3bd_am0a-\">\n<h1><span dir=\"auto\">\u2b50 5 dali\u0173 rinkin\u012f sudaro:<\/span><\/h1>\n<ol>\n<li><b><span dir=\"auto\">holografinis TUTU sijonas<\/span><\/b><\/li>\n<li><b><span dir=\"auto\">saldaini\u0173 krep\u0161elis<\/span><\/b><\/li>\n<li><b><span dir=\"auto\">holografin\u0117 raganos\/raganos\/voro skryb\u0117l\u0117<\/span><\/b><\/li>\n<li><b><span dir=\"auto\">temin\u0117 oran\u017ein\u0117 galvos juosta &#8211; skryb\u0117l\u0117<\/span><\/b><\/li>\n<li><b><span dir=\"auto\">temin\u0117 juoda galvos juosta &#8211; skryb\u0117l\u0117<\/span><\/b><\/li>\n<\/ol>\n<p><span dir=\"auto\">Puikus kostiumas vakar\u0117liams, Helovinui, karnavalo baliams, pasirodymams, moli\u016bg\u0173 festivaliams, teminiams gimtadieniams ir kasdien\u0117ms pramogoms.<\/span><\/p>\n<p><span dir=\"auto\">Kostiumas pagamintas i\u0161 auk\u0161tos kokyb\u0117s med\u017eiag\u0173, patogus ir nevar\u017eo judesi\u0173.<\/span><\/p>\n<p><b><span dir=\"auto\">\u2705 Kostiumas turi CE \u017eenkl\u0105 \u2013 saugos sertifikat\u0105.<\/span><\/b><\/p>\n<\/div>\n<\/div>\n<\/div>\n<div class=\"mpof_ki myre_zn myre_8v_l m389_6m_l\">\n<div class=\"mp4t_16_s mryx_16_s mr3m_1 mli2_1 mh85_56 mh85_0_l\">\n<div class=\"mg9e_8 mj7a_8 mg9e_0_s mvrt_0_s mj7a_0_s mh36_0_s mzmg_6m munh_16_l m3h2_16_l\">\n<div class=\"mp4t_0 mryx_0 munh_56 m3h2_56\">\n<div class=\"mp7g_oh\"><button class=\"mg9e_0 mvrt_0 mj7a_0 mh36_0 mp4t_0 m3h2_0 mryx_0 munh_0 mqen_m6 mpof_z0 mx7m_0 m7er_k4 mse2_k4 msts_pt\" data-analytics-interaction=\"true\" data-analytics-interaction-label=\"zoomable-image-open\" aria-disabled=\"true\"><img decoding=\"async\" class=\"msub_k4 mupj_5k mjru_k4 mse2_k4 mp7g_f6 mq1m_0 mj7u_0 m7er_k4 mqen_m6 m31c_d8 m0ux_fp lazyloaded\" src=\"https:\/\/a.allegroimg.com\/original\/11586d\/e62776204ea3b8e063b223e52b92\/HALLOWEEN-STROJ-CZAROWNICY-WIEDZMA-Swieto-BAL-Dyni-DYNIA-PAJECZARKA-5w1-Kolor-czarny\" sizes=\"(min-width: 1200px) 560px, (min-width: 992px) 50vw, 100vw\" srcset=\"https:\/\/a.allegroimg.com\/s360\/11586d\/e62776204ea3b8e063b223e52b92\/HALLOWEEN-STROJ-CZAROWNICY-WIEDZMA-Swieto-BAL-Dyni-DYNIA-PAJECZARKA-5w1-Kolor-czarny 360w,https:\/\/a.allegroimg.com\/s720\/11586d\/e62776204ea3b8e063b223e52b92\/HALLOWEEN-STROJ-CZAROWNICY-WIEDZMA-Swieto-BAL-Dyni-DYNIA-PAJECZARKA-5w1-Kolor-czarny 720w,https:\/\/a.allegroimg.com\/s1024\/11586d\/e62776204ea3b8e063b223e52b92\/HALLOWEEN-STROJ-CZAROWNICY-WIEDZMA-Swieto-BAL-Dyni-DYNIA-PAJECZARKA-5w1-Kolor-czarny 1024w,https:\/\/a.allegroimg.com\/s1440\/11586d\/e62776204ea3b8e063b223e52b92\/HALLOWEEN-STROJ-CZAROWNICY-WIEDZMA-Swieto-BAL-Dyni-DYNIA-PAJECZARKA-5w1-Kolor-czarny 1440w,https:\/\/a.allegroimg.com\/original\/11586d\/e62776204ea3b8e063b223e52b92\/HALLOWEEN-STROJ-CZAROWNICY-WIEDZMA-Swieto-BAL-Dyni-DYNIA-PAJECZARKA-5w1-Kolor-czarny 1500w\" alt=\"HALLOWEEN STR\u00d3J CZAROWNICY WIED\u0179MA \u015awi\u0119to BAL Dyni DYNIA PAJ\u0118CZARKA 5w1 Kolor czarny\" width=\"1500px\" data-srcset=\"\" \/><\/button><\/div>\n<\/div>\n<\/div>\n<\/div>\n<div class=\"mp4t_16_s mryx_16_s mr3m_1 mli2_1 mh85_56 mh85_0_l\">\n<div class=\"mgn2_16 _0d3bd_am0a-\">\n<h1><span dir=\"auto\">MEGA LARGE 5 dali\u0173 rinkinys<\/span><\/h1>\n<p><b><span dir=\"auto\">\u2705 Sijonas:\u00a0<\/span><\/b><span dir=\"auto\">\u00a0teminis, holografinis, \u017evilgantis, juodas tiulio sijonas su moli\u016bgais, vorais, raganomis ir kt. Tiulio sijonas sudarytas i\u0161 2 tiulio sluoksni\u0173, purus, laisvai krintantis, gra\u017eiai krenta.<\/span><\/p>\n<ul>\n<li><span dir=\"auto\">Ilgis: 30 cm, juosmens plotis: 21 cm, tampri sijono juosta tempiasi nuo 36 cm iki 98 cm<\/span><\/li>\n<\/ul>\n<p><b><span dir=\"auto\">\u2705 Juoda galvos juosta:<\/span><\/b><span dir=\"auto\">\u00a0\u00a0 temin\u0117, holografin\u0117, \u017e\u0117rinti, su juoda kepure su voratinkliais, vieno dyd\u017eio.<\/span><\/p>\n<p><b><span dir=\"auto\">\u2705 Saldaini\u0173 krep\u0161elis<\/span><\/b><\/p>\n<ul>\n<li><span dir=\"auto\">bendras ilgis 28 cm, plotis 20 cm, paties krep\u0161io ilgis 13 cm<\/span><\/li>\n<\/ul>\n<p><b><span dir=\"auto\">\u2705 Kepur\u0117: holografin\u0117\u00a0<\/span><\/b><span dir=\"auto\">\u00a0juoda su moli\u016bgais, voratinkliais, raganomis, saldainiais ir kt., vieno dyd\u017eio, \u0161iek tiek pastandinta.<\/span><\/p>\n<ul>\n<li><span dir=\"auto\">dydis: skersmuo 39 cm, auk\u0161tis 34 cm,<\/span><\/li>\n<\/ul>\n<p><b><span dir=\"auto\">\u2705 Galvos juosta:<\/span><\/b><span dir=\"auto\">\u00a0\u00a0 temin\u0117, holografin\u0117, \u017e\u0117rinti, su oran\u017eine kepuraite su moli\u016bgais, saldainiais, vieno dyd\u017eio.<\/span><\/p>\n<p><b><span dir=\"auto\">Puikus kostiumas Helovinui, taip pat teminiams vakar\u0117liams, kostium\u0173 vakar\u0117liams, gimtadieniams, teminiams vakar\u0117liams ir karnavalams.<\/span><\/b><\/p>\n<\/div>\n<\/div>\n<\/div>\n<div class=\"mpof_ki myre_zn myre_8v_l m389_6m_l\">\n<div class=\"mp4t_16_s mryx_16_s mr3m_1 mli2_1 mh85_56 mh85_0_l\">\n<div class=\"mg9e_8 mj7a_8 mg9e_0_s mvrt_0_s mj7a_0_s mh36_0_s mzmg_6m munh_16_l m3h2_16_l\">\n<div class=\"mp4t_0 mryx_0 munh_56 m3h2_56\">\n<div class=\"mp7g_oh\"><button class=\"mg9e_0 mvrt_0 mj7a_0 mh36_0 mp4t_0 m3h2_0 mryx_0 munh_0 mqen_m6 mpof_z0 mx7m_0 m7er_k4 mse2_k4 msts_pt\" data-analytics-interaction=\"true\" data-analytics-interaction-label=\"zoomable-image-open\" aria-disabled=\"true\"><img decoding=\"async\" class=\"msub_k4 mupj_5k mjru_k4 mse2_k4 mp7g_f6 mq1m_0 mj7u_0 m7er_k4 mqen_m6 m31c_d8 m0ux_fp lazyloaded\" src=\"https:\/\/a.allegroimg.com\/original\/114955\/331022224ae6a320b790109c097a\/HALLOWEEN-STROJ-CZAROWNICY-WIEDZMA-Swieto-BAL-Dyni-DYNIA-PAJECZARKA-5w1-Rozmiar-122-128\" sizes=\"(min-width: 1200px) 560px, (min-width: 992px) 50vw, 100vw\" srcset=\"https:\/\/a.allegroimg.com\/s360\/114955\/331022224ae6a320b790109c097a\/HALLOWEEN-STROJ-CZAROWNICY-WIEDZMA-Swieto-BAL-Dyni-DYNIA-PAJECZARKA-5w1-Rozmiar-122-128 334w,https:\/\/a.allegroimg.com\/s720\/114955\/331022224ae6a320b790109c097a\/HALLOWEEN-STROJ-CZAROWNICY-WIEDZMA-Swieto-BAL-Dyni-DYNIA-PAJECZARKA-5w1-Rozmiar-122-128 666w,https:\/\/a.allegroimg.com\/original\/114955\/331022224ae6a320b790109c097a\/HALLOWEEN-STROJ-CZAROWNICY-WIEDZMA-Swieto-BAL-Dyni-DYNIA-PAJECZARKA-5w1-Rozmiar-122-128 666w\" alt=\"HALLOWEEN STR\u00d3J CZAROWNICY WIED\u0179MA \u015awi\u0119to BAL Dyni DYNIA PAJ\u0118CZARKA 5w1 Rozmiar 122-128\" width=\"666px\" data-srcset=\"\" \/><\/button><\/div>\n<\/div>\n<\/div>\n<\/div>\n<div class=\"mp4t_16_s mryx_16_s mr3m_1 mli2_1 mh85_56 mh85_0_l\">\n<div class=\"mgn2_16 _0d3bd_am0a-\">\n<p><b><span dir=\"auto\">\u2b50 MOLI\u016aGO\/RAGANOS\/RAGANOS\/VORO kostiumas yra ry\u0161ki\u0173 spalv\u0173, labai patogus ir nevar\u017eo judesi\u0173.<\/span><\/b><\/p>\n<p><b><span dir=\"auto\">5 dali\u0173 teminis rinkinys.<\/span><\/b><\/p>\n<p><b><span dir=\"auto\">Komplekt\u0105 sudaro sijonas, dvi deran\u010dios galvos juostos, saldaini\u0173 krep\u0161elis ir kepur\u0117.<\/span><\/b><\/p>\n<\/div>\n<\/div>\n<\/div>\n<div class=\"mpof_ki myre_zn myre_8v_l m389_6m_l\">\n<div class=\"mp4t_16_s mryx_16_s mr3m_1 mli2_1 mh85_56 mh85_0_l\">\n<div class=\"mg9e_8 mj7a_8 mg9e_0_s mvrt_0_s mj7a_0_s mh36_0_s mzmg_6m munh_16_l m3h2_16_l\">\n<div class=\"mp4t_0 mryx_0 munh_56 m3h2_56\">\n<div class=\"mp7g_oh\"><button class=\"mg9e_0 mvrt_0 mj7a_0 mh36_0 mp4t_0 m3h2_0 mryx_0 munh_0 mqen_m6 mpof_z0 mx7m_0 m7er_k4 mse2_k4 msts_pt\" data-analytics-interaction=\"true\" data-analytics-interaction-label=\"zoomable-image-open\" aria-disabled=\"true\"><img decoding=\"async\" class=\"msub_k4 mupj_5k mjru_k4 mse2_k4 mp7g_f6 mq1m_0 mj7u_0 m7er_k4 mqen_m6 m31c_d8 m0ux_fp lazyloaded\" src=\"https:\/\/a.allegroimg.com\/original\/11640f\/3bf36ed64177a8c55b6a50a6999f\/HALLOWEEN-STROJ-CZAROWNICY-WIEDZMA-Swieto-BAL-Dyni-DYNIA-PAJECZARKA-5w1\" sizes=\"100vw\" srcset=\"https:\/\/a.allegroimg.com\/s360\/11640f\/3bf36ed64177a8c55b6a50a6999f\/HALLOWEEN-STROJ-CZAROWNICY-WIEDZMA-Swieto-BAL-Dyni-DYNIA-PAJECZARKA-5w1 360w,https:\/\/a.allegroimg.com\/s720\/11640f\/3bf36ed64177a8c55b6a50a6999f\/HALLOWEEN-STROJ-CZAROWNICY-WIEDZMA-Swieto-BAL-Dyni-DYNIA-PAJECZARKA-5w1 720w,https:\/\/a.allegroimg.com\/s1024\/11640f\/3bf36ed64177a8c55b6a50a6999f\/HALLOWEEN-STROJ-CZAROWNICY-WIEDZMA-Swieto-BAL-Dyni-DYNIA-PAJECZARKA-5w1 1024w,https:\/\/a.allegroimg.com\/s1440\/11640f\/3bf36ed64177a8c55b6a50a6999f\/HALLOWEEN-STROJ-CZAROWNICY-WIEDZMA-Swieto-BAL-Dyni-DYNIA-PAJECZARKA-5w1 1440w,https:\/\/a.allegroimg.com\/original\/11640f\/3bf36ed64177a8c55b6a50a6999f\/HALLOWEEN-STROJ-CZAROWNICY-WIEDZMA-Swieto-BAL-Dyni-DYNIA-PAJECZARKA-5w1 1500w\" alt=\"HALLOWEEN STR\u00d3J CZAROWNICY WIED\u0179MA \u015awi\u0119to BAL Dyni DYNIA PAJ\u0118CZARKA 5w1\" width=\"1500px\" data-srcset=\"\" \/><\/button><\/div>\n<\/div>\n<\/div>\n<\/div>\n<\/div>\n<div class=\"mpof_ki myre_zn myre_8v_l m389_6m_l\">\n<div class=\"mp4t_16_s mryx_16_s mr3m_1 mli2_1 mh85_56 mh85_0_l\">\n<div class=\"mg9e_8 mj7a_8 mg9e_0_s mvrt_0_s mj7a_0_s mh36_0_s mzmg_6m munh_16_l m3h2_16_l\">\n<div class=\"mp4t_0 mryx_0 munh_56 m3h2_56\">\n<div class=\"mp7g_oh\"><button class=\"mg9e_0 mvrt_0 mj7a_0 mh36_0 mp4t_0 m3h2_0 mryx_0 munh_0 mqen_m6 mpof_z0 mx7m_0 m7er_k4 mse2_k4 msts_pt\" data-analytics-interaction=\"true\" data-analytics-interaction-label=\"zoomable-image-open\" aria-disabled=\"true\"><img decoding=\"async\" class=\"msub_k4 mupj_5k mjru_k4 mse2_k4 mp7g_f6 mq1m_0 mj7u_0 m7er_k4 mqen_m6 m31c_d8 m0ux_fp lazyloaded\" src=\"https:\/\/a.allegroimg.com\/original\/11cf97\/5f54c96246668ba12d1586ea35bc\" sizes=\"(min-width: 1200px) 560px, (min-width: 992px) 50vw, 100vw\" srcset=\"https:\/\/a.allegroimg.com\/s360\/11cf97\/5f54c96246668ba12d1586ea35bc 347w,https:\/\/a.allegroimg.com\/s720\/11cf97\/5f54c96246668ba12d1586ea35bc 694w,https:\/\/a.allegroimg.com\/s1024\/11cf97\/5f54c96246668ba12d1586ea35bc 771w,https:\/\/a.allegroimg.com\/original\/11cf97\/5f54c96246668ba12d1586ea35bc 771w\" alt=\"\" width=\"771px\" data-srcset=\"\" \/><\/button><\/div>\n<\/div>\n<\/div>\n<\/div>\n<div class=\"mp4t_16_s mryx_16_s mr3m_1 mli2_1 mh85_56 mh85_0_l\">\n<div class=\"mg9e_8 mj7a_8 mg9e_0_s mvrt_0_s mj7a_0_s mh36_0_s mzmg_6m munh_16_l m3h2_16_l\">\n<div class=\"mp4t_0 mryx_0 munh_56 m3h2_56\">\n<div class=\"mp7g_oh\"><button class=\"mg9e_0 mvrt_0 mj7a_0 mh36_0 mp4t_0 m3h2_0 mryx_0 munh_0 mqen_m6 mpof_z0 mx7m_0 m7er_k4 mse2_k4 msts_pt\" data-analytics-interaction=\"true\" data-analytics-interaction-label=\"zoomable-image-open\" aria-disabled=\"true\"><img decoding=\"async\" class=\"msub_k4 mupj_5k mjru_k4 mse2_k4 mp7g_f6 mq1m_0 mj7u_0 m7er_k4 mqen_m6 m31c_d8 m0ux_fp lazyloaded\" src=\"https:\/\/a.allegroimg.com\/original\/11586d\/e62776204ea3b8e063b223e52b92\/HALLOWEEN-STROJ-CZAROWNICY-WIEDZMA-Swieto-BAL-Dyni-DYNIA-PAJECZARKA-5w1-Kolor-czarny\" sizes=\"(min-width: 1200px) 560px, (min-width: 992px) 50vw, 100vw\" srcset=\"https:\/\/a.allegroimg.com\/s360\/11586d\/e62776204ea3b8e063b223e52b92\/HALLOWEEN-STROJ-CZAROWNICY-WIEDZMA-Swieto-BAL-Dyni-DYNIA-PAJECZARKA-5w1-Kolor-czarny 360w,https:\/\/a.allegroimg.com\/s720\/11586d\/e62776204ea3b8e063b223e52b92\/HALLOWEEN-STROJ-CZAROWNICY-WIEDZMA-Swieto-BAL-Dyni-DYNIA-PAJECZARKA-5w1-Kolor-czarny 720w,https:\/\/a.allegroimg.com\/s1024\/11586d\/e62776204ea3b8e063b223e52b92\/HALLOWEEN-STROJ-CZAROWNICY-WIEDZMA-Swieto-BAL-Dyni-DYNIA-PAJECZARKA-5w1-Kolor-czarny 1024w,https:\/\/a.allegroimg.com\/s1440\/11586d\/e62776204ea3b8e063b223e52b92\/HALLOWEEN-STROJ-CZAROWNICY-WIEDZMA-Swieto-BAL-Dyni-DYNIA-PAJECZARKA-5w1-Kolor-czarny 1440w,https:\/\/a.allegroimg.com\/original\/11586d\/e62776204ea3b8e063b223e52b92\/HALLOWEEN-STROJ-CZAROWNICY-WIEDZMA-Swieto-BAL-Dyni-DYNIA-PAJECZARKA-5w1-Kolor-czarny 1500w\" alt=\"HALLOWEEN STR\u00d3J CZAROWNICY WIED\u0179MA \u015awi\u0119to BAL Dyni DYNIA PAJ\u0118CZARKA 5w1 Kolor czarny\" width=\"1500px\" data-srcset=\"\" \/><\/button><\/div>\n<\/div>\n<\/div>\n<\/div>\n<\/div>","protected":false},"excerpt":{"rendered":"<p>\u2b50 5 dali\u0173 rinkin\u012f sudaro: holografinis TUTU sijonas saldaini\u0173 krep\u0161elis holografin\u0117 raganos\/raganos\/voro skryb\u0117l\u0117 temin\u0117 oran\u017ein\u0117 galvos juosta &#8211; skryb\u0117l\u0117 temin\u0117<\/p>","protected":false},"featured_media":74792,"template":"","meta":{"_acf_changed":false,"_glsr_average":0,"_glsr_ranking":0,"_glsr_reviews":0},"product_brand":[],"product_cat":[687,372],"product_tag":[],"class_list":{"0":"post-74791","1":"product","2":"type-product","3":"status-publish","4":"has-post-thumbnail","6":"product_cat-svenciu-kostiumai","7":"product_cat-vaiku-sventems","8":"\"style=\"background-color: #2ecc711c;\"","10":"first","11":"instock","12":"shipping-taxable","13":"purchasable","14":"product-type-variable"},"acf":[],"yoast_head":"<!-- This site is optimized with the Yoast SEO plugin v27.4 - https:\/\/yoast.com\/product\/yoast-seo-wordpress\/ -->\n<title>Helovino raganos kostiumas - KidsPlay<\/title>\n<meta name=\"description\" content=\"Helovino raganos kostiumas - KidsPlay. Did\u017eiausias vaik\u0173 \u017eaisl\u0173 pasirinkimas.\" \/>\n<meta name=\"robots\" content=\"index, follow, max-snippet:-1, max-image-preview:large, max-video-preview:-1\" \/>\n<link rel=\"canonical\" href=\"https:\/\/kidsplay.lt\/lv\/products\/helovino-raganos-kostiumas\/\" \/>\n<meta property=\"og:locale\" content=\"lv_LV\" \/>\n<meta property=\"og:type\" content=\"article\" \/>\n<meta property=\"og:title\" content=\"Helovino raganos kostiumas - KidsPlay\" \/>\n<meta property=\"og:description\" content=\"Helovino raganos kostiumas - KidsPlay. Did\u017eiausias vaik\u0173 \u017eaisl\u0173 pasirinkimas.\" \/>\n<meta property=\"og:url\" content=\"https:\/\/kidsplay.lt\/lv\/products\/helovino-raganos-kostiumas\/\" \/>\n<meta property=\"og:site_name\" content=\"KidsPlay\" \/>\n<meta property=\"article:publisher\" content=\"https:\/\/www.facebook.com\/www.kidsplay.lt\" \/>\n<meta property=\"article:modified_time\" content=\"2025-12-29T18:46:40+00:00\" \/>\n<meta property=\"og:image\" content=\"https:\/\/kidsplay.lt\/wp-content\/uploads\/2025\/10\/Screenshot_555.png\" \/>\n\t<meta property=\"og:image:width\" content=\"487\" \/>\n\t<meta property=\"og:image:height\" content=\"453\" \/>\n\t<meta property=\"og:image:type\" content=\"image\/png\" \/>\n<meta name=\"twitter:card\" content=\"summary_large_image\" \/>\n<meta name=\"twitter:label1\" content=\"Est. reading time\" \/>\n\t<meta name=\"twitter:data1\" content=\"3 min\u016btes\" \/>\n<script type=\"application\/ld+json\" class=\"yoast-schema-graph\">{\"@context\":\"https:\\\/\\\/schema.org\",\"@graph\":[{\"@type\":\"WebPage\",\"@id\":\"https:\\\/\\\/kidsplay.lt\\\/produktas\\\/helovino-raganos-kostiumas\\\/\",\"url\":\"https:\\\/\\\/kidsplay.lt\\\/produktas\\\/helovino-raganos-kostiumas\\\/\",\"name\":\"Helovino raganos kostiumas - KidsPlay\",\"isPartOf\":{\"@id\":\"https:\\\/\\\/kidsplay.lt\\\/#website\"},\"primaryImageOfPage\":{\"@id\":\"https:\\\/\\\/kidsplay.lt\\\/produktas\\\/helovino-raganos-kostiumas\\\/#primaryimage\"},\"image\":{\"@id\":\"https:\\\/\\\/kidsplay.lt\\\/produktas\\\/helovino-raganos-kostiumas\\\/#primaryimage\"},\"thumbnailUrl\":\"https:\\\/\\\/kidsplay.lt\\\/wp-content\\\/uploads\\\/2025\\\/10\\\/Screenshot_555.png\",\"datePublished\":\"2025-10-05T18:01:14+00:00\",\"dateModified\":\"2025-12-29T18:46:40+00:00\",\"description\":\"Helovino raganos kostiumas - KidsPlay. Did\u017eiausias vaik\u0173 \u017eaisl\u0173 pasirinkimas.\",\"breadcrumb\":{\"@id\":\"https:\\\/\\\/kidsplay.lt\\\/produktas\\\/helovino-raganos-kostiumas\\\/#breadcrumb\"},\"inLanguage\":\"lv-LV\",\"potentialAction\":[{\"@type\":\"ReadAction\",\"target\":[\"https:\\\/\\\/kidsplay.lt\\\/produktas\\\/helovino-raganos-kostiumas\\\/\"]}]},{\"@type\":\"ImageObject\",\"inLanguage\":\"lv-LV\",\"@id\":\"https:\\\/\\\/kidsplay.lt\\\/produktas\\\/helovino-raganos-kostiumas\\\/#primaryimage\",\"url\":\"https:\\\/\\\/kidsplay.lt\\\/wp-content\\\/uploads\\\/2025\\\/10\\\/Screenshot_555.png\",\"contentUrl\":\"https:\\\/\\\/kidsplay.lt\\\/wp-content\\\/uploads\\\/2025\\\/10\\\/Screenshot_555.png\",\"width\":487,\"height\":453},{\"@type\":\"BreadcrumbList\",\"@id\":\"https:\\\/\\\/kidsplay.lt\\\/produktas\\\/helovino-raganos-kostiumas\\\/#breadcrumb\",\"itemListElement\":[{\"@type\":\"ListItem\",\"position\":1,\"name\":\"Pagrindinis\",\"item\":\"https:\\\/\\\/kidsplay.lt\\\/\"},{\"@type\":\"ListItem\",\"position\":2,\"name\":\"Parduotuv\u0117\",\"item\":\"https:\\\/\\\/kidsplay.lt\\\/parduotuve\\\/\"},{\"@type\":\"ListItem\",\"position\":3,\"name\":\"Helovino raganos kostiumas\"}]},{\"@type\":\"WebSite\",\"@id\":\"https:\\\/\\\/kidsplay.lt\\\/#website\",\"url\":\"https:\\\/\\\/kidsplay.lt\\\/\",\"name\":\"Kidsplay.lt\",\"description\":\"\u012evairios prek\u0117s vaikams\",\"publisher\":{\"@id\":\"https:\\\/\\\/kidsplay.lt\\\/#organization\"},\"alternateName\":\"Kidsplay\",\"potentialAction\":[{\"@type\":\"SearchAction\",\"target\":{\"@type\":\"EntryPoint\",\"urlTemplate\":\"https:\\\/\\\/kidsplay.lt\\\/?s={search_term_string}\"},\"query-input\":{\"@type\":\"PropertyValueSpecification\",\"valueRequired\":true,\"valueName\":\"search_term_string\"}}],\"inLanguage\":\"lv-LV\"},{\"@type\":\"Organization\",\"@id\":\"https:\\\/\\\/kidsplay.lt\\\/#organization\",\"name\":\"KidsPlay\",\"url\":\"https:\\\/\\\/kidsplay.lt\\\/\",\"logo\":{\"@type\":\"ImageObject\",\"inLanguage\":\"lv-LV\",\"@id\":\"https:\\\/\\\/kidsplay.lt\\\/#\\\/schema\\\/logo\\\/image\\\/\",\"url\":\"https:\\\/\\\/kidsplay.lt\\\/wp-content\\\/uploads\\\/2023\\\/07\\\/kidsplay-logo.png\",\"contentUrl\":\"https:\\\/\\\/kidsplay.lt\\\/wp-content\\\/uploads\\\/2023\\\/07\\\/kidsplay-logo.png\",\"width\":451,\"height\":98,\"caption\":\"KidsPlay\"},\"image\":{\"@id\":\"https:\\\/\\\/kidsplay.lt\\\/#\\\/schema\\\/logo\\\/image\\\/\"},\"sameAs\":[\"https:\\\/\\\/www.facebook.com\\\/www.kidsplay.lt\"]}]}<\/script>\n<!-- \/ Yoast SEO plugin. -->","yoast_head_json":{"title":"Helovino raganos kostiumas - KidsPlay","description":"Helovino raganos kostiumas - KidsPlay. Did\u017eiausias vaik\u0173 \u017eaisl\u0173 pasirinkimas.","robots":{"index":"index","follow":"follow","max-snippet":"max-snippet:-1","max-image-preview":"max-image-preview:large","max-video-preview":"max-video-preview:-1"},"canonical":"https:\/\/kidsplay.lt\/lv\/products\/helovino-raganos-kostiumas\/","og_locale":"lv_LV","og_type":"article","og_title":"Helovino raganos kostiumas - KidsPlay","og_description":"Helovino raganos kostiumas - KidsPlay. Did\u017eiausias vaik\u0173 \u017eaisl\u0173 pasirinkimas.","og_url":"https:\/\/kidsplay.lt\/lv\/products\/helovino-raganos-kostiumas\/","og_site_name":"KidsPlay","article_publisher":"https:\/\/www.facebook.com\/www.kidsplay.lt","article_modified_time":"2025-12-29T18:46:40+00:00","og_image":[{"width":487,"height":453,"url":"https:\/\/kidsplay.lt\/wp-content\/uploads\/2025\/10\/Screenshot_555.png","type":"image\/png"}],"twitter_card":"summary_large_image","twitter_misc":{"Est. reading time":"3 min\u016btes"},"schema":{"@context":"https:\/\/schema.org","@graph":[{"@type":"WebPage","@id":"https:\/\/kidsplay.lt\/produktas\/helovino-raganos-kostiumas\/","url":"https:\/\/kidsplay.lt\/produktas\/helovino-raganos-kostiumas\/","name":"Helovino raganos kostiumas - KidsPlay","isPartOf":{"@id":"https:\/\/kidsplay.lt\/#website"},"primaryImageOfPage":{"@id":"https:\/\/kidsplay.lt\/produktas\/helovino-raganos-kostiumas\/#primaryimage"},"image":{"@id":"https:\/\/kidsplay.lt\/produktas\/helovino-raganos-kostiumas\/#primaryimage"},"thumbnailUrl":"https:\/\/kidsplay.lt\/wp-content\/uploads\/2025\/10\/Screenshot_555.png","datePublished":"2025-10-05T18:01:14+00:00","dateModified":"2025-12-29T18:46:40+00:00","description":"Helovino raganos kostiumas - KidsPlay. Did\u017eiausias vaik\u0173 \u017eaisl\u0173 pasirinkimas.","breadcrumb":{"@id":"https:\/\/kidsplay.lt\/produktas\/helovino-raganos-kostiumas\/#breadcrumb"},"inLanguage":"lv-LV","potentialAction":[{"@type":"ReadAction","target":["https:\/\/kidsplay.lt\/produktas\/helovino-raganos-kostiumas\/"]}]},{"@type":"ImageObject","inLanguage":"lv-LV","@id":"https:\/\/kidsplay.lt\/produktas\/helovino-raganos-kostiumas\/#primaryimage","url":"https:\/\/kidsplay.lt\/wp-content\/uploads\/2025\/10\/Screenshot_555.png","contentUrl":"https:\/\/kidsplay.lt\/wp-content\/uploads\/2025\/10\/Screenshot_555.png","width":487,"height":453},{"@type":"BreadcrumbList","@id":"https:\/\/kidsplay.lt\/produktas\/helovino-raganos-kostiumas\/#breadcrumb","itemListElement":[{"@type":"ListItem","position":1,"name":"Pagrindinis","item":"https:\/\/kidsplay.lt\/"},{"@type":"ListItem","position":2,"name":"Parduotuv\u0117","item":"https:\/\/kidsplay.lt\/parduotuve\/"},{"@type":"ListItem","position":3,"name":"Helovino raganos kostiumas"}]},{"@type":"WebSite","@id":"https:\/\/kidsplay.lt\/#website","url":"https:\/\/kidsplay.lt\/","name":"B\u0113rnu sp\u0113les.lv","description":"\u012evairios prek\u0117s vaikams","publisher":{"@id":"https:\/\/kidsplay.lt\/#organization"},"alternateName":"Kidsplay","potentialAction":[{"@type":"SearchAction","target":{"@type":"EntryPoint","urlTemplate":"https:\/\/kidsplay.lt\/?s={search_term_string}"},"query-input":{"@type":"PropertyValueSpecification","valueRequired":true,"valueName":"search_term_string"}}],"inLanguage":"lv-LV"},{"@type":"Organization","@id":"https:\/\/kidsplay.lt\/#organization","name":"B\u0113rnu sp\u0113le","url":"https:\/\/kidsplay.lt\/","logo":{"@type":"ImageObject","inLanguage":"lv-LV","@id":"https:\/\/kidsplay.lt\/#\/schema\/logo\/image\/","url":"https:\/\/kidsplay.lt\/wp-content\/uploads\/2023\/07\/kidsplay-logo.png","contentUrl":"https:\/\/kidsplay.lt\/wp-content\/uploads\/2023\/07\/kidsplay-logo.png","width":451,"height":98,"caption":"KidsPlay"},"image":{"@id":"https:\/\/kidsplay.lt\/#\/schema\/logo\/image\/"},"sameAs":["https:\/\/www.facebook.com\/www.kidsplay.lt"]}]}},"_links":{"self":[{"href":"https:\/\/kidsplay.lt\/lv\/wp-json\/wp\/v2\/product\/74791","targetHints":{"allow":["GET"]}}],"collection":[{"href":"https:\/\/kidsplay.lt\/lv\/wp-json\/wp\/v2\/product"}],"about":[{"href":"https:\/\/kidsplay.lt\/lv\/wp-json\/wp\/v2\/types\/product"}],"version-history":[{"count":1,"href":"https:\/\/kidsplay.lt\/lv\/wp-json\/wp\/v2\/product\/74791\/revisions"}],"predecessor-version":[{"id":74801,"href":"https:\/\/kidsplay.lt\/lv\/wp-json\/wp\/v2\/product\/74791\/revisions\/74801"}],"wp:featuredmedia":[{"embeddable":true,"href":"https:\/\/kidsplay.lt\/lv\/wp-json\/wp\/v2\/media\/74792"}],"wp:attachment":[{"href":"https:\/\/kidsplay.lt\/lv\/wp-json\/wp\/v2\/media?parent=74791"}],"wp:term":[{"taxonomy":"product_brand","embeddable":true,"href":"https:\/\/kidsplay.lt\/lv\/wp-json\/wp\/v2\/product_brand?post=74791"},{"taxonomy":"product_cat","embeddable":true,"href":"https:\/\/kidsplay.lt\/lv\/wp-json\/wp\/v2\/product_cat?post=74791"},{"taxonomy":"product_tag","embeddable":true,"href":"https:\/\/kidsplay.lt\/lv\/wp-json\/wp\/v2\/product_tag?post=74791"}],"curies":[{"name":"wp","href":"https:\/\/api.w.org\/{rel}","templated":true}]}}