{"id":74802,"date":"2025-10-05T21:05:27","date_gmt":"2025-10-05T18:05:27","guid":{"rendered":"https:\/\/kidsplay.lt\/?post_type=product&#038;p=74802"},"modified":"2025-10-05T21:05:27","modified_gmt":"2025-10-05T18:05:27","slug":"helovino-moliugo-kostiumas","status":"publish","type":"product","link":"https:\/\/kidsplay.lt\/lv\/products\/helovino-moliugo-kostiumas\/","title":{"rendered":"Helovino moli\u016bgo kostiumas"},"content":{"rendered":"<div class=\"mpof_ki myre_zn myre_8v_l m389_6m_l\">\n<div class=\"mp4t_16_s mryx_16_s mr3m_1 mli2_1 mh85_56 mh85_0_l\">\n<div class=\"mgn2_16 _0d3bd_am0a-\">\n<h1><span dir=\"auto\">\u2b50 6 dali\u0173 rinkin\u012f sudaro:<\/span><\/h1>\n<ol>\n<li><b><span dir=\"auto\">pliu\u0161inis galvos lankelis su moli\u016bgais<\/span><\/b><\/li>\n<li><b><span dir=\"auto\">Juodas ir oran\u017einis tiulio sijonas su moli\u016bgais<\/span><\/b><\/li>\n<li><b><span dir=\"auto\">moli\u016bg\u0173 plauk\u0173 segtukas x 2 vnt.<\/span><\/b><\/li>\n<li><b><span dir=\"auto\">saldaini\u0173 krep\u0161elis\/mai\u0161elis<\/span><\/b><\/li>\n<li><b><span dir=\"auto\">temin\u0117 skryb\u0117l\u0117<\/span><\/b><\/li>\n<\/ol>\n<h2><span dir=\"auto\">Puikus kostiumas vakar\u0117liams, Helovinui, karnavalo baliams, pasirodymams, moli\u016bg\u0173 festivaliams, teminiams gimtadieniams ir kasdien\u0117ms pramogoms.<\/span><\/h2>\n<h2><span dir=\"auto\">Rinkinys taip pat puikiai tinka kaip dovana.<\/span><\/h2>\n<h2><span dir=\"auto\">\u2705 6 dali\u0173 rinkinys susideda i\u0161 2 sluoksni\u0173 sijono su tiulio atspalviu + moli\u016bgo galvos juostos + moli\u016bgo kepur\u0117s + saldaini\u0173 krep\u0161elio \/ mai\u0161elio + 2 plauk\u0173 segtuk\u0173<\/span><\/h2>\n<p><b><span dir=\"auto\">\u2705 Kostiumas turi CE \u017eenkl\u0105 \u2013 saugos sertifikat\u0105.<\/span><\/b><\/p>\n<\/div>\n<\/div>\n<\/div>\n<div class=\"mpof_ki myre_zn myre_8v_l m389_6m_l\">\n<div class=\"mp4t_16_s mryx_16_s mr3m_1 mli2_1 mh85_56 mh85_0_l\">\n<div class=\"mg9e_8 mj7a_8 mg9e_0_s mvrt_0_s mj7a_0_s mh36_0_s mzmg_6m munh_16_l m3h2_16_l\">\n<div class=\"mp4t_0 mryx_0 munh_56 m3h2_56\">\n<div class=\"mp7g_oh\"><button class=\"mg9e_0 mvrt_0 mj7a_0 mh36_0 mp4t_0 m3h2_0 mryx_0 munh_0 mqen_m6 mpof_z0 mx7m_0 m7er_k4 mse2_k4 msts_pt\" data-analytics-interaction=\"true\" data-analytics-interaction-label=\"zoomable-image-open\" aria-disabled=\"true\"><img decoding=\"async\" class=\"msub_k4 mupj_5k mjru_k4 mse2_k4 mp7g_f6 mq1m_0 mj7u_0 m7er_k4 mqen_m6 m31c_d8 m0ux_fp lazyloaded\" src=\"https:\/\/a.allegroimg.com\/original\/1122f6\/aa9b341b4bbfb53ddc5e743944b9\/HALLOWEEN-STROJ-KOSTIUM-DYNIA-CZAROWNICY-DYNI-NA-BAL-DLA-DZIECI-ZESTAW-6w1-Rozmiar-122-128\" sizes=\"(min-width: 1200px) 560px, (min-width: 992px) 50vw, 100vw\" srcset=\"https:\/\/a.allegroimg.com\/s360\/1122f6\/aa9b341b4bbfb53ddc5e743944b9\/HALLOWEEN-STROJ-KOSTIUM-DYNIA-CZAROWNICY-DYNI-NA-BAL-DLA-DZIECI-ZESTAW-6w1-Rozmiar-122-128 360w,https:\/\/a.allegroimg.com\/s720\/1122f6\/aa9b341b4bbfb53ddc5e743944b9\/HALLOWEEN-STROJ-KOSTIUM-DYNIA-CZAROWNICY-DYNI-NA-BAL-DLA-DZIECI-ZESTAW-6w1-Rozmiar-122-128 720w,https:\/\/a.allegroimg.com\/s1024\/1122f6\/aa9b341b4bbfb53ddc5e743944b9\/HALLOWEEN-STROJ-KOSTIUM-DYNIA-CZAROWNICY-DYNI-NA-BAL-DLA-DZIECI-ZESTAW-6w1-Rozmiar-122-128 1024w,https:\/\/a.allegroimg.com\/s1440\/1122f6\/aa9b341b4bbfb53ddc5e743944b9\/HALLOWEEN-STROJ-KOSTIUM-DYNIA-CZAROWNICY-DYNI-NA-BAL-DLA-DZIECI-ZESTAW-6w1-Rozmiar-122-128 1440w,https:\/\/a.allegroimg.com\/original\/1122f6\/aa9b341b4bbfb53ddc5e743944b9\/HALLOWEEN-STROJ-KOSTIUM-DYNIA-CZAROWNICY-DYNI-NA-BAL-DLA-DZIECI-ZESTAW-6w1-Rozmiar-122-128 1563w\" alt=\"HALLOWEEN STR\u00d3J KOSTIUM DYNIA CZAROWNICY DYNI NA BAL DLA DZIECI ZESTAW 6w1 Rozmiar 122-128\" width=\"1563px\" data-srcset=\"\" \/><\/button><\/div>\n<\/div>\n<\/div>\n<\/div>\n<div class=\"mp4t_16_s mryx_16_s mr3m_1 mli2_1 mh85_56 mh85_0_l\">\n<div class=\"mgn2_16 _0d3bd_am0a-\">\n<h1><span dir=\"auto\">LABAI DIDELIS 6 DALI\u0172 RINKINYS<\/span><\/h1>\n<p><b><span dir=\"auto\">\u2705Sijonas:<\/span><\/b><span dir=\"auto\">\u00a0Dvisluoksnis, laisvai krintantis, gra\u017eiai drapiruotas tiulio sijonas, dekoruotas juodais moli\u016bg\u0173, \u0161ik\u0161nosparni\u0173 ir ragan\u0173 ra\u0161tais. Apdaila juoda atlasine juostele ir juodu kaspinu.<\/span><\/p>\n<ul>\n<li><span dir=\"auto\">Ilgis: 33 cm, juosmens plotis: 21 cm, tampri sijono juosta tempiasi nuo 36 cm iki 98 cm<\/span><\/li>\n<\/ul>\n<p><b><span dir=\"auto\">\u2705Galvos juosta<\/span><\/b><span dir=\"auto\">\u00a0: papuo\u0161ta dviem pliu\u0161iniais moli\u016bgais, vienas dydis tinka visiems.<\/span><\/p>\n<p><b><span dir=\"auto\">\u2705 Saldaini\u0173 krep\u0161elis<\/span><\/b><\/p>\n<ul>\n<li><span dir=\"auto\">bendras ilgis 28 cm, plotis 20 cm, paties krep\u0161io ilgis 13 cm<\/span><\/li>\n<\/ul>\n<p><b><span dir=\"auto\">\u2705 Dviej\u0173 dali\u0173 plauk\u0173 segtukas:\u00a0<\/span><\/b><span dir=\"auto\">\u00a0dekoratyviniai moli\u016bgo formos plauk\u0173 segtukai<\/span><\/p>\n<ul>\n<li><span dir=\"auto\">matmenys: 5 cm x 5,5 cm<\/span><\/li>\n<\/ul>\n<p><b><span dir=\"auto\">\u2705 Kepur\u0117:\u00a0<\/span><\/b><span dir=\"auto\">\u00a0oran\u017ein\u0117 su moli\u016bgais, voratinkliais, raganomis, saldainiais ir kt., vieno dyd\u017eio, \u0161iek tiek pastandinta.<\/span><\/p>\n<ul>\n<li><span dir=\"auto\">dydis: skersmuo 39 cm, auk\u0161tis 34 cm,<\/span><\/li>\n<\/ul>\n<p><b><span dir=\"auto\">Puikus kostiumas Helovinui, taip pat teminiams vakar\u0117liams, kostium\u0173 vakar\u0117liams, gimtadieniams, teminiams vakar\u0117liams ir karnavalams.<\/span><\/b><\/p>\n<\/div>\n<\/div>\n<\/div>\n<div class=\"mpof_ki myre_zn myre_8v_l m389_6m_l\">\n<div class=\"mp4t_16_s mryx_16_s mr3m_1 mli2_1 mh85_56 mh85_0_l\">\n<div class=\"mg9e_8 mj7a_8 mg9e_0_s mvrt_0_s mj7a_0_s mh36_0_s mzmg_6m munh_16_l m3h2_16_l\">\n<div class=\"mp4t_0 mryx_0 munh_56 m3h2_56\">\n<div class=\"mp7g_oh\"><button class=\"mg9e_0 mvrt_0 mj7a_0 mh36_0 mp4t_0 m3h2_0 mryx_0 munh_0 mqen_m6 mpof_z0 mx7m_0 m7er_k4 mse2_k4 msts_pt\" data-analytics-interaction=\"true\" data-analytics-interaction-label=\"zoomable-image-open\" aria-disabled=\"true\"><img decoding=\"async\" class=\"msub_k4 mupj_5k mjru_k4 mse2_k4 mp7g_f6 mq1m_0 mj7u_0 m7er_k4 mqen_m6 m31c_d8 m0ux_fp lazyloaded\" src=\"https:\/\/a.allegroimg.com\/original\/116f41\/81f70e684819880f8b36ee653cc2\/HALLOWEEN-STROJ-KOSTIUM-DYNIA-CZAROWNICY-DYNI-NA-BAL-DLA-DZIECI-ZESTAW-6w1-Plec-Uniseks\" sizes=\"(min-width: 1200px) 560px, (min-width: 992px) 50vw, 100vw\" srcset=\"https:\/\/a.allegroimg.com\/s360\/116f41\/81f70e684819880f8b36ee653cc2\/HALLOWEEN-STROJ-KOSTIUM-DYNIA-CZAROWNICY-DYNI-NA-BAL-DLA-DZIECI-ZESTAW-6w1-Plec-Uniseks 341w,https:\/\/a.allegroimg.com\/s720\/116f41\/81f70e684819880f8b36ee653cc2\/HALLOWEEN-STROJ-KOSTIUM-DYNIA-CZAROWNICY-DYNI-NA-BAL-DLA-DZIECI-ZESTAW-6w1-Plec-Uniseks 682w,https:\/\/a.allegroimg.com\/s1024\/116f41\/81f70e684819880f8b36ee653cc2\/HALLOWEEN-STROJ-KOSTIUM-DYNIA-CZAROWNICY-DYNI-NA-BAL-DLA-DZIECI-ZESTAW-6w1-Plec-Uniseks 727w,https:\/\/a.allegroimg.com\/original\/116f41\/81f70e684819880f8b36ee653cc2\/HALLOWEEN-STROJ-KOSTIUM-DYNIA-CZAROWNICY-DYNI-NA-BAL-DLA-DZIECI-ZESTAW-6w1-Plec-Uniseks 727w\" alt=\"HALLOWEEN STR\u00d3J KOSTIUM DYNIA CZAROWNICY DYNI NA BAL DLA DZIECI ZESTAW 6w1 P\u0142e\u0107 Uniseks\" width=\"727px\" data-srcset=\"\" \/><\/button><\/div>\n<\/div>\n<\/div>\n<\/div>\n<div class=\"mp4t_16_s mryx_16_s mr3m_1 mli2_1 mh85_56 mh85_0_l\">\n<div class=\"mgn2_16 _0d3bd_am0a-\">\n<h1><span dir=\"auto\">\u2b50 HELOVYNO kostiumas<\/span><\/h1>\n<h1><span dir=\"auto\">MOLI\u016aG\u0172\/RAGAN\u0172\/RAGAN\u0172\/MOLI\u016aG\u0172 PUOTA<\/span><\/h1>\n<p><b><span dir=\"auto\">\u2705\u00a0<\/span><\/b><span dir=\"auto\">\u00a0Ry\u0161kios spalvos, labai patogus drabu\u017eis, nevar\u017eo judesi\u0173.<\/span><\/p>\n<p><b><span dir=\"auto\">\u2705<\/span><\/b><span dir=\"auto\">\u00a06 dali\u0173 rinkinys leid\u017eia transformuotis \u012f moli\u016bg\u0105, vor\u0105\/\u0161ik\u0161nosparn\u012f\/ragan\u0105\/ragan\u0105.<\/span><\/p>\n<p><b><span dir=\"auto\">\u2705 6 dali\u0173 teminis rinkinys. Rinkin\u012f sudaro sijonas, dera galvos juosta, saldaini\u0173 krep\u0161elis, kepur\u0117 ir 2 moli\u016bg\u0173 plauk\u0173 segtukai.<\/span><\/b><\/p>\n<\/div>\n<\/div>\n<\/div>\n<div class=\"mpof_ki myre_zn myre_8v_l m389_6m_l\">\n<div class=\"mp4t_16_s mryx_16_s mr3m_1 mli2_1 mh85_56 mh85_0_l\">\n<div class=\"mg9e_8 mj7a_8 mg9e_0_s mvrt_0_s mj7a_0_s mh36_0_s mzmg_6m munh_16_l m3h2_16_l\">\n<div class=\"mp4t_0 mryx_0 munh_56 m3h2_56\">\n<div class=\"mp7g_oh\"><button class=\"mg9e_0 mvrt_0 mj7a_0 mh36_0 mp4t_0 m3h2_0 mryx_0 munh_0 mqen_m6 mpof_z0 mx7m_0 m7er_k4 mse2_k4 msts_pt\" data-analytics-interaction=\"true\" data-analytics-interaction-label=\"zoomable-image-open\" aria-disabled=\"true\"><img decoding=\"async\" class=\"msub_k4 mupj_5k mjru_k4 mse2_k4 mp7g_f6 mq1m_0 mj7u_0 m7er_k4 mqen_m6 m31c_d8 m0ux_fp lazyloaded\" src=\"https:\/\/a.allegroimg.com\/original\/11b8f4\/caae71db435a934ac5ca046181ef\/HALLOWEEN-STROJ-KOSTIUM-DYNIA-CZAROWNICY-DYNI-NA-BAL-DLA-DZIECI-ZESTAW-6w1\" sizes=\"100vw\" srcset=\"https:\/\/a.allegroimg.com\/s360\/11b8f4\/caae71db435a934ac5ca046181ef\/HALLOWEEN-STROJ-KOSTIUM-DYNIA-CZAROWNICY-DYNI-NA-BAL-DLA-DZIECI-ZESTAW-6w1 360w,https:\/\/a.allegroimg.com\/s720\/11b8f4\/caae71db435a934ac5ca046181ef\/HALLOWEEN-STROJ-KOSTIUM-DYNIA-CZAROWNICY-DYNI-NA-BAL-DLA-DZIECI-ZESTAW-6w1 720w,https:\/\/a.allegroimg.com\/s1024\/11b8f4\/caae71db435a934ac5ca046181ef\/HALLOWEEN-STROJ-KOSTIUM-DYNIA-CZAROWNICY-DYNI-NA-BAL-DLA-DZIECI-ZESTAW-6w1 1024w,https:\/\/a.allegroimg.com\/s1440\/11b8f4\/caae71db435a934ac5ca046181ef\/HALLOWEEN-STROJ-KOSTIUM-DYNIA-CZAROWNICY-DYNI-NA-BAL-DLA-DZIECI-ZESTAW-6w1 1440w,https:\/\/a.allegroimg.com\/original\/11b8f4\/caae71db435a934ac5ca046181ef\/HALLOWEEN-STROJ-KOSTIUM-DYNIA-CZAROWNICY-DYNI-NA-BAL-DLA-DZIECI-ZESTAW-6w1 2560w\" alt=\"HALLOWEEN STR\u00d3J KOSTIUM DYNIA CZAROWNICY DYNI NA BAL DLA DZIECI ZESTAW 6w1\" width=\"2560px\" data-srcset=\"\" \/><\/button><\/div>\n<\/div>\n<\/div>\n<\/div>\n<\/div>","protected":false},"excerpt":{"rendered":"<p>\u2b50 6 dali\u0173 rinkin\u012f sudaro: pliu\u0161inis galvos lankelis su moli\u016bgais Juodas ir oran\u017einis tiulio sijonas su moli\u016bgais moli\u016bg\u0173 plauk\u0173 segtukas<\/p>","protected":false},"featured_media":74803,"template":"","meta":{"_acf_changed":false,"_glsr_average":0,"_glsr_ranking":0,"_glsr_reviews":0},"product_brand":[],"product_cat":[687,372],"product_tag":[],"class_list":{"0":"post-74802","1":"product","2":"type-product","3":"status-publish","4":"has-post-thumbnail","6":"product_cat-svenciu-kostiumai","7":"product_cat-vaiku-sventems","8":"\"style=\"background-color: #2ecc711c;\"","10":"first","11":"instock","12":"shipping-taxable","13":"purchasable","14":"product-type-variable"},"acf":[],"yoast_head":"<!-- This site is optimized with the Yoast SEO plugin v27.3 - https:\/\/yoast.com\/product\/yoast-seo-wordpress\/ -->\n<title>Helovino moli\u016bgo kostiumas - KidsPlay<\/title>\n<meta name=\"description\" content=\"Helovino moli\u016bgo kostiumas - KidsPlay. Did\u017eiausias vaik\u0173 \u017eaisl\u0173 pasirinkimas.\" \/>\n<meta name=\"robots\" content=\"index, follow, max-snippet:-1, max-image-preview:large, max-video-preview:-1\" \/>\n<link rel=\"canonical\" href=\"https:\/\/kidsplay.lt\/lv\/products\/helovino-moliugo-kostiumas\/\" \/>\n<meta property=\"og:locale\" content=\"lv_LV\" \/>\n<meta property=\"og:type\" content=\"article\" \/>\n<meta property=\"og:title\" content=\"Helovino moli\u016bgo kostiumas - KidsPlay\" \/>\n<meta property=\"og:description\" content=\"Helovino moli\u016bgo kostiumas - KidsPlay. Did\u017eiausias vaik\u0173 \u017eaisl\u0173 pasirinkimas.\" \/>\n<meta property=\"og:url\" content=\"https:\/\/kidsplay.lt\/lv\/products\/helovino-moliugo-kostiumas\/\" \/>\n<meta property=\"og:site_name\" content=\"KidsPlay\" \/>\n<meta property=\"article:publisher\" content=\"https:\/\/www.facebook.com\/www.kidsplay.lt\" \/>\n<meta property=\"og:image\" content=\"https:\/\/kidsplay.lt\/wp-content\/uploads\/2025\/10\/Screenshot_560.png\" \/>\n\t<meta property=\"og:image:width\" content=\"584\" \/>\n\t<meta property=\"og:image:height\" content=\"446\" \/>\n\t<meta property=\"og:image:type\" content=\"image\/png\" \/>\n<meta name=\"twitter:card\" content=\"summary_large_image\" \/>\n<meta name=\"twitter:label1\" content=\"Est. reading time\" \/>\n\t<meta name=\"twitter:data1\" content=\"3 min\u016btes\" \/>\n<script type=\"application\/ld+json\" class=\"yoast-schema-graph\">{\"@context\":\"https:\\\/\\\/schema.org\",\"@graph\":[{\"@type\":\"WebPage\",\"@id\":\"https:\\\/\\\/kidsplay.lt\\\/produktas\\\/helovino-moliugo-kostiumas\\\/\",\"url\":\"https:\\\/\\\/kidsplay.lt\\\/produktas\\\/helovino-moliugo-kostiumas\\\/\",\"name\":\"Helovino moli\u016bgo kostiumas - KidsPlay\",\"isPartOf\":{\"@id\":\"https:\\\/\\\/kidsplay.lt\\\/#website\"},\"primaryImageOfPage\":{\"@id\":\"https:\\\/\\\/kidsplay.lt\\\/produktas\\\/helovino-moliugo-kostiumas\\\/#primaryimage\"},\"image\":{\"@id\":\"https:\\\/\\\/kidsplay.lt\\\/produktas\\\/helovino-moliugo-kostiumas\\\/#primaryimage\"},\"thumbnailUrl\":\"https:\\\/\\\/kidsplay.lt\\\/wp-content\\\/uploads\\\/2025\\\/10\\\/Screenshot_560.png\",\"datePublished\":\"2025-10-05T18:05:27+00:00\",\"description\":\"Helovino moli\u016bgo kostiumas - KidsPlay. Did\u017eiausias vaik\u0173 \u017eaisl\u0173 pasirinkimas.\",\"breadcrumb\":{\"@id\":\"https:\\\/\\\/kidsplay.lt\\\/produktas\\\/helovino-moliugo-kostiumas\\\/#breadcrumb\"},\"inLanguage\":\"lv-LV\",\"potentialAction\":[{\"@type\":\"ReadAction\",\"target\":[\"https:\\\/\\\/kidsplay.lt\\\/produktas\\\/helovino-moliugo-kostiumas\\\/\"]}]},{\"@type\":\"ImageObject\",\"inLanguage\":\"lv-LV\",\"@id\":\"https:\\\/\\\/kidsplay.lt\\\/produktas\\\/helovino-moliugo-kostiumas\\\/#primaryimage\",\"url\":\"https:\\\/\\\/kidsplay.lt\\\/wp-content\\\/uploads\\\/2025\\\/10\\\/Screenshot_560.png\",\"contentUrl\":\"https:\\\/\\\/kidsplay.lt\\\/wp-content\\\/uploads\\\/2025\\\/10\\\/Screenshot_560.png\",\"width\":584,\"height\":446},{\"@type\":\"BreadcrumbList\",\"@id\":\"https:\\\/\\\/kidsplay.lt\\\/produktas\\\/helovino-moliugo-kostiumas\\\/#breadcrumb\",\"itemListElement\":[{\"@type\":\"ListItem\",\"position\":1,\"name\":\"Pagrindinis\",\"item\":\"https:\\\/\\\/kidsplay.lt\\\/\"},{\"@type\":\"ListItem\",\"position\":2,\"name\":\"Parduotuv\u0117\",\"item\":\"https:\\\/\\\/kidsplay.lt\\\/parduotuve\\\/\"},{\"@type\":\"ListItem\",\"position\":3,\"name\":\"Helovino moli\u016bgo kostiumas\"}]},{\"@type\":\"WebSite\",\"@id\":\"https:\\\/\\\/kidsplay.lt\\\/#website\",\"url\":\"https:\\\/\\\/kidsplay.lt\\\/\",\"name\":\"Kidsplay.lt\",\"description\":\"\u012evairios prek\u0117s vaikams\",\"publisher\":{\"@id\":\"https:\\\/\\\/kidsplay.lt\\\/#organization\"},\"alternateName\":\"Kidsplay\",\"potentialAction\":[{\"@type\":\"SearchAction\",\"target\":{\"@type\":\"EntryPoint\",\"urlTemplate\":\"https:\\\/\\\/kidsplay.lt\\\/?s={search_term_string}\"},\"query-input\":{\"@type\":\"PropertyValueSpecification\",\"valueRequired\":true,\"valueName\":\"search_term_string\"}}],\"inLanguage\":\"lv-LV\"},{\"@type\":\"Organization\",\"@id\":\"https:\\\/\\\/kidsplay.lt\\\/#organization\",\"name\":\"KidsPlay\",\"url\":\"https:\\\/\\\/kidsplay.lt\\\/\",\"logo\":{\"@type\":\"ImageObject\",\"inLanguage\":\"lv-LV\",\"@id\":\"https:\\\/\\\/kidsplay.lt\\\/#\\\/schema\\\/logo\\\/image\\\/\",\"url\":\"https:\\\/\\\/kidsplay.lt\\\/wp-content\\\/uploads\\\/2023\\\/07\\\/kidsplay-logo.png\",\"contentUrl\":\"https:\\\/\\\/kidsplay.lt\\\/wp-content\\\/uploads\\\/2023\\\/07\\\/kidsplay-logo.png\",\"width\":451,\"height\":98,\"caption\":\"KidsPlay\"},\"image\":{\"@id\":\"https:\\\/\\\/kidsplay.lt\\\/#\\\/schema\\\/logo\\\/image\\\/\"},\"sameAs\":[\"https:\\\/\\\/www.facebook.com\\\/www.kidsplay.lt\"]}]}<\/script>\n<!-- \/ Yoast SEO plugin. -->","yoast_head_json":{"title":"Helovino moli\u016bgo kostiumas - KidsPlay","description":"Helovino moli\u016bgo kostiumas - KidsPlay. Did\u017eiausias vaik\u0173 \u017eaisl\u0173 pasirinkimas.","robots":{"index":"index","follow":"follow","max-snippet":"max-snippet:-1","max-image-preview":"max-image-preview:large","max-video-preview":"max-video-preview:-1"},"canonical":"https:\/\/kidsplay.lt\/lv\/products\/helovino-moliugo-kostiumas\/","og_locale":"lv_LV","og_type":"article","og_title":"Helovino moli\u016bgo kostiumas - KidsPlay","og_description":"Helovino moli\u016bgo kostiumas - KidsPlay. Did\u017eiausias vaik\u0173 \u017eaisl\u0173 pasirinkimas.","og_url":"https:\/\/kidsplay.lt\/lv\/products\/helovino-moliugo-kostiumas\/","og_site_name":"KidsPlay","article_publisher":"https:\/\/www.facebook.com\/www.kidsplay.lt","og_image":[{"width":584,"height":446,"url":"https:\/\/kidsplay.lt\/wp-content\/uploads\/2025\/10\/Screenshot_560.png","type":"image\/png"}],"twitter_card":"summary_large_image","twitter_misc":{"Est. reading time":"3 min\u016btes"},"schema":{"@context":"https:\/\/schema.org","@graph":[{"@type":"WebPage","@id":"https:\/\/kidsplay.lt\/produktas\/helovino-moliugo-kostiumas\/","url":"https:\/\/kidsplay.lt\/produktas\/helovino-moliugo-kostiumas\/","name":"Helovino moli\u016bgo kostiumas - KidsPlay","isPartOf":{"@id":"https:\/\/kidsplay.lt\/#website"},"primaryImageOfPage":{"@id":"https:\/\/kidsplay.lt\/produktas\/helovino-moliugo-kostiumas\/#primaryimage"},"image":{"@id":"https:\/\/kidsplay.lt\/produktas\/helovino-moliugo-kostiumas\/#primaryimage"},"thumbnailUrl":"https:\/\/kidsplay.lt\/wp-content\/uploads\/2025\/10\/Screenshot_560.png","datePublished":"2025-10-05T18:05:27+00:00","description":"Helovino moli\u016bgo kostiumas - KidsPlay. Did\u017eiausias vaik\u0173 \u017eaisl\u0173 pasirinkimas.","breadcrumb":{"@id":"https:\/\/kidsplay.lt\/produktas\/helovino-moliugo-kostiumas\/#breadcrumb"},"inLanguage":"lv-LV","potentialAction":[{"@type":"ReadAction","target":["https:\/\/kidsplay.lt\/produktas\/helovino-moliugo-kostiumas\/"]}]},{"@type":"ImageObject","inLanguage":"lv-LV","@id":"https:\/\/kidsplay.lt\/produktas\/helovino-moliugo-kostiumas\/#primaryimage","url":"https:\/\/kidsplay.lt\/wp-content\/uploads\/2025\/10\/Screenshot_560.png","contentUrl":"https:\/\/kidsplay.lt\/wp-content\/uploads\/2025\/10\/Screenshot_560.png","width":584,"height":446},{"@type":"BreadcrumbList","@id":"https:\/\/kidsplay.lt\/produktas\/helovino-moliugo-kostiumas\/#breadcrumb","itemListElement":[{"@type":"ListItem","position":1,"name":"Pagrindinis","item":"https:\/\/kidsplay.lt\/"},{"@type":"ListItem","position":2,"name":"Parduotuv\u0117","item":"https:\/\/kidsplay.lt\/parduotuve\/"},{"@type":"ListItem","position":3,"name":"Helovino moli\u016bgo kostiumas"}]},{"@type":"WebSite","@id":"https:\/\/kidsplay.lt\/#website","url":"https:\/\/kidsplay.lt\/","name":"B\u0113rnu sp\u0113les.lv","description":"\u012evairios prek\u0117s vaikams","publisher":{"@id":"https:\/\/kidsplay.lt\/#organization"},"alternateName":"Kidsplay","potentialAction":[{"@type":"SearchAction","target":{"@type":"EntryPoint","urlTemplate":"https:\/\/kidsplay.lt\/?s={search_term_string}"},"query-input":{"@type":"PropertyValueSpecification","valueRequired":true,"valueName":"search_term_string"}}],"inLanguage":"lv-LV"},{"@type":"Organization","@id":"https:\/\/kidsplay.lt\/#organization","name":"B\u0113rnu sp\u0113le","url":"https:\/\/kidsplay.lt\/","logo":{"@type":"ImageObject","inLanguage":"lv-LV","@id":"https:\/\/kidsplay.lt\/#\/schema\/logo\/image\/","url":"https:\/\/kidsplay.lt\/wp-content\/uploads\/2023\/07\/kidsplay-logo.png","contentUrl":"https:\/\/kidsplay.lt\/wp-content\/uploads\/2023\/07\/kidsplay-logo.png","width":451,"height":98,"caption":"KidsPlay"},"image":{"@id":"https:\/\/kidsplay.lt\/#\/schema\/logo\/image\/"},"sameAs":["https:\/\/www.facebook.com\/www.kidsplay.lt"]}]}},"_links":{"self":[{"href":"https:\/\/kidsplay.lt\/lv\/wp-json\/wp\/v2\/product\/74802","targetHints":{"allow":["GET"]}}],"collection":[{"href":"https:\/\/kidsplay.lt\/lv\/wp-json\/wp\/v2\/product"}],"about":[{"href":"https:\/\/kidsplay.lt\/lv\/wp-json\/wp\/v2\/types\/product"}],"version-history":[{"count":1,"href":"https:\/\/kidsplay.lt\/lv\/wp-json\/wp\/v2\/product\/74802\/revisions"}],"predecessor-version":[{"id":74809,"href":"https:\/\/kidsplay.lt\/lv\/wp-json\/wp\/v2\/product\/74802\/revisions\/74809"}],"wp:featuredmedia":[{"embeddable":true,"href":"https:\/\/kidsplay.lt\/lv\/wp-json\/wp\/v2\/media\/74803"}],"wp:attachment":[{"href":"https:\/\/kidsplay.lt\/lv\/wp-json\/wp\/v2\/media?parent=74802"}],"wp:term":[{"taxonomy":"product_brand","embeddable":true,"href":"https:\/\/kidsplay.lt\/lv\/wp-json\/wp\/v2\/product_brand?post=74802"},{"taxonomy":"product_cat","embeddable":true,"href":"https:\/\/kidsplay.lt\/lv\/wp-json\/wp\/v2\/product_cat?post=74802"},{"taxonomy":"product_tag","embeddable":true,"href":"https:\/\/kidsplay.lt\/lv\/wp-json\/wp\/v2\/product_tag?post=74802"}],"curies":[{"name":"wp","href":"https:\/\/api.w.org\/{rel}","templated":true}]}}