{"id":74818,"date":"2025-10-06T00:08:33","date_gmt":"2025-10-05T21:08:33","guid":{"rendered":"https:\/\/kidsplay.lt\/?post_type=product&#038;p=74818"},"modified":"2025-10-06T00:08:33","modified_gmt":"2025-10-05T21:08:33","slug":"vampyro-helovino-kostiumas","status":"publish","type":"product","link":"https:\/\/kidsplay.lt\/lv\/products\/vampyro-helovino-kostiumas\/","title":{"rendered":"Vampyro helovino kostiumas"},"content":{"rendered":"<div class=\"mpof_ki myre_zn myre_8v_l m389_6m_l\">\n<div class=\"mp4t_16_s mryx_16_s mr3m_1 mli2_1 mh85_56 mh85_0_l\">\n<div class=\"mgn2_16 _0d3bd_am0a-\">\n<h2><span dir=\"auto\">\u2b50 DRAKULA VAMPYRO KOSTIUMAS HELOVYNUI IR KARNAVALUI<\/span><\/h2>\n<p><span dir=\"auto\">\u27a1\ufe0f Ie\u0161kote tobulo kostiumo Helovinui ir art\u0117jan\u010diam karnavalui? Kostiumo, kuris padovanos j\u016bs\u0173 vaikui nepamir\u0161tam\u0105 nuotyk\u012f? M\u016bs\u0173 VAMPYRO kostiumas yra puikus pasirinkimas!<\/span><\/p>\n<p><b><span dir=\"auto\">Atraskite tamsiosios elegancijos magij\u0105<\/span><\/b><\/p>\n<p><span dir=\"auto\">\u2b50 \u012e komplekt\u0105 \u012feina:<\/span><\/p>\n<ul>\n<li><b><span dir=\"auto\">suknel\u0117<\/span><\/b><\/li>\n<li><b><span dir=\"auto\">kaklo papuo\u0161alas<\/span><\/b><\/li>\n<li><b><span dir=\"auto\">tatuiruot\u0117s<\/span><\/b><\/li>\n<li><b><span dir=\"auto\">netikras kraujas m\u0117gintuv\u0117lyje<\/span><\/b><\/li>\n<\/ul>\n<p><b><span dir=\"auto\">\u2728 Kuo \u0161is unikalus kostiumas i\u0161siskiria?<\/span><\/b><\/p>\n<p><span dir=\"auto\">\u2728\u00a0<\/span><b><span dir=\"auto\">Gotikinio stiliaus ir karali\u0161kos elegancijos derinys<\/span><\/b><span dir=\"auto\">\u00a0\u2013\u00a0<\/span><b><span dir=\"auto\">didinga, auk\u0161ta apykakl\u0117<\/span><\/b><span dir=\"auto\">\u00a0, pary\u0161kinanti\u00a0<\/span><b><span dir=\"auto\">vampyro<\/span><\/b><span dir=\"auto\">\u00a0aur\u0105, ir\u00a0<\/span><b><span dir=\"auto\">gra\u017eiai suri\u0161tas korsetas<\/span><\/b><span dir=\"auto\">\u00a0, suteikiantis visam \u012fvaizd\u017eiui karali\u0161k\u0105 akcent\u0105. Visa tai leid\u017eia kiekvienai merginai pasijusti tikra\u00a0<\/span><b><span dir=\"auto\">vampyr\u0173 karaliene<\/span><\/b><span dir=\"auto\">\u00a0! Tobulas elegancijos ir paslapties derinys.<\/span><\/p>\n<p><b><span dir=\"auto\">\u2728Juoda ir raudona<\/span><\/b><span dir=\"auto\">\u00a0\u2013 vampyr\u0173 spindesio simbolis! Kontrastais kupinas apranga, kuri nepaliks abejing\u0173.<\/span><\/p>\n<p><b><span dir=\"auto\">\u2728Goti\u0161kas \u017eavesys \u2013<\/span><\/b><span dir=\"auto\">\u00a0klasikinis juodos ir raudonos spalv\u0173 derinys suteikia \u0161iam aprangai\u00a0<\/span><b><span dir=\"auto\">vampyri\u0161ko \u017eavesio<\/span><\/b><span dir=\"auto\">\u00a0. \u0160ios spalvos puikiai perteikia paslapties ir tamsios elegancijos atmosfer\u0105, o \u012fmantr\u016bs n\u0117riniai ir dekoratyvin\u0117s rankov\u0117s suteikia rafinuotumo ir charakterio.<\/span><\/p>\n<p><span dir=\"auto\">\u2714\ufe0fKostiumas puikiai tiks\u00a0<\/span><b><span dir=\"auto\">Helovinui<\/span><\/b><span dir=\"auto\">\u00a0,\u00a0<\/span><b><span dir=\"auto\">karnavalui<\/span><\/b><span dir=\"auto\">\u00a0ar\u00a0<\/span><b><span dir=\"auto\">teminiams vakar\u0117liams<\/span><\/b><span dir=\"auto\">\u00a0.<\/span><\/p>\n<\/div>\n<\/div>\n<div class=\"mp4t_16_s mryx_16_s mr3m_1 mli2_1 mh85_56 mh85_0_l\">\n<div class=\"mg9e_8 mj7a_8 mg9e_0_s mvrt_0_s mj7a_0_s mh36_0_s mzmg_6m munh_16_l m3h2_16_l\">\n<div class=\"mp4t_0 mryx_0 munh_56 m3h2_56\">\n<div class=\"mp7g_oh\"><button class=\"mg9e_0 mvrt_0 mj7a_0 mh36_0 mp4t_0 m3h2_0 mryx_0 munh_0 mqen_m6 mpof_z0 mx7m_0 m7er_k4 mse2_k4 msts_pt\" data-analytics-interaction=\"true\" data-analytics-interaction-label=\"zoomable-image-open\" aria-disabled=\"true\"><img decoding=\"async\" class=\"msub_k4 mupj_5k mjru_k4 mse2_k4 mp7g_f6 mq1m_0 mj7u_0 m7er_k4 mqen_m6 m31c_d8 m0ux_fp lazyloaded\" src=\"https:\/\/a.allegroimg.com\/original\/1182a1\/d65febc84b1fb0abde36535c339d\/STROJ-KARNAWALOWY-WAMPIRZYCA-SUKIENKA-GOTYCKA-KOSTIUM-HALLOWEEN-134-140\" sizes=\"(min-width: 1200px) 560px, (min-width: 992px) 50vw, 100vw\" srcset=\"https:\/\/a.allegroimg.com\/s360\/1182a1\/d65febc84b1fb0abde36535c339d\/STROJ-KARNAWALOWY-WAMPIRZYCA-SUKIENKA-GOTYCKA-KOSTIUM-HALLOWEEN-134-140 360w,https:\/\/a.allegroimg.com\/s720\/1182a1\/d65febc84b1fb0abde36535c339d\/STROJ-KARNAWALOWY-WAMPIRZYCA-SUKIENKA-GOTYCKA-KOSTIUM-HALLOWEEN-134-140 720w,https:\/\/a.allegroimg.com\/s1024\/1182a1\/d65febc84b1fb0abde36535c339d\/STROJ-KARNAWALOWY-WAMPIRZYCA-SUKIENKA-GOTYCKA-KOSTIUM-HALLOWEEN-134-140 1024w,https:\/\/a.allegroimg.com\/s1440\/1182a1\/d65febc84b1fb0abde36535c339d\/STROJ-KARNAWALOWY-WAMPIRZYCA-SUKIENKA-GOTYCKA-KOSTIUM-HALLOWEEN-134-140 1440w,https:\/\/a.allegroimg.com\/original\/1182a1\/d65febc84b1fb0abde36535c339d\/STROJ-KARNAWALOWY-WAMPIRZYCA-SUKIENKA-GOTYCKA-KOSTIUM-HALLOWEEN-134-140 2560w\" alt=\"VAMPYRO KARNAVALO KOSTIUMAS GOTIKIN\u0116 SUKNEL\u0116 HELOVYNO KOSTIUMAS 134 \/ 140\" width=\"2560px\" data-srcset=\"\" \/><\/button><\/div>\n<\/div>\n<\/div>\n<\/div>\n<\/div>\n<div class=\"mpof_ki myre_zn myre_8v_l m389_6m_l\">\n<div class=\"mp4t_16_s mryx_16_s mr3m_1 mli2_1 mh85_56 mh85_0_l\">\n<div class=\"mgn2_16 _0d3bd_am0a-\">\n<p><span dir=\"auto\">\u2b50\u00a0<\/span><b><span dir=\"auto\">SUKNEL\u0116<\/span><\/b><\/p>\n<ul>\n<li><span dir=\"auto\">Suknel\u0117 pasi\u016bta i\u0161 malonaus liesti atlaso, u\u017etikrinan\u010dio patogum\u0105 ir judesi\u0173 laisv\u0119, su elastingu juosmeniu<\/span><\/li>\n<li><b><span dir=\"auto\">Suknel\u0117s vir\u0161us<\/span><\/b><span dir=\"auto\">\u00a0\u012fsp\u016bdingai dekoruotas, p\u016bstos rankov\u0117s \u2013 eleganti\u0161k\u0173 n\u0117rini\u0173 ir atlaso derinys, suteikiantis jai gotikin\u0119 i\u0161vaizd\u0105, korsetinis suknel\u0117s priekis u\u017ebaigtas auk\u0161ta apykakle.<\/span><\/li>\n<li><span dir=\"auto\">tampri med\u017eiaga nugaroje<\/span><\/li>\n<li><span dir=\"auto\">suknel\u0117s apa\u010dia dekoruota n\u0117riniais<\/span><\/li>\n<li><b><span dir=\"auto\">\u012e komplekt\u0105 \u012feina kaklo papuo\u0161alas<\/span><\/b><span dir=\"auto\">\u00a0\u00a0su Velcro u\u017esegimu<\/span><\/li>\n<\/ul>\n<\/div>\n<\/div>\n<div class=\"mp4t_16_s mryx_16_s mr3m_1 mli2_1 mh85_56 mh85_0_l\">\n<div class=\"mg9e_8 mj7a_8 mg9e_0_s mvrt_0_s mj7a_0_s mh36_0_s mzmg_6m munh_16_l m3h2_16_l\">\n<div class=\"mp4t_0 mryx_0 munh_56 m3h2_56\">\n<div class=\"mp7g_oh\"><button class=\"mg9e_0 mvrt_0 mj7a_0 mh36_0 mp4t_0 m3h2_0 mryx_0 munh_0 mqen_m6 mpof_z0 mx7m_0 m7er_k4 mse2_k4 msts_pt\" data-analytics-interaction=\"true\" data-analytics-interaction-label=\"zoomable-image-open\" aria-disabled=\"true\"><img decoding=\"async\" class=\"msub_k4 mupj_5k mjru_k4 mse2_k4 mp7g_f6 mq1m_0 mj7u_0 m7er_k4 mqen_m6 m31c_d8 m0ux_fp lazyloaded\" src=\"https:\/\/a.allegroimg.com\/original\/117d26\/f612511347eeab65127ee594492c\/STROJ-KARNAWALOWY-WAMPIRZYCA-SUKIENKA-GOTYCKA-KOSTIUM-HALLOWEEN-134-140-Plec-Dziewczynki\" sizes=\"(min-width: 1200px) 560px, (min-width: 992px) 50vw, 100vw\" srcset=\"https:\/\/a.allegroimg.com\/s360\/117d26\/f612511347eeab65127ee594492c\/STROJ-KARNAWALOWY-WAMPIRZYCA-SUKIENKA-GOTYCKA-KOSTIUM-HALLOWEEN-134-140-Plec-Dziewczynki 360w,https:\/\/a.allegroimg.com\/s720\/117d26\/f612511347eeab65127ee594492c\/STROJ-KARNAWALOWY-WAMPIRZYCA-SUKIENKA-GOTYCKA-KOSTIUM-HALLOWEEN-134-140-Plec-Dziewczynki 720w,https:\/\/a.allegroimg.com\/s1024\/117d26\/f612511347eeab65127ee594492c\/STROJ-KARNAWALOWY-WAMPIRZYCA-SUKIENKA-GOTYCKA-KOSTIUM-HALLOWEEN-134-140-Plec-Dziewczynki 1000w,https:\/\/a.allegroimg.com\/original\/117d26\/f612511347eeab65127ee594492c\/STROJ-KARNAWALOWY-WAMPIRZYCA-SUKIENKA-GOTYCKA-KOSTIUM-HALLOWEEN-134-140-Plec-Dziewczynki 1000w\" alt=\"VAMPYR\u0172 KARNAVALO KOSTIUMAS, GOTI\u0160KAS SUKNEL\u0116, HELOVYNO KOSTIUMAS 134 \/ 140 Lytis Mergait\u0117ms\" width=\"1000px\" data-srcset=\"\" \/><\/button><\/div>\n<\/div>\n<\/div>\n<div>110-116 dydis:<\/div>\n<div>\n<ul>\n<li><span dir=\"auto\">110\/116 dydis\u00a0\u00a0<\/span><b><span dir=\"auto\">(i\u0161 etiket\u0117s 110\/120)<\/span><\/b><\/li>\n<li><span dir=\"auto\">Suknel\u0117s ilgis, matuojant nuo peties &#8211; 84 cm<\/span><\/li>\n<li><span dir=\"auto\">plotis po pa\u017eastimis &#8211; 32 cm x 2<\/span><\/li>\n<li><span dir=\"auto\">juosmens plotis &#8211; 26-32 cm x2 (elastingas juosmuo)<\/span><\/li>\n<li><span dir=\"auto\">Rankov\u0117s ilgis, matuojant nuo peties &#8211; 37,5 cm<\/span><\/li>\n<li><span dir=\"auto\">rankov\u0117s ilgis, matuojant nuo pa\u017easties &#8211; 32 cm<\/span><\/li>\n<li><span dir=\"auto\">apykakl\u0117s auk\u0161tis &#8211; 14 cm (kai pastatyta)<\/span><\/li>\n<\/ul>\n<p><b><span dir=\"auto\">\u27a1\ufe0f KAROTEL\u0116 &#8211;<\/span><\/b><span dir=\"auto\">\u00a037 cm x 6,5 cm<\/span><\/p>\n<p><b><span dir=\"auto\">\u27a1\ufe0f TATUIRUOT\u0116S &#8211;<\/span><\/b><span dir=\"auto\">\u00a06 vnt. (\u012fvairi\u0173 dyd\u017ei\u0173 ir form\u0173, lizdin\u0117 plok\u0161tel\u0117 15,5 x 9,5 cm), dirbtinis kraujas apie 10 ml<\/span><\/p>\n<p>122-128 dydis:<\/p>\n<ul>\n<li><span dir=\"auto\">122\/128 dydis\u00a0\u00a0<\/span><b><span dir=\"auto\">(i\u0161 etiket\u0117s 120\/130)<\/span><\/b><\/li>\n<li><span dir=\"auto\">Suknel\u0117s ilgis, matuojant nuo peties &#8211; 88 cm<\/span><\/li>\n<li><span dir=\"auto\">plotis po pa\u017eastimis &#8211; 34 cm x 2<\/span><\/li>\n<li><span dir=\"auto\">juosmens plotis &#8211; 28-34 cm x2 (elastingas juosmuo)<\/span><\/li>\n<li><span dir=\"auto\">rankov\u0117s ilgis, matuojant nuo peties &#8211; 39 cm<\/span><\/li>\n<li><span dir=\"auto\">rankov\u0117s ilgis, matuojant nuo pa\u017easties &#8211; 33 cm<\/span><\/li>\n<li><span dir=\"auto\">apykakl\u0117s auk\u0161tis &#8211; 14,5 cm (kai pastatyta)<\/span><\/li>\n<\/ul>\n<p><b><span dir=\"auto\">\u27a1\ufe0f KAROTEL\u0116 &#8211;<\/span><\/b><span dir=\"auto\">\u00a039 cm x 6,5 cm<\/span><\/p>\n<p><b><span dir=\"auto\">\u27a1\ufe0f TATUIRUOT\u0116S &#8211;<\/span><\/b><span dir=\"auto\">\u00a06 vnt. (\u012fvairi\u0173 dyd\u017ei\u0173 ir form\u0173, lizdin\u0117 plok\u0161tel\u0117 15,5 x 9,5 cm), dirbtinis kraujas apie 10 ml<\/span><\/p>\n<p>134-140 dydis:<\/p>\n<ul>\n<li><span dir=\"auto\">134\/140 dydis\u00a0\u00a0<\/span><b><span dir=\"auto\">(i\u0161 etiket\u0117s 130\/140)<\/span><\/b><\/li>\n<li><span dir=\"auto\">Suknel\u0117s ilgis, matuojant nuo peties &#8211; 92 cm<\/span><\/li>\n<li><span dir=\"auto\">plotis po pa\u017eastimis &#8211; 36 cm x 2<\/span><\/li>\n<li><span dir=\"auto\">juosmens plotis &#8211; 29-36 cm x2 (elastingas juosmuo)<\/span><\/li>\n<li><span dir=\"auto\">rankov\u0117s ilgis, matuojant nuo peties &#8211; 40 cm<\/span><\/li>\n<li><span dir=\"auto\">rankov\u0117s ilgis, matuojant nuo pa\u017easties &#8211; 34 cm<\/span><\/li>\n<li><span dir=\"auto\">apykakl\u0117s auk\u0161tis &#8211; 14,5 cm (kai pastatyta)<\/span><\/li>\n<\/ul>\n<p><b><span dir=\"auto\">\u27a1\ufe0f KAROTEL\u0116 &#8211;<\/span><\/b><span dir=\"auto\">\u00a039 cm x 6,5 cm<\/span><\/p>\n<p><b><span dir=\"auto\">\u27a1\ufe0f TATUIRUOT\u0116S &#8211;<\/span><\/b><span dir=\"auto\">\u00a06 vnt. (\u012fvairi\u0173 dyd\u017ei\u0173 ir form\u0173, lizdin\u0117 plok\u0161tel\u0117 15,5 x 9,5 cm), dirbtinis kraujas apie 10 ml<\/span><\/p>\n<\/div>\n<\/div>\n<\/div>","protected":false},"excerpt":{"rendered":"<p>\u2b50 DRAKULA VAMPYRO KOSTIUMAS HELOVYNUI IR KARNAVALUI \u27a1\ufe0f Ie\u0161kote tobulo kostiumo Helovinui ir art\u0117jan\u010diam karnavalui? Kostiumo, kuris padovanos j\u016bs\u0173 vaikui<\/p>","protected":false},"featured_media":74819,"template":"","meta":{"_acf_changed":false,"_glsr_average":0,"_glsr_ranking":0,"_glsr_reviews":0},"product_brand":[],"product_cat":[687,372],"product_tag":[],"class_list":{"0":"post-74818","1":"product","2":"type-product","3":"status-publish","4":"has-post-thumbnail","6":"product_cat-svenciu-kostiumai","7":"product_cat-vaiku-sventems","8":"\"style=\"background-color: #2ecc711c;\"","10":"first","11":"instock","12":"shipping-taxable","13":"purchasable","14":"product-type-variable"},"acf":[],"yoast_head":"<!-- This site is optimized with the Yoast SEO plugin v27.4 - https:\/\/yoast.com\/product\/yoast-seo-wordpress\/ -->\n<title>Vampyro helovino kostiumas - KidsPlay<\/title>\n<meta name=\"description\" content=\"Vampyro helovino kostiumas - KidsPlay. Did\u017eiausias vaik\u0173 \u017eaisl\u0173 pasirinkimas.\" \/>\n<meta name=\"robots\" content=\"index, follow, max-snippet:-1, max-image-preview:large, max-video-preview:-1\" \/>\n<link rel=\"canonical\" href=\"https:\/\/kidsplay.lt\/lv\/products\/vampyro-helovino-kostiumas\/\" \/>\n<meta property=\"og:locale\" content=\"lv_LV\" \/>\n<meta property=\"og:type\" content=\"article\" \/>\n<meta property=\"og:title\" content=\"Vampyro helovino kostiumas - KidsPlay\" \/>\n<meta property=\"og:description\" content=\"Vampyro helovino kostiumas - KidsPlay. Did\u017eiausias vaik\u0173 \u017eaisl\u0173 pasirinkimas.\" \/>\n<meta property=\"og:url\" content=\"https:\/\/kidsplay.lt\/lv\/products\/vampyro-helovino-kostiumas\/\" \/>\n<meta property=\"og:site_name\" content=\"KidsPlay\" \/>\n<meta property=\"article:publisher\" content=\"https:\/\/www.facebook.com\/www.kidsplay.lt\" \/>\n<meta property=\"og:image\" content=\"https:\/\/kidsplay.lt\/wp-content\/uploads\/2025\/10\/Screenshot_565.png\" \/>\n\t<meta property=\"og:image:width\" content=\"456\" \/>\n\t<meta property=\"og:image:height\" content=\"452\" \/>\n\t<meta property=\"og:image:type\" content=\"image\/png\" \/>\n<meta name=\"twitter:card\" content=\"summary_large_image\" \/>\n<meta name=\"twitter:label1\" content=\"Est. reading time\" \/>\n\t<meta name=\"twitter:data1\" content=\"3 min\u016btes\" \/>\n<script type=\"application\/ld+json\" class=\"yoast-schema-graph\">{\"@context\":\"https:\\\/\\\/schema.org\",\"@graph\":[{\"@type\":\"WebPage\",\"@id\":\"https:\\\/\\\/kidsplay.lt\\\/produktas\\\/vampyro-helovino-kostiumas\\\/\",\"url\":\"https:\\\/\\\/kidsplay.lt\\\/produktas\\\/vampyro-helovino-kostiumas\\\/\",\"name\":\"Vampyro helovino kostiumas - KidsPlay\",\"isPartOf\":{\"@id\":\"https:\\\/\\\/kidsplay.lt\\\/#website\"},\"primaryImageOfPage\":{\"@id\":\"https:\\\/\\\/kidsplay.lt\\\/produktas\\\/vampyro-helovino-kostiumas\\\/#primaryimage\"},\"image\":{\"@id\":\"https:\\\/\\\/kidsplay.lt\\\/produktas\\\/vampyro-helovino-kostiumas\\\/#primaryimage\"},\"thumbnailUrl\":\"https:\\\/\\\/kidsplay.lt\\\/wp-content\\\/uploads\\\/2025\\\/10\\\/Screenshot_565.png\",\"datePublished\":\"2025-10-05T21:08:33+00:00\",\"description\":\"Vampyro helovino kostiumas - KidsPlay. Did\u017eiausias vaik\u0173 \u017eaisl\u0173 pasirinkimas.\",\"breadcrumb\":{\"@id\":\"https:\\\/\\\/kidsplay.lt\\\/produktas\\\/vampyro-helovino-kostiumas\\\/#breadcrumb\"},\"inLanguage\":\"lv-LV\",\"potentialAction\":[{\"@type\":\"ReadAction\",\"target\":[\"https:\\\/\\\/kidsplay.lt\\\/produktas\\\/vampyro-helovino-kostiumas\\\/\"]}]},{\"@type\":\"ImageObject\",\"inLanguage\":\"lv-LV\",\"@id\":\"https:\\\/\\\/kidsplay.lt\\\/produktas\\\/vampyro-helovino-kostiumas\\\/#primaryimage\",\"url\":\"https:\\\/\\\/kidsplay.lt\\\/wp-content\\\/uploads\\\/2025\\\/10\\\/Screenshot_565.png\",\"contentUrl\":\"https:\\\/\\\/kidsplay.lt\\\/wp-content\\\/uploads\\\/2025\\\/10\\\/Screenshot_565.png\",\"width\":456,\"height\":452},{\"@type\":\"BreadcrumbList\",\"@id\":\"https:\\\/\\\/kidsplay.lt\\\/produktas\\\/vampyro-helovino-kostiumas\\\/#breadcrumb\",\"itemListElement\":[{\"@type\":\"ListItem\",\"position\":1,\"name\":\"Pagrindinis\",\"item\":\"https:\\\/\\\/kidsplay.lt\\\/\"},{\"@type\":\"ListItem\",\"position\":2,\"name\":\"Parduotuv\u0117\",\"item\":\"https:\\\/\\\/kidsplay.lt\\\/parduotuve\\\/\"},{\"@type\":\"ListItem\",\"position\":3,\"name\":\"Vampyro helovino kostiumas\"}]},{\"@type\":\"WebSite\",\"@id\":\"https:\\\/\\\/kidsplay.lt\\\/#website\",\"url\":\"https:\\\/\\\/kidsplay.lt\\\/\",\"name\":\"Kidsplay.lt\",\"description\":\"\u012evairios prek\u0117s vaikams\",\"publisher\":{\"@id\":\"https:\\\/\\\/kidsplay.lt\\\/#organization\"},\"alternateName\":\"Kidsplay\",\"potentialAction\":[{\"@type\":\"SearchAction\",\"target\":{\"@type\":\"EntryPoint\",\"urlTemplate\":\"https:\\\/\\\/kidsplay.lt\\\/?s={search_term_string}\"},\"query-input\":{\"@type\":\"PropertyValueSpecification\",\"valueRequired\":true,\"valueName\":\"search_term_string\"}}],\"inLanguage\":\"lv-LV\"},{\"@type\":\"Organization\",\"@id\":\"https:\\\/\\\/kidsplay.lt\\\/#organization\",\"name\":\"KidsPlay\",\"url\":\"https:\\\/\\\/kidsplay.lt\\\/\",\"logo\":{\"@type\":\"ImageObject\",\"inLanguage\":\"lv-LV\",\"@id\":\"https:\\\/\\\/kidsplay.lt\\\/#\\\/schema\\\/logo\\\/image\\\/\",\"url\":\"https:\\\/\\\/kidsplay.lt\\\/wp-content\\\/uploads\\\/2023\\\/07\\\/kidsplay-logo.png\",\"contentUrl\":\"https:\\\/\\\/kidsplay.lt\\\/wp-content\\\/uploads\\\/2023\\\/07\\\/kidsplay-logo.png\",\"width\":451,\"height\":98,\"caption\":\"KidsPlay\"},\"image\":{\"@id\":\"https:\\\/\\\/kidsplay.lt\\\/#\\\/schema\\\/logo\\\/image\\\/\"},\"sameAs\":[\"https:\\\/\\\/www.facebook.com\\\/www.kidsplay.lt\"]}]}<\/script>\n<!-- \/ Yoast SEO plugin. -->","yoast_head_json":{"title":"Vampyro helovino kostiumas - KidsPlay","description":"Vampyro helovino kostiumas - KidsPlay. Did\u017eiausias vaik\u0173 \u017eaisl\u0173 pasirinkimas.","robots":{"index":"index","follow":"follow","max-snippet":"max-snippet:-1","max-image-preview":"max-image-preview:large","max-video-preview":"max-video-preview:-1"},"canonical":"https:\/\/kidsplay.lt\/lv\/products\/vampyro-helovino-kostiumas\/","og_locale":"lv_LV","og_type":"article","og_title":"Vampyro helovino kostiumas - KidsPlay","og_description":"Vampyro helovino kostiumas - KidsPlay. Did\u017eiausias vaik\u0173 \u017eaisl\u0173 pasirinkimas.","og_url":"https:\/\/kidsplay.lt\/lv\/products\/vampyro-helovino-kostiumas\/","og_site_name":"KidsPlay","article_publisher":"https:\/\/www.facebook.com\/www.kidsplay.lt","og_image":[{"width":456,"height":452,"url":"https:\/\/kidsplay.lt\/wp-content\/uploads\/2025\/10\/Screenshot_565.png","type":"image\/png"}],"twitter_card":"summary_large_image","twitter_misc":{"Est. reading time":"3 min\u016btes"},"schema":{"@context":"https:\/\/schema.org","@graph":[{"@type":"WebPage","@id":"https:\/\/kidsplay.lt\/produktas\/vampyro-helovino-kostiumas\/","url":"https:\/\/kidsplay.lt\/produktas\/vampyro-helovino-kostiumas\/","name":"Vampyro helovino kostiumas - KidsPlay","isPartOf":{"@id":"https:\/\/kidsplay.lt\/#website"},"primaryImageOfPage":{"@id":"https:\/\/kidsplay.lt\/produktas\/vampyro-helovino-kostiumas\/#primaryimage"},"image":{"@id":"https:\/\/kidsplay.lt\/produktas\/vampyro-helovino-kostiumas\/#primaryimage"},"thumbnailUrl":"https:\/\/kidsplay.lt\/wp-content\/uploads\/2025\/10\/Screenshot_565.png","datePublished":"2025-10-05T21:08:33+00:00","description":"Vampyro helovino kostiumas - KidsPlay. Did\u017eiausias vaik\u0173 \u017eaisl\u0173 pasirinkimas.","breadcrumb":{"@id":"https:\/\/kidsplay.lt\/produktas\/vampyro-helovino-kostiumas\/#breadcrumb"},"inLanguage":"lv-LV","potentialAction":[{"@type":"ReadAction","target":["https:\/\/kidsplay.lt\/produktas\/vampyro-helovino-kostiumas\/"]}]},{"@type":"ImageObject","inLanguage":"lv-LV","@id":"https:\/\/kidsplay.lt\/produktas\/vampyro-helovino-kostiumas\/#primaryimage","url":"https:\/\/kidsplay.lt\/wp-content\/uploads\/2025\/10\/Screenshot_565.png","contentUrl":"https:\/\/kidsplay.lt\/wp-content\/uploads\/2025\/10\/Screenshot_565.png","width":456,"height":452},{"@type":"BreadcrumbList","@id":"https:\/\/kidsplay.lt\/produktas\/vampyro-helovino-kostiumas\/#breadcrumb","itemListElement":[{"@type":"ListItem","position":1,"name":"Pagrindinis","item":"https:\/\/kidsplay.lt\/"},{"@type":"ListItem","position":2,"name":"Parduotuv\u0117","item":"https:\/\/kidsplay.lt\/parduotuve\/"},{"@type":"ListItem","position":3,"name":"Vampyro helovino kostiumas"}]},{"@type":"WebSite","@id":"https:\/\/kidsplay.lt\/#website","url":"https:\/\/kidsplay.lt\/","name":"B\u0113rnu sp\u0113les.lv","description":"\u012evairios prek\u0117s vaikams","publisher":{"@id":"https:\/\/kidsplay.lt\/#organization"},"alternateName":"Kidsplay","potentialAction":[{"@type":"SearchAction","target":{"@type":"EntryPoint","urlTemplate":"https:\/\/kidsplay.lt\/?s={search_term_string}"},"query-input":{"@type":"PropertyValueSpecification","valueRequired":true,"valueName":"search_term_string"}}],"inLanguage":"lv-LV"},{"@type":"Organization","@id":"https:\/\/kidsplay.lt\/#organization","name":"B\u0113rnu sp\u0113le","url":"https:\/\/kidsplay.lt\/","logo":{"@type":"ImageObject","inLanguage":"lv-LV","@id":"https:\/\/kidsplay.lt\/#\/schema\/logo\/image\/","url":"https:\/\/kidsplay.lt\/wp-content\/uploads\/2023\/07\/kidsplay-logo.png","contentUrl":"https:\/\/kidsplay.lt\/wp-content\/uploads\/2023\/07\/kidsplay-logo.png","width":451,"height":98,"caption":"KidsPlay"},"image":{"@id":"https:\/\/kidsplay.lt\/#\/schema\/logo\/image\/"},"sameAs":["https:\/\/www.facebook.com\/www.kidsplay.lt"]}]}},"_links":{"self":[{"href":"https:\/\/kidsplay.lt\/lv\/wp-json\/wp\/v2\/product\/74818","targetHints":{"allow":["GET"]}}],"collection":[{"href":"https:\/\/kidsplay.lt\/lv\/wp-json\/wp\/v2\/product"}],"about":[{"href":"https:\/\/kidsplay.lt\/lv\/wp-json\/wp\/v2\/types\/product"}],"version-history":[{"count":1,"href":"https:\/\/kidsplay.lt\/lv\/wp-json\/wp\/v2\/product\/74818\/revisions"}],"predecessor-version":[{"id":74827,"href":"https:\/\/kidsplay.lt\/lv\/wp-json\/wp\/v2\/product\/74818\/revisions\/74827"}],"wp:featuredmedia":[{"embeddable":true,"href":"https:\/\/kidsplay.lt\/lv\/wp-json\/wp\/v2\/media\/74819"}],"wp:attachment":[{"href":"https:\/\/kidsplay.lt\/lv\/wp-json\/wp\/v2\/media?parent=74818"}],"wp:term":[{"taxonomy":"product_brand","embeddable":true,"href":"https:\/\/kidsplay.lt\/lv\/wp-json\/wp\/v2\/product_brand?post=74818"},{"taxonomy":"product_cat","embeddable":true,"href":"https:\/\/kidsplay.lt\/lv\/wp-json\/wp\/v2\/product_cat?post=74818"},{"taxonomy":"product_tag","embeddable":true,"href":"https:\/\/kidsplay.lt\/lv\/wp-json\/wp\/v2\/product_tag?post=74818"}],"curies":[{"name":"wp","href":"https:\/\/api.w.org\/{rel}","templated":true}]}}