{"id":74850,"date":"2025-10-06T00:25:46","date_gmt":"2025-10-05T21:25:46","guid":{"rendered":"https:\/\/kidsplay.lt\/?post_type=product&#038;p=74850"},"modified":"2025-10-06T00:25:46","modified_gmt":"2025-10-05T21:25:46","slug":"drakulos-vampyro-helovino-kostiumas","status":"publish","type":"product","link":"https:\/\/kidsplay.lt\/lv\/product\/drakulos-vampyro-helovino-kostiumas\/","title":{"rendered":"Drakulos vampyro helovino kostiumas"},"content":{"rendered":"<div class=\"mpof_ki myre_zn myre_8v_l m389_6m_l\">\n<div class=\"mp4t_16_s mryx_16_s mr3m_1 mli2_1 mh85_56 mh85_0_l\">\n<div class=\"mgn2_16 _0d3bd_am0a-\">\n<h2><span dir=\"auto\">VAMPYRO KOSTIUMAS<\/span><\/h2>\n<\/div>\n<\/div>\n<\/div>\n<div class=\"mpof_ki myre_zn myre_8v_l m389_6m_l\">\n<div class=\"mp4t_16_s mryx_16_s mr3m_1 mli2_1 mh85_56 mh85_0_l\">\n<div class=\"mgn2_16 _0d3bd_am0a-\">\n<p><span dir=\"auto\">&#8212;&#8212;&#8212;&#8212;&#8212;&#8212;&#8212;&#8212;&#8212;&#8212;&#8212;-<\/span><\/p>\n<p><b><span dir=\"auto\">PRODUKTO APRA\u0160YMAS:<\/span><\/b><\/p>\n<p><span dir=\"auto\">\u2b50\u00a0\u00a0<\/span><b><span dir=\"auto\">Fantasti\u0161kas<\/span><\/b><span dir=\"auto\">\u00a0kostiumas, puikiai atspindintis\u00a0<\/span><b><span dir=\"auto\">VAMPYRO charakter\u012f!<\/span><\/b><\/p>\n<p><span dir=\"auto\">\u2b50 Kostium\u0105 sudaro\u00a0<\/span><b><span dir=\"auto\">mar\u0161kiniai, keln\u0117s ir apsiaustas<\/span><\/b><span dir=\"auto\">\u00a0,<\/span><\/p>\n<p><span dir=\"auto\">\u2b50 Kostiumas pagamintas i\u0161\u00a0<\/span><b><span dir=\"auto\">auk\u0161tos kokyb\u0117s med\u017eiag\u0173<\/span><\/b><span dir=\"auto\">\u00a0, tod\u0117l gal\u0117site m\u0117gautis ilgalaikiu naudojimu,<\/span><\/p>\n<p><span dir=\"auto\">\u2b50\u00a0<\/span><b><span dir=\"auto\">Keln\u0117s\u00a0<\/span><\/b><span dir=\"auto\">\u00a0su tampriu juosmeniu,<\/span><\/p>\n<p><span dir=\"auto\">\u2b50\u00a0<\/span><b><span dir=\"auto\">Mar\u0161kiniai\u00a0<\/span><\/b><b><span dir=\"auto\">\u00a0su raudonu liemen\u0117s ra\u0161tu, su dekoratyvin\u0117mis sagomis,\u00a0<\/span><\/b><span dir=\"auto\">\u00a0u\u017emaunami per galv\u0105, u\u017esegami lipdukais nugaroje,\u00a0<\/span><b><span dir=\"auto\">\u00a0rankov\u0117s su rankogaliais,\u00a0<\/span><\/b><\/p>\n<p><span dir=\"auto\">\u2b50\u00a0<\/span><b><span dir=\"auto\">Apsiaustas\u00a0<\/span><\/b><span dir=\"auto\">\u00a0su standinta apykakle, suri\u0161tas, puikiai papildo vis\u0105\u00a0<\/span><b><span dir=\"auto\">tams\u0173 kostium\u0105!<\/span><\/b><\/p>\n<p><span dir=\"auto\">\u2b50 Kostiumas\u00a0\u00a0<\/span><b><span dir=\"auto\">puikiai tinka<\/span><\/b><span dir=\"auto\">\u00a0\u00a0Helovinui, karnavalo vakar\u0117liui, kostium\u0173 vakar\u0117liui ar bet kokiam kitam teminiam vakar\u0117liui!<\/span><\/p>\n<p><b><span dir=\"auto\">\u2b50 LABAI REKOMENDUOJAMA! \u2b50<\/span><\/b><\/p>\n<\/div>\n<\/div>\n<div class=\"mp4t_16_s mryx_16_s mr3m_1 mli2_1 mh85_56 mh85_0_l\">\n<div class=\"mg9e_8 mj7a_8 mg9e_0_s mvrt_0_s mj7a_0_s mh36_0_s mzmg_6m munh_16_l m3h2_16_l\">\n<div class=\"mp4t_0 mryx_0 munh_56 m3h2_56\">\n<div class=\"mp7g_oh\"><button class=\"mg9e_0 mvrt_0 mj7a_0 mh36_0 mp4t_0 m3h2_0 mryx_0 munh_0 mqen_m6 mpof_z0 mx7m_0 m7er_k4 mse2_k4 msts_pt\" data-analytics-interaction=\"true\" data-analytics-interaction-label=\"zoomable-image-open\" aria-disabled=\"true\"><img decoding=\"async\" class=\"msub_k4 mupj_5k mjru_k4 mse2_k4 mp7g_f6 mq1m_0 mj7u_0 m7er_k4 mqen_m6 m31c_d8 m0ux_fp lazyloaded\" src=\"https:\/\/a.allegroimg.com\/original\/110a4d\/c0124995401289ee001070d2ce1e\/STROJ-PRZEBRANIE-KOSTIUM-WAMPIR-DRAKULA-NA-HALLOWEEN-BAL-KARNAWAL-116-122-Kolor-czarny\" sizes=\"(min-width: 1200px) 560px, (min-width: 992px) 50vw, 100vw\" srcset=\"https:\/\/a.allegroimg.com\/s360\/110a4d\/c0124995401289ee001070d2ce1e\/STROJ-PRZEBRANIE-KOSTIUM-WAMPIR-DRAKULA-NA-HALLOWEEN-BAL-KARNAWAL-116-122-Kolor-czarny 347w,https:\/\/a.allegroimg.com\/s720\/110a4d\/c0124995401289ee001070d2ce1e\/STROJ-PRZEBRANIE-KOSTIUM-WAMPIR-DRAKULA-NA-HALLOWEEN-BAL-KARNAWAL-116-122-Kolor-czarny 694w,https:\/\/a.allegroimg.com\/s1024\/110a4d\/c0124995401289ee001070d2ce1e\/STROJ-PRZEBRANIE-KOSTIUM-WAMPIR-DRAKULA-NA-HALLOWEEN-BAL-KARNAWAL-116-122-Kolor-czarny 778w,https:\/\/a.allegroimg.com\/original\/110a4d\/c0124995401289ee001070d2ce1e\/STROJ-PRZEBRANIE-KOSTIUM-WAMPIR-DRAKULA-NA-HALLOWEEN-BAL-KARNAWAL-116-122-Kolor-czarny 778w\" alt=\"STR\u00d3J PRZEBRANIE KOSTIUM WAMPIR DRAKULA NA HALLOWEEN BAL KARNAWA\u0141 116\/122 Kolor czarny\" width=\"778px\" data-srcset=\"\" \/><\/button><\/div>\n<\/div>\n<div>\n<div class=\"mp4t_16_s mryx_16_s mr3m_1 mli2_1 mh85_56 mh85_0_l\">\n<div class=\"mgn2_16 _0d3bd_am0a-\">\n<p><b><span dir=\"auto\">Dydis &#8211; 116\/122 (etiket\u0117 M)<\/span><\/b><\/p>\n<p><b><span dir=\"auto\">Kelni\u0173 matmenys:\u00a0<\/span><\/b><\/p>\n<ul>\n<li><b><span dir=\"auto\">Bendras ilgis &#8211;<\/span><\/b><span dir=\"auto\">\u00a074 cm<\/span><\/li>\n<li><b><span dir=\"auto\">Koj\u0173 ilgis nuo tarpkojo &#8211;<\/span><\/b><span dir=\"auto\">\u00a046 cm<\/span><\/li>\n<li><b><span dir=\"auto\">Liemens plotis &#8211;<\/span><\/b><span dir=\"auto\">\u00a0nuo 23 cm (i\u0161siple\u010dia dar 14 cm)<\/span><\/li>\n<\/ul>\n<p><b><span dir=\"auto\">Mar\u0161kin\u0117li\u0173 matmenys:<\/span><\/b><\/p>\n<ul>\n<li><b><span dir=\"auto\">Bendras ilgis &#8211;<\/span><\/b><span dir=\"auto\">\u00a046 cm<\/span><\/li>\n<li><b><span dir=\"auto\">Rankov\u0117s ilgis nuo pa\u017easties &#8211;<\/span><\/b><span dir=\"auto\">\u00a038 cm<\/span><\/li>\n<li><b><span dir=\"auto\">Plotis po pa\u017eastimis &#8211;<\/span><\/b><span dir=\"auto\">\u00a037 cm\u00a0<\/span><\/li>\n<li><b><span dir=\"auto\">Liemens plotis &#8211;<\/span><\/b><span dir=\"auto\">\u00a035 cm (i\u0161siple\u010dia dar 3 cm)<\/span><\/li>\n<\/ul>\n<p><b><span dir=\"auto\">Kepur\u0117s matmenys:<\/span><\/b><\/p>\n<ul>\n<li><b><span dir=\"auto\">Ilgis:\u00a0<\/span><\/b><span dir=\"auto\">\u00a080 cm<\/span><\/li>\n<li><b><span dir=\"auto\">Apykakl\u0117s auk\u0161tis &#8211;<\/span><\/b><span dir=\"auto\">\u00a014 cm<\/span><\/li>\n<\/ul>\n<p><span dir=\"auto\">Matmenys matuojami rankomis, paguld\u017eius horizontaliai. Galima matavimo paklaida +\/- 2 cm.<\/span><\/p>\n<\/div>\n<\/div>\n<div class=\"mp4t_16_s mryx_16_s mr3m_1 mli2_1 mh85_56 mh85_0_l\">\n<div class=\"mg9e_8 mj7a_8 mg9e_0_s mvrt_0_s mj7a_0_s mh36_0_s mzmg_6m munh_16_l m3h2_16_l\">\n<div class=\"mp4t_0 mryx_0 munh_56 m3h2_56\">\n<div class=\"mp7g_oh\">\n<div class=\"mp4t_16_s mryx_16_s mr3m_1 mli2_1 mh85_56 mh85_0_l\">\n<div class=\"mgn2_16 _0d3bd_am0a-\">\n<p><b><span dir=\"auto\">Dydis &#8211; 128\/134 (etiket\u0117 L)<\/span><\/b><\/p>\n<p><b><span dir=\"auto\">Kelni\u0173 matmenys:\u00a0<\/span><\/b><\/p>\n<ul>\n<li><b><span dir=\"auto\">Bendras ilgis &#8211;<\/span><\/b><span dir=\"auto\">\u00a085 cm<\/span><\/li>\n<li><b><span dir=\"auto\">Koj\u0173 ilgis nuo tarpkojo &#8211;<\/span><\/b><span dir=\"auto\">\u00a056 cm<\/span><\/li>\n<li><b><span dir=\"auto\">Liemens plotis &#8211;<\/span><\/b><span dir=\"auto\">\u00a0nuo 23 cm (i\u0161siple\u010dia dar 14 cm)<\/span><\/li>\n<\/ul>\n<p><b><span dir=\"auto\">Mar\u0161kin\u0117li\u0173 matmenys:<\/span><\/b><\/p>\n<ul>\n<li><b><span dir=\"auto\">Bendras ilgis &#8211;<\/span><\/b><span dir=\"auto\">\u00a049 cm<\/span><\/li>\n<li><b><span dir=\"auto\">Rankov\u0117s ilgis nuo pa\u017easties &#8211;<\/span><\/b><span dir=\"auto\">\u00a041 cm<\/span><\/li>\n<li><b><span dir=\"auto\">Plotis po pa\u017eastimis &#8211;<\/span><\/b><span dir=\"auto\">\u00a039 cm\u00a0<\/span><\/li>\n<li><b><span dir=\"auto\">Liemens plotis &#8211;<\/span><\/b><span dir=\"auto\">\u00a036 cm (i\u0161siple\u010dia dar 3 cm)<\/span><\/li>\n<\/ul>\n<p><b><span dir=\"auto\">Kepur\u0117s matmenys:<\/span><\/b><\/p>\n<ul>\n<li><b><span dir=\"auto\">Ilgis &#8211;\u00a0<\/span><\/b><span dir=\"auto\">\u00a085 cm<\/span><\/li>\n<li><b><span dir=\"auto\">Apykakl\u0117s auk\u0161tis &#8211;<\/span><\/b><span dir=\"auto\">\u00a014 cm<\/span><\/li>\n<\/ul>\n<p><span dir=\"auto\">Matmenys matuojami rankomis, paguld\u017eius horizontaliai. Galima matavimo paklaida +\/- 2 cm.<\/span><\/p>\n<\/div>\n<\/div>\n<div class=\"mp4t_16_s mryx_16_s mr3m_1 mli2_1 mh85_56 mh85_0_l\">\n<div class=\"mg9e_8 mj7a_8 mg9e_0_s mvrt_0_s mj7a_0_s mh36_0_s mzmg_6m munh_16_l m3h2_16_l\">\n<div class=\"mp4t_0 mryx_0 munh_56 m3h2_56\">\n<div class=\"mp7g_oh\">\n<div class=\"mp4t_16_s mryx_16_s mr3m_1 mli2_1 mh85_56 mh85_0_l\">\n<div class=\"mgn2_16 _0d3bd_am0a-\">\n<p><b><span dir=\"auto\">Dydis &#8211; 140\/146 (i\u0161 etiket\u0117s XL)<\/span><\/b><\/p>\n<p><b><span dir=\"auto\">Kelni\u0173 matmenys:\u00a0<\/span><\/b><\/p>\n<ul>\n<li><b><span dir=\"auto\">Bendras ilgis &#8211;<\/span><\/b><span dir=\"auto\">\u00a093 cm<\/span><\/li>\n<li><b><span dir=\"auto\">Koj\u0173 ilgis nuo tarpkojo &#8211;<\/span><\/b><span dir=\"auto\">\u00a062 cm<\/span><\/li>\n<li><b><span dir=\"auto\">Liemens plotis &#8211;<\/span><\/b><span dir=\"auto\">\u00a0nuo 25 cm (i\u0161siple\u010dia dar 14 cm)<\/span><\/li>\n<\/ul>\n<p><b><span dir=\"auto\">Mar\u0161kin\u0117li\u0173 matmenys:<\/span><\/b><\/p>\n<ul>\n<li><b><span dir=\"auto\">Bendras ilgis &#8211;<\/span><\/b><span dir=\"auto\">\u00a053 cm<\/span><\/li>\n<li><b><span dir=\"auto\">Rankov\u0117s ilgis nuo pa\u017easties &#8211;<\/span><\/b><span dir=\"auto\">\u00a045 cm<\/span><\/li>\n<li><b><span dir=\"auto\">Plotis po pa\u017eastimis &#8211;<\/span><\/b><span dir=\"auto\">\u00a041 cm\u00a0<\/span><\/li>\n<li><b><span dir=\"auto\">Liemens plotis &#8211;<\/span><\/b><span dir=\"auto\">\u00a039 cm (i\u0161siple\u010dia dar 3 cm)<\/span><\/li>\n<\/ul>\n<p><b><span dir=\"auto\">Kepur\u0117s matmenys:<\/span><\/b><\/p>\n<ul>\n<li><b><span dir=\"auto\">Ilgis &#8211;<\/span><\/b><span dir=\"auto\">\u00a091 cm<\/span><\/li>\n<li><b><span dir=\"auto\">Apykakl\u0117s auk\u0161tis &#8211;<\/span><\/b><span dir=\"auto\">\u00a014 cm<\/span><\/li>\n<\/ul>\n<p><span dir=\"auto\">Matmenys matuojami rankomis, paguld\u017eius horizontaliai. Galima matavimo paklaida +\/- 2 cm.<\/span><\/p>\n<\/div>\n<\/div>\n<div class=\"mp4t_16_s mryx_16_s mr3m_1 mli2_1 mh85_56 mh85_0_l\">\n<div class=\"mg9e_8 mj7a_8 mg9e_0_s mvrt_0_s mj7a_0_s mh36_0_s mzmg_6m munh_16_l m3h2_16_l\">\n<div class=\"mp4t_0 mryx_0 munh_56 m3h2_56\">\n<div class=\"mp7g_oh\"><\/div>\n<\/div>\n<\/div>\n<\/div>\n<\/div>\n<\/div>\n<\/div>\n<\/div>\n<\/div>\n<div><\/div>\n<\/div>\n<\/div>\n<\/div>\n<\/div>\n<\/div>\n<\/div>\n<\/div>","protected":false},"excerpt":{"rendered":"<p>VAMPYRO KOSTIUMAS &#8212;&#8212;&#8212;&#8212;&#8212;&#8212;&#8212;&#8212;&#8212;&#8212;&#8212;- PRODUKTO APRA\u0160YMAS: \u2b50\u00a0\u00a0Fantasti\u0161kas\u00a0kostiumas, puikiai atspindintis\u00a0VAMPYRO charakter\u012f! \u2b50 Kostium\u0105 sudaro\u00a0mar\u0161kiniai, keln\u0117s ir apsiaustas\u00a0, \u2b50 Kostiumas pagamintas i\u0161\u00a0auk\u0161tos kokyb\u0117s<\/p>","protected":false},"featured_media":74851,"template":"","meta":{"_acf_changed":false,"_glsr_average":0,"_glsr_ranking":0,"_glsr_reviews":0},"product_brand":[],"product_cat":[687,372],"product_tag":[],"class_list":{"0":"post-74850","1":"product","2":"type-product","3":"status-publish","4":"has-post-thumbnail","6":"product_cat-svenciu-kostiumai","7":"product_cat-vaiku-sventems","8":"\"style=\"background-color: #2ecc711c;\"","10":"first","11":"instock","12":"shipping-taxable","13":"purchasable","14":"product-type-variable"},"acf":[],"yoast_head":"<!-- This site is optimized with the Yoast SEO plugin v27.3 - https:\/\/yoast.com\/product\/yoast-seo-wordpress\/ -->\n<title>Drakulos vampyro helovino kostiumas - KidsPlay<\/title>\n<meta name=\"description\" content=\"Drakulos vampyro helovino kostiumas - KidsPlay. Did\u017eiausias vaik\u0173 \u017eaisl\u0173 pasirinkimas.\" \/>\n<meta name=\"robots\" content=\"index, follow, max-snippet:-1, max-image-preview:large, max-video-preview:-1\" \/>\n<link rel=\"canonical\" href=\"https:\/\/kidsplay.lt\/lv\/product\/drakulos-vampyro-helovino-kostiumas\/\" \/>\n<meta property=\"og:locale\" content=\"lv_LV\" \/>\n<meta property=\"og:type\" content=\"article\" \/>\n<meta property=\"og:title\" content=\"Drakulos vampyro helovino kostiumas - KidsPlay\" \/>\n<meta property=\"og:description\" content=\"Drakulos vampyro helovino kostiumas - KidsPlay. Did\u017eiausias vaik\u0173 \u017eaisl\u0173 pasirinkimas.\" \/>\n<meta property=\"og:url\" content=\"https:\/\/kidsplay.lt\/lv\/product\/drakulos-vampyro-helovino-kostiumas\/\" \/>\n<meta property=\"og:site_name\" content=\"KidsPlay\" \/>\n<meta property=\"article:publisher\" content=\"https:\/\/www.facebook.com\/www.kidsplay.lt\" \/>\n<meta property=\"og:image\" content=\"https:\/\/kidsplay.lt\/wp-content\/uploads\/2025\/10\/Screenshot_581.png\" \/>\n\t<meta property=\"og:image:width\" content=\"533\" \/>\n\t<meta property=\"og:image:height\" content=\"430\" \/>\n\t<meta property=\"og:image:type\" content=\"image\/png\" \/>\n<meta name=\"twitter:card\" content=\"summary_large_image\" \/>\n<meta name=\"twitter:label1\" content=\"Est. reading time\" \/>\n\t<meta name=\"twitter:data1\" content=\"3 min\u016btes\" \/>\n<script type=\"application\/ld+json\" class=\"yoast-schema-graph\">{\"@context\":\"https:\\\/\\\/schema.org\",\"@graph\":[{\"@type\":\"WebPage\",\"@id\":\"https:\\\/\\\/kidsplay.lt\\\/produktas\\\/drakulos-vampyro-helovino-kostiumas\\\/\",\"url\":\"https:\\\/\\\/kidsplay.lt\\\/produktas\\\/drakulos-vampyro-helovino-kostiumas\\\/\",\"name\":\"Drakulos vampyro helovino kostiumas - KidsPlay\",\"isPartOf\":{\"@id\":\"https:\\\/\\\/kidsplay.lt\\\/#website\"},\"primaryImageOfPage\":{\"@id\":\"https:\\\/\\\/kidsplay.lt\\\/produktas\\\/drakulos-vampyro-helovino-kostiumas\\\/#primaryimage\"},\"image\":{\"@id\":\"https:\\\/\\\/kidsplay.lt\\\/produktas\\\/drakulos-vampyro-helovino-kostiumas\\\/#primaryimage\"},\"thumbnailUrl\":\"https:\\\/\\\/kidsplay.lt\\\/wp-content\\\/uploads\\\/2025\\\/10\\\/Screenshot_581.png\",\"datePublished\":\"2025-10-05T21:25:46+00:00\",\"description\":\"Drakulos vampyro helovino kostiumas - KidsPlay. Did\u017eiausias vaik\u0173 \u017eaisl\u0173 pasirinkimas.\",\"breadcrumb\":{\"@id\":\"https:\\\/\\\/kidsplay.lt\\\/produktas\\\/drakulos-vampyro-helovino-kostiumas\\\/#breadcrumb\"},\"inLanguage\":\"lv-LV\",\"potentialAction\":[{\"@type\":\"ReadAction\",\"target\":[\"https:\\\/\\\/kidsplay.lt\\\/produktas\\\/drakulos-vampyro-helovino-kostiumas\\\/\"]}]},{\"@type\":\"ImageObject\",\"inLanguage\":\"lv-LV\",\"@id\":\"https:\\\/\\\/kidsplay.lt\\\/produktas\\\/drakulos-vampyro-helovino-kostiumas\\\/#primaryimage\",\"url\":\"https:\\\/\\\/kidsplay.lt\\\/wp-content\\\/uploads\\\/2025\\\/10\\\/Screenshot_581.png\",\"contentUrl\":\"https:\\\/\\\/kidsplay.lt\\\/wp-content\\\/uploads\\\/2025\\\/10\\\/Screenshot_581.png\",\"width\":533,\"height\":430},{\"@type\":\"BreadcrumbList\",\"@id\":\"https:\\\/\\\/kidsplay.lt\\\/produktas\\\/drakulos-vampyro-helovino-kostiumas\\\/#breadcrumb\",\"itemListElement\":[{\"@type\":\"ListItem\",\"position\":1,\"name\":\"Pagrindinis\",\"item\":\"https:\\\/\\\/kidsplay.lt\\\/\"},{\"@type\":\"ListItem\",\"position\":2,\"name\":\"Parduotuv\u0117\",\"item\":\"https:\\\/\\\/kidsplay.lt\\\/parduotuve\\\/\"},{\"@type\":\"ListItem\",\"position\":3,\"name\":\"Drakulos vampyro helovino kostiumas\"}]},{\"@type\":\"WebSite\",\"@id\":\"https:\\\/\\\/kidsplay.lt\\\/#website\",\"url\":\"https:\\\/\\\/kidsplay.lt\\\/\",\"name\":\"Kidsplay.lt\",\"description\":\"\u012evairios prek\u0117s vaikams\",\"publisher\":{\"@id\":\"https:\\\/\\\/kidsplay.lt\\\/#organization\"},\"alternateName\":\"Kidsplay\",\"potentialAction\":[{\"@type\":\"SearchAction\",\"target\":{\"@type\":\"EntryPoint\",\"urlTemplate\":\"https:\\\/\\\/kidsplay.lt\\\/?s={search_term_string}\"},\"query-input\":{\"@type\":\"PropertyValueSpecification\",\"valueRequired\":true,\"valueName\":\"search_term_string\"}}],\"inLanguage\":\"lv-LV\"},{\"@type\":\"Organization\",\"@id\":\"https:\\\/\\\/kidsplay.lt\\\/#organization\",\"name\":\"KidsPlay\",\"url\":\"https:\\\/\\\/kidsplay.lt\\\/\",\"logo\":{\"@type\":\"ImageObject\",\"inLanguage\":\"lv-LV\",\"@id\":\"https:\\\/\\\/kidsplay.lt\\\/#\\\/schema\\\/logo\\\/image\\\/\",\"url\":\"https:\\\/\\\/kidsplay.lt\\\/wp-content\\\/uploads\\\/2023\\\/07\\\/kidsplay-logo.png\",\"contentUrl\":\"https:\\\/\\\/kidsplay.lt\\\/wp-content\\\/uploads\\\/2023\\\/07\\\/kidsplay-logo.png\",\"width\":451,\"height\":98,\"caption\":\"KidsPlay\"},\"image\":{\"@id\":\"https:\\\/\\\/kidsplay.lt\\\/#\\\/schema\\\/logo\\\/image\\\/\"},\"sameAs\":[\"https:\\\/\\\/www.facebook.com\\\/www.kidsplay.lt\"]}]}<\/script>\n<!-- \/ Yoast SEO plugin. -->","yoast_head_json":{"title":"Drakulos vampyro helovino kostiumas - KidsPlay","description":"Drakulos vampyro helovino kostiumas - KidsPlay. Did\u017eiausias vaik\u0173 \u017eaisl\u0173 pasirinkimas.","robots":{"index":"index","follow":"follow","max-snippet":"max-snippet:-1","max-image-preview":"max-image-preview:large","max-video-preview":"max-video-preview:-1"},"canonical":"https:\/\/kidsplay.lt\/lv\/product\/drakulos-vampyro-helovino-kostiumas\/","og_locale":"lv_LV","og_type":"article","og_title":"Drakulos vampyro helovino kostiumas - KidsPlay","og_description":"Drakulos vampyro helovino kostiumas - KidsPlay. Did\u017eiausias vaik\u0173 \u017eaisl\u0173 pasirinkimas.","og_url":"https:\/\/kidsplay.lt\/lv\/product\/drakulos-vampyro-helovino-kostiumas\/","og_site_name":"KidsPlay","article_publisher":"https:\/\/www.facebook.com\/www.kidsplay.lt","og_image":[{"width":533,"height":430,"url":"https:\/\/kidsplay.lt\/wp-content\/uploads\/2025\/10\/Screenshot_581.png","type":"image\/png"}],"twitter_card":"summary_large_image","twitter_misc":{"Est. reading time":"3 min\u016btes"},"schema":{"@context":"https:\/\/schema.org","@graph":[{"@type":"WebPage","@id":"https:\/\/kidsplay.lt\/produktas\/drakulos-vampyro-helovino-kostiumas\/","url":"https:\/\/kidsplay.lt\/produktas\/drakulos-vampyro-helovino-kostiumas\/","name":"Drakulos vampyro helovino kostiumas - KidsPlay","isPartOf":{"@id":"https:\/\/kidsplay.lt\/#website"},"primaryImageOfPage":{"@id":"https:\/\/kidsplay.lt\/produktas\/drakulos-vampyro-helovino-kostiumas\/#primaryimage"},"image":{"@id":"https:\/\/kidsplay.lt\/produktas\/drakulos-vampyro-helovino-kostiumas\/#primaryimage"},"thumbnailUrl":"https:\/\/kidsplay.lt\/wp-content\/uploads\/2025\/10\/Screenshot_581.png","datePublished":"2025-10-05T21:25:46+00:00","description":"Drakulos vampyro helovino kostiumas - KidsPlay. Did\u017eiausias vaik\u0173 \u017eaisl\u0173 pasirinkimas.","breadcrumb":{"@id":"https:\/\/kidsplay.lt\/produktas\/drakulos-vampyro-helovino-kostiumas\/#breadcrumb"},"inLanguage":"lv-LV","potentialAction":[{"@type":"ReadAction","target":["https:\/\/kidsplay.lt\/produktas\/drakulos-vampyro-helovino-kostiumas\/"]}]},{"@type":"ImageObject","inLanguage":"lv-LV","@id":"https:\/\/kidsplay.lt\/produktas\/drakulos-vampyro-helovino-kostiumas\/#primaryimage","url":"https:\/\/kidsplay.lt\/wp-content\/uploads\/2025\/10\/Screenshot_581.png","contentUrl":"https:\/\/kidsplay.lt\/wp-content\/uploads\/2025\/10\/Screenshot_581.png","width":533,"height":430},{"@type":"BreadcrumbList","@id":"https:\/\/kidsplay.lt\/produktas\/drakulos-vampyro-helovino-kostiumas\/#breadcrumb","itemListElement":[{"@type":"ListItem","position":1,"name":"Pagrindinis","item":"https:\/\/kidsplay.lt\/"},{"@type":"ListItem","position":2,"name":"Parduotuv\u0117","item":"https:\/\/kidsplay.lt\/parduotuve\/"},{"@type":"ListItem","position":3,"name":"Drakulos vampyro helovino kostiumas"}]},{"@type":"WebSite","@id":"https:\/\/kidsplay.lt\/#website","url":"https:\/\/kidsplay.lt\/","name":"B\u0113rnu sp\u0113les.lv","description":"\u012evairios prek\u0117s vaikams","publisher":{"@id":"https:\/\/kidsplay.lt\/#organization"},"alternateName":"Kidsplay","potentialAction":[{"@type":"SearchAction","target":{"@type":"EntryPoint","urlTemplate":"https:\/\/kidsplay.lt\/?s={search_term_string}"},"query-input":{"@type":"PropertyValueSpecification","valueRequired":true,"valueName":"search_term_string"}}],"inLanguage":"lv-LV"},{"@type":"Organization","@id":"https:\/\/kidsplay.lt\/#organization","name":"B\u0113rnu sp\u0113le","url":"https:\/\/kidsplay.lt\/","logo":{"@type":"ImageObject","inLanguage":"lv-LV","@id":"https:\/\/kidsplay.lt\/#\/schema\/logo\/image\/","url":"https:\/\/kidsplay.lt\/wp-content\/uploads\/2023\/07\/kidsplay-logo.png","contentUrl":"https:\/\/kidsplay.lt\/wp-content\/uploads\/2023\/07\/kidsplay-logo.png","width":451,"height":98,"caption":"KidsPlay"},"image":{"@id":"https:\/\/kidsplay.lt\/#\/schema\/logo\/image\/"},"sameAs":["https:\/\/www.facebook.com\/www.kidsplay.lt"]}]}},"_links":{"self":[{"href":"https:\/\/kidsplay.lt\/lv\/wp-json\/wp\/v2\/product\/74850","targetHints":{"allow":["GET"]}}],"collection":[{"href":"https:\/\/kidsplay.lt\/lv\/wp-json\/wp\/v2\/product"}],"about":[{"href":"https:\/\/kidsplay.lt\/lv\/wp-json\/wp\/v2\/types\/product"}],"version-history":[{"count":1,"href":"https:\/\/kidsplay.lt\/lv\/wp-json\/wp\/v2\/product\/74850\/revisions"}],"predecessor-version":[{"id":74859,"href":"https:\/\/kidsplay.lt\/lv\/wp-json\/wp\/v2\/product\/74850\/revisions\/74859"}],"wp:featuredmedia":[{"embeddable":true,"href":"https:\/\/kidsplay.lt\/lv\/wp-json\/wp\/v2\/media\/74851"}],"wp:attachment":[{"href":"https:\/\/kidsplay.lt\/lv\/wp-json\/wp\/v2\/media?parent=74850"}],"wp:term":[{"taxonomy":"product_brand","embeddable":true,"href":"https:\/\/kidsplay.lt\/lv\/wp-json\/wp\/v2\/product_brand?post=74850"},{"taxonomy":"product_cat","embeddable":true,"href":"https:\/\/kidsplay.lt\/lv\/wp-json\/wp\/v2\/product_cat?post=74850"},{"taxonomy":"product_tag","embeddable":true,"href":"https:\/\/kidsplay.lt\/lv\/wp-json\/wp\/v2\/product_tag?post=74850"}],"curies":[{"name":"wp","href":"https:\/\/api.w.org\/{rel}","templated":true}]}}