{"id":74860,"date":"2025-10-06T00:30:27","date_gmt":"2025-10-05T21:30:27","guid":{"rendered":"https:\/\/kidsplay.lt\/?post_type=product&#038;p=74860"},"modified":"2025-10-06T00:30:27","modified_gmt":"2025-10-05T21:30:27","slug":"kauke-pabaisu-mutantas-helovino-kostiumas","status":"publish","type":"product","link":"https:\/\/kidsplay.lt\/lv\/products\/kauke-pabaisu-mutantas-helovino-kostiumas\/","title":{"rendered":"Kauk\u0119 pabais\u0173 mutantas helovino kostiumas"},"content":{"rendered":"<div class=\"mp4t_16_s mryx_16_s mr3m_1 mli2_1 mh85_56 mh85_0_l\">\n<div class=\"mgn2_16 _0d3bd_am0a-\">\n<p><span dir=\"auto\">\u2728\u00a0<\/span><b><span dir=\"auto\">PRODUKTO APRA\u0160YMAS<\/span><\/b><span dir=\"auto\">\u00a0:<\/span><\/p>\n<p><b><span dir=\"auto\">~~~~~~~~~~~~~~~~~~~~~~~~~~~~~~~~~~~~~~~~~<\/span><\/b><\/p>\n<ul>\n<li><b><span dir=\"auto\">Fantasti\u0161kas kostiumas, sukurtas pagal\u00a0<\/span><\/b><span dir=\"auto\"><b>mutanto<\/b>\u00a0persona\u017eo \u00a0atvaizd\u0105<\/span><b><\/b><\/li>\n<li><b><span dir=\"auto\">Vienos dalies kostiumas<\/span><\/b><span dir=\"auto\">\u00a0\u00a0(ilgos keln\u0117s, ilgos rankov\u0117s),<\/span><\/li>\n<li><b><\/b>\u00a0<b><span dir=\"auto\">\u0160i lengva\u00a0<\/span><\/b><span dir=\"auto\"><b>kauk\u0117<\/b>\u00a0\u00a0neapsunkina vaiko galvos, kai d\u0117vima.\u00a0<\/span><b><span dir=\"auto\">Ji turi raudon\u0105 ir m\u0117lyn\u0105 LED lemputes<\/span><\/b><span dir=\"auto\">\u00a0. Tiesiog paspauskite mygtuk\u0105.<\/span><\/li>\n<li><span dir=\"auto\">Kostiumas u\u017esegamas\u00a0\u00a0<\/span><b><span dir=\"auto\">u\u017etrauktuku<\/span><\/b><span dir=\"auto\">\u00a0\u00a0gale, tod\u0117l j\u012f lengva apsivilkti,<\/span><\/li>\n<li><span dir=\"auto\">Kad b\u016bt\u0173 lengviau naudotis tualetu,\u00a0\u00a0<\/span><b><span dir=\"auto\">kostiumas priekyje taip pat turi pasl\u0117pt\u0105 u\u017etrauktuk\u0105,<\/span><\/b><\/li>\n<li><b><span dir=\"auto\">Papildomas n\u0117rini\u0173<\/span><\/b><span dir=\"auto\">\u00a0u\u017esegimas\u00a0\u00a0\u00a0vir\u0161 u\u017etrauktuko leid\u017eia geriau priglusti kostiumui ir\u00a0\u00a0<\/span><b><span dir=\"auto\">neleid\u017eia<\/span><\/b><span dir=\"auto\">\u00a0\u00a0sta\u010diai apykaklei i\u0161siki\u0161ti nuo kaklo.<\/span><\/li>\n<li><span dir=\"auto\">Kostiume esantys \u012fklotai puikiai\u00a0\u00a0<\/span><b><span dir=\"auto\">imituoja<\/span><\/b>\u00a0<span dir=\"auto\">\u00a0\u00a0\u201etikro\u201c superherojaus raumening\u0105 kr\u016btin\u0119 ir\u00a0\u00a0<\/span><b><span dir=\"auto\">rankas\u00a0<\/span><\/b><b><span dir=\"auto\">.<\/span><\/b><\/li>\n<li><b><span dir=\"auto\">Realus 3D<\/span><\/b><span dir=\"auto\">\u00a0\u00a0monstr\u0173 ra\u0161tas<\/span><\/li>\n<li><b><span dir=\"auto\">Lanksti, maloni<\/span><\/b><span dir=\"auto\">\u00a0\u00a0liesti med\u017eiaga u\u017etikrina naudojimo patogum\u0105 ir jud\u0117jimo laisv\u0119.<\/span><\/li>\n<\/ul>\n<p><b><span dir=\"auto\">Puikus kostiumas baliui, karnavalui, gimtadieniui ar kasdien\u0117ms pramogoms. Taip pat rekomenduojame j\u012f kaip dovan\u0105 \u201eMutant\u201c gerb\u0117jams \ud83d\ude42<\/span><\/b><\/p>\n<p><b><span dir=\"auto\">Labai rekomenduojame!<\/span><\/b><\/p>\n<\/div>\n<\/div>\n<div class=\"mp4t_16_s mryx_16_s mr3m_1 mli2_1 mh85_56 mh85_0_l\">\n<div class=\"mg9e_8 mj7a_8 mg9e_0_s mvrt_0_s mj7a_0_s mh36_0_s mzmg_6m munh_16_l m3h2_16_l\">\n<div class=\"mp4t_0 mryx_0 munh_56 m3h2_56\">\n<div class=\"mp7g_oh\"><button class=\"mg9e_0 mvrt_0 mj7a_0 mh36_0 mp4t_0 m3h2_0 mryx_0 munh_0 mqen_m6 mpof_z0 mx7m_0 m7er_k4 mse2_k4 msts_pt\" data-analytics-interaction=\"true\" data-analytics-interaction-label=\"zoomable-image-open\" aria-disabled=\"true\"><img decoding=\"async\" class=\"msub_k4 mupj_5k mjru_k4 mse2_k4 mp7g_f6 mq1m_0 mj7u_0 m7er_k4 mqen_m6 m31c_d8 m0ux_fp lazyloaded\" src=\"https:\/\/a.allegroimg.com\/original\/110000\/5119898b480fa6e02232266984ab\/STROJ-PRZEBRANIE-MASKA-POTWOR-MUTANT-KOSTIUM-NA-BAL-KARNAWAL-134-140\" sizes=\"(min-width: 1200px) 560px, (min-width: 992px) 50vw, 100vw\" srcset=\"https:\/\/a.allegroimg.com\/s360\/110000\/5119898b480fa6e02232266984ab\/STROJ-PRZEBRANIE-MASKA-POTWOR-MUTANT-KOSTIUM-NA-BAL-KARNAWAL-134-140 360w,https:\/\/a.allegroimg.com\/s720\/110000\/5119898b480fa6e02232266984ab\/STROJ-PRZEBRANIE-MASKA-POTWOR-MUTANT-KOSTIUM-NA-BAL-KARNAWAL-134-140 720w,https:\/\/a.allegroimg.com\/s1024\/110000\/5119898b480fa6e02232266984ab\/STROJ-PRZEBRANIE-MASKA-POTWOR-MUTANT-KOSTIUM-NA-BAL-KARNAWAL-134-140 770w,https:\/\/a.allegroimg.com\/original\/110000\/5119898b480fa6e02232266984ab\/STROJ-PRZEBRANIE-MASKA-POTWOR-MUTANT-KOSTIUM-NA-BAL-KARNAWAL-134-140 770w\" alt=\"STR\u00d3J PRZEBRANIE MASKA POTW\u00d3R MUTANT KOSTIUM NA BAL KARNAWA\u0141 134\/140\" width=\"770px\" data-srcset=\"\" \/><\/button><\/div>\n<\/div>\n<div>\n<p><b><span dir=\"auto\">Dydis: 104\/110 (etiket\u0117je XS)\u00a0<\/span><\/b><\/p>\n<ul>\n<li><b><span dir=\"auto\">Bendras ilgis: 94 CM<\/span><\/b><\/li>\n<li><b><span dir=\"auto\">Plotis po pa\u017eastimis: 29 CM<\/span><\/b><\/li>\n<li><b><span dir=\"auto\">Liemens plotis: 26 CM (tampri guma nugaroje aplink juosmen\u012f)<\/span><\/b><\/li>\n<li><b><span dir=\"auto\">Rankov\u0117s ilgis nuo pa\u017easties: 29 cm<\/span><\/b><\/li>\n<li><b><span dir=\"auto\">Koj\u0173 ilgis nuo tarpkojo: 43 cm<\/span><\/b><\/li>\n<li><b><span dir=\"auto\">Kr\u0101sa:<\/span><\/b><span dir=\"auto\">\u00a0\u00a0\u017ealia, pilka<\/span><\/li>\n<\/ul>\n<p><b><span dir=\"auto\">D\u0116MESIO!<\/span><\/b><\/p>\n<p><b><span dir=\"auto\">Matmenys matuojami rankomis, paguld\u017eius horizontaliai. Matavimo paklaida gali b\u016bti +\/- 2 cm.<\/span><\/b><\/p>\n<p><b><span dir=\"auto\">Dydis: 110\/116 (pa\u017eym\u0117tas S)\u00a0<\/span><\/b><\/p>\n<ul>\n<li><b><span dir=\"auto\">Bendras ilgis: 98 CM<\/span><\/b><\/li>\n<li><b><span dir=\"auto\">Plotis po pa\u017eastimis: 32 CM<\/span><\/b><\/li>\n<li><b><span dir=\"auto\">Liemens plotis: 29 CM (tampri guma nugaroje aplink juosmen\u012f)<\/span><\/b><\/li>\n<li><b><span dir=\"auto\">Rankov\u0117s ilgis nuo pa\u017easties: 32 cm<\/span><\/b><\/li>\n<li><b><span dir=\"auto\">Koj\u0173 ilgis nuo tarpkojo: 47 cm<\/span><\/b><\/li>\n<li><b><span dir=\"auto\">Kr\u0101sa:<\/span><\/b><span dir=\"auto\">\u00a0\u00a0\u017ealia, pilka<\/span><\/li>\n<\/ul>\n<p><b><span dir=\"auto\">D\u0116MESIO!<\/span><\/b><\/p>\n<p><b><span dir=\"auto\">Matmenys matuojami rankomis, paguld\u017eius horizontaliai. Matavimo paklaida gali b\u016bti +\/- 2 cm.<\/span><\/b><\/p>\n<p><b><span dir=\"auto\">Dydis: 134\/140 (L)\u00a0<\/span><\/b><\/p>\n<ul>\n<li><b><span dir=\"auto\">Bendras ilgis: 108 CM<\/span><\/b><\/li>\n<li><b><span dir=\"auto\">Plotis po pa\u017eastimis: 35 CM<\/span><\/b><\/li>\n<li><b><span dir=\"auto\">Liemens plotis: 32 CM (tampri guma nugaroje aplink juosmen\u012f)<\/span><\/b><\/li>\n<li><b><span dir=\"auto\">Rankov\u0117s ilgis nuo pa\u017easties: 43 cm<\/span><\/b><\/li>\n<li><b><span dir=\"auto\">Koj\u0173 ilgis nuo tarpkojo: 56 cm<\/span><\/b><\/li>\n<li><b><span dir=\"auto\">Kr\u0101sa:<\/span><\/b><span dir=\"auto\">\u00a0\u00a0\u017ealia, pilka<\/span><\/li>\n<\/ul>\n<p><b><span dir=\"auto\">D\u0116MESIO!<\/span><\/b><\/p>\n<p><b><span dir=\"auto\">Matmenys matuojami rankomis, paguld\u017eius horizontaliai. Matavimo paklaida gali b\u016bti +\/- 2 cm.<\/span><\/b><\/p>\n<p>&nbsp;<\/p>\n<\/div>\n<\/div>\n<\/div>","protected":false},"excerpt":{"rendered":"<p>\u2728\u00a0PRODUKTO APRA\u0160YMAS\u00a0: ~~~~~~~~~~~~~~~~~~~~~~~~~~~~~~~~~~~~~~~~~ Fantasti\u0161kas kostiumas, sukurtas pagal\u00a0mutanto\u00a0persona\u017eo \u00a0atvaizd\u0105 Vienos dalies kostiumas\u00a0\u00a0(ilgos keln\u0117s, ilgos rankov\u0117s), \u00a0\u0160i lengva\u00a0kauk\u0117\u00a0\u00a0neapsunkina vaiko galvos, kai d\u0117vima.\u00a0Ji<\/p>","protected":false},"featured_media":74861,"template":"","meta":{"_acf_changed":false,"_glsr_average":0,"_glsr_ranking":0,"_glsr_reviews":0},"product_brand":[],"product_cat":[687,372],"product_tag":[],"class_list":{"0":"post-74860","1":"product","2":"type-product","3":"status-publish","4":"has-post-thumbnail","6":"product_cat-svenciu-kostiumai","7":"product_cat-vaiku-sventems","8":"\"style=\"background-color: #2ecc711c;\"","10":"first","11":"instock","12":"shipping-taxable","13":"purchasable","14":"product-type-variable"},"acf":[],"yoast_head":"<!-- This site is optimized with the Yoast SEO plugin v27.3 - https:\/\/yoast.com\/product\/yoast-seo-wordpress\/ -->\n<title>Kauk\u0119 pabais\u0173 mutantas helovino kostiumas - KidsPlay<\/title>\n<meta name=\"description\" content=\"Kauk\u0119 pabais\u0173 mutantas helovino kostiumas - KidsPlay. Did\u017eiausias vaik\u0173 \u017eaisl\u0173 pasirinkimas.\" \/>\n<meta name=\"robots\" content=\"index, follow, max-snippet:-1, max-image-preview:large, max-video-preview:-1\" \/>\n<link rel=\"canonical\" href=\"https:\/\/kidsplay.lt\/lv\/products\/kauke-pabaisu-mutantas-helovino-kostiumas\/\" \/>\n<meta property=\"og:locale\" content=\"lv_LV\" \/>\n<meta property=\"og:type\" content=\"article\" \/>\n<meta property=\"og:title\" content=\"Kauk\u0119 pabais\u0173 mutantas helovino kostiumas - KidsPlay\" \/>\n<meta property=\"og:description\" content=\"Kauk\u0119 pabais\u0173 mutantas helovino kostiumas - KidsPlay. Did\u017eiausias vaik\u0173 \u017eaisl\u0173 pasirinkimas.\" \/>\n<meta property=\"og:url\" content=\"https:\/\/kidsplay.lt\/lv\/products\/kauke-pabaisu-mutantas-helovino-kostiumas\/\" \/>\n<meta property=\"og:site_name\" content=\"KidsPlay\" \/>\n<meta property=\"article:publisher\" content=\"https:\/\/www.facebook.com\/www.kidsplay.lt\" \/>\n<meta property=\"og:image\" content=\"https:\/\/kidsplay.lt\/wp-content\/uploads\/2025\/10\/Screenshot_586.png\" \/>\n\t<meta property=\"og:image:width\" content=\"551\" \/>\n\t<meta property=\"og:image:height\" content=\"451\" \/>\n\t<meta property=\"og:image:type\" content=\"image\/png\" \/>\n<meta name=\"twitter:card\" content=\"summary_large_image\" \/>\n<meta name=\"twitter:label1\" content=\"Est. reading time\" \/>\n\t<meta name=\"twitter:data1\" content=\"2 min\u016btes\" \/>\n<script type=\"application\/ld+json\" class=\"yoast-schema-graph\">{\"@context\":\"https:\\\/\\\/schema.org\",\"@graph\":[{\"@type\":\"WebPage\",\"@id\":\"https:\\\/\\\/kidsplay.lt\\\/produktas\\\/kauke-pabaisu-mutantas-helovino-kostiumas\\\/\",\"url\":\"https:\\\/\\\/kidsplay.lt\\\/produktas\\\/kauke-pabaisu-mutantas-helovino-kostiumas\\\/\",\"name\":\"Kauk\u0119 pabais\u0173 mutantas helovino kostiumas - KidsPlay\",\"isPartOf\":{\"@id\":\"https:\\\/\\\/kidsplay.lt\\\/#website\"},\"primaryImageOfPage\":{\"@id\":\"https:\\\/\\\/kidsplay.lt\\\/produktas\\\/kauke-pabaisu-mutantas-helovino-kostiumas\\\/#primaryimage\"},\"image\":{\"@id\":\"https:\\\/\\\/kidsplay.lt\\\/produktas\\\/kauke-pabaisu-mutantas-helovino-kostiumas\\\/#primaryimage\"},\"thumbnailUrl\":\"https:\\\/\\\/kidsplay.lt\\\/wp-content\\\/uploads\\\/2025\\\/10\\\/Screenshot_586.png\",\"datePublished\":\"2025-10-05T21:30:27+00:00\",\"description\":\"Kauk\u0119 pabais\u0173 mutantas helovino kostiumas - KidsPlay. Did\u017eiausias vaik\u0173 \u017eaisl\u0173 pasirinkimas.\",\"breadcrumb\":{\"@id\":\"https:\\\/\\\/kidsplay.lt\\\/produktas\\\/kauke-pabaisu-mutantas-helovino-kostiumas\\\/#breadcrumb\"},\"inLanguage\":\"lv-LV\",\"potentialAction\":[{\"@type\":\"ReadAction\",\"target\":[\"https:\\\/\\\/kidsplay.lt\\\/produktas\\\/kauke-pabaisu-mutantas-helovino-kostiumas\\\/\"]}]},{\"@type\":\"ImageObject\",\"inLanguage\":\"lv-LV\",\"@id\":\"https:\\\/\\\/kidsplay.lt\\\/produktas\\\/kauke-pabaisu-mutantas-helovino-kostiumas\\\/#primaryimage\",\"url\":\"https:\\\/\\\/kidsplay.lt\\\/wp-content\\\/uploads\\\/2025\\\/10\\\/Screenshot_586.png\",\"contentUrl\":\"https:\\\/\\\/kidsplay.lt\\\/wp-content\\\/uploads\\\/2025\\\/10\\\/Screenshot_586.png\",\"width\":551,\"height\":451},{\"@type\":\"BreadcrumbList\",\"@id\":\"https:\\\/\\\/kidsplay.lt\\\/produktas\\\/kauke-pabaisu-mutantas-helovino-kostiumas\\\/#breadcrumb\",\"itemListElement\":[{\"@type\":\"ListItem\",\"position\":1,\"name\":\"Pagrindinis\",\"item\":\"https:\\\/\\\/kidsplay.lt\\\/\"},{\"@type\":\"ListItem\",\"position\":2,\"name\":\"Parduotuv\u0117\",\"item\":\"https:\\\/\\\/kidsplay.lt\\\/parduotuve\\\/\"},{\"@type\":\"ListItem\",\"position\":3,\"name\":\"Kauk\u0119 pabais\u0173 mutantas helovino kostiumas\"}]},{\"@type\":\"WebSite\",\"@id\":\"https:\\\/\\\/kidsplay.lt\\\/#website\",\"url\":\"https:\\\/\\\/kidsplay.lt\\\/\",\"name\":\"Kidsplay.lt\",\"description\":\"\u012evairios prek\u0117s vaikams\",\"publisher\":{\"@id\":\"https:\\\/\\\/kidsplay.lt\\\/#organization\"},\"alternateName\":\"Kidsplay\",\"potentialAction\":[{\"@type\":\"SearchAction\",\"target\":{\"@type\":\"EntryPoint\",\"urlTemplate\":\"https:\\\/\\\/kidsplay.lt\\\/?s={search_term_string}\"},\"query-input\":{\"@type\":\"PropertyValueSpecification\",\"valueRequired\":true,\"valueName\":\"search_term_string\"}}],\"inLanguage\":\"lv-LV\"},{\"@type\":\"Organization\",\"@id\":\"https:\\\/\\\/kidsplay.lt\\\/#organization\",\"name\":\"KidsPlay\",\"url\":\"https:\\\/\\\/kidsplay.lt\\\/\",\"logo\":{\"@type\":\"ImageObject\",\"inLanguage\":\"lv-LV\",\"@id\":\"https:\\\/\\\/kidsplay.lt\\\/#\\\/schema\\\/logo\\\/image\\\/\",\"url\":\"https:\\\/\\\/kidsplay.lt\\\/wp-content\\\/uploads\\\/2023\\\/07\\\/kidsplay-logo.png\",\"contentUrl\":\"https:\\\/\\\/kidsplay.lt\\\/wp-content\\\/uploads\\\/2023\\\/07\\\/kidsplay-logo.png\",\"width\":451,\"height\":98,\"caption\":\"KidsPlay\"},\"image\":{\"@id\":\"https:\\\/\\\/kidsplay.lt\\\/#\\\/schema\\\/logo\\\/image\\\/\"},\"sameAs\":[\"https:\\\/\\\/www.facebook.com\\\/www.kidsplay.lt\"]}]}<\/script>\n<!-- \/ Yoast SEO plugin. -->","yoast_head_json":{"title":"Kauk\u0119 pabais\u0173 mutantas helovino kostiumas - KidsPlay","description":"Kauk\u0119 pabais\u0173 mutantas helovino kostiumas - KidsPlay. Did\u017eiausias vaik\u0173 \u017eaisl\u0173 pasirinkimas.","robots":{"index":"index","follow":"follow","max-snippet":"max-snippet:-1","max-image-preview":"max-image-preview:large","max-video-preview":"max-video-preview:-1"},"canonical":"https:\/\/kidsplay.lt\/lv\/products\/kauke-pabaisu-mutantas-helovino-kostiumas\/","og_locale":"lv_LV","og_type":"article","og_title":"Kauk\u0119 pabais\u0173 mutantas helovino kostiumas - KidsPlay","og_description":"Kauk\u0119 pabais\u0173 mutantas helovino kostiumas - KidsPlay. Did\u017eiausias vaik\u0173 \u017eaisl\u0173 pasirinkimas.","og_url":"https:\/\/kidsplay.lt\/lv\/products\/kauke-pabaisu-mutantas-helovino-kostiumas\/","og_site_name":"KidsPlay","article_publisher":"https:\/\/www.facebook.com\/www.kidsplay.lt","og_image":[{"width":551,"height":451,"url":"https:\/\/kidsplay.lt\/wp-content\/uploads\/2025\/10\/Screenshot_586.png","type":"image\/png"}],"twitter_card":"summary_large_image","twitter_misc":{"Est. reading time":"2 min\u016btes"},"schema":{"@context":"https:\/\/schema.org","@graph":[{"@type":"WebPage","@id":"https:\/\/kidsplay.lt\/produktas\/kauke-pabaisu-mutantas-helovino-kostiumas\/","url":"https:\/\/kidsplay.lt\/produktas\/kauke-pabaisu-mutantas-helovino-kostiumas\/","name":"Kauk\u0119 pabais\u0173 mutantas helovino kostiumas - KidsPlay","isPartOf":{"@id":"https:\/\/kidsplay.lt\/#website"},"primaryImageOfPage":{"@id":"https:\/\/kidsplay.lt\/produktas\/kauke-pabaisu-mutantas-helovino-kostiumas\/#primaryimage"},"image":{"@id":"https:\/\/kidsplay.lt\/produktas\/kauke-pabaisu-mutantas-helovino-kostiumas\/#primaryimage"},"thumbnailUrl":"https:\/\/kidsplay.lt\/wp-content\/uploads\/2025\/10\/Screenshot_586.png","datePublished":"2025-10-05T21:30:27+00:00","description":"Kauk\u0119 pabais\u0173 mutantas helovino kostiumas - KidsPlay. Did\u017eiausias vaik\u0173 \u017eaisl\u0173 pasirinkimas.","breadcrumb":{"@id":"https:\/\/kidsplay.lt\/produktas\/kauke-pabaisu-mutantas-helovino-kostiumas\/#breadcrumb"},"inLanguage":"lv-LV","potentialAction":[{"@type":"ReadAction","target":["https:\/\/kidsplay.lt\/produktas\/kauke-pabaisu-mutantas-helovino-kostiumas\/"]}]},{"@type":"ImageObject","inLanguage":"lv-LV","@id":"https:\/\/kidsplay.lt\/produktas\/kauke-pabaisu-mutantas-helovino-kostiumas\/#primaryimage","url":"https:\/\/kidsplay.lt\/wp-content\/uploads\/2025\/10\/Screenshot_586.png","contentUrl":"https:\/\/kidsplay.lt\/wp-content\/uploads\/2025\/10\/Screenshot_586.png","width":551,"height":451},{"@type":"BreadcrumbList","@id":"https:\/\/kidsplay.lt\/produktas\/kauke-pabaisu-mutantas-helovino-kostiumas\/#breadcrumb","itemListElement":[{"@type":"ListItem","position":1,"name":"Pagrindinis","item":"https:\/\/kidsplay.lt\/"},{"@type":"ListItem","position":2,"name":"Parduotuv\u0117","item":"https:\/\/kidsplay.lt\/parduotuve\/"},{"@type":"ListItem","position":3,"name":"Kauk\u0119 pabais\u0173 mutantas helovino kostiumas"}]},{"@type":"WebSite","@id":"https:\/\/kidsplay.lt\/#website","url":"https:\/\/kidsplay.lt\/","name":"B\u0113rnu sp\u0113les.lv","description":"\u012evairios prek\u0117s vaikams","publisher":{"@id":"https:\/\/kidsplay.lt\/#organization"},"alternateName":"Kidsplay","potentialAction":[{"@type":"SearchAction","target":{"@type":"EntryPoint","urlTemplate":"https:\/\/kidsplay.lt\/?s={search_term_string}"},"query-input":{"@type":"PropertyValueSpecification","valueRequired":true,"valueName":"search_term_string"}}],"inLanguage":"lv-LV"},{"@type":"Organization","@id":"https:\/\/kidsplay.lt\/#organization","name":"B\u0113rnu sp\u0113le","url":"https:\/\/kidsplay.lt\/","logo":{"@type":"ImageObject","inLanguage":"lv-LV","@id":"https:\/\/kidsplay.lt\/#\/schema\/logo\/image\/","url":"https:\/\/kidsplay.lt\/wp-content\/uploads\/2023\/07\/kidsplay-logo.png","contentUrl":"https:\/\/kidsplay.lt\/wp-content\/uploads\/2023\/07\/kidsplay-logo.png","width":451,"height":98,"caption":"KidsPlay"},"image":{"@id":"https:\/\/kidsplay.lt\/#\/schema\/logo\/image\/"},"sameAs":["https:\/\/www.facebook.com\/www.kidsplay.lt"]}]}},"_links":{"self":[{"href":"https:\/\/kidsplay.lt\/lv\/wp-json\/wp\/v2\/product\/74860","targetHints":{"allow":["GET"]}}],"collection":[{"href":"https:\/\/kidsplay.lt\/lv\/wp-json\/wp\/v2\/product"}],"about":[{"href":"https:\/\/kidsplay.lt\/lv\/wp-json\/wp\/v2\/types\/product"}],"version-history":[{"count":1,"href":"https:\/\/kidsplay.lt\/lv\/wp-json\/wp\/v2\/product\/74860\/revisions"}],"predecessor-version":[{"id":74867,"href":"https:\/\/kidsplay.lt\/lv\/wp-json\/wp\/v2\/product\/74860\/revisions\/74867"}],"wp:featuredmedia":[{"embeddable":true,"href":"https:\/\/kidsplay.lt\/lv\/wp-json\/wp\/v2\/media\/74861"}],"wp:attachment":[{"href":"https:\/\/kidsplay.lt\/lv\/wp-json\/wp\/v2\/media?parent=74860"}],"wp:term":[{"taxonomy":"product_brand","embeddable":true,"href":"https:\/\/kidsplay.lt\/lv\/wp-json\/wp\/v2\/product_brand?post=74860"},{"taxonomy":"product_cat","embeddable":true,"href":"https:\/\/kidsplay.lt\/lv\/wp-json\/wp\/v2\/product_cat?post=74860"},{"taxonomy":"product_tag","embeddable":true,"href":"https:\/\/kidsplay.lt\/lv\/wp-json\/wp\/v2\/product_tag?post=74860"}],"curies":[{"name":"wp","href":"https:\/\/api.w.org\/{rel}","templated":true}]}}