{"id":74868,"date":"2025-10-06T00:35:28","date_gmt":"2025-10-05T21:35:28","guid":{"rendered":"https:\/\/kidsplay.lt\/?post_type=product&#038;p=74868"},"modified":"2025-10-06T00:35:28","modified_gmt":"2025-10-05T21:35:28","slug":"vilkolakis-helovino-kostiumas","status":"publish","type":"product","link":"https:\/\/kidsplay.lt\/lv\/products\/vilkolakis-helovino-kostiumas\/","title":{"rendered":"Vilka\u010da Helov\u012bna kost\u012bms"},"content":{"rendered":"<h2><span dir=\"auto\">\u2b50Vilkolakio Helovino kostiumas vaikams\u2b50<\/span><\/h2>\n<h2><span dir=\"auto\">\u2b50 Vilkolakio kostiumas susideda i\u0161 vientiso kombinezono ir kauk\u0117s.<\/span><\/h2>\n<h2><span dir=\"auto\">\u2b50Kombinzonas turi kail\u012f imituojant\u012f ra\u0161t\u0105 ir puikiai priglunda prie k\u016bno.<\/span><\/h2>\n<h2><span dir=\"auto\">\u2b50Kostiumas turi u\u017etrauktuk\u0105, kad b\u016bt\u0173 lengviau naudotis tualetu\u00a0<\/span><\/h2>\n<h2><span dir=\"auto\">\u2b50Dydis: 116 \/ 122 (nuo etiket\u0117s M)<\/span><\/h2>\n<h2><span dir=\"auto\">\u2b50 Matmenys:<\/span><\/h2>\n<h2><span dir=\"auto\">\u2b50Bendras ilgis: 114 cm<\/span><\/h2>\n<h2><span dir=\"auto\">\u2b50Plotis po pa\u017eastimis: 32 cm<\/span><\/h2>\n<h2><span dir=\"auto\">\u2b50 Rankov\u0117s ilgis: 41 cm<\/span><\/h2>\n<h2><span dir=\"auto\">\u2b50 Liemens plotis: 31 cm<\/span><\/h2>\n<h2><span dir=\"auto\">\u2b50 Koj\u0173 ilgis: 64 cm<\/span><\/h2>\n<h2><span dir=\"auto\">\u2b50Kostiumas 6\u20137 met\u0173 berniukui.<\/span><\/h2>\n<h2><span dir=\"auto\">\u2b50Kauk\u0117s matmenys: 26 x 23 cm<\/span><\/h2>\n<p><b><span dir=\"auto\">Matmenys i\u0161matuoti rankomis, paguld\u017eius horizontaliai. Galima matavimo paklaida +\/- 2 cm.\u00a0<\/span><\/b><\/p>\n<h2><span dir=\"auto\">\u2b50Dydis: 128 \/ 134 (etiket\u0117je L)<\/span><\/h2>\n<h2><span dir=\"auto\">\u2b50 Matmenys:<\/span><\/h2>\n<h2><span dir=\"auto\">\u2b50Bendras ilgis: 117 cm<\/span><\/h2>\n<h2><span dir=\"auto\">\u2b50Plotis po pa\u017eastimis: 36 cm<\/span><\/h2>\n<h2><span dir=\"auto\">\u2b50 Rankov\u0117s ilgis: 43 cm<\/span><\/h2>\n<h2><span dir=\"auto\">\u2b50 Liemens plotis: 34 cm<\/span><\/h2>\n<h2><span dir=\"auto\">\u2b50 Koj\u0173 ilgis: 65 cm<\/span><\/h2>\n<h2><span dir=\"auto\">\u2b50Kostiumas 8\u20139 met\u0173 berniukui.<\/span><\/h2>\n<p><b><span dir=\"auto\">Matmenys i\u0161matuoti rankomis, paguld\u017eius horizontaliai. Galima matavimo paklaida +\/- 2 cm.\u00a0<\/span><\/b><\/p>\n<h2><span dir=\"auto\">\u2b50Dydis: 140 \/ 146 (i\u0161 etiket\u0117s XL)<\/span><\/h2>\n<h2><span dir=\"auto\">\u2b50 Matmenys:<\/span><\/h2>\n<h2><span dir=\"auto\">\u2b50Bendras ilgis: 124 cm<\/span><\/h2>\n<h2><span dir=\"auto\">\u2b50Plotis po pa\u017eastimis: 36 cm<\/span><\/h2>\n<h2><span dir=\"auto\">\u2b50 Rankov\u0117s ilgis: 46 cm<\/span><\/h2>\n<h2><span dir=\"auto\">\u2b50 Liemens plotis: 35 cm<\/span><\/h2>\n<h2><span dir=\"auto\">\u2b50 Koj\u0173 ilgis: 68 cm<\/span><\/h2>\n<h2><span dir=\"auto\">\u2b50Kostiumas 10\u201311 met\u0173 berniukui.<\/span><\/h2>\n<p><b><span dir=\"auto\">Matmenys i\u0161matuoti rankomis, paguld\u017eius horizontaliai. Galima matavimo paklaida +\/- 2 cm.<\/span><\/b><\/p>\n<h2><span dir=\"auto\">\u2b50 APRANGOS SPECIFIKACIJOS:<\/span><\/h2>\n<h2><span dir=\"auto\">\u2b50Dydis: 152 \/ 158 (i\u0161 etiket\u0117s XXL)<\/span><\/h2>\n<h2><span dir=\"auto\">\u2b50 Matmenys:<\/span><\/h2>\n<h2><span dir=\"auto\">\u2b50Bendras ilgis: 131 cm<\/span><\/h2>\n<h2><span dir=\"auto\">\u2b50Plotis po pa\u017eastimis: 40 cm<\/span><\/h2>\n<h2><span dir=\"auto\">\u2b50 Rankov\u0117s ilgis: 48 cm<\/span><\/h2>\n<h2><span dir=\"auto\">\u2b50 Liemens plotis: 38 cm<\/span><\/h2>\n<h2><span dir=\"auto\">\u2b50 Koj\u0173 ilgis: 70 cm<\/span><\/h2>\n<h2><span dir=\"auto\">\u2b50Kostiumas 12\u201313 met\u0173 berniukui.<\/span><\/h2>\n<p><b><span dir=\"auto\">Matmenys i\u0161matuoti rankomis, paguld\u017eius horizontaliai. Galima matavimo paklaida +\/- 2 cm.<\/span><\/b><\/p>","protected":false},"excerpt":{"rendered":"<p>\u2b50Vilkolakio Helovino kostiumas vaikams\u2b50 \u2b50 Vilkolakio kostiumas susideda i\u0161 vientiso kombinezono ir kauk\u0117s. \u2b50Kombinzonas turi kail\u012f imituojant\u012f ra\u0161t\u0105 ir puikiai<\/p>","protected":false},"featured_media":74869,"template":"","meta":{"_acf_changed":false,"_glsr_average":0,"_glsr_ranking":0,"_glsr_reviews":0},"product_brand":[],"product_cat":[687,372],"product_tag":[],"class_list":{"0":"post-74868","1":"product","2":"type-product","3":"status-publish","4":"has-post-thumbnail","6":"product_cat-svenciu-kostiumai","7":"product_cat-vaiku-sventems","8":"\"style=\"background-color: #2ecc711c;\"","10":"first","11":"instock","12":"shipping-taxable","13":"purchasable","14":"product-type-variable"},"acf":[],"yoast_head":"<!-- This site is optimized with the Yoast SEO plugin v27.3 - https:\/\/yoast.com\/product\/yoast-seo-wordpress\/ -->\n<title>Vilkolakis helovino kostiumas - KidsPlay<\/title>\n<meta name=\"description\" content=\"Vilkolakis helovino kostiumas - KidsPlay. Did\u017eiausias vaik\u0173 \u017eaisl\u0173 pasirinkimas.\" \/>\n<meta name=\"robots\" content=\"index, follow, max-snippet:-1, max-image-preview:large, max-video-preview:-1\" \/>\n<link rel=\"canonical\" href=\"https:\/\/kidsplay.lt\/lv\/products\/vilkolakis-helovino-kostiumas\/\" \/>\n<meta property=\"og:locale\" content=\"lv_LV\" \/>\n<meta property=\"og:type\" content=\"article\" \/>\n<meta property=\"og:title\" content=\"Vilkolakis helovino kostiumas - KidsPlay\" \/>\n<meta property=\"og:description\" content=\"Vilkolakis helovino kostiumas - KidsPlay. Did\u017eiausias vaik\u0173 \u017eaisl\u0173 pasirinkimas.\" \/>\n<meta property=\"og:url\" content=\"https:\/\/kidsplay.lt\/lv\/products\/vilkolakis-helovino-kostiumas\/\" \/>\n<meta property=\"og:site_name\" content=\"KidsPlay\" \/>\n<meta property=\"article:publisher\" content=\"https:\/\/www.facebook.com\/www.kidsplay.lt\" \/>\n<meta property=\"og:image\" content=\"https:\/\/kidsplay.lt\/wp-content\/uploads\/2025\/10\/Screenshot_589.png\" \/>\n\t<meta property=\"og:image:width\" content=\"569\" \/>\n\t<meta property=\"og:image:height\" content=\"458\" \/>\n\t<meta property=\"og:image:type\" content=\"image\/png\" \/>\n<meta name=\"twitter:card\" content=\"summary_large_image\" \/>\n<meta name=\"twitter:label1\" content=\"Est. reading time\" \/>\n\t<meta name=\"twitter:data1\" content=\"2 min\u016btes\" \/>\n<script type=\"application\/ld+json\" class=\"yoast-schema-graph\">{\"@context\":\"https:\\\/\\\/schema.org\",\"@graph\":[{\"@type\":\"WebPage\",\"@id\":\"https:\\\/\\\/kidsplay.lt\\\/produktas\\\/vilkolakis-helovino-kostiumas\\\/\",\"url\":\"https:\\\/\\\/kidsplay.lt\\\/produktas\\\/vilkolakis-helovino-kostiumas\\\/\",\"name\":\"Vilkolakis helovino kostiumas - KidsPlay\",\"isPartOf\":{\"@id\":\"https:\\\/\\\/kidsplay.lt\\\/#website\"},\"primaryImageOfPage\":{\"@id\":\"https:\\\/\\\/kidsplay.lt\\\/produktas\\\/vilkolakis-helovino-kostiumas\\\/#primaryimage\"},\"image\":{\"@id\":\"https:\\\/\\\/kidsplay.lt\\\/produktas\\\/vilkolakis-helovino-kostiumas\\\/#primaryimage\"},\"thumbnailUrl\":\"https:\\\/\\\/kidsplay.lt\\\/wp-content\\\/uploads\\\/2025\\\/10\\\/Screenshot_589.png\",\"datePublished\":\"2025-10-05T21:35:28+00:00\",\"description\":\"Vilkolakis helovino kostiumas - KidsPlay. Did\u017eiausias vaik\u0173 \u017eaisl\u0173 pasirinkimas.\",\"breadcrumb\":{\"@id\":\"https:\\\/\\\/kidsplay.lt\\\/produktas\\\/vilkolakis-helovino-kostiumas\\\/#breadcrumb\"},\"inLanguage\":\"lv-LV\",\"potentialAction\":[{\"@type\":\"ReadAction\",\"target\":[\"https:\\\/\\\/kidsplay.lt\\\/produktas\\\/vilkolakis-helovino-kostiumas\\\/\"]}]},{\"@type\":\"ImageObject\",\"inLanguage\":\"lv-LV\",\"@id\":\"https:\\\/\\\/kidsplay.lt\\\/produktas\\\/vilkolakis-helovino-kostiumas\\\/#primaryimage\",\"url\":\"https:\\\/\\\/kidsplay.lt\\\/wp-content\\\/uploads\\\/2025\\\/10\\\/Screenshot_589.png\",\"contentUrl\":\"https:\\\/\\\/kidsplay.lt\\\/wp-content\\\/uploads\\\/2025\\\/10\\\/Screenshot_589.png\",\"width\":569,\"height\":458},{\"@type\":\"BreadcrumbList\",\"@id\":\"https:\\\/\\\/kidsplay.lt\\\/produktas\\\/vilkolakis-helovino-kostiumas\\\/#breadcrumb\",\"itemListElement\":[{\"@type\":\"ListItem\",\"position\":1,\"name\":\"Pagrindinis\",\"item\":\"https:\\\/\\\/kidsplay.lt\\\/\"},{\"@type\":\"ListItem\",\"position\":2,\"name\":\"Parduotuv\u0117\",\"item\":\"https:\\\/\\\/kidsplay.lt\\\/parduotuve\\\/\"},{\"@type\":\"ListItem\",\"position\":3,\"name\":\"Vilkolakis helovino kostiumas\"}]},{\"@type\":\"WebSite\",\"@id\":\"https:\\\/\\\/kidsplay.lt\\\/#website\",\"url\":\"https:\\\/\\\/kidsplay.lt\\\/\",\"name\":\"Kidsplay.lt\",\"description\":\"\u012evairios prek\u0117s vaikams\",\"publisher\":{\"@id\":\"https:\\\/\\\/kidsplay.lt\\\/#organization\"},\"alternateName\":\"Kidsplay\",\"potentialAction\":[{\"@type\":\"SearchAction\",\"target\":{\"@type\":\"EntryPoint\",\"urlTemplate\":\"https:\\\/\\\/kidsplay.lt\\\/?s={search_term_string}\"},\"query-input\":{\"@type\":\"PropertyValueSpecification\",\"valueRequired\":true,\"valueName\":\"search_term_string\"}}],\"inLanguage\":\"lv-LV\"},{\"@type\":\"Organization\",\"@id\":\"https:\\\/\\\/kidsplay.lt\\\/#organization\",\"name\":\"KidsPlay\",\"url\":\"https:\\\/\\\/kidsplay.lt\\\/\",\"logo\":{\"@type\":\"ImageObject\",\"inLanguage\":\"lv-LV\",\"@id\":\"https:\\\/\\\/kidsplay.lt\\\/#\\\/schema\\\/logo\\\/image\\\/\",\"url\":\"https:\\\/\\\/kidsplay.lt\\\/wp-content\\\/uploads\\\/2023\\\/07\\\/kidsplay-logo.png\",\"contentUrl\":\"https:\\\/\\\/kidsplay.lt\\\/wp-content\\\/uploads\\\/2023\\\/07\\\/kidsplay-logo.png\",\"width\":451,\"height\":98,\"caption\":\"KidsPlay\"},\"image\":{\"@id\":\"https:\\\/\\\/kidsplay.lt\\\/#\\\/schema\\\/logo\\\/image\\\/\"},\"sameAs\":[\"https:\\\/\\\/www.facebook.com\\\/www.kidsplay.lt\"]}]}<\/script>\n<!-- \/ Yoast SEO plugin. -->","yoast_head_json":{"title":"Vilkolakis helovino kostiumas - KidsPlay","description":"Vilkolakis helovino kostiumas - KidsPlay. Did\u017eiausias vaik\u0173 \u017eaisl\u0173 pasirinkimas.","robots":{"index":"index","follow":"follow","max-snippet":"max-snippet:-1","max-image-preview":"max-image-preview:large","max-video-preview":"max-video-preview:-1"},"canonical":"https:\/\/kidsplay.lt\/lv\/products\/vilkolakis-helovino-kostiumas\/","og_locale":"lv_LV","og_type":"article","og_title":"Vilkolakis helovino kostiumas - KidsPlay","og_description":"Vilkolakis helovino kostiumas - KidsPlay. Did\u017eiausias vaik\u0173 \u017eaisl\u0173 pasirinkimas.","og_url":"https:\/\/kidsplay.lt\/lv\/products\/vilkolakis-helovino-kostiumas\/","og_site_name":"KidsPlay","article_publisher":"https:\/\/www.facebook.com\/www.kidsplay.lt","og_image":[{"width":569,"height":458,"url":"https:\/\/kidsplay.lt\/wp-content\/uploads\/2025\/10\/Screenshot_589.png","type":"image\/png"}],"twitter_card":"summary_large_image","twitter_misc":{"Est. reading time":"2 min\u016btes"},"schema":{"@context":"https:\/\/schema.org","@graph":[{"@type":"WebPage","@id":"https:\/\/kidsplay.lt\/produktas\/vilkolakis-helovino-kostiumas\/","url":"https:\/\/kidsplay.lt\/produktas\/vilkolakis-helovino-kostiumas\/","name":"Vilkolakis helovino kostiumas - KidsPlay","isPartOf":{"@id":"https:\/\/kidsplay.lt\/#website"},"primaryImageOfPage":{"@id":"https:\/\/kidsplay.lt\/produktas\/vilkolakis-helovino-kostiumas\/#primaryimage"},"image":{"@id":"https:\/\/kidsplay.lt\/produktas\/vilkolakis-helovino-kostiumas\/#primaryimage"},"thumbnailUrl":"https:\/\/kidsplay.lt\/wp-content\/uploads\/2025\/10\/Screenshot_589.png","datePublished":"2025-10-05T21:35:28+00:00","description":"Vilkolakis helovino kostiumas - KidsPlay. Did\u017eiausias vaik\u0173 \u017eaisl\u0173 pasirinkimas.","breadcrumb":{"@id":"https:\/\/kidsplay.lt\/produktas\/vilkolakis-helovino-kostiumas\/#breadcrumb"},"inLanguage":"lv-LV","potentialAction":[{"@type":"ReadAction","target":["https:\/\/kidsplay.lt\/produktas\/vilkolakis-helovino-kostiumas\/"]}]},{"@type":"ImageObject","inLanguage":"lv-LV","@id":"https:\/\/kidsplay.lt\/produktas\/vilkolakis-helovino-kostiumas\/#primaryimage","url":"https:\/\/kidsplay.lt\/wp-content\/uploads\/2025\/10\/Screenshot_589.png","contentUrl":"https:\/\/kidsplay.lt\/wp-content\/uploads\/2025\/10\/Screenshot_589.png","width":569,"height":458},{"@type":"BreadcrumbList","@id":"https:\/\/kidsplay.lt\/produktas\/vilkolakis-helovino-kostiumas\/#breadcrumb","itemListElement":[{"@type":"ListItem","position":1,"name":"Pagrindinis","item":"https:\/\/kidsplay.lt\/"},{"@type":"ListItem","position":2,"name":"Parduotuv\u0117","item":"https:\/\/kidsplay.lt\/parduotuve\/"},{"@type":"ListItem","position":3,"name":"Vilkolakis helovino kostiumas"}]},{"@type":"WebSite","@id":"https:\/\/kidsplay.lt\/#website","url":"https:\/\/kidsplay.lt\/","name":"B\u0113rnu sp\u0113les.lv","description":"\u012evairios prek\u0117s vaikams","publisher":{"@id":"https:\/\/kidsplay.lt\/#organization"},"alternateName":"Kidsplay","potentialAction":[{"@type":"SearchAction","target":{"@type":"EntryPoint","urlTemplate":"https:\/\/kidsplay.lt\/?s={search_term_string}"},"query-input":{"@type":"PropertyValueSpecification","valueRequired":true,"valueName":"search_term_string"}}],"inLanguage":"lv-LV"},{"@type":"Organization","@id":"https:\/\/kidsplay.lt\/#organization","name":"B\u0113rnu sp\u0113le","url":"https:\/\/kidsplay.lt\/","logo":{"@type":"ImageObject","inLanguage":"lv-LV","@id":"https:\/\/kidsplay.lt\/#\/schema\/logo\/image\/","url":"https:\/\/kidsplay.lt\/wp-content\/uploads\/2023\/07\/kidsplay-logo.png","contentUrl":"https:\/\/kidsplay.lt\/wp-content\/uploads\/2023\/07\/kidsplay-logo.png","width":451,"height":98,"caption":"KidsPlay"},"image":{"@id":"https:\/\/kidsplay.lt\/#\/schema\/logo\/image\/"},"sameAs":["https:\/\/www.facebook.com\/www.kidsplay.lt"]}]}},"_links":{"self":[{"href":"https:\/\/kidsplay.lt\/lv\/wp-json\/wp\/v2\/product\/74868","targetHints":{"allow":["GET"]}}],"collection":[{"href":"https:\/\/kidsplay.lt\/lv\/wp-json\/wp\/v2\/product"}],"about":[{"href":"https:\/\/kidsplay.lt\/lv\/wp-json\/wp\/v2\/types\/product"}],"version-history":[{"count":1,"href":"https:\/\/kidsplay.lt\/lv\/wp-json\/wp\/v2\/product\/74868\/revisions"}],"predecessor-version":[{"id":74875,"href":"https:\/\/kidsplay.lt\/lv\/wp-json\/wp\/v2\/product\/74868\/revisions\/74875"}],"wp:featuredmedia":[{"embeddable":true,"href":"https:\/\/kidsplay.lt\/lv\/wp-json\/wp\/v2\/media\/74869"}],"wp:attachment":[{"href":"https:\/\/kidsplay.lt\/lv\/wp-json\/wp\/v2\/media?parent=74868"}],"wp:term":[{"taxonomy":"product_brand","embeddable":true,"href":"https:\/\/kidsplay.lt\/lv\/wp-json\/wp\/v2\/product_brand?post=74868"},{"taxonomy":"product_cat","embeddable":true,"href":"https:\/\/kidsplay.lt\/lv\/wp-json\/wp\/v2\/product_cat?post=74868"},{"taxonomy":"product_tag","embeddable":true,"href":"https:\/\/kidsplay.lt\/lv\/wp-json\/wp\/v2\/product_tag?post=74868"}],"curies":[{"name":"wp","href":"https:\/\/api.w.org\/{rel}","templated":true}]}}