{"id":74876,"date":"2025-10-06T00:37:08","date_gmt":"2025-10-05T21:37:08","guid":{"rendered":"https:\/\/kidsplay.lt\/?post_type=product&#038;p=74876"},"modified":"2025-12-29T20:50:02","modified_gmt":"2025-12-29T18:50:02","slug":"treciadienes-adamso-helovino-kostiumas","status":"publish","type":"product","link":"https:\/\/kidsplay.lt\/lv\/products\/treciadienes-adamso-helovino-kostiumas\/","title":{"rendered":"Tre\u010diadien\u0117s Adamso helovino kostiumas"},"content":{"rendered":"<div class=\"mpof_ki myre_zn myre_8v_l m389_6m_l\">\n<div class=\"mp4t_16_s mryx_16_s mr3m_1 mli2_1 mh85_56 mh85_0_l\">\n<div class=\"mgn2_16 _0d3bd_am0a-\">\n<h1><span dir=\"auto\">TRE\u010cIADIENIO ADDAMO KOSPLEJAUS HELOVYNO KARNAVALO SUKNEL\u0116 110 116<\/span><\/h1>\n<\/div>\n<\/div>\n<\/div>\n<div class=\"mpof_ki myre_zn myre_8v_l m389_6m_l\">\n<div class=\"mp4t_16_s mryx_16_s mr3m_1 mli2_1 mh85_56 mh85_0_l\">\n<div class=\"mg9e_8 mj7a_8 mg9e_0_s mvrt_0_s mj7a_0_s mh36_0_s mzmg_6m munh_16_l m3h2_16_l\">\n<div class=\"mp4t_0 mryx_0 munh_56 m3h2_56\">\n<div class=\"mp7g_oh\"><button class=\"mg9e_0 mvrt_0 mj7a_0 mh36_0 mp4t_0 m3h2_0 mryx_0 munh_0 mqen_m6 mpof_z0 mx7m_0 m7er_k4 mse2_k4 msts_pt\" data-analytics-interaction=\"true\" data-analytics-interaction-label=\"zoomable-image-open\" aria-disabled=\"true\"><img decoding=\"async\" class=\"msub_k4 mupj_5k mjru_k4 mse2_k4 mp7g_f6 mq1m_0 mj7u_0 m7er_k4 mqen_m6 m31c_d8 m0ux_fp lazyloaded\" src=\"https:\/\/a.allegroimg.com\/original\/11f355\/6e387f214581b0041cae26e95b76\/STROJ-KOSTIUM-SUKIENKA-WEDNESDAY-ADDAMS-COSPLAY-HALLOWEEN-KARNAWAL-110-116\" sizes=\"(min-width: 1200px) 560px, (min-width: 992px) 50vw, 100vw\" srcset=\"https:\/\/a.allegroimg.com\/s360\/11f355\/6e387f214581b0041cae26e95b76\/STROJ-KOSTIUM-SUKIENKA-WEDNESDAY-ADDAMS-COSPLAY-HALLOWEEN-KARNAWAL-110-116 360w,https:\/\/a.allegroimg.com\/s720\/11f355\/6e387f214581b0041cae26e95b76\/STROJ-KOSTIUM-SUKIENKA-WEDNESDAY-ADDAMS-COSPLAY-HALLOWEEN-KARNAWAL-110-116 720w,https:\/\/a.allegroimg.com\/s1024\/11f355\/6e387f214581b0041cae26e95b76\/STROJ-KOSTIUM-SUKIENKA-WEDNESDAY-ADDAMS-COSPLAY-HALLOWEEN-KARNAWAL-110-116 1000w,https:\/\/a.allegroimg.com\/original\/11f355\/6e387f214581b0041cae26e95b76\/STROJ-KOSTIUM-SUKIENKA-WEDNESDAY-ADDAMS-COSPLAY-HALLOWEEN-KARNAWAL-110-116 1000w\" alt=\"TRE\u010cIADIENIO ADDAMO KOSPLEJAUS HELOVYNO KARNAVALO SUKNEL\u0116 110 116\" width=\"1000px\" data-srcset=\"\" \/><\/button><\/div>\n<\/div>\n<\/div>\n<\/div>\n<div class=\"mp4t_16_s mryx_16_s mr3m_1 mli2_1 mh85_56 mh85_0_l\">\n<div class=\"mgn2_16 _0d3bd_am0a-\">\n<h2><span dir=\"auto\">\u2b50Tre\u010diadienio Adamso suknel\u0117s apranga\u2b50<\/span><\/h2>\n<h2><span dir=\"auto\">\u2b50Suknel\u0117, pasi\u016bta pagal Wednesday Adams suknel\u0117s pavyzd\u012f.<\/span><\/h2>\n<h2><span dir=\"auto\">\u2b50Suknel\u0117, pasi\u016bta i\u0161 ry\u0161ki\u0173 med\u017eiag\u0173, juodos spalvos.<\/span><\/h2>\n<h2><span dir=\"auto\">\u2b50 Apranga u\u017esegama priekyje sagomis ir u\u017etrauktuku.<\/span><\/h2>\n<\/div>\n<\/div>\n<\/div>\n<div class=\"mpof_ki myre_zn myre_8v_l m389_6m_l\">\n<div class=\"mp4t_16_s mryx_16_s mr3m_1 mli2_1 mh85_56 mh85_0_l\">\n<div class=\"mgn2_16 _0d3bd_am0a-\">\n<h2><span dir=\"auto\">TRE\u010cIADIENIO ADDAMS SUKNEL\u0116<\/span><\/h2>\n<\/div>\n<\/div>\n<\/div>\n<div class=\"mpof_ki myre_zn myre_8v_l m389_6m_l\">\n<div class=\"mp4t_16_s mryx_16_s mr3m_1 mli2_1 mh85_56 mh85_0_l\">\n<div class=\"mg9e_8 mj7a_8 mg9e_0_s mvrt_0_s mj7a_0_s mh36_0_s mzmg_6m munh_16_l m3h2_16_l\">\n<div class=\"mp4t_0 mryx_0 munh_56 m3h2_56\">\n<div class=\"mp7g_oh\"><button class=\"mg9e_0 mvrt_0 mj7a_0 mh36_0 mp4t_0 m3h2_0 mryx_0 munh_0 mqen_m6 mpof_z0 mx7m_0 m7er_k4 mse2_k4 msts_pt\" data-analytics-interaction=\"true\" data-analytics-interaction-label=\"zoomable-image-open\" aria-disabled=\"true\"><img decoding=\"async\" class=\"msub_k4 mupj_5k mjru_k4 mse2_k4 mp7g_f6 mq1m_0 mj7u_0 m7er_k4 mqen_m6 m31c_d8 m0ux_fp lazyloaded\" src=\"https:\/\/a.allegroimg.com\/original\/11b652\/94da9e394a1b968de04887c6648a\/STROJ-KOSTIUM-SUKIENKA-WEDNESDAY-ADDAMS-COSPLAY-HALLOWEEN-KARNAWAL-110-116-Marka-Hopki\" sizes=\"(min-width: 1200px) 560px, (min-width: 992px) 50vw, 100vw\" srcset=\"https:\/\/a.allegroimg.com\/s360\/11b652\/94da9e394a1b968de04887c6648a\/STROJ-KOSTIUM-SUKIENKA-WEDNESDAY-ADDAMS-COSPLAY-HALLOWEEN-KARNAWAL-110-116-Marka-Hopki 360w,https:\/\/a.allegroimg.com\/s720\/11b652\/94da9e394a1b968de04887c6648a\/STROJ-KOSTIUM-SUKIENKA-WEDNESDAY-ADDAMS-COSPLAY-HALLOWEEN-KARNAWAL-110-116-Marka-Hopki 720w,https:\/\/a.allegroimg.com\/s1024\/11b652\/94da9e394a1b968de04887c6648a\/STROJ-KOSTIUM-SUKIENKA-WEDNESDAY-ADDAMS-COSPLAY-HALLOWEEN-KARNAWAL-110-116-Marka-Hopki 950w,https:\/\/a.allegroimg.com\/original\/11b652\/94da9e394a1b968de04887c6648a\/STROJ-KOSTIUM-SUKIENKA-WEDNESDAY-ADDAMS-COSPLAY-HALLOWEEN-KARNAWAL-110-116-Marka-Hopki 950w\" alt=\"TRE\u010cIADIENIO ADDAMO KOSPLEJAUS HELOVYNO KARNAVALO SUKNEL\u0116 110 116 Prek\u0117s \u017eenklas Hopki\" width=\"950px\" data-srcset=\"\" \/><\/button><\/div>\n<\/div>\n<\/div>\n<\/div>\n<div class=\"mp4t_16_s mryx_16_s mr3m_1 mli2_1 mh85_56 mh85_0_l\">\n<div class=\"mgn2_16 _0d3bd_am0a-\">\n<h2><span dir=\"auto\">\u2b50SPECIFIKACIJOS:<\/span><\/h2>\n<h2><span dir=\"auto\">\u2b50Dydis &#8211; 110\/116 (110 etiket\u0117je)<\/span><\/h2>\n<h2><span dir=\"auto\">\u2b50Bendras ilgis: 77 cm<\/span><\/h2>\n<h2><span dir=\"auto\">\u2b50Plotis po pa\u017eastimis: 32 cm<\/span><\/h2>\n<h2><span dir=\"auto\">\u2b50 Liemens plotis: 29 cm<\/span><\/h2>\n<h2><span dir=\"auto\">\u2b50Bendras dir\u017eelio ilgis: apie 97 cm<\/span><\/h2>\n<h2><span dir=\"auto\">Kostiumas 5-6 met\u0173 mergait\u0117ms<\/span><\/h2>\n<h2><span dir=\"auto\">Matmenys matuojami rankomis, paguld\u017eius horizontaliai. Matavimo paklaida gali b\u016bti +\/- 2 cm. Med\u017eiaga netampri!<\/span><\/h2>\n<\/div>\n<\/div>\n<\/div>\n<div class=\"mpof_ki myre_zn myre_8v_l m389_6m_l\">\n<div class=\"mp4t_16_s mryx_16_s mr3m_1 mli2_1 mh85_56 mh85_0_l\">\n<div class=\"mgn2_16 _0d3bd_am0a-\">\n<h2><span dir=\"auto\">TRE\u010cIADIENIO ADDAMS KOSPLEJ\u0172 SUKNEL\u0116<\/span><\/h2>\n<\/div>\n<\/div>\n<\/div>\n<div class=\"mpof_ki myre_zn myre_8v_l m389_6m_l\">\n<div class=\"mp4t_16_s mryx_16_s mr3m_1 mli2_1 mh85_56 mh85_0_l\">\n<div class=\"mg9e_8 mj7a_8 mg9e_0_s mvrt_0_s mj7a_0_s mh36_0_s mzmg_6m munh_16_l m3h2_16_l\">\n<div class=\"mp4t_0 mryx_0 munh_56 m3h2_56\">\n<div class=\"mp7g_oh\"><button class=\"mg9e_0 mvrt_0 mj7a_0 mh36_0 mp4t_0 m3h2_0 mryx_0 munh_0 mqen_m6 mpof_z0 mx7m_0 m7er_k4 mse2_k4 msts_pt\" data-analytics-interaction=\"true\" data-analytics-interaction-label=\"zoomable-image-open\" aria-disabled=\"true\"><img decoding=\"async\" class=\"msub_k4 mupj_5k mjru_k4 mse2_k4 mp7g_f6 mq1m_0 mj7u_0 m7er_k4 mqen_m6 m31c_d8 m0ux_fp lazyloaded\" src=\"https:\/\/a.allegroimg.com\/original\/117b54\/a4024b804558a51371fa5abe95a2\/STROJ-KOSTIUM-SUKIENKA-WEDNESDAY-ADDAMS-COSPLAY-HALLOWEEN-KARNAWAL-110-116-Kolor-czarny\" sizes=\"(min-width: 1200px) 560px, (min-width: 992px) 50vw, 100vw\" srcset=\"https:\/\/a.allegroimg.com\/s360\/117b54\/a4024b804558a51371fa5abe95a2\/STROJ-KOSTIUM-SUKIENKA-WEDNESDAY-ADDAMS-COSPLAY-HALLOWEEN-KARNAWAL-110-116-Kolor-czarny 360w,https:\/\/a.allegroimg.com\/s720\/117b54\/a4024b804558a51371fa5abe95a2\/STROJ-KOSTIUM-SUKIENKA-WEDNESDAY-ADDAMS-COSPLAY-HALLOWEEN-KARNAWAL-110-116-Kolor-czarny 720w,https:\/\/a.allegroimg.com\/s1024\/117b54\/a4024b804558a51371fa5abe95a2\/STROJ-KOSTIUM-SUKIENKA-WEDNESDAY-ADDAMS-COSPLAY-HALLOWEEN-KARNAWAL-110-116-Kolor-czarny 950w,https:\/\/a.allegroimg.com\/original\/117b54\/a4024b804558a51371fa5abe95a2\/STROJ-KOSTIUM-SUKIENKA-WEDNESDAY-ADDAMS-COSPLAY-HALLOWEEN-KARNAWAL-110-116-Kolor-czarny 950w\" alt=\"TRE\u010cIADIENIO ADDAMS COSPLAY HELOVYNO KARNAVALO SUKNEL\u0116 110 116 Juoda spalva\" width=\"950px\" data-srcset=\"\" \/><\/button><\/div>\n<\/div>\n<\/div>\n<\/div>\n<div class=\"mp4t_16_s mryx_16_s mr3m_1 mli2_1 mh85_56 mh85_0_l\">\n<div class=\"mgn2_16 _0d3bd_am0a-\">\n<p><b><span dir=\"auto\">\u2b50PRODUKTO APRA\u0160YMAS\u00a0<\/span><\/b><b><span dir=\"auto\">:<\/span><\/b><\/p>\n<ul>\n<li><span dir=\"auto\">Fantasti\u0161ka suknel\u0117, atspindinti\u00a0\u00a0<\/span><b><span dir=\"auto\">Tre\u010diadienio charakter\u012f,<\/span><\/b><\/li>\n<li><span dir=\"auto\">Suknel\u0117 pasi\u016bta i\u0161 gra\u017ei\u0173, ry\u0161ki\u0173,\u00a0\u00a0<\/span><b><span dir=\"auto\">juodos spalvos atspalvi\u0173 med\u017eiag\u0173,<\/span><\/b><\/li>\n<li><span dir=\"auto\"><b>\u00a0Ant i\u0161kirpt\u0117s<\/b>\u00a0yra tiulio raukiniai,<\/span><b><\/b><\/li>\n<li><b><span dir=\"auto\">Kostiumas u\u017esegamas sagomis priekyje ir u\u017etrauktuku<\/span><\/b><span dir=\"auto\">\u00a0\u00a0\u0161one,<\/span><\/li>\n<li><span dir=\"auto\">Suknel\u0117\u00a0\u00a0<\/span><b><span dir=\"auto\">yra su dir\u017eu,<\/span><\/b><\/li>\n<li><b><span dir=\"auto\">Suknel\u0117 sudaryta i\u0161 3 sluoksni\u0173 tiulio,<\/span><\/b><\/li>\n<li><b><span dir=\"auto\">Maloni liesti med\u017eiaga<\/span><\/b><span dir=\"auto\">\u00a0\u00a0u\u017etikrina naudojimo patogum\u0105 ir jud\u0117jimo laisv\u0119,<\/span><\/li>\n<\/ul>\n<p><b><span dir=\"auto\">Kostiumas puikiai tinka karnavalo baliui, gimtadienio \u0161ventei ar teminiam vakar\u0117liui.<\/span><\/b><\/p>\n<p><b><span dir=\"auto\">Labai rekomenduojame!<\/span><\/b><\/p>\n<\/div>\n<\/div>\n<\/div>\n<div class=\"mpof_ki myre_zn myre_8v_l m389_6m_l\">\n<div class=\"mp4t_16_s mryx_16_s mr3m_1 mli2_1 mh85_56 mh85_0_l\">\n<div class=\"mgn2_16 _0d3bd_am0a-\">\n<h2><span dir=\"auto\">TRE\u010cIADIENIO ADDAMO HELOVYNO KOSTIUM\u0172 SUKNEL\u0116<\/span><\/h2>\n<\/div>\n<\/div>\n<\/div>\n<div class=\"mpof_ki myre_zn myre_8v_l m389_6m_l\">\n<div class=\"mp4t_16_s mryx_16_s mr3m_1 mli2_1 mh85_56 mh85_0_l\">\n<div class=\"mg9e_8 mj7a_8 mg9e_0_s mvrt_0_s mj7a_0_s mh36_0_s mzmg_6m munh_16_l m3h2_16_l\">\n<div class=\"mp4t_0 mryx_0 munh_56 m3h2_56\">\n<div class=\"mp7g_oh\"><button class=\"mg9e_0 mvrt_0 mj7a_0 mh36_0 mp4t_0 m3h2_0 mryx_0 munh_0 mqen_m6 mpof_z0 mx7m_0 m7er_k4 mse2_k4 msts_pt\" data-analytics-interaction=\"true\" data-analytics-interaction-label=\"zoomable-image-open\" aria-disabled=\"true\"><img decoding=\"async\" class=\"msub_k4 mupj_5k mjru_k4 mse2_k4 mp7g_f6 mq1m_0 mj7u_0 m7er_k4 mqen_m6 m31c_d8 m0ux_fp lazyloaded\" src=\"https:\/\/a.allegroimg.com\/original\/1174dd\/981a81c849188def13325222060a\/STROJ-KOSTIUM-SUKIENKA-WEDNESDAY-ADDAMS-COSPLAY-HALLOWEEN-KARNAWAL-110-116-EAN-GTIN-5903794941724\" sizes=\"(min-width: 1200px) 560px, (min-width: 992px) 50vw, 100vw\" srcset=\"https:\/\/a.allegroimg.com\/s360\/1174dd\/981a81c849188def13325222060a\/STROJ-KOSTIUM-SUKIENKA-WEDNESDAY-ADDAMS-COSPLAY-HALLOWEEN-KARNAWAL-110-116-EAN-GTIN-5903794941724 360w,https:\/\/a.allegroimg.com\/s720\/1174dd\/981a81c849188def13325222060a\/STROJ-KOSTIUM-SUKIENKA-WEDNESDAY-ADDAMS-COSPLAY-HALLOWEEN-KARNAWAL-110-116-EAN-GTIN-5903794941724 720w,https:\/\/a.allegroimg.com\/s1024\/1174dd\/981a81c849188def13325222060a\/STROJ-KOSTIUM-SUKIENKA-WEDNESDAY-ADDAMS-COSPLAY-HALLOWEEN-KARNAWAL-110-116-EAN-GTIN-5903794941724 950w,https:\/\/a.allegroimg.com\/original\/1174dd\/981a81c849188def13325222060a\/STROJ-KOSTIUM-SUKIENKA-WEDNESDAY-ADDAMS-COSPLAY-HALLOWEEN-KARNAWAL-110-116-EAN-GTIN-5903794941724 950w\" alt=\"TRE\u010cIADIENIO ADDAMO KOSPLEJAUS HELOVYNO KARNAVALO SUKNEL\u0116 110 116 EAN (GTIN) 5903794941724\" width=\"950px\" data-srcset=\"\" \/><\/button><\/div>\n<\/div>\n<\/div>\n<\/div>\n<div class=\"mp4t_16_s mryx_16_s mr3m_1 mli2_1 mh85_56 mh85_0_l\">\n<div class=\"mgn2_16 _0d3bd_am0a-\">\n<p><b><span dir=\"auto\">Tre\u010diadien\u0117 Adams<\/span><\/b><span dir=\"auto\">\u00a0\u2013\u00a0<\/span><b><span dir=\"auto\">protinga jauna mergina<\/span><\/b><span dir=\"auto\">\u00a0, perkelta \u012f\u00a0\u00a0<\/span><b><span dir=\"auto\">Nevermore akademij\u0105<\/span><\/b><span dir=\"auto\">\u00a0. Po perk\u0117limo\u00a0<\/span><b><span dir=\"auto\">ji pradeda tirti virtin\u0119 \u017emog\u017eudys\u010di\u0173 rajone<\/span><\/b><span dir=\"auto\">\u00a0. Jos \u0161alta ir mai\u0161tinga asmenyb\u0117 sukelia daugyb\u0119 kli\u016b\u010di\u0173 jai sprend\u017eiant byl\u0105. Tyrimo metu\u00a0<\/span><b><span dir=\"auto\">akademijoje ji susiranda daug draug\u0173 ir prie\u0161\u0173.\u00a0<\/span><\/b><\/p>\n<\/div>\n<\/div>\n<\/div>\n<div class=\"mpof_ki myre_zn myre_8v_l m389_6m_l\">\n<div class=\"mp4t_16_s mryx_16_s mr3m_1 mli2_1 mh85_56 mh85_0_l\">\n<div class=\"mgn2_16 _0d3bd_am0a-\">\n<h2><span dir=\"auto\">TRE\u010cIADIENIO HELOVYNO SUKNEL\u0116S KOSTIUMAS<\/span><\/h2>\n<\/div>\n<\/div>\n<\/div>\n<div class=\"mpof_ki myre_zn myre_8v_l m389_6m_l\">\n<div class=\"mp4t_16_s mryx_16_s mr3m_1 mli2_1 mh85_56 mh85_0_l\">\n<div class=\"mg9e_8 mj7a_8 mg9e_0_s mvrt_0_s mj7a_0_s mh36_0_s mzmg_6m munh_16_l m3h2_16_l\">\n<div class=\"mp4t_0 mryx_0 munh_56 m3h2_56\">\n<div class=\"mp7g_oh\"><button class=\"mg9e_0 mvrt_0 mj7a_0 mh36_0 mp4t_0 m3h2_0 mryx_0 munh_0 mqen_m6 mpof_z0 mx7m_0 m7er_k4 mse2_k4 msts_pt\" data-analytics-interaction=\"true\" data-analytics-interaction-label=\"zoomable-image-open\" aria-disabled=\"true\"><img decoding=\"async\" class=\"msub_k4 mupj_5k mjru_k4 mse2_k4 mp7g_f6 mq1m_0 mj7u_0 m7er_k4 mqen_m6 m31c_d8 m0ux_fp lazyloaded\" src=\"https:\/\/a.allegroimg.com\/original\/11a248\/69cc11184f8faa8a2d5ae3e9b12f\/STROJ-KOSTIUM-SUKIENKA-WEDNESDAY-ADDAMS-COSPLAY-HALLOWEEN-KARNAWAL-110-116-Plec-Dziewczynki\" sizes=\"(min-width: 1200px) 560px, (min-width: 992px) 50vw, 100vw\" srcset=\"https:\/\/a.allegroimg.com\/s360\/11a248\/69cc11184f8faa8a2d5ae3e9b12f\/STROJ-KOSTIUM-SUKIENKA-WEDNESDAY-ADDAMS-COSPLAY-HALLOWEEN-KARNAWAL-110-116-Plec-Dziewczynki 360w,https:\/\/a.allegroimg.com\/s720\/11a248\/69cc11184f8faa8a2d5ae3e9b12f\/STROJ-KOSTIUM-SUKIENKA-WEDNESDAY-ADDAMS-COSPLAY-HALLOWEEN-KARNAWAL-110-116-Plec-Dziewczynki 720w,https:\/\/a.allegroimg.com\/s1024\/11a248\/69cc11184f8faa8a2d5ae3e9b12f\/STROJ-KOSTIUM-SUKIENKA-WEDNESDAY-ADDAMS-COSPLAY-HALLOWEEN-KARNAWAL-110-116-Plec-Dziewczynki 800w,https:\/\/a.allegroimg.com\/original\/11a248\/69cc11184f8faa8a2d5ae3e9b12f\/STROJ-KOSTIUM-SUKIENKA-WEDNESDAY-ADDAMS-COSPLAY-HALLOWEEN-KARNAWAL-110-116-Plec-Dziewczynki 800w\" alt=\"TRE\u010cIADIENIO ADDAMO KOSPLEJAUS HELOVYNO KARNAVALO SUKNEL\u0116 110 116 Lytis Mergait\u0117s\" width=\"800px\" data-srcset=\"\" \/><\/button><\/div>\n<\/div>\n<\/div>\n<\/div>\n<div class=\"mp4t_16_s mryx_16_s mr3m_1 mli2_1 mh85_56 mh85_0_l\">\n<div class=\"mgn2_16 _0d3bd_am0a-\">\n<p><b><span dir=\"auto\">\u2b50\u0160is kostiumas puikiai tinka mergait\u0117ms<\/span><\/b><span dir=\"auto\">\u00a0, ypa\u010d\u00a0<\/span><b><span dir=\"auto\">tre\u010diadienio gerb\u0117joms.<\/span><\/b><span dir=\"auto\">\u00a0J\u012f apsivilkusios galite pasijusti kaip m\u0117gstamas persona\u017eas.\u00a0<\/span><\/p>\n<\/div>\n<\/div>\n<\/div>","protected":false},"excerpt":{"rendered":"<p>TRE\u010cIADIENIO ADDAMO KOSPLEJAUS HELOVYNO KARNAVALO SUKNEL\u0116 110 116 \u2b50Tre\u010diadienio Adamso suknel\u0117s apranga\u2b50 \u2b50Suknel\u0117, pasi\u016bta pagal Wednesday Adams suknel\u0117s pavyzd\u012f. \u2b50Suknel\u0117,<\/p>","protected":false},"featured_media":74877,"template":"","meta":{"_acf_changed":false,"_glsr_average":0,"_glsr_ranking":0,"_glsr_reviews":0},"product_brand":[],"product_cat":[687,372],"product_tag":[],"class_list":{"0":"post-74876","1":"product","2":"type-product","3":"status-publish","4":"has-post-thumbnail","6":"product_cat-svenciu-kostiumai","7":"product_cat-vaiku-sventems","8":"\"style=\"background-color: #2ecc711c;\"","10":"first","11":"instock","12":"shipping-taxable","13":"purchasable","14":"product-type-simple"},"acf":[],"yoast_head":"<!-- This site is optimized with the Yoast SEO plugin v27.3 - https:\/\/yoast.com\/product\/yoast-seo-wordpress\/ -->\n<title>Tre\u010diadien\u0117s Adamso helovino kostiumas - KidsPlay<\/title>\n<meta name=\"description\" content=\"Tre\u010diadien\u0117s Adamso helovino kostiumas - KidsPlay. Did\u017eiausias vaik\u0173 \u017eaisl\u0173 pasirinkimas.\" \/>\n<meta name=\"robots\" content=\"index, follow, max-snippet:-1, max-image-preview:large, max-video-preview:-1\" \/>\n<link rel=\"canonical\" href=\"https:\/\/kidsplay.lt\/lv\/products\/treciadienes-adamso-helovino-kostiumas\/\" \/>\n<meta property=\"og:locale\" content=\"lv_LV\" \/>\n<meta property=\"og:type\" content=\"article\" \/>\n<meta property=\"og:title\" content=\"Tre\u010diadien\u0117s Adamso helovino kostiumas - KidsPlay\" \/>\n<meta property=\"og:description\" content=\"Tre\u010diadien\u0117s Adamso helovino kostiumas - KidsPlay. Did\u017eiausias vaik\u0173 \u017eaisl\u0173 pasirinkimas.\" \/>\n<meta property=\"og:url\" content=\"https:\/\/kidsplay.lt\/lv\/products\/treciadienes-adamso-helovino-kostiumas\/\" \/>\n<meta property=\"og:site_name\" content=\"KidsPlay\" \/>\n<meta property=\"article:publisher\" content=\"https:\/\/www.facebook.com\/www.kidsplay.lt\" \/>\n<meta property=\"article:modified_time\" content=\"2025-12-29T18:50:02+00:00\" \/>\n<meta property=\"og:image\" content=\"https:\/\/kidsplay.lt\/wp-content\/uploads\/2025\/10\/Screenshot_591.png\" \/>\n\t<meta property=\"og:image:width\" content=\"495\" \/>\n\t<meta property=\"og:image:height\" content=\"462\" \/>\n\t<meta property=\"og:image:type\" content=\"image\/png\" \/>\n<meta name=\"twitter:card\" content=\"summary_large_image\" \/>\n<meta name=\"twitter:label1\" content=\"Est. reading time\" \/>\n\t<meta name=\"twitter:data1\" content=\"3 min\u016btes\" \/>\n<script type=\"application\/ld+json\" class=\"yoast-schema-graph\">{\"@context\":\"https:\\\/\\\/schema.org\",\"@graph\":[{\"@type\":\"WebPage\",\"@id\":\"https:\\\/\\\/kidsplay.lt\\\/produktas\\\/treciadienes-adamso-helovino-kostiumas\\\/\",\"url\":\"https:\\\/\\\/kidsplay.lt\\\/produktas\\\/treciadienes-adamso-helovino-kostiumas\\\/\",\"name\":\"Tre\u010diadien\u0117s Adamso helovino kostiumas - KidsPlay\",\"isPartOf\":{\"@id\":\"https:\\\/\\\/kidsplay.lt\\\/#website\"},\"primaryImageOfPage\":{\"@id\":\"https:\\\/\\\/kidsplay.lt\\\/produktas\\\/treciadienes-adamso-helovino-kostiumas\\\/#primaryimage\"},\"image\":{\"@id\":\"https:\\\/\\\/kidsplay.lt\\\/produktas\\\/treciadienes-adamso-helovino-kostiumas\\\/#primaryimage\"},\"thumbnailUrl\":\"https:\\\/\\\/kidsplay.lt\\\/wp-content\\\/uploads\\\/2025\\\/10\\\/Screenshot_591.png\",\"datePublished\":\"2025-10-05T21:37:08+00:00\",\"dateModified\":\"2025-12-29T18:50:02+00:00\",\"description\":\"Tre\u010diadien\u0117s Adamso helovino kostiumas - KidsPlay. Did\u017eiausias vaik\u0173 \u017eaisl\u0173 pasirinkimas.\",\"breadcrumb\":{\"@id\":\"https:\\\/\\\/kidsplay.lt\\\/produktas\\\/treciadienes-adamso-helovino-kostiumas\\\/#breadcrumb\"},\"inLanguage\":\"lv-LV\",\"potentialAction\":[{\"@type\":\"ReadAction\",\"target\":[\"https:\\\/\\\/kidsplay.lt\\\/produktas\\\/treciadienes-adamso-helovino-kostiumas\\\/\"]}]},{\"@type\":\"ImageObject\",\"inLanguage\":\"lv-LV\",\"@id\":\"https:\\\/\\\/kidsplay.lt\\\/produktas\\\/treciadienes-adamso-helovino-kostiumas\\\/#primaryimage\",\"url\":\"https:\\\/\\\/kidsplay.lt\\\/wp-content\\\/uploads\\\/2025\\\/10\\\/Screenshot_591.png\",\"contentUrl\":\"https:\\\/\\\/kidsplay.lt\\\/wp-content\\\/uploads\\\/2025\\\/10\\\/Screenshot_591.png\",\"width\":495,\"height\":462},{\"@type\":\"BreadcrumbList\",\"@id\":\"https:\\\/\\\/kidsplay.lt\\\/produktas\\\/treciadienes-adamso-helovino-kostiumas\\\/#breadcrumb\",\"itemListElement\":[{\"@type\":\"ListItem\",\"position\":1,\"name\":\"Pagrindinis\",\"item\":\"https:\\\/\\\/kidsplay.lt\\\/\"},{\"@type\":\"ListItem\",\"position\":2,\"name\":\"Parduotuv\u0117\",\"item\":\"https:\\\/\\\/kidsplay.lt\\\/parduotuve\\\/\"},{\"@type\":\"ListItem\",\"position\":3,\"name\":\"Tre\u010diadien\u0117s Adamso helovino kostiumas\"}]},{\"@type\":\"WebSite\",\"@id\":\"https:\\\/\\\/kidsplay.lt\\\/#website\",\"url\":\"https:\\\/\\\/kidsplay.lt\\\/\",\"name\":\"Kidsplay.lt\",\"description\":\"\u012evairios prek\u0117s vaikams\",\"publisher\":{\"@id\":\"https:\\\/\\\/kidsplay.lt\\\/#organization\"},\"alternateName\":\"Kidsplay\",\"potentialAction\":[{\"@type\":\"SearchAction\",\"target\":{\"@type\":\"EntryPoint\",\"urlTemplate\":\"https:\\\/\\\/kidsplay.lt\\\/?s={search_term_string}\"},\"query-input\":{\"@type\":\"PropertyValueSpecification\",\"valueRequired\":true,\"valueName\":\"search_term_string\"}}],\"inLanguage\":\"lv-LV\"},{\"@type\":\"Organization\",\"@id\":\"https:\\\/\\\/kidsplay.lt\\\/#organization\",\"name\":\"KidsPlay\",\"url\":\"https:\\\/\\\/kidsplay.lt\\\/\",\"logo\":{\"@type\":\"ImageObject\",\"inLanguage\":\"lv-LV\",\"@id\":\"https:\\\/\\\/kidsplay.lt\\\/#\\\/schema\\\/logo\\\/image\\\/\",\"url\":\"https:\\\/\\\/kidsplay.lt\\\/wp-content\\\/uploads\\\/2023\\\/07\\\/kidsplay-logo.png\",\"contentUrl\":\"https:\\\/\\\/kidsplay.lt\\\/wp-content\\\/uploads\\\/2023\\\/07\\\/kidsplay-logo.png\",\"width\":451,\"height\":98,\"caption\":\"KidsPlay\"},\"image\":{\"@id\":\"https:\\\/\\\/kidsplay.lt\\\/#\\\/schema\\\/logo\\\/image\\\/\"},\"sameAs\":[\"https:\\\/\\\/www.facebook.com\\\/www.kidsplay.lt\"]}]}<\/script>\n<!-- \/ Yoast SEO plugin. -->","yoast_head_json":{"title":"Tre\u010diadien\u0117s Adamso helovino kostiumas - KidsPlay","description":"Tre\u010diadien\u0117s Adamso helovino kostiumas - KidsPlay. Did\u017eiausias vaik\u0173 \u017eaisl\u0173 pasirinkimas.","robots":{"index":"index","follow":"follow","max-snippet":"max-snippet:-1","max-image-preview":"max-image-preview:large","max-video-preview":"max-video-preview:-1"},"canonical":"https:\/\/kidsplay.lt\/lv\/products\/treciadienes-adamso-helovino-kostiumas\/","og_locale":"lv_LV","og_type":"article","og_title":"Tre\u010diadien\u0117s Adamso helovino kostiumas - KidsPlay","og_description":"Tre\u010diadien\u0117s Adamso helovino kostiumas - KidsPlay. Did\u017eiausias vaik\u0173 \u017eaisl\u0173 pasirinkimas.","og_url":"https:\/\/kidsplay.lt\/lv\/products\/treciadienes-adamso-helovino-kostiumas\/","og_site_name":"KidsPlay","article_publisher":"https:\/\/www.facebook.com\/www.kidsplay.lt","article_modified_time":"2025-12-29T18:50:02+00:00","og_image":[{"width":495,"height":462,"url":"https:\/\/kidsplay.lt\/wp-content\/uploads\/2025\/10\/Screenshot_591.png","type":"image\/png"}],"twitter_card":"summary_large_image","twitter_misc":{"Est. reading time":"3 min\u016btes"},"schema":{"@context":"https:\/\/schema.org","@graph":[{"@type":"WebPage","@id":"https:\/\/kidsplay.lt\/produktas\/treciadienes-adamso-helovino-kostiumas\/","url":"https:\/\/kidsplay.lt\/produktas\/treciadienes-adamso-helovino-kostiumas\/","name":"Tre\u010diadien\u0117s Adamso helovino kostiumas - KidsPlay","isPartOf":{"@id":"https:\/\/kidsplay.lt\/#website"},"primaryImageOfPage":{"@id":"https:\/\/kidsplay.lt\/produktas\/treciadienes-adamso-helovino-kostiumas\/#primaryimage"},"image":{"@id":"https:\/\/kidsplay.lt\/produktas\/treciadienes-adamso-helovino-kostiumas\/#primaryimage"},"thumbnailUrl":"https:\/\/kidsplay.lt\/wp-content\/uploads\/2025\/10\/Screenshot_591.png","datePublished":"2025-10-05T21:37:08+00:00","dateModified":"2025-12-29T18:50:02+00:00","description":"Tre\u010diadien\u0117s Adamso helovino kostiumas - KidsPlay. Did\u017eiausias vaik\u0173 \u017eaisl\u0173 pasirinkimas.","breadcrumb":{"@id":"https:\/\/kidsplay.lt\/produktas\/treciadienes-adamso-helovino-kostiumas\/#breadcrumb"},"inLanguage":"lv-LV","potentialAction":[{"@type":"ReadAction","target":["https:\/\/kidsplay.lt\/produktas\/treciadienes-adamso-helovino-kostiumas\/"]}]},{"@type":"ImageObject","inLanguage":"lv-LV","@id":"https:\/\/kidsplay.lt\/produktas\/treciadienes-adamso-helovino-kostiumas\/#primaryimage","url":"https:\/\/kidsplay.lt\/wp-content\/uploads\/2025\/10\/Screenshot_591.png","contentUrl":"https:\/\/kidsplay.lt\/wp-content\/uploads\/2025\/10\/Screenshot_591.png","width":495,"height":462},{"@type":"BreadcrumbList","@id":"https:\/\/kidsplay.lt\/produktas\/treciadienes-adamso-helovino-kostiumas\/#breadcrumb","itemListElement":[{"@type":"ListItem","position":1,"name":"Pagrindinis","item":"https:\/\/kidsplay.lt\/"},{"@type":"ListItem","position":2,"name":"Parduotuv\u0117","item":"https:\/\/kidsplay.lt\/parduotuve\/"},{"@type":"ListItem","position":3,"name":"Tre\u010diadien\u0117s Adamso helovino kostiumas"}]},{"@type":"WebSite","@id":"https:\/\/kidsplay.lt\/#website","url":"https:\/\/kidsplay.lt\/","name":"B\u0113rnu sp\u0113les.lv","description":"\u012evairios prek\u0117s vaikams","publisher":{"@id":"https:\/\/kidsplay.lt\/#organization"},"alternateName":"Kidsplay","potentialAction":[{"@type":"SearchAction","target":{"@type":"EntryPoint","urlTemplate":"https:\/\/kidsplay.lt\/?s={search_term_string}"},"query-input":{"@type":"PropertyValueSpecification","valueRequired":true,"valueName":"search_term_string"}}],"inLanguage":"lv-LV"},{"@type":"Organization","@id":"https:\/\/kidsplay.lt\/#organization","name":"B\u0113rnu sp\u0113le","url":"https:\/\/kidsplay.lt\/","logo":{"@type":"ImageObject","inLanguage":"lv-LV","@id":"https:\/\/kidsplay.lt\/#\/schema\/logo\/image\/","url":"https:\/\/kidsplay.lt\/wp-content\/uploads\/2023\/07\/kidsplay-logo.png","contentUrl":"https:\/\/kidsplay.lt\/wp-content\/uploads\/2023\/07\/kidsplay-logo.png","width":451,"height":98,"caption":"KidsPlay"},"image":{"@id":"https:\/\/kidsplay.lt\/#\/schema\/logo\/image\/"},"sameAs":["https:\/\/www.facebook.com\/www.kidsplay.lt"]}]}},"_links":{"self":[{"href":"https:\/\/kidsplay.lt\/lv\/wp-json\/wp\/v2\/product\/74876","targetHints":{"allow":["GET"]}}],"collection":[{"href":"https:\/\/kidsplay.lt\/lv\/wp-json\/wp\/v2\/product"}],"about":[{"href":"https:\/\/kidsplay.lt\/lv\/wp-json\/wp\/v2\/types\/product"}],"version-history":[{"count":1,"href":"https:\/\/kidsplay.lt\/lv\/wp-json\/wp\/v2\/product\/74876\/revisions"}],"predecessor-version":[{"id":74878,"href":"https:\/\/kidsplay.lt\/lv\/wp-json\/wp\/v2\/product\/74876\/revisions\/74878"}],"wp:featuredmedia":[{"embeddable":true,"href":"https:\/\/kidsplay.lt\/lv\/wp-json\/wp\/v2\/media\/74877"}],"wp:attachment":[{"href":"https:\/\/kidsplay.lt\/lv\/wp-json\/wp\/v2\/media?parent=74876"}],"wp:term":[{"taxonomy":"product_brand","embeddable":true,"href":"https:\/\/kidsplay.lt\/lv\/wp-json\/wp\/v2\/product_brand?post=74876"},{"taxonomy":"product_cat","embeddable":true,"href":"https:\/\/kidsplay.lt\/lv\/wp-json\/wp\/v2\/product_cat?post=74876"},{"taxonomy":"product_tag","embeddable":true,"href":"https:\/\/kidsplay.lt\/lv\/wp-json\/wp\/v2\/product_tag?post=74876"}],"curies":[{"name":"wp","href":"https:\/\/api.w.org\/{rel}","templated":true}]}}