{"id":74902,"date":"2025-10-06T08:46:21","date_gmt":"2025-10-06T05:46:21","guid":{"rendered":"https:\/\/kidsplay.lt\/?post_type=product&#038;p=74902"},"modified":"2025-10-06T08:46:21","modified_gmt":"2025-10-06T05:46:21","slug":"dzokerio-kostiumas-helovinui","status":"publish","type":"product","link":"https:\/\/kidsplay.lt\/lv\/products\/dzokerio-kostiumas-helovinui\/","title":{"rendered":"D\u017eokerio kostiumas helovinui"},"content":{"rendered":"<p><span dir=\"auto\">Kostiumas\u00a0\u00a0<\/span><b><span dir=\"auto\">, sukurtas<\/span><\/b><span dir=\"auto\">\u00a0\u00a0pagal legendinio persona\u017eo \u2013\u00a0\u00a0<\/span><b><span dir=\"auto\">D\u017eokerio<\/span><\/b><span dir=\"auto\">\u00a0\u2013 pavyzd\u012f .<\/span><\/p>\n<p><span dir=\"auto\">Kostiumas susideda i\u0161 keli\u0173 element\u0173:\u00a0<\/span><b><span dir=\"auto\">\u0161varko, kelni\u0173, liemen\u0117s ir peruko.<\/span><\/b><\/p>\n<p><span dir=\"auto\">Kostiumas pagamintas i\u0161 auk\u0161tos kokyb\u0117s med\u017eiag\u0173,\u00a0<\/span><b><span dir=\"auto\">\u00a0violetin\u0117s ir \u017ealios spalvos atspalvi\u0173\u00a0<\/span><\/b><b><span dir=\"auto\">,<\/span><\/b><\/p>\n<p><span dir=\"auto\">Liemen\u0117 su\u00a0<\/span><b><span dir=\"auto\">\u00a0sagomis,<\/span><\/b><\/p>\n<p><span dir=\"auto\">\u0160varkas ir keln\u0117s\u00a0<\/span><b><span dir=\"auto\">\u00a0priekyje turi dvi ki\u0161enes,<\/span><\/b><\/p>\n<p><span dir=\"auto\">Jo gamybai naudojamos med\u017eiagos yra ne tik patvarios, bet ir malonios liesti, u\u017etikrinan\u010dios maksimal\u0173 komfort\u0105.\u00a0<\/span><\/p>\n<p><b><span dir=\"auto\">MATMENYS: 146\u2013152<\/span><\/b><\/p>\n<ul>\n<li><span dir=\"auto\">koj\u0173 ilgis 72 cm<\/span><\/li>\n<li><span dir=\"auto\">nuo tarpkojo 45 cm (keln\u0117s turi tampri\u0105 juosmens juost\u0105)<\/span><\/li>\n<li><span dir=\"auto\">Liemen\u0117 nuo pa\u017easties iki pa\u017easties 2&#215;37<\/span><\/li>\n<li><span dir=\"auto\">liemen\u0117s ilgis 34 cm<\/span><\/li>\n<li><span dir=\"auto\">&#8222;palto&#8221; ilgis 75 cm<\/span><\/li>\n<li><span dir=\"auto\">nuo pa\u017easties iki pa\u017easties 37 x 2<\/span><\/li>\n<li><span dir=\"auto\">rankov\u0117s ilgis 42 cm<\/span><\/li>\n<li><span dir=\"auto\">universalus perukas<\/span><\/li>\n<\/ul>\n<p><b><span dir=\"auto\">MATMENYS: 134\u2013140<\/span><\/b><\/p>\n<ul>\n<li><span dir=\"auto\">koj\u0173 ilgis 66 cm<\/span><\/li>\n<li><span dir=\"auto\">nuo tarpkojo 41 cm (keln\u0117s turi tampri\u0105 juosmens juost\u0105)<\/span><\/li>\n<li><span dir=\"auto\">Liemen\u0117 nuo pa\u017east\u0173 iki pa\u017east\u0173 2&#215;36<\/span><\/li>\n<li><span dir=\"auto\">liemen\u0117s ilgis 30 cm<\/span><\/li>\n<li><span dir=\"auto\">\u201epalto\u201c ilgis 70 cm<\/span><\/li>\n<li><span dir=\"auto\">nuo pa\u017easties iki pa\u017easties 35 x 2<\/span><\/li>\n<li><span dir=\"auto\">rankov\u0117s ilgis 38 cm<\/span><\/li>\n<li><span dir=\"auto\">universalus perukas<\/span><\/li>\n<\/ul>","protected":false},"excerpt":{"rendered":"<p>Kostiumas\u00a0\u00a0, sukurtas\u00a0\u00a0pagal legendinio persona\u017eo \u2013\u00a0\u00a0D\u017eokerio\u00a0\u2013 pavyzd\u012f . Kostiumas susideda i\u0161 keli\u0173 element\u0173:\u00a0\u0161varko, kelni\u0173, liemen\u0117s ir peruko. Kostiumas pagamintas i\u0161 auk\u0161tos<\/p>","protected":false},"featured_media":74903,"template":"","meta":{"_acf_changed":false,"_glsr_average":0,"_glsr_ranking":0,"_glsr_reviews":0},"product_brand":[],"product_cat":[687,372],"product_tag":[],"class_list":{"0":"post-74902","1":"product","2":"type-product","3":"status-publish","4":"has-post-thumbnail","6":"product_cat-svenciu-kostiumai","7":"product_cat-vaiku-sventems","8":"\"style=\"background-color: #2ecc711c;\"","10":"first","11":"instock","12":"shipping-taxable","13":"purchasable","14":"product-type-variable"},"acf":[],"yoast_head":"<!-- This site is optimized with the Yoast SEO plugin v27.4 - https:\/\/yoast.com\/product\/yoast-seo-wordpress\/ -->\n<title>D\u017eokerio kostiumas helovinui - KidsPlay<\/title>\n<meta name=\"description\" content=\"D\u017eokerio kostiumas helovinui - KidsPlay. Did\u017eiausias vaik\u0173 \u017eaisl\u0173 pasirinkimas.\" \/>\n<meta name=\"robots\" content=\"index, follow, max-snippet:-1, max-image-preview:large, max-video-preview:-1\" \/>\n<link rel=\"canonical\" href=\"https:\/\/kidsplay.lt\/lv\/products\/dzokerio-kostiumas-helovinui\/\" \/>\n<meta property=\"og:locale\" content=\"lv_LV\" \/>\n<meta property=\"og:type\" content=\"article\" \/>\n<meta property=\"og:title\" content=\"D\u017eokerio kostiumas helovinui - KidsPlay\" \/>\n<meta property=\"og:description\" content=\"D\u017eokerio kostiumas helovinui - KidsPlay. Did\u017eiausias vaik\u0173 \u017eaisl\u0173 pasirinkimas.\" \/>\n<meta property=\"og:url\" content=\"https:\/\/kidsplay.lt\/lv\/products\/dzokerio-kostiumas-helovinui\/\" \/>\n<meta property=\"og:site_name\" content=\"KidsPlay\" \/>\n<meta property=\"article:publisher\" content=\"https:\/\/www.facebook.com\/www.kidsplay.lt\" \/>\n<meta property=\"og:image\" content=\"https:\/\/kidsplay.lt\/wp-content\/uploads\/2025\/10\/Screenshot_599.png\" \/>\n\t<meta property=\"og:image:width\" content=\"370\" \/>\n\t<meta property=\"og:image:height\" content=\"447\" \/>\n\t<meta property=\"og:image:type\" content=\"image\/png\" \/>\n<meta name=\"twitter:card\" content=\"summary_large_image\" \/>\n<meta name=\"twitter:label1\" content=\"Est. reading time\" \/>\n\t<meta name=\"twitter:data1\" content=\"1 min\u016bte\" \/>\n<script type=\"application\/ld+json\" class=\"yoast-schema-graph\">{\"@context\":\"https:\\\/\\\/schema.org\",\"@graph\":[{\"@type\":\"WebPage\",\"@id\":\"https:\\\/\\\/kidsplay.lt\\\/produktas\\\/dzokerio-kostiumas-helovinui\\\/\",\"url\":\"https:\\\/\\\/kidsplay.lt\\\/produktas\\\/dzokerio-kostiumas-helovinui\\\/\",\"name\":\"D\u017eokerio kostiumas helovinui - KidsPlay\",\"isPartOf\":{\"@id\":\"https:\\\/\\\/kidsplay.lt\\\/#website\"},\"primaryImageOfPage\":{\"@id\":\"https:\\\/\\\/kidsplay.lt\\\/produktas\\\/dzokerio-kostiumas-helovinui\\\/#primaryimage\"},\"image\":{\"@id\":\"https:\\\/\\\/kidsplay.lt\\\/produktas\\\/dzokerio-kostiumas-helovinui\\\/#primaryimage\"},\"thumbnailUrl\":\"https:\\\/\\\/kidsplay.lt\\\/wp-content\\\/uploads\\\/2025\\\/10\\\/Screenshot_599.png\",\"datePublished\":\"2025-10-06T05:46:21+00:00\",\"description\":\"D\u017eokerio kostiumas helovinui - KidsPlay. Did\u017eiausias vaik\u0173 \u017eaisl\u0173 pasirinkimas.\",\"breadcrumb\":{\"@id\":\"https:\\\/\\\/kidsplay.lt\\\/produktas\\\/dzokerio-kostiumas-helovinui\\\/#breadcrumb\"},\"inLanguage\":\"lv-LV\",\"potentialAction\":[{\"@type\":\"ReadAction\",\"target\":[\"https:\\\/\\\/kidsplay.lt\\\/produktas\\\/dzokerio-kostiumas-helovinui\\\/\"]}]},{\"@type\":\"ImageObject\",\"inLanguage\":\"lv-LV\",\"@id\":\"https:\\\/\\\/kidsplay.lt\\\/produktas\\\/dzokerio-kostiumas-helovinui\\\/#primaryimage\",\"url\":\"https:\\\/\\\/kidsplay.lt\\\/wp-content\\\/uploads\\\/2025\\\/10\\\/Screenshot_599.png\",\"contentUrl\":\"https:\\\/\\\/kidsplay.lt\\\/wp-content\\\/uploads\\\/2025\\\/10\\\/Screenshot_599.png\",\"width\":370,\"height\":447},{\"@type\":\"BreadcrumbList\",\"@id\":\"https:\\\/\\\/kidsplay.lt\\\/produktas\\\/dzokerio-kostiumas-helovinui\\\/#breadcrumb\",\"itemListElement\":[{\"@type\":\"ListItem\",\"position\":1,\"name\":\"Pagrindinis\",\"item\":\"https:\\\/\\\/kidsplay.lt\\\/\"},{\"@type\":\"ListItem\",\"position\":2,\"name\":\"Parduotuv\u0117\",\"item\":\"https:\\\/\\\/kidsplay.lt\\\/parduotuve\\\/\"},{\"@type\":\"ListItem\",\"position\":3,\"name\":\"D\u017eokerio kostiumas helovinui\"}]},{\"@type\":\"WebSite\",\"@id\":\"https:\\\/\\\/kidsplay.lt\\\/#website\",\"url\":\"https:\\\/\\\/kidsplay.lt\\\/\",\"name\":\"Kidsplay.lt\",\"description\":\"\u012evairios prek\u0117s vaikams\",\"publisher\":{\"@id\":\"https:\\\/\\\/kidsplay.lt\\\/#organization\"},\"alternateName\":\"Kidsplay\",\"potentialAction\":[{\"@type\":\"SearchAction\",\"target\":{\"@type\":\"EntryPoint\",\"urlTemplate\":\"https:\\\/\\\/kidsplay.lt\\\/?s={search_term_string}\"},\"query-input\":{\"@type\":\"PropertyValueSpecification\",\"valueRequired\":true,\"valueName\":\"search_term_string\"}}],\"inLanguage\":\"lv-LV\"},{\"@type\":\"Organization\",\"@id\":\"https:\\\/\\\/kidsplay.lt\\\/#organization\",\"name\":\"KidsPlay\",\"url\":\"https:\\\/\\\/kidsplay.lt\\\/\",\"logo\":{\"@type\":\"ImageObject\",\"inLanguage\":\"lv-LV\",\"@id\":\"https:\\\/\\\/kidsplay.lt\\\/#\\\/schema\\\/logo\\\/image\\\/\",\"url\":\"https:\\\/\\\/kidsplay.lt\\\/wp-content\\\/uploads\\\/2023\\\/07\\\/kidsplay-logo.png\",\"contentUrl\":\"https:\\\/\\\/kidsplay.lt\\\/wp-content\\\/uploads\\\/2023\\\/07\\\/kidsplay-logo.png\",\"width\":451,\"height\":98,\"caption\":\"KidsPlay\"},\"image\":{\"@id\":\"https:\\\/\\\/kidsplay.lt\\\/#\\\/schema\\\/logo\\\/image\\\/\"},\"sameAs\":[\"https:\\\/\\\/www.facebook.com\\\/www.kidsplay.lt\"]}]}<\/script>\n<!-- \/ Yoast SEO plugin. -->","yoast_head_json":{"title":"D\u017eokerio kostiumas helovinui - KidsPlay","description":"D\u017eokerio kostiumas helovinui - KidsPlay. Did\u017eiausias vaik\u0173 \u017eaisl\u0173 pasirinkimas.","robots":{"index":"index","follow":"follow","max-snippet":"max-snippet:-1","max-image-preview":"max-image-preview:large","max-video-preview":"max-video-preview:-1"},"canonical":"https:\/\/kidsplay.lt\/lv\/products\/dzokerio-kostiumas-helovinui\/","og_locale":"lv_LV","og_type":"article","og_title":"D\u017eokerio kostiumas helovinui - KidsPlay","og_description":"D\u017eokerio kostiumas helovinui - KidsPlay. Did\u017eiausias vaik\u0173 \u017eaisl\u0173 pasirinkimas.","og_url":"https:\/\/kidsplay.lt\/lv\/products\/dzokerio-kostiumas-helovinui\/","og_site_name":"KidsPlay","article_publisher":"https:\/\/www.facebook.com\/www.kidsplay.lt","og_image":[{"width":370,"height":447,"url":"https:\/\/kidsplay.lt\/wp-content\/uploads\/2025\/10\/Screenshot_599.png","type":"image\/png"}],"twitter_card":"summary_large_image","twitter_misc":{"Est. reading time":"1 min\u016bte"},"schema":{"@context":"https:\/\/schema.org","@graph":[{"@type":"WebPage","@id":"https:\/\/kidsplay.lt\/produktas\/dzokerio-kostiumas-helovinui\/","url":"https:\/\/kidsplay.lt\/produktas\/dzokerio-kostiumas-helovinui\/","name":"D\u017eokerio kostiumas helovinui - KidsPlay","isPartOf":{"@id":"https:\/\/kidsplay.lt\/#website"},"primaryImageOfPage":{"@id":"https:\/\/kidsplay.lt\/produktas\/dzokerio-kostiumas-helovinui\/#primaryimage"},"image":{"@id":"https:\/\/kidsplay.lt\/produktas\/dzokerio-kostiumas-helovinui\/#primaryimage"},"thumbnailUrl":"https:\/\/kidsplay.lt\/wp-content\/uploads\/2025\/10\/Screenshot_599.png","datePublished":"2025-10-06T05:46:21+00:00","description":"D\u017eokerio kostiumas helovinui - KidsPlay. Did\u017eiausias vaik\u0173 \u017eaisl\u0173 pasirinkimas.","breadcrumb":{"@id":"https:\/\/kidsplay.lt\/produktas\/dzokerio-kostiumas-helovinui\/#breadcrumb"},"inLanguage":"lv-LV","potentialAction":[{"@type":"ReadAction","target":["https:\/\/kidsplay.lt\/produktas\/dzokerio-kostiumas-helovinui\/"]}]},{"@type":"ImageObject","inLanguage":"lv-LV","@id":"https:\/\/kidsplay.lt\/produktas\/dzokerio-kostiumas-helovinui\/#primaryimage","url":"https:\/\/kidsplay.lt\/wp-content\/uploads\/2025\/10\/Screenshot_599.png","contentUrl":"https:\/\/kidsplay.lt\/wp-content\/uploads\/2025\/10\/Screenshot_599.png","width":370,"height":447},{"@type":"BreadcrumbList","@id":"https:\/\/kidsplay.lt\/produktas\/dzokerio-kostiumas-helovinui\/#breadcrumb","itemListElement":[{"@type":"ListItem","position":1,"name":"Pagrindinis","item":"https:\/\/kidsplay.lt\/"},{"@type":"ListItem","position":2,"name":"Parduotuv\u0117","item":"https:\/\/kidsplay.lt\/parduotuve\/"},{"@type":"ListItem","position":3,"name":"D\u017eokerio kostiumas helovinui"}]},{"@type":"WebSite","@id":"https:\/\/kidsplay.lt\/#website","url":"https:\/\/kidsplay.lt\/","name":"B\u0113rnu sp\u0113les.lv","description":"\u012evairios prek\u0117s vaikams","publisher":{"@id":"https:\/\/kidsplay.lt\/#organization"},"alternateName":"Kidsplay","potentialAction":[{"@type":"SearchAction","target":{"@type":"EntryPoint","urlTemplate":"https:\/\/kidsplay.lt\/?s={search_term_string}"},"query-input":{"@type":"PropertyValueSpecification","valueRequired":true,"valueName":"search_term_string"}}],"inLanguage":"lv-LV"},{"@type":"Organization","@id":"https:\/\/kidsplay.lt\/#organization","name":"B\u0113rnu sp\u0113le","url":"https:\/\/kidsplay.lt\/","logo":{"@type":"ImageObject","inLanguage":"lv-LV","@id":"https:\/\/kidsplay.lt\/#\/schema\/logo\/image\/","url":"https:\/\/kidsplay.lt\/wp-content\/uploads\/2023\/07\/kidsplay-logo.png","contentUrl":"https:\/\/kidsplay.lt\/wp-content\/uploads\/2023\/07\/kidsplay-logo.png","width":451,"height":98,"caption":"KidsPlay"},"image":{"@id":"https:\/\/kidsplay.lt\/#\/schema\/logo\/image\/"},"sameAs":["https:\/\/www.facebook.com\/www.kidsplay.lt"]}]}},"_links":{"self":[{"href":"https:\/\/kidsplay.lt\/lv\/wp-json\/wp\/v2\/product\/74902","targetHints":{"allow":["GET"]}}],"collection":[{"href":"https:\/\/kidsplay.lt\/lv\/wp-json\/wp\/v2\/product"}],"about":[{"href":"https:\/\/kidsplay.lt\/lv\/wp-json\/wp\/v2\/types\/product"}],"version-history":[{"count":1,"href":"https:\/\/kidsplay.lt\/lv\/wp-json\/wp\/v2\/product\/74902\/revisions"}],"predecessor-version":[{"id":74908,"href":"https:\/\/kidsplay.lt\/lv\/wp-json\/wp\/v2\/product\/74902\/revisions\/74908"}],"wp:featuredmedia":[{"embeddable":true,"href":"https:\/\/kidsplay.lt\/lv\/wp-json\/wp\/v2\/media\/74903"}],"wp:attachment":[{"href":"https:\/\/kidsplay.lt\/lv\/wp-json\/wp\/v2\/media?parent=74902"}],"wp:term":[{"taxonomy":"product_brand","embeddable":true,"href":"https:\/\/kidsplay.lt\/lv\/wp-json\/wp\/v2\/product_brand?post=74902"},{"taxonomy":"product_cat","embeddable":true,"href":"https:\/\/kidsplay.lt\/lv\/wp-json\/wp\/v2\/product_cat?post=74902"},{"taxonomy":"product_tag","embeddable":true,"href":"https:\/\/kidsplay.lt\/lv\/wp-json\/wp\/v2\/product_tag?post=74902"}],"curies":[{"name":"wp","href":"https:\/\/api.w.org\/{rel}","templated":true}]}}