{"id":74909,"date":"2025-10-06T08:48:13","date_gmt":"2025-10-06T05:48:13","guid":{"rendered":"https:\/\/kidsplay.lt\/?post_type=product&#038;p=74909"},"modified":"2025-10-06T08:48:13","modified_gmt":"2025-10-06T05:48:13","slug":"vilkolakes-helovino-kostiumas-116-dydis","status":"publish","type":"product","link":"https:\/\/kidsplay.lt\/lv\/products\/vilkolakes-helovino-kostiumas-116-dydis\/","title":{"rendered":"Vilka\u010da Helov\u012bna kost\u012bms, 116. izm\u0113rs"},"content":{"rendered":"<div class=\"mpof_ki myre_zn myre_8v_l m389_6m_l\">\n<div class=\"mp4t_16_s mryx_16_s mr3m_1 mli2_1 mh85_56 mh85_0_l\">\n<div class=\"mgn2_16 _0d3bd_am0a-\">\n<h1><span dir=\"auto\">VILK\u0116S KOSTIUMAS 116<\/span><\/h1>\n<p><b><span dir=\"auto\">Vilkolak\u0117s kostiumas &#8211; Helovinas<\/span><\/b><\/p>\n<p><span dir=\"auto\">Pasiruo\u0161kite nepamir\u0161tamam Helovinui su m\u016bs\u0173 vilkolaki\u0173 kostiumu! \u0160is unikalus kostiumas derina stili\u0173 su siaubo prieskoniu, puikiai tinkantis bet kuriai merginai, norin\u010diai vakar\u0117lyje atrodyti i\u0161skirtinai.<\/span><\/p>\n<p><span dir=\"auto\">Aprang\u0105 sudaro ry\u0161ki suknel\u0117 su gobtuvu ir bat\u0173 u\u017evalkalai, kurie u\u017ebaigia vis\u0105 \u012fvaizd\u012f.<\/span><\/p>\n<p><b><span dir=\"auto\">K\u0105 rasite rinkinyje:<\/span><\/b><\/p>\n<ul>\n<li><span dir=\"auto\">suknel\u0117 su gobtuvu,<\/span><\/li>\n<li><span dir=\"auto\">bat\u0173 u\u017evalkalai.<\/span><\/li>\n<\/ul>\n<p><b><span dir=\"auto\">Aprangos element\u0173 apra\u0161ymas:<\/span><\/b><\/p>\n<ul>\n<li><b><span dir=\"auto\">Suknel\u0117:<\/span><\/b><span dir=\"auto\">\u00a0Juoda ir raudona, su prisi\u016btu languotu bolero. Bolero turi gobtuv\u0105 su prisi\u016btomis vilkolaki\u0173 ausimis, suteikian\u010diomis aprangai laukinio \u017ev\u0117ries akcent\u0105.<\/span><\/li>\n<li><b><span dir=\"auto\">Bolero:<\/span><\/b><span dir=\"auto\">\u00a0apsi\u016btas ruda, \u012f kail\u012f pana\u0161ia med\u017eiaga, kuri i\u0161ry\u0161kina vilki\u0161k\u0105 kostiumo stili\u0173.<\/span><\/li>\n<li><b><span dir=\"auto\">Suknel\u0117s vir\u0161us:<\/span><\/b><span dir=\"auto\">\u00a0pasi\u016btas i\u0161 juodos, slid\u017eios med\u017eiagos, dekoruotas raudonais leten\u0117li\u0173 \u017eym\u0117mis \u2013 puiki nuoroda \u012f vilkolaki\u0173 tem\u0105.<\/span><\/li>\n<li><b><span dir=\"auto\">Sijonas:<\/span><\/b><span dir=\"auto\">\u00a0juodas, apdailintas dviem sluoksniais juodo ir raudono atspalvio tiulio, suteikian\u010dio kostiumui lengvumo ir elegancijos.<\/span><\/li>\n<li><b><span dir=\"auto\">Bat\u0173 u\u017evalkalai:<\/span><\/b><span dir=\"auto\">\u00a0priekyje papuo\u0161ti rudu kailiu, siekia blauzd\u0173 vidur\u012f, puikiai papildydami vis\u0105 aprang\u0105.<\/span><\/li>\n<\/ul>\n<p><b><span dir=\"auto\">Produkto savyb\u0117s:<\/span><\/b><\/p>\n<ul>\n<li><span dir=\"auto\">Pilnas vilkolakio kostiumas, puikiai tinkantis Helovinui ir kitiems kostium\u0173 vakar\u0117liams.<\/span><\/li>\n<li><span dir=\"auto\">Pagaminta i\u0161 auk\u0161tos kokyb\u0117s med\u017eiag\u0173, kurios garantuoja komfort\u0105 ir ilgaam\u017ei\u0161kum\u0105.<\/span><\/li>\n<li><span dir=\"auto\">Galima \u012fsigyti vaiki\u0161k\u0173 dyd\u017ei\u0173, tod\u0117l u\u017etikrina komfort\u0105 ilg\u0105 laik\u0105 ne\u0161iojant.<\/span><\/li>\n<\/ul>\n<p><b><span dir=\"auto\">Sukurkite unikal\u0173 Helovino \u012fvaizd\u012f<\/span><\/b><\/p>\n<p><span dir=\"auto\">Vilkolak\u0117s kostiumas yra puikus pasirinkimas bet kuriai merginai, norin\u010diai \u012fk\u016bnyti tamsios ir paslaptingos fig\u016bros vaidmen\u012f. \u0160is juodai raudonas kostiumas su languotais akcentais ir vilkolaki\u0173 ausimis yra stiliaus ir charakterio derinys. Tai puikus pasirinkimas teminiams vakar\u0117liams, fotosesijoms ir kostium\u0173 vakar\u0117liams.<\/span><\/p>\n<p><b><span dir=\"auto\">Papildoma informacija:<\/span><\/b><\/p>\n<ul>\n<li><span dir=\"auto\">Spalva: juoda ir raudona su kailio motyvais<\/span><\/li>\n<\/ul>\n<p><b><span dir=\"auto\">Kituose m\u016bs\u0173 aukcionuose si\u016blome:<\/span><\/b><\/p>\n<ul>\n<li><span dir=\"auto\">Platus kauki\u0173 pasirinkimas,<\/span><\/li>\n<li><span dir=\"auto\">Makia\u017eo aksesuarai, \u012fskaitant k\u016bno da\u017eus ir pie\u0161tukus.<\/span><\/li>\n<\/ul>\n<p><span dir=\"auto\">Vilkolak\u0117s kostiumas Helovinui \u2013 transformuokis \u012f vilkolak\u0119 ir linksminkis stilingai!<\/span><\/p>\n<h2><span dir=\"auto\">116 dydis<\/span><\/h2>\n<ul>\n<li><b><span dir=\"auto\">Kr\u016btin\u0117s apimtis:<\/span><\/b><span dir=\"auto\">\u00a064 cm<\/span><\/li>\n<li><b><span dir=\"auto\">Liemens apimtis:<\/span><\/b><span dir=\"auto\">\u00a052 cm<\/span><\/li>\n<li><b><span dir=\"auto\">Ilgis nuo pe\u010di\u0173 \u017eemyn:<\/span><\/b><span dir=\"auto\">\u00a055 cm<\/span><\/li>\n<li><b><span dir=\"auto\">Ilgis nuo pa\u017easties \u017eemyn:<\/span><\/b><span dir=\"auto\">\u00a042 cm<\/span><\/li>\n<li><b><span dir=\"auto\">I\u0161orin\u0117s rankov\u0117s ilgis:<\/span><\/b><span dir=\"auto\">\u00a039 cm + 14 cm pritvirtintos leten\u0117l\u0117s<\/span><\/li>\n<li><b><span dir=\"auto\">Vidin\u0117s rankov\u0117s ilgis:<\/span><\/b><span dir=\"auto\">\u00a035 cm<\/span><\/li>\n<\/ul>\n<\/div>\n<\/div>\n<\/div>\n<div class=\"mpof_ki myre_zn myre_8v_l m389_6m_l\">\n<div class=\"mp4t_16_s mryx_16_s mr3m_1 mli2_1 mh85_56 mh85_0_l\">\n<div class=\"mg9e_8 mj7a_8 mg9e_0_s mvrt_0_s mj7a_0_s mh36_0_s mzmg_6m munh_16_l m3h2_16_l\">\n<div class=\"mp4t_0 mryx_0 munh_56 m3h2_56\">\n<div class=\"mp7g_oh\"><\/div>\n<\/div>\n<\/div>\n<\/div>\n<\/div>","protected":false},"excerpt":{"rendered":"<p>VILK\u0116S KOSTIUMAS 116 Vilkolak\u0117s kostiumas &#8211; Helovinas Pasiruo\u0161kite nepamir\u0161tamam Helovinui su m\u016bs\u0173 vilkolaki\u0173 kostiumu! \u0160is unikalus kostiumas derina stili\u0173 su<\/p>","protected":false},"featured_media":74910,"template":"","meta":{"_acf_changed":false,"_glsr_average":0,"_glsr_ranking":0,"_glsr_reviews":0},"product_brand":[],"product_cat":[687,372],"product_tag":[],"class_list":{"0":"post-74909","1":"product","2":"type-product","3":"status-publish","4":"has-post-thumbnail","6":"product_cat-svenciu-kostiumai","7":"product_cat-vaiku-sventems","8":"\"style=\"background-color: #2ecc711c;\"","10":"first","11":"instock","12":"shipping-taxable","13":"purchasable","14":"product-type-simple"},"acf":[],"yoast_head":"<!-- This site is optimized with the Yoast SEO plugin v27.3 - https:\/\/yoast.com\/product\/yoast-seo-wordpress\/ -->\n<title>Vilkolak\u0117s helovino kostiumas 116 dydis - KidsPlay<\/title>\n<meta name=\"description\" content=\"Vilkolak\u0117s helovino kostiumas 116 dydis - KidsPlay. Did\u017eiausias vaik\u0173 \u017eaisl\u0173 pasirinkimas.\" \/>\n<meta name=\"robots\" content=\"index, follow, max-snippet:-1, max-image-preview:large, max-video-preview:-1\" \/>\n<link rel=\"canonical\" href=\"https:\/\/kidsplay.lt\/lv\/products\/vilkolakes-helovino-kostiumas-116-dydis\/\" \/>\n<meta property=\"og:locale\" content=\"lv_LV\" \/>\n<meta property=\"og:type\" content=\"article\" \/>\n<meta property=\"og:title\" content=\"Vilkolak\u0117s helovino kostiumas 116 dydis - KidsPlay\" \/>\n<meta property=\"og:description\" content=\"Vilkolak\u0117s helovino kostiumas 116 dydis - KidsPlay. Did\u017eiausias vaik\u0173 \u017eaisl\u0173 pasirinkimas.\" \/>\n<meta property=\"og:url\" content=\"https:\/\/kidsplay.lt\/lv\/products\/vilkolakes-helovino-kostiumas-116-dydis\/\" \/>\n<meta property=\"og:site_name\" content=\"KidsPlay\" \/>\n<meta property=\"article:publisher\" content=\"https:\/\/www.facebook.com\/www.kidsplay.lt\" \/>\n<meta property=\"og:image\" content=\"https:\/\/kidsplay.lt\/wp-content\/uploads\/2025\/10\/Screenshot_602.png\" \/>\n\t<meta property=\"og:image:width\" content=\"472\" \/>\n\t<meta property=\"og:image:height\" content=\"457\" \/>\n\t<meta property=\"og:image:type\" content=\"image\/png\" \/>\n<meta name=\"twitter:card\" content=\"summary_large_image\" \/>\n<meta name=\"twitter:label1\" content=\"Est. reading time\" \/>\n\t<meta name=\"twitter:data1\" content=\"2 min\u016btes\" \/>\n<script type=\"application\/ld+json\" class=\"yoast-schema-graph\">{\"@context\":\"https:\\\/\\\/schema.org\",\"@graph\":[{\"@type\":\"WebPage\",\"@id\":\"https:\\\/\\\/kidsplay.lt\\\/produktas\\\/vilkolakes-helovino-kostiumas-116-dydis\\\/\",\"url\":\"https:\\\/\\\/kidsplay.lt\\\/produktas\\\/vilkolakes-helovino-kostiumas-116-dydis\\\/\",\"name\":\"Vilkolak\u0117s helovino kostiumas 116 dydis - KidsPlay\",\"isPartOf\":{\"@id\":\"https:\\\/\\\/kidsplay.lt\\\/#website\"},\"primaryImageOfPage\":{\"@id\":\"https:\\\/\\\/kidsplay.lt\\\/produktas\\\/vilkolakes-helovino-kostiumas-116-dydis\\\/#primaryimage\"},\"image\":{\"@id\":\"https:\\\/\\\/kidsplay.lt\\\/produktas\\\/vilkolakes-helovino-kostiumas-116-dydis\\\/#primaryimage\"},\"thumbnailUrl\":\"https:\\\/\\\/kidsplay.lt\\\/wp-content\\\/uploads\\\/2025\\\/10\\\/Screenshot_602.png\",\"datePublished\":\"2025-10-06T05:48:13+00:00\",\"description\":\"Vilkolak\u0117s helovino kostiumas 116 dydis - KidsPlay. Did\u017eiausias vaik\u0173 \u017eaisl\u0173 pasirinkimas.\",\"breadcrumb\":{\"@id\":\"https:\\\/\\\/kidsplay.lt\\\/produktas\\\/vilkolakes-helovino-kostiumas-116-dydis\\\/#breadcrumb\"},\"inLanguage\":\"lv-LV\",\"potentialAction\":[{\"@type\":\"ReadAction\",\"target\":[\"https:\\\/\\\/kidsplay.lt\\\/produktas\\\/vilkolakes-helovino-kostiumas-116-dydis\\\/\"]}]},{\"@type\":\"ImageObject\",\"inLanguage\":\"lv-LV\",\"@id\":\"https:\\\/\\\/kidsplay.lt\\\/produktas\\\/vilkolakes-helovino-kostiumas-116-dydis\\\/#primaryimage\",\"url\":\"https:\\\/\\\/kidsplay.lt\\\/wp-content\\\/uploads\\\/2025\\\/10\\\/Screenshot_602.png\",\"contentUrl\":\"https:\\\/\\\/kidsplay.lt\\\/wp-content\\\/uploads\\\/2025\\\/10\\\/Screenshot_602.png\",\"width\":472,\"height\":457},{\"@type\":\"BreadcrumbList\",\"@id\":\"https:\\\/\\\/kidsplay.lt\\\/produktas\\\/vilkolakes-helovino-kostiumas-116-dydis\\\/#breadcrumb\",\"itemListElement\":[{\"@type\":\"ListItem\",\"position\":1,\"name\":\"Pagrindinis\",\"item\":\"https:\\\/\\\/kidsplay.lt\\\/\"},{\"@type\":\"ListItem\",\"position\":2,\"name\":\"Parduotuv\u0117\",\"item\":\"https:\\\/\\\/kidsplay.lt\\\/parduotuve\\\/\"},{\"@type\":\"ListItem\",\"position\":3,\"name\":\"Vilkolak\u0117s helovino kostiumas 116 dydis\"}]},{\"@type\":\"WebSite\",\"@id\":\"https:\\\/\\\/kidsplay.lt\\\/#website\",\"url\":\"https:\\\/\\\/kidsplay.lt\\\/\",\"name\":\"Kidsplay.lt\",\"description\":\"\u012evairios prek\u0117s vaikams\",\"publisher\":{\"@id\":\"https:\\\/\\\/kidsplay.lt\\\/#organization\"},\"alternateName\":\"Kidsplay\",\"potentialAction\":[{\"@type\":\"SearchAction\",\"target\":{\"@type\":\"EntryPoint\",\"urlTemplate\":\"https:\\\/\\\/kidsplay.lt\\\/?s={search_term_string}\"},\"query-input\":{\"@type\":\"PropertyValueSpecification\",\"valueRequired\":true,\"valueName\":\"search_term_string\"}}],\"inLanguage\":\"lv-LV\"},{\"@type\":\"Organization\",\"@id\":\"https:\\\/\\\/kidsplay.lt\\\/#organization\",\"name\":\"KidsPlay\",\"url\":\"https:\\\/\\\/kidsplay.lt\\\/\",\"logo\":{\"@type\":\"ImageObject\",\"inLanguage\":\"lv-LV\",\"@id\":\"https:\\\/\\\/kidsplay.lt\\\/#\\\/schema\\\/logo\\\/image\\\/\",\"url\":\"https:\\\/\\\/kidsplay.lt\\\/wp-content\\\/uploads\\\/2023\\\/07\\\/kidsplay-logo.png\",\"contentUrl\":\"https:\\\/\\\/kidsplay.lt\\\/wp-content\\\/uploads\\\/2023\\\/07\\\/kidsplay-logo.png\",\"width\":451,\"height\":98,\"caption\":\"KidsPlay\"},\"image\":{\"@id\":\"https:\\\/\\\/kidsplay.lt\\\/#\\\/schema\\\/logo\\\/image\\\/\"},\"sameAs\":[\"https:\\\/\\\/www.facebook.com\\\/www.kidsplay.lt\"]}]}<\/script>\n<!-- \/ Yoast SEO plugin. -->","yoast_head_json":{"title":"Vilkolak\u0117s helovino kostiumas 116 dydis - KidsPlay","description":"Vilkolak\u0117s helovino kostiumas 116 dydis - KidsPlay. Did\u017eiausias vaik\u0173 \u017eaisl\u0173 pasirinkimas.","robots":{"index":"index","follow":"follow","max-snippet":"max-snippet:-1","max-image-preview":"max-image-preview:large","max-video-preview":"max-video-preview:-1"},"canonical":"https:\/\/kidsplay.lt\/lv\/products\/vilkolakes-helovino-kostiumas-116-dydis\/","og_locale":"lv_LV","og_type":"article","og_title":"Vilkolak\u0117s helovino kostiumas 116 dydis - KidsPlay","og_description":"Vilkolak\u0117s helovino kostiumas 116 dydis - KidsPlay. Did\u017eiausias vaik\u0173 \u017eaisl\u0173 pasirinkimas.","og_url":"https:\/\/kidsplay.lt\/lv\/products\/vilkolakes-helovino-kostiumas-116-dydis\/","og_site_name":"KidsPlay","article_publisher":"https:\/\/www.facebook.com\/www.kidsplay.lt","og_image":[{"width":472,"height":457,"url":"https:\/\/kidsplay.lt\/wp-content\/uploads\/2025\/10\/Screenshot_602.png","type":"image\/png"}],"twitter_card":"summary_large_image","twitter_misc":{"Est. reading time":"2 min\u016btes"},"schema":{"@context":"https:\/\/schema.org","@graph":[{"@type":"WebPage","@id":"https:\/\/kidsplay.lt\/produktas\/vilkolakes-helovino-kostiumas-116-dydis\/","url":"https:\/\/kidsplay.lt\/produktas\/vilkolakes-helovino-kostiumas-116-dydis\/","name":"Vilkolak\u0117s helovino kostiumas 116 dydis - KidsPlay","isPartOf":{"@id":"https:\/\/kidsplay.lt\/#website"},"primaryImageOfPage":{"@id":"https:\/\/kidsplay.lt\/produktas\/vilkolakes-helovino-kostiumas-116-dydis\/#primaryimage"},"image":{"@id":"https:\/\/kidsplay.lt\/produktas\/vilkolakes-helovino-kostiumas-116-dydis\/#primaryimage"},"thumbnailUrl":"https:\/\/kidsplay.lt\/wp-content\/uploads\/2025\/10\/Screenshot_602.png","datePublished":"2025-10-06T05:48:13+00:00","description":"Vilkolak\u0117s helovino kostiumas 116 dydis - KidsPlay. Did\u017eiausias vaik\u0173 \u017eaisl\u0173 pasirinkimas.","breadcrumb":{"@id":"https:\/\/kidsplay.lt\/produktas\/vilkolakes-helovino-kostiumas-116-dydis\/#breadcrumb"},"inLanguage":"lv-LV","potentialAction":[{"@type":"ReadAction","target":["https:\/\/kidsplay.lt\/produktas\/vilkolakes-helovino-kostiumas-116-dydis\/"]}]},{"@type":"ImageObject","inLanguage":"lv-LV","@id":"https:\/\/kidsplay.lt\/produktas\/vilkolakes-helovino-kostiumas-116-dydis\/#primaryimage","url":"https:\/\/kidsplay.lt\/wp-content\/uploads\/2025\/10\/Screenshot_602.png","contentUrl":"https:\/\/kidsplay.lt\/wp-content\/uploads\/2025\/10\/Screenshot_602.png","width":472,"height":457},{"@type":"BreadcrumbList","@id":"https:\/\/kidsplay.lt\/produktas\/vilkolakes-helovino-kostiumas-116-dydis\/#breadcrumb","itemListElement":[{"@type":"ListItem","position":1,"name":"Pagrindinis","item":"https:\/\/kidsplay.lt\/"},{"@type":"ListItem","position":2,"name":"Parduotuv\u0117","item":"https:\/\/kidsplay.lt\/parduotuve\/"},{"@type":"ListItem","position":3,"name":"Vilkolak\u0117s helovino kostiumas 116 dydis"}]},{"@type":"WebSite","@id":"https:\/\/kidsplay.lt\/#website","url":"https:\/\/kidsplay.lt\/","name":"B\u0113rnu sp\u0113les.lv","description":"\u012evairios prek\u0117s vaikams","publisher":{"@id":"https:\/\/kidsplay.lt\/#organization"},"alternateName":"Kidsplay","potentialAction":[{"@type":"SearchAction","target":{"@type":"EntryPoint","urlTemplate":"https:\/\/kidsplay.lt\/?s={search_term_string}"},"query-input":{"@type":"PropertyValueSpecification","valueRequired":true,"valueName":"search_term_string"}}],"inLanguage":"lv-LV"},{"@type":"Organization","@id":"https:\/\/kidsplay.lt\/#organization","name":"B\u0113rnu sp\u0113le","url":"https:\/\/kidsplay.lt\/","logo":{"@type":"ImageObject","inLanguage":"lv-LV","@id":"https:\/\/kidsplay.lt\/#\/schema\/logo\/image\/","url":"https:\/\/kidsplay.lt\/wp-content\/uploads\/2023\/07\/kidsplay-logo.png","contentUrl":"https:\/\/kidsplay.lt\/wp-content\/uploads\/2023\/07\/kidsplay-logo.png","width":451,"height":98,"caption":"KidsPlay"},"image":{"@id":"https:\/\/kidsplay.lt\/#\/schema\/logo\/image\/"},"sameAs":["https:\/\/www.facebook.com\/www.kidsplay.lt"]}]}},"_links":{"self":[{"href":"https:\/\/kidsplay.lt\/lv\/wp-json\/wp\/v2\/product\/74909","targetHints":{"allow":["GET"]}}],"collection":[{"href":"https:\/\/kidsplay.lt\/lv\/wp-json\/wp\/v2\/product"}],"about":[{"href":"https:\/\/kidsplay.lt\/lv\/wp-json\/wp\/v2\/types\/product"}],"version-history":[{"count":1,"href":"https:\/\/kidsplay.lt\/lv\/wp-json\/wp\/v2\/product\/74909\/revisions"}],"predecessor-version":[{"id":74912,"href":"https:\/\/kidsplay.lt\/lv\/wp-json\/wp\/v2\/product\/74909\/revisions\/74912"}],"wp:featuredmedia":[{"embeddable":true,"href":"https:\/\/kidsplay.lt\/lv\/wp-json\/wp\/v2\/media\/74910"}],"wp:attachment":[{"href":"https:\/\/kidsplay.lt\/lv\/wp-json\/wp\/v2\/media?parent=74909"}],"wp:term":[{"taxonomy":"product_brand","embeddable":true,"href":"https:\/\/kidsplay.lt\/lv\/wp-json\/wp\/v2\/product_brand?post=74909"},{"taxonomy":"product_cat","embeddable":true,"href":"https:\/\/kidsplay.lt\/lv\/wp-json\/wp\/v2\/product_cat?post=74909"},{"taxonomy":"product_tag","embeddable":true,"href":"https:\/\/kidsplay.lt\/lv\/wp-json\/wp\/v2\/product_tag?post=74909"}],"curies":[{"name":"wp","href":"https:\/\/api.w.org\/{rel}","templated":true}]}}