{"id":74920,"date":"2025-10-06T09:04:28","date_gmt":"2025-10-06T06:04:28","guid":{"rendered":"https:\/\/kidsplay.lt\/?post_type=product&#038;p=74920"},"modified":"2025-10-06T09:04:28","modified_gmt":"2025-10-06T06:04:28","slug":"helovino-kostiumas-skeletas","status":"publish","type":"product","link":"https:\/\/kidsplay.lt\/lv\/products\/helovino-kostiumas-skeletas\/","title":{"rendered":"Helovino kostiumas skeletas"},"content":{"rendered":"<div class=\"mpof_ki myre_zn myre_8v_l m389_6m_l\">\n<div class=\"mp4t_16_s mryx_16_s mr3m_1 mli2_1 mh85_56 mh85_0_l\">\n<div class=\"mgn2_16 _0d3bd_am0a-\">\n<h2><span dir=\"auto\">HELOVYNO KOSTIUMAI<\/span><\/h2>\n<\/div>\n<\/div>\n<\/div>\n<div class=\"mpof_ki myre_zn myre_8v_l m389_6m_l\">\n<div class=\"mp4t_16_s mryx_16_s mr3m_1 mli2_1 mh85_56 mh85_0_l\">\n<div class=\"mgn2_16 _0d3bd_am0a-\">\n<h2><span dir=\"auto\">\u3030\u3030\u3030\u3030\u3030\u3030\u3030\u3030\u3030\u3030\u3030\u3030\u3030\u3030\u3030\u3030\u3030\u3030<\/span><\/h2>\n<p><b><span dir=\"auto\">PRODUKTO APRA\u0160YMAS\u00a0<\/span><\/b><b><span dir=\"auto\">:<\/span><\/b><\/p>\n<p><span dir=\"auto\">\u2b50\u00a0\u00a0<\/span><b><span dir=\"auto\">Fantasti\u0161kas apranga, atspindinti\u00a0<\/span><\/b><span dir=\"auto\"><b>skeleto<\/b>\u00a0\u00a0fig\u016br\u0105 ,<\/span><b><\/b><\/p>\n<p><span dir=\"auto\">\u2b50 Kostiumas \u2013 vientisas kombinezonas (ilgos keln\u0117s, ilgos rankov\u0117s) su gobtuvu,<\/span><\/p>\n<p><span dir=\"auto\">\u2b50\u00a0\u00a0<\/span><b><span dir=\"auto\">Kauk\u0119<\/span><\/b><span dir=\"auto\">\u00a0\u00a0lengva u\u017esid\u0117ti ir ji\u00a0\u00a0<\/span><b><span dir=\"auto\">puikiai priglunda<\/span><\/b><span dir=\"auto\">\u00a0\u00a0prie vaiko veido,<\/span><\/p>\n<p><span dir=\"auto\">\u2b50\u00a0\u00a0<\/span><b><span dir=\"auto\">Gobtuvas<\/span><\/b><span dir=\"auto\">\u00a0\u00a0yra juodas,\u00a0\u00a0<\/span><b><span dir=\"auto\">dengia vis\u0105 galv\u0105<\/span><\/b><span dir=\"auto\">\u00a0, gale yra u\u017etrauktukas,<\/span><\/p>\n<p><span dir=\"auto\">\u2b50 Kombinezonas u\u017esegamas\u00a0\u00a0<\/span><b><span dir=\"auto\">u\u017etrauktuku<\/span><\/b><span dir=\"auto\">\u00a0\u00a0kostiumo gale, tod\u0117l j\u012f lengva apsivilkti,<\/span><\/p>\n<p><span dir=\"auto\">\u2b50\u00a0\u00a0<\/span><b><span dir=\"auto\">Vis\u0105 k\u016bn\u0105 dengiantis<\/span><\/b><span dir=\"auto\">\u00a0kostiumas , t. y. su vieta kojoms ir rankoms,<\/span><\/p>\n<p><span dir=\"auto\">\u2b50\u00a0\u00a0<\/span><b><span dir=\"auto\">Realus 3D<\/span><\/b><span dir=\"auto\">\u00a0\u00a0skeleto ra\u0161tas\u00a0\u00a0<\/span><b><span dir=\"auto\">priekyje ir gale,\u00a0<\/span><\/b><\/p>\n<p><span dir=\"auto\">\u2b50\u00a0\u00a0<\/span><b><span dir=\"auto\">Netamprus, malonus<\/span><\/b><span dir=\"auto\">\u00a0\u00a0liesti audinys u\u017etikrina naudojimo patogum\u0105 ir jud\u0117jimo laisv\u0119,<\/span><\/p>\n<p><span dir=\"auto\">\u2b50\u00a0\u00a0<\/span><b><span dir=\"auto\">Skeleto<\/span><\/b><span dir=\"auto\">\u00a0kostiumas puikiai tiks Helovino vakar\u0117liui, karnavalui ar kasdien\u0117ms pramogoms.<\/span><\/p>\n<p><b><span dir=\"auto\">Labai rekomenduojame!<\/span><\/b><\/p>\n<\/div>\n<\/div>\n<div class=\"mp4t_16_s mryx_16_s mr3m_1 mli2_1 mh85_56 mh85_0_l\">\n<div class=\"mg9e_8 mj7a_8 mg9e_0_s mvrt_0_s mj7a_0_s mh36_0_s mzmg_6m munh_16_l m3h2_16_l\">\n<div class=\"mp4t_0 mryx_0 munh_56 m3h2_56\">\n<div class=\"mp7g_oh\"><button class=\"mg9e_0 mvrt_0 mj7a_0 mh36_0 mp4t_0 m3h2_0 mryx_0 munh_0 mqen_m6 mpof_z0 mx7m_0 m7er_k4 mse2_k4 msts_pt\" data-analytics-interaction=\"true\" data-analytics-interaction-label=\"zoomable-image-open\" aria-disabled=\"true\"><img decoding=\"async\" class=\"msub_k4 mupj_5k mjru_k4 mse2_k4 mp7g_f6 mq1m_0 mj7u_0 m7er_k4 mqen_m6 m31c_d8 m0ux_fp lazyloaded\" src=\"https:\/\/a.allegroimg.com\/original\/1151de\/8f85b5e9448bb30e65d53491cb7a\/STROJ-NA-HALLOWEEN-SZKIELET-KOSCIOTRUP-ZOMBIE-UPIOR-SMIERC-122-128-KARNAWAL\" sizes=\"(min-width: 1200px) 560px, (min-width: 992px) 50vw, 100vw\" srcset=\"https:\/\/a.allegroimg.com\/s360\/1151de\/8f85b5e9448bb30e65d53491cb7a\/STROJ-NA-HALLOWEEN-SZKIELET-KOSCIOTRUP-ZOMBIE-UPIOR-SMIERC-122-128-KARNAWAL 360w,https:\/\/a.allegroimg.com\/s720\/1151de\/8f85b5e9448bb30e65d53491cb7a\/STROJ-NA-HALLOWEEN-SZKIELET-KOSCIOTRUP-ZOMBIE-UPIOR-SMIERC-122-128-KARNAWAL 595w,https:\/\/a.allegroimg.com\/original\/1151de\/8f85b5e9448bb30e65d53491cb7a\/STROJ-NA-HALLOWEEN-SZKIELET-KOSCIOTRUP-ZOMBIE-UPIOR-SMIERC-122-128-KARNAWAL 595w\" alt=\"STR\u00d3J NA HALLOWEEN SZKIELET KO\u015aCIOTRUP ZOMBIE UPI\u00d3R \u015aMIER\u0106 122 128 KARNAWA\u0141\" width=\"595px\" data-srcset=\"\" \/><\/button><\/div>\n<\/div>\n<\/div>\n<\/div>\n<\/div>\n<div class=\"mpof_ki myre_zn myre_8v_l m389_6m_l\">\n<div class=\"mp4t_16_s mryx_16_s mr3m_1 mli2_1 mh85_56 mh85_0_l\">\n<div class=\"mgn2_16 _0d3bd_am0a-\">\n<h2><span dir=\"auto\">HELOVYNO KOSTIUMAS<\/span><\/h2>\n<\/div>\n<\/div>\n<\/div>\n<div class=\"mpof_ki myre_zn myre_8v_l m389_6m_l\">\n<div class=\"mp4t_16_s mryx_16_s mr3m_1 mli2_1 mh85_56 mh85_0_l\">\n<div class=\"mgn2_16 _0d3bd_am0a-\">\n<h2><span dir=\"auto\">\u3030\u3030\u3030\u3030\u3030\u3030\u3030\u3030\u3030\u3030\u3030\u3030\u3030\u3030\u3030\u3030\u3030\u3030<\/span><\/h2>\n<p><b><span dir=\"auto\">\u2b50<\/span><\/b><span dir=\"auto\">\u00a0Vientisas\u00a0\u00a0<\/span><b><span dir=\"auto\">juodos ir baltos spalvos skeleto kostiumas<\/span><\/b><span dir=\"auto\">\u00a0. Gerai pagamintas ir u\u017esegamas u\u017etrauktuku. Su m\u016bs\u0173 dizainu kiekvienas gali virsti \u0161iurpiu siaubo persona\u017eu. \u0160is \u012fdomus kostiumas bus puikus b\u016bdas smagiai praleisti laik\u0105 \u0161\u012f Helovin\u0105.<\/span><\/p>\n<p><b><\/b>\u00a0<b><span dir=\"auto\">Unisex\u00a0\u00a0<\/span><\/b><span dir=\"auto\"><b>kombinezonas<\/b>\u00a0&#8211; tinka ir\u00a0\u00a0<\/span><b><span dir=\"auto\">mergait\u0117ms<\/span><\/b><span dir=\"auto\"> \u00a0\ud83d\ude42\u00a0 \u00a0<\/span><\/p>\n<p><b><span dir=\"auto\">Dydis 122\/128 (etiket\u0117 M)<\/span><\/b><\/p>\n<ul>\n<li><b><span dir=\"auto\">Bendras ilgis be gobtuvo: 110 cm<\/span><\/b><\/li>\n<li><b><span dir=\"auto\">Plotis po pa\u017eastimis: 35 cm x 2<\/span><\/b><\/li>\n<li><b><span dir=\"auto\">Liemens plotis: 34 cm x 2<\/span><\/b><\/li>\n<li><b><span dir=\"auto\">Rankov\u0117s ilgis nuo pa\u017easties iki pir\u0161t\u0173 galiuk\u0173: 38 cm<\/span><\/b><\/li>\n<li><b><span dir=\"auto\">Kojos ilgis nuo tarpkojo iki pir\u0161t\u0173 galiuk\u0173: 64 cm<\/span><\/b><\/li>\n<li><b><span dir=\"auto\">Kr\u0101sa:<\/span><\/b><span dir=\"auto\">\u00a0\u00a0juoda, balta<\/span><\/li>\n<li><b><span dir=\"auto\">Vaiko am\u017eius:<\/span><\/b><span dir=\"auto\"> \u00a0ma\u017edaug 7\u20138 metai\u00a0<\/span><\/li>\n<\/ul>\n<p><b><span dir=\"auto\">110\/116 dydis (etiket\u0117 S)<\/span><\/b><\/p>\n<ul>\n<li><b><span dir=\"auto\">Bendras ilgis be gobtuvo: 103 cm<\/span><\/b><\/li>\n<li><b><span dir=\"auto\">Plotis po pa\u017eastimis: 33 cm x 2<\/span><\/b><\/li>\n<li><b><span dir=\"auto\">Liemens plotis: 31 cm x 2<\/span><\/b><\/li>\n<li><b><span dir=\"auto\">Rankov\u0117s ilgis nuo pa\u017easties iki pir\u0161t\u0173 galiuk\u0173: 37 cm<\/span><\/b><\/li>\n<li><b><span dir=\"auto\">Kojos ilgis nuo tarpkojo iki pir\u0161t\u0173 galiuk\u0173: 54 cm<\/span><\/b><\/li>\n<li><b><span dir=\"auto\">Kr\u0101sa:<\/span><\/b><span dir=\"auto\">\u00a0\u00a0juoda, balta<\/span><\/li>\n<li><b><span dir=\"auto\">Vaiko am\u017eius:<\/span><\/b><span dir=\"auto\">\u00a0\u00a0ma\u017edaug 5\u20136 metai<\/span><\/li>\n<\/ul>\n<\/div>\n<\/div>\n<\/div>","protected":false},"excerpt":{"rendered":"<p>HELOVYNO KOSTIUMAI \u3030\u3030\u3030\u3030\u3030\u3030\u3030\u3030\u3030\u3030\u3030\u3030\u3030\u3030\u3030\u3030\u3030\u3030 PRODUKTO APRA\u0160YMAS\u00a0: \u2b50\u00a0\u00a0Fantasti\u0161kas apranga, atspindinti\u00a0skeleto\u00a0\u00a0fig\u016br\u0105 , \u2b50 Kostiumas \u2013 vientisas kombinezonas (ilgos keln\u0117s, ilgos rankov\u0117s) su gobtuvu,<\/p>","protected":false},"featured_media":74921,"template":"","meta":{"_acf_changed":false,"_glsr_average":0,"_glsr_ranking":0,"_glsr_reviews":0},"product_brand":[],"product_cat":[687,372],"product_tag":[],"class_list":{"0":"post-74920","1":"product","2":"type-product","3":"status-publish","4":"has-post-thumbnail","6":"product_cat-svenciu-kostiumai","7":"product_cat-vaiku-sventems","8":"\"style=\"background-color: #2ecc711c;\"","10":"first","11":"instock","12":"shipping-taxable","13":"purchasable","14":"product-type-variable"},"acf":[],"yoast_head":"<!-- This site is optimized with the Yoast SEO plugin v27.3 - https:\/\/yoast.com\/product\/yoast-seo-wordpress\/ -->\n<title>Helovino kostiumas skeletas - KidsPlay<\/title>\n<meta name=\"description\" content=\"Helovino kostiumas skeletas - KidsPlay. Did\u017eiausias vaik\u0173 \u017eaisl\u0173 pasirinkimas.\" \/>\n<meta name=\"robots\" content=\"index, follow, max-snippet:-1, max-image-preview:large, max-video-preview:-1\" \/>\n<link rel=\"canonical\" href=\"https:\/\/kidsplay.lt\/lv\/products\/helovino-kostiumas-skeletas\/\" \/>\n<meta property=\"og:locale\" content=\"lv_LV\" \/>\n<meta property=\"og:type\" content=\"article\" \/>\n<meta property=\"og:title\" content=\"Helovino kostiumas skeletas - KidsPlay\" \/>\n<meta property=\"og:description\" content=\"Helovino kostiumas skeletas - KidsPlay. Did\u017eiausias vaik\u0173 \u017eaisl\u0173 pasirinkimas.\" \/>\n<meta property=\"og:url\" content=\"https:\/\/kidsplay.lt\/lv\/products\/helovino-kostiumas-skeletas\/\" \/>\n<meta property=\"og:site_name\" content=\"KidsPlay\" \/>\n<meta property=\"article:publisher\" content=\"https:\/\/www.facebook.com\/www.kidsplay.lt\" \/>\n<meta property=\"og:image\" content=\"https:\/\/kidsplay.lt\/wp-content\/uploads\/2025\/10\/Screenshot_607.png\" \/>\n\t<meta property=\"og:image:width\" content=\"471\" \/>\n\t<meta property=\"og:image:height\" content=\"465\" \/>\n\t<meta property=\"og:image:type\" content=\"image\/png\" \/>\n<meta name=\"twitter:card\" content=\"summary_large_image\" \/>\n<meta name=\"twitter:label1\" content=\"Est. reading time\" \/>\n\t<meta name=\"twitter:data1\" content=\"2 min\u016btes\" \/>\n<script type=\"application\/ld+json\" class=\"yoast-schema-graph\">{\"@context\":\"https:\\\/\\\/schema.org\",\"@graph\":[{\"@type\":\"WebPage\",\"@id\":\"https:\\\/\\\/kidsplay.lt\\\/produktas\\\/helovino-kostiumas-skeletas\\\/\",\"url\":\"https:\\\/\\\/kidsplay.lt\\\/produktas\\\/helovino-kostiumas-skeletas\\\/\",\"name\":\"Helovino kostiumas skeletas - KidsPlay\",\"isPartOf\":{\"@id\":\"https:\\\/\\\/kidsplay.lt\\\/#website\"},\"primaryImageOfPage\":{\"@id\":\"https:\\\/\\\/kidsplay.lt\\\/produktas\\\/helovino-kostiumas-skeletas\\\/#primaryimage\"},\"image\":{\"@id\":\"https:\\\/\\\/kidsplay.lt\\\/produktas\\\/helovino-kostiumas-skeletas\\\/#primaryimage\"},\"thumbnailUrl\":\"https:\\\/\\\/kidsplay.lt\\\/wp-content\\\/uploads\\\/2025\\\/10\\\/Screenshot_607.png\",\"datePublished\":\"2025-10-06T06:04:28+00:00\",\"description\":\"Helovino kostiumas skeletas - KidsPlay. Did\u017eiausias vaik\u0173 \u017eaisl\u0173 pasirinkimas.\",\"breadcrumb\":{\"@id\":\"https:\\\/\\\/kidsplay.lt\\\/produktas\\\/helovino-kostiumas-skeletas\\\/#breadcrumb\"},\"inLanguage\":\"lv-LV\",\"potentialAction\":[{\"@type\":\"ReadAction\",\"target\":[\"https:\\\/\\\/kidsplay.lt\\\/produktas\\\/helovino-kostiumas-skeletas\\\/\"]}]},{\"@type\":\"ImageObject\",\"inLanguage\":\"lv-LV\",\"@id\":\"https:\\\/\\\/kidsplay.lt\\\/produktas\\\/helovino-kostiumas-skeletas\\\/#primaryimage\",\"url\":\"https:\\\/\\\/kidsplay.lt\\\/wp-content\\\/uploads\\\/2025\\\/10\\\/Screenshot_607.png\",\"contentUrl\":\"https:\\\/\\\/kidsplay.lt\\\/wp-content\\\/uploads\\\/2025\\\/10\\\/Screenshot_607.png\",\"width\":471,\"height\":465},{\"@type\":\"BreadcrumbList\",\"@id\":\"https:\\\/\\\/kidsplay.lt\\\/produktas\\\/helovino-kostiumas-skeletas\\\/#breadcrumb\",\"itemListElement\":[{\"@type\":\"ListItem\",\"position\":1,\"name\":\"Pagrindinis\",\"item\":\"https:\\\/\\\/kidsplay.lt\\\/\"},{\"@type\":\"ListItem\",\"position\":2,\"name\":\"Parduotuv\u0117\",\"item\":\"https:\\\/\\\/kidsplay.lt\\\/parduotuve\\\/\"},{\"@type\":\"ListItem\",\"position\":3,\"name\":\"Helovino kostiumas skeletas\"}]},{\"@type\":\"WebSite\",\"@id\":\"https:\\\/\\\/kidsplay.lt\\\/#website\",\"url\":\"https:\\\/\\\/kidsplay.lt\\\/\",\"name\":\"Kidsplay.lt\",\"description\":\"\u012evairios prek\u0117s vaikams\",\"publisher\":{\"@id\":\"https:\\\/\\\/kidsplay.lt\\\/#organization\"},\"alternateName\":\"Kidsplay\",\"potentialAction\":[{\"@type\":\"SearchAction\",\"target\":{\"@type\":\"EntryPoint\",\"urlTemplate\":\"https:\\\/\\\/kidsplay.lt\\\/?s={search_term_string}\"},\"query-input\":{\"@type\":\"PropertyValueSpecification\",\"valueRequired\":true,\"valueName\":\"search_term_string\"}}],\"inLanguage\":\"lv-LV\"},{\"@type\":\"Organization\",\"@id\":\"https:\\\/\\\/kidsplay.lt\\\/#organization\",\"name\":\"KidsPlay\",\"url\":\"https:\\\/\\\/kidsplay.lt\\\/\",\"logo\":{\"@type\":\"ImageObject\",\"inLanguage\":\"lv-LV\",\"@id\":\"https:\\\/\\\/kidsplay.lt\\\/#\\\/schema\\\/logo\\\/image\\\/\",\"url\":\"https:\\\/\\\/kidsplay.lt\\\/wp-content\\\/uploads\\\/2023\\\/07\\\/kidsplay-logo.png\",\"contentUrl\":\"https:\\\/\\\/kidsplay.lt\\\/wp-content\\\/uploads\\\/2023\\\/07\\\/kidsplay-logo.png\",\"width\":451,\"height\":98,\"caption\":\"KidsPlay\"},\"image\":{\"@id\":\"https:\\\/\\\/kidsplay.lt\\\/#\\\/schema\\\/logo\\\/image\\\/\"},\"sameAs\":[\"https:\\\/\\\/www.facebook.com\\\/www.kidsplay.lt\"]}]}<\/script>\n<!-- \/ Yoast SEO plugin. -->","yoast_head_json":{"title":"Helovino kostiumas skeletas - KidsPlay","description":"Helovino kostiumas skeletas - KidsPlay. Did\u017eiausias vaik\u0173 \u017eaisl\u0173 pasirinkimas.","robots":{"index":"index","follow":"follow","max-snippet":"max-snippet:-1","max-image-preview":"max-image-preview:large","max-video-preview":"max-video-preview:-1"},"canonical":"https:\/\/kidsplay.lt\/lv\/products\/helovino-kostiumas-skeletas\/","og_locale":"lv_LV","og_type":"article","og_title":"Helovino kostiumas skeletas - KidsPlay","og_description":"Helovino kostiumas skeletas - KidsPlay. Did\u017eiausias vaik\u0173 \u017eaisl\u0173 pasirinkimas.","og_url":"https:\/\/kidsplay.lt\/lv\/products\/helovino-kostiumas-skeletas\/","og_site_name":"KidsPlay","article_publisher":"https:\/\/www.facebook.com\/www.kidsplay.lt","og_image":[{"width":471,"height":465,"url":"https:\/\/kidsplay.lt\/wp-content\/uploads\/2025\/10\/Screenshot_607.png","type":"image\/png"}],"twitter_card":"summary_large_image","twitter_misc":{"Est. reading time":"2 min\u016btes"},"schema":{"@context":"https:\/\/schema.org","@graph":[{"@type":"WebPage","@id":"https:\/\/kidsplay.lt\/produktas\/helovino-kostiumas-skeletas\/","url":"https:\/\/kidsplay.lt\/produktas\/helovino-kostiumas-skeletas\/","name":"Helovino kostiumas skeletas - KidsPlay","isPartOf":{"@id":"https:\/\/kidsplay.lt\/#website"},"primaryImageOfPage":{"@id":"https:\/\/kidsplay.lt\/produktas\/helovino-kostiumas-skeletas\/#primaryimage"},"image":{"@id":"https:\/\/kidsplay.lt\/produktas\/helovino-kostiumas-skeletas\/#primaryimage"},"thumbnailUrl":"https:\/\/kidsplay.lt\/wp-content\/uploads\/2025\/10\/Screenshot_607.png","datePublished":"2025-10-06T06:04:28+00:00","description":"Helovino kostiumas skeletas - KidsPlay. Did\u017eiausias vaik\u0173 \u017eaisl\u0173 pasirinkimas.","breadcrumb":{"@id":"https:\/\/kidsplay.lt\/produktas\/helovino-kostiumas-skeletas\/#breadcrumb"},"inLanguage":"lv-LV","potentialAction":[{"@type":"ReadAction","target":["https:\/\/kidsplay.lt\/produktas\/helovino-kostiumas-skeletas\/"]}]},{"@type":"ImageObject","inLanguage":"lv-LV","@id":"https:\/\/kidsplay.lt\/produktas\/helovino-kostiumas-skeletas\/#primaryimage","url":"https:\/\/kidsplay.lt\/wp-content\/uploads\/2025\/10\/Screenshot_607.png","contentUrl":"https:\/\/kidsplay.lt\/wp-content\/uploads\/2025\/10\/Screenshot_607.png","width":471,"height":465},{"@type":"BreadcrumbList","@id":"https:\/\/kidsplay.lt\/produktas\/helovino-kostiumas-skeletas\/#breadcrumb","itemListElement":[{"@type":"ListItem","position":1,"name":"Pagrindinis","item":"https:\/\/kidsplay.lt\/"},{"@type":"ListItem","position":2,"name":"Parduotuv\u0117","item":"https:\/\/kidsplay.lt\/parduotuve\/"},{"@type":"ListItem","position":3,"name":"Helovino kostiumas skeletas"}]},{"@type":"WebSite","@id":"https:\/\/kidsplay.lt\/#website","url":"https:\/\/kidsplay.lt\/","name":"B\u0113rnu sp\u0113les.lv","description":"\u012evairios prek\u0117s vaikams","publisher":{"@id":"https:\/\/kidsplay.lt\/#organization"},"alternateName":"Kidsplay","potentialAction":[{"@type":"SearchAction","target":{"@type":"EntryPoint","urlTemplate":"https:\/\/kidsplay.lt\/?s={search_term_string}"},"query-input":{"@type":"PropertyValueSpecification","valueRequired":true,"valueName":"search_term_string"}}],"inLanguage":"lv-LV"},{"@type":"Organization","@id":"https:\/\/kidsplay.lt\/#organization","name":"B\u0113rnu sp\u0113le","url":"https:\/\/kidsplay.lt\/","logo":{"@type":"ImageObject","inLanguage":"lv-LV","@id":"https:\/\/kidsplay.lt\/#\/schema\/logo\/image\/","url":"https:\/\/kidsplay.lt\/wp-content\/uploads\/2023\/07\/kidsplay-logo.png","contentUrl":"https:\/\/kidsplay.lt\/wp-content\/uploads\/2023\/07\/kidsplay-logo.png","width":451,"height":98,"caption":"KidsPlay"},"image":{"@id":"https:\/\/kidsplay.lt\/#\/schema\/logo\/image\/"},"sameAs":["https:\/\/www.facebook.com\/www.kidsplay.lt"]}]}},"_links":{"self":[{"href":"https:\/\/kidsplay.lt\/lv\/wp-json\/wp\/v2\/product\/74920","targetHints":{"allow":["GET"]}}],"collection":[{"href":"https:\/\/kidsplay.lt\/lv\/wp-json\/wp\/v2\/product"}],"about":[{"href":"https:\/\/kidsplay.lt\/lv\/wp-json\/wp\/v2\/types\/product"}],"version-history":[{"count":1,"href":"https:\/\/kidsplay.lt\/lv\/wp-json\/wp\/v2\/product\/74920\/revisions"}],"predecessor-version":[{"id":74926,"href":"https:\/\/kidsplay.lt\/lv\/wp-json\/wp\/v2\/product\/74920\/revisions\/74926"}],"wp:featuredmedia":[{"embeddable":true,"href":"https:\/\/kidsplay.lt\/lv\/wp-json\/wp\/v2\/media\/74921"}],"wp:attachment":[{"href":"https:\/\/kidsplay.lt\/lv\/wp-json\/wp\/v2\/media?parent=74920"}],"wp:term":[{"taxonomy":"product_brand","embeddable":true,"href":"https:\/\/kidsplay.lt\/lv\/wp-json\/wp\/v2\/product_brand?post=74920"},{"taxonomy":"product_cat","embeddable":true,"href":"https:\/\/kidsplay.lt\/lv\/wp-json\/wp\/v2\/product_cat?post=74920"},{"taxonomy":"product_tag","embeddable":true,"href":"https:\/\/kidsplay.lt\/lv\/wp-json\/wp\/v2\/product_tag?post=74920"}],"curies":[{"name":"wp","href":"https:\/\/api.w.org\/{rel}","templated":true}]}}