{"id":74980,"date":"2025-10-06T14:53:47","date_gmt":"2025-10-06T11:53:47","guid":{"rendered":"https:\/\/kidsplay.lt\/?post_type=product&#038;p=74980"},"modified":"2026-02-25T16:13:28","modified_gmt":"2026-02-25T14:13:28","slug":"columbia-snuggly-bunny-bunting-pukinis-vaikiskas-zieminis-kombinezonas-56-dydis","status":"publish","type":"product","link":"https:\/\/kidsplay.lt\/lv\/products\/columbia-snuggly-bunny-bunting-pukinis-vaikiskas-zieminis-kombinezonas-56-dydis\/","title":{"rendered":"Columbia Snuggly Bunny Bunting p\u016bkinis vaiki\u0161kas \u017eieminis kombinezonas 56 dydis"},"content":{"rendered":"<p><span dir=\"auto\">\u201eColumbia Snuggly Bunny\u201c sniego kostiumas sujungia funkcionalum\u0105 ir i\u0161skirtin\u012f komfort\u0105 j\u016bs\u0173 ma\u017eyliui. D\u0117l vandeniui atsparios apdailos i\u0161orin\u0117 med\u017eiaga atstumia vanden\u012f ir sulaiko dr\u0117gm\u0119. P\u016bk\u0173 izoliacija ir papildomas mikrofliso pamu\u0161alas kr\u016btin\u0117s srityje ir gobtuve suteikia puiki\u0105 \u0161ilum\u0105 j\u016bs\u0173 ma\u017eyliui. Dar didesnei apsaugai nuo \u0161al\u010dio sniego kostiumas turi klostes ant koj\u0173 ir rankovi\u0173 apvadus, kad ma\u017eos rankyt\u0117s ir kojyt\u0117s b\u016bt\u0173 \u0161iltos ir sausos. I\u0161samesn\u0117 informacija:<\/span><\/p>\n<ul>\n<li><span dir=\"auto\">i\u0161orin\u0117 med\u017eiaga su vandeniui atspariu impregnavimu<\/span><\/li>\n<li><span dir=\"auto\">mikrofliso pamu\u0161alas kr\u016btin\u0117s lygyje ir gobtuve<\/span><\/li>\n<li><span dir=\"auto\">nat\u016bralus p\u016bk\u0173 u\u017epildas (450 p\u016bk\u0173 su RDS sertifikatu)<\/span><\/li>\n<li><span dir=\"auto\">Ilgesnis u\u017etrauktukas leid\u017eia lengviau apsivilkti kostium\u0105<\/span><\/li>\n<li><span dir=\"auto\">susuktos kojos ir rankogaliai, kad viduje i\u0161likt\u0173 \u0161iluma<\/span><\/li>\n<\/ul>\n<p><b><span dir=\"auto\">I\u0161orin\u0117 med\u017eiaga:<\/span><\/b><span dir=\"auto\">\u00a0\u00a0Microtex Lite\u2122 II Taffeta 100 % poliesteris<\/span><\/p>\n<p><b><span dir=\"auto\">Pamu\u0161alas:<\/span><\/b><span dir=\"auto\">\u00a0\u00a0100% poliesterio mikroflisas<\/span><\/p>\n<p><b><span dir=\"auto\">Izoliacija:<\/span><\/b><span dir=\"auto\">\u00a0\u00a0450 u\u017epild\u0173 RDS sertifikuotas p\u016bkas<\/span><\/p>","protected":false},"excerpt":{"rendered":"<p>\u201eColumbia Snuggly Bunny\u201c sniego kostiumas sujungia funkcionalum\u0105 ir i\u0161skirtin\u012f komfort\u0105 j\u016bs\u0173 ma\u017eyliui. D\u0117l vandeniui atsparios apdailos i\u0161orin\u0117 med\u017eiaga atstumia vanden\u012f<\/p>","protected":false},"featured_media":74981,"template":"","meta":{"_acf_changed":false,"_glsr_average":0,"_glsr_ranking":0,"_glsr_reviews":0},"product_brand":[],"product_cat":[676],"product_tag":[],"class_list":{"0":"post-74980","1":"product","2":"type-product","3":"status-publish","4":"has-post-thumbnail","6":"product_cat-kombinezonai","7":"\"style=\"background-color: #2ecc711c;\"","9":"first","10":"instock","11":"shipping-taxable","12":"purchasable","13":"product-type-simple"},"acf":[],"yoast_head":"<!-- This site is optimized with the Yoast SEO plugin v27.3 - https:\/\/yoast.com\/product\/yoast-seo-wordpress\/ -->\n<title>Columbia Snuggly Bunny Bunting p\u016bkinis vaiki\u0161kas \u017eieminis kombinezonas 56 dydis - KidsPlay<\/title>\n<meta name=\"description\" content=\"Columbia Snuggly Bunny Bunting p\u016bkinis vaiki\u0161kas \u017eieminis kombinezonas - KidsPlay. Did\u017eiausias vaik\u0173 \u017eaisl\u0173 pasirinkimas.\" \/>\n<meta name=\"robots\" content=\"index, follow, max-snippet:-1, max-image-preview:large, max-video-preview:-1\" \/>\n<link rel=\"canonical\" href=\"https:\/\/kidsplay.lt\/lv\/products\/columbia-snuggly-bunny-bunting-pukinis-vaikiskas-zieminis-kombinezonas-56-dydis\/\" \/>\n<meta property=\"og:locale\" content=\"lv_LV\" \/>\n<meta property=\"og:type\" content=\"article\" \/>\n<meta property=\"og:title\" content=\"Columbia Snuggly Bunny Bunting p\u016bkinis vaiki\u0161kas \u017eieminis kombinezonas 56 dydis - KidsPlay\" \/>\n<meta property=\"og:description\" content=\"Columbia Snuggly Bunny Bunting p\u016bkinis vaiki\u0161kas \u017eieminis kombinezonas - KidsPlay. Did\u017eiausias vaik\u0173 \u017eaisl\u0173 pasirinkimas.\" \/>\n<meta property=\"og:url\" content=\"https:\/\/kidsplay.lt\/lv\/products\/columbia-snuggly-bunny-bunting-pukinis-vaikiskas-zieminis-kombinezonas-56-dydis\/\" \/>\n<meta property=\"og:site_name\" content=\"KidsPlay\" \/>\n<meta property=\"article:publisher\" content=\"https:\/\/www.facebook.com\/www.kidsplay.lt\" \/>\n<meta property=\"article:modified_time\" content=\"2026-02-25T14:13:28+00:00\" \/>\n<meta property=\"og:image\" content=\"https:\/\/kidsplay.lt\/wp-content\/uploads\/2025\/10\/Screenshot_22.png\" \/>\n\t<meta property=\"og:image:width\" content=\"381\" \/>\n\t<meta property=\"og:image:height\" content=\"392\" \/>\n\t<meta property=\"og:image:type\" content=\"image\/png\" \/>\n<meta name=\"twitter:card\" content=\"summary_large_image\" \/>\n<meta name=\"twitter:label1\" content=\"Est. reading time\" \/>\n\t<meta name=\"twitter:data1\" content=\"1 min\u016bte\" \/>\n<script type=\"application\/ld+json\" class=\"yoast-schema-graph\">{\"@context\":\"https:\\\/\\\/schema.org\",\"@graph\":[{\"@type\":\"WebPage\",\"@id\":\"https:\\\/\\\/kidsplay.lt\\\/produktas\\\/columbia-snuggly-bunny-bunting-pukinis-vaikiskas-zieminis-kombinezonas-56-dydis\\\/\",\"url\":\"https:\\\/\\\/kidsplay.lt\\\/produktas\\\/columbia-snuggly-bunny-bunting-pukinis-vaikiskas-zieminis-kombinezonas-56-dydis\\\/\",\"name\":\"Columbia Snuggly Bunny Bunting p\u016bkinis vaiki\u0161kas \u017eieminis kombinezonas 56 dydis - KidsPlay\",\"isPartOf\":{\"@id\":\"https:\\\/\\\/kidsplay.lt\\\/#website\"},\"primaryImageOfPage\":{\"@id\":\"https:\\\/\\\/kidsplay.lt\\\/produktas\\\/columbia-snuggly-bunny-bunting-pukinis-vaikiskas-zieminis-kombinezonas-56-dydis\\\/#primaryimage\"},\"image\":{\"@id\":\"https:\\\/\\\/kidsplay.lt\\\/produktas\\\/columbia-snuggly-bunny-bunting-pukinis-vaikiskas-zieminis-kombinezonas-56-dydis\\\/#primaryimage\"},\"thumbnailUrl\":\"https:\\\/\\\/kidsplay.lt\\\/wp-content\\\/uploads\\\/2025\\\/10\\\/Screenshot_22.png\",\"datePublished\":\"2025-10-06T11:53:47+00:00\",\"dateModified\":\"2026-02-25T14:13:28+00:00\",\"description\":\"Columbia Snuggly Bunny Bunting p\u016bkinis vaiki\u0161kas \u017eieminis kombinezonas - KidsPlay. Did\u017eiausias vaik\u0173 \u017eaisl\u0173 pasirinkimas.\",\"breadcrumb\":{\"@id\":\"https:\\\/\\\/kidsplay.lt\\\/produktas\\\/columbia-snuggly-bunny-bunting-pukinis-vaikiskas-zieminis-kombinezonas-56-dydis\\\/#breadcrumb\"},\"inLanguage\":\"lv-LV\",\"potentialAction\":[{\"@type\":\"ReadAction\",\"target\":[\"https:\\\/\\\/kidsplay.lt\\\/produktas\\\/columbia-snuggly-bunny-bunting-pukinis-vaikiskas-zieminis-kombinezonas-56-dydis\\\/\"]}]},{\"@type\":\"ImageObject\",\"inLanguage\":\"lv-LV\",\"@id\":\"https:\\\/\\\/kidsplay.lt\\\/produktas\\\/columbia-snuggly-bunny-bunting-pukinis-vaikiskas-zieminis-kombinezonas-56-dydis\\\/#primaryimage\",\"url\":\"https:\\\/\\\/kidsplay.lt\\\/wp-content\\\/uploads\\\/2025\\\/10\\\/Screenshot_22.png\",\"contentUrl\":\"https:\\\/\\\/kidsplay.lt\\\/wp-content\\\/uploads\\\/2025\\\/10\\\/Screenshot_22.png\",\"width\":381,\"height\":392},{\"@type\":\"BreadcrumbList\",\"@id\":\"https:\\\/\\\/kidsplay.lt\\\/produktas\\\/columbia-snuggly-bunny-bunting-pukinis-vaikiskas-zieminis-kombinezonas-56-dydis\\\/#breadcrumb\",\"itemListElement\":[{\"@type\":\"ListItem\",\"position\":1,\"name\":\"Pagrindinis\",\"item\":\"https:\\\/\\\/kidsplay.lt\\\/\"},{\"@type\":\"ListItem\",\"position\":2,\"name\":\"Parduotuv\u0117\",\"item\":\"https:\\\/\\\/kidsplay.lt\\\/parduotuve\\\/\"},{\"@type\":\"ListItem\",\"position\":3,\"name\":\"Columbia Snuggly Bunny Bunting p\u016bkinis vaiki\u0161kas \u017eieminis kombinezonas 56 dydis\"}]},{\"@type\":\"WebSite\",\"@id\":\"https:\\\/\\\/kidsplay.lt\\\/#website\",\"url\":\"https:\\\/\\\/kidsplay.lt\\\/\",\"name\":\"Kidsplay.lt\",\"description\":\"\u012evairios prek\u0117s vaikams\",\"publisher\":{\"@id\":\"https:\\\/\\\/kidsplay.lt\\\/#organization\"},\"alternateName\":\"Kidsplay\",\"potentialAction\":[{\"@type\":\"SearchAction\",\"target\":{\"@type\":\"EntryPoint\",\"urlTemplate\":\"https:\\\/\\\/kidsplay.lt\\\/?s={search_term_string}\"},\"query-input\":{\"@type\":\"PropertyValueSpecification\",\"valueRequired\":true,\"valueName\":\"search_term_string\"}}],\"inLanguage\":\"lv-LV\"},{\"@type\":\"Organization\",\"@id\":\"https:\\\/\\\/kidsplay.lt\\\/#organization\",\"name\":\"KidsPlay\",\"url\":\"https:\\\/\\\/kidsplay.lt\\\/\",\"logo\":{\"@type\":\"ImageObject\",\"inLanguage\":\"lv-LV\",\"@id\":\"https:\\\/\\\/kidsplay.lt\\\/#\\\/schema\\\/logo\\\/image\\\/\",\"url\":\"https:\\\/\\\/kidsplay.lt\\\/wp-content\\\/uploads\\\/2023\\\/07\\\/kidsplay-logo.png\",\"contentUrl\":\"https:\\\/\\\/kidsplay.lt\\\/wp-content\\\/uploads\\\/2023\\\/07\\\/kidsplay-logo.png\",\"width\":451,\"height\":98,\"caption\":\"KidsPlay\"},\"image\":{\"@id\":\"https:\\\/\\\/kidsplay.lt\\\/#\\\/schema\\\/logo\\\/image\\\/\"},\"sameAs\":[\"https:\\\/\\\/www.facebook.com\\\/www.kidsplay.lt\"]}]}<\/script>\n<!-- \/ Yoast SEO plugin. -->","yoast_head_json":{"title":"Columbia Snuggly Bunny Bunting p\u016bkinis vaiki\u0161kas \u017eieminis kombinezonas 56 dydis - KidsPlay","description":"Columbia Snuggly Bunny Bunting p\u016bkinis vaiki\u0161kas \u017eieminis kombinezonas - KidsPlay. Did\u017eiausias vaik\u0173 \u017eaisl\u0173 pasirinkimas.","robots":{"index":"index","follow":"follow","max-snippet":"max-snippet:-1","max-image-preview":"max-image-preview:large","max-video-preview":"max-video-preview:-1"},"canonical":"https:\/\/kidsplay.lt\/lv\/products\/columbia-snuggly-bunny-bunting-pukinis-vaikiskas-zieminis-kombinezonas-56-dydis\/","og_locale":"lv_LV","og_type":"article","og_title":"Columbia Snuggly Bunny Bunting p\u016bkinis vaiki\u0161kas \u017eieminis kombinezonas 56 dydis - KidsPlay","og_description":"Columbia Snuggly Bunny Bunting p\u016bkinis vaiki\u0161kas \u017eieminis kombinezonas - KidsPlay. Did\u017eiausias vaik\u0173 \u017eaisl\u0173 pasirinkimas.","og_url":"https:\/\/kidsplay.lt\/lv\/products\/columbia-snuggly-bunny-bunting-pukinis-vaikiskas-zieminis-kombinezonas-56-dydis\/","og_site_name":"KidsPlay","article_publisher":"https:\/\/www.facebook.com\/www.kidsplay.lt","article_modified_time":"2026-02-25T14:13:28+00:00","og_image":[{"width":381,"height":392,"url":"https:\/\/kidsplay.lt\/wp-content\/uploads\/2025\/10\/Screenshot_22.png","type":"image\/png"}],"twitter_card":"summary_large_image","twitter_misc":{"Est. reading time":"1 min\u016bte"},"schema":{"@context":"https:\/\/schema.org","@graph":[{"@type":"WebPage","@id":"https:\/\/kidsplay.lt\/produktas\/columbia-snuggly-bunny-bunting-pukinis-vaikiskas-zieminis-kombinezonas-56-dydis\/","url":"https:\/\/kidsplay.lt\/produktas\/columbia-snuggly-bunny-bunting-pukinis-vaikiskas-zieminis-kombinezonas-56-dydis\/","name":"Columbia Snuggly Bunny Bunting p\u016bkinis vaiki\u0161kas \u017eieminis kombinezonas 56 dydis - KidsPlay","isPartOf":{"@id":"https:\/\/kidsplay.lt\/#website"},"primaryImageOfPage":{"@id":"https:\/\/kidsplay.lt\/produktas\/columbia-snuggly-bunny-bunting-pukinis-vaikiskas-zieminis-kombinezonas-56-dydis\/#primaryimage"},"image":{"@id":"https:\/\/kidsplay.lt\/produktas\/columbia-snuggly-bunny-bunting-pukinis-vaikiskas-zieminis-kombinezonas-56-dydis\/#primaryimage"},"thumbnailUrl":"https:\/\/kidsplay.lt\/wp-content\/uploads\/2025\/10\/Screenshot_22.png","datePublished":"2025-10-06T11:53:47+00:00","dateModified":"2026-02-25T14:13:28+00:00","description":"Columbia Snuggly Bunny Bunting p\u016bkinis vaiki\u0161kas \u017eieminis kombinezonas - KidsPlay. Did\u017eiausias vaik\u0173 \u017eaisl\u0173 pasirinkimas.","breadcrumb":{"@id":"https:\/\/kidsplay.lt\/produktas\/columbia-snuggly-bunny-bunting-pukinis-vaikiskas-zieminis-kombinezonas-56-dydis\/#breadcrumb"},"inLanguage":"lv-LV","potentialAction":[{"@type":"ReadAction","target":["https:\/\/kidsplay.lt\/produktas\/columbia-snuggly-bunny-bunting-pukinis-vaikiskas-zieminis-kombinezonas-56-dydis\/"]}]},{"@type":"ImageObject","inLanguage":"lv-LV","@id":"https:\/\/kidsplay.lt\/produktas\/columbia-snuggly-bunny-bunting-pukinis-vaikiskas-zieminis-kombinezonas-56-dydis\/#primaryimage","url":"https:\/\/kidsplay.lt\/wp-content\/uploads\/2025\/10\/Screenshot_22.png","contentUrl":"https:\/\/kidsplay.lt\/wp-content\/uploads\/2025\/10\/Screenshot_22.png","width":381,"height":392},{"@type":"BreadcrumbList","@id":"https:\/\/kidsplay.lt\/produktas\/columbia-snuggly-bunny-bunting-pukinis-vaikiskas-zieminis-kombinezonas-56-dydis\/#breadcrumb","itemListElement":[{"@type":"ListItem","position":1,"name":"Pagrindinis","item":"https:\/\/kidsplay.lt\/"},{"@type":"ListItem","position":2,"name":"Parduotuv\u0117","item":"https:\/\/kidsplay.lt\/parduotuve\/"},{"@type":"ListItem","position":3,"name":"Columbia Snuggly Bunny Bunting p\u016bkinis vaiki\u0161kas \u017eieminis kombinezonas 56 dydis"}]},{"@type":"WebSite","@id":"https:\/\/kidsplay.lt\/#website","url":"https:\/\/kidsplay.lt\/","name":"B\u0113rnu sp\u0113les.lv","description":"\u012evairios prek\u0117s vaikams","publisher":{"@id":"https:\/\/kidsplay.lt\/#organization"},"alternateName":"Kidsplay","potentialAction":[{"@type":"SearchAction","target":{"@type":"EntryPoint","urlTemplate":"https:\/\/kidsplay.lt\/?s={search_term_string}"},"query-input":{"@type":"PropertyValueSpecification","valueRequired":true,"valueName":"search_term_string"}}],"inLanguage":"lv-LV"},{"@type":"Organization","@id":"https:\/\/kidsplay.lt\/#organization","name":"B\u0113rnu sp\u0113le","url":"https:\/\/kidsplay.lt\/","logo":{"@type":"ImageObject","inLanguage":"lv-LV","@id":"https:\/\/kidsplay.lt\/#\/schema\/logo\/image\/","url":"https:\/\/kidsplay.lt\/wp-content\/uploads\/2023\/07\/kidsplay-logo.png","contentUrl":"https:\/\/kidsplay.lt\/wp-content\/uploads\/2023\/07\/kidsplay-logo.png","width":451,"height":98,"caption":"KidsPlay"},"image":{"@id":"https:\/\/kidsplay.lt\/#\/schema\/logo\/image\/"},"sameAs":["https:\/\/www.facebook.com\/www.kidsplay.lt"]}]}},"_links":{"self":[{"href":"https:\/\/kidsplay.lt\/lv\/wp-json\/wp\/v2\/product\/74980","targetHints":{"allow":["GET"]}}],"collection":[{"href":"https:\/\/kidsplay.lt\/lv\/wp-json\/wp\/v2\/product"}],"about":[{"href":"https:\/\/kidsplay.lt\/lv\/wp-json\/wp\/v2\/types\/product"}],"version-history":[{"count":2,"href":"https:\/\/kidsplay.lt\/lv\/wp-json\/wp\/v2\/product\/74980\/revisions"}],"predecessor-version":[{"id":79697,"href":"https:\/\/kidsplay.lt\/lv\/wp-json\/wp\/v2\/product\/74980\/revisions\/79697"}],"wp:featuredmedia":[{"embeddable":true,"href":"https:\/\/kidsplay.lt\/lv\/wp-json\/wp\/v2\/media\/74981"}],"wp:attachment":[{"href":"https:\/\/kidsplay.lt\/lv\/wp-json\/wp\/v2\/media?parent=74980"}],"wp:term":[{"taxonomy":"product_brand","embeddable":true,"href":"https:\/\/kidsplay.lt\/lv\/wp-json\/wp\/v2\/product_brand?post=74980"},{"taxonomy":"product_cat","embeddable":true,"href":"https:\/\/kidsplay.lt\/lv\/wp-json\/wp\/v2\/product_cat?post=74980"},{"taxonomy":"product_tag","embeddable":true,"href":"https:\/\/kidsplay.lt\/lv\/wp-json\/wp\/v2\/product_tag?post=74980"}],"curies":[{"name":"wp","href":"https:\/\/api.w.org\/{rel}","templated":true}]}}