{"id":75042,"date":"2025-10-07T14:36:56","date_gmt":"2025-10-07T11:36:56","guid":{"rendered":"https:\/\/kidsplay.lt\/produktas\/woopie-lektuvo-konstrukcijos-rinkinys-stem-bloknotai\/"},"modified":"2026-04-13T14:28:01","modified_gmt":"2026-04-13T11:28:01","slug":"woopie-lektuvo-konstrukcijos-rinkinys-stem-bloknotai","status":"publish","type":"product","link":"https:\/\/kidsplay.lt\/lv\/products\/woopie-lektuvo-konstrukcijos-rinkinys-stem-bloknotai\/","title":{"rendered":"WOOPIE lidma\u0161\u012bnas konstru\u0113\u0161anas komplekts STEM piez\u012bmju gr\u0101mati\u0146as"},"content":{"rendered":"<p>STIEBAS lidma\u0161\u012bnu konstruktora komplekts ir lielisks pied\u0101v\u0101jums jaunajiem konstruktoriem, kuri v\u0113las uzlabot savas manu\u0101l\u0101s un tehnisk\u0101s prasmes, izmantojot rado\u0161as sp\u0113les. Komplekts \u013cauj vi\u0146iem pa\u0161iem izveidot kr\u0101sainu lidma\u0161\u012bnas modeli. Komplekt\u0101 ietilpst visi nepiecie\u0161amie elementi, mont\u0101\u017eas instrumenti un dekorat\u012bv\u0101s uzl\u012bmes, pateicoties kur\u0101m b\u0113rns var justies k\u0101 \u012bsts in\u017eenieris.<\/p>\n<p>\u2705 \u012apa\u0161\u012bbas:<\/p>\n<p>Komplekt\u0101 ietilpst uzst\u0101d\u012b\u0161anas r\u012bki<br \/>\nDekorat\u012bvas uzl\u012bmes<br \/>\nKr\u0101sains dizains<br \/>\nKust\u012bgi rite\u0146i un propellers<br \/>\nElementi izgatavoti no iztur\u012bgas plastmasas un m\u012bkstas, elast\u012bgas gumijas<br \/>\nIztur\u012bga konstrukcija iztur\u012bbai un lieto\u0161anas dro\u0161\u012bbai<\/p>\n<p>\u2705 Rota\u013clieta att\u012bst\u0101s:<\/p>\n<p>Manu\u0101l\u0101s prasmes<br \/>\nLo\u0123isk\u0101 dom\u0101\u0161ana<br \/>\nPamata tehnisk\u0101s un meh\u0101nisk\u0101s prasmes<\/p>","protected":false},"excerpt":{"rendered":"<p>5906280653187<\/p>","protected":false},"featured_media":75044,"template":"","meta":{"_acf_changed":false,"_glsr_average":0,"_glsr_ranking":0,"_glsr_reviews":0},"product_brand":[],"product_cat":[72,446,229],"product_tag":[],"class_list":{"0":"post-75042","1":"product","2":"type-product","3":"status-publish","4":"has-post-thumbnail","6":"product_cat-ispardavimas","7":"product_cat-konstruktoriai","8":"product_cat-zaislai-vaikams","9":"\"style=\"background-color: #2ecc711c;\"","11":"first","12":"instock","13":"sale","14":"purchasable","15":"product-type-simple"},"acf":[],"yoast_head":"<!-- This site is optimized with the Yoast SEO plugin v27.4 - https:\/\/yoast.com\/product\/yoast-seo-wordpress\/ -->\n<title>WOOPIE L\u0117ktuvo konstrukcijos rinkinys STEM bloknotai<\/title>\n<meta name=\"description\" content=\"WOOPIE L\u0117ktuvo konstrukcijos rinkinys STEM bloknotai - KidsPlay. Did\u017eiausias vaik\u0173 \u017eaisl\u0173 pasirinkimas.\" \/>\n<meta name=\"robots\" content=\"index, follow, max-snippet:-1, max-image-preview:large, max-video-preview:-1\" \/>\n<link rel=\"canonical\" href=\"https:\/\/kidsplay.lt\/lv\/products\/woopie-lektuvo-konstrukcijos-rinkinys-stem-bloknotai\/\" \/>\n<meta property=\"og:locale\" content=\"lv_LV\" \/>\n<meta property=\"og:type\" content=\"article\" \/>\n<meta property=\"og:title\" content=\"WOOPIE L\u0117ktuvo konstrukcijos rinkinys STEM bloknotai\" \/>\n<meta property=\"og:description\" content=\"WOOPIE L\u0117ktuvo konstrukcijos rinkinys STEM bloknotai - KidsPlay. Did\u017eiausias vaik\u0173 \u017eaisl\u0173 pasirinkimas.\" \/>\n<meta property=\"og:url\" content=\"https:\/\/kidsplay.lt\/lv\/products\/woopie-lektuvo-konstrukcijos-rinkinys-stem-bloknotai\/\" \/>\n<meta property=\"og:site_name\" content=\"KidsPlay\" \/>\n<meta property=\"article:publisher\" content=\"https:\/\/www.facebook.com\/www.kidsplay.lt\" \/>\n<meta property=\"article:modified_time\" content=\"2026-04-13T11:28:01+00:00\" \/>\n<meta property=\"og:image\" content=\"https:\/\/kidsplay.lt\/wp-content\/uploads\/2025\/10\/WOOPIE-Lektuvo-konstrukcijos-rinkinys-STEM-bloknotai.jpg\" \/>\n\t<meta property=\"og:image:width\" content=\"1000\" \/>\n\t<meta property=\"og:image:height\" content=\"1000\" \/>\n\t<meta property=\"og:image:type\" content=\"image\/jpeg\" \/>\n<meta name=\"twitter:card\" content=\"summary_large_image\" \/>\n<meta name=\"twitter:label1\" content=\"Est. reading time\" \/>\n\t<meta name=\"twitter:data1\" content=\"1 min\u016bte\" \/>\n<script type=\"application\/ld+json\" class=\"yoast-schema-graph\">{\"@context\":\"https:\\\/\\\/schema.org\",\"@graph\":[{\"@type\":\"WebPage\",\"@id\":\"https:\\\/\\\/kidsplay.lt\\\/produktas\\\/woopie-lektuvo-konstrukcijos-rinkinys-stem-bloknotai\\\/\",\"url\":\"https:\\\/\\\/kidsplay.lt\\\/produktas\\\/woopie-lektuvo-konstrukcijos-rinkinys-stem-bloknotai\\\/\",\"name\":\"WOOPIE L\u0117ktuvo konstrukcijos rinkinys STEM bloknotai\",\"isPartOf\":{\"@id\":\"https:\\\/\\\/kidsplay.lt\\\/#website\"},\"primaryImageOfPage\":{\"@id\":\"https:\\\/\\\/kidsplay.lt\\\/produktas\\\/woopie-lektuvo-konstrukcijos-rinkinys-stem-bloknotai\\\/#primaryimage\"},\"image\":{\"@id\":\"https:\\\/\\\/kidsplay.lt\\\/produktas\\\/woopie-lektuvo-konstrukcijos-rinkinys-stem-bloknotai\\\/#primaryimage\"},\"thumbnailUrl\":\"https:\\\/\\\/kidsplay.lt\\\/wp-content\\\/uploads\\\/2025\\\/10\\\/WOOPIE-Lektuvo-konstrukcijos-rinkinys-STEM-bloknotai.jpg\",\"datePublished\":\"2025-10-07T11:36:56+00:00\",\"dateModified\":\"2026-04-13T11:28:01+00:00\",\"description\":\"WOOPIE L\u0117ktuvo konstrukcijos rinkinys STEM bloknotai - KidsPlay. Did\u017eiausias vaik\u0173 \u017eaisl\u0173 pasirinkimas.\",\"breadcrumb\":{\"@id\":\"https:\\\/\\\/kidsplay.lt\\\/produktas\\\/woopie-lektuvo-konstrukcijos-rinkinys-stem-bloknotai\\\/#breadcrumb\"},\"inLanguage\":\"lv-LV\",\"potentialAction\":[{\"@type\":\"ReadAction\",\"target\":[\"https:\\\/\\\/kidsplay.lt\\\/produktas\\\/woopie-lektuvo-konstrukcijos-rinkinys-stem-bloknotai\\\/\"]}]},{\"@type\":\"ImageObject\",\"inLanguage\":\"lv-LV\",\"@id\":\"https:\\\/\\\/kidsplay.lt\\\/produktas\\\/woopie-lektuvo-konstrukcijos-rinkinys-stem-bloknotai\\\/#primaryimage\",\"url\":\"https:\\\/\\\/kidsplay.lt\\\/wp-content\\\/uploads\\\/2025\\\/10\\\/WOOPIE-Lektuvo-konstrukcijos-rinkinys-STEM-bloknotai.jpg\",\"contentUrl\":\"https:\\\/\\\/kidsplay.lt\\\/wp-content\\\/uploads\\\/2025\\\/10\\\/WOOPIE-Lektuvo-konstrukcijos-rinkinys-STEM-bloknotai.jpg\",\"width\":1000,\"height\":1000,\"caption\":\"WOOPIE L\u0117ktuvo konstrukcijos rinkinys STEM bloknotai\"},{\"@type\":\"BreadcrumbList\",\"@id\":\"https:\\\/\\\/kidsplay.lt\\\/produktas\\\/woopie-lektuvo-konstrukcijos-rinkinys-stem-bloknotai\\\/#breadcrumb\",\"itemListElement\":[{\"@type\":\"ListItem\",\"position\":1,\"name\":\"Pagrindinis\",\"item\":\"https:\\\/\\\/kidsplay.lt\\\/\"},{\"@type\":\"ListItem\",\"position\":2,\"name\":\"Parduotuv\u0117\",\"item\":\"https:\\\/\\\/kidsplay.lt\\\/parduotuve\\\/\"},{\"@type\":\"ListItem\",\"position\":3,\"name\":\"WOOPIE L\u0117ktuvo konstrukcijos rinkinys STEM bloknotai\"}]},{\"@type\":\"WebSite\",\"@id\":\"https:\\\/\\\/kidsplay.lt\\\/#website\",\"url\":\"https:\\\/\\\/kidsplay.lt\\\/\",\"name\":\"Kidsplay.lt\",\"description\":\"\u012evairios prek\u0117s vaikams\",\"publisher\":{\"@id\":\"https:\\\/\\\/kidsplay.lt\\\/#organization\"},\"alternateName\":\"Kidsplay\",\"potentialAction\":[{\"@type\":\"SearchAction\",\"target\":{\"@type\":\"EntryPoint\",\"urlTemplate\":\"https:\\\/\\\/kidsplay.lt\\\/?s={search_term_string}\"},\"query-input\":{\"@type\":\"PropertyValueSpecification\",\"valueRequired\":true,\"valueName\":\"search_term_string\"}}],\"inLanguage\":\"lv-LV\"},{\"@type\":\"Organization\",\"@id\":\"https:\\\/\\\/kidsplay.lt\\\/#organization\",\"name\":\"KidsPlay\",\"url\":\"https:\\\/\\\/kidsplay.lt\\\/\",\"logo\":{\"@type\":\"ImageObject\",\"inLanguage\":\"lv-LV\",\"@id\":\"https:\\\/\\\/kidsplay.lt\\\/#\\\/schema\\\/logo\\\/image\\\/\",\"url\":\"https:\\\/\\\/kidsplay.lt\\\/wp-content\\\/uploads\\\/2023\\\/07\\\/kidsplay-logo.png\",\"contentUrl\":\"https:\\\/\\\/kidsplay.lt\\\/wp-content\\\/uploads\\\/2023\\\/07\\\/kidsplay-logo.png\",\"width\":451,\"height\":98,\"caption\":\"KidsPlay\"},\"image\":{\"@id\":\"https:\\\/\\\/kidsplay.lt\\\/#\\\/schema\\\/logo\\\/image\\\/\"},\"sameAs\":[\"https:\\\/\\\/www.facebook.com\\\/www.kidsplay.lt\"]}]}<\/script>\n<!-- \/ Yoast SEO plugin. -->","yoast_head_json":{"title":"WOOPIE lidma\u0161\u012bnas konstru\u0113\u0161anas komplekts STEM piez\u012bmju gr\u0101mati\u0146as","description":"WOOPIE L\u0117ktuvo konstrukcijos rinkinys STEM bloknotai - KidsPlay. Did\u017eiausias vaik\u0173 \u017eaisl\u0173 pasirinkimas.","robots":{"index":"index","follow":"follow","max-snippet":"max-snippet:-1","max-image-preview":"max-image-preview:large","max-video-preview":"max-video-preview:-1"},"canonical":"https:\/\/kidsplay.lt\/lv\/products\/woopie-lektuvo-konstrukcijos-rinkinys-stem-bloknotai\/","og_locale":"lv_LV","og_type":"article","og_title":"WOOPIE L\u0117ktuvo konstrukcijos rinkinys STEM bloknotai","og_description":"WOOPIE L\u0117ktuvo konstrukcijos rinkinys STEM bloknotai - KidsPlay. Did\u017eiausias vaik\u0173 \u017eaisl\u0173 pasirinkimas.","og_url":"https:\/\/kidsplay.lt\/lv\/products\/woopie-lektuvo-konstrukcijos-rinkinys-stem-bloknotai\/","og_site_name":"KidsPlay","article_publisher":"https:\/\/www.facebook.com\/www.kidsplay.lt","article_modified_time":"2026-04-13T11:28:01+00:00","og_image":[{"width":1000,"height":1000,"url":"https:\/\/kidsplay.lt\/wp-content\/uploads\/2025\/10\/WOOPIE-Lektuvo-konstrukcijos-rinkinys-STEM-bloknotai.jpg","type":"image\/jpeg"}],"twitter_card":"summary_large_image","twitter_misc":{"Est. reading time":"1 min\u016bte"},"schema":{"@context":"https:\/\/schema.org","@graph":[{"@type":"WebPage","@id":"https:\/\/kidsplay.lt\/produktas\/woopie-lektuvo-konstrukcijos-rinkinys-stem-bloknotai\/","url":"https:\/\/kidsplay.lt\/produktas\/woopie-lektuvo-konstrukcijos-rinkinys-stem-bloknotai\/","name":"WOOPIE lidma\u0161\u012bnas konstru\u0113\u0161anas komplekts STEM piez\u012bmju gr\u0101mati\u0146as","isPartOf":{"@id":"https:\/\/kidsplay.lt\/#website"},"primaryImageOfPage":{"@id":"https:\/\/kidsplay.lt\/produktas\/woopie-lektuvo-konstrukcijos-rinkinys-stem-bloknotai\/#primaryimage"},"image":{"@id":"https:\/\/kidsplay.lt\/produktas\/woopie-lektuvo-konstrukcijos-rinkinys-stem-bloknotai\/#primaryimage"},"thumbnailUrl":"https:\/\/kidsplay.lt\/wp-content\/uploads\/2025\/10\/WOOPIE-Lektuvo-konstrukcijos-rinkinys-STEM-bloknotai.jpg","datePublished":"2025-10-07T11:36:56+00:00","dateModified":"2026-04-13T11:28:01+00:00","description":"WOOPIE L\u0117ktuvo konstrukcijos rinkinys STEM bloknotai - KidsPlay. Did\u017eiausias vaik\u0173 \u017eaisl\u0173 pasirinkimas.","breadcrumb":{"@id":"https:\/\/kidsplay.lt\/produktas\/woopie-lektuvo-konstrukcijos-rinkinys-stem-bloknotai\/#breadcrumb"},"inLanguage":"lv-LV","potentialAction":[{"@type":"ReadAction","target":["https:\/\/kidsplay.lt\/produktas\/woopie-lektuvo-konstrukcijos-rinkinys-stem-bloknotai\/"]}]},{"@type":"ImageObject","inLanguage":"lv-LV","@id":"https:\/\/kidsplay.lt\/produktas\/woopie-lektuvo-konstrukcijos-rinkinys-stem-bloknotai\/#primaryimage","url":"https:\/\/kidsplay.lt\/wp-content\/uploads\/2025\/10\/WOOPIE-Lektuvo-konstrukcijos-rinkinys-STEM-bloknotai.jpg","contentUrl":"https:\/\/kidsplay.lt\/wp-content\/uploads\/2025\/10\/WOOPIE-Lektuvo-konstrukcijos-rinkinys-STEM-bloknotai.jpg","width":1000,"height":1000,"caption":"WOOPIE L\u0117ktuvo konstrukcijos rinkinys STEM bloknotai"},{"@type":"BreadcrumbList","@id":"https:\/\/kidsplay.lt\/produktas\/woopie-lektuvo-konstrukcijos-rinkinys-stem-bloknotai\/#breadcrumb","itemListElement":[{"@type":"ListItem","position":1,"name":"Pagrindinis","item":"https:\/\/kidsplay.lt\/"},{"@type":"ListItem","position":2,"name":"Parduotuv\u0117","item":"https:\/\/kidsplay.lt\/parduotuve\/"},{"@type":"ListItem","position":3,"name":"WOOPIE L\u0117ktuvo konstrukcijos rinkinys STEM bloknotai"}]},{"@type":"WebSite","@id":"https:\/\/kidsplay.lt\/#website","url":"https:\/\/kidsplay.lt\/","name":"B\u0113rnu sp\u0113les.lv","description":"\u012evairios prek\u0117s vaikams","publisher":{"@id":"https:\/\/kidsplay.lt\/#organization"},"alternateName":"Kidsplay","potentialAction":[{"@type":"SearchAction","target":{"@type":"EntryPoint","urlTemplate":"https:\/\/kidsplay.lt\/?s={search_term_string}"},"query-input":{"@type":"PropertyValueSpecification","valueRequired":true,"valueName":"search_term_string"}}],"inLanguage":"lv-LV"},{"@type":"Organization","@id":"https:\/\/kidsplay.lt\/#organization","name":"B\u0113rnu sp\u0113le","url":"https:\/\/kidsplay.lt\/","logo":{"@type":"ImageObject","inLanguage":"lv-LV","@id":"https:\/\/kidsplay.lt\/#\/schema\/logo\/image\/","url":"https:\/\/kidsplay.lt\/wp-content\/uploads\/2023\/07\/kidsplay-logo.png","contentUrl":"https:\/\/kidsplay.lt\/wp-content\/uploads\/2023\/07\/kidsplay-logo.png","width":451,"height":98,"caption":"KidsPlay"},"image":{"@id":"https:\/\/kidsplay.lt\/#\/schema\/logo\/image\/"},"sameAs":["https:\/\/www.facebook.com\/www.kidsplay.lt"]}]}},"_links":{"self":[{"href":"https:\/\/kidsplay.lt\/lv\/wp-json\/wp\/v2\/product\/75042","targetHints":{"allow":["GET"]}}],"collection":[{"href":"https:\/\/kidsplay.lt\/lv\/wp-json\/wp\/v2\/product"}],"about":[{"href":"https:\/\/kidsplay.lt\/lv\/wp-json\/wp\/v2\/types\/product"}],"version-history":[{"count":3,"href":"https:\/\/kidsplay.lt\/lv\/wp-json\/wp\/v2\/product\/75042\/revisions"}],"predecessor-version":[{"id":80813,"href":"https:\/\/kidsplay.lt\/lv\/wp-json\/wp\/v2\/product\/75042\/revisions\/80813"}],"wp:featuredmedia":[{"embeddable":true,"href":"https:\/\/kidsplay.lt\/lv\/wp-json\/wp\/v2\/media\/75044"}],"wp:attachment":[{"href":"https:\/\/kidsplay.lt\/lv\/wp-json\/wp\/v2\/media?parent=75042"}],"wp:term":[{"taxonomy":"product_brand","embeddable":true,"href":"https:\/\/kidsplay.lt\/lv\/wp-json\/wp\/v2\/product_brand?post=75042"},{"taxonomy":"product_cat","embeddable":true,"href":"https:\/\/kidsplay.lt\/lv\/wp-json\/wp\/v2\/product_cat?post=75042"},{"taxonomy":"product_tag","embeddable":true,"href":"https:\/\/kidsplay.lt\/lv\/wp-json\/wp\/v2\/product_tag?post=75042"}],"curies":[{"name":"wp","href":"https:\/\/api.w.org\/{rel}","templated":true}]}}