{"id":75047,"date":"2025-10-07T14:37:24","date_gmt":"2025-10-07T11:37:24","guid":{"rendered":"https:\/\/kidsplay.lt\/produktas\/woopie-small-cook-set-indukciniai-puodai-keptuve-rozinis-virdulys-30el\/"},"modified":"2026-04-13T14:28:08","modified_gmt":"2026-04-13T11:28:08","slug":"woopie-small-cook-set-indukciniai-puodai-keptuve-rozinis-virdulys-30el","status":"publish","type":"product","link":"https:\/\/kidsplay.lt\/lv\/products\/woopie-small-cook-set-indukciniai-puodai-keptuve-rozinis-virdulys-30el\/","title":{"rendered":"WOOPIE mazais gatavo\u0161anas komplekts indukcijas katliem cep\u0161anas pannai roz\u0101 t\u0113jkannai 30 gab."},"content":{"rendered":"<p>\u0160is platus virtuv\u0117s \u017eaidim\u0173 rinkinys i\u0161 prek\u0117s \u017eenklo\u00a0Woopie\u00a0tai puiki dovana kiekvienam ma\u017eam vir\u0117jui! \u017daislas leid\u017eia vaikams\u00a0m\u0117gd\u017eiodami suaugusiuosius\u00a0ir vaidmen\u0173 \u017eaidimas, j\u0173 ugdymas\u00a0k\u016brybi\u0161kumas, vaizduot\u0117 ir rankiniai \u012fg\u016bd\u017eiai\u201e. Komplekte yra viskas, ko reikia svajoni\u0173 patiekalui paruo\u0161ti Komplekte yra iki\u00a030 element\u0173\u012fskaitant puodus, keptuv\u0119 su keptu kiau\u0161iniu, virdul\u012f ir net\u00a0indukcin\u0117 \u0161ildymo plok\u0161t\u0117\u201e. Papildomi priedai, tokie kaip stalo \u012frankiai, dar\u017eov\u0117s ir prieskoniai, daro linksmybes itin tikrovi\u0161kas ir sukelian\u010dias priklausomyb\u0119. Tai puikus b\u016bdas mokytis \u017eaid\u017eiant, lavinti socialinius \u012fg\u016bd\u017eius ir leisti laik\u0105 su t\u0117vais.<\/p>\n<p>Raksturojums:<\/p>\n<p> \t&#8211; Vaiki\u0161kas \u017eaislas i\u0161\u00a03 met\u0173.<br \/>\n \t&#8211; Ateina su rinkiniu\u00a030 element\u0173.<br \/>\n \t&#8211; Komplektas apima\u00a0indukcin\u0117 \u0161ildymo plok\u0161t\u0117, puodai, stalo \u012frankiai ir aksesuarai.<br \/>\n \t&#8211; Real\u016bs priedai, tokie kaip\u00a0kiau\u0161inis, pomidoras ir prieskoniai.<br \/>\n \t&#8211; Puikiai tinka\u00a0vaidmen\u0173 \u017eaidimai\u00a0ir m\u0117gd\u017eiodami suaugusiuosius.<br \/>\n \t&#8211; Pagaminta i\u0161\u00a0auk\u0161tos kokyb\u0117s ir saugi med\u017eiaga\u00a0ro\u017eine spalva.<\/p>\n<p>Komplekt\u0101 ietilpst:<\/p>\n<p> \t&#8211; Puodai su dangteliais.<br \/>\n \t&#8211; Virdulys.<br \/>\n \t&#8211; Kepta kiau\u0161ini\u0173 keptuv\u0117.<br \/>\n \t&#8211; Indukcin\u0117 kaitlent\u0117.<br \/>\n \t&#8211; Stalo \u012frankiai (lazdel\u0117s, \u0161akut\u0117s, \u0161auk\u0161tai, ment\u0117s).<br \/>\n \t&#8211; Druskos kratytuvas ir pipir\u0173 kratytuvas.<br \/>\n \t&#8211; Dar\u017eov\u0117s (pomidorai, paprikos).<br \/>\n \t&#8211; L\u0117k\u0161t\u0117s ir puodeliai.<br \/>\n \t&#8211; Prieskoni\u0173 buteliuko lipduk\u0173 rinkinys<\/p>\n<p>\u017daislas vysto:<\/p>\n<p> \t&#8211; K\u016brybi\u0161kumas ir vaizduot\u0117.<br \/>\n \t&#8211; Rankiniai geb\u0117jimai ir koordinavimas.<br \/>\n \t&#8211; Socialiniai \u012fg\u016bd\u017eiai ir vaidmen\u0173 \u017eaidimas.<br \/>\n \t&#8211; Geb\u0117jimas sekti.<\/p>","protected":false},"excerpt":{"rendered":"<p>5906280656515<\/p>","protected":false},"featured_media":75049,"template":"","meta":{"_acf_changed":false,"_glsr_average":0,"_glsr_ranking":0,"_glsr_reviews":0},"product_brand":[],"product_cat":[399,282,229],"product_tag":[],"class_list":{"0":"post-75047","1":"product","2":"type-product","3":"status-publish","4":"has-post-thumbnail","6":"product_cat-vaidmenu-zaidimai-2","7":"product_cat-virtuves-reikmenys-vaidmenu-zaidimai","8":"product_cat-zaislai-vaikams","9":"\"style=\"background-color: #2ecc711c;\"","11":"first","12":"instock","13":"purchasable","14":"product-type-simple"},"acf":[],"yoast_head":"<!-- This site is optimized with the Yoast SEO plugin v27.4 - https:\/\/yoast.com\/product\/yoast-seo-wordpress\/ -->\n<title>WOOPIE Small Cook Set Indukciniai puodai Keptuv\u0117 Ro\u017einis virdulys 30el.<\/title>\n<meta name=\"description\" content=\"WOOPIE Small Cook Set Indukciniai puodai Keptuv\u0117 Ro\u017einis virdulys 30el. - KidsPlay. Did\u017eiausias vaik\u0173 \u017eaisl\u0173 pasirinkimas.\" \/>\n<meta name=\"robots\" content=\"index, follow, max-snippet:-1, max-image-preview:large, max-video-preview:-1\" \/>\n<link rel=\"canonical\" href=\"https:\/\/kidsplay.lt\/lv\/products\/woopie-small-cook-set-indukciniai-puodai-keptuve-rozinis-virdulys-30el\/\" \/>\n<meta property=\"og:locale\" content=\"lv_LV\" \/>\n<meta property=\"og:type\" content=\"article\" \/>\n<meta property=\"og:title\" content=\"WOOPIE Small Cook Set Indukciniai puodai Keptuv\u0117 Ro\u017einis virdulys 30el.\" \/>\n<meta property=\"og:description\" content=\"WOOPIE Small Cook Set Indukciniai puodai Keptuv\u0117 Ro\u017einis virdulys 30el. - KidsPlay. Did\u017eiausias vaik\u0173 \u017eaisl\u0173 pasirinkimas.\" \/>\n<meta property=\"og:url\" content=\"https:\/\/kidsplay.lt\/lv\/products\/woopie-small-cook-set-indukciniai-puodai-keptuve-rozinis-virdulys-30el\/\" \/>\n<meta property=\"og:site_name\" content=\"KidsPlay\" \/>\n<meta property=\"article:publisher\" content=\"https:\/\/www.facebook.com\/www.kidsplay.lt\" \/>\n<meta property=\"article:modified_time\" content=\"2026-04-13T11:28:08+00:00\" \/>\n<meta property=\"og:image\" content=\"https:\/\/kidsplay.lt\/wp-content\/uploads\/2025\/10\/WOOPIE-Small-Cook-Set-Indukciniai-puodai-Keptuve-Rozinis-virdulys-30el.jpg\" \/>\n\t<meta property=\"og:image:width\" content=\"1000\" \/>\n\t<meta property=\"og:image:height\" content=\"1000\" \/>\n\t<meta property=\"og:image:type\" content=\"image\/jpeg\" \/>\n<meta name=\"twitter:card\" content=\"summary_large_image\" \/>\n<meta name=\"twitter:label1\" content=\"Est. reading time\" \/>\n\t<meta name=\"twitter:data1\" content=\"1 min\u016bte\" \/>\n<script type=\"application\/ld+json\" class=\"yoast-schema-graph\">{\"@context\":\"https:\\\/\\\/schema.org\",\"@graph\":[{\"@type\":\"WebPage\",\"@id\":\"https:\\\/\\\/kidsplay.lt\\\/produktas\\\/woopie-small-cook-set-indukciniai-puodai-keptuve-rozinis-virdulys-30el\\\/\",\"url\":\"https:\\\/\\\/kidsplay.lt\\\/produktas\\\/woopie-small-cook-set-indukciniai-puodai-keptuve-rozinis-virdulys-30el\\\/\",\"name\":\"WOOPIE Small Cook Set Indukciniai puodai Keptuv\u0117 Ro\u017einis virdulys 30el.\",\"isPartOf\":{\"@id\":\"https:\\\/\\\/kidsplay.lt\\\/#website\"},\"primaryImageOfPage\":{\"@id\":\"https:\\\/\\\/kidsplay.lt\\\/produktas\\\/woopie-small-cook-set-indukciniai-puodai-keptuve-rozinis-virdulys-30el\\\/#primaryimage\"},\"image\":{\"@id\":\"https:\\\/\\\/kidsplay.lt\\\/produktas\\\/woopie-small-cook-set-indukciniai-puodai-keptuve-rozinis-virdulys-30el\\\/#primaryimage\"},\"thumbnailUrl\":\"https:\\\/\\\/kidsplay.lt\\\/wp-content\\\/uploads\\\/2025\\\/10\\\/WOOPIE-Small-Cook-Set-Indukciniai-puodai-Keptuve-Rozinis-virdulys-30el.jpg\",\"datePublished\":\"2025-10-07T11:37:24+00:00\",\"dateModified\":\"2026-04-13T11:28:08+00:00\",\"description\":\"WOOPIE Small Cook Set Indukciniai puodai Keptuv\u0117 Ro\u017einis virdulys 30el. - KidsPlay. Did\u017eiausias vaik\u0173 \u017eaisl\u0173 pasirinkimas.\",\"breadcrumb\":{\"@id\":\"https:\\\/\\\/kidsplay.lt\\\/produktas\\\/woopie-small-cook-set-indukciniai-puodai-keptuve-rozinis-virdulys-30el\\\/#breadcrumb\"},\"inLanguage\":\"lv-LV\",\"potentialAction\":[{\"@type\":\"ReadAction\",\"target\":[\"https:\\\/\\\/kidsplay.lt\\\/produktas\\\/woopie-small-cook-set-indukciniai-puodai-keptuve-rozinis-virdulys-30el\\\/\"]}]},{\"@type\":\"ImageObject\",\"inLanguage\":\"lv-LV\",\"@id\":\"https:\\\/\\\/kidsplay.lt\\\/produktas\\\/woopie-small-cook-set-indukciniai-puodai-keptuve-rozinis-virdulys-30el\\\/#primaryimage\",\"url\":\"https:\\\/\\\/kidsplay.lt\\\/wp-content\\\/uploads\\\/2025\\\/10\\\/WOOPIE-Small-Cook-Set-Indukciniai-puodai-Keptuve-Rozinis-virdulys-30el.jpg\",\"contentUrl\":\"https:\\\/\\\/kidsplay.lt\\\/wp-content\\\/uploads\\\/2025\\\/10\\\/WOOPIE-Small-Cook-Set-Indukciniai-puodai-Keptuve-Rozinis-virdulys-30el.jpg\",\"width\":1000,\"height\":1000,\"caption\":\"WOOPIE Small Cook Set Indukciniai puodai Keptuv\u0117 Ro\u017einis virdulys 30el.\"},{\"@type\":\"BreadcrumbList\",\"@id\":\"https:\\\/\\\/kidsplay.lt\\\/produktas\\\/woopie-small-cook-set-indukciniai-puodai-keptuve-rozinis-virdulys-30el\\\/#breadcrumb\",\"itemListElement\":[{\"@type\":\"ListItem\",\"position\":1,\"name\":\"Pagrindinis\",\"item\":\"https:\\\/\\\/kidsplay.lt\\\/\"},{\"@type\":\"ListItem\",\"position\":2,\"name\":\"Parduotuv\u0117\",\"item\":\"https:\\\/\\\/kidsplay.lt\\\/parduotuve\\\/\"},{\"@type\":\"ListItem\",\"position\":3,\"name\":\"WOOPIE Small Cook Set Indukciniai puodai Keptuv\u0117 Ro\u017einis virdulys 30el.\"}]},{\"@type\":\"WebSite\",\"@id\":\"https:\\\/\\\/kidsplay.lt\\\/#website\",\"url\":\"https:\\\/\\\/kidsplay.lt\\\/\",\"name\":\"Kidsplay.lt\",\"description\":\"\u012evairios prek\u0117s vaikams\",\"publisher\":{\"@id\":\"https:\\\/\\\/kidsplay.lt\\\/#organization\"},\"alternateName\":\"Kidsplay\",\"potentialAction\":[{\"@type\":\"SearchAction\",\"target\":{\"@type\":\"EntryPoint\",\"urlTemplate\":\"https:\\\/\\\/kidsplay.lt\\\/?s={search_term_string}\"},\"query-input\":{\"@type\":\"PropertyValueSpecification\",\"valueRequired\":true,\"valueName\":\"search_term_string\"}}],\"inLanguage\":\"lv-LV\"},{\"@type\":\"Organization\",\"@id\":\"https:\\\/\\\/kidsplay.lt\\\/#organization\",\"name\":\"KidsPlay\",\"url\":\"https:\\\/\\\/kidsplay.lt\\\/\",\"logo\":{\"@type\":\"ImageObject\",\"inLanguage\":\"lv-LV\",\"@id\":\"https:\\\/\\\/kidsplay.lt\\\/#\\\/schema\\\/logo\\\/image\\\/\",\"url\":\"https:\\\/\\\/kidsplay.lt\\\/wp-content\\\/uploads\\\/2023\\\/07\\\/kidsplay-logo.png\",\"contentUrl\":\"https:\\\/\\\/kidsplay.lt\\\/wp-content\\\/uploads\\\/2023\\\/07\\\/kidsplay-logo.png\",\"width\":451,\"height\":98,\"caption\":\"KidsPlay\"},\"image\":{\"@id\":\"https:\\\/\\\/kidsplay.lt\\\/#\\\/schema\\\/logo\\\/image\\\/\"},\"sameAs\":[\"https:\\\/\\\/www.facebook.com\\\/www.kidsplay.lt\"]}]}<\/script>\n<!-- \/ Yoast SEO plugin. -->","yoast_head_json":{"title":"WOOPIE mazais gatavo\u0161anas komplekts indukcijas katliem cep\u0161anas pannai roz\u0101 t\u0113jkannai 30 gab.","description":"WOOPIE Small Cook Set Indukciniai puodai Keptuv\u0117 Ro\u017einis virdulys 30el. - KidsPlay. Did\u017eiausias vaik\u0173 \u017eaisl\u0173 pasirinkimas.","robots":{"index":"index","follow":"follow","max-snippet":"max-snippet:-1","max-image-preview":"max-image-preview:large","max-video-preview":"max-video-preview:-1"},"canonical":"https:\/\/kidsplay.lt\/lv\/products\/woopie-small-cook-set-indukciniai-puodai-keptuve-rozinis-virdulys-30el\/","og_locale":"lv_LV","og_type":"article","og_title":"WOOPIE Small Cook Set Indukciniai puodai Keptuv\u0117 Ro\u017einis virdulys 30el.","og_description":"WOOPIE Small Cook Set Indukciniai puodai Keptuv\u0117 Ro\u017einis virdulys 30el. - KidsPlay. Did\u017eiausias vaik\u0173 \u017eaisl\u0173 pasirinkimas.","og_url":"https:\/\/kidsplay.lt\/lv\/products\/woopie-small-cook-set-indukciniai-puodai-keptuve-rozinis-virdulys-30el\/","og_site_name":"KidsPlay","article_publisher":"https:\/\/www.facebook.com\/www.kidsplay.lt","article_modified_time":"2026-04-13T11:28:08+00:00","og_image":[{"width":1000,"height":1000,"url":"https:\/\/kidsplay.lt\/wp-content\/uploads\/2025\/10\/WOOPIE-Small-Cook-Set-Indukciniai-puodai-Keptuve-Rozinis-virdulys-30el.jpg","type":"image\/jpeg"}],"twitter_card":"summary_large_image","twitter_misc":{"Est. reading time":"1 min\u016bte"},"schema":{"@context":"https:\/\/schema.org","@graph":[{"@type":"WebPage","@id":"https:\/\/kidsplay.lt\/produktas\/woopie-small-cook-set-indukciniai-puodai-keptuve-rozinis-virdulys-30el\/","url":"https:\/\/kidsplay.lt\/produktas\/woopie-small-cook-set-indukciniai-puodai-keptuve-rozinis-virdulys-30el\/","name":"WOOPIE mazais gatavo\u0161anas komplekts indukcijas katliem cep\u0161anas pannai roz\u0101 t\u0113jkannai 30 gab.","isPartOf":{"@id":"https:\/\/kidsplay.lt\/#website"},"primaryImageOfPage":{"@id":"https:\/\/kidsplay.lt\/produktas\/woopie-small-cook-set-indukciniai-puodai-keptuve-rozinis-virdulys-30el\/#primaryimage"},"image":{"@id":"https:\/\/kidsplay.lt\/produktas\/woopie-small-cook-set-indukciniai-puodai-keptuve-rozinis-virdulys-30el\/#primaryimage"},"thumbnailUrl":"https:\/\/kidsplay.lt\/wp-content\/uploads\/2025\/10\/WOOPIE-Small-Cook-Set-Indukciniai-puodai-Keptuve-Rozinis-virdulys-30el.jpg","datePublished":"2025-10-07T11:37:24+00:00","dateModified":"2026-04-13T11:28:08+00:00","description":"WOOPIE Small Cook Set Indukciniai puodai Keptuv\u0117 Ro\u017einis virdulys 30el. - KidsPlay. Did\u017eiausias vaik\u0173 \u017eaisl\u0173 pasirinkimas.","breadcrumb":{"@id":"https:\/\/kidsplay.lt\/produktas\/woopie-small-cook-set-indukciniai-puodai-keptuve-rozinis-virdulys-30el\/#breadcrumb"},"inLanguage":"lv-LV","potentialAction":[{"@type":"ReadAction","target":["https:\/\/kidsplay.lt\/produktas\/woopie-small-cook-set-indukciniai-puodai-keptuve-rozinis-virdulys-30el\/"]}]},{"@type":"ImageObject","inLanguage":"lv-LV","@id":"https:\/\/kidsplay.lt\/produktas\/woopie-small-cook-set-indukciniai-puodai-keptuve-rozinis-virdulys-30el\/#primaryimage","url":"https:\/\/kidsplay.lt\/wp-content\/uploads\/2025\/10\/WOOPIE-Small-Cook-Set-Indukciniai-puodai-Keptuve-Rozinis-virdulys-30el.jpg","contentUrl":"https:\/\/kidsplay.lt\/wp-content\/uploads\/2025\/10\/WOOPIE-Small-Cook-Set-Indukciniai-puodai-Keptuve-Rozinis-virdulys-30el.jpg","width":1000,"height":1000,"caption":"WOOPIE Small Cook Set Indukciniai puodai Keptuv\u0117 Ro\u017einis virdulys 30el."},{"@type":"BreadcrumbList","@id":"https:\/\/kidsplay.lt\/produktas\/woopie-small-cook-set-indukciniai-puodai-keptuve-rozinis-virdulys-30el\/#breadcrumb","itemListElement":[{"@type":"ListItem","position":1,"name":"Pagrindinis","item":"https:\/\/kidsplay.lt\/"},{"@type":"ListItem","position":2,"name":"Parduotuv\u0117","item":"https:\/\/kidsplay.lt\/parduotuve\/"},{"@type":"ListItem","position":3,"name":"WOOPIE Small Cook Set Indukciniai puodai Keptuv\u0117 Ro\u017einis virdulys 30el."}]},{"@type":"WebSite","@id":"https:\/\/kidsplay.lt\/#website","url":"https:\/\/kidsplay.lt\/","name":"B\u0113rnu sp\u0113les.lv","description":"\u012evairios prek\u0117s vaikams","publisher":{"@id":"https:\/\/kidsplay.lt\/#organization"},"alternateName":"Kidsplay","potentialAction":[{"@type":"SearchAction","target":{"@type":"EntryPoint","urlTemplate":"https:\/\/kidsplay.lt\/?s={search_term_string}"},"query-input":{"@type":"PropertyValueSpecification","valueRequired":true,"valueName":"search_term_string"}}],"inLanguage":"lv-LV"},{"@type":"Organization","@id":"https:\/\/kidsplay.lt\/#organization","name":"B\u0113rnu sp\u0113le","url":"https:\/\/kidsplay.lt\/","logo":{"@type":"ImageObject","inLanguage":"lv-LV","@id":"https:\/\/kidsplay.lt\/#\/schema\/logo\/image\/","url":"https:\/\/kidsplay.lt\/wp-content\/uploads\/2023\/07\/kidsplay-logo.png","contentUrl":"https:\/\/kidsplay.lt\/wp-content\/uploads\/2023\/07\/kidsplay-logo.png","width":451,"height":98,"caption":"KidsPlay"},"image":{"@id":"https:\/\/kidsplay.lt\/#\/schema\/logo\/image\/"},"sameAs":["https:\/\/www.facebook.com\/www.kidsplay.lt"]}]}},"_links":{"self":[{"href":"https:\/\/kidsplay.lt\/lv\/wp-json\/wp\/v2\/product\/75047","targetHints":{"allow":["GET"]}}],"collection":[{"href":"https:\/\/kidsplay.lt\/lv\/wp-json\/wp\/v2\/product"}],"about":[{"href":"https:\/\/kidsplay.lt\/lv\/wp-json\/wp\/v2\/types\/product"}],"version-history":[{"count":2,"href":"https:\/\/kidsplay.lt\/lv\/wp-json\/wp\/v2\/product\/75047\/revisions"}],"predecessor-version":[{"id":75084,"href":"https:\/\/kidsplay.lt\/lv\/wp-json\/wp\/v2\/product\/75047\/revisions\/75084"}],"wp:featuredmedia":[{"embeddable":true,"href":"https:\/\/kidsplay.lt\/lv\/wp-json\/wp\/v2\/media\/75049"}],"wp:attachment":[{"href":"https:\/\/kidsplay.lt\/lv\/wp-json\/wp\/v2\/media?parent=75047"}],"wp:term":[{"taxonomy":"product_brand","embeddable":true,"href":"https:\/\/kidsplay.lt\/lv\/wp-json\/wp\/v2\/product_brand?post=75047"},{"taxonomy":"product_cat","embeddable":true,"href":"https:\/\/kidsplay.lt\/lv\/wp-json\/wp\/v2\/product_cat?post=75047"},{"taxonomy":"product_tag","embeddable":true,"href":"https:\/\/kidsplay.lt\/lv\/wp-json\/wp\/v2\/product_tag?post=75047"}],"curies":[{"name":"wp","href":"https:\/\/api.w.org\/{rel}","templated":true}]}}