{"id":75074,"date":"2025-10-07T14:44:06","date_gmt":"2025-10-07T11:44:06","guid":{"rendered":"https:\/\/kidsplay.lt\/produktas\/woopie-magnetiniai-kaladeles-75-cm-ukis-30-vnt\/"},"modified":"2026-04-13T14:28:17","modified_gmt":"2026-04-13T11:28:17","slug":"woopie-magnetiniai-kaladeles-75-cm-ukis-30-vnt","status":"publish","type":"product","link":"https:\/\/kidsplay.lt\/lv\/products\/woopie-magnetiniai-kaladeles-75-cm-ukis-30-vnt\/","title":{"rendered":"WOOPIE magnetiniai kalad\u0117l\u0117s 7,5 cm \u016akis 30 vnt."},"content":{"rendered":"<p>\u0160is \u201eWoopie\u201c\u00a0magnetini\u0173 kalad\u0117li\u0173 rinkinys\u00a0\u00a0yra unikalus \u017eaislas, leid\u017eiantis vaikams susikurti savo \u016bk\u012f. Vaikai gali statyti tvartus, gyv\u016bn\u0173 aptvarus, silosus ir kitus \u016bkio pastatus, eksperimentuodami su skirtingomis konfig\u016bracijomis. Magnetin\u0117s jungtys leid\u017eia lengvai ir smagiai kurti savo \u016bk\u012f, o kiekvienas statinys \u017eaidimo metu i\u0161lieka stabilus.<\/p>\n<p>Rakstur\u012bgs:<\/p>\n<p> \t&#8211; Vaikams nuo\u00a03 met\u0173\u00a0am\u017eiaus<br \/>\n \t\u2013 Izgatavots no augstas kvalit\u0101tes materi\u0101liem<br \/>\n \t&#8211; Magnetin\u0117s jungtys u\u017etikrina stabili\u0105 ir lengv\u0105 konstrukcij\u0105<br \/>\n \t&#8211; \u016akio tema<br \/>\n \t&#8211; Suderinamumas su kitais magnetiniais rinkiniais leid\u017eia i\u0161pl\u0117sti savo kolekcij\u0105<\/p>\n<p>Komplekt\u0101 ietilpst:<\/p>\n<p> \t&#8211; 13 kvadratini\u0173 magnetini\u0173 kalad\u0117li\u0173<br \/>\n \t&#8211; 5 m\u0117lyni trikampiai<br \/>\n \t&#8211; 2 geltoni trikampiai<br \/>\n \t&#8211; 9 raudoni sta\u010diakampiai<br \/>\n \t&#8211; 1 oran\u017einis puslankis<br \/>\n \t&#8211; 9 tvoros<br \/>\n \t&#8211; 5 gyv\u016bn\u0173 fig\u016br\u0117l\u0117s (avis, arklys, gaidys, varl\u0117, karv\u0117)<\/p>\n<p>Rota\u013clieta att\u012bst\u0101s:<\/p>\n<p> \t&#8211; Vaizduot\u0117<br \/>\n \t&#8211; K\u016brybi\u0161kumas<br \/>\n \t&#8211; Motoriniai \u012fg\u016bd\u017eiai<br \/>\n \t\u2013 Koncentr\u0101cija<br \/>\n \t&#8211; Kantryb\u0117<br \/>\n \t&#8211; Nepriklausomyb\u0117<\/p>","protected":false},"excerpt":{"rendered":"<p>\u0160is \u201eWoopie\u201c\u00a0magnetini\u0173 kalad\u0117li\u0173 rinkinys\u00a0\u00a0yra unikalus \u017eaislas, leid\u017eiantis vaikams susikurti savo \u016bk\u012f. Vaikai gali statyti tvartus, gyv\u016bn\u0173 aptvarus, silosus ir kitus<\/p>","protected":false},"featured_media":75076,"template":"","meta":{"_acf_changed":false,"_glsr_average":0,"_glsr_ranking":0,"_glsr_reviews":0},"product_brand":[],"product_cat":[446,229],"product_tag":[],"class_list":{"0":"post-75074","1":"product","2":"type-product","3":"status-publish","4":"has-post-thumbnail","6":"product_cat-konstruktoriai","7":"product_cat-zaislai-vaikams","8":"\"style=\"background-color: #2ecc711c;\"","10":"first","11":"instock","12":"purchasable","13":"product-type-simple"},"acf":[],"yoast_head":"<!-- This site is optimized with the Yoast SEO plugin v27.4 - https:\/\/yoast.com\/product\/yoast-seo-wordpress\/ -->\n<title>WOOPIE magnetiniai kalad\u0117l\u0117s 7,5 cm \u016akis 30 vnt.<\/title>\n<meta name=\"description\" content=\"WOOPIE magnetiniai kalad\u0117l\u0117s 7,5 cm \u016akis 30 vnt. - KidsPlay. Did\u017eiausias vaik\u0173 \u017eaisl\u0173 pasirinkimas.\" \/>\n<meta name=\"robots\" content=\"index, follow, max-snippet:-1, max-image-preview:large, max-video-preview:-1\" \/>\n<link rel=\"canonical\" href=\"https:\/\/kidsplay.lt\/lv\/products\/woopie-magnetiniai-kaladeles-75-cm-ukis-30-vnt\/\" \/>\n<meta property=\"og:locale\" content=\"lv_LV\" \/>\n<meta property=\"og:type\" content=\"article\" \/>\n<meta property=\"og:title\" content=\"WOOPIE magnetiniai kalad\u0117l\u0117s 7,5 cm \u016akis 30 vnt.\" \/>\n<meta property=\"og:description\" content=\"WOOPIE magnetiniai kalad\u0117l\u0117s 7,5 cm \u016akis 30 vnt. - KidsPlay. Did\u017eiausias vaik\u0173 \u017eaisl\u0173 pasirinkimas.\" \/>\n<meta property=\"og:url\" content=\"https:\/\/kidsplay.lt\/lv\/products\/woopie-magnetiniai-kaladeles-75-cm-ukis-30-vnt\/\" \/>\n<meta property=\"og:site_name\" content=\"KidsPlay\" \/>\n<meta property=\"article:publisher\" content=\"https:\/\/www.facebook.com\/www.kidsplay.lt\" \/>\n<meta property=\"article:modified_time\" content=\"2026-04-13T11:28:17+00:00\" \/>\n<meta property=\"og:image\" content=\"https:\/\/kidsplay.lt\/wp-content\/uploads\/2025\/10\/WOOPIE-magnetiniai-kaladeles-75-cm-Ukis-30-vnt.jpg\" \/>\n\t<meta property=\"og:image:width\" content=\"1000\" \/>\n\t<meta property=\"og:image:height\" content=\"1000\" \/>\n\t<meta property=\"og:image:type\" content=\"image\/jpeg\" \/>\n<meta name=\"twitter:card\" content=\"summary_large_image\" \/>\n<meta name=\"twitter:label1\" content=\"Est. reading time\" \/>\n\t<meta name=\"twitter:data1\" content=\"1 min\u016bte\" \/>\n<script type=\"application\/ld+json\" class=\"yoast-schema-graph\">{\"@context\":\"https:\\\/\\\/schema.org\",\"@graph\":[{\"@type\":\"WebPage\",\"@id\":\"https:\\\/\\\/kidsplay.lt\\\/produktas\\\/woopie-magnetiniai-kaladeles-75-cm-ukis-30-vnt\\\/\",\"url\":\"https:\\\/\\\/kidsplay.lt\\\/produktas\\\/woopie-magnetiniai-kaladeles-75-cm-ukis-30-vnt\\\/\",\"name\":\"WOOPIE magnetiniai kalad\u0117l\u0117s 7,5 cm \u016akis 30 vnt.\",\"isPartOf\":{\"@id\":\"https:\\\/\\\/kidsplay.lt\\\/#website\"},\"primaryImageOfPage\":{\"@id\":\"https:\\\/\\\/kidsplay.lt\\\/produktas\\\/woopie-magnetiniai-kaladeles-75-cm-ukis-30-vnt\\\/#primaryimage\"},\"image\":{\"@id\":\"https:\\\/\\\/kidsplay.lt\\\/produktas\\\/woopie-magnetiniai-kaladeles-75-cm-ukis-30-vnt\\\/#primaryimage\"},\"thumbnailUrl\":\"https:\\\/\\\/kidsplay.lt\\\/wp-content\\\/uploads\\\/2025\\\/10\\\/WOOPIE-magnetiniai-kaladeles-75-cm-Ukis-30-vnt.jpg\",\"datePublished\":\"2025-10-07T11:44:06+00:00\",\"dateModified\":\"2026-04-13T11:28:17+00:00\",\"description\":\"WOOPIE magnetiniai kalad\u0117l\u0117s 7,5 cm \u016akis 30 vnt. - KidsPlay. Did\u017eiausias vaik\u0173 \u017eaisl\u0173 pasirinkimas.\",\"breadcrumb\":{\"@id\":\"https:\\\/\\\/kidsplay.lt\\\/produktas\\\/woopie-magnetiniai-kaladeles-75-cm-ukis-30-vnt\\\/#breadcrumb\"},\"inLanguage\":\"lv-LV\",\"potentialAction\":[{\"@type\":\"ReadAction\",\"target\":[\"https:\\\/\\\/kidsplay.lt\\\/produktas\\\/woopie-magnetiniai-kaladeles-75-cm-ukis-30-vnt\\\/\"]}]},{\"@type\":\"ImageObject\",\"inLanguage\":\"lv-LV\",\"@id\":\"https:\\\/\\\/kidsplay.lt\\\/produktas\\\/woopie-magnetiniai-kaladeles-75-cm-ukis-30-vnt\\\/#primaryimage\",\"url\":\"https:\\\/\\\/kidsplay.lt\\\/wp-content\\\/uploads\\\/2025\\\/10\\\/WOOPIE-magnetiniai-kaladeles-75-cm-Ukis-30-vnt.jpg\",\"contentUrl\":\"https:\\\/\\\/kidsplay.lt\\\/wp-content\\\/uploads\\\/2025\\\/10\\\/WOOPIE-magnetiniai-kaladeles-75-cm-Ukis-30-vnt.jpg\",\"width\":1000,\"height\":1000,\"caption\":\"WOOPIE magnetiniai kalad\u0117l\u0117s 7\"},{\"@type\":\"BreadcrumbList\",\"@id\":\"https:\\\/\\\/kidsplay.lt\\\/produktas\\\/woopie-magnetiniai-kaladeles-75-cm-ukis-30-vnt\\\/#breadcrumb\",\"itemListElement\":[{\"@type\":\"ListItem\",\"position\":1,\"name\":\"Pagrindinis\",\"item\":\"https:\\\/\\\/kidsplay.lt\\\/\"},{\"@type\":\"ListItem\",\"position\":2,\"name\":\"Parduotuv\u0117\",\"item\":\"https:\\\/\\\/kidsplay.lt\\\/parduotuve\\\/\"},{\"@type\":\"ListItem\",\"position\":3,\"name\":\"WOOPIE magnetiniai kalad\u0117l\u0117s 7,5 cm \u016akis 30 vnt.\"}]},{\"@type\":\"WebSite\",\"@id\":\"https:\\\/\\\/kidsplay.lt\\\/#website\",\"url\":\"https:\\\/\\\/kidsplay.lt\\\/\",\"name\":\"Kidsplay.lt\",\"description\":\"\u012evairios prek\u0117s vaikams\",\"publisher\":{\"@id\":\"https:\\\/\\\/kidsplay.lt\\\/#organization\"},\"alternateName\":\"Kidsplay\",\"potentialAction\":[{\"@type\":\"SearchAction\",\"target\":{\"@type\":\"EntryPoint\",\"urlTemplate\":\"https:\\\/\\\/kidsplay.lt\\\/?s={search_term_string}\"},\"query-input\":{\"@type\":\"PropertyValueSpecification\",\"valueRequired\":true,\"valueName\":\"search_term_string\"}}],\"inLanguage\":\"lv-LV\"},{\"@type\":\"Organization\",\"@id\":\"https:\\\/\\\/kidsplay.lt\\\/#organization\",\"name\":\"KidsPlay\",\"url\":\"https:\\\/\\\/kidsplay.lt\\\/\",\"logo\":{\"@type\":\"ImageObject\",\"inLanguage\":\"lv-LV\",\"@id\":\"https:\\\/\\\/kidsplay.lt\\\/#\\\/schema\\\/logo\\\/image\\\/\",\"url\":\"https:\\\/\\\/kidsplay.lt\\\/wp-content\\\/uploads\\\/2023\\\/07\\\/kidsplay-logo.png\",\"contentUrl\":\"https:\\\/\\\/kidsplay.lt\\\/wp-content\\\/uploads\\\/2023\\\/07\\\/kidsplay-logo.png\",\"width\":451,\"height\":98,\"caption\":\"KidsPlay\"},\"image\":{\"@id\":\"https:\\\/\\\/kidsplay.lt\\\/#\\\/schema\\\/logo\\\/image\\\/\"},\"sameAs\":[\"https:\\\/\\\/www.facebook.com\\\/www.kidsplay.lt\"]}]}<\/script>\n<!-- \/ Yoast SEO plugin. -->","yoast_head_json":{"title":"WOOPIE magnetiniai kalad\u0117l\u0117s 7,5 cm \u016akis 30 vnt.","description":"WOOPIE magnetiniai kalad\u0117l\u0117s 7,5 cm \u016akis 30 vnt. - KidsPlay. Did\u017eiausias vaik\u0173 \u017eaisl\u0173 pasirinkimas.","robots":{"index":"index","follow":"follow","max-snippet":"max-snippet:-1","max-image-preview":"max-image-preview:large","max-video-preview":"max-video-preview:-1"},"canonical":"https:\/\/kidsplay.lt\/lv\/products\/woopie-magnetiniai-kaladeles-75-cm-ukis-30-vnt\/","og_locale":"lv_LV","og_type":"article","og_title":"WOOPIE magnetiniai kalad\u0117l\u0117s 7,5 cm \u016akis 30 vnt.","og_description":"WOOPIE magnetiniai kalad\u0117l\u0117s 7,5 cm \u016akis 30 vnt. - KidsPlay. Did\u017eiausias vaik\u0173 \u017eaisl\u0173 pasirinkimas.","og_url":"https:\/\/kidsplay.lt\/lv\/products\/woopie-magnetiniai-kaladeles-75-cm-ukis-30-vnt\/","og_site_name":"KidsPlay","article_publisher":"https:\/\/www.facebook.com\/www.kidsplay.lt","article_modified_time":"2026-04-13T11:28:17+00:00","og_image":[{"width":1000,"height":1000,"url":"https:\/\/kidsplay.lt\/wp-content\/uploads\/2025\/10\/WOOPIE-magnetiniai-kaladeles-75-cm-Ukis-30-vnt.jpg","type":"image\/jpeg"}],"twitter_card":"summary_large_image","twitter_misc":{"Est. reading time":"1 min\u016bte"},"schema":{"@context":"https:\/\/schema.org","@graph":[{"@type":"WebPage","@id":"https:\/\/kidsplay.lt\/produktas\/woopie-magnetiniai-kaladeles-75-cm-ukis-30-vnt\/","url":"https:\/\/kidsplay.lt\/produktas\/woopie-magnetiniai-kaladeles-75-cm-ukis-30-vnt\/","name":"WOOPIE magnetiniai kalad\u0117l\u0117s 7,5 cm \u016akis 30 vnt.","isPartOf":{"@id":"https:\/\/kidsplay.lt\/#website"},"primaryImageOfPage":{"@id":"https:\/\/kidsplay.lt\/produktas\/woopie-magnetiniai-kaladeles-75-cm-ukis-30-vnt\/#primaryimage"},"image":{"@id":"https:\/\/kidsplay.lt\/produktas\/woopie-magnetiniai-kaladeles-75-cm-ukis-30-vnt\/#primaryimage"},"thumbnailUrl":"https:\/\/kidsplay.lt\/wp-content\/uploads\/2025\/10\/WOOPIE-magnetiniai-kaladeles-75-cm-Ukis-30-vnt.jpg","datePublished":"2025-10-07T11:44:06+00:00","dateModified":"2026-04-13T11:28:17+00:00","description":"WOOPIE magnetiniai kalad\u0117l\u0117s 7,5 cm \u016akis 30 vnt. - KidsPlay. Did\u017eiausias vaik\u0173 \u017eaisl\u0173 pasirinkimas.","breadcrumb":{"@id":"https:\/\/kidsplay.lt\/produktas\/woopie-magnetiniai-kaladeles-75-cm-ukis-30-vnt\/#breadcrumb"},"inLanguage":"lv-LV","potentialAction":[{"@type":"ReadAction","target":["https:\/\/kidsplay.lt\/produktas\/woopie-magnetiniai-kaladeles-75-cm-ukis-30-vnt\/"]}]},{"@type":"ImageObject","inLanguage":"lv-LV","@id":"https:\/\/kidsplay.lt\/produktas\/woopie-magnetiniai-kaladeles-75-cm-ukis-30-vnt\/#primaryimage","url":"https:\/\/kidsplay.lt\/wp-content\/uploads\/2025\/10\/WOOPIE-magnetiniai-kaladeles-75-cm-Ukis-30-vnt.jpg","contentUrl":"https:\/\/kidsplay.lt\/wp-content\/uploads\/2025\/10\/WOOPIE-magnetiniai-kaladeles-75-cm-Ukis-30-vnt.jpg","width":1000,"height":1000,"caption":"WOOPIE magnetiniai kalad\u0117l\u0117s 7"},{"@type":"BreadcrumbList","@id":"https:\/\/kidsplay.lt\/produktas\/woopie-magnetiniai-kaladeles-75-cm-ukis-30-vnt\/#breadcrumb","itemListElement":[{"@type":"ListItem","position":1,"name":"Pagrindinis","item":"https:\/\/kidsplay.lt\/"},{"@type":"ListItem","position":2,"name":"Parduotuv\u0117","item":"https:\/\/kidsplay.lt\/parduotuve\/"},{"@type":"ListItem","position":3,"name":"WOOPIE magnetiniai kalad\u0117l\u0117s 7,5 cm \u016akis 30 vnt."}]},{"@type":"WebSite","@id":"https:\/\/kidsplay.lt\/#website","url":"https:\/\/kidsplay.lt\/","name":"B\u0113rnu sp\u0113les.lv","description":"\u012evairios prek\u0117s vaikams","publisher":{"@id":"https:\/\/kidsplay.lt\/#organization"},"alternateName":"Kidsplay","potentialAction":[{"@type":"SearchAction","target":{"@type":"EntryPoint","urlTemplate":"https:\/\/kidsplay.lt\/?s={search_term_string}"},"query-input":{"@type":"PropertyValueSpecification","valueRequired":true,"valueName":"search_term_string"}}],"inLanguage":"lv-LV"},{"@type":"Organization","@id":"https:\/\/kidsplay.lt\/#organization","name":"B\u0113rnu sp\u0113le","url":"https:\/\/kidsplay.lt\/","logo":{"@type":"ImageObject","inLanguage":"lv-LV","@id":"https:\/\/kidsplay.lt\/#\/schema\/logo\/image\/","url":"https:\/\/kidsplay.lt\/wp-content\/uploads\/2023\/07\/kidsplay-logo.png","contentUrl":"https:\/\/kidsplay.lt\/wp-content\/uploads\/2023\/07\/kidsplay-logo.png","width":451,"height":98,"caption":"KidsPlay"},"image":{"@id":"https:\/\/kidsplay.lt\/#\/schema\/logo\/image\/"},"sameAs":["https:\/\/www.facebook.com\/www.kidsplay.lt"]}]}},"_links":{"self":[{"href":"https:\/\/kidsplay.lt\/lv\/wp-json\/wp\/v2\/product\/75074","targetHints":{"allow":["GET"]}}],"collection":[{"href":"https:\/\/kidsplay.lt\/lv\/wp-json\/wp\/v2\/product"}],"about":[{"href":"https:\/\/kidsplay.lt\/lv\/wp-json\/wp\/v2\/types\/product"}],"version-history":[{"count":2,"href":"https:\/\/kidsplay.lt\/lv\/wp-json\/wp\/v2\/product\/75074\/revisions"}],"predecessor-version":[{"id":75079,"href":"https:\/\/kidsplay.lt\/lv\/wp-json\/wp\/v2\/product\/75074\/revisions\/75079"}],"wp:featuredmedia":[{"embeddable":true,"href":"https:\/\/kidsplay.lt\/lv\/wp-json\/wp\/v2\/media\/75076"}],"wp:attachment":[{"href":"https:\/\/kidsplay.lt\/lv\/wp-json\/wp\/v2\/media?parent=75074"}],"wp:term":[{"taxonomy":"product_brand","embeddable":true,"href":"https:\/\/kidsplay.lt\/lv\/wp-json\/wp\/v2\/product_brand?post=75074"},{"taxonomy":"product_cat","embeddable":true,"href":"https:\/\/kidsplay.lt\/lv\/wp-json\/wp\/v2\/product_cat?post=75074"},{"taxonomy":"product_tag","embeddable":true,"href":"https:\/\/kidsplay.lt\/lv\/wp-json\/wp\/v2\/product_tag?post=75074"}],"curies":[{"name":"wp","href":"https:\/\/api.w.org\/{rel}","templated":true}]}}