{"id":75087,"date":"2025-10-07T15:53:08","date_gmt":"2025-10-07T12:53:08","guid":{"rendered":"https:\/\/kidsplay.lt\/produktas\/woopie-interaktyvus-muzikinis-pliusinis-zaislas-dramblys-su-pakabukais-ir-kramtukais\/"},"modified":"2026-04-07T10:07:55","modified_gmt":"2026-04-07T07:07:55","slug":"woopie-interaktyvus-muzikinis-pliusinis-zaislas-dramblys-su-pakabukais-ir-kramtukais","status":"publish","type":"product","link":"https:\/\/kidsplay.lt\/lv\/products\/woopie-interaktyvus-muzikinis-pliusinis-zaislas-dramblys-su-pakabukais-ir-kramtukais\/","title":{"rendered":"WOOPIE interakt\u012bva muzik\u0101la pl\u012b\u0161a zilo\u0146a rota\u013clieta ar piekari\u0146iem un zobratiem"},"content":{"rendered":"<p>\u0160is pliu\u0161inis, muzikalus \u201e\u00a0\u00a0Woopie\u00a0\u201c\u00a0dramblys\u00a0yra tobulas miego ir \u017eaidim\u0173 draugas kiekvienam ma\u017eyliui.\u00a0\u0160velnios muzikos, raminan\u010di\u0173 \u0161vies\u0173 ir \u012fvairi\u0173 tekst\u016br\u0173\u00a0derinys paver\u010dia \u0161\u012f \u017eaisl\u0105 puikia priemone k\u016bdikio poj\u016b\u010diams stimuliuoti ir saugumo jausmui suteikti. \u017daislas yra \u017eavingo pliu\u0161inio dramblio formos su spalvingomis ausimis ir veidrod\u0117liu. Prie jo k\u016bno pritvirtinti \u0161e\u0161i\u00a0skirtingi pakabukai\u00a0\u00a0. Du yra saug\u016bs kramtukai, vienas veikia kaip bar\u0161kutis, o lik\u0119 smag\u016bs pliu\u0161iniai \u017eaislai stimuliuoja k\u016bdikio\u00a0motorik\u0105 ir sensorin\u012f vystym\u0105si\u00a0. D\u0117l prakti\u0161kos rankenos \u017eaisl\u0105 galima lengvai pakabinti ant lovel\u0117s, ve\u017eim\u0117lio ar automobilin\u0117s k\u0117dut\u0117s, tod\u0117l jis bus patogus bet kokioje situacijoje.<\/p>\n<p>Rakstur\u012bgs:<\/p>\n<p> \t&#8211; \u017daislas vaikams nuo\u00a018 m\u0117nesi\u0173 am\u017eiaus.<br \/>\n \t&#8211; Pliu\u0161inis dramblio formos miego \u012frankis\u00a0su spalvingais elementais.<br \/>\n \t&#8211; Turi muzikos ir ap\u0161vietimo\u00a0funkcijas .<br \/>\n \t&#8211; 3 mygtukai leid\u017eia \u012fjungti\u00a0arba i\u0161jungti fonin\u012f ap\u0161vietim\u0105,\u00a0slinkti per muzik\u0105 ir\u00a0reguliuoti garsum\u0105\u00a0.<br \/>\n \t&#8211; Rinkinyje yra\u00a06 pakabukai\u00a0, \u012fskaitant kramtuk\u0105 ir bar\u0161kut\u012f.<br \/>\n \t&#8211; Pagaminta i\u0161 mink\u0161tos, vaikams saugios\u00a0pliu\u0161in\u0117s med\u017eiagos.<br \/>\n \t&#8211; Lengva\u00a0pakabinti ant lovel\u0117s, ve\u017eim\u0117lio\u00a0ar automobilin\u0117s k\u0117dut\u0117s.<br \/>\n \t&#8211; D\u0117l kompakti\u0161ko dyd\u017eio jis\u00a0puikiai tinka kelion\u0117ms.<br \/>\n \t&#8211; Maitinamas\u00a02 AAA baterijomis\u00a0(nepridedamos)<\/p>\n<p>Komplekt\u0101 ietilpst:<\/p>\n<p> \t&#8211; Pliu\u0161inis dramblys su \u0161viesos ir muzikos funkcijomis bei veidrod\u017eiu.<br \/>\n \t&#8211; \u0160e\u0161i skirtingi pakabukai.<\/p>\n<p>Rota\u013clieta att\u012bst\u0101s:<\/p>\n<p> \t&#8211;\u00a0Klausos poj\u016btis\u00a0ir jautrumas garsams.<br \/>\n \t&#8211;\u00a0Reg\u0117jimo poj\u016btis\u00a0d\u0117l spalvot\u0173 \u0161vies\u0173.<br \/>\n \t&#8211;\u00a0Lavina smulki\u0105j\u0105 motorik\u0105 ir koordinacij\u0105\u00a0suimant pakabukus.<br \/>\n \t&#8211;\u00a0Jutimo raida\u00a0d\u0117l skirting\u0173 tekst\u016br\u0173.<\/p>","protected":false},"excerpt":{"rendered":"<p>5906280656300<\/p>","protected":false},"featured_media":75089,"template":"","meta":{"_acf_changed":false,"_glsr_average":0,"_glsr_ranking":0,"_glsr_reviews":0},"product_brand":[],"product_cat":[396,229],"product_tag":[],"class_list":{"0":"post-75087","1":"product","2":"type-product","3":"status-publish","4":"has-post-thumbnail","6":"product_cat-kudikiu-zaislai-vaikams2","7":"product_cat-zaislai-vaikams","8":"\"style=\"background-color: #2ecc711c;\"","10":"first","11":"instock","12":"purchasable","13":"product-type-simple"},"acf":[],"yoast_head":"<!-- This site is optimized with the Yoast SEO plugin v27.3 - https:\/\/yoast.com\/product\/yoast-seo-wordpress\/ -->\n<title>WOOPIE interaktyvus muzikinis pliu\u0161inis \u017eaislas-dramblys su pakabukais ir kramtukais<\/title>\n<meta name=\"description\" content=\"WOOPIE interaktyvus muzikinis pliu\u0161inis \u017eaislas-dramblys su pakabukais ir kramtukais - KidsPlay. Did\u017eiausias vaik\u0173 \u017eaisl\u0173 pasirinkimas.\" \/>\n<meta name=\"robots\" content=\"index, follow, max-snippet:-1, max-image-preview:large, max-video-preview:-1\" \/>\n<link rel=\"canonical\" href=\"https:\/\/kidsplay.lt\/lv\/products\/woopie-interaktyvus-muzikinis-pliusinis-zaislas-dramblys-su-pakabukais-ir-kramtukais\/\" \/>\n<meta property=\"og:locale\" content=\"lv_LV\" \/>\n<meta property=\"og:type\" content=\"article\" \/>\n<meta property=\"og:title\" content=\"WOOPIE interaktyvus muzikinis pliu\u0161inis \u017eaislas-dramblys su pakabukais ir kramtukais\" \/>\n<meta property=\"og:description\" content=\"WOOPIE interaktyvus muzikinis pliu\u0161inis \u017eaislas-dramblys su pakabukais ir kramtukais - KidsPlay. Did\u017eiausias vaik\u0173 \u017eaisl\u0173 pasirinkimas.\" \/>\n<meta property=\"og:url\" content=\"https:\/\/kidsplay.lt\/lv\/products\/woopie-interaktyvus-muzikinis-pliusinis-zaislas-dramblys-su-pakabukais-ir-kramtukais\/\" \/>\n<meta property=\"og:site_name\" content=\"KidsPlay\" \/>\n<meta property=\"article:publisher\" content=\"https:\/\/www.facebook.com\/www.kidsplay.lt\" \/>\n<meta property=\"article:modified_time\" content=\"2026-04-07T07:07:55+00:00\" \/>\n<meta property=\"og:image\" content=\"https:\/\/kidsplay.lt\/wp-content\/uploads\/2025\/10\/WOOPIE-interaktyvus-muzikinis-pliusinis-zaislas-dramblys-su-pakabukais-ir-kramtukais.jpg\" \/>\n\t<meta property=\"og:image:width\" content=\"1000\" \/>\n\t<meta property=\"og:image:height\" content=\"1000\" \/>\n\t<meta property=\"og:image:type\" content=\"image\/jpeg\" \/>\n<meta name=\"twitter:card\" content=\"summary_large_image\" \/>\n<meta name=\"twitter:label1\" content=\"Est. reading time\" \/>\n\t<meta name=\"twitter:data1\" content=\"1 min\u016bte\" \/>\n<script type=\"application\/ld+json\" class=\"yoast-schema-graph\">{\"@context\":\"https:\\\/\\\/schema.org\",\"@graph\":[{\"@type\":\"WebPage\",\"@id\":\"https:\\\/\\\/kidsplay.lt\\\/produktas\\\/woopie-interaktyvus-muzikinis-pliusinis-zaislas-dramblys-su-pakabukais-ir-kramtukais\\\/\",\"url\":\"https:\\\/\\\/kidsplay.lt\\\/produktas\\\/woopie-interaktyvus-muzikinis-pliusinis-zaislas-dramblys-su-pakabukais-ir-kramtukais\\\/\",\"name\":\"WOOPIE interaktyvus muzikinis pliu\u0161inis \u017eaislas-dramblys su pakabukais ir kramtukais\",\"isPartOf\":{\"@id\":\"https:\\\/\\\/kidsplay.lt\\\/#website\"},\"primaryImageOfPage\":{\"@id\":\"https:\\\/\\\/kidsplay.lt\\\/produktas\\\/woopie-interaktyvus-muzikinis-pliusinis-zaislas-dramblys-su-pakabukais-ir-kramtukais\\\/#primaryimage\"},\"image\":{\"@id\":\"https:\\\/\\\/kidsplay.lt\\\/produktas\\\/woopie-interaktyvus-muzikinis-pliusinis-zaislas-dramblys-su-pakabukais-ir-kramtukais\\\/#primaryimage\"},\"thumbnailUrl\":\"https:\\\/\\\/kidsplay.lt\\\/wp-content\\\/uploads\\\/2025\\\/10\\\/WOOPIE-interaktyvus-muzikinis-pliusinis-zaislas-dramblys-su-pakabukais-ir-kramtukais.jpg\",\"datePublished\":\"2025-10-07T12:53:08+00:00\",\"dateModified\":\"2026-04-07T07:07:55+00:00\",\"description\":\"WOOPIE interaktyvus muzikinis pliu\u0161inis \u017eaislas-dramblys su pakabukais ir kramtukais - KidsPlay. Did\u017eiausias vaik\u0173 \u017eaisl\u0173 pasirinkimas.\",\"breadcrumb\":{\"@id\":\"https:\\\/\\\/kidsplay.lt\\\/produktas\\\/woopie-interaktyvus-muzikinis-pliusinis-zaislas-dramblys-su-pakabukais-ir-kramtukais\\\/#breadcrumb\"},\"inLanguage\":\"lv-LV\",\"potentialAction\":[{\"@type\":\"ReadAction\",\"target\":[\"https:\\\/\\\/kidsplay.lt\\\/produktas\\\/woopie-interaktyvus-muzikinis-pliusinis-zaislas-dramblys-su-pakabukais-ir-kramtukais\\\/\"]}]},{\"@type\":\"ImageObject\",\"inLanguage\":\"lv-LV\",\"@id\":\"https:\\\/\\\/kidsplay.lt\\\/produktas\\\/woopie-interaktyvus-muzikinis-pliusinis-zaislas-dramblys-su-pakabukais-ir-kramtukais\\\/#primaryimage\",\"url\":\"https:\\\/\\\/kidsplay.lt\\\/wp-content\\\/uploads\\\/2025\\\/10\\\/WOOPIE-interaktyvus-muzikinis-pliusinis-zaislas-dramblys-su-pakabukais-ir-kramtukais.jpg\",\"contentUrl\":\"https:\\\/\\\/kidsplay.lt\\\/wp-content\\\/uploads\\\/2025\\\/10\\\/WOOPIE-interaktyvus-muzikinis-pliusinis-zaislas-dramblys-su-pakabukais-ir-kramtukais.jpg\",\"width\":1000,\"height\":1000,\"caption\":\"WOOPIE interaktyvus muzikinis pliu\u0161inis \u017eaislas-dramblys su pakabukais ir kramtukais\"},{\"@type\":\"BreadcrumbList\",\"@id\":\"https:\\\/\\\/kidsplay.lt\\\/produktas\\\/woopie-interaktyvus-muzikinis-pliusinis-zaislas-dramblys-su-pakabukais-ir-kramtukais\\\/#breadcrumb\",\"itemListElement\":[{\"@type\":\"ListItem\",\"position\":1,\"name\":\"Pagrindinis\",\"item\":\"https:\\\/\\\/kidsplay.lt\\\/\"},{\"@type\":\"ListItem\",\"position\":2,\"name\":\"Parduotuv\u0117\",\"item\":\"https:\\\/\\\/kidsplay.lt\\\/parduotuve\\\/\"},{\"@type\":\"ListItem\",\"position\":3,\"name\":\"WOOPIE interaktyvus muzikinis pliu\u0161inis \u017eaislas-dramblys su pakabukais ir kramtukais\"}]},{\"@type\":\"WebSite\",\"@id\":\"https:\\\/\\\/kidsplay.lt\\\/#website\",\"url\":\"https:\\\/\\\/kidsplay.lt\\\/\",\"name\":\"Kidsplay.lt\",\"description\":\"\u012evairios prek\u0117s vaikams\",\"publisher\":{\"@id\":\"https:\\\/\\\/kidsplay.lt\\\/#organization\"},\"alternateName\":\"Kidsplay\",\"potentialAction\":[{\"@type\":\"SearchAction\",\"target\":{\"@type\":\"EntryPoint\",\"urlTemplate\":\"https:\\\/\\\/kidsplay.lt\\\/?s={search_term_string}\"},\"query-input\":{\"@type\":\"PropertyValueSpecification\",\"valueRequired\":true,\"valueName\":\"search_term_string\"}}],\"inLanguage\":\"lv-LV\"},{\"@type\":\"Organization\",\"@id\":\"https:\\\/\\\/kidsplay.lt\\\/#organization\",\"name\":\"KidsPlay\",\"url\":\"https:\\\/\\\/kidsplay.lt\\\/\",\"logo\":{\"@type\":\"ImageObject\",\"inLanguage\":\"lv-LV\",\"@id\":\"https:\\\/\\\/kidsplay.lt\\\/#\\\/schema\\\/logo\\\/image\\\/\",\"url\":\"https:\\\/\\\/kidsplay.lt\\\/wp-content\\\/uploads\\\/2023\\\/07\\\/kidsplay-logo.png\",\"contentUrl\":\"https:\\\/\\\/kidsplay.lt\\\/wp-content\\\/uploads\\\/2023\\\/07\\\/kidsplay-logo.png\",\"width\":451,\"height\":98,\"caption\":\"KidsPlay\"},\"image\":{\"@id\":\"https:\\\/\\\/kidsplay.lt\\\/#\\\/schema\\\/logo\\\/image\\\/\"},\"sameAs\":[\"https:\\\/\\\/www.facebook.com\\\/www.kidsplay.lt\"]}]}<\/script>\n<!-- \/ Yoast SEO plugin. -->","yoast_head_json":{"title":"WOOPIE interakt\u012bva muzik\u0101la pl\u012b\u0161a zilo\u0146a rota\u013clieta ar piekari\u0146iem un zobratiem","description":"WOOPIE interaktyvus muzikinis pliu\u0161inis \u017eaislas-dramblys su pakabukais ir kramtukais - KidsPlay. Did\u017eiausias vaik\u0173 \u017eaisl\u0173 pasirinkimas.","robots":{"index":"index","follow":"follow","max-snippet":"max-snippet:-1","max-image-preview":"max-image-preview:large","max-video-preview":"max-video-preview:-1"},"canonical":"https:\/\/kidsplay.lt\/lv\/products\/woopie-interaktyvus-muzikinis-pliusinis-zaislas-dramblys-su-pakabukais-ir-kramtukais\/","og_locale":"lv_LV","og_type":"article","og_title":"WOOPIE interaktyvus muzikinis pliu\u0161inis \u017eaislas-dramblys su pakabukais ir kramtukais","og_description":"WOOPIE interaktyvus muzikinis pliu\u0161inis \u017eaislas-dramblys su pakabukais ir kramtukais - KidsPlay. Did\u017eiausias vaik\u0173 \u017eaisl\u0173 pasirinkimas.","og_url":"https:\/\/kidsplay.lt\/lv\/products\/woopie-interaktyvus-muzikinis-pliusinis-zaislas-dramblys-su-pakabukais-ir-kramtukais\/","og_site_name":"KidsPlay","article_publisher":"https:\/\/www.facebook.com\/www.kidsplay.lt","article_modified_time":"2026-04-07T07:07:55+00:00","og_image":[{"width":1000,"height":1000,"url":"https:\/\/kidsplay.lt\/wp-content\/uploads\/2025\/10\/WOOPIE-interaktyvus-muzikinis-pliusinis-zaislas-dramblys-su-pakabukais-ir-kramtukais.jpg","type":"image\/jpeg"}],"twitter_card":"summary_large_image","twitter_misc":{"Est. reading time":"1 min\u016bte"},"schema":{"@context":"https:\/\/schema.org","@graph":[{"@type":"WebPage","@id":"https:\/\/kidsplay.lt\/produktas\/woopie-interaktyvus-muzikinis-pliusinis-zaislas-dramblys-su-pakabukais-ir-kramtukais\/","url":"https:\/\/kidsplay.lt\/produktas\/woopie-interaktyvus-muzikinis-pliusinis-zaislas-dramblys-su-pakabukais-ir-kramtukais\/","name":"WOOPIE interakt\u012bva muzik\u0101la pl\u012b\u0161a zilo\u0146a rota\u013clieta ar piekari\u0146iem un zobratiem","isPartOf":{"@id":"https:\/\/kidsplay.lt\/#website"},"primaryImageOfPage":{"@id":"https:\/\/kidsplay.lt\/produktas\/woopie-interaktyvus-muzikinis-pliusinis-zaislas-dramblys-su-pakabukais-ir-kramtukais\/#primaryimage"},"image":{"@id":"https:\/\/kidsplay.lt\/produktas\/woopie-interaktyvus-muzikinis-pliusinis-zaislas-dramblys-su-pakabukais-ir-kramtukais\/#primaryimage"},"thumbnailUrl":"https:\/\/kidsplay.lt\/wp-content\/uploads\/2025\/10\/WOOPIE-interaktyvus-muzikinis-pliusinis-zaislas-dramblys-su-pakabukais-ir-kramtukais.jpg","datePublished":"2025-10-07T12:53:08+00:00","dateModified":"2026-04-07T07:07:55+00:00","description":"WOOPIE interaktyvus muzikinis pliu\u0161inis \u017eaislas-dramblys su pakabukais ir kramtukais - KidsPlay. Did\u017eiausias vaik\u0173 \u017eaisl\u0173 pasirinkimas.","breadcrumb":{"@id":"https:\/\/kidsplay.lt\/produktas\/woopie-interaktyvus-muzikinis-pliusinis-zaislas-dramblys-su-pakabukais-ir-kramtukais\/#breadcrumb"},"inLanguage":"lv-LV","potentialAction":[{"@type":"ReadAction","target":["https:\/\/kidsplay.lt\/produktas\/woopie-interaktyvus-muzikinis-pliusinis-zaislas-dramblys-su-pakabukais-ir-kramtukais\/"]}]},{"@type":"ImageObject","inLanguage":"lv-LV","@id":"https:\/\/kidsplay.lt\/produktas\/woopie-interaktyvus-muzikinis-pliusinis-zaislas-dramblys-su-pakabukais-ir-kramtukais\/#primaryimage","url":"https:\/\/kidsplay.lt\/wp-content\/uploads\/2025\/10\/WOOPIE-interaktyvus-muzikinis-pliusinis-zaislas-dramblys-su-pakabukais-ir-kramtukais.jpg","contentUrl":"https:\/\/kidsplay.lt\/wp-content\/uploads\/2025\/10\/WOOPIE-interaktyvus-muzikinis-pliusinis-zaislas-dramblys-su-pakabukais-ir-kramtukais.jpg","width":1000,"height":1000,"caption":"WOOPIE interaktyvus muzikinis pliu\u0161inis \u017eaislas-dramblys su pakabukais ir kramtukais"},{"@type":"BreadcrumbList","@id":"https:\/\/kidsplay.lt\/produktas\/woopie-interaktyvus-muzikinis-pliusinis-zaislas-dramblys-su-pakabukais-ir-kramtukais\/#breadcrumb","itemListElement":[{"@type":"ListItem","position":1,"name":"Pagrindinis","item":"https:\/\/kidsplay.lt\/"},{"@type":"ListItem","position":2,"name":"Parduotuv\u0117","item":"https:\/\/kidsplay.lt\/parduotuve\/"},{"@type":"ListItem","position":3,"name":"WOOPIE interaktyvus muzikinis pliu\u0161inis \u017eaislas-dramblys su pakabukais ir kramtukais"}]},{"@type":"WebSite","@id":"https:\/\/kidsplay.lt\/#website","url":"https:\/\/kidsplay.lt\/","name":"B\u0113rnu sp\u0113les.lv","description":"\u012evairios prek\u0117s vaikams","publisher":{"@id":"https:\/\/kidsplay.lt\/#organization"},"alternateName":"Kidsplay","potentialAction":[{"@type":"SearchAction","target":{"@type":"EntryPoint","urlTemplate":"https:\/\/kidsplay.lt\/?s={search_term_string}"},"query-input":{"@type":"PropertyValueSpecification","valueRequired":true,"valueName":"search_term_string"}}],"inLanguage":"lv-LV"},{"@type":"Organization","@id":"https:\/\/kidsplay.lt\/#organization","name":"B\u0113rnu sp\u0113le","url":"https:\/\/kidsplay.lt\/","logo":{"@type":"ImageObject","inLanguage":"lv-LV","@id":"https:\/\/kidsplay.lt\/#\/schema\/logo\/image\/","url":"https:\/\/kidsplay.lt\/wp-content\/uploads\/2023\/07\/kidsplay-logo.png","contentUrl":"https:\/\/kidsplay.lt\/wp-content\/uploads\/2023\/07\/kidsplay-logo.png","width":451,"height":98,"caption":"KidsPlay"},"image":{"@id":"https:\/\/kidsplay.lt\/#\/schema\/logo\/image\/"},"sameAs":["https:\/\/www.facebook.com\/www.kidsplay.lt"]}]}},"_links":{"self":[{"href":"https:\/\/kidsplay.lt\/lv\/wp-json\/wp\/v2\/product\/75087","targetHints":{"allow":["GET"]}}],"collection":[{"href":"https:\/\/kidsplay.lt\/lv\/wp-json\/wp\/v2\/product"}],"about":[{"href":"https:\/\/kidsplay.lt\/lv\/wp-json\/wp\/v2\/types\/product"}],"version-history":[{"count":2,"href":"https:\/\/kidsplay.lt\/lv\/wp-json\/wp\/v2\/product\/75087\/revisions"}],"predecessor-version":[{"id":75557,"href":"https:\/\/kidsplay.lt\/lv\/wp-json\/wp\/v2\/product\/75087\/revisions\/75557"}],"wp:featuredmedia":[{"embeddable":true,"href":"https:\/\/kidsplay.lt\/lv\/wp-json\/wp\/v2\/media\/75089"}],"wp:attachment":[{"href":"https:\/\/kidsplay.lt\/lv\/wp-json\/wp\/v2\/media?parent=75087"}],"wp:term":[{"taxonomy":"product_brand","embeddable":true,"href":"https:\/\/kidsplay.lt\/lv\/wp-json\/wp\/v2\/product_brand?post=75087"},{"taxonomy":"product_cat","embeddable":true,"href":"https:\/\/kidsplay.lt\/lv\/wp-json\/wp\/v2\/product_cat?post=75087"},{"taxonomy":"product_tag","embeddable":true,"href":"https:\/\/kidsplay.lt\/lv\/wp-json\/wp\/v2\/product_tag?post=75087"}],"curies":[{"name":"wp","href":"https:\/\/api.w.org\/{rel}","templated":true}]}}