{"id":75097,"date":"2025-10-07T15:54:31","date_gmt":"2025-10-07T12:54:31","guid":{"rendered":"https:\/\/kidsplay.lt\/produktas\/woopie-magnetiniu-3d-kaladeliu-traukiniu-rinkinys-71-vnt\/"},"modified":"2026-04-07T09:31:29","modified_gmt":"2026-04-07T06:31:29","slug":"woopie-magnetinis-konstruktorius-3d-traukinukas-71-vnt","status":"publish","type":"product","link":"https:\/\/kidsplay.lt\/lv\/products\/woopie-magnetinis-konstruktorius-3d-traukinukas-71-vnt\/","title":{"rendered":"WOOPIE magn\u0113tiskais konstruktora komplekts 3D vilciens, 71 gab."},"content":{"rendered":"<p>Sukonstruokite savo spalving\u0105 traukin\u012f! \u0160is\u00a071 detal\u0117s\u00a0magnetinis \u201eWoopie\u201c konstruktoriaus\u00a0\u00a0rinkinys\u00a0yra\u00a0puikus\u00a0\u017eaislas norint sukurti \u012fvairias transporto priemones. Kalad\u0117l\u0117s jungiasi paprastai ir stebuklingai d\u0117ka\u00a0\u012fmontuot\u0173 magnet\u0173\u00a0. Jie suteikia laisv\u0119 kurti traukinius su vagonais ar kitomis konstrukcijomis, kartu lavindami\u00a0erdvin\u0119 vaizduot\u0119\u00a0ir\u00a0rankinius \u012fg\u016bd\u017eius\u00a0. Tai puiki \u012f\u017eanga \u012f\u00a0STEAM\u00a0mokym\u0105si , derinant moksl\u0105 ir k\u016brybi\u0161kum\u0105.<\/p>\n<p>Rakstur\u012bgs:<\/p>\n<p>&#8211; \u017daislas vaikams\u00a0nuo 3 met\u0173 am\u017eiaus\u00a0.<br \/>\n&#8211; Rinkin\u012f sudaro\u00a071 detal\u0117\u00a0, \u012fskaitant magnetines plyteles, platformas su ratukais ir fig\u016br\u0117les.<br \/>\n&#8211; Kalad\u0117l\u0117s lengvai ir greitai sujungiamos\u00a0magnet\u0173 d\u0117ka<br \/>\n&#8211; Puikiai tinka\u00a0transporto priemoni\u0173 konstravimui\u00a0ir vaidmen\u0173 \u017eaidimams.<br \/>\n&#8211; Lavina\u00a0vaizduot\u0119 ir k\u016brybi\u0161kum\u0105\u00a0.<br \/>\n&#8211; Lipdukai su raid\u0117mis, daiktais ir gyv\u016bnais skatina vaiko vystym\u0105si.<br \/>\n&#8211; Atitinka\u00a0STEAM (mokslo, technologij\u0173, in\u017einerijos, men\u0173, matematikos) mokymosi\u00a0koncepcij\u0105 .<\/p>\n<p>Komplekt\u0101 ietilpst:<\/p>\n<p>&#8211; 44 magnetiniai elementai, \u012fskaitant\u00a0transporto priemon\u0117s va\u017eiuokl\u0119\u00a0.<br \/>\n&#8211; \u012evairios formos, spalvos ir grafika (pvz., pel\u0117).<br \/>\n&#8211; 27 dekoratyviniai elementai, tokie kaip langin\u0117s<br \/>\n&#8211; 2 lizdin\u0117s plok\u0161tel\u0117s su raid\u017ei\u0173, gyv\u016bn\u0173 ir daikt\u0173 lipdukais<br \/>\n&#8211; Instrukcijos<\/p>\n<p>Rota\u013clieta att\u012bst\u0101s:<\/p>\n<p>&#8211; K\u016brybi\u0161kumas\u00a0ir erdvin\u0117 vaizduot\u0117<br \/>\n&#8211; Dizaino \u012fg\u016bd\u017eiai\u00a0ir in\u017einerinis m\u0105stymas<br \/>\n&#8211; Aki\u0173 ir rank\u0173 koordinacija<\/p>","protected":false},"excerpt":{"rendered":"<p>Sukonstruokite savo spalving\u0105 traukin\u012f! \u0160is\u00a071 detal\u0117s\u00a0magnetinis \u201eWoopie\u201c konstruktoriaus\u00a0\u00a0rinkinys\u00a0yra\u00a0puikus\u00a0\u017eaislas norint sukurti \u012fvairias transporto priemones. Kalad\u0117l\u0117s jungiasi paprastai ir stebuklingai d\u0117ka\u00a0\u012fmontuot\u0173 magnet\u0173\u00a0.<\/p>","protected":false},"featured_media":75099,"template":"","meta":{"_acf_changed":false,"_glsr_average":0,"_glsr_ranking":0,"_glsr_reviews":0},"product_brand":[],"product_cat":[72,446,229],"product_tag":[],"class_list":{"0":"post-75097","1":"product","2":"type-product","3":"status-publish","4":"has-post-thumbnail","6":"product_cat-ispardavimas","7":"product_cat-konstruktoriai","8":"product_cat-zaislai-vaikams","9":"\"style=\"background-color: #2ecc711c;\"","11":"first","12":"instock","13":"sale","14":"purchasable","15":"product-type-simple"},"acf":[],"yoast_head":"<!-- This site is optimized with the Yoast SEO plugin v27.3 - https:\/\/yoast.com\/product\/yoast-seo-wordpress\/ -->\n<title>WOOPIE magnetini\u0173 3D kalad\u0117li\u0173 traukini\u0173 rinkinys, 71 vnt.<\/title>\n<meta name=\"description\" content=\"WOOPIE magnetini\u0173 3D kalad\u0117li\u0173 traukini\u0173 rinkinys, 71 vnt. - KidsPlay. Did\u017eiausias vaik\u0173 \u017eaisl\u0173 pasirinkimas.\" \/>\n<meta name=\"robots\" content=\"index, follow, max-snippet:-1, max-image-preview:large, max-video-preview:-1\" \/>\n<link rel=\"canonical\" href=\"https:\/\/kidsplay.lt\/lv\/products\/woopie-magnetinis-konstruktorius-3d-traukinukas-71-vnt\/\" \/>\n<meta property=\"og:locale\" content=\"lv_LV\" \/>\n<meta property=\"og:type\" content=\"article\" \/>\n<meta property=\"og:title\" content=\"WOOPIE magnetini\u0173 3D kalad\u0117li\u0173 traukini\u0173 rinkinys, 71 vnt.\" \/>\n<meta property=\"og:description\" content=\"WOOPIE magnetini\u0173 3D kalad\u0117li\u0173 traukini\u0173 rinkinys, 71 vnt. - KidsPlay. Did\u017eiausias vaik\u0173 \u017eaisl\u0173 pasirinkimas.\" \/>\n<meta property=\"og:url\" content=\"https:\/\/kidsplay.lt\/lv\/products\/woopie-magnetinis-konstruktorius-3d-traukinukas-71-vnt\/\" \/>\n<meta property=\"og:site_name\" content=\"KidsPlay\" \/>\n<meta property=\"article:publisher\" content=\"https:\/\/www.facebook.com\/www.kidsplay.lt\" \/>\n<meta property=\"article:modified_time\" content=\"2026-04-07T06:31:29+00:00\" \/>\n<meta property=\"og:image\" content=\"https:\/\/kidsplay.lt\/wp-content\/uploads\/2025\/10\/WOOPIE-magnetiniu-3D-kaladeliu-traukiniu-rinkinys-71-vnt.jpg\" \/>\n\t<meta property=\"og:image:width\" content=\"1000\" \/>\n\t<meta property=\"og:image:height\" content=\"1000\" \/>\n\t<meta property=\"og:image:type\" content=\"image\/jpeg\" \/>\n<meta name=\"twitter:card\" content=\"summary_large_image\" \/>\n<meta name=\"twitter:label1\" content=\"Est. reading time\" \/>\n\t<meta name=\"twitter:data1\" content=\"2 min\u016btes\" \/>\n<script type=\"application\/ld+json\" class=\"yoast-schema-graph\">{\"@context\":\"https:\\\/\\\/schema.org\",\"@graph\":[{\"@type\":\"WebPage\",\"@id\":\"https:\\\/\\\/kidsplay.lt\\\/produktas\\\/woopie-magnetinis-konstruktorius-3d-traukinukas-71-vnt\\\/\",\"url\":\"https:\\\/\\\/kidsplay.lt\\\/produktas\\\/woopie-magnetinis-konstruktorius-3d-traukinukas-71-vnt\\\/\",\"name\":\"WOOPIE magnetini\u0173 3D kalad\u0117li\u0173 traukini\u0173 rinkinys, 71 vnt.\",\"isPartOf\":{\"@id\":\"https:\\\/\\\/kidsplay.lt\\\/#website\"},\"primaryImageOfPage\":{\"@id\":\"https:\\\/\\\/kidsplay.lt\\\/produktas\\\/woopie-magnetinis-konstruktorius-3d-traukinukas-71-vnt\\\/#primaryimage\"},\"image\":{\"@id\":\"https:\\\/\\\/kidsplay.lt\\\/produktas\\\/woopie-magnetinis-konstruktorius-3d-traukinukas-71-vnt\\\/#primaryimage\"},\"thumbnailUrl\":\"https:\\\/\\\/kidsplay.lt\\\/wp-content\\\/uploads\\\/2025\\\/10\\\/WOOPIE-magnetiniu-3D-kaladeliu-traukiniu-rinkinys-71-vnt.jpg\",\"datePublished\":\"2025-10-07T12:54:31+00:00\",\"dateModified\":\"2026-04-07T06:31:29+00:00\",\"description\":\"WOOPIE magnetini\u0173 3D kalad\u0117li\u0173 traukini\u0173 rinkinys, 71 vnt. - KidsPlay. Did\u017eiausias vaik\u0173 \u017eaisl\u0173 pasirinkimas.\",\"breadcrumb\":{\"@id\":\"https:\\\/\\\/kidsplay.lt\\\/produktas\\\/woopie-magnetinis-konstruktorius-3d-traukinukas-71-vnt\\\/#breadcrumb\"},\"inLanguage\":\"lv-LV\",\"potentialAction\":[{\"@type\":\"ReadAction\",\"target\":[\"https:\\\/\\\/kidsplay.lt\\\/produktas\\\/woopie-magnetinis-konstruktorius-3d-traukinukas-71-vnt\\\/\"]}]},{\"@type\":\"ImageObject\",\"inLanguage\":\"lv-LV\",\"@id\":\"https:\\\/\\\/kidsplay.lt\\\/produktas\\\/woopie-magnetinis-konstruktorius-3d-traukinukas-71-vnt\\\/#primaryimage\",\"url\":\"https:\\\/\\\/kidsplay.lt\\\/wp-content\\\/uploads\\\/2025\\\/10\\\/WOOPIE-magnetiniu-3D-kaladeliu-traukiniu-rinkinys-71-vnt.jpg\",\"contentUrl\":\"https:\\\/\\\/kidsplay.lt\\\/wp-content\\\/uploads\\\/2025\\\/10\\\/WOOPIE-magnetiniu-3D-kaladeliu-traukiniu-rinkinys-71-vnt.jpg\",\"width\":1000,\"height\":1000,\"caption\":\"WOOPIE magnetini\u0173 3D kalad\u0117li\u0173 traukini\u0173 rinkinys\"},{\"@type\":\"BreadcrumbList\",\"@id\":\"https:\\\/\\\/kidsplay.lt\\\/produktas\\\/woopie-magnetinis-konstruktorius-3d-traukinukas-71-vnt\\\/#breadcrumb\",\"itemListElement\":[{\"@type\":\"ListItem\",\"position\":1,\"name\":\"Pagrindinis\",\"item\":\"https:\\\/\\\/kidsplay.lt\\\/\"},{\"@type\":\"ListItem\",\"position\":2,\"name\":\"Parduotuv\u0117\",\"item\":\"https:\\\/\\\/kidsplay.lt\\\/parduotuve\\\/\"},{\"@type\":\"ListItem\",\"position\":3,\"name\":\"WOOPIE magnetinis konstruktorius 3D traukinukas, 71 vnt.\"}]},{\"@type\":\"WebSite\",\"@id\":\"https:\\\/\\\/kidsplay.lt\\\/#website\",\"url\":\"https:\\\/\\\/kidsplay.lt\\\/\",\"name\":\"Kidsplay.lt\",\"description\":\"\u012evairios prek\u0117s vaikams\",\"publisher\":{\"@id\":\"https:\\\/\\\/kidsplay.lt\\\/#organization\"},\"alternateName\":\"Kidsplay\",\"potentialAction\":[{\"@type\":\"SearchAction\",\"target\":{\"@type\":\"EntryPoint\",\"urlTemplate\":\"https:\\\/\\\/kidsplay.lt\\\/?s={search_term_string}\"},\"query-input\":{\"@type\":\"PropertyValueSpecification\",\"valueRequired\":true,\"valueName\":\"search_term_string\"}}],\"inLanguage\":\"lv-LV\"},{\"@type\":\"Organization\",\"@id\":\"https:\\\/\\\/kidsplay.lt\\\/#organization\",\"name\":\"KidsPlay\",\"url\":\"https:\\\/\\\/kidsplay.lt\\\/\",\"logo\":{\"@type\":\"ImageObject\",\"inLanguage\":\"lv-LV\",\"@id\":\"https:\\\/\\\/kidsplay.lt\\\/#\\\/schema\\\/logo\\\/image\\\/\",\"url\":\"https:\\\/\\\/kidsplay.lt\\\/wp-content\\\/uploads\\\/2023\\\/07\\\/kidsplay-logo.png\",\"contentUrl\":\"https:\\\/\\\/kidsplay.lt\\\/wp-content\\\/uploads\\\/2023\\\/07\\\/kidsplay-logo.png\",\"width\":451,\"height\":98,\"caption\":\"KidsPlay\"},\"image\":{\"@id\":\"https:\\\/\\\/kidsplay.lt\\\/#\\\/schema\\\/logo\\\/image\\\/\"},\"sameAs\":[\"https:\\\/\\\/www.facebook.com\\\/www.kidsplay.lt\"]}]}<\/script>\n<!-- \/ Yoast SEO plugin. -->","yoast_head_json":{"title":"WOOPIE magnetini\u0173 3D kalad\u0117li\u0173 traukini\u0173 rinkinys, 71 vnt.","description":"WOOPIE magnetini\u0173 3D kalad\u0117li\u0173 traukini\u0173 rinkinys, 71 vnt. - KidsPlay. Did\u017eiausias vaik\u0173 \u017eaisl\u0173 pasirinkimas.","robots":{"index":"index","follow":"follow","max-snippet":"max-snippet:-1","max-image-preview":"max-image-preview:large","max-video-preview":"max-video-preview:-1"},"canonical":"https:\/\/kidsplay.lt\/lv\/products\/woopie-magnetinis-konstruktorius-3d-traukinukas-71-vnt\/","og_locale":"lv_LV","og_type":"article","og_title":"WOOPIE magnetini\u0173 3D kalad\u0117li\u0173 traukini\u0173 rinkinys, 71 vnt.","og_description":"WOOPIE magnetini\u0173 3D kalad\u0117li\u0173 traukini\u0173 rinkinys, 71 vnt. - KidsPlay. Did\u017eiausias vaik\u0173 \u017eaisl\u0173 pasirinkimas.","og_url":"https:\/\/kidsplay.lt\/lv\/products\/woopie-magnetinis-konstruktorius-3d-traukinukas-71-vnt\/","og_site_name":"KidsPlay","article_publisher":"https:\/\/www.facebook.com\/www.kidsplay.lt","article_modified_time":"2026-04-07T06:31:29+00:00","og_image":[{"width":1000,"height":1000,"url":"https:\/\/kidsplay.lt\/wp-content\/uploads\/2025\/10\/WOOPIE-magnetiniu-3D-kaladeliu-traukiniu-rinkinys-71-vnt.jpg","type":"image\/jpeg"}],"twitter_card":"summary_large_image","twitter_misc":{"Est. reading time":"2 min\u016btes"},"schema":{"@context":"https:\/\/schema.org","@graph":[{"@type":"WebPage","@id":"https:\/\/kidsplay.lt\/produktas\/woopie-magnetinis-konstruktorius-3d-traukinukas-71-vnt\/","url":"https:\/\/kidsplay.lt\/produktas\/woopie-magnetinis-konstruktorius-3d-traukinukas-71-vnt\/","name":"WOOPIE magnetini\u0173 3D kalad\u0117li\u0173 traukini\u0173 rinkinys, 71 vnt.","isPartOf":{"@id":"https:\/\/kidsplay.lt\/#website"},"primaryImageOfPage":{"@id":"https:\/\/kidsplay.lt\/produktas\/woopie-magnetinis-konstruktorius-3d-traukinukas-71-vnt\/#primaryimage"},"image":{"@id":"https:\/\/kidsplay.lt\/produktas\/woopie-magnetinis-konstruktorius-3d-traukinukas-71-vnt\/#primaryimage"},"thumbnailUrl":"https:\/\/kidsplay.lt\/wp-content\/uploads\/2025\/10\/WOOPIE-magnetiniu-3D-kaladeliu-traukiniu-rinkinys-71-vnt.jpg","datePublished":"2025-10-07T12:54:31+00:00","dateModified":"2026-04-07T06:31:29+00:00","description":"WOOPIE magnetini\u0173 3D kalad\u0117li\u0173 traukini\u0173 rinkinys, 71 vnt. - KidsPlay. Did\u017eiausias vaik\u0173 \u017eaisl\u0173 pasirinkimas.","breadcrumb":{"@id":"https:\/\/kidsplay.lt\/produktas\/woopie-magnetinis-konstruktorius-3d-traukinukas-71-vnt\/#breadcrumb"},"inLanguage":"lv-LV","potentialAction":[{"@type":"ReadAction","target":["https:\/\/kidsplay.lt\/produktas\/woopie-magnetinis-konstruktorius-3d-traukinukas-71-vnt\/"]}]},{"@type":"ImageObject","inLanguage":"lv-LV","@id":"https:\/\/kidsplay.lt\/produktas\/woopie-magnetinis-konstruktorius-3d-traukinukas-71-vnt\/#primaryimage","url":"https:\/\/kidsplay.lt\/wp-content\/uploads\/2025\/10\/WOOPIE-magnetiniu-3D-kaladeliu-traukiniu-rinkinys-71-vnt.jpg","contentUrl":"https:\/\/kidsplay.lt\/wp-content\/uploads\/2025\/10\/WOOPIE-magnetiniu-3D-kaladeliu-traukiniu-rinkinys-71-vnt.jpg","width":1000,"height":1000,"caption":"WOOPIE magnetini\u0173 3D kalad\u0117li\u0173 traukini\u0173 rinkinys"},{"@type":"BreadcrumbList","@id":"https:\/\/kidsplay.lt\/produktas\/woopie-magnetinis-konstruktorius-3d-traukinukas-71-vnt\/#breadcrumb","itemListElement":[{"@type":"ListItem","position":1,"name":"Pagrindinis","item":"https:\/\/kidsplay.lt\/"},{"@type":"ListItem","position":2,"name":"Parduotuv\u0117","item":"https:\/\/kidsplay.lt\/parduotuve\/"},{"@type":"ListItem","position":3,"name":"WOOPIE magnetinis konstruktorius 3D traukinukas, 71 vnt."}]},{"@type":"WebSite","@id":"https:\/\/kidsplay.lt\/#website","url":"https:\/\/kidsplay.lt\/","name":"B\u0113rnu sp\u0113les.lv","description":"\u012evairios prek\u0117s vaikams","publisher":{"@id":"https:\/\/kidsplay.lt\/#organization"},"alternateName":"Kidsplay","potentialAction":[{"@type":"SearchAction","target":{"@type":"EntryPoint","urlTemplate":"https:\/\/kidsplay.lt\/?s={search_term_string}"},"query-input":{"@type":"PropertyValueSpecification","valueRequired":true,"valueName":"search_term_string"}}],"inLanguage":"lv-LV"},{"@type":"Organization","@id":"https:\/\/kidsplay.lt\/#organization","name":"B\u0113rnu sp\u0113le","url":"https:\/\/kidsplay.lt\/","logo":{"@type":"ImageObject","inLanguage":"lv-LV","@id":"https:\/\/kidsplay.lt\/#\/schema\/logo\/image\/","url":"https:\/\/kidsplay.lt\/wp-content\/uploads\/2023\/07\/kidsplay-logo.png","contentUrl":"https:\/\/kidsplay.lt\/wp-content\/uploads\/2023\/07\/kidsplay-logo.png","width":451,"height":98,"caption":"KidsPlay"},"image":{"@id":"https:\/\/kidsplay.lt\/#\/schema\/logo\/image\/"},"sameAs":["https:\/\/www.facebook.com\/www.kidsplay.lt"]}]}},"_links":{"self":[{"href":"https:\/\/kidsplay.lt\/lv\/wp-json\/wp\/v2\/product\/75097","targetHints":{"allow":["GET"]}}],"collection":[{"href":"https:\/\/kidsplay.lt\/lv\/wp-json\/wp\/v2\/product"}],"about":[{"href":"https:\/\/kidsplay.lt\/lv\/wp-json\/wp\/v2\/types\/product"}],"version-history":[{"count":3,"href":"https:\/\/kidsplay.lt\/lv\/wp-json\/wp\/v2\/product\/75097\/revisions"}],"predecessor-version":[{"id":82845,"href":"https:\/\/kidsplay.lt\/lv\/wp-json\/wp\/v2\/product\/75097\/revisions\/82845"}],"wp:featuredmedia":[{"embeddable":true,"href":"https:\/\/kidsplay.lt\/lv\/wp-json\/wp\/v2\/media\/75099"}],"wp:attachment":[{"href":"https:\/\/kidsplay.lt\/lv\/wp-json\/wp\/v2\/media?parent=75097"}],"wp:term":[{"taxonomy":"product_brand","embeddable":true,"href":"https:\/\/kidsplay.lt\/lv\/wp-json\/wp\/v2\/product_brand?post=75097"},{"taxonomy":"product_cat","embeddable":true,"href":"https:\/\/kidsplay.lt\/lv\/wp-json\/wp\/v2\/product_cat?post=75097"},{"taxonomy":"product_tag","embeddable":true,"href":"https:\/\/kidsplay.lt\/lv\/wp-json\/wp\/v2\/product_tag?post=75097"}],"curies":[{"name":"wp","href":"https:\/\/api.w.org\/{rel}","templated":true}]}}