{"id":75132,"date":"2025-10-07T15:56:33","date_gmt":"2025-10-07T12:56:33","guid":{"rendered":"https:\/\/kidsplay.lt\/produktas\/woopie-royal-kudikio-lele-38-cm-su-priedais\/"},"modified":"2026-04-20T07:59:07","modified_gmt":"2026-04-20T04:59:07","slug":"woopie-royal-kudikio-lele-38-cm-su-priedais","status":"publish","type":"product","link":"https:\/\/kidsplay.lt\/lv\/products\/woopie-royal-kudikio-lele-38-cm-su-priedais\/","title":{"rendered":"WOOPIE ROYAL mazu\u013ca lelle 38 cm ar aksesu\u0101riem"},"content":{"rendered":"<p>Padovanokit\u0117s savo vaikams\u00a0ypatinga drauga, su kuriuo gal\u0117tu \u2192 \u017evaistis\u00a0ir mokytis r\u016bpintis, su \u201eWoopie\u201c prekybos \u017eenklo\u00a0l\u0117l\u0117 \u201eMa\u017eoji Mamyt\u0117\u201c\u00a0\u201e. Jos tikrovi\u0161ka i\u0161vaizda leis j\u016bs* ma\u017eyliui pasijusti tikra mama ar t\u0117\u010diu. L\u0117l\u0117 yra aprengta\u00a0\u017eavinga balta suknel\u0117s ir kepurait\u0117 , o rinkinyje jra kasdienei prie\u017ei\u016brai reikalingi aksuarai. Ji padeda vaikams lavinti vaizduota, moky\u010dio empatijos\u00a0ir\u00a0atsakomyb\u0117s.\u00a0Tai puiki dovana, kuri suteiks valand\u00eeas kurybi\u0161ko \u017eaidimo!<\/p>\n<p>B\u016bdingas\u00a0\u00a0<\/p>\n<p> \t&#8211; Realisti\u0161ka l\u0117l\u0117s i\u0161vaizda &#8211; matmenys:\u00a018 x 14 x 38 cm<br \/>\n \t&#8211; Patogu \u017evaistis ir glamon\u0117ti<br \/>\n \t&#8211; Auk\u0161tosios kokyb\u0117s darbas &#8211; vaiko saugos medienos<br \/>\n \t&#8211; Gra\u017ei balta suknel\u0117 ir skryb\u0117l\u0117<br \/>\n \t&#8211; Puiki dovanai pakuota<\/p>\n<p> \t&#8211; L\u0117l\u0117<br \/>\n \t&#8211; Balta suknel\u0117 ir skryb\u0117l\u0117<br \/>\n \t&#8211; Maitinimo buteliukas<br \/>\n \t&#8211; Spenelis<br \/>\n \t&#8211; Vystykliai<br \/>\n \t&#8211; Pried\u0173 laikra\u0161\u010dio kra\u0161tas<\/p>","protected":false},"excerpt":{"rendered":"<p>5906280656256<\/p>","protected":false},"featured_media":75134,"template":"","meta":{"_acf_changed":false,"_glsr_average":0,"_glsr_ranking":0,"_glsr_reviews":0},"product_brand":[],"product_cat":[443,229],"product_tag":[],"class_list":{"0":"post-75132","1":"product","2":"type-product","3":"status-publish","4":"has-post-thumbnail","6":"product_cat-leles-ir-priedai","7":"product_cat-zaislai-vaikams","8":"\"style=\"background-color: #2ecc711c;\"","10":"first","11":"instock","12":"purchasable","13":"product-type-simple"},"acf":[],"yoast_head":"<!-- This site is optimized with the Yoast SEO plugin v27.4 - https:\/\/yoast.com\/product\/yoast-seo-wordpress\/ -->\n<title>WOOPIE ROYAL k\u016bdikio l\u0117l\u0117 38 cm su priedais<\/title>\n<meta name=\"description\" content=\"WOOPIE ROYAL k\u016bdikio l\u0117l\u0117 38 cm su priedais - KidsPlay. Did\u017eiausias vaik\u0173 \u017eaisl\u0173 pasirinkimas.\" \/>\n<meta name=\"robots\" content=\"index, follow, max-snippet:-1, max-image-preview:large, max-video-preview:-1\" \/>\n<link rel=\"canonical\" href=\"https:\/\/kidsplay.lt\/lv\/products\/woopie-royal-kudikio-lele-38-cm-su-priedais\/\" \/>\n<meta property=\"og:locale\" content=\"lv_LV\" \/>\n<meta property=\"og:type\" content=\"article\" \/>\n<meta property=\"og:title\" content=\"WOOPIE ROYAL k\u016bdikio l\u0117l\u0117 38 cm su priedais\" \/>\n<meta property=\"og:description\" content=\"WOOPIE ROYAL k\u016bdikio l\u0117l\u0117 38 cm su priedais - KidsPlay. Did\u017eiausias vaik\u0173 \u017eaisl\u0173 pasirinkimas.\" \/>\n<meta property=\"og:url\" content=\"https:\/\/kidsplay.lt\/lv\/products\/woopie-royal-kudikio-lele-38-cm-su-priedais\/\" \/>\n<meta property=\"og:site_name\" content=\"KidsPlay\" \/>\n<meta property=\"article:publisher\" content=\"https:\/\/www.facebook.com\/www.kidsplay.lt\" \/>\n<meta property=\"article:modified_time\" content=\"2026-04-20T04:59:07+00:00\" \/>\n<meta property=\"og:image\" content=\"https:\/\/kidsplay.lt\/wp-content\/uploads\/2025\/10\/WOOPIE-ROYAL-kudikio-lele-38-cm-su-priedais.jpg\" \/>\n\t<meta property=\"og:image:width\" content=\"1000\" \/>\n\t<meta property=\"og:image:height\" content=\"1000\" \/>\n\t<meta property=\"og:image:type\" content=\"image\/jpeg\" \/>\n<meta name=\"twitter:card\" content=\"summary_large_image\" \/>\n<meta name=\"twitter:label1\" content=\"Est. reading time\" \/>\n\t<meta name=\"twitter:data1\" content=\"1 min\u016bte\" \/>\n<script type=\"application\/ld+json\" class=\"yoast-schema-graph\">{\"@context\":\"https:\\\/\\\/schema.org\",\"@graph\":[{\"@type\":\"WebPage\",\"@id\":\"https:\\\/\\\/kidsplay.lt\\\/produktas\\\/woopie-royal-kudikio-lele-38-cm-su-priedais\\\/\",\"url\":\"https:\\\/\\\/kidsplay.lt\\\/produktas\\\/woopie-royal-kudikio-lele-38-cm-su-priedais\\\/\",\"name\":\"WOOPIE ROYAL k\u016bdikio l\u0117l\u0117 38 cm su priedais\",\"isPartOf\":{\"@id\":\"https:\\\/\\\/kidsplay.lt\\\/#website\"},\"primaryImageOfPage\":{\"@id\":\"https:\\\/\\\/kidsplay.lt\\\/produktas\\\/woopie-royal-kudikio-lele-38-cm-su-priedais\\\/#primaryimage\"},\"image\":{\"@id\":\"https:\\\/\\\/kidsplay.lt\\\/produktas\\\/woopie-royal-kudikio-lele-38-cm-su-priedais\\\/#primaryimage\"},\"thumbnailUrl\":\"https:\\\/\\\/kidsplay.lt\\\/wp-content\\\/uploads\\\/2025\\\/10\\\/WOOPIE-ROYAL-kudikio-lele-38-cm-su-priedais.jpg\",\"datePublished\":\"2025-10-07T12:56:33+00:00\",\"dateModified\":\"2026-04-20T04:59:07+00:00\",\"description\":\"WOOPIE ROYAL k\u016bdikio l\u0117l\u0117 38 cm su priedais - KidsPlay. Did\u017eiausias vaik\u0173 \u017eaisl\u0173 pasirinkimas.\",\"breadcrumb\":{\"@id\":\"https:\\\/\\\/kidsplay.lt\\\/produktas\\\/woopie-royal-kudikio-lele-38-cm-su-priedais\\\/#breadcrumb\"},\"inLanguage\":\"lv-LV\",\"potentialAction\":[{\"@type\":\"ReadAction\",\"target\":[\"https:\\\/\\\/kidsplay.lt\\\/produktas\\\/woopie-royal-kudikio-lele-38-cm-su-priedais\\\/\"]}]},{\"@type\":\"ImageObject\",\"inLanguage\":\"lv-LV\",\"@id\":\"https:\\\/\\\/kidsplay.lt\\\/produktas\\\/woopie-royal-kudikio-lele-38-cm-su-priedais\\\/#primaryimage\",\"url\":\"https:\\\/\\\/kidsplay.lt\\\/wp-content\\\/uploads\\\/2025\\\/10\\\/WOOPIE-ROYAL-kudikio-lele-38-cm-su-priedais.jpg\",\"contentUrl\":\"https:\\\/\\\/kidsplay.lt\\\/wp-content\\\/uploads\\\/2025\\\/10\\\/WOOPIE-ROYAL-kudikio-lele-38-cm-su-priedais.jpg\",\"width\":1000,\"height\":1000,\"caption\":\"WOOPIE ROYAL k\u016bdikio l\u0117l\u0117 38 cm su priedais\"},{\"@type\":\"BreadcrumbList\",\"@id\":\"https:\\\/\\\/kidsplay.lt\\\/produktas\\\/woopie-royal-kudikio-lele-38-cm-su-priedais\\\/#breadcrumb\",\"itemListElement\":[{\"@type\":\"ListItem\",\"position\":1,\"name\":\"Pagrindinis\",\"item\":\"https:\\\/\\\/kidsplay.lt\\\/\"},{\"@type\":\"ListItem\",\"position\":2,\"name\":\"Parduotuv\u0117\",\"item\":\"https:\\\/\\\/kidsplay.lt\\\/parduotuve\\\/\"},{\"@type\":\"ListItem\",\"position\":3,\"name\":\"WOOPIE ROYAL k\u016bdikio l\u0117l\u0117 38 cm su priedais\"}]},{\"@type\":\"WebSite\",\"@id\":\"https:\\\/\\\/kidsplay.lt\\\/#website\",\"url\":\"https:\\\/\\\/kidsplay.lt\\\/\",\"name\":\"Kidsplay.lt\",\"description\":\"\u012evairios prek\u0117s vaikams\",\"publisher\":{\"@id\":\"https:\\\/\\\/kidsplay.lt\\\/#organization\"},\"alternateName\":\"Kidsplay\",\"potentialAction\":[{\"@type\":\"SearchAction\",\"target\":{\"@type\":\"EntryPoint\",\"urlTemplate\":\"https:\\\/\\\/kidsplay.lt\\\/?s={search_term_string}\"},\"query-input\":{\"@type\":\"PropertyValueSpecification\",\"valueRequired\":true,\"valueName\":\"search_term_string\"}}],\"inLanguage\":\"lv-LV\"},{\"@type\":\"Organization\",\"@id\":\"https:\\\/\\\/kidsplay.lt\\\/#organization\",\"name\":\"KidsPlay\",\"url\":\"https:\\\/\\\/kidsplay.lt\\\/\",\"logo\":{\"@type\":\"ImageObject\",\"inLanguage\":\"lv-LV\",\"@id\":\"https:\\\/\\\/kidsplay.lt\\\/#\\\/schema\\\/logo\\\/image\\\/\",\"url\":\"https:\\\/\\\/kidsplay.lt\\\/wp-content\\\/uploads\\\/2023\\\/07\\\/kidsplay-logo.png\",\"contentUrl\":\"https:\\\/\\\/kidsplay.lt\\\/wp-content\\\/uploads\\\/2023\\\/07\\\/kidsplay-logo.png\",\"width\":451,\"height\":98,\"caption\":\"KidsPlay\"},\"image\":{\"@id\":\"https:\\\/\\\/kidsplay.lt\\\/#\\\/schema\\\/logo\\\/image\\\/\"},\"sameAs\":[\"https:\\\/\\\/www.facebook.com\\\/www.kidsplay.lt\"]}]}<\/script>\n<!-- \/ Yoast SEO plugin. -->","yoast_head_json":{"title":"WOOPIE ROYAL mazu\u013ca lelle 38 cm ar aksesu\u0101riem","description":"WOOPIE ROYAL k\u016bdikio l\u0117l\u0117 38 cm su priedais - KidsPlay. Did\u017eiausias vaik\u0173 \u017eaisl\u0173 pasirinkimas.","robots":{"index":"index","follow":"follow","max-snippet":"max-snippet:-1","max-image-preview":"max-image-preview:large","max-video-preview":"max-video-preview:-1"},"canonical":"https:\/\/kidsplay.lt\/lv\/products\/woopie-royal-kudikio-lele-38-cm-su-priedais\/","og_locale":"lv_LV","og_type":"article","og_title":"WOOPIE ROYAL k\u016bdikio l\u0117l\u0117 38 cm su priedais","og_description":"WOOPIE ROYAL k\u016bdikio l\u0117l\u0117 38 cm su priedais - KidsPlay. Did\u017eiausias vaik\u0173 \u017eaisl\u0173 pasirinkimas.","og_url":"https:\/\/kidsplay.lt\/lv\/products\/woopie-royal-kudikio-lele-38-cm-su-priedais\/","og_site_name":"KidsPlay","article_publisher":"https:\/\/www.facebook.com\/www.kidsplay.lt","article_modified_time":"2026-04-20T04:59:07+00:00","og_image":[{"width":1000,"height":1000,"url":"https:\/\/kidsplay.lt\/wp-content\/uploads\/2025\/10\/WOOPIE-ROYAL-kudikio-lele-38-cm-su-priedais.jpg","type":"image\/jpeg"}],"twitter_card":"summary_large_image","twitter_misc":{"Est. reading time":"1 min\u016bte"},"schema":{"@context":"https:\/\/schema.org","@graph":[{"@type":"WebPage","@id":"https:\/\/kidsplay.lt\/produktas\/woopie-royal-kudikio-lele-38-cm-su-priedais\/","url":"https:\/\/kidsplay.lt\/produktas\/woopie-royal-kudikio-lele-38-cm-su-priedais\/","name":"WOOPIE ROYAL mazu\u013ca lelle 38 cm ar aksesu\u0101riem","isPartOf":{"@id":"https:\/\/kidsplay.lt\/#website"},"primaryImageOfPage":{"@id":"https:\/\/kidsplay.lt\/produktas\/woopie-royal-kudikio-lele-38-cm-su-priedais\/#primaryimage"},"image":{"@id":"https:\/\/kidsplay.lt\/produktas\/woopie-royal-kudikio-lele-38-cm-su-priedais\/#primaryimage"},"thumbnailUrl":"https:\/\/kidsplay.lt\/wp-content\/uploads\/2025\/10\/WOOPIE-ROYAL-kudikio-lele-38-cm-su-priedais.jpg","datePublished":"2025-10-07T12:56:33+00:00","dateModified":"2026-04-20T04:59:07+00:00","description":"WOOPIE ROYAL k\u016bdikio l\u0117l\u0117 38 cm su priedais - KidsPlay. Did\u017eiausias vaik\u0173 \u017eaisl\u0173 pasirinkimas.","breadcrumb":{"@id":"https:\/\/kidsplay.lt\/produktas\/woopie-royal-kudikio-lele-38-cm-su-priedais\/#breadcrumb"},"inLanguage":"lv-LV","potentialAction":[{"@type":"ReadAction","target":["https:\/\/kidsplay.lt\/produktas\/woopie-royal-kudikio-lele-38-cm-su-priedais\/"]}]},{"@type":"ImageObject","inLanguage":"lv-LV","@id":"https:\/\/kidsplay.lt\/produktas\/woopie-royal-kudikio-lele-38-cm-su-priedais\/#primaryimage","url":"https:\/\/kidsplay.lt\/wp-content\/uploads\/2025\/10\/WOOPIE-ROYAL-kudikio-lele-38-cm-su-priedais.jpg","contentUrl":"https:\/\/kidsplay.lt\/wp-content\/uploads\/2025\/10\/WOOPIE-ROYAL-kudikio-lele-38-cm-su-priedais.jpg","width":1000,"height":1000,"caption":"WOOPIE ROYAL k\u016bdikio l\u0117l\u0117 38 cm su priedais"},{"@type":"BreadcrumbList","@id":"https:\/\/kidsplay.lt\/produktas\/woopie-royal-kudikio-lele-38-cm-su-priedais\/#breadcrumb","itemListElement":[{"@type":"ListItem","position":1,"name":"Pagrindinis","item":"https:\/\/kidsplay.lt\/"},{"@type":"ListItem","position":2,"name":"Parduotuv\u0117","item":"https:\/\/kidsplay.lt\/parduotuve\/"},{"@type":"ListItem","position":3,"name":"WOOPIE ROYAL k\u016bdikio l\u0117l\u0117 38 cm su priedais"}]},{"@type":"WebSite","@id":"https:\/\/kidsplay.lt\/#website","url":"https:\/\/kidsplay.lt\/","name":"B\u0113rnu sp\u0113les.lv","description":"\u012evairios prek\u0117s vaikams","publisher":{"@id":"https:\/\/kidsplay.lt\/#organization"},"alternateName":"Kidsplay","potentialAction":[{"@type":"SearchAction","target":{"@type":"EntryPoint","urlTemplate":"https:\/\/kidsplay.lt\/?s={search_term_string}"},"query-input":{"@type":"PropertyValueSpecification","valueRequired":true,"valueName":"search_term_string"}}],"inLanguage":"lv-LV"},{"@type":"Organization","@id":"https:\/\/kidsplay.lt\/#organization","name":"B\u0113rnu sp\u0113le","url":"https:\/\/kidsplay.lt\/","logo":{"@type":"ImageObject","inLanguage":"lv-LV","@id":"https:\/\/kidsplay.lt\/#\/schema\/logo\/image\/","url":"https:\/\/kidsplay.lt\/wp-content\/uploads\/2023\/07\/kidsplay-logo.png","contentUrl":"https:\/\/kidsplay.lt\/wp-content\/uploads\/2023\/07\/kidsplay-logo.png","width":451,"height":98,"caption":"KidsPlay"},"image":{"@id":"https:\/\/kidsplay.lt\/#\/schema\/logo\/image\/"},"sameAs":["https:\/\/www.facebook.com\/www.kidsplay.lt"]}]}},"_links":{"self":[{"href":"https:\/\/kidsplay.lt\/lv\/wp-json\/wp\/v2\/product\/75132","targetHints":{"allow":["GET"]}}],"collection":[{"href":"https:\/\/kidsplay.lt\/lv\/wp-json\/wp\/v2\/product"}],"about":[{"href":"https:\/\/kidsplay.lt\/lv\/wp-json\/wp\/v2\/types\/product"}],"version-history":[{"count":2,"href":"https:\/\/kidsplay.lt\/lv\/wp-json\/wp\/v2\/product\/75132\/revisions"}],"predecessor-version":[{"id":75559,"href":"https:\/\/kidsplay.lt\/lv\/wp-json\/wp\/v2\/product\/75132\/revisions\/75559"}],"wp:featuredmedia":[{"embeddable":true,"href":"https:\/\/kidsplay.lt\/lv\/wp-json\/wp\/v2\/media\/75134"}],"wp:attachment":[{"href":"https:\/\/kidsplay.lt\/lv\/wp-json\/wp\/v2\/media?parent=75132"}],"wp:term":[{"taxonomy":"product_brand","embeddable":true,"href":"https:\/\/kidsplay.lt\/lv\/wp-json\/wp\/v2\/product_brand?post=75132"},{"taxonomy":"product_cat","embeddable":true,"href":"https:\/\/kidsplay.lt\/lv\/wp-json\/wp\/v2\/product_cat?post=75132"},{"taxonomy":"product_tag","embeddable":true,"href":"https:\/\/kidsplay.lt\/lv\/wp-json\/wp\/v2\/product_tag?post=75132"}],"curies":[{"name":"wp","href":"https:\/\/api.w.org\/{rel}","templated":true}]}}