{"id":75146,"date":"2025-10-07T15:57:33","date_gmt":"2025-10-07T12:57:33","guid":{"rendered":"https:\/\/kidsplay.lt\/produktas\/masterkidz-lentina-ant-ratuku-3-lentinos-stem-lentos-priedams-800a-x-800i\/"},"modified":"2026-04-20T07:59:48","modified_gmt":"2026-04-20T04:59:48","slug":"masterkidz-lentyna-ant-ratuku-3-lentynos-stem-lentos-priedams-800a-x-800i","status":"publish","type":"product","link":"https:\/\/kidsplay.lt\/lv\/products\/masterkidz-lentyna-ant-ratuku-3-lentynos-stem-lentos-priedams-800a-x-800i\/","title":{"rendered":"MASTERKIDZ plaukts uz rite\u0146iem \u2013 3 plaukti STEM t\u0101feles piederumiem, 800A x 800I"},"content":{"rendered":"<p>Mobil\u0101 plauktu sist\u0113ma uz rite\u0146iem \u041c\u0415\u042029959 ir moderns un iztur\u012bgs papildin\u0101jums jebkurai klasei. T\u0101 ir izstr\u0101d\u0101ta, dom\u0101jot par jaun\u0101ko lietot\u0101ju \u0113rt\u012bb\u0101m, un \u013cauj \u0113rti uzglab\u0101t un organiz\u0113t mazus un vid\u0113ja izm\u0113ra priek\u0161metus, piem\u0113ram, skr\u016bves, uzgrie\u017e\u0146us un d\u012bbe\u013cus. T\u0101s elegantais dizains un funkcionalit\u0101te padara to ide\u0101li piem\u0113rotu jebkurai m\u0101c\u012bbu telpai, veicinot b\u0113rnu patst\u0101v\u012bbu un rado\u0161umu stundu laik\u0101.<\/p>\n<p>Rakstur\u012bgs:<\/p>\n<p> \t\u00a0Izgatavots no augstas kvalit\u0101tes medic\u012bnisk\u0101 materi\u0101la<br \/>\n \t\u00a0\u00b7 Apr\u012bkots ar blo\u0137\u0113jamiem riten\u012b\u0161iem, kas atvieglo p\u0101rvieto\u0161anu un dro\u0161u novieto\u0161anu izv\u0113l\u0113taj\u0101 viet\u0101.<br \/>\n \t\u00a0Piel\u0101gots b\u0113rna augumam, dodot vi\u0146am br\u012bv\u012bbu piek\u013c\u016bt visam, kas atrodas uz visiem plauktiem.<br \/>\n \t\u00a0Noliecoties uz priek\u0161u, tie \u013cauj viegli un \u0101tri apskat\u012bt un atlas\u012bt nepiecie\u0161am\u0101s preces.<br \/>\n \t\u00a0Sader\u012bgs ar Masterkidz akrila traukiem<\/p>","protected":false},"excerpt":{"rendered":"<p>6955920029959<\/p>","protected":false},"featured_media":75148,"template":"","meta":{"_acf_changed":false,"_glsr_average":0,"_glsr_ranking":0,"_glsr_reviews":0},"product_brand":[],"product_cat":[673,229],"product_tag":[],"class_list":{"0":"post-75146","1":"product","2":"type-product","3":"status-publish","4":"has-post-thumbnail","6":"product_cat-ugdomosios-priemones","7":"product_cat-zaislai-vaikams","8":"\"style=\"background-color: #2ecc711c;\"","10":"first","11":"instock","12":"purchasable","13":"product-type-simple"},"acf":[],"yoast_head":"<!-- This site is optimized with the Yoast SEO plugin v27.4 - https:\/\/yoast.com\/product\/yoast-seo-wordpress\/ -->\n<title>MASTERKIDZ lentina ant ratuku \u2013 3 lentinos STEM lentos priedams, 800A x 800I<\/title>\n<meta name=\"description\" content=\"MASTERKIDZ lentina ant ratuku \u2013 3 lentinos STEM lentos priedams, 800A x 800I - KidsPlay. Did\u017eiausias vaik\u0173 \u017eaisl\u0173 pasirinkimas.\" \/>\n<meta name=\"robots\" content=\"index, follow, max-snippet:-1, max-image-preview:large, max-video-preview:-1\" \/>\n<link rel=\"canonical\" href=\"https:\/\/kidsplay.lt\/lv\/products\/masterkidz-lentyna-ant-ratuku-3-lentynos-stem-lentos-priedams-800a-x-800i\/\" \/>\n<meta property=\"og:locale\" content=\"lv_LV\" \/>\n<meta property=\"og:type\" content=\"article\" \/>\n<meta property=\"og:title\" content=\"MASTERKIDZ lentina ant ratuku \u2013 3 lentinos STEM lentos priedams, 800A x 800I\" \/>\n<meta property=\"og:description\" content=\"MASTERKIDZ lentina ant ratuku \u2013 3 lentinos STEM lentos priedams, 800A x 800I - KidsPlay. Did\u017eiausias vaik\u0173 \u017eaisl\u0173 pasirinkimas.\" \/>\n<meta property=\"og:url\" content=\"https:\/\/kidsplay.lt\/lv\/products\/masterkidz-lentyna-ant-ratuku-3-lentynos-stem-lentos-priedams-800a-x-800i\/\" \/>\n<meta property=\"og:site_name\" content=\"KidsPlay\" \/>\n<meta property=\"article:publisher\" content=\"https:\/\/www.facebook.com\/www.kidsplay.lt\" \/>\n<meta property=\"article:modified_time\" content=\"2026-04-20T04:59:48+00:00\" \/>\n<meta property=\"og:image\" content=\"https:\/\/kidsplay.lt\/wp-content\/uploads\/2025\/10\/MASTERKIDZ-lentina-ant-ratuku-\u2013-3-lentinos-STEM-lentos-priedams-800A-x-800I.jpg\" \/>\n\t<meta property=\"og:image:width\" content=\"2560\" \/>\n\t<meta property=\"og:image:height\" content=\"2558\" \/>\n\t<meta property=\"og:image:type\" content=\"image\/jpeg\" \/>\n<meta name=\"twitter:card\" content=\"summary_large_image\" \/>\n<meta name=\"twitter:label1\" content=\"Est. reading time\" \/>\n\t<meta name=\"twitter:data1\" content=\"1 min\u016bte\" \/>\n<script type=\"application\/ld+json\" class=\"yoast-schema-graph\">{\"@context\":\"https:\\\/\\\/schema.org\",\"@graph\":[{\"@type\":\"WebPage\",\"@id\":\"https:\\\/\\\/kidsplay.lt\\\/produktas\\\/masterkidz-lentyna-ant-ratuku-3-lentynos-stem-lentos-priedams-800a-x-800i\\\/\",\"url\":\"https:\\\/\\\/kidsplay.lt\\\/produktas\\\/masterkidz-lentyna-ant-ratuku-3-lentynos-stem-lentos-priedams-800a-x-800i\\\/\",\"name\":\"MASTERKIDZ lentina ant ratuku \u2013 3 lentinos STEM lentos priedams, 800A x 800I\",\"isPartOf\":{\"@id\":\"https:\\\/\\\/kidsplay.lt\\\/#website\"},\"primaryImageOfPage\":{\"@id\":\"https:\\\/\\\/kidsplay.lt\\\/produktas\\\/masterkidz-lentyna-ant-ratuku-3-lentynos-stem-lentos-priedams-800a-x-800i\\\/#primaryimage\"},\"image\":{\"@id\":\"https:\\\/\\\/kidsplay.lt\\\/produktas\\\/masterkidz-lentyna-ant-ratuku-3-lentynos-stem-lentos-priedams-800a-x-800i\\\/#primaryimage\"},\"thumbnailUrl\":\"https:\\\/\\\/kidsplay.lt\\\/wp-content\\\/uploads\\\/2025\\\/10\\\/MASTERKIDZ-lentina-ant-ratuku-\u2013-3-lentinos-STEM-lentos-priedams-800A-x-800I.jpg\",\"datePublished\":\"2025-10-07T12:57:33+00:00\",\"dateModified\":\"2026-04-20T04:59:48+00:00\",\"description\":\"MASTERKIDZ lentina ant ratuku \u2013 3 lentinos STEM lentos priedams, 800A x 800I - KidsPlay. Did\u017eiausias vaik\u0173 \u017eaisl\u0173 pasirinkimas.\",\"breadcrumb\":{\"@id\":\"https:\\\/\\\/kidsplay.lt\\\/produktas\\\/masterkidz-lentyna-ant-ratuku-3-lentynos-stem-lentos-priedams-800a-x-800i\\\/#breadcrumb\"},\"inLanguage\":\"lv-LV\",\"potentialAction\":[{\"@type\":\"ReadAction\",\"target\":[\"https:\\\/\\\/kidsplay.lt\\\/produktas\\\/masterkidz-lentyna-ant-ratuku-3-lentynos-stem-lentos-priedams-800a-x-800i\\\/\"]}]},{\"@type\":\"ImageObject\",\"inLanguage\":\"lv-LV\",\"@id\":\"https:\\\/\\\/kidsplay.lt\\\/produktas\\\/masterkidz-lentyna-ant-ratuku-3-lentynos-stem-lentos-priedams-800a-x-800i\\\/#primaryimage\",\"url\":\"https:\\\/\\\/kidsplay.lt\\\/wp-content\\\/uploads\\\/2025\\\/10\\\/MASTERKIDZ-lentina-ant-ratuku-\u2013-3-lentinos-STEM-lentos-priedams-800A-x-800I.jpg\",\"contentUrl\":\"https:\\\/\\\/kidsplay.lt\\\/wp-content\\\/uploads\\\/2025\\\/10\\\/MASTERKIDZ-lentina-ant-ratuku-\u2013-3-lentinos-STEM-lentos-priedams-800A-x-800I.jpg\",\"width\":2560,\"height\":2558,\"caption\":\"MASTERKIDZ lentina ant ratuku \u2013 3 lentinos STEM lentos priedams\"},{\"@type\":\"BreadcrumbList\",\"@id\":\"https:\\\/\\\/kidsplay.lt\\\/produktas\\\/masterkidz-lentyna-ant-ratuku-3-lentynos-stem-lentos-priedams-800a-x-800i\\\/#breadcrumb\",\"itemListElement\":[{\"@type\":\"ListItem\",\"position\":1,\"name\":\"Pagrindinis\",\"item\":\"https:\\\/\\\/kidsplay.lt\\\/\"},{\"@type\":\"ListItem\",\"position\":2,\"name\":\"Parduotuv\u0117\",\"item\":\"https:\\\/\\\/kidsplay.lt\\\/parduotuve\\\/\"},{\"@type\":\"ListItem\",\"position\":3,\"name\":\"MASTERKIDZ lentyna ant ratuku \u2013 3 lentynos STEM lentos priedams, 800A x 800I\"}]},{\"@type\":\"WebSite\",\"@id\":\"https:\\\/\\\/kidsplay.lt\\\/#website\",\"url\":\"https:\\\/\\\/kidsplay.lt\\\/\",\"name\":\"Kidsplay.lt\",\"description\":\"\u012evairios prek\u0117s vaikams\",\"publisher\":{\"@id\":\"https:\\\/\\\/kidsplay.lt\\\/#organization\"},\"alternateName\":\"Kidsplay\",\"potentialAction\":[{\"@type\":\"SearchAction\",\"target\":{\"@type\":\"EntryPoint\",\"urlTemplate\":\"https:\\\/\\\/kidsplay.lt\\\/?s={search_term_string}\"},\"query-input\":{\"@type\":\"PropertyValueSpecification\",\"valueRequired\":true,\"valueName\":\"search_term_string\"}}],\"inLanguage\":\"lv-LV\"},{\"@type\":\"Organization\",\"@id\":\"https:\\\/\\\/kidsplay.lt\\\/#organization\",\"name\":\"KidsPlay\",\"url\":\"https:\\\/\\\/kidsplay.lt\\\/\",\"logo\":{\"@type\":\"ImageObject\",\"inLanguage\":\"lv-LV\",\"@id\":\"https:\\\/\\\/kidsplay.lt\\\/#\\\/schema\\\/logo\\\/image\\\/\",\"url\":\"https:\\\/\\\/kidsplay.lt\\\/wp-content\\\/uploads\\\/2023\\\/07\\\/kidsplay-logo.png\",\"contentUrl\":\"https:\\\/\\\/kidsplay.lt\\\/wp-content\\\/uploads\\\/2023\\\/07\\\/kidsplay-logo.png\",\"width\":451,\"height\":98,\"caption\":\"KidsPlay\"},\"image\":{\"@id\":\"https:\\\/\\\/kidsplay.lt\\\/#\\\/schema\\\/logo\\\/image\\\/\"},\"sameAs\":[\"https:\\\/\\\/www.facebook.com\\\/www.kidsplay.lt\"]}]}<\/script>\n<!-- \/ Yoast SEO plugin. -->","yoast_head_json":{"title":"MASTERKIDZ lentina ant ratuku \u2013 3 lentinos STEM lentos priedams, 800A x 800I","description":"MASTERKIDZ lentina ant ratuku \u2013 3 lentinos STEM lentos priedams, 800A x 800I - KidsPlay. Did\u017eiausias vaik\u0173 \u017eaisl\u0173 pasirinkimas.","robots":{"index":"index","follow":"follow","max-snippet":"max-snippet:-1","max-image-preview":"max-image-preview:large","max-video-preview":"max-video-preview:-1"},"canonical":"https:\/\/kidsplay.lt\/lv\/products\/masterkidz-lentyna-ant-ratuku-3-lentynos-stem-lentos-priedams-800a-x-800i\/","og_locale":"lv_LV","og_type":"article","og_title":"MASTERKIDZ lentina ant ratuku \u2013 3 lentinos STEM lentos priedams, 800A x 800I","og_description":"MASTERKIDZ lentina ant ratuku \u2013 3 lentinos STEM lentos priedams, 800A x 800I - KidsPlay. Did\u017eiausias vaik\u0173 \u017eaisl\u0173 pasirinkimas.","og_url":"https:\/\/kidsplay.lt\/lv\/products\/masterkidz-lentyna-ant-ratuku-3-lentynos-stem-lentos-priedams-800a-x-800i\/","og_site_name":"KidsPlay","article_publisher":"https:\/\/www.facebook.com\/www.kidsplay.lt","article_modified_time":"2026-04-20T04:59:48+00:00","og_image":[{"width":2560,"height":2558,"url":"https:\/\/kidsplay.lt\/wp-content\/uploads\/2025\/10\/MASTERKIDZ-lentina-ant-ratuku-\u2013-3-lentinos-STEM-lentos-priedams-800A-x-800I.jpg","type":"image\/jpeg"}],"twitter_card":"summary_large_image","twitter_misc":{"Est. reading time":"1 min\u016bte"},"schema":{"@context":"https:\/\/schema.org","@graph":[{"@type":"WebPage","@id":"https:\/\/kidsplay.lt\/produktas\/masterkidz-lentyna-ant-ratuku-3-lentynos-stem-lentos-priedams-800a-x-800i\/","url":"https:\/\/kidsplay.lt\/produktas\/masterkidz-lentyna-ant-ratuku-3-lentynos-stem-lentos-priedams-800a-x-800i\/","name":"MASTERKIDZ lentina ant ratuku \u2013 3 lentinos STEM lentos priedams, 800A x 800I","isPartOf":{"@id":"https:\/\/kidsplay.lt\/#website"},"primaryImageOfPage":{"@id":"https:\/\/kidsplay.lt\/produktas\/masterkidz-lentyna-ant-ratuku-3-lentynos-stem-lentos-priedams-800a-x-800i\/#primaryimage"},"image":{"@id":"https:\/\/kidsplay.lt\/produktas\/masterkidz-lentyna-ant-ratuku-3-lentynos-stem-lentos-priedams-800a-x-800i\/#primaryimage"},"thumbnailUrl":"https:\/\/kidsplay.lt\/wp-content\/uploads\/2025\/10\/MASTERKIDZ-lentina-ant-ratuku-\u2013-3-lentinos-STEM-lentos-priedams-800A-x-800I.jpg","datePublished":"2025-10-07T12:57:33+00:00","dateModified":"2026-04-20T04:59:48+00:00","description":"MASTERKIDZ lentina ant ratuku \u2013 3 lentinos STEM lentos priedams, 800A x 800I - KidsPlay. Did\u017eiausias vaik\u0173 \u017eaisl\u0173 pasirinkimas.","breadcrumb":{"@id":"https:\/\/kidsplay.lt\/produktas\/masterkidz-lentyna-ant-ratuku-3-lentynos-stem-lentos-priedams-800a-x-800i\/#breadcrumb"},"inLanguage":"lv-LV","potentialAction":[{"@type":"ReadAction","target":["https:\/\/kidsplay.lt\/produktas\/masterkidz-lentyna-ant-ratuku-3-lentynos-stem-lentos-priedams-800a-x-800i\/"]}]},{"@type":"ImageObject","inLanguage":"lv-LV","@id":"https:\/\/kidsplay.lt\/produktas\/masterkidz-lentyna-ant-ratuku-3-lentynos-stem-lentos-priedams-800a-x-800i\/#primaryimage","url":"https:\/\/kidsplay.lt\/wp-content\/uploads\/2025\/10\/MASTERKIDZ-lentina-ant-ratuku-\u2013-3-lentinos-STEM-lentos-priedams-800A-x-800I.jpg","contentUrl":"https:\/\/kidsplay.lt\/wp-content\/uploads\/2025\/10\/MASTERKIDZ-lentina-ant-ratuku-\u2013-3-lentinos-STEM-lentos-priedams-800A-x-800I.jpg","width":2560,"height":2558,"caption":"MASTERKIDZ lentina ant ratuku \u2013 3 lentinos STEM lentos priedams"},{"@type":"BreadcrumbList","@id":"https:\/\/kidsplay.lt\/produktas\/masterkidz-lentyna-ant-ratuku-3-lentynos-stem-lentos-priedams-800a-x-800i\/#breadcrumb","itemListElement":[{"@type":"ListItem","position":1,"name":"Pagrindinis","item":"https:\/\/kidsplay.lt\/"},{"@type":"ListItem","position":2,"name":"Parduotuv\u0117","item":"https:\/\/kidsplay.lt\/parduotuve\/"},{"@type":"ListItem","position":3,"name":"MASTERKIDZ lentyna ant ratuku \u2013 3 lentynos STEM lentos priedams, 800A x 800I"}]},{"@type":"WebSite","@id":"https:\/\/kidsplay.lt\/#website","url":"https:\/\/kidsplay.lt\/","name":"B\u0113rnu sp\u0113les.lv","description":"\u012evairios prek\u0117s vaikams","publisher":{"@id":"https:\/\/kidsplay.lt\/#organization"},"alternateName":"Kidsplay","potentialAction":[{"@type":"SearchAction","target":{"@type":"EntryPoint","urlTemplate":"https:\/\/kidsplay.lt\/?s={search_term_string}"},"query-input":{"@type":"PropertyValueSpecification","valueRequired":true,"valueName":"search_term_string"}}],"inLanguage":"lv-LV"},{"@type":"Organization","@id":"https:\/\/kidsplay.lt\/#organization","name":"B\u0113rnu sp\u0113le","url":"https:\/\/kidsplay.lt\/","logo":{"@type":"ImageObject","inLanguage":"lv-LV","@id":"https:\/\/kidsplay.lt\/#\/schema\/logo\/image\/","url":"https:\/\/kidsplay.lt\/wp-content\/uploads\/2023\/07\/kidsplay-logo.png","contentUrl":"https:\/\/kidsplay.lt\/wp-content\/uploads\/2023\/07\/kidsplay-logo.png","width":451,"height":98,"caption":"KidsPlay"},"image":{"@id":"https:\/\/kidsplay.lt\/#\/schema\/logo\/image\/"},"sameAs":["https:\/\/www.facebook.com\/www.kidsplay.lt"]}]}},"_links":{"self":[{"href":"https:\/\/kidsplay.lt\/lv\/wp-json\/wp\/v2\/product\/75146","targetHints":{"allow":["GET"]}}],"collection":[{"href":"https:\/\/kidsplay.lt\/lv\/wp-json\/wp\/v2\/product"}],"about":[{"href":"https:\/\/kidsplay.lt\/lv\/wp-json\/wp\/v2\/types\/product"}],"version-history":[{"count":3,"href":"https:\/\/kidsplay.lt\/lv\/wp-json\/wp\/v2\/product\/75146\/revisions"}],"predecessor-version":[{"id":75561,"href":"https:\/\/kidsplay.lt\/lv\/wp-json\/wp\/v2\/product\/75146\/revisions\/75561"}],"wp:featuredmedia":[{"embeddable":true,"href":"https:\/\/kidsplay.lt\/lv\/wp-json\/wp\/v2\/media\/75148"}],"wp:attachment":[{"href":"https:\/\/kidsplay.lt\/lv\/wp-json\/wp\/v2\/media?parent=75146"}],"wp:term":[{"taxonomy":"product_brand","embeddable":true,"href":"https:\/\/kidsplay.lt\/lv\/wp-json\/wp\/v2\/product_brand?post=75146"},{"taxonomy":"product_cat","embeddable":true,"href":"https:\/\/kidsplay.lt\/lv\/wp-json\/wp\/v2\/product_cat?post=75146"},{"taxonomy":"product_tag","embeddable":true,"href":"https:\/\/kidsplay.lt\/lv\/wp-json\/wp\/v2\/product_tag?post=75146"}],"curies":[{"name":"wp","href":"https:\/\/api.w.org\/{rel}","templated":true}]}}