{"id":75151,"date":"2025-10-07T15:57:51","date_gmt":"2025-10-07T12:57:51","guid":{"rendered":"https:\/\/kidsplay.lt\/produktas\/tooky-toy-zaislu-dezute-xxl-montessori-dezute-edukacine-6in1-sensorine-0-6-men\/"},"modified":"2026-04-07T10:09:44","modified_gmt":"2026-04-07T07:09:44","slug":"tooky-toy-zaislu-dezute-xxl-montessori-dezute-edukacine-6in1-sensorine-0-6-men","status":"publish","type":"product","link":"https:\/\/kidsplay.lt\/lv\/products\/tooky-toy-zaislu-dezute-xxl-montessori-dezute-edukacine-6in1-sensorine-0-6-men\/","title":{"rendered":"TOOKY TOY \u017daislu d\u0117\u017eut\u0117 XXL Montessori d\u0117\u017eut\u0117 Edukacin\u0117 6in1 Sensorin\u0117 0-6 m\u0117n."},"content":{"rendered":"<p>\u201eTOOKY TOY\u201c\u00a0si\u016blo\u00a0Montessori lavinam\u041c\u0415\u041d\u0421 \u017eaisl\u00ee de\u017euta\u00a0\u201e. \u0160is medinis \u017eaislas sijonas\u00a00\u20136 m\u0117nesi\u0160t\u00ea\u00a0vaikams\u00a0\u201e. D\u0117\u017eut\u0117je yra \u0161e\u0161i skirtingi\u00a0lavinamieji \u017eaidimai ir \u017eaislai,\u00a0kurie tikrai sudomins j\u016bs* ma\u017eyl\u00ca. \u0160i d\u0117\u017eut\u0117 \u2013 puikus b\u016bdas lavinti ma\u017eylius pa\u017eintys, emocijus ir motorinius \u00cag\u016bd\u017eius!\u00a0Rinkin\u0117je yra naudojimo instruktuoja\u00a0, kurioje pateikiama informacija apie d\u0117\u017eut\u0117s turin\u00b7, \u017eaisl\u00ee naudojimo instrukcijos ir naudingi patarimai.<\/p>\n<p>Rakstur\u012bgs:<\/p>\n<p>&#8211; \u017daislas sijonas vaikams\u00a0nuo 0 iki 6 m\u0117nesi\u00ee am\u017eiaus.<br \/>\n\u2013 Tai daro teikiama poveik\u00ebk vaiko vystymuisi.<br \/>\n&#8211; Stimuliuoja pyk\u010dius ir smulkiya motorika<br \/>\n&#8211; Visi\u0161kai saugus ma\u017eiausiems vaikams<br \/>\n&#8211; Pridedama naudojimo instrukcija, kad b\u016bt\u00ee lengvuoju lapoti lagamine<\/p>\n<p>Rota\u013clieta att\u012bst\u0101s:<\/p>\n<p>&#8211; Skai\u010diavimas<br \/>\n&#8211; Erdvin\u0117 vaizduot\u0117<br \/>\n&#8211; Aki abu ir rank\u0434 koordinat\u0117<br \/>\n&#8211; Koncentracija ir d\u0117mesys<br \/>\n&#8211; Darbin\u0117 atmintis<\/p>\n<p>50 rinkin\u00caT \u00caein:<\/p>\n<p>1.\u00a0Be\u0161iukantis b\u016bgnas<\/p>\n<p>Be\u0161isukantis b\u016bgnelis yra lavinamasis \u017eaislas\u00a0\u201eskatinant\u012f k\u016bdik\u012f\u00a0tyrin\u0117t\u0173 ir jud\u0117t\u0173\u00a0, kartu palaikantas\u00a0sensorina yra sumulked iki motociklo su ir reidas.\u00a0\u017daislas turi penkias spalvotas \u0161onus ir vaikams saug\u00b7veidrod\u0117l\u00ca. Jis padeda lavint\u0173 k\u016bdiki\u041cotorinius \u00cag\u016bd\u017eius sukant ir manipuliuojant \u017eaislu. \u043fvairio sl\u0117nio leid\u017eia vaikams prad\u0117ti moksl\u0105 apie spalv\u0105. Sukant medin\u00c6 kamuoliuka b\u016bgno viduje, jis skleid\u017eia nat\u016bra, malon* garsa, pritraukiant\u00ca k\u016bdikio d\u0117mes\u00ca.<\/p>\n<p>2. Magi\u0161ka d\u0117\u017eut\u0117 \u201eSpalvotos servet\u0117l\u0117s\u201c<\/p>\n<p>\u0160io tipo \u017eaislai yra\u00a0puiki\u00a0ma\u017e\u0411 vaik\u00ee reido priemon\u0117. Serveteli\u0434 i\u0161\u0117jimas ir j\u00eeed\u0117jimas atgal \u0104d\u017euta reikalauja tikslumo,\u00a0lavinimo su\u0117mimo ir manipuliavimo\u00a0\u00cag\u016bd\u017ei\u00ee. Gra\u017eio sl\u0117nio patraukia vaiko d\u0117mes\u00b7, stimuliuoja jo pyk\u010dius ir skatina tyrin\u0119 d\u0117\u017eut\u0119. V\u0117li\u0173 \u0161is \u017eaidimas puikiai tinka\u00a0mokytis spalv\u00ee\u00a0ir\u00a0suprasti jestvokas\u00a0\u201etu\u0161\u010dia\u201c, \u201epilna\u201c ir \u201eviduje, skruzd\u0117l\u0117, po\u201c.\u00a0\u017daidimas su servet\u0117l\u0117mis lavina susikaupima ir atkakluma,\u00a0kai vaikas bando i\u0161traukti kita i\u0161 pakuot\u0117s.<\/p>\n<p>3.\u00a0Medinis spalvingas bar\u0161kutis<\/p>\n<p>\u0160is ak\u00b7 traukiantis, spalvingas \u017eaislas yra tobulo dyd\u017eio, kad tikt\u0434 ma\u017eoms rankytems. Tai bar\u0161kutis ir riedantis \u017eaislas, kur\u00cam\u00a0k\u016bdikiai mielai seksas ropoti\u00a0\u201e. Jis\u00a0lavina smulkija ir stambija motorika\u00a0,\u00a0kognityvin\u0117\u00a0ir\u00a0emocin\u00ca\u00a0vystym\u0105si. Tai regim\u0105j\u010b ir garsin\u00b7 \u017eaisla, kuris lavina pyk\u010dius ir yra\u00a0saugui dantukams digstantiems k\u016bdikiams.<\/p>\n<p>4.\u00a0Bar\u0161ku\u010dio tipo du\u0161o galvut\u0117<\/p>\n<p>\u0160is lietaus du\u0161as su karoliukais\u00a0, skleid\u017eian\u010diais raminant\u00cakrintan\u010dio lietaus gars\u0105, yra \u017eaislas, teikiantis daug d\u017eiaugsmo ma\u017eiausiems. Kratykite, sukite, sukite ir steb\u0117kite, kaip karoliukai krenta i\u0161 vir\u0161aus \u0444 apa\u010dia. Vienu greitu prisilietu galite paversti \u0161\u00ebm \u017eaisla\u00a0\u00a0bar\u0161ku\u010diu\u00a0, kurisas\u00a0\u00a0sukasi 360 lapsni \u00d7 miestelis.\u00a0\u00a0Jis puiki\u0173 tinkas\u00a0sensoriniam lavinimui\u00a0ir yra idealus pagalbininkas ritmin\u0117s gimnastikos u\u017esi\u0117mimui!<\/p>\n<p>4. Dvi\u0161al\u0117s kontrastin\u0117s medienos baudos<\/p>\n<p>Kortel\u0117s gali b\u016bti naudojamo\u00a0nuo pirm\u00c6j\u041d k\u016bdikio gyvenimo savai\u010di\u0173\u00a0\u201e. J\u0392 pagrindinis tikslas \u2013\u00a0stimuliuoti k\u016bdikio reg\u0117ja\u00a0, kuris gimimo met\u0173 v\u0117ra geriai i\u0161sivys\u010di\u0173. Didel\u0117s grafika ir kontrastingos spalvos leid\u017eia k\u016bdikiui sutelkti d\u0117mes\u00ca &#8216;ne su tikra objektu.\u00a0Profesional\u016bs oftalmologai rekomenduoja\u00a0naudoti didelio kontrasto kortel\u0117s kritini\u0173 vaik\u0173 reg\u0117jimo vystymo laikotarpiu \u2013 tinkama vizija skatina de\u0161in\u012fj\u012f smegen* pusrutulio aktivacija. Tyrimai rodo, kad laiko praleidimas \u017ei\u016brint \u0160palvotas korteles yra svarbus k\u016bdikio kognityvin\u0117s funkcijoms. Vizualin\u0117 stimuliacija\u00a0sustiprins ry\u0161\u00eb tarp aki\u041c\u0415 ir smegen* bei skatins vystym\u0105si.<\/p>\n<p>5.\u00a0Pliu\u0161inis spalvingas kamuoliukas reg\u0117jimo lavinimui<\/p>\n<p>Spalvingi kamuoliukai yra puikius pasirinkimas k\u016bdikiams, nes\u00a0jie skatina j\u0434 reg\u0117jimo vystymo ir susidom\u0117jimo\u00a0\u201e. Laikas ant pilvuko yra b\u016btinas k\u016bdikiams, nes jaims reikia\u00a0lavint\u0173 k\u016bno \u0161erd\u0117\u00a0, kad gal\u0117t* ropoti ir vaik\u0161\u010dioti. Med\u017eiaginis kamuoliukas gali pad\u0117ti j\u016bs\u0434 k\u016bdikiui praktikuotis suimti ir siekti daikt\u00ee ant pilvuko. Ry\u0161kio sl\u0117nio patraukia k\u016bdikio d\u0117mes\u00ca ir padeda\u00a0lavint\u0173 reg\u0117jimo \u00cag\u016bd\u017eius\u00a0\u201e. Tai taip pat pati puiki priemon\u0117 \u017eaisti kartu su k\u016bdikiu, stiprinant ry\u0161\u0448 tarp t\u0117v\u00ee ir k\u016bdikio.<\/p>","protected":false},"excerpt":{"rendered":"<p>6972633375715<\/p>","protected":false},"featured_media":75153,"template":"","meta":{"_acf_changed":false,"_glsr_average":0,"_glsr_ranking":0,"_glsr_reviews":0},"product_brand":[],"product_cat":[265,366,365,396,372,229,800],"product_tag":[],"class_list":{"0":"post-75151","1":"product","2":"type-product","3":"status-publish","4":"has-post-thumbnail","6":"product_cat-dovanu-idejos","7":"product_cat-dovanu-idejos-berniukams","8":"product_cat-dovanu-idejos-mergaitems","9":"product_cat-kudikiu-zaislai-vaikams2","10":"product_cat-vaiku-sventems","11":"product_cat-zaislai-vaikams","12":"product_cat-zaislu-komplektai","13":"\"style=\"background-color: #2ecc711c;\"","15":"first","16":"instock","17":"purchasable","18":"product-type-simple"},"acf":[],"yoast_head":"<!-- This site is optimized with the Yoast SEO plugin v27.3 - https:\/\/yoast.com\/product\/yoast-seo-wordpress\/ -->\n<title>TOOKY TOY \u017daislu d\u0117\u017eut\u0117 XXL Montessori d\u0117\u017eut\u0117 Edukacin\u0117 6in1 Sensorin\u0117 0-6 m\u0117n.<\/title>\n<meta name=\"description\" content=\"TOOKY TOY \u017daislu d\u0117\u017eut\u0117 XXL Montessori d\u0117\u017eut\u0117 Edukacin\u0117 6in1 Sensorin\u0117 0-6 m\u0117n. - KidsPlay. Did\u017eiausias vaik\u0173 \u017eaisl\u0173 pasirinkimas.\" \/>\n<meta name=\"robots\" content=\"index, follow, max-snippet:-1, max-image-preview:large, max-video-preview:-1\" \/>\n<link rel=\"canonical\" href=\"https:\/\/kidsplay.lt\/lv\/products\/tooky-toy-zaislu-dezute-xxl-montessori-dezute-edukacine-6in1-sensorine-0-6-men\/\" \/>\n<meta property=\"og:locale\" content=\"lv_LV\" \/>\n<meta property=\"og:type\" content=\"article\" \/>\n<meta property=\"og:title\" content=\"TOOKY TOY \u017daislu d\u0117\u017eut\u0117 XXL Montessori d\u0117\u017eut\u0117 Edukacin\u0117 6in1 Sensorin\u0117 0-6 m\u0117n.\" \/>\n<meta property=\"og:description\" content=\"TOOKY TOY \u017daislu d\u0117\u017eut\u0117 XXL Montessori d\u0117\u017eut\u0117 Edukacin\u0117 6in1 Sensorin\u0117 0-6 m\u0117n. - KidsPlay. Did\u017eiausias vaik\u0173 \u017eaisl\u0173 pasirinkimas.\" \/>\n<meta property=\"og:url\" content=\"https:\/\/kidsplay.lt\/lv\/products\/tooky-toy-zaislu-dezute-xxl-montessori-dezute-edukacine-6in1-sensorine-0-6-men\/\" \/>\n<meta property=\"og:site_name\" content=\"KidsPlay\" \/>\n<meta property=\"article:publisher\" content=\"https:\/\/www.facebook.com\/www.kidsplay.lt\" \/>\n<meta property=\"article:modified_time\" content=\"2026-04-07T07:09:44+00:00\" \/>\n<meta property=\"og:image\" content=\"https:\/\/kidsplay.lt\/wp-content\/uploads\/2025\/10\/TOOKY-TOY-Zaislu-dezute-XXL-Montessori-dezute-Edukacine-6in1-Sensorine-0-6-men.jpg\" \/>\n\t<meta property=\"og:image:width\" content=\"2560\" \/>\n\t<meta property=\"og:image:height\" content=\"2560\" \/>\n\t<meta property=\"og:image:type\" content=\"image\/jpeg\" \/>\n<meta name=\"twitter:card\" content=\"summary_large_image\" \/>\n<meta name=\"twitter:label1\" content=\"Est. reading time\" \/>\n\t<meta name=\"twitter:data1\" content=\"3 min\u016btes\" \/>\n<script type=\"application\/ld+json\" class=\"yoast-schema-graph\">{\"@context\":\"https:\\\/\\\/schema.org\",\"@graph\":[{\"@type\":\"WebPage\",\"@id\":\"https:\\\/\\\/kidsplay.lt\\\/produktas\\\/tooky-toy-zaislu-dezute-xxl-montessori-dezute-edukacine-6in1-sensorine-0-6-men\\\/\",\"url\":\"https:\\\/\\\/kidsplay.lt\\\/produktas\\\/tooky-toy-zaislu-dezute-xxl-montessori-dezute-edukacine-6in1-sensorine-0-6-men\\\/\",\"name\":\"TOOKY TOY \u017daislu d\u0117\u017eut\u0117 XXL Montessori d\u0117\u017eut\u0117 Edukacin\u0117 6in1 Sensorin\u0117 0-6 m\u0117n.\",\"isPartOf\":{\"@id\":\"https:\\\/\\\/kidsplay.lt\\\/#website\"},\"primaryImageOfPage\":{\"@id\":\"https:\\\/\\\/kidsplay.lt\\\/produktas\\\/tooky-toy-zaislu-dezute-xxl-montessori-dezute-edukacine-6in1-sensorine-0-6-men\\\/#primaryimage\"},\"image\":{\"@id\":\"https:\\\/\\\/kidsplay.lt\\\/produktas\\\/tooky-toy-zaislu-dezute-xxl-montessori-dezute-edukacine-6in1-sensorine-0-6-men\\\/#primaryimage\"},\"thumbnailUrl\":\"https:\\\/\\\/kidsplay.lt\\\/wp-content\\\/uploads\\\/2025\\\/10\\\/TOOKY-TOY-Zaislu-dezute-XXL-Montessori-dezute-Edukacine-6in1-Sensorine-0-6-men.jpg\",\"datePublished\":\"2025-10-07T12:57:51+00:00\",\"dateModified\":\"2026-04-07T07:09:44+00:00\",\"description\":\"TOOKY TOY \u017daislu d\u0117\u017eut\u0117 XXL Montessori d\u0117\u017eut\u0117 Edukacin\u0117 6in1 Sensorin\u0117 0-6 m\u0117n. - KidsPlay. Did\u017eiausias vaik\u0173 \u017eaisl\u0173 pasirinkimas.\",\"breadcrumb\":{\"@id\":\"https:\\\/\\\/kidsplay.lt\\\/produktas\\\/tooky-toy-zaislu-dezute-xxl-montessori-dezute-edukacine-6in1-sensorine-0-6-men\\\/#breadcrumb\"},\"inLanguage\":\"lv-LV\",\"potentialAction\":[{\"@type\":\"ReadAction\",\"target\":[\"https:\\\/\\\/kidsplay.lt\\\/produktas\\\/tooky-toy-zaislu-dezute-xxl-montessori-dezute-edukacine-6in1-sensorine-0-6-men\\\/\"]}]},{\"@type\":\"ImageObject\",\"inLanguage\":\"lv-LV\",\"@id\":\"https:\\\/\\\/kidsplay.lt\\\/produktas\\\/tooky-toy-zaislu-dezute-xxl-montessori-dezute-edukacine-6in1-sensorine-0-6-men\\\/#primaryimage\",\"url\":\"https:\\\/\\\/kidsplay.lt\\\/wp-content\\\/uploads\\\/2025\\\/10\\\/TOOKY-TOY-Zaislu-dezute-XXL-Montessori-dezute-Edukacine-6in1-Sensorine-0-6-men.jpg\",\"contentUrl\":\"https:\\\/\\\/kidsplay.lt\\\/wp-content\\\/uploads\\\/2025\\\/10\\\/TOOKY-TOY-Zaislu-dezute-XXL-Montessori-dezute-Edukacine-6in1-Sensorine-0-6-men.jpg\",\"width\":2560,\"height\":2560,\"caption\":\"TOOKY TOY \u017daislu d\u0117\u017eut\u0117 XXL Montessori d\u0117\u017eut\u0117 Edukacin\u0117 6in1 Sensorin\u0117 0-6 m\u0117n.\"},{\"@type\":\"BreadcrumbList\",\"@id\":\"https:\\\/\\\/kidsplay.lt\\\/produktas\\\/tooky-toy-zaislu-dezute-xxl-montessori-dezute-edukacine-6in1-sensorine-0-6-men\\\/#breadcrumb\",\"itemListElement\":[{\"@type\":\"ListItem\",\"position\":1,\"name\":\"Pagrindinis\",\"item\":\"https:\\\/\\\/kidsplay.lt\\\/\"},{\"@type\":\"ListItem\",\"position\":2,\"name\":\"Parduotuv\u0117\",\"item\":\"https:\\\/\\\/kidsplay.lt\\\/parduotuve\\\/\"},{\"@type\":\"ListItem\",\"position\":3,\"name\":\"TOOKY TOY \u017daislu d\u0117\u017eut\u0117 XXL Montessori d\u0117\u017eut\u0117 Edukacin\u0117 6in1 Sensorin\u0117 0-6 m\u0117n.\"}]},{\"@type\":\"WebSite\",\"@id\":\"https:\\\/\\\/kidsplay.lt\\\/#website\",\"url\":\"https:\\\/\\\/kidsplay.lt\\\/\",\"name\":\"Kidsplay.lt\",\"description\":\"\u012evairios prek\u0117s vaikams\",\"publisher\":{\"@id\":\"https:\\\/\\\/kidsplay.lt\\\/#organization\"},\"alternateName\":\"Kidsplay\",\"potentialAction\":[{\"@type\":\"SearchAction\",\"target\":{\"@type\":\"EntryPoint\",\"urlTemplate\":\"https:\\\/\\\/kidsplay.lt\\\/?s={search_term_string}\"},\"query-input\":{\"@type\":\"PropertyValueSpecification\",\"valueRequired\":true,\"valueName\":\"search_term_string\"}}],\"inLanguage\":\"lv-LV\"},{\"@type\":\"Organization\",\"@id\":\"https:\\\/\\\/kidsplay.lt\\\/#organization\",\"name\":\"KidsPlay\",\"url\":\"https:\\\/\\\/kidsplay.lt\\\/\",\"logo\":{\"@type\":\"ImageObject\",\"inLanguage\":\"lv-LV\",\"@id\":\"https:\\\/\\\/kidsplay.lt\\\/#\\\/schema\\\/logo\\\/image\\\/\",\"url\":\"https:\\\/\\\/kidsplay.lt\\\/wp-content\\\/uploads\\\/2023\\\/07\\\/kidsplay-logo.png\",\"contentUrl\":\"https:\\\/\\\/kidsplay.lt\\\/wp-content\\\/uploads\\\/2023\\\/07\\\/kidsplay-logo.png\",\"width\":451,\"height\":98,\"caption\":\"KidsPlay\"},\"image\":{\"@id\":\"https:\\\/\\\/kidsplay.lt\\\/#\\\/schema\\\/logo\\\/image\\\/\"},\"sameAs\":[\"https:\\\/\\\/www.facebook.com\\\/www.kidsplay.lt\"]}]}<\/script>\n<!-- \/ Yoast SEO plugin. -->","yoast_head_json":{"title":"TOOKY TOY \u017daislu d\u0117\u017eut\u0117 XXL Montessori d\u0117\u017eut\u0117 Edukacin\u0117 6in1 Sensorin\u0117 0-6 m\u0117n.","description":"TOOKY TOY \u017daislu d\u0117\u017eut\u0117 XXL Montessori d\u0117\u017eut\u0117 Edukacin\u0117 6in1 Sensorin\u0117 0-6 m\u0117n. - KidsPlay. Did\u017eiausias vaik\u0173 \u017eaisl\u0173 pasirinkimas.","robots":{"index":"index","follow":"follow","max-snippet":"max-snippet:-1","max-image-preview":"max-image-preview:large","max-video-preview":"max-video-preview:-1"},"canonical":"https:\/\/kidsplay.lt\/lv\/products\/tooky-toy-zaislu-dezute-xxl-montessori-dezute-edukacine-6in1-sensorine-0-6-men\/","og_locale":"lv_LV","og_type":"article","og_title":"TOOKY TOY \u017daislu d\u0117\u017eut\u0117 XXL Montessori d\u0117\u017eut\u0117 Edukacin\u0117 6in1 Sensorin\u0117 0-6 m\u0117n.","og_description":"TOOKY TOY \u017daislu d\u0117\u017eut\u0117 XXL Montessori d\u0117\u017eut\u0117 Edukacin\u0117 6in1 Sensorin\u0117 0-6 m\u0117n. - KidsPlay. Did\u017eiausias vaik\u0173 \u017eaisl\u0173 pasirinkimas.","og_url":"https:\/\/kidsplay.lt\/lv\/products\/tooky-toy-zaislu-dezute-xxl-montessori-dezute-edukacine-6in1-sensorine-0-6-men\/","og_site_name":"KidsPlay","article_publisher":"https:\/\/www.facebook.com\/www.kidsplay.lt","article_modified_time":"2026-04-07T07:09:44+00:00","og_image":[{"width":2560,"height":2560,"url":"https:\/\/kidsplay.lt\/wp-content\/uploads\/2025\/10\/TOOKY-TOY-Zaislu-dezute-XXL-Montessori-dezute-Edukacine-6in1-Sensorine-0-6-men.jpg","type":"image\/jpeg"}],"twitter_card":"summary_large_image","twitter_misc":{"Est. reading time":"3 min\u016btes"},"schema":{"@context":"https:\/\/schema.org","@graph":[{"@type":"WebPage","@id":"https:\/\/kidsplay.lt\/produktas\/tooky-toy-zaislu-dezute-xxl-montessori-dezute-edukacine-6in1-sensorine-0-6-men\/","url":"https:\/\/kidsplay.lt\/produktas\/tooky-toy-zaislu-dezute-xxl-montessori-dezute-edukacine-6in1-sensorine-0-6-men\/","name":"TOOKY TOY \u017daislu d\u0117\u017eut\u0117 XXL Montessori d\u0117\u017eut\u0117 Edukacin\u0117 6in1 Sensorin\u0117 0-6 m\u0117n.","isPartOf":{"@id":"https:\/\/kidsplay.lt\/#website"},"primaryImageOfPage":{"@id":"https:\/\/kidsplay.lt\/produktas\/tooky-toy-zaislu-dezute-xxl-montessori-dezute-edukacine-6in1-sensorine-0-6-men\/#primaryimage"},"image":{"@id":"https:\/\/kidsplay.lt\/produktas\/tooky-toy-zaislu-dezute-xxl-montessori-dezute-edukacine-6in1-sensorine-0-6-men\/#primaryimage"},"thumbnailUrl":"https:\/\/kidsplay.lt\/wp-content\/uploads\/2025\/10\/TOOKY-TOY-Zaislu-dezute-XXL-Montessori-dezute-Edukacine-6in1-Sensorine-0-6-men.jpg","datePublished":"2025-10-07T12:57:51+00:00","dateModified":"2026-04-07T07:09:44+00:00","description":"TOOKY TOY \u017daislu d\u0117\u017eut\u0117 XXL Montessori d\u0117\u017eut\u0117 Edukacin\u0117 6in1 Sensorin\u0117 0-6 m\u0117n. - KidsPlay. Did\u017eiausias vaik\u0173 \u017eaisl\u0173 pasirinkimas.","breadcrumb":{"@id":"https:\/\/kidsplay.lt\/produktas\/tooky-toy-zaislu-dezute-xxl-montessori-dezute-edukacine-6in1-sensorine-0-6-men\/#breadcrumb"},"inLanguage":"lv-LV","potentialAction":[{"@type":"ReadAction","target":["https:\/\/kidsplay.lt\/produktas\/tooky-toy-zaislu-dezute-xxl-montessori-dezute-edukacine-6in1-sensorine-0-6-men\/"]}]},{"@type":"ImageObject","inLanguage":"lv-LV","@id":"https:\/\/kidsplay.lt\/produktas\/tooky-toy-zaislu-dezute-xxl-montessori-dezute-edukacine-6in1-sensorine-0-6-men\/#primaryimage","url":"https:\/\/kidsplay.lt\/wp-content\/uploads\/2025\/10\/TOOKY-TOY-Zaislu-dezute-XXL-Montessori-dezute-Edukacine-6in1-Sensorine-0-6-men.jpg","contentUrl":"https:\/\/kidsplay.lt\/wp-content\/uploads\/2025\/10\/TOOKY-TOY-Zaislu-dezute-XXL-Montessori-dezute-Edukacine-6in1-Sensorine-0-6-men.jpg","width":2560,"height":2560,"caption":"TOOKY TOY \u017daislu d\u0117\u017eut\u0117 XXL Montessori d\u0117\u017eut\u0117 Edukacin\u0117 6in1 Sensorin\u0117 0-6 m\u0117n."},{"@type":"BreadcrumbList","@id":"https:\/\/kidsplay.lt\/produktas\/tooky-toy-zaislu-dezute-xxl-montessori-dezute-edukacine-6in1-sensorine-0-6-men\/#breadcrumb","itemListElement":[{"@type":"ListItem","position":1,"name":"Pagrindinis","item":"https:\/\/kidsplay.lt\/"},{"@type":"ListItem","position":2,"name":"Parduotuv\u0117","item":"https:\/\/kidsplay.lt\/parduotuve\/"},{"@type":"ListItem","position":3,"name":"TOOKY TOY \u017daislu d\u0117\u017eut\u0117 XXL Montessori d\u0117\u017eut\u0117 Edukacin\u0117 6in1 Sensorin\u0117 0-6 m\u0117n."}]},{"@type":"WebSite","@id":"https:\/\/kidsplay.lt\/#website","url":"https:\/\/kidsplay.lt\/","name":"B\u0113rnu sp\u0113les.lv","description":"\u012evairios prek\u0117s vaikams","publisher":{"@id":"https:\/\/kidsplay.lt\/#organization"},"alternateName":"Kidsplay","potentialAction":[{"@type":"SearchAction","target":{"@type":"EntryPoint","urlTemplate":"https:\/\/kidsplay.lt\/?s={search_term_string}"},"query-input":{"@type":"PropertyValueSpecification","valueRequired":true,"valueName":"search_term_string"}}],"inLanguage":"lv-LV"},{"@type":"Organization","@id":"https:\/\/kidsplay.lt\/#organization","name":"B\u0113rnu sp\u0113le","url":"https:\/\/kidsplay.lt\/","logo":{"@type":"ImageObject","inLanguage":"lv-LV","@id":"https:\/\/kidsplay.lt\/#\/schema\/logo\/image\/","url":"https:\/\/kidsplay.lt\/wp-content\/uploads\/2023\/07\/kidsplay-logo.png","contentUrl":"https:\/\/kidsplay.lt\/wp-content\/uploads\/2023\/07\/kidsplay-logo.png","width":451,"height":98,"caption":"KidsPlay"},"image":{"@id":"https:\/\/kidsplay.lt\/#\/schema\/logo\/image\/"},"sameAs":["https:\/\/www.facebook.com\/www.kidsplay.lt"]}]}},"_links":{"self":[{"href":"https:\/\/kidsplay.lt\/lv\/wp-json\/wp\/v2\/product\/75151","targetHints":{"allow":["GET"]}}],"collection":[{"href":"https:\/\/kidsplay.lt\/lv\/wp-json\/wp\/v2\/product"}],"about":[{"href":"https:\/\/kidsplay.lt\/lv\/wp-json\/wp\/v2\/types\/product"}],"version-history":[{"count":4,"href":"https:\/\/kidsplay.lt\/lv\/wp-json\/wp\/v2\/product\/75151\/revisions"}],"predecessor-version":[{"id":83448,"href":"https:\/\/kidsplay.lt\/lv\/wp-json\/wp\/v2\/product\/75151\/revisions\/83448"}],"wp:featuredmedia":[{"embeddable":true,"href":"https:\/\/kidsplay.lt\/lv\/wp-json\/wp\/v2\/media\/75153"}],"wp:attachment":[{"href":"https:\/\/kidsplay.lt\/lv\/wp-json\/wp\/v2\/media?parent=75151"}],"wp:term":[{"taxonomy":"product_brand","embeddable":true,"href":"https:\/\/kidsplay.lt\/lv\/wp-json\/wp\/v2\/product_brand?post=75151"},{"taxonomy":"product_cat","embeddable":true,"href":"https:\/\/kidsplay.lt\/lv\/wp-json\/wp\/v2\/product_cat?post=75151"},{"taxonomy":"product_tag","embeddable":true,"href":"https:\/\/kidsplay.lt\/lv\/wp-json\/wp\/v2\/product_tag?post=75151"}],"curies":[{"name":"wp","href":"https:\/\/api.w.org\/{rel}","templated":true}]}}