{"id":75156,"date":"2025-10-07T15:58:16","date_gmt":"2025-10-07T12:58:16","guid":{"rendered":"https:\/\/kidsplay.lt\/produktas\/didelis-rokenrolo-vaiziuojamasis-bobby-automobilis-klasikinis\/"},"modified":"2026-04-07T10:10:28","modified_gmt":"2026-04-07T07:10:28","slug":"didelis-rokenrolo-vaiziuojamasis-bobby-automobilis-klasikinis","status":"publish","type":"product","link":"https:\/\/kidsplay.lt\/lv\/products\/didelis-rokenrolo-vaiziuojamasis-bobby-automobilis-klasikinis\/","title":{"rendered":"LIELAIS Roknrola Bobija klasiskais braucamais auto"},"content":{"rendered":"<p>DIDELIS rokenrolo Bobio automobilis klasikinis.\u00a0\u0160is tvartas \u017eaislas vaikams yra tikras ma\u017eyli\u00fea hitas! Juodos ir raudonos spalv\u0411 gama su spalvingais lipdukais \u2013 gitaros stygomis, \u017evaig\u017ed\u0117mis, \u017eaibais ir rokenrolo \u0161uniuku \u2013 tikrai prad\u017eiugins tiek mergaites, tiek berniukus.<br \/>\nDIDELIS Bobio automobilis yra ne tik fantasti\u0161kiai\u00a0smagus\u00a0, la\u017einkit\u0117s ir\u00a0saugus\u00a0\u2013 puikus kompanionas vaikams nuo 12 m\u0117nesi\u00c6 am\u017eiaus.<\/p>\n<p>Funkcijas:<\/p>\n<p> \t&#8211; vaikams\u00a0nuo 12 m\u0117nesi\u0424 am\u017eiaus.<br \/>\n \t&#8211; Maximalus svoris: 50 kg<br \/>\n \t&#8211; Vaiki\u0161kas automobilis su\u00a0apsaugini\u0173\u00a0vair\u0173 ir\u00a0mechaninis signalas<br \/>\n \t&#8211; Spalva: juoda ir raudona su spalvingais lipdukais<br \/>\n \t&#8211; Pathogs\u00a0s\u0117dyn\u0117 suteiki\u0173 \u0161velnia atrama s\u0117dint ir va\u017eiuojant.<br \/>\n \t&#8211; D\u0117l papildomos keliasni \u00catdubos net ir vyresni vaikai gali jud\u0117ti transporto priemon\u0117je.<br \/>\n \t&#8211; Automobilis pagamintas i\u0161\u00a0plastikini\u0219ti\u00a0tinkamas\u00a0perdirbimas\u00a0ir yra\u00a0lengv\u0173 valomas.<br \/>\n \t&#8211; Labajus\u00a0dzienikos padangos\u00a0Fulda SportControl yra \u017einomi d\u0117l savo uniqueaus\u00a0patvarumo.<br \/>\n \t&#8211; Priklausomai nuo j\u016brosj\u016bs\u0173poreiki\u0173, galite naudoti prie ir galina jungtis\u00a0pritvirtin\u010diai\u00a0priekaba arba st\u016bmiklis.<\/p>\n<p>\u017daislas vystytis:<\/p>\n<p> \t\u00a0&#8211;\u00a0Didelis variklis:va\u017eiavimo vai\u017eiavimas apima vis\u0105 k\u016bn\u0105, padeda vaikams lavinti ir rank\u0434 raumen\u0434 j\u0117gas.<br \/>\n \t\u00a0&#8211;\u00a0Koordinacija ir pusiausvyra:stumdamas ir vairuodamas transporto priemone, ma\u017eylis lavina pusiausvyra ir motorina coordinate, o tai skatina motorin\u00c6Vystymi\u0105si.<br \/>\n \t\u00a0&#8211;\u00a0Pasitik\u0117jimas savimi:savaranki\u0161kas va\u017eiavimas dvira\u010diu ugdo vaiko savaranki\u0161kumo ir pasitik\u0117jimo savimi jausma.<br \/>\n \t\u00a0&#8211;\u00a0Vaizduot\u0117 ir k\u016brybi\u0161kumas:Energingas transporto priemon\u0117s dizainas ir galimyb\u0117 atlikti \u00cavairius vaidmenis \u2013 nuo vairuotojo iki roko \u017evaig\u017ed\u0117s \u2013 lavina vaizduota ir k\u016brybi\u0161kuma.<br \/>\n \t\u00a0&#8211;\u00a0Rankiniai \u00cag\u016bd\u017eiai:signalo ir vairo valdymas padeda lavinti rankinius \u00cag\u016bd\u017eius ir tikslius rangas judesio viduje.<br \/>\n \t\u00a0&#8211;\u00a0Socialinis vystymas:jojimo \u017eaidimai skatina bendravima su bendraam\u017eiais, ugdo socialinius ir bendradarbiavo \u00cag\u016bd\u017eius.<\/p>\n<p>DIDYSIS \u201eRock&#8217;n&#8217;Roll Bobby Car Classic Ride-On\u201c\u00a0\u2013 tai transporto priemon\u0117, kuri ne tik suteiks vaikams did\u017eiul\u0119 vairavimo diaugsma, bet ir palaikys j \u0304 visapusi\u0161ka fizin\u00ca, emocin\u00c6 ir socialin\u00ca vystymi\u0105si. Tai puikius pasirinkimas ma\u017eiems tyrin\u0117jimui ir b\u016bsimiui vairuotajam!<\/p>","protected":false},"excerpt":{"rendered":"<p>4004943561440<\/p>","protected":false},"featured_media":75158,"template":"","meta":{"_acf_changed":false,"_glsr_average":0,"_glsr_ranking":0,"_glsr_reviews":0},"product_brand":[],"product_cat":[237,238],"product_tag":[],"class_list":{"0":"post-75156","1":"product","2":"type-product","3":"status-publish","4":"has-post-thumbnail","6":"product_cat-judejimo-priemones","7":"product_cat-stumdomos-masineles","8":"\"style=\"background-color: #2ecc711c;\"","10":"first","11":"instock","12":"purchasable","13":"product-type-simple"},"acf":[],"yoast_head":"<!-- This site is optimized with the Yoast SEO plugin v27.3 - https:\/\/yoast.com\/product\/yoast-seo-wordpress\/ -->\n<title>DIDELIS rokenrolo vai\u017eiuojamasis Bobby automobilis klasikinis<\/title>\n<meta name=\"description\" content=\"DIDELIS rokenrolo vai\u017eiuojamasis Bobby automobilis klasikinis - KidsPlay. Did\u017eiausias vaik\u0173 \u017eaisl\u0173 pasirinkimas.\" \/>\n<meta name=\"robots\" content=\"index, follow, max-snippet:-1, max-image-preview:large, max-video-preview:-1\" \/>\n<link rel=\"canonical\" href=\"https:\/\/kidsplay.lt\/lv\/products\/didelis-rokenrolo-vaiziuojamasis-bobby-automobilis-klasikinis\/\" \/>\n<meta property=\"og:locale\" content=\"lv_LV\" \/>\n<meta property=\"og:type\" content=\"article\" \/>\n<meta property=\"og:title\" content=\"DIDELIS rokenrolo vai\u017eiuojamasis Bobby automobilis klasikinis\" \/>\n<meta property=\"og:description\" content=\"DIDELIS rokenrolo vai\u017eiuojamasis Bobby automobilis klasikinis - KidsPlay. Did\u017eiausias vaik\u0173 \u017eaisl\u0173 pasirinkimas.\" \/>\n<meta property=\"og:url\" content=\"https:\/\/kidsplay.lt\/lv\/products\/didelis-rokenrolo-vaiziuojamasis-bobby-automobilis-klasikinis\/\" \/>\n<meta property=\"og:site_name\" content=\"KidsPlay\" \/>\n<meta property=\"article:publisher\" content=\"https:\/\/www.facebook.com\/www.kidsplay.lt\" \/>\n<meta property=\"article:modified_time\" content=\"2026-04-07T07:10:28+00:00\" \/>\n<meta property=\"og:image\" content=\"https:\/\/kidsplay.lt\/wp-content\/uploads\/2025\/10\/DIDELIS-rokenrolo-vaiziuojamasis-Bobby-automobilis-klasikinis.jpg\" \/>\n\t<meta property=\"og:image:width\" content=\"2160\" \/>\n\t<meta property=\"og:image:height\" content=\"1800\" \/>\n\t<meta property=\"og:image:type\" content=\"image\/jpeg\" \/>\n<meta name=\"twitter:card\" content=\"summary_large_image\" \/>\n<meta name=\"twitter:label1\" content=\"Est. reading time\" \/>\n\t<meta name=\"twitter:data1\" content=\"2 min\u016btes\" \/>\n<script type=\"application\/ld+json\" class=\"yoast-schema-graph\">{\"@context\":\"https:\\\/\\\/schema.org\",\"@graph\":[{\"@type\":\"WebPage\",\"@id\":\"https:\\\/\\\/kidsplay.lt\\\/produktas\\\/didelis-rokenrolo-vaiziuojamasis-bobby-automobilis-klasikinis\\\/\",\"url\":\"https:\\\/\\\/kidsplay.lt\\\/produktas\\\/didelis-rokenrolo-vaiziuojamasis-bobby-automobilis-klasikinis\\\/\",\"name\":\"DIDELIS rokenrolo vai\u017eiuojamasis Bobby automobilis klasikinis\",\"isPartOf\":{\"@id\":\"https:\\\/\\\/kidsplay.lt\\\/#website\"},\"primaryImageOfPage\":{\"@id\":\"https:\\\/\\\/kidsplay.lt\\\/produktas\\\/didelis-rokenrolo-vaiziuojamasis-bobby-automobilis-klasikinis\\\/#primaryimage\"},\"image\":{\"@id\":\"https:\\\/\\\/kidsplay.lt\\\/produktas\\\/didelis-rokenrolo-vaiziuojamasis-bobby-automobilis-klasikinis\\\/#primaryimage\"},\"thumbnailUrl\":\"https:\\\/\\\/kidsplay.lt\\\/wp-content\\\/uploads\\\/2025\\\/10\\\/DIDELIS-rokenrolo-vaiziuojamasis-Bobby-automobilis-klasikinis.jpg\",\"datePublished\":\"2025-10-07T12:58:16+00:00\",\"dateModified\":\"2026-04-07T07:10:28+00:00\",\"description\":\"DIDELIS rokenrolo vai\u017eiuojamasis Bobby automobilis klasikinis - KidsPlay. Did\u017eiausias vaik\u0173 \u017eaisl\u0173 pasirinkimas.\",\"breadcrumb\":{\"@id\":\"https:\\\/\\\/kidsplay.lt\\\/produktas\\\/didelis-rokenrolo-vaiziuojamasis-bobby-automobilis-klasikinis\\\/#breadcrumb\"},\"inLanguage\":\"lv-LV\",\"potentialAction\":[{\"@type\":\"ReadAction\",\"target\":[\"https:\\\/\\\/kidsplay.lt\\\/produktas\\\/didelis-rokenrolo-vaiziuojamasis-bobby-automobilis-klasikinis\\\/\"]}]},{\"@type\":\"ImageObject\",\"inLanguage\":\"lv-LV\",\"@id\":\"https:\\\/\\\/kidsplay.lt\\\/produktas\\\/didelis-rokenrolo-vaiziuojamasis-bobby-automobilis-klasikinis\\\/#primaryimage\",\"url\":\"https:\\\/\\\/kidsplay.lt\\\/wp-content\\\/uploads\\\/2025\\\/10\\\/DIDELIS-rokenrolo-vaiziuojamasis-Bobby-automobilis-klasikinis.jpg\",\"contentUrl\":\"https:\\\/\\\/kidsplay.lt\\\/wp-content\\\/uploads\\\/2025\\\/10\\\/DIDELIS-rokenrolo-vaiziuojamasis-Bobby-automobilis-klasikinis.jpg\",\"width\":2160,\"height\":1800,\"caption\":\"DIDELIS rokenrolo vai\u017eiuojamasis Bobby automobilis klasikinis\"},{\"@type\":\"BreadcrumbList\",\"@id\":\"https:\\\/\\\/kidsplay.lt\\\/produktas\\\/didelis-rokenrolo-vaiziuojamasis-bobby-automobilis-klasikinis\\\/#breadcrumb\",\"itemListElement\":[{\"@type\":\"ListItem\",\"position\":1,\"name\":\"Pagrindinis\",\"item\":\"https:\\\/\\\/kidsplay.lt\\\/\"},{\"@type\":\"ListItem\",\"position\":2,\"name\":\"Parduotuv\u0117\",\"item\":\"https:\\\/\\\/kidsplay.lt\\\/parduotuve\\\/\"},{\"@type\":\"ListItem\",\"position\":3,\"name\":\"DIDELIS rokenrolo vai\u017eiuojamasis Bobby automobilis klasikinis\"}]},{\"@type\":\"WebSite\",\"@id\":\"https:\\\/\\\/kidsplay.lt\\\/#website\",\"url\":\"https:\\\/\\\/kidsplay.lt\\\/\",\"name\":\"Kidsplay.lt\",\"description\":\"\u012evairios prek\u0117s vaikams\",\"publisher\":{\"@id\":\"https:\\\/\\\/kidsplay.lt\\\/#organization\"},\"alternateName\":\"Kidsplay\",\"potentialAction\":[{\"@type\":\"SearchAction\",\"target\":{\"@type\":\"EntryPoint\",\"urlTemplate\":\"https:\\\/\\\/kidsplay.lt\\\/?s={search_term_string}\"},\"query-input\":{\"@type\":\"PropertyValueSpecification\",\"valueRequired\":true,\"valueName\":\"search_term_string\"}}],\"inLanguage\":\"lv-LV\"},{\"@type\":\"Organization\",\"@id\":\"https:\\\/\\\/kidsplay.lt\\\/#organization\",\"name\":\"KidsPlay\",\"url\":\"https:\\\/\\\/kidsplay.lt\\\/\",\"logo\":{\"@type\":\"ImageObject\",\"inLanguage\":\"lv-LV\",\"@id\":\"https:\\\/\\\/kidsplay.lt\\\/#\\\/schema\\\/logo\\\/image\\\/\",\"url\":\"https:\\\/\\\/kidsplay.lt\\\/wp-content\\\/uploads\\\/2023\\\/07\\\/kidsplay-logo.png\",\"contentUrl\":\"https:\\\/\\\/kidsplay.lt\\\/wp-content\\\/uploads\\\/2023\\\/07\\\/kidsplay-logo.png\",\"width\":451,\"height\":98,\"caption\":\"KidsPlay\"},\"image\":{\"@id\":\"https:\\\/\\\/kidsplay.lt\\\/#\\\/schema\\\/logo\\\/image\\\/\"},\"sameAs\":[\"https:\\\/\\\/www.facebook.com\\\/www.kidsplay.lt\"]}]}<\/script>\n<!-- \/ Yoast SEO plugin. -->","yoast_head_json":{"title":"LIELAIS Roknrola Bobija klasiskais braucamais auto","description":"DIDELIS rokenrolo vai\u017eiuojamasis Bobby automobilis klasikinis - KidsPlay. Did\u017eiausias vaik\u0173 \u017eaisl\u0173 pasirinkimas.","robots":{"index":"index","follow":"follow","max-snippet":"max-snippet:-1","max-image-preview":"max-image-preview:large","max-video-preview":"max-video-preview:-1"},"canonical":"https:\/\/kidsplay.lt\/lv\/products\/didelis-rokenrolo-vaiziuojamasis-bobby-automobilis-klasikinis\/","og_locale":"lv_LV","og_type":"article","og_title":"DIDELIS rokenrolo vai\u017eiuojamasis Bobby automobilis klasikinis","og_description":"DIDELIS rokenrolo vai\u017eiuojamasis Bobby automobilis klasikinis - KidsPlay. Did\u017eiausias vaik\u0173 \u017eaisl\u0173 pasirinkimas.","og_url":"https:\/\/kidsplay.lt\/lv\/products\/didelis-rokenrolo-vaiziuojamasis-bobby-automobilis-klasikinis\/","og_site_name":"KidsPlay","article_publisher":"https:\/\/www.facebook.com\/www.kidsplay.lt","article_modified_time":"2026-04-07T07:10:28+00:00","og_image":[{"width":2160,"height":1800,"url":"https:\/\/kidsplay.lt\/wp-content\/uploads\/2025\/10\/DIDELIS-rokenrolo-vaiziuojamasis-Bobby-automobilis-klasikinis.jpg","type":"image\/jpeg"}],"twitter_card":"summary_large_image","twitter_misc":{"Est. reading time":"2 min\u016btes"},"schema":{"@context":"https:\/\/schema.org","@graph":[{"@type":"WebPage","@id":"https:\/\/kidsplay.lt\/produktas\/didelis-rokenrolo-vaiziuojamasis-bobby-automobilis-klasikinis\/","url":"https:\/\/kidsplay.lt\/produktas\/didelis-rokenrolo-vaiziuojamasis-bobby-automobilis-klasikinis\/","name":"LIELAIS Roknrola Bobija klasiskais braucamais auto","isPartOf":{"@id":"https:\/\/kidsplay.lt\/#website"},"primaryImageOfPage":{"@id":"https:\/\/kidsplay.lt\/produktas\/didelis-rokenrolo-vaiziuojamasis-bobby-automobilis-klasikinis\/#primaryimage"},"image":{"@id":"https:\/\/kidsplay.lt\/produktas\/didelis-rokenrolo-vaiziuojamasis-bobby-automobilis-klasikinis\/#primaryimage"},"thumbnailUrl":"https:\/\/kidsplay.lt\/wp-content\/uploads\/2025\/10\/DIDELIS-rokenrolo-vaiziuojamasis-Bobby-automobilis-klasikinis.jpg","datePublished":"2025-10-07T12:58:16+00:00","dateModified":"2026-04-07T07:10:28+00:00","description":"DIDELIS rokenrolo vai\u017eiuojamasis Bobby automobilis klasikinis - KidsPlay. Did\u017eiausias vaik\u0173 \u017eaisl\u0173 pasirinkimas.","breadcrumb":{"@id":"https:\/\/kidsplay.lt\/produktas\/didelis-rokenrolo-vaiziuojamasis-bobby-automobilis-klasikinis\/#breadcrumb"},"inLanguage":"lv-LV","potentialAction":[{"@type":"ReadAction","target":["https:\/\/kidsplay.lt\/produktas\/didelis-rokenrolo-vaiziuojamasis-bobby-automobilis-klasikinis\/"]}]},{"@type":"ImageObject","inLanguage":"lv-LV","@id":"https:\/\/kidsplay.lt\/produktas\/didelis-rokenrolo-vaiziuojamasis-bobby-automobilis-klasikinis\/#primaryimage","url":"https:\/\/kidsplay.lt\/wp-content\/uploads\/2025\/10\/DIDELIS-rokenrolo-vaiziuojamasis-Bobby-automobilis-klasikinis.jpg","contentUrl":"https:\/\/kidsplay.lt\/wp-content\/uploads\/2025\/10\/DIDELIS-rokenrolo-vaiziuojamasis-Bobby-automobilis-klasikinis.jpg","width":2160,"height":1800,"caption":"DIDELIS rokenrolo vai\u017eiuojamasis Bobby automobilis klasikinis"},{"@type":"BreadcrumbList","@id":"https:\/\/kidsplay.lt\/produktas\/didelis-rokenrolo-vaiziuojamasis-bobby-automobilis-klasikinis\/#breadcrumb","itemListElement":[{"@type":"ListItem","position":1,"name":"Pagrindinis","item":"https:\/\/kidsplay.lt\/"},{"@type":"ListItem","position":2,"name":"Parduotuv\u0117","item":"https:\/\/kidsplay.lt\/parduotuve\/"},{"@type":"ListItem","position":3,"name":"DIDELIS rokenrolo vai\u017eiuojamasis Bobby automobilis klasikinis"}]},{"@type":"WebSite","@id":"https:\/\/kidsplay.lt\/#website","url":"https:\/\/kidsplay.lt\/","name":"B\u0113rnu sp\u0113les.lv","description":"\u012evairios prek\u0117s vaikams","publisher":{"@id":"https:\/\/kidsplay.lt\/#organization"},"alternateName":"Kidsplay","potentialAction":[{"@type":"SearchAction","target":{"@type":"EntryPoint","urlTemplate":"https:\/\/kidsplay.lt\/?s={search_term_string}"},"query-input":{"@type":"PropertyValueSpecification","valueRequired":true,"valueName":"search_term_string"}}],"inLanguage":"lv-LV"},{"@type":"Organization","@id":"https:\/\/kidsplay.lt\/#organization","name":"B\u0113rnu sp\u0113le","url":"https:\/\/kidsplay.lt\/","logo":{"@type":"ImageObject","inLanguage":"lv-LV","@id":"https:\/\/kidsplay.lt\/#\/schema\/logo\/image\/","url":"https:\/\/kidsplay.lt\/wp-content\/uploads\/2023\/07\/kidsplay-logo.png","contentUrl":"https:\/\/kidsplay.lt\/wp-content\/uploads\/2023\/07\/kidsplay-logo.png","width":451,"height":98,"caption":"KidsPlay"},"image":{"@id":"https:\/\/kidsplay.lt\/#\/schema\/logo\/image\/"},"sameAs":["https:\/\/www.facebook.com\/www.kidsplay.lt"]}]}},"_links":{"self":[{"href":"https:\/\/kidsplay.lt\/lv\/wp-json\/wp\/v2\/product\/75156","targetHints":{"allow":["GET"]}}],"collection":[{"href":"https:\/\/kidsplay.lt\/lv\/wp-json\/wp\/v2\/product"}],"about":[{"href":"https:\/\/kidsplay.lt\/lv\/wp-json\/wp\/v2\/types\/product"}],"version-history":[{"count":2,"href":"https:\/\/kidsplay.lt\/lv\/wp-json\/wp\/v2\/product\/75156\/revisions"}],"predecessor-version":[{"id":75563,"href":"https:\/\/kidsplay.lt\/lv\/wp-json\/wp\/v2\/product\/75156\/revisions\/75563"}],"wp:featuredmedia":[{"embeddable":true,"href":"https:\/\/kidsplay.lt\/lv\/wp-json\/wp\/v2\/media\/75158"}],"wp:attachment":[{"href":"https:\/\/kidsplay.lt\/lv\/wp-json\/wp\/v2\/media?parent=75156"}],"wp:term":[{"taxonomy":"product_brand","embeddable":true,"href":"https:\/\/kidsplay.lt\/lv\/wp-json\/wp\/v2\/product_brand?post=75156"},{"taxonomy":"product_cat","embeddable":true,"href":"https:\/\/kidsplay.lt\/lv\/wp-json\/wp\/v2\/product_cat?post=75156"},{"taxonomy":"product_tag","embeddable":true,"href":"https:\/\/kidsplay.lt\/lv\/wp-json\/wp\/v2\/product_tag?post=75156"}],"curies":[{"name":"wp","href":"https:\/\/api.w.org\/{rel}","templated":true}]}}