{"id":75190,"date":"2025-10-08T09:27:32","date_gmt":"2025-10-08T06:27:32","guid":{"rendered":"https:\/\/kidsplay.lt\/produktas\/woopie-delione-logika-zaidimas-delione-strateginis-smegenu-mokymas\/"},"modified":"2026-04-13T13:54:13","modified_gmt":"2026-04-13T10:54:13","slug":"woopie-zaidimas-strategine-delione","status":"publish","type":"product","link":"https:\/\/kidsplay.lt\/lv\/products\/woopie-zaidimas-strategine-delione\/","title":{"rendered":"WOOPIE sp\u0113les strat\u0113\u0123isk\u0101 m\u012bkla"},"content":{"rendered":"<p>D\u0117lion\u0117 D\u0117lion\u0117 \u017daidimas Tetri Pocket \u017daidimas\u00a0i\u0161 \u012fmon\u0117s\u00a0WOOPIE\u00a0tai unikalus \u017eaidimas\u00a0logi\u0161ka, kuris ne tik suteikia daug linksmumo, bet ir puiku\u00a0lavina pa\u017einimo ir rankinius \u012fg\u016bd\u017eius\u00a0vaikams. Tai puikus galvos\u016bkis visiems, kurie m\u0117gsta intelektualinius i\u0161\u0161\u016bkius ir nori tobulinti savo loginio m\u0105stymo, koncentracijos ir spalv\u0173 suvokimo \u012fg\u016bd\u017eius. \u017daidimas buvo sukurtas su\u00a0smegen\u0173 stimuliacija\u00a0\u2013 per \u012fvairius i\u0161\u0161\u016bkius, k\u016brybi\u0161kai spr\u0119sdamas galvos\u016bkius, vaikas i\u0161moksta tvarkytis su problemomis, lavina erdvin\u0119 vaizduot\u0119 ir mokosi planuoti savo judesius. Kiekvienai u\u017eduo\u010diai reik\u0117s skirtingo, netradicinio po\u017ei\u016brio. Ne\u0161iojama lenta leis \u017eaisti bet kur, o paprastos taisykl\u0117s leis visiems lengvai prad\u0117ti \u017eaidim\u0105\u201e.<\/p>\n<p>Raksturojums:<\/p>\n<p>&#8211; \u017eaidimas i\u0161\u00a04 met\u0173 am\u017eiaus<br \/>\n&#8211; Kompakti\u0161kas\u00a0\u017eaidimo dydis suteikia galimyb\u0119 j\u012f \u017eaisti\u00a0\u017eaisk\u00a0visur<br \/>\n&#8211; Tai \u017eaidimas, kuriame galite i\u0161bandyti savo loginio m\u0105stymo \u012fg\u016bd\u017eius tiek 2D, tiek 3D formatu!<br \/>\n&#8211; Leid\u017eia treniruoti vaiko smegenis<\/p>\n<p>Sp\u0113les noteikumi:<\/p>\n<p>\u017daidimo tikslas &#8211; i\u0161d\u0117styti ant lentos atitinkamus elementus, kad jie puikiai u\u017epildyt\u0173 visas laisvas vietas. Kiekvienoje u\u017eduotyje tur\u0117t\u0173 b\u016bti sukurtas konkretus modelis, laikantis gairi\u0173 i\u0161 u\u017eduo\u010di\u0173 knygel\u0117s, \u012ftrauktos \u012f rinkin\u012f<br \/>\nPasukite elementus ir pa\u017ei\u016br\u0117kite, kaip jie gali tilpti skirtingose lentos vietose<br \/>\nJei nepavyko sutvarkyti vis\u0173 gabal\u0173, bandykite dar kart\u0105 juos pertvarkydami<\/p>\n<p>Iepakojuma saturs:<\/p>\n<p>&#8211; \u017eaidim\u0173 lenta su plastikiniu dangteliu<br \/>\n&#8211; 10 spalving\u0173 d\u0117lion\u0117s dali\u0173<br \/>\n&#8211; knygel\u0117 su u\u017eduotimis ir j\u0173 sprendimais<\/p>\n<p>\u017daidimas i\u0161ple\u010dia:<\/p>\n<p>Logi\u0161kas m\u0105stymas<br \/>\nErdviniai suvokimai<br \/>\nK\u016brybi\u0161kumas ir vaizduot\u0117<br \/>\nKoncentracijos ir kantryb\u0117<br \/>\nRank\u0173 ir aki\u0173 koordinavimas<\/p>\n<p>\u017daidimas yra trij\u0173 spalv\u0173 siun\u010diamas atsitiktinai.<\/p>","protected":false},"excerpt":{"rendered":"<p>5906280652593<\/p>","protected":false},"featured_media":75192,"template":"","meta":{"_acf_changed":false,"_glsr_average":0,"_glsr_ranking":0,"_glsr_reviews":0},"product_brand":[],"product_cat":[388,72,229],"product_tag":[],"class_list":{"0":"post-75190","1":"product","2":"type-product","3":"status-publish","4":"has-post-thumbnail","6":"product_cat-edukaciniai-lavinamieji-zaislai","7":"product_cat-ispardavimas","8":"product_cat-zaislai-vaikams","9":"\"style=\"background-color: #2ecc711c;\"","11":"first","12":"instock","13":"sale","14":"purchasable","15":"product-type-simple"},"acf":[],"yoast_head":"<!-- This site is optimized with the Yoast SEO plugin v27.3 - https:\/\/yoast.com\/product\/yoast-seo-wordpress\/ -->\n<title>WOOPIE D\u0117lion\u0117 Logika \u017daidimas D\u0117lion\u0117 Strateginis Smegen\u0173 Mokymas<\/title>\n<meta name=\"description\" content=\"WOOPIE D\u0117lion\u0117 Logika \u017daidimas D\u0117lion\u0117 Strateginis Smegen\u0173 Mokymas - KidsPlay. Did\u017eiausias vaik\u0173 \u017eaisl\u0173 pasirinkimas.\" \/>\n<meta name=\"robots\" content=\"index, follow, max-snippet:-1, max-image-preview:large, max-video-preview:-1\" \/>\n<link rel=\"canonical\" href=\"https:\/\/kidsplay.lt\/lv\/products\/woopie-zaidimas-strategine-delione\/\" \/>\n<meta property=\"og:locale\" content=\"lv_LV\" \/>\n<meta property=\"og:type\" content=\"article\" \/>\n<meta property=\"og:title\" content=\"WOOPIE D\u0117lion\u0117 Logika \u017daidimas D\u0117lion\u0117 Strateginis Smegen\u0173 Mokymas\" \/>\n<meta property=\"og:description\" content=\"WOOPIE D\u0117lion\u0117 Logika \u017daidimas D\u0117lion\u0117 Strateginis Smegen\u0173 Mokymas - KidsPlay. Did\u017eiausias vaik\u0173 \u017eaisl\u0173 pasirinkimas.\" \/>\n<meta property=\"og:url\" content=\"https:\/\/kidsplay.lt\/lv\/products\/woopie-zaidimas-strategine-delione\/\" \/>\n<meta property=\"og:site_name\" content=\"KidsPlay\" \/>\n<meta property=\"article:publisher\" content=\"https:\/\/www.facebook.com\/www.kidsplay.lt\" \/>\n<meta property=\"article:modified_time\" content=\"2026-04-13T10:54:13+00:00\" \/>\n<meta property=\"og:image\" content=\"https:\/\/kidsplay.lt\/wp-content\/uploads\/2025\/10\/WOOPIE-Delione-Logika-Zaidimas-Delione-Strateginis-Smegenu-Mokymas.jpg\" \/>\n\t<meta property=\"og:image:width\" content=\"1000\" \/>\n\t<meta property=\"og:image:height\" content=\"1000\" \/>\n\t<meta property=\"og:image:type\" content=\"image\/jpeg\" \/>\n<meta name=\"twitter:card\" content=\"summary_large_image\" \/>\n<meta name=\"twitter:label1\" content=\"Est. reading time\" \/>\n\t<meta name=\"twitter:data1\" content=\"2 min\u016btes\" \/>\n<script type=\"application\/ld+json\" class=\"yoast-schema-graph\">{\"@context\":\"https:\\\/\\\/schema.org\",\"@graph\":[{\"@type\":\"WebPage\",\"@id\":\"https:\\\/\\\/kidsplay.lt\\\/produktas\\\/woopie-zaidimas-strategine-delione\\\/\",\"url\":\"https:\\\/\\\/kidsplay.lt\\\/produktas\\\/woopie-zaidimas-strategine-delione\\\/\",\"name\":\"WOOPIE D\u0117lion\u0117 Logika \u017daidimas D\u0117lion\u0117 Strateginis Smegen\u0173 Mokymas\",\"isPartOf\":{\"@id\":\"https:\\\/\\\/kidsplay.lt\\\/#website\"},\"primaryImageOfPage\":{\"@id\":\"https:\\\/\\\/kidsplay.lt\\\/produktas\\\/woopie-zaidimas-strategine-delione\\\/#primaryimage\"},\"image\":{\"@id\":\"https:\\\/\\\/kidsplay.lt\\\/produktas\\\/woopie-zaidimas-strategine-delione\\\/#primaryimage\"},\"thumbnailUrl\":\"https:\\\/\\\/kidsplay.lt\\\/wp-content\\\/uploads\\\/2025\\\/10\\\/WOOPIE-Delione-Logika-Zaidimas-Delione-Strateginis-Smegenu-Mokymas.jpg\",\"datePublished\":\"2025-10-08T06:27:32+00:00\",\"dateModified\":\"2026-04-13T10:54:13+00:00\",\"description\":\"WOOPIE D\u0117lion\u0117 Logika \u017daidimas D\u0117lion\u0117 Strateginis Smegen\u0173 Mokymas - KidsPlay. Did\u017eiausias vaik\u0173 \u017eaisl\u0173 pasirinkimas.\",\"breadcrumb\":{\"@id\":\"https:\\\/\\\/kidsplay.lt\\\/produktas\\\/woopie-zaidimas-strategine-delione\\\/#breadcrumb\"},\"inLanguage\":\"lv-LV\",\"potentialAction\":[{\"@type\":\"ReadAction\",\"target\":[\"https:\\\/\\\/kidsplay.lt\\\/produktas\\\/woopie-zaidimas-strategine-delione\\\/\"]}]},{\"@type\":\"ImageObject\",\"inLanguage\":\"lv-LV\",\"@id\":\"https:\\\/\\\/kidsplay.lt\\\/produktas\\\/woopie-zaidimas-strategine-delione\\\/#primaryimage\",\"url\":\"https:\\\/\\\/kidsplay.lt\\\/wp-content\\\/uploads\\\/2025\\\/10\\\/WOOPIE-Delione-Logika-Zaidimas-Delione-Strateginis-Smegenu-Mokymas.jpg\",\"contentUrl\":\"https:\\\/\\\/kidsplay.lt\\\/wp-content\\\/uploads\\\/2025\\\/10\\\/WOOPIE-Delione-Logika-Zaidimas-Delione-Strateginis-Smegenu-Mokymas.jpg\",\"width\":1000,\"height\":1000,\"caption\":\"WOOPIE D\u0117lion\u0117 Logika \u017daidimas D\u0117lion\u0117 Strateginis Smegen\u0173 Mokymas\"},{\"@type\":\"BreadcrumbList\",\"@id\":\"https:\\\/\\\/kidsplay.lt\\\/produktas\\\/woopie-zaidimas-strategine-delione\\\/#breadcrumb\",\"itemListElement\":[{\"@type\":\"ListItem\",\"position\":1,\"name\":\"Pagrindinis\",\"item\":\"https:\\\/\\\/kidsplay.lt\\\/\"},{\"@type\":\"ListItem\",\"position\":2,\"name\":\"Parduotuv\u0117\",\"item\":\"https:\\\/\\\/kidsplay.lt\\\/parduotuve\\\/\"},{\"@type\":\"ListItem\",\"position\":3,\"name\":\"WOOPIE \u017eaidimas strategin\u0117 d\u0117lion\u0117\"}]},{\"@type\":\"WebSite\",\"@id\":\"https:\\\/\\\/kidsplay.lt\\\/#website\",\"url\":\"https:\\\/\\\/kidsplay.lt\\\/\",\"name\":\"Kidsplay.lt\",\"description\":\"\u012evairios prek\u0117s vaikams\",\"publisher\":{\"@id\":\"https:\\\/\\\/kidsplay.lt\\\/#organization\"},\"alternateName\":\"Kidsplay\",\"potentialAction\":[{\"@type\":\"SearchAction\",\"target\":{\"@type\":\"EntryPoint\",\"urlTemplate\":\"https:\\\/\\\/kidsplay.lt\\\/?s={search_term_string}\"},\"query-input\":{\"@type\":\"PropertyValueSpecification\",\"valueRequired\":true,\"valueName\":\"search_term_string\"}}],\"inLanguage\":\"lv-LV\"},{\"@type\":\"Organization\",\"@id\":\"https:\\\/\\\/kidsplay.lt\\\/#organization\",\"name\":\"KidsPlay\",\"url\":\"https:\\\/\\\/kidsplay.lt\\\/\",\"logo\":{\"@type\":\"ImageObject\",\"inLanguage\":\"lv-LV\",\"@id\":\"https:\\\/\\\/kidsplay.lt\\\/#\\\/schema\\\/logo\\\/image\\\/\",\"url\":\"https:\\\/\\\/kidsplay.lt\\\/wp-content\\\/uploads\\\/2023\\\/07\\\/kidsplay-logo.png\",\"contentUrl\":\"https:\\\/\\\/kidsplay.lt\\\/wp-content\\\/uploads\\\/2023\\\/07\\\/kidsplay-logo.png\",\"width\":451,\"height\":98,\"caption\":\"KidsPlay\"},\"image\":{\"@id\":\"https:\\\/\\\/kidsplay.lt\\\/#\\\/schema\\\/logo\\\/image\\\/\"},\"sameAs\":[\"https:\\\/\\\/www.facebook.com\\\/www.kidsplay.lt\"]}]}<\/script>\n<!-- \/ Yoast SEO plugin. -->","yoast_head_json":{"title":"WOOPIE m\u012bklu lo\u0123ikas sp\u0113le M\u012bklu strat\u0113\u0123isk\u0101 smadze\u0146u treni\u0146\u0161","description":"WOOPIE D\u0117lion\u0117 Logika \u017daidimas D\u0117lion\u0117 Strateginis Smegen\u0173 Mokymas - KidsPlay. Did\u017eiausias vaik\u0173 \u017eaisl\u0173 pasirinkimas.","robots":{"index":"index","follow":"follow","max-snippet":"max-snippet:-1","max-image-preview":"max-image-preview:large","max-video-preview":"max-video-preview:-1"},"canonical":"https:\/\/kidsplay.lt\/lv\/products\/woopie-zaidimas-strategine-delione\/","og_locale":"lv_LV","og_type":"article","og_title":"WOOPIE D\u0117lion\u0117 Logika \u017daidimas D\u0117lion\u0117 Strateginis Smegen\u0173 Mokymas","og_description":"WOOPIE D\u0117lion\u0117 Logika \u017daidimas D\u0117lion\u0117 Strateginis Smegen\u0173 Mokymas - KidsPlay. Did\u017eiausias vaik\u0173 \u017eaisl\u0173 pasirinkimas.","og_url":"https:\/\/kidsplay.lt\/lv\/products\/woopie-zaidimas-strategine-delione\/","og_site_name":"KidsPlay","article_publisher":"https:\/\/www.facebook.com\/www.kidsplay.lt","article_modified_time":"2026-04-13T10:54:13+00:00","og_image":[{"width":1000,"height":1000,"url":"https:\/\/kidsplay.lt\/wp-content\/uploads\/2025\/10\/WOOPIE-Delione-Logika-Zaidimas-Delione-Strateginis-Smegenu-Mokymas.jpg","type":"image\/jpeg"}],"twitter_card":"summary_large_image","twitter_misc":{"Est. reading time":"2 min\u016btes"},"schema":{"@context":"https:\/\/schema.org","@graph":[{"@type":"WebPage","@id":"https:\/\/kidsplay.lt\/produktas\/woopie-zaidimas-strategine-delione\/","url":"https:\/\/kidsplay.lt\/produktas\/woopie-zaidimas-strategine-delione\/","name":"WOOPIE m\u012bklu lo\u0123ikas sp\u0113le M\u012bklu strat\u0113\u0123isk\u0101 smadze\u0146u treni\u0146\u0161","isPartOf":{"@id":"https:\/\/kidsplay.lt\/#website"},"primaryImageOfPage":{"@id":"https:\/\/kidsplay.lt\/produktas\/woopie-zaidimas-strategine-delione\/#primaryimage"},"image":{"@id":"https:\/\/kidsplay.lt\/produktas\/woopie-zaidimas-strategine-delione\/#primaryimage"},"thumbnailUrl":"https:\/\/kidsplay.lt\/wp-content\/uploads\/2025\/10\/WOOPIE-Delione-Logika-Zaidimas-Delione-Strateginis-Smegenu-Mokymas.jpg","datePublished":"2025-10-08T06:27:32+00:00","dateModified":"2026-04-13T10:54:13+00:00","description":"WOOPIE D\u0117lion\u0117 Logika \u017daidimas D\u0117lion\u0117 Strateginis Smegen\u0173 Mokymas - KidsPlay. Did\u017eiausias vaik\u0173 \u017eaisl\u0173 pasirinkimas.","breadcrumb":{"@id":"https:\/\/kidsplay.lt\/produktas\/woopie-zaidimas-strategine-delione\/#breadcrumb"},"inLanguage":"lv-LV","potentialAction":[{"@type":"ReadAction","target":["https:\/\/kidsplay.lt\/produktas\/woopie-zaidimas-strategine-delione\/"]}]},{"@type":"ImageObject","inLanguage":"lv-LV","@id":"https:\/\/kidsplay.lt\/produktas\/woopie-zaidimas-strategine-delione\/#primaryimage","url":"https:\/\/kidsplay.lt\/wp-content\/uploads\/2025\/10\/WOOPIE-Delione-Logika-Zaidimas-Delione-Strateginis-Smegenu-Mokymas.jpg","contentUrl":"https:\/\/kidsplay.lt\/wp-content\/uploads\/2025\/10\/WOOPIE-Delione-Logika-Zaidimas-Delione-Strateginis-Smegenu-Mokymas.jpg","width":1000,"height":1000,"caption":"WOOPIE D\u0117lion\u0117 Logika \u017daidimas D\u0117lion\u0117 Strateginis Smegen\u0173 Mokymas"},{"@type":"BreadcrumbList","@id":"https:\/\/kidsplay.lt\/produktas\/woopie-zaidimas-strategine-delione\/#breadcrumb","itemListElement":[{"@type":"ListItem","position":1,"name":"Pagrindinis","item":"https:\/\/kidsplay.lt\/"},{"@type":"ListItem","position":2,"name":"Parduotuv\u0117","item":"https:\/\/kidsplay.lt\/parduotuve\/"},{"@type":"ListItem","position":3,"name":"WOOPIE \u017eaidimas strategin\u0117 d\u0117lion\u0117"}]},{"@type":"WebSite","@id":"https:\/\/kidsplay.lt\/#website","url":"https:\/\/kidsplay.lt\/","name":"B\u0113rnu sp\u0113les.lv","description":"\u012evairios prek\u0117s vaikams","publisher":{"@id":"https:\/\/kidsplay.lt\/#organization"},"alternateName":"Kidsplay","potentialAction":[{"@type":"SearchAction","target":{"@type":"EntryPoint","urlTemplate":"https:\/\/kidsplay.lt\/?s={search_term_string}"},"query-input":{"@type":"PropertyValueSpecification","valueRequired":true,"valueName":"search_term_string"}}],"inLanguage":"lv-LV"},{"@type":"Organization","@id":"https:\/\/kidsplay.lt\/#organization","name":"B\u0113rnu sp\u0113le","url":"https:\/\/kidsplay.lt\/","logo":{"@type":"ImageObject","inLanguage":"lv-LV","@id":"https:\/\/kidsplay.lt\/#\/schema\/logo\/image\/","url":"https:\/\/kidsplay.lt\/wp-content\/uploads\/2023\/07\/kidsplay-logo.png","contentUrl":"https:\/\/kidsplay.lt\/wp-content\/uploads\/2023\/07\/kidsplay-logo.png","width":451,"height":98,"caption":"KidsPlay"},"image":{"@id":"https:\/\/kidsplay.lt\/#\/schema\/logo\/image\/"},"sameAs":["https:\/\/www.facebook.com\/www.kidsplay.lt"]}]}},"_links":{"self":[{"href":"https:\/\/kidsplay.lt\/lv\/wp-json\/wp\/v2\/product\/75190","targetHints":{"allow":["GET"]}}],"collection":[{"href":"https:\/\/kidsplay.lt\/lv\/wp-json\/wp\/v2\/product"}],"about":[{"href":"https:\/\/kidsplay.lt\/lv\/wp-json\/wp\/v2\/types\/product"}],"version-history":[{"count":4,"href":"https:\/\/kidsplay.lt\/lv\/wp-json\/wp\/v2\/product\/75190\/revisions"}],"predecessor-version":[{"id":82844,"href":"https:\/\/kidsplay.lt\/lv\/wp-json\/wp\/v2\/product\/75190\/revisions\/82844"}],"wp:featuredmedia":[{"embeddable":true,"href":"https:\/\/kidsplay.lt\/lv\/wp-json\/wp\/v2\/media\/75192"}],"wp:attachment":[{"href":"https:\/\/kidsplay.lt\/lv\/wp-json\/wp\/v2\/media?parent=75190"}],"wp:term":[{"taxonomy":"product_brand","embeddable":true,"href":"https:\/\/kidsplay.lt\/lv\/wp-json\/wp\/v2\/product_brand?post=75190"},{"taxonomy":"product_cat","embeddable":true,"href":"https:\/\/kidsplay.lt\/lv\/wp-json\/wp\/v2\/product_cat?post=75190"},{"taxonomy":"product_tag","embeddable":true,"href":"https:\/\/kidsplay.lt\/lv\/wp-json\/wp\/v2\/product_tag?post=75190"}],"curies":[{"name":"wp","href":"https:\/\/api.w.org\/{rel}","templated":true}]}}