{"id":75207,"date":"2025-10-08T09:28:52","date_gmt":"2025-10-08T06:28:52","guid":{"rendered":"https:\/\/kidsplay.lt\/produktas\/step2-aukle-kampas-aukles-lele-zaidimu-kambarys\/"},"modified":"2026-04-13T14:34:49","modified_gmt":"2026-04-13T11:34:49","slug":"step2-aukle-kampas-aukles-lele-zaidimu-kambarys","status":"publish","type":"product","link":"https:\/\/kidsplay.lt\/lv\/products\/step2-aukle-kampas-aukles-lele-zaidimu-kambarys\/","title":{"rendered":"STEP2 Aukl\u012b\u0161u st\u016br\u012btis Aukl\u012b\u0161u le\u013c\u013cu rota\u013cu istaba"},"content":{"rendered":"<p>\u017daisti kampo tip\u0105\u00a0aukl\u0117, masyvus, skirtas skirtingoms am\u017eiaus grup\u0117ms. Pagaminta i\u0161 med\u017eiag\u0173\u00a0saugus\u00a0vaikams, be ftalat\u0173, sertifikuotas, pagamintas i\u0161 masyvaus plastiko\u00a0dvigubos sienos\u00a0atsparus \u012ftr\u016bkimams.\u00a0Stabilus\u00a0ir\u00a0vienoda konstrukcija\u00a0leid\u017eia lengvai perkelti kamp\u0105.\u00a0\u017daiskite su edukacin\u0117mis pramogomis su \u0161iuo rinkiniu, kuris puikiai tinka kiekvieno vaiko \u017eaidim\u0173 kambariui ar miegamajam.<\/p>\n<p>Raksturojums:<\/p>\n<p> \t&#8211; Pervyniotuvas taip pat tarnauja kaip miegamoji stotis su\u00a0besisukanti karusel\u0117&#8217;, kuris padeda u\u017emigdyti k\u016bdik\u012f.<br \/>\n \t&#8211;\u00a0Darbo spintel\u0117s\u00a0jie leid\u017eia lengvai laikyti b\u016btiniausius k\u016bdiki\u0173 aksesuarus (l\u0117li\u0173 drabu\u017eiai ir aksesuarai ne\u012ftraukti)<br \/>\n \t&#8211; Apsimetin\u0117jimas\u00a0skalbimo ma\u0161ina\u00a0jame yra durys su langu, kaip ir tikra i\u0161 priekio pakraunama skalbimo ma\u0161ina!<br \/>\n \t\u017daisl\u0173 rinkinys tinka standarti\u0161kai\u00a0l\u0117l\u0117s k\u016bdikiams 40,6 cm\u00a0(l\u0117l\u0117 ne\u012fskai\u010diuota).<br \/>\n \t&#8211;\u00a0Lengvai valomas: Kai tik norite, naudokite dezinfekcines servet\u0117les ar buitines valymo priemones!<\/p>\n<p>Aukl\u0117s komplekt\u0105 sudaro:<\/p>\n<p> \t&#8211; pervyniotojas,<br \/>\n \t&#8211; praustuvas su pasukamu \u010diaupu,<br \/>\n \t&#8211; s\u0117dyn\u0117 &#8211; l\u0117l\u0117s k\u0117d\u0117,<br \/>\n \t&#8211; besisukanti karusel\u0117,<br \/>\n \t&#8211; didel\u0117 skalbimo ma\u0161ina su kilnojama ranken\u0117le ir atidaromomis durimis,<br \/>\n \t&#8211; didel\u0117 lentyna ir spintel\u0117 su durimis.<br \/>\n \t&#8211; du geltoni konteineriai<br \/>\n \t&#8211; trys l\u0117li\u0173 drabu\u017ei\u0173 kabyklos.<\/p>\n<p>2 \u017eingsnis\u00a0\u2013 kokyb\u0117 pirma, puik\u016bs \u017eaislai antra!\u00a0Jei renkantis \u017eaisl\u0105 vaikui vadovaujat\u0117s kokybe ir saugumu, visa serija fantasti\u0161k\u0173 \u017eaisl\u0173\u00a0amerikie\u010di\u0173\u00a0\u012fmon\u0117s\u00a02 \u017eingsnis, tai tikrai atitiks vaiko, t\u0117v\u0173, lop\u0161eli\u0173, dar\u017eeli\u0173 ir kit\u0173 ugdymo \u012fstaig\u0173 l\u016bkes\u010dius.\u00a0Step2 jau kelis de\u0161imtme\u010dius gamina geriausius \u017eaislus\u00a0JAV! Pasi\u016blyme, be kita ko, yra: sm\u0117lio d\u0117\u017e\u0117s, sodo nameliai, \u017eaidim\u0173 aik\u0161tel\u0117s, dirbtuv\u0117s, pasiva\u017ein\u0117jimai, virtuv\u0117s, vaik\u0173 baldai.<\/p>","protected":false},"excerpt":{"rendered":"<p>0733538847198<\/p>","protected":false},"featured_media":75209,"template":"","meta":{"_acf_changed":false,"_glsr_average":0,"_glsr_ranking":0,"_glsr_reviews":0},"product_brand":[],"product_cat":[443,283,229],"product_tag":[],"class_list":{"0":"post-75207","1":"product","2":"type-product","3":"status-publish","4":"has-post-thumbnail","6":"product_cat-leles-ir-priedai","7":"product_cat-leliu-nameliai","8":"product_cat-zaislai-vaikams","9":"\"style=\"background-color: #2ecc711c;\"","11":"first","12":"instock","13":"purchasable","14":"product-type-simple"},"acf":[],"yoast_head":"<!-- This site is optimized with the Yoast SEO plugin v27.4 - https:\/\/yoast.com\/product\/yoast-seo-wordpress\/ -->\n<title>STEP2 Aukl\u0117 Kampas Aukl\u0117s L\u0117l\u0117 \u017daidim\u0173 kambarys<\/title>\n<meta name=\"description\" content=\"STEP2 Aukl\u0117 Kampas Aukl\u0117s L\u0117l\u0117 \u017daidim\u0173 kambarys - KidsPlay. Did\u017eiausias vaik\u0173 \u017eaisl\u0173 pasirinkimas.\" \/>\n<meta name=\"robots\" content=\"index, follow, max-snippet:-1, max-image-preview:large, max-video-preview:-1\" \/>\n<link rel=\"canonical\" href=\"https:\/\/kidsplay.lt\/lv\/products\/step2-aukle-kampas-aukles-lele-zaidimu-kambarys\/\" \/>\n<meta property=\"og:locale\" content=\"lv_LV\" \/>\n<meta property=\"og:type\" content=\"article\" \/>\n<meta property=\"og:title\" content=\"STEP2 Aukl\u0117 Kampas Aukl\u0117s L\u0117l\u0117 \u017daidim\u0173 kambarys\" \/>\n<meta property=\"og:description\" content=\"STEP2 Aukl\u0117 Kampas Aukl\u0117s L\u0117l\u0117 \u017daidim\u0173 kambarys - KidsPlay. Did\u017eiausias vaik\u0173 \u017eaisl\u0173 pasirinkimas.\" \/>\n<meta property=\"og:url\" content=\"https:\/\/kidsplay.lt\/lv\/products\/step2-aukle-kampas-aukles-lele-zaidimu-kambarys\/\" \/>\n<meta property=\"og:site_name\" content=\"KidsPlay\" \/>\n<meta property=\"article:publisher\" content=\"https:\/\/www.facebook.com\/www.kidsplay.lt\" \/>\n<meta property=\"article:modified_time\" content=\"2026-04-13T11:34:49+00:00\" \/>\n<meta property=\"og:image\" content=\"https:\/\/kidsplay.lt\/wp-content\/uploads\/2025\/10\/STEP2-Aukle-Kampas-Aukles-Lele-Zaidimu-kambarys.jpg\" \/>\n\t<meta property=\"og:image:width\" content=\"1000\" \/>\n\t<meta property=\"og:image:height\" content=\"1000\" \/>\n\t<meta property=\"og:image:type\" content=\"image\/jpeg\" \/>\n<meta name=\"twitter:card\" content=\"summary_large_image\" \/>\n<meta name=\"twitter:label1\" content=\"Est. reading time\" \/>\n\t<meta name=\"twitter:data1\" content=\"1 min\u016bte\" \/>\n<script type=\"application\/ld+json\" class=\"yoast-schema-graph\">{\"@context\":\"https:\\\/\\\/schema.org\",\"@graph\":[{\"@type\":\"WebPage\",\"@id\":\"https:\\\/\\\/kidsplay.lt\\\/produktas\\\/step2-aukle-kampas-aukles-lele-zaidimu-kambarys\\\/\",\"url\":\"https:\\\/\\\/kidsplay.lt\\\/produktas\\\/step2-aukle-kampas-aukles-lele-zaidimu-kambarys\\\/\",\"name\":\"STEP2 Aukl\u0117 Kampas Aukl\u0117s L\u0117l\u0117 \u017daidim\u0173 kambarys\",\"isPartOf\":{\"@id\":\"https:\\\/\\\/kidsplay.lt\\\/#website\"},\"primaryImageOfPage\":{\"@id\":\"https:\\\/\\\/kidsplay.lt\\\/produktas\\\/step2-aukle-kampas-aukles-lele-zaidimu-kambarys\\\/#primaryimage\"},\"image\":{\"@id\":\"https:\\\/\\\/kidsplay.lt\\\/produktas\\\/step2-aukle-kampas-aukles-lele-zaidimu-kambarys\\\/#primaryimage\"},\"thumbnailUrl\":\"https:\\\/\\\/kidsplay.lt\\\/wp-content\\\/uploads\\\/2025\\\/10\\\/STEP2-Aukle-Kampas-Aukles-Lele-Zaidimu-kambarys.jpg\",\"datePublished\":\"2025-10-08T06:28:52+00:00\",\"dateModified\":\"2026-04-13T11:34:49+00:00\",\"description\":\"STEP2 Aukl\u0117 Kampas Aukl\u0117s L\u0117l\u0117 \u017daidim\u0173 kambarys - KidsPlay. Did\u017eiausias vaik\u0173 \u017eaisl\u0173 pasirinkimas.\",\"breadcrumb\":{\"@id\":\"https:\\\/\\\/kidsplay.lt\\\/produktas\\\/step2-aukle-kampas-aukles-lele-zaidimu-kambarys\\\/#breadcrumb\"},\"inLanguage\":\"lv-LV\",\"potentialAction\":[{\"@type\":\"ReadAction\",\"target\":[\"https:\\\/\\\/kidsplay.lt\\\/produktas\\\/step2-aukle-kampas-aukles-lele-zaidimu-kambarys\\\/\"]}]},{\"@type\":\"ImageObject\",\"inLanguage\":\"lv-LV\",\"@id\":\"https:\\\/\\\/kidsplay.lt\\\/produktas\\\/step2-aukle-kampas-aukles-lele-zaidimu-kambarys\\\/#primaryimage\",\"url\":\"https:\\\/\\\/kidsplay.lt\\\/wp-content\\\/uploads\\\/2025\\\/10\\\/STEP2-Aukle-Kampas-Aukles-Lele-Zaidimu-kambarys.jpg\",\"contentUrl\":\"https:\\\/\\\/kidsplay.lt\\\/wp-content\\\/uploads\\\/2025\\\/10\\\/STEP2-Aukle-Kampas-Aukles-Lele-Zaidimu-kambarys.jpg\",\"width\":1000,\"height\":1000,\"caption\":\"STEP2 Aukl\u0117 Kampas Aukl\u0117s L\u0117l\u0117 \u017daidim\u0173 kambarys\"},{\"@type\":\"BreadcrumbList\",\"@id\":\"https:\\\/\\\/kidsplay.lt\\\/produktas\\\/step2-aukle-kampas-aukles-lele-zaidimu-kambarys\\\/#breadcrumb\",\"itemListElement\":[{\"@type\":\"ListItem\",\"position\":1,\"name\":\"Pagrindinis\",\"item\":\"https:\\\/\\\/kidsplay.lt\\\/\"},{\"@type\":\"ListItem\",\"position\":2,\"name\":\"Parduotuv\u0117\",\"item\":\"https:\\\/\\\/kidsplay.lt\\\/parduotuve\\\/\"},{\"@type\":\"ListItem\",\"position\":3,\"name\":\"STEP2 Aukl\u0117 Kampas Aukl\u0117s L\u0117l\u0117 \u017daidim\u0173 kambarys\"}]},{\"@type\":\"WebSite\",\"@id\":\"https:\\\/\\\/kidsplay.lt\\\/#website\",\"url\":\"https:\\\/\\\/kidsplay.lt\\\/\",\"name\":\"Kidsplay.lt\",\"description\":\"\u012evairios prek\u0117s vaikams\",\"publisher\":{\"@id\":\"https:\\\/\\\/kidsplay.lt\\\/#organization\"},\"alternateName\":\"Kidsplay\",\"potentialAction\":[{\"@type\":\"SearchAction\",\"target\":{\"@type\":\"EntryPoint\",\"urlTemplate\":\"https:\\\/\\\/kidsplay.lt\\\/?s={search_term_string}\"},\"query-input\":{\"@type\":\"PropertyValueSpecification\",\"valueRequired\":true,\"valueName\":\"search_term_string\"}}],\"inLanguage\":\"lv-LV\"},{\"@type\":\"Organization\",\"@id\":\"https:\\\/\\\/kidsplay.lt\\\/#organization\",\"name\":\"KidsPlay\",\"url\":\"https:\\\/\\\/kidsplay.lt\\\/\",\"logo\":{\"@type\":\"ImageObject\",\"inLanguage\":\"lv-LV\",\"@id\":\"https:\\\/\\\/kidsplay.lt\\\/#\\\/schema\\\/logo\\\/image\\\/\",\"url\":\"https:\\\/\\\/kidsplay.lt\\\/wp-content\\\/uploads\\\/2023\\\/07\\\/kidsplay-logo.png\",\"contentUrl\":\"https:\\\/\\\/kidsplay.lt\\\/wp-content\\\/uploads\\\/2023\\\/07\\\/kidsplay-logo.png\",\"width\":451,\"height\":98,\"caption\":\"KidsPlay\"},\"image\":{\"@id\":\"https:\\\/\\\/kidsplay.lt\\\/#\\\/schema\\\/logo\\\/image\\\/\"},\"sameAs\":[\"https:\\\/\\\/www.facebook.com\\\/www.kidsplay.lt\"]}]}<\/script>\n<!-- \/ Yoast SEO plugin. -->","yoast_head_json":{"title":"STEP2 Aukl\u012b\u0161u st\u016br\u012btis Aukl\u012b\u0161u le\u013c\u013cu rota\u013cu istaba","description":"STEP2 Aukl\u0117 Kampas Aukl\u0117s L\u0117l\u0117 \u017daidim\u0173 kambarys - KidsPlay. Did\u017eiausias vaik\u0173 \u017eaisl\u0173 pasirinkimas.","robots":{"index":"index","follow":"follow","max-snippet":"max-snippet:-1","max-image-preview":"max-image-preview:large","max-video-preview":"max-video-preview:-1"},"canonical":"https:\/\/kidsplay.lt\/lv\/products\/step2-aukle-kampas-aukles-lele-zaidimu-kambarys\/","og_locale":"lv_LV","og_type":"article","og_title":"STEP2 Aukl\u0117 Kampas Aukl\u0117s L\u0117l\u0117 \u017daidim\u0173 kambarys","og_description":"STEP2 Aukl\u0117 Kampas Aukl\u0117s L\u0117l\u0117 \u017daidim\u0173 kambarys - KidsPlay. Did\u017eiausias vaik\u0173 \u017eaisl\u0173 pasirinkimas.","og_url":"https:\/\/kidsplay.lt\/lv\/products\/step2-aukle-kampas-aukles-lele-zaidimu-kambarys\/","og_site_name":"KidsPlay","article_publisher":"https:\/\/www.facebook.com\/www.kidsplay.lt","article_modified_time":"2026-04-13T11:34:49+00:00","og_image":[{"width":1000,"height":1000,"url":"https:\/\/kidsplay.lt\/wp-content\/uploads\/2025\/10\/STEP2-Aukle-Kampas-Aukles-Lele-Zaidimu-kambarys.jpg","type":"image\/jpeg"}],"twitter_card":"summary_large_image","twitter_misc":{"Est. reading time":"1 min\u016bte"},"schema":{"@context":"https:\/\/schema.org","@graph":[{"@type":"WebPage","@id":"https:\/\/kidsplay.lt\/produktas\/step2-aukle-kampas-aukles-lele-zaidimu-kambarys\/","url":"https:\/\/kidsplay.lt\/produktas\/step2-aukle-kampas-aukles-lele-zaidimu-kambarys\/","name":"STEP2 Aukl\u012b\u0161u st\u016br\u012btis Aukl\u012b\u0161u le\u013c\u013cu rota\u013cu istaba","isPartOf":{"@id":"https:\/\/kidsplay.lt\/#website"},"primaryImageOfPage":{"@id":"https:\/\/kidsplay.lt\/produktas\/step2-aukle-kampas-aukles-lele-zaidimu-kambarys\/#primaryimage"},"image":{"@id":"https:\/\/kidsplay.lt\/produktas\/step2-aukle-kampas-aukles-lele-zaidimu-kambarys\/#primaryimage"},"thumbnailUrl":"https:\/\/kidsplay.lt\/wp-content\/uploads\/2025\/10\/STEP2-Aukle-Kampas-Aukles-Lele-Zaidimu-kambarys.jpg","datePublished":"2025-10-08T06:28:52+00:00","dateModified":"2026-04-13T11:34:49+00:00","description":"STEP2 Aukl\u0117 Kampas Aukl\u0117s L\u0117l\u0117 \u017daidim\u0173 kambarys - KidsPlay. Did\u017eiausias vaik\u0173 \u017eaisl\u0173 pasirinkimas.","breadcrumb":{"@id":"https:\/\/kidsplay.lt\/produktas\/step2-aukle-kampas-aukles-lele-zaidimu-kambarys\/#breadcrumb"},"inLanguage":"lv-LV","potentialAction":[{"@type":"ReadAction","target":["https:\/\/kidsplay.lt\/produktas\/step2-aukle-kampas-aukles-lele-zaidimu-kambarys\/"]}]},{"@type":"ImageObject","inLanguage":"lv-LV","@id":"https:\/\/kidsplay.lt\/produktas\/step2-aukle-kampas-aukles-lele-zaidimu-kambarys\/#primaryimage","url":"https:\/\/kidsplay.lt\/wp-content\/uploads\/2025\/10\/STEP2-Aukle-Kampas-Aukles-Lele-Zaidimu-kambarys.jpg","contentUrl":"https:\/\/kidsplay.lt\/wp-content\/uploads\/2025\/10\/STEP2-Aukle-Kampas-Aukles-Lele-Zaidimu-kambarys.jpg","width":1000,"height":1000,"caption":"STEP2 Aukl\u0117 Kampas Aukl\u0117s L\u0117l\u0117 \u017daidim\u0173 kambarys"},{"@type":"BreadcrumbList","@id":"https:\/\/kidsplay.lt\/produktas\/step2-aukle-kampas-aukles-lele-zaidimu-kambarys\/#breadcrumb","itemListElement":[{"@type":"ListItem","position":1,"name":"Pagrindinis","item":"https:\/\/kidsplay.lt\/"},{"@type":"ListItem","position":2,"name":"Parduotuv\u0117","item":"https:\/\/kidsplay.lt\/parduotuve\/"},{"@type":"ListItem","position":3,"name":"STEP2 Aukl\u0117 Kampas Aukl\u0117s L\u0117l\u0117 \u017daidim\u0173 kambarys"}]},{"@type":"WebSite","@id":"https:\/\/kidsplay.lt\/#website","url":"https:\/\/kidsplay.lt\/","name":"B\u0113rnu sp\u0113les.lv","description":"\u012evairios prek\u0117s vaikams","publisher":{"@id":"https:\/\/kidsplay.lt\/#organization"},"alternateName":"Kidsplay","potentialAction":[{"@type":"SearchAction","target":{"@type":"EntryPoint","urlTemplate":"https:\/\/kidsplay.lt\/?s={search_term_string}"},"query-input":{"@type":"PropertyValueSpecification","valueRequired":true,"valueName":"search_term_string"}}],"inLanguage":"lv-LV"},{"@type":"Organization","@id":"https:\/\/kidsplay.lt\/#organization","name":"B\u0113rnu sp\u0113le","url":"https:\/\/kidsplay.lt\/","logo":{"@type":"ImageObject","inLanguage":"lv-LV","@id":"https:\/\/kidsplay.lt\/#\/schema\/logo\/image\/","url":"https:\/\/kidsplay.lt\/wp-content\/uploads\/2023\/07\/kidsplay-logo.png","contentUrl":"https:\/\/kidsplay.lt\/wp-content\/uploads\/2023\/07\/kidsplay-logo.png","width":451,"height":98,"caption":"KidsPlay"},"image":{"@id":"https:\/\/kidsplay.lt\/#\/schema\/logo\/image\/"},"sameAs":["https:\/\/www.facebook.com\/www.kidsplay.lt"]}]}},"_links":{"self":[{"href":"https:\/\/kidsplay.lt\/lv\/wp-json\/wp\/v2\/product\/75207","targetHints":{"allow":["GET"]}}],"collection":[{"href":"https:\/\/kidsplay.lt\/lv\/wp-json\/wp\/v2\/product"}],"about":[{"href":"https:\/\/kidsplay.lt\/lv\/wp-json\/wp\/v2\/types\/product"}],"version-history":[{"count":2,"href":"https:\/\/kidsplay.lt\/lv\/wp-json\/wp\/v2\/product\/75207\/revisions"}],"predecessor-version":[{"id":75582,"href":"https:\/\/kidsplay.lt\/lv\/wp-json\/wp\/v2\/product\/75207\/revisions\/75582"}],"wp:featuredmedia":[{"embeddable":true,"href":"https:\/\/kidsplay.lt\/lv\/wp-json\/wp\/v2\/media\/75209"}],"wp:attachment":[{"href":"https:\/\/kidsplay.lt\/lv\/wp-json\/wp\/v2\/media?parent=75207"}],"wp:term":[{"taxonomy":"product_brand","embeddable":true,"href":"https:\/\/kidsplay.lt\/lv\/wp-json\/wp\/v2\/product_brand?post=75207"},{"taxonomy":"product_cat","embeddable":true,"href":"https:\/\/kidsplay.lt\/lv\/wp-json\/wp\/v2\/product_cat?post=75207"},{"taxonomy":"product_tag","embeddable":true,"href":"https:\/\/kidsplay.lt\/lv\/wp-json\/wp\/v2\/product_tag?post=75207"}],"curies":[{"name":"wp","href":"https:\/\/api.w.org\/{rel}","templated":true}]}}